{"id":619,"date":"2017-02-12T15:08:58","date_gmt":"2017-02-12T14:08:58","guid":{"rendered":"http:\/\/eschringen.de\/wordpress\/?page_id=619"},"modified":"2024-11-24T12:09:38","modified_gmt":"2024-11-24T11:09:38","slug":"27-maerz-2015-de-scherer-erwin-klaerte-in-der-alten-schule-auf","status":"publish","type":"page","link":"https:\/\/eschringen.de\/wordpress\/geschichte\/archiv\/27-maerz-2015-de-scherer-erwin-klaerte-in-der-alten-schule-auf\/","title":{"rendered":"27. M\u00e4rz 2015: De \u201eScherer Erwin\u201c kl\u00e4rte in der alten Schule auf"},"content":{"rendered":"<p><img data-recalc-dims=\"1\" loading=\"lazy\" decoding=\"async\" class=\"alignleft\" src=\"https:\/\/i0.wp.com\/eschringen.de\/wordpress\/wp-content\/uploads\/2024\/11\/Scherer1.jpg?resize=300%2C400&#038;ssl=1\" width=\"300\" height=\"400\" align=\"left\" border=\"0\" hspace=\"5\" vspace=\"5\">Der ehemalige Klassenraum war wie \u00fcblich beleuchtet bei Gemeinschaftsveranstaltungen, was dem Gesch\u00e4ftsf\u00fchrer der AG, Roland Schmitt, aber offensichtlich nicht gefiel. Weswegen er dem leider recht sp\u00e4rlich vertretenen Publikum ank\u00fcndigte, sich nunmehr Hilfe zu holen. Also verschwand er kurz nach seiner Begr\u00fc\u00dfung und kehrte mit einem Helfer im blauen Arbeitskittel zur\u00fcck. Beide trugen \u201eklassische\u201c Baustellenstrahler zur kleinen B\u00fchne, die dann flugs der Mann mit dem Hut und der dicken Brille erklomm. Aha, da(s) ist er also: de Scherer Erwin, seines Zeichens Hausmeister beim SR.<br \/>\nDer legte dann auch gleich los mit \u201eVerz\u00e4hlschers\u201c aus eigenem Erleben mit seinem ganz speziellen \u201esaarphilosophischen Blick\u201c. Da mussten Verwandte und Freunde als Stichwortgeber f\u00fcr diverse Pleiten, Pech und Pannen herhalten. Jedenfalls hatten die Anwesenden immer wieder Grund zum Schmunzeln und Lachen, wobei der Faktor \u201eSchadenfreude\u201c nicht zu kurz kam!<br \/>\n<img data-recalc-dims=\"1\" loading=\"lazy\" decoding=\"async\" class=\"alignright\" src=\"https:\/\/i0.wp.com\/eschringen.de\/wordpress\/wp-content\/uploads\/2024\/11\/Scherer2.jpg?resize=400%2C300&#038;ssl=1\" width=\"400\" height=\"300\" align=\"right\" border=\"0\" hspace=\"5\" vspace=\"5\">Nach einer Pause zum Verschnaufen und Getr\u00e4nke holen nahm der \u201eMann in blau\u201c im zweiten Teil zu mehr oder weniger aktuellen Themen Stellung, und zwar in seiner \u201eFunktion\u201c als Chef der SchEP (Scherer-Erwin-Partei). Er monierte z. B., dass in den Medien die Gr\u00f6\u00dfe des Saarlandes \u2013 ob in puncto Fl\u00e4che oder Einwohnerzahl \u2013 stets nur f\u00fcr Negativvergleiche herhalten m\u00fcsse: \u2026ein \u00d6lteppich im Atlantik \u2013 \u201edoppelt so gro\u00df wie das Saarland\u201c oder ein Waldbrand in Kanada \u2013 \u201evon der Gr\u00f6\u00dfe des Saarlands\u201c. Und nat\u00fcrlich unterst\u00fctze seine Partei \u2013 also er! \u2013 basisdemokratische Initiativen wie z. B. die Gruppierung \u201eSAARgeMuPaDei\u201c, sprich &#8222;Saarl\u00e4nner gesche Museumspavilljongs, wo zu deier sinn&#8220;.<br \/>\nKeine Frage, dass zum Abschluss eines vergn\u00fcglichen wie nachdenklichen Abends der verschmitzte Hausmeister noch einige Zugaben liefern musste. Dann verabschiedete sich der Scherer Erwin von seinem wohlgelaunten Publikum und mutierte beim geselligen Zusammensein danach zum \u201eAktueller Bericht\u201c-Moderator Joachim Weyand.<\/p>\n<p><a href=\"http:\/\/eschringen.de\/wordpress\/geschichte\/archiv\/\">zur\u00fcck zum Archiv<\/a><\/p>\n","protected":false},"excerpt":{"rendered":"<p>Der ehemalige Klassenraum war wie \u00fcblich beleuchtet bei Gemeinschaftsveranstaltungen, was dem Gesch\u00e4ftsf\u00fchrer der AG, Roland Schmitt, aber offensichtlich nicht gefiel. Weswegen er dem leider recht sp\u00e4rlich vertretenen Publikum ank\u00fcndigte, sich nunmehr Hilfe zu holen. Also verschwand er kurz nach seiner Begr\u00fc\u00dfung und kehrte mit einem Helfer im blauen Arbeitskittel zur\u00fcck. Beide trugen \u201eklassische\u201c Baustellenstrahler zur &#8230; <a title=\"27. M\u00e4rz 2015: De \u201eScherer Erwin\u201c kl\u00e4rte in der alten Schule auf\" class=\"read-more\" href=\"https:\/\/eschringen.de\/wordpress\/geschichte\/archiv\/27-maerz-2015-de-scherer-erwin-klaerte-in-der-alten-schule-auf\/\" aria-label=\"Mehr Informationen \u00fcber 27. M\u00e4rz 2015: De \u201eScherer Erwin\u201c kl\u00e4rte in der alten Schule auf\">Weiterlesen &#8230;<\/a><\/p>\n","protected":false},"author":1,"featured_media":0,"parent":403,"menu_order":6,"comment_status":"closed","ping_status":"closed","template":"","meta":{"ngg_post_thumbnail":0,"footnotes":""},"class_list":["post-619","page","type-page","status-publish"],"yoast_head":"<!-- This site is optimized with the Yoast SEO plugin v27.3 - https:\/\/yoast.com\/product\/yoast-seo-wordpress\/ -->\n<title>27. M\u00e4rz 2015: De \u201eScherer Erwin\u201c kl\u00e4rte in der alten Schule auf - Eschringen<\/title>\n<meta name=\"robots\" content=\"index, follow, max-snippet:-1, max-image-preview:large, max-video-preview:-1\" \/>\n<link rel=\"canonical\" href=\"https:\/\/eschringen.de\/wordpress\/geschichte\/archiv\/27-maerz-2015-de-scherer-erwin-klaerte-in-der-alten-schule-auf\/\" \/>\n<meta property=\"og:locale\" content=\"de_DE\" \/>\n<meta property=\"og:type\" content=\"article\" \/>\n<meta property=\"og:title\" content=\"27. M\u00e4rz 2015: De \u201eScherer Erwin\u201c kl\u00e4rte in der alten Schule auf - Eschringen\" \/>\n<meta property=\"og:description\" content=\"Der ehemalige Klassenraum war wie \u00fcblich beleuchtet bei Gemeinschaftsveranstaltungen, was dem Gesch\u00e4ftsf\u00fchrer der AG, Roland Schmitt, aber offensichtlich nicht gefiel. Weswegen er dem leider recht sp\u00e4rlich vertretenen Publikum ank\u00fcndigte, sich nunmehr Hilfe zu holen. Also verschwand er kurz nach seiner Begr\u00fc\u00dfung und kehrte mit einem Helfer im blauen Arbeitskittel zur\u00fcck. Beide trugen \u201eklassische\u201c Baustellenstrahler zur ... Weiterlesen ...\" \/>\n<meta property=\"og:url\" content=\"https:\/\/eschringen.de\/wordpress\/geschichte\/archiv\/27-maerz-2015-de-scherer-erwin-klaerte-in-der-alten-schule-auf\/\" \/>\n<meta property=\"og:site_name\" content=\"Eschringen\" \/>\n<meta property=\"article:modified_time\" content=\"2024-11-24T11:09:38+00:00\" \/>\n<meta property=\"og:image\" content=\"https:\/\/eschringen.de\/wordpress\/wp-content\/uploads\/2024\/11\/Scherer1.jpg\" \/>\n<meta name=\"twitter:card\" content=\"summary_large_image\" \/>\n<meta name=\"twitter:label1\" content=\"Gesch\u00e4tzte Lesezeit\" \/>\n\t<meta name=\"twitter:data1\" content=\"2\u00a0Minuten\" \/>\n<script type=\"application\/ld+json\" class=\"yoast-schema-graph\">{\"@context\":\"https:\\\/\\\/schema.org\",\"@graph\":[{\"@type\":\"WebPage\",\"@id\":\"https:\\\/\\\/eschringen.de\\\/wordpress\\\/geschichte\\\/archiv\\\/27-maerz-2015-de-scherer-erwin-klaerte-in-der-alten-schule-auf\\\/\",\"url\":\"https:\\\/\\\/eschringen.de\\\/wordpress\\\/geschichte\\\/archiv\\\/27-maerz-2015-de-scherer-erwin-klaerte-in-der-alten-schule-auf\\\/\",\"name\":\"27. M\u00e4rz 2015: De \u201eScherer Erwin\u201c kl\u00e4rte in der alten Schule auf - Eschringen\",\"isPartOf\":{\"@id\":\"https:\\\/\\\/eschringen.de\\\/wordpress\\\/#website\"},\"primaryImageOfPage\":{\"@id\":\"https:\\\/\\\/eschringen.de\\\/wordpress\\\/geschichte\\\/archiv\\\/27-maerz-2015-de-scherer-erwin-klaerte-in-der-alten-schule-auf\\\/#primaryimage\"},\"image\":{\"@id\":\"https:\\\/\\\/eschringen.de\\\/wordpress\\\/geschichte\\\/archiv\\\/27-maerz-2015-de-scherer-erwin-klaerte-in-der-alten-schule-auf\\\/#primaryimage\"},\"thumbnailUrl\":\"https:\\\/\\\/eschringen.de\\\/wordpress\\\/wp-content\\\/uploads\\\/2024\\\/11\\\/Scherer1.jpg\",\"datePublished\":\"2017-02-12T14:08:58+00:00\",\"dateModified\":\"2024-11-24T11:09:38+00:00\",\"breadcrumb\":{\"@id\":\"https:\\\/\\\/eschringen.de\\\/wordpress\\\/geschichte\\\/archiv\\\/27-maerz-2015-de-scherer-erwin-klaerte-in-der-alten-schule-auf\\\/#breadcrumb\"},\"inLanguage\":\"de\",\"potentialAction\":[{\"@type\":\"ReadAction\",\"target\":[\"https:\\\/\\\/eschringen.de\\\/wordpress\\\/geschichte\\\/archiv\\\/27-maerz-2015-de-scherer-erwin-klaerte-in-der-alten-schule-auf\\\/\"]}]},{\"@type\":\"ImageObject\",\"inLanguage\":\"de\",\"@id\":\"https:\\\/\\\/eschringen.de\\\/wordpress\\\/geschichte\\\/archiv\\\/27-maerz-2015-de-scherer-erwin-klaerte-in-der-alten-schule-auf\\\/#primaryimage\",\"url\":\"https:\\\/\\\/i0.wp.com\\\/eschringen.de\\\/wordpress\\\/wp-content\\\/uploads\\\/2024\\\/11\\\/Scherer1.jpg?fit=300%2C400&ssl=1\",\"contentUrl\":\"https:\\\/\\\/i0.wp.com\\\/eschringen.de\\\/wordpress\\\/wp-content\\\/uploads\\\/2024\\\/11\\\/Scherer1.jpg?fit=300%2C400&ssl=1\",\"width\":300,\"height\":400},{\"@type\":\"BreadcrumbList\",\"@id\":\"https:\\\/\\\/eschringen.de\\\/wordpress\\\/geschichte\\\/archiv\\\/27-maerz-2015-de-scherer-erwin-klaerte-in-der-alten-schule-auf\\\/#breadcrumb\",\"itemListElement\":[{\"@type\":\"ListItem\",\"position\":1,\"name\":\"Startseite\",\"item\":\"https:\\\/\\\/eschringen.de\\\/wordpress\\\/\"},{\"@type\":\"ListItem\",\"position\":2,\"name\":\"Geschichte\",\"item\":\"https:\\\/\\\/eschringen.de\\\/wordpress\\\/geschichte\\\/\"},{\"@type\":\"ListItem\",\"position\":3,\"name\":\"Archiv\",\"item\":\"https:\\\/\\\/eschringen.de\\\/wordpress\\\/geschichte\\\/archiv\\\/\"},{\"@type\":\"ListItem\",\"position\":4,\"name\":\"27. M\u00e4rz 2015: De \u201eScherer Erwin\u201c kl\u00e4rte in der alten Schule auf\"}]},{\"@type\":\"WebSite\",\"@id\":\"https:\\\/\\\/eschringen.de\\\/wordpress\\\/#website\",\"url\":\"https:\\\/\\\/eschringen.de\\\/wordpress\\\/\",\"name\":\"Eschringen\",\"description\":\"\",\"publisher\":{\"@id\":\"https:\\\/\\\/eschringen.de\\\/wordpress\\\/#organization\"},\"potentialAction\":[{\"@type\":\"SearchAction\",\"target\":{\"@type\":\"EntryPoint\",\"urlTemplate\":\"https:\\\/\\\/eschringen.de\\\/wordpress\\\/?s={search_term_string}\"},\"query-input\":{\"@type\":\"PropertyValueSpecification\",\"valueRequired\":true,\"valueName\":\"search_term_string\"}}],\"inLanguage\":\"de\"},{\"@type\":\"Organization\",\"@id\":\"https:\\\/\\\/eschringen.de\\\/wordpress\\\/#organization\",\"name\":\"Eschringen\",\"url\":\"https:\\\/\\\/eschringen.de\\\/wordpress\\\/\",\"logo\":{\"@type\":\"ImageObject\",\"inLanguage\":\"de\",\"@id\":\"https:\\\/\\\/eschringen.de\\\/wordpress\\\/#\\\/schema\\\/logo\\\/image\\\/\",\"url\":\"https:\\\/\\\/eschringen.de\\\/wordpress\\\/wp-content\\\/uploads\\\/2017\\\/03\\\/2017_kw15.jpg\",\"contentUrl\":\"https:\\\/\\\/eschringen.de\\\/wordpress\\\/wp-content\\\/uploads\\\/2017\\\/03\\\/2017_kw15.jpg\",\"width\":784,\"height\":447,\"caption\":\"Eschringen\"},\"image\":{\"@id\":\"https:\\\/\\\/eschringen.de\\\/wordpress\\\/#\\\/schema\\\/logo\\\/image\\\/\"}}]}<\/script>\n<!-- \/ Yoast SEO plugin. -->","yoast_head_json":{"title":"27. M\u00e4rz 2015: De \u201eScherer Erwin\u201c kl\u00e4rte in der alten Schule auf - Eschringen","robots":{"index":"index","follow":"follow","max-snippet":"max-snippet:-1","max-image-preview":"max-image-preview:large","max-video-preview":"max-video-preview:-1"},"canonical":"https:\/\/eschringen.de\/wordpress\/geschichte\/archiv\/27-maerz-2015-de-scherer-erwin-klaerte-in-der-alten-schule-auf\/","og_locale":"de_DE","og_type":"article","og_title":"27. M\u00e4rz 2015: De \u201eScherer Erwin\u201c kl\u00e4rte in der alten Schule auf - Eschringen","og_description":"Der ehemalige Klassenraum war wie \u00fcblich beleuchtet bei Gemeinschaftsveranstaltungen, was dem Gesch\u00e4ftsf\u00fchrer der AG, Roland Schmitt, aber offensichtlich nicht gefiel. Weswegen er dem leider recht sp\u00e4rlich vertretenen Publikum ank\u00fcndigte, sich nunmehr Hilfe zu holen. Also verschwand er kurz nach seiner Begr\u00fc\u00dfung und kehrte mit einem Helfer im blauen Arbeitskittel zur\u00fcck. Beide trugen \u201eklassische\u201c Baustellenstrahler zur ... Weiterlesen ...","og_url":"https:\/\/eschringen.de\/wordpress\/geschichte\/archiv\/27-maerz-2015-de-scherer-erwin-klaerte-in-der-alten-schule-auf\/","og_site_name":"Eschringen","article_modified_time":"2024-11-24T11:09:38+00:00","og_image":[{"url":"https:\/\/eschringen.de\/wordpress\/wp-content\/uploads\/2024\/11\/Scherer1.jpg","type":"","width":"","height":""}],"twitter_card":"summary_large_image","twitter_misc":{"Gesch\u00e4tzte Lesezeit":"2\u00a0Minuten"},"schema":{"@context":"https:\/\/schema.org","@graph":[{"@type":"WebPage","@id":"https:\/\/eschringen.de\/wordpress\/geschichte\/archiv\/27-maerz-2015-de-scherer-erwin-klaerte-in-der-alten-schule-auf\/","url":"https:\/\/eschringen.de\/wordpress\/geschichte\/archiv\/27-maerz-2015-de-scherer-erwin-klaerte-in-der-alten-schule-auf\/","name":"27. M\u00e4rz 2015: De \u201eScherer Erwin\u201c kl\u00e4rte in der alten Schule auf - Eschringen","isPartOf":{"@id":"https:\/\/eschringen.de\/wordpress\/#website"},"primaryImageOfPage":{"@id":"https:\/\/eschringen.de\/wordpress\/geschichte\/archiv\/27-maerz-2015-de-scherer-erwin-klaerte-in-der-alten-schule-auf\/#primaryimage"},"image":{"@id":"https:\/\/eschringen.de\/wordpress\/geschichte\/archiv\/27-maerz-2015-de-scherer-erwin-klaerte-in-der-alten-schule-auf\/#primaryimage"},"thumbnailUrl":"https:\/\/eschringen.de\/wordpress\/wp-content\/uploads\/2024\/11\/Scherer1.jpg","datePublished":"2017-02-12T14:08:58+00:00","dateModified":"2024-11-24T11:09:38+00:00","breadcrumb":{"@id":"https:\/\/eschringen.de\/wordpress\/geschichte\/archiv\/27-maerz-2015-de-scherer-erwin-klaerte-in-der-alten-schule-auf\/#breadcrumb"},"inLanguage":"de","potentialAction":[{"@type":"ReadAction","target":["https:\/\/eschringen.de\/wordpress\/geschichte\/archiv\/27-maerz-2015-de-scherer-erwin-klaerte-in-der-alten-schule-auf\/"]}]},{"@type":"ImageObject","inLanguage":"de","@id":"https:\/\/eschringen.de\/wordpress\/geschichte\/archiv\/27-maerz-2015-de-scherer-erwin-klaerte-in-der-alten-schule-auf\/#primaryimage","url":"https:\/\/i0.wp.com\/eschringen.de\/wordpress\/wp-content\/uploads\/2024\/11\/Scherer1.jpg?fit=300%2C400&ssl=1","contentUrl":"https:\/\/i0.wp.com\/eschringen.de\/wordpress\/wp-content\/uploads\/2024\/11\/Scherer1.jpg?fit=300%2C400&ssl=1","width":300,"height":400},{"@type":"BreadcrumbList","@id":"https:\/\/eschringen.de\/wordpress\/geschichte\/archiv\/27-maerz-2015-de-scherer-erwin-klaerte-in-der-alten-schule-auf\/#breadcrumb","itemListElement":[{"@type":"ListItem","position":1,"name":"Startseite","item":"https:\/\/eschringen.de\/wordpress\/"},{"@type":"ListItem","position":2,"name":"Geschichte","item":"https:\/\/eschringen.de\/wordpress\/geschichte\/"},{"@type":"ListItem","position":3,"name":"Archiv","item":"https:\/\/eschringen.de\/wordpress\/geschichte\/archiv\/"},{"@type":"ListItem","position":4,"name":"27. M\u00e4rz 2015: De \u201eScherer Erwin\u201c kl\u00e4rte in der alten Schule auf"}]},{"@type":"WebSite","@id":"https:\/\/eschringen.de\/wordpress\/#website","url":"https:\/\/eschringen.de\/wordpress\/","name":"Eschringen","description":"","publisher":{"@id":"https:\/\/eschringen.de\/wordpress\/#organization"},"potentialAction":[{"@type":"SearchAction","target":{"@type":"EntryPoint","urlTemplate":"https:\/\/eschringen.de\/wordpress\/?s={search_term_string}"},"query-input":{"@type":"PropertyValueSpecification","valueRequired":true,"valueName":"search_term_string"}}],"inLanguage":"de"},{"@type":"Organization","@id":"https:\/\/eschringen.de\/wordpress\/#organization","name":"Eschringen","url":"https:\/\/eschringen.de\/wordpress\/","logo":{"@type":"ImageObject","inLanguage":"de","@id":"https:\/\/eschringen.de\/wordpress\/#\/schema\/logo\/image\/","url":"https:\/\/eschringen.de\/wordpress\/wp-content\/uploads\/2017\/03\/2017_kw15.jpg","contentUrl":"https:\/\/eschringen.de\/wordpress\/wp-content\/uploads\/2017\/03\/2017_kw15.jpg","width":784,"height":447,"caption":"Eschringen"},"image":{"@id":"https:\/\/eschringen.de\/wordpress\/#\/schema\/logo\/image\/"}}]}},"jetpack_sharing_enabled":true,"_links":{"self":[{"href":"https:\/\/eschringen.de\/wordpress\/wp-json\/wp\/v2\/pages\/619","targetHints":{"allow":["GET"]}}],"collection":[{"href":"https:\/\/eschringen.de\/wordpress\/wp-json\/wp\/v2\/pages"}],"about":[{"href":"https:\/\/eschringen.de\/wordpress\/wp-json\/wp\/v2\/types\/page"}],"author":[{"embeddable":true,"href":"https:\/\/eschringen.de\/wordpress\/wp-json\/wp\/v2\/users\/1"}],"replies":[{"embeddable":true,"href":"https:\/\/eschringen.de\/wordpress\/wp-json\/wp\/v2\/comments?post=619"}],"version-history":[{"count":2,"href":"https:\/\/eschringen.de\/wordpress\/wp-json\/wp\/v2\/pages\/619\/revisions"}],"predecessor-version":[{"id":4719,"href":"https:\/\/eschringen.de\/wordpress\/wp-json\/wp\/v2\/pages\/619\/revisions\/4719"}],"up":[{"embeddable":true,"href":"https:\/\/eschringen.de\/wordpress\/wp-json\/wp\/v2\/pages\/403"}],"wp:attachment":[{"href":"https:\/\/eschringen.de\/wordpress\/wp-json\/wp\/v2\/media?parent=619"}],"curies":[{"name":"wp","href":"https:\/\/api.w.org\/{rel}","templated":true}]}}