{"id":616,"date":"2017-02-12T15:06:42","date_gmt":"2017-02-12T14:06:42","guid":{"rendered":"http:\/\/eschringen.de\/wordpress\/?page_id=616"},"modified":"2024-11-24T12:07:16","modified_gmt":"2024-11-24T11:07:16","slug":"4-9-2016-wir-lassen-uns-die-gute-laune-nicht-vermiesen","status":"publish","type":"page","link":"https:\/\/eschringen.de\/wordpress\/geschichte\/archiv\/4-9-2016-wir-lassen-uns-die-gute-laune-nicht-vermiesen\/","title":{"rendered":"4.9.2016: \u201eWir lassen uns die gute Laune nicht vermiesen!\u201c"},"content":{"rendered":"<h5>Gelungenes 5. Dorfgemeinschaftsfest trotz regnerischen Auftakts<\/h5>\n<p><img data-recalc-dims=\"1\" loading=\"lazy\" decoding=\"async\" class=\"alignright\" src=\"https:\/\/i0.wp.com\/eschringen.de\/wordpress\/wp-content\/uploads\/2024\/11\/DGF2016_1.jpg?resize=500%2C296&#038;ssl=1\" width=\"500\" height=\"296\" align=\"right\" border=\"0\" hspace=\"10\">Anfang September fand zum 5. Male auf dem h\u00fcbschen und zentral gelegenen Festplatz im Pfaffeneck ein Dorfgemeinschaftsfest statt, zu dem die AG Eschringer Vereine e. V. eingeladen hatte. Noch am Vortag strahlte die Sonne, und die zahlreichen Helfer der Ortsvereine bauten Zelte und St\u00e4nde in guter Laune und mit Tatkraft auf. Gleichwohl verhie\u00df der Wetterbericht f\u00fcr den Sonntag dann \u201edurchwachsenes\u201c, also wolkenverhangenes und regnerisches Wetter voraus.<\/p>\n<p>Und in der Tat lagen die \u201eWetterfr\u00f6sche\u201c ziemlich richtig: Bei der Fortsetzung des Aufbaus und den Vorbereitungen f\u00fcr die Essens- und Getr\u00e4nkest\u00e4nde fielen bereits die ersten Tropfen, und \u00fcber den Vormittag hin wurde der Regen dichter. Um 11:30 Uhr dann begr\u00fc\u00dfte AG-Vorsitzender Arno Schmitt die Aktiven und die eher \u00fcberschaubare Anzahl an G\u00e4sten, die \u201egrad\u2018 sel\u00e4\u00e4ds\u201c sich vom Sauwetter nicht aus der Ruhe bringen lie\u00dfen. A. Schmitt stellte des Weiteren Yasmina Schmitt vor, Ur-Eschringerin und ihres Zeichens als Stimmlehrerin in Frankfurt\/M. t\u00e4tig, die als Moderatorin durch das Festtagsgeschehen f\u00fchrte. Sie gab dann sogleich quasi den Taktstock an Matthias Weisenauer weiter, der beim MV \u201eLyra\u201c den verhinderten Dirigenten J\u00fcrgen Nisius vertrag. Wie gewohnt brillierte der Musikverein mit Blasmusik vom Feinsten, darunter nicht nur schmissige M\u00e4rsche und Walzer, sondern auch Bearbeitungen aus dem Spektrum popul\u00e4rer Musik (u. a. Udo-J\u00fcrgens-Medley) sowie von echten (!) Volksliedern (\u201eWenn alle Br\u00fcnnlein flie\u00dfen\u201c).<\/p>\n<p><img data-recalc-dims=\"1\" loading=\"lazy\" decoding=\"async\" class=\"alignleft\" src=\"https:\/\/i0.wp.com\/eschringen.de\/wordpress\/wp-content\/uploads\/2024\/11\/DFG2016_2.jpg?resize=500%2C288&#038;ssl=1\" width=\"500\" height=\"288\" align=\"left\" border=\"0\" hspace=\"10\">Die Koch-Truppe des NABU-OV Eschringen-Ensheim konnte rechtzeitig zur Mittagszeit zu Tisch rufen \u2013 mit Gef\u00fcllte und Sauerkraut sowie Rollbraten und Kartoffelsalat. Zuvor schon hatte der Rostwurststand des CDU-OV die ersten W\u00fcrste auf dem Grill parat. Nicht zu vergessen: Blitzblankes Geschirr stellte die TuS-Sp\u00fcl-Truppe rund um die Uhr bereit.<\/p>\n<p>F\u00fcr die breite Palette an Getr\u00e4nken sorgten die Freiwillige Feuerwehr am Bier- und Softdrink-Stand und der h\u00fcbsch dekorierte Weinstand des VdK. Auf den \u201eangedachten\u201c Ansturm zur Kaffee- und Kuchen-Zeit hatten sich bereits die Frauen der KFD und des Kirchenchors pr\u00e4pariert. Wetterbedingt hielt sich der Essensverzehr leider in Grenzen; erst am sp\u00e4ten Nachmittag konnte dann der FC Bayern-Fanclub mit seinen Flammkuchen wieder \u201edurchstarten\u201c \u2013 die \u201eFlammes\u201c ging weg \u201ewie geschnitten Brot\u201c. Dazu hatte ma\u00dfgeblich die Wetterberuhigung beigetragen.<\/p>\n<p><img data-recalc-dims=\"1\" loading=\"lazy\" decoding=\"async\" class=\"alignright\" src=\"https:\/\/i0.wp.com\/eschringen.de\/wordpress\/wp-content\/uploads\/2024\/11\/DFG2016_3.jpg?resize=500%2C318&#038;ssl=1\" width=\"500\" height=\"318\" align=\"right\" border=\"0\" hspace=\"10\">Insgesamt stieg die Stimmung am Nachmittag wieder an, als Gitarrist Franz Raab \u2013 fr\u00fcher als vorgesehen \u2013 mit melodischer Saitenmusik aus Spanien den Sommer \u201eherbeispielte\u201c. Dann traf auch sein Kompagnon Wolfgang Wehner ein, vor allem bekannt als Geigenvirtuose bei SAARBR\u00dcCK LIBRE. Der sorgte auch gleich f\u00fcr gute Laune, t\u00e4nzelte mit seiner Violine zwischen den Tischen herum. Die beiden Spitzenmusiker kannten keine stilistischen Grenzen, mal war es fetzig mit osteurop\u00e4ischen oder auch irischen Tanzst\u00fccken, mal etwas gediegener, aber eben immer \u201eerste Sahne\u201c dank zahlreicher, perfekt und leidenschaftlicher vorgetragener Ohrw\u00fcrmer. Raab stellte dann vorab seine neue CD-Single, \u201eYe Jacobites By Name\u201c, vor &#8211; ein traditionelles schottisches Volkslied, beim dem auch AG-Gesch\u00e4ftsf\u00fchrer Roland Schmitt spontan die zweite Stimme \u00fcbernahm. Eigentlich hatte Schmitt seinen Dienst am Stand der Geschichtswerkstatt, wo neben den diversen Publikationen auch die Fragenbl\u00e4tter zu einem Quiz \u201eWie gut kenne ich Eschringen?\u201c auslagen.<\/p>\n<p><img data-recalc-dims=\"1\" loading=\"lazy\" decoding=\"async\" class=\"alignleft\" src=\"https:\/\/i0.wp.com\/eschringen.de\/wordpress\/wp-content\/uploads\/2024\/11\/DGF2016B.jpg?resize=500%2C375&#038;ssl=1\" width=\"500\" height=\"375\" align=\"left\" border=\"0\" hspace=\"10\">Ein letztlich sich doch noch zum Guten wendendes Dorfgemeinschaftsfest neigte sich dem Ende entgegen. Das Duo Wehner\/Raab hatte das Publikum in seinen Bann gezogen. Nach zwei exquisiten Zusagen gab Franz Raab dann zur \u00dcberraschung aller noch etwas \u201eSpezielles\u201c zum Besten: seine b\u00e4renstarke Version von RAMMSTEINs \u201eEngel\u201c-Hammer! Der Festplatz schien komplett \u201eabzuheben\u201c.<\/p>\n<p>Zum Ausklang dankten Yasmina Schmitt und Arno Schmitt allen Helferinnen und Helfern f\u00fcr ihren tollen Einsatz \u2013 trotz widriger Umst\u00e4nde. Ein 6. Dorfgemeinschaftsfest 2018 sollte eigentlich \u201egesetzt\u201c sein!<\/p>\n<p><a href=\"http:\/\/eschringen.de\/wordpress\/geschichte\/archiv\/\">zur\u00fcck zum Archiv<\/a><\/p>\n<p>&nbsp;<br \/>\n&nbsp;<br \/>\n&nbsp;<br \/>\n&nbsp;<\/p>\n","protected":false},"excerpt":{"rendered":"<p>Gelungenes 5. Dorfgemeinschaftsfest trotz regnerischen Auftakts Anfang September fand zum 5. Male auf dem h\u00fcbschen und zentral gelegenen Festplatz im Pfaffeneck ein Dorfgemeinschaftsfest statt, zu dem die AG Eschringer Vereine e. V. eingeladen hatte. Noch am Vortag strahlte die Sonne, und die zahlreichen Helfer der Ortsvereine bauten Zelte und St\u00e4nde in guter Laune und mit &#8230; <a title=\"4.9.2016: \u201eWir lassen uns die gute Laune nicht vermiesen!\u201c\" class=\"read-more\" href=\"https:\/\/eschringen.de\/wordpress\/geschichte\/archiv\/4-9-2016-wir-lassen-uns-die-gute-laune-nicht-vermiesen\/\" aria-label=\"Mehr Informationen \u00fcber 4.9.2016: \u201eWir lassen uns die gute Laune nicht vermiesen!\u201c\">Weiterlesen &#8230;<\/a><\/p>\n","protected":false},"author":1,"featured_media":0,"parent":403,"menu_order":4,"comment_status":"closed","ping_status":"closed","template":"","meta":{"ngg_post_thumbnail":0,"footnotes":""},"class_list":["post-616","page","type-page","status-publish"],"yoast_head":"<!-- This site is optimized with the Yoast SEO plugin v27.3 - https:\/\/yoast.com\/product\/yoast-seo-wordpress\/ -->\n<title>4.9.2016: \u201eWir lassen uns die gute Laune nicht vermiesen!\u201c - Eschringen<\/title>\n<meta name=\"robots\" content=\"index, follow, max-snippet:-1, max-image-preview:large, max-video-preview:-1\" \/>\n<link rel=\"canonical\" href=\"https:\/\/eschringen.de\/wordpress\/geschichte\/archiv\/4-9-2016-wir-lassen-uns-die-gute-laune-nicht-vermiesen\/\" \/>\n<meta property=\"og:locale\" content=\"de_DE\" \/>\n<meta property=\"og:type\" content=\"article\" \/>\n<meta property=\"og:title\" content=\"4.9.2016: \u201eWir lassen uns die gute Laune nicht vermiesen!\u201c - Eschringen\" \/>\n<meta property=\"og:description\" content=\"Gelungenes 5. Dorfgemeinschaftsfest trotz regnerischen Auftakts Anfang September fand zum 5. Male auf dem h\u00fcbschen und zentral gelegenen Festplatz im Pfaffeneck ein Dorfgemeinschaftsfest statt, zu dem die AG Eschringer Vereine e. V. eingeladen hatte. Noch am Vortag strahlte die Sonne, und die zahlreichen Helfer der Ortsvereine bauten Zelte und St\u00e4nde in guter Laune und mit ... Weiterlesen ...\" \/>\n<meta property=\"og:url\" content=\"https:\/\/eschringen.de\/wordpress\/geschichte\/archiv\/4-9-2016-wir-lassen-uns-die-gute-laune-nicht-vermiesen\/\" \/>\n<meta property=\"og:site_name\" content=\"Eschringen\" \/>\n<meta property=\"article:modified_time\" content=\"2024-11-24T11:07:16+00:00\" \/>\n<meta property=\"og:image\" content=\"https:\/\/eschringen.de\/wordpress\/wp-content\/uploads\/2024\/11\/DGF2016_1.jpg\" \/>\n<meta name=\"twitter:card\" content=\"summary_large_image\" \/>\n<meta name=\"twitter:label1\" content=\"Gesch\u00e4tzte Lesezeit\" \/>\n\t<meta name=\"twitter:data1\" content=\"4\u00a0Minuten\" \/>\n<script type=\"application\/ld+json\" class=\"yoast-schema-graph\">{\"@context\":\"https:\\\/\\\/schema.org\",\"@graph\":[{\"@type\":\"WebPage\",\"@id\":\"https:\\\/\\\/eschringen.de\\\/wordpress\\\/geschichte\\\/archiv\\\/4-9-2016-wir-lassen-uns-die-gute-laune-nicht-vermiesen\\\/\",\"url\":\"https:\\\/\\\/eschringen.de\\\/wordpress\\\/geschichte\\\/archiv\\\/4-9-2016-wir-lassen-uns-die-gute-laune-nicht-vermiesen\\\/\",\"name\":\"4.9.2016: \u201eWir lassen uns die gute Laune nicht vermiesen!\u201c - Eschringen\",\"isPartOf\":{\"@id\":\"https:\\\/\\\/eschringen.de\\\/wordpress\\\/#website\"},\"primaryImageOfPage\":{\"@id\":\"https:\\\/\\\/eschringen.de\\\/wordpress\\\/geschichte\\\/archiv\\\/4-9-2016-wir-lassen-uns-die-gute-laune-nicht-vermiesen\\\/#primaryimage\"},\"image\":{\"@id\":\"https:\\\/\\\/eschringen.de\\\/wordpress\\\/geschichte\\\/archiv\\\/4-9-2016-wir-lassen-uns-die-gute-laune-nicht-vermiesen\\\/#primaryimage\"},\"thumbnailUrl\":\"https:\\\/\\\/eschringen.de\\\/wordpress\\\/wp-content\\\/uploads\\\/2024\\\/11\\\/DGF2016_1.jpg\",\"datePublished\":\"2017-02-12T14:06:42+00:00\",\"dateModified\":\"2024-11-24T11:07:16+00:00\",\"breadcrumb\":{\"@id\":\"https:\\\/\\\/eschringen.de\\\/wordpress\\\/geschichte\\\/archiv\\\/4-9-2016-wir-lassen-uns-die-gute-laune-nicht-vermiesen\\\/#breadcrumb\"},\"inLanguage\":\"de\",\"potentialAction\":[{\"@type\":\"ReadAction\",\"target\":[\"https:\\\/\\\/eschringen.de\\\/wordpress\\\/geschichte\\\/archiv\\\/4-9-2016-wir-lassen-uns-die-gute-laune-nicht-vermiesen\\\/\"]}]},{\"@type\":\"ImageObject\",\"inLanguage\":\"de\",\"@id\":\"https:\\\/\\\/eschringen.de\\\/wordpress\\\/geschichte\\\/archiv\\\/4-9-2016-wir-lassen-uns-die-gute-laune-nicht-vermiesen\\\/#primaryimage\",\"url\":\"https:\\\/\\\/i0.wp.com\\\/eschringen.de\\\/wordpress\\\/wp-content\\\/uploads\\\/2024\\\/11\\\/DGF2016_1.jpg?fit=500%2C296&ssl=1\",\"contentUrl\":\"https:\\\/\\\/i0.wp.com\\\/eschringen.de\\\/wordpress\\\/wp-content\\\/uploads\\\/2024\\\/11\\\/DGF2016_1.jpg?fit=500%2C296&ssl=1\",\"width\":500,\"height\":296},{\"@type\":\"BreadcrumbList\",\"@id\":\"https:\\\/\\\/eschringen.de\\\/wordpress\\\/geschichte\\\/archiv\\\/4-9-2016-wir-lassen-uns-die-gute-laune-nicht-vermiesen\\\/#breadcrumb\",\"itemListElement\":[{\"@type\":\"ListItem\",\"position\":1,\"name\":\"Startseite\",\"item\":\"https:\\\/\\\/eschringen.de\\\/wordpress\\\/\"},{\"@type\":\"ListItem\",\"position\":2,\"name\":\"Geschichte\",\"item\":\"https:\\\/\\\/eschringen.de\\\/wordpress\\\/geschichte\\\/\"},{\"@type\":\"ListItem\",\"position\":3,\"name\":\"Archiv\",\"item\":\"https:\\\/\\\/eschringen.de\\\/wordpress\\\/geschichte\\\/archiv\\\/\"},{\"@type\":\"ListItem\",\"position\":4,\"name\":\"4.9.2016: \u201eWir lassen uns die gute Laune nicht vermiesen!\u201c\"}]},{\"@type\":\"WebSite\",\"@id\":\"https:\\\/\\\/eschringen.de\\\/wordpress\\\/#website\",\"url\":\"https:\\\/\\\/eschringen.de\\\/wordpress\\\/\",\"name\":\"Eschringen\",\"description\":\"\",\"publisher\":{\"@id\":\"https:\\\/\\\/eschringen.de\\\/wordpress\\\/#organization\"},\"potentialAction\":[{\"@type\":\"SearchAction\",\"target\":{\"@type\":\"EntryPoint\",\"urlTemplate\":\"https:\\\/\\\/eschringen.de\\\/wordpress\\\/?s={search_term_string}\"},\"query-input\":{\"@type\":\"PropertyValueSpecification\",\"valueRequired\":true,\"valueName\":\"search_term_string\"}}],\"inLanguage\":\"de\"},{\"@type\":\"Organization\",\"@id\":\"https:\\\/\\\/eschringen.de\\\/wordpress\\\/#organization\",\"name\":\"Eschringen\",\"url\":\"https:\\\/\\\/eschringen.de\\\/wordpress\\\/\",\"logo\":{\"@type\":\"ImageObject\",\"inLanguage\":\"de\",\"@id\":\"https:\\\/\\\/eschringen.de\\\/wordpress\\\/#\\\/schema\\\/logo\\\/image\\\/\",\"url\":\"https:\\\/\\\/eschringen.de\\\/wordpress\\\/wp-content\\\/uploads\\\/2017\\\/03\\\/2017_kw15.jpg\",\"contentUrl\":\"https:\\\/\\\/eschringen.de\\\/wordpress\\\/wp-content\\\/uploads\\\/2017\\\/03\\\/2017_kw15.jpg\",\"width\":784,\"height\":447,\"caption\":\"Eschringen\"},\"image\":{\"@id\":\"https:\\\/\\\/eschringen.de\\\/wordpress\\\/#\\\/schema\\\/logo\\\/image\\\/\"}}]}<\/script>\n<!-- \/ Yoast SEO plugin. -->","yoast_head_json":{"title":"4.9.2016: \u201eWir lassen uns die gute Laune nicht vermiesen!\u201c - Eschringen","robots":{"index":"index","follow":"follow","max-snippet":"max-snippet:-1","max-image-preview":"max-image-preview:large","max-video-preview":"max-video-preview:-1"},"canonical":"https:\/\/eschringen.de\/wordpress\/geschichte\/archiv\/4-9-2016-wir-lassen-uns-die-gute-laune-nicht-vermiesen\/","og_locale":"de_DE","og_type":"article","og_title":"4.9.2016: \u201eWir lassen uns die gute Laune nicht vermiesen!\u201c - Eschringen","og_description":"Gelungenes 5. Dorfgemeinschaftsfest trotz regnerischen Auftakts Anfang September fand zum 5. Male auf dem h\u00fcbschen und zentral gelegenen Festplatz im Pfaffeneck ein Dorfgemeinschaftsfest statt, zu dem die AG Eschringer Vereine e. V. eingeladen hatte. Noch am Vortag strahlte die Sonne, und die zahlreichen Helfer der Ortsvereine bauten Zelte und St\u00e4nde in guter Laune und mit ... Weiterlesen ...","og_url":"https:\/\/eschringen.de\/wordpress\/geschichte\/archiv\/4-9-2016-wir-lassen-uns-die-gute-laune-nicht-vermiesen\/","og_site_name":"Eschringen","article_modified_time":"2024-11-24T11:07:16+00:00","og_image":[{"url":"https:\/\/eschringen.de\/wordpress\/wp-content\/uploads\/2024\/11\/DGF2016_1.jpg","type":"","width":"","height":""}],"twitter_card":"summary_large_image","twitter_misc":{"Gesch\u00e4tzte Lesezeit":"4\u00a0Minuten"},"schema":{"@context":"https:\/\/schema.org","@graph":[{"@type":"WebPage","@id":"https:\/\/eschringen.de\/wordpress\/geschichte\/archiv\/4-9-2016-wir-lassen-uns-die-gute-laune-nicht-vermiesen\/","url":"https:\/\/eschringen.de\/wordpress\/geschichte\/archiv\/4-9-2016-wir-lassen-uns-die-gute-laune-nicht-vermiesen\/","name":"4.9.2016: \u201eWir lassen uns die gute Laune nicht vermiesen!\u201c - Eschringen","isPartOf":{"@id":"https:\/\/eschringen.de\/wordpress\/#website"},"primaryImageOfPage":{"@id":"https:\/\/eschringen.de\/wordpress\/geschichte\/archiv\/4-9-2016-wir-lassen-uns-die-gute-laune-nicht-vermiesen\/#primaryimage"},"image":{"@id":"https:\/\/eschringen.de\/wordpress\/geschichte\/archiv\/4-9-2016-wir-lassen-uns-die-gute-laune-nicht-vermiesen\/#primaryimage"},"thumbnailUrl":"https:\/\/eschringen.de\/wordpress\/wp-content\/uploads\/2024\/11\/DGF2016_1.jpg","datePublished":"2017-02-12T14:06:42+00:00","dateModified":"2024-11-24T11:07:16+00:00","breadcrumb":{"@id":"https:\/\/eschringen.de\/wordpress\/geschichte\/archiv\/4-9-2016-wir-lassen-uns-die-gute-laune-nicht-vermiesen\/#breadcrumb"},"inLanguage":"de","potentialAction":[{"@type":"ReadAction","target":["https:\/\/eschringen.de\/wordpress\/geschichte\/archiv\/4-9-2016-wir-lassen-uns-die-gute-laune-nicht-vermiesen\/"]}]},{"@type":"ImageObject","inLanguage":"de","@id":"https:\/\/eschringen.de\/wordpress\/geschichte\/archiv\/4-9-2016-wir-lassen-uns-die-gute-laune-nicht-vermiesen\/#primaryimage","url":"https:\/\/i0.wp.com\/eschringen.de\/wordpress\/wp-content\/uploads\/2024\/11\/DGF2016_1.jpg?fit=500%2C296&ssl=1","contentUrl":"https:\/\/i0.wp.com\/eschringen.de\/wordpress\/wp-content\/uploads\/2024\/11\/DGF2016_1.jpg?fit=500%2C296&ssl=1","width":500,"height":296},{"@type":"BreadcrumbList","@id":"https:\/\/eschringen.de\/wordpress\/geschichte\/archiv\/4-9-2016-wir-lassen-uns-die-gute-laune-nicht-vermiesen\/#breadcrumb","itemListElement":[{"@type":"ListItem","position":1,"name":"Startseite","item":"https:\/\/eschringen.de\/wordpress\/"},{"@type":"ListItem","position":2,"name":"Geschichte","item":"https:\/\/eschringen.de\/wordpress\/geschichte\/"},{"@type":"ListItem","position":3,"name":"Archiv","item":"https:\/\/eschringen.de\/wordpress\/geschichte\/archiv\/"},{"@type":"ListItem","position":4,"name":"4.9.2016: \u201eWir lassen uns die gute Laune nicht vermiesen!\u201c"}]},{"@type":"WebSite","@id":"https:\/\/eschringen.de\/wordpress\/#website","url":"https:\/\/eschringen.de\/wordpress\/","name":"Eschringen","description":"","publisher":{"@id":"https:\/\/eschringen.de\/wordpress\/#organization"},"potentialAction":[{"@type":"SearchAction","target":{"@type":"EntryPoint","urlTemplate":"https:\/\/eschringen.de\/wordpress\/?s={search_term_string}"},"query-input":{"@type":"PropertyValueSpecification","valueRequired":true,"valueName":"search_term_string"}}],"inLanguage":"de"},{"@type":"Organization","@id":"https:\/\/eschringen.de\/wordpress\/#organization","name":"Eschringen","url":"https:\/\/eschringen.de\/wordpress\/","logo":{"@type":"ImageObject","inLanguage":"de","@id":"https:\/\/eschringen.de\/wordpress\/#\/schema\/logo\/image\/","url":"https:\/\/eschringen.de\/wordpress\/wp-content\/uploads\/2017\/03\/2017_kw15.jpg","contentUrl":"https:\/\/eschringen.de\/wordpress\/wp-content\/uploads\/2017\/03\/2017_kw15.jpg","width":784,"height":447,"caption":"Eschringen"},"image":{"@id":"https:\/\/eschringen.de\/wordpress\/#\/schema\/logo\/image\/"}}]}},"jetpack_sharing_enabled":true,"_links":{"self":[{"href":"https:\/\/eschringen.de\/wordpress\/wp-json\/wp\/v2\/pages\/616","targetHints":{"allow":["GET"]}}],"collection":[{"href":"https:\/\/eschringen.de\/wordpress\/wp-json\/wp\/v2\/pages"}],"about":[{"href":"https:\/\/eschringen.de\/wordpress\/wp-json\/wp\/v2\/types\/page"}],"author":[{"embeddable":true,"href":"https:\/\/eschringen.de\/wordpress\/wp-json\/wp\/v2\/users\/1"}],"replies":[{"embeddable":true,"href":"https:\/\/eschringen.de\/wordpress\/wp-json\/wp\/v2\/comments?post=616"}],"version-history":[{"count":2,"href":"https:\/\/eschringen.de\/wordpress\/wp-json\/wp\/v2\/pages\/616\/revisions"}],"predecessor-version":[{"id":4715,"href":"https:\/\/eschringen.de\/wordpress\/wp-json\/wp\/v2\/pages\/616\/revisions\/4715"}],"up":[{"embeddable":true,"href":"https:\/\/eschringen.de\/wordpress\/wp-json\/wp\/v2\/pages\/403"}],"wp:attachment":[{"href":"https:\/\/eschringen.de\/wordpress\/wp-json\/wp\/v2\/media?parent=616"}],"curies":[{"name":"wp","href":"https:\/\/api.w.org\/{rel}","templated":true}]}}