{"id":614,"date":"2017-02-12T15:03:51","date_gmt":"2017-02-12T14:03:51","guid":{"rendered":"http:\/\/eschringen.de\/wordpress\/?page_id=614"},"modified":"2024-11-24T12:03:59","modified_gmt":"2024-11-24T11:03:59","slug":"23-10-2016-my-darling-clementine-entspannte-stimmung-mit-country-perlen","status":"publish","type":"page","link":"https:\/\/eschringen.de\/wordpress\/geschichte\/archiv\/23-10-2016-my-darling-clementine-entspannte-stimmung-mit-country-perlen\/","title":{"rendered":"23.10.2016:  My Darling Clementine: Entspannte Stimmung mit Country-Perlen"},"content":{"rendered":"<p><img data-recalc-dims=\"1\" loading=\"lazy\" decoding=\"async\" class=\"alignright\" src=\"https:\/\/i0.wp.com\/eschringen.de\/wordpress\/wp-content\/uploads\/2024\/11\/MDCEschringen2016B.jpg?resize=500%2C282&#038;ssl=1\" width=\"500\" height=\"282\" align=\"right\" border=\"0\" hspace=\"5\" vspace=\"5\">Endlich mal wieder ein Konzert, bei dem \u2013 wenn auch etwas sparsam \u2013 der \u201eUdo-Fl\u00fcgel\u201c zum Einsatz kam. Ein guter alter Bekannter, der inzwischen In Birmingham ans\u00e4ssige Singer\/Songwriter Michael Weston King, machte seinen Tourauftakt in Eschringen, und zwar mit Ehefrau Lou Dalgleish an seiner Seite. Zusammen firmieren sie als Country-Duo MY DARLING CLEMENTINE, treten in gr\u00f6\u00dferen \u201elocations\u201c zus\u00e4tzlich mit einer \u201erhythm section\u201c, also Schlagzeug und Bass, auf.<\/p>\n<p>Den daf\u00fcr n\u00f6tigen Platz konnte AG-Gesch\u00e4ftsf\u00fchrer Roland Schmitt im Dorfgemeinschaftshaus leider nicht bieten; daf\u00fcr aber im 1. Stock eben besagten, inzwischen \u201egraumelierten\u201c Fl\u00fcgel. Lou Dalgleish, solo ebenfalls als Singer\/Songwriterin unterwegs, insbesondere mit einem Programm aus Elvis-Costello-Liedern, freute sich auf das legend\u00e4re Instrument, nutzte es auch f\u00fcr ihre Interpretation des Costello-Klassikers \u201eGood Year For The Roses\u201c, der nebenbei aus der Feder von Jerry Chenut stammt.<\/p>\n<p><img data-recalc-dims=\"1\" loading=\"lazy\" decoding=\"async\" class=\"alignleft\" src=\"https:\/\/i0.wp.com\/eschringen.de\/wordpress\/wp-content\/uploads\/2024\/11\/MDC2016.jpg?resize=500%2C375&#038;ssl=1\" width=\"500\" height=\"375\" align=\"left\" border=\"0\" hspace=\"5\" vspace=\"5\">Das Duo, klamottentechnisch passend drapiert, startete seinen Auftritt im gut besetzten ehemaligen Klassenraum mit St\u00fccken des neuen, noch nicht erschienenen Albums: u. a. \u201eTear Stained Smile\u201c oder \u201eSince I Fell For You\u201c. Klar, die Songinhalte spiegeln auch in den neuen Kompositionen die typischen Beziehungsthemen: Liebe, Frust und Hass, Kennenlernen und Aus-den-Augen-verlieren, Aff\u00e4ren und ehelicher Alltag\u2026exemplarisch &#8222;No Matter What Tammy Said (I Won&#8217;t Stand By Him)&#8220; als quasi feministische Antwort auf Tammy Wynettes Hit &#8222;Stand By Your Man&#8220;. Wynette und Countrys\u00e4nger George Jones hatten Ende der 1960er Jahre in aller \u00d6ffentlichkeit ihren Ehekrieg ausgefochten. Viele der h\u00fcbschen Melodien blieben schnell haften wie z. B. die Ohrw\u00fcrmer \u201eNo Heart In This Heartache\u201c oder \u201eGoing Back To Memphis\u201c.<\/p>\n<p><img data-recalc-dims=\"1\" loading=\"lazy\" decoding=\"async\" class=\"alignright\" src=\"https:\/\/i0.wp.com\/eschringen.de\/wordpress\/wp-content\/uploads\/2024\/11\/MCD.jpg?resize=500%2C282&#038;ssl=1\" width=\"500\" height=\"282\" align=\"right\" border=\"0\" hspace=\"5\" vspace=\"5\">Augenzwinkernd erkl\u00e4rte Gitarrist, Mundharmonikaspieler und S\u00e4nger King gegen Ende, dass man auf das Abtreten und das alberne auf das Zugabeklatschen warten verzichte, statt dessen lieber gleich die \u201eencores\u201c in die Show einbaue. Tochter Mabel durfte hinzukommen und mitsingen; als besonderen Dank an Initiator Roland Schmitt lie\u00df King Ronnie Lanes mit Eric Clapton komponierte Ballade \u201eAnnie\u201c erklingen. Ein vergn\u00fcglicher und auch nachdenklicher Abend ging zu Ende und lie\u00df ein h\u00f6chst zufriedenes Publikum zur\u00fcck.<\/p>\n<p><a href=\"http:\/\/eschringen.de\/wordpress\/geschichte\/archiv\/\">zur\u00fcck zum Archiv<\/a><\/p>\n","protected":false},"excerpt":{"rendered":"<p>Endlich mal wieder ein Konzert, bei dem \u2013 wenn auch etwas sparsam \u2013 der \u201eUdo-Fl\u00fcgel\u201c zum Einsatz kam. Ein guter alter Bekannter, der inzwischen In Birmingham ans\u00e4ssige Singer\/Songwriter Michael Weston King, machte seinen Tourauftakt in Eschringen, und zwar mit Ehefrau Lou Dalgleish an seiner Seite. Zusammen firmieren sie als Country-Duo MY DARLING CLEMENTINE, treten in &#8230; <a title=\"23.10.2016:  My Darling Clementine: Entspannte Stimmung mit Country-Perlen\" class=\"read-more\" href=\"https:\/\/eschringen.de\/wordpress\/geschichte\/archiv\/23-10-2016-my-darling-clementine-entspannte-stimmung-mit-country-perlen\/\" aria-label=\"Mehr Informationen \u00fcber 23.10.2016:  My Darling Clementine: Entspannte Stimmung mit Country-Perlen\">Weiterlesen &#8230;<\/a><\/p>\n","protected":false},"author":1,"featured_media":0,"parent":403,"menu_order":3,"comment_status":"closed","ping_status":"closed","template":"","meta":{"ngg_post_thumbnail":0,"footnotes":""},"class_list":["post-614","page","type-page","status-publish"],"yoast_head":"<!-- This site is optimized with the Yoast SEO plugin v27.4 - https:\/\/yoast.com\/product\/yoast-seo-wordpress\/ -->\n<title>23.10.2016: My Darling Clementine: Entspannte Stimmung mit Country-Perlen - Eschringen<\/title>\n<meta name=\"robots\" content=\"index, follow, max-snippet:-1, max-image-preview:large, max-video-preview:-1\" \/>\n<link rel=\"canonical\" href=\"https:\/\/eschringen.de\/wordpress\/geschichte\/archiv\/23-10-2016-my-darling-clementine-entspannte-stimmung-mit-country-perlen\/\" \/>\n<meta property=\"og:locale\" content=\"de_DE\" \/>\n<meta property=\"og:type\" content=\"article\" \/>\n<meta property=\"og:title\" content=\"23.10.2016: My Darling Clementine: Entspannte Stimmung mit Country-Perlen - Eschringen\" \/>\n<meta property=\"og:description\" content=\"Endlich mal wieder ein Konzert, bei dem \u2013 wenn auch etwas sparsam \u2013 der \u201eUdo-Fl\u00fcgel\u201c zum Einsatz kam. Ein guter alter Bekannter, der inzwischen In Birmingham ans\u00e4ssige Singer\/Songwriter Michael Weston King, machte seinen Tourauftakt in Eschringen, und zwar mit Ehefrau Lou Dalgleish an seiner Seite. Zusammen firmieren sie als Country-Duo MY DARLING CLEMENTINE, treten in ... Weiterlesen ...\" \/>\n<meta property=\"og:url\" content=\"https:\/\/eschringen.de\/wordpress\/geschichte\/archiv\/23-10-2016-my-darling-clementine-entspannte-stimmung-mit-country-perlen\/\" \/>\n<meta property=\"og:site_name\" content=\"Eschringen\" \/>\n<meta property=\"article:modified_time\" content=\"2024-11-24T11:03:59+00:00\" \/>\n<meta property=\"og:image\" content=\"https:\/\/eschringen.de\/wordpress\/wp-content\/uploads\/2024\/11\/MDCEschringen2016B.jpg\" \/>\n<meta name=\"twitter:card\" content=\"summary_large_image\" \/>\n<meta name=\"twitter:label1\" content=\"Gesch\u00e4tzte Lesezeit\" \/>\n\t<meta name=\"twitter:data1\" content=\"3\u00a0Minuten\" \/>\n<script type=\"application\/ld+json\" class=\"yoast-schema-graph\">{\"@context\":\"https:\\\/\\\/schema.org\",\"@graph\":[{\"@type\":\"WebPage\",\"@id\":\"https:\\\/\\\/eschringen.de\\\/wordpress\\\/geschichte\\\/archiv\\\/23-10-2016-my-darling-clementine-entspannte-stimmung-mit-country-perlen\\\/\",\"url\":\"https:\\\/\\\/eschringen.de\\\/wordpress\\\/geschichte\\\/archiv\\\/23-10-2016-my-darling-clementine-entspannte-stimmung-mit-country-perlen\\\/\",\"name\":\"23.10.2016: My Darling Clementine: Entspannte Stimmung mit Country-Perlen - Eschringen\",\"isPartOf\":{\"@id\":\"https:\\\/\\\/eschringen.de\\\/wordpress\\\/#website\"},\"primaryImageOfPage\":{\"@id\":\"https:\\\/\\\/eschringen.de\\\/wordpress\\\/geschichte\\\/archiv\\\/23-10-2016-my-darling-clementine-entspannte-stimmung-mit-country-perlen\\\/#primaryimage\"},\"image\":{\"@id\":\"https:\\\/\\\/eschringen.de\\\/wordpress\\\/geschichte\\\/archiv\\\/23-10-2016-my-darling-clementine-entspannte-stimmung-mit-country-perlen\\\/#primaryimage\"},\"thumbnailUrl\":\"https:\\\/\\\/eschringen.de\\\/wordpress\\\/wp-content\\\/uploads\\\/2024\\\/11\\\/MDCEschringen2016B.jpg\",\"datePublished\":\"2017-02-12T14:03:51+00:00\",\"dateModified\":\"2024-11-24T11:03:59+00:00\",\"breadcrumb\":{\"@id\":\"https:\\\/\\\/eschringen.de\\\/wordpress\\\/geschichte\\\/archiv\\\/23-10-2016-my-darling-clementine-entspannte-stimmung-mit-country-perlen\\\/#breadcrumb\"},\"inLanguage\":\"de\",\"potentialAction\":[{\"@type\":\"ReadAction\",\"target\":[\"https:\\\/\\\/eschringen.de\\\/wordpress\\\/geschichte\\\/archiv\\\/23-10-2016-my-darling-clementine-entspannte-stimmung-mit-country-perlen\\\/\"]}]},{\"@type\":\"ImageObject\",\"inLanguage\":\"de\",\"@id\":\"https:\\\/\\\/eschringen.de\\\/wordpress\\\/geschichte\\\/archiv\\\/23-10-2016-my-darling-clementine-entspannte-stimmung-mit-country-perlen\\\/#primaryimage\",\"url\":\"https:\\\/\\\/i0.wp.com\\\/eschringen.de\\\/wordpress\\\/wp-content\\\/uploads\\\/2024\\\/11\\\/MDCEschringen2016B.jpg?fit=500%2C282&ssl=1\",\"contentUrl\":\"https:\\\/\\\/i0.wp.com\\\/eschringen.de\\\/wordpress\\\/wp-content\\\/uploads\\\/2024\\\/11\\\/MDCEschringen2016B.jpg?fit=500%2C282&ssl=1\",\"width\":500,\"height\":282},{\"@type\":\"BreadcrumbList\",\"@id\":\"https:\\\/\\\/eschringen.de\\\/wordpress\\\/geschichte\\\/archiv\\\/23-10-2016-my-darling-clementine-entspannte-stimmung-mit-country-perlen\\\/#breadcrumb\",\"itemListElement\":[{\"@type\":\"ListItem\",\"position\":1,\"name\":\"Startseite\",\"item\":\"https:\\\/\\\/eschringen.de\\\/wordpress\\\/\"},{\"@type\":\"ListItem\",\"position\":2,\"name\":\"Geschichte\",\"item\":\"https:\\\/\\\/eschringen.de\\\/wordpress\\\/geschichte\\\/\"},{\"@type\":\"ListItem\",\"position\":3,\"name\":\"Archiv\",\"item\":\"https:\\\/\\\/eschringen.de\\\/wordpress\\\/geschichte\\\/archiv\\\/\"},{\"@type\":\"ListItem\",\"position\":4,\"name\":\"23.10.2016: My Darling Clementine: Entspannte Stimmung mit Country-Perlen\"}]},{\"@type\":\"WebSite\",\"@id\":\"https:\\\/\\\/eschringen.de\\\/wordpress\\\/#website\",\"url\":\"https:\\\/\\\/eschringen.de\\\/wordpress\\\/\",\"name\":\"Eschringen\",\"description\":\"\",\"publisher\":{\"@id\":\"https:\\\/\\\/eschringen.de\\\/wordpress\\\/#organization\"},\"potentialAction\":[{\"@type\":\"SearchAction\",\"target\":{\"@type\":\"EntryPoint\",\"urlTemplate\":\"https:\\\/\\\/eschringen.de\\\/wordpress\\\/?s={search_term_string}\"},\"query-input\":{\"@type\":\"PropertyValueSpecification\",\"valueRequired\":true,\"valueName\":\"search_term_string\"}}],\"inLanguage\":\"de\"},{\"@type\":\"Organization\",\"@id\":\"https:\\\/\\\/eschringen.de\\\/wordpress\\\/#organization\",\"name\":\"Eschringen\",\"url\":\"https:\\\/\\\/eschringen.de\\\/wordpress\\\/\",\"logo\":{\"@type\":\"ImageObject\",\"inLanguage\":\"de\",\"@id\":\"https:\\\/\\\/eschringen.de\\\/wordpress\\\/#\\\/schema\\\/logo\\\/image\\\/\",\"url\":\"https:\\\/\\\/eschringen.de\\\/wordpress\\\/wp-content\\\/uploads\\\/2017\\\/03\\\/2017_kw15.jpg\",\"contentUrl\":\"https:\\\/\\\/eschringen.de\\\/wordpress\\\/wp-content\\\/uploads\\\/2017\\\/03\\\/2017_kw15.jpg\",\"width\":784,\"height\":447,\"caption\":\"Eschringen\"},\"image\":{\"@id\":\"https:\\\/\\\/eschringen.de\\\/wordpress\\\/#\\\/schema\\\/logo\\\/image\\\/\"}}]}<\/script>\n<!-- \/ Yoast SEO plugin. -->","yoast_head_json":{"title":"23.10.2016: My Darling Clementine: Entspannte Stimmung mit Country-Perlen - Eschringen","robots":{"index":"index","follow":"follow","max-snippet":"max-snippet:-1","max-image-preview":"max-image-preview:large","max-video-preview":"max-video-preview:-1"},"canonical":"https:\/\/eschringen.de\/wordpress\/geschichte\/archiv\/23-10-2016-my-darling-clementine-entspannte-stimmung-mit-country-perlen\/","og_locale":"de_DE","og_type":"article","og_title":"23.10.2016: My Darling Clementine: Entspannte Stimmung mit Country-Perlen - Eschringen","og_description":"Endlich mal wieder ein Konzert, bei dem \u2013 wenn auch etwas sparsam \u2013 der \u201eUdo-Fl\u00fcgel\u201c zum Einsatz kam. Ein guter alter Bekannter, der inzwischen In Birmingham ans\u00e4ssige Singer\/Songwriter Michael Weston King, machte seinen Tourauftakt in Eschringen, und zwar mit Ehefrau Lou Dalgleish an seiner Seite. Zusammen firmieren sie als Country-Duo MY DARLING CLEMENTINE, treten in ... Weiterlesen ...","og_url":"https:\/\/eschringen.de\/wordpress\/geschichte\/archiv\/23-10-2016-my-darling-clementine-entspannte-stimmung-mit-country-perlen\/","og_site_name":"Eschringen","article_modified_time":"2024-11-24T11:03:59+00:00","og_image":[{"url":"https:\/\/eschringen.de\/wordpress\/wp-content\/uploads\/2024\/11\/MDCEschringen2016B.jpg","type":"","width":"","height":""}],"twitter_card":"summary_large_image","twitter_misc":{"Gesch\u00e4tzte Lesezeit":"3\u00a0Minuten"},"schema":{"@context":"https:\/\/schema.org","@graph":[{"@type":"WebPage","@id":"https:\/\/eschringen.de\/wordpress\/geschichte\/archiv\/23-10-2016-my-darling-clementine-entspannte-stimmung-mit-country-perlen\/","url":"https:\/\/eschringen.de\/wordpress\/geschichte\/archiv\/23-10-2016-my-darling-clementine-entspannte-stimmung-mit-country-perlen\/","name":"23.10.2016: My Darling Clementine: Entspannte Stimmung mit Country-Perlen - Eschringen","isPartOf":{"@id":"https:\/\/eschringen.de\/wordpress\/#website"},"primaryImageOfPage":{"@id":"https:\/\/eschringen.de\/wordpress\/geschichte\/archiv\/23-10-2016-my-darling-clementine-entspannte-stimmung-mit-country-perlen\/#primaryimage"},"image":{"@id":"https:\/\/eschringen.de\/wordpress\/geschichte\/archiv\/23-10-2016-my-darling-clementine-entspannte-stimmung-mit-country-perlen\/#primaryimage"},"thumbnailUrl":"https:\/\/eschringen.de\/wordpress\/wp-content\/uploads\/2024\/11\/MDCEschringen2016B.jpg","datePublished":"2017-02-12T14:03:51+00:00","dateModified":"2024-11-24T11:03:59+00:00","breadcrumb":{"@id":"https:\/\/eschringen.de\/wordpress\/geschichte\/archiv\/23-10-2016-my-darling-clementine-entspannte-stimmung-mit-country-perlen\/#breadcrumb"},"inLanguage":"de","potentialAction":[{"@type":"ReadAction","target":["https:\/\/eschringen.de\/wordpress\/geschichte\/archiv\/23-10-2016-my-darling-clementine-entspannte-stimmung-mit-country-perlen\/"]}]},{"@type":"ImageObject","inLanguage":"de","@id":"https:\/\/eschringen.de\/wordpress\/geschichte\/archiv\/23-10-2016-my-darling-clementine-entspannte-stimmung-mit-country-perlen\/#primaryimage","url":"https:\/\/i0.wp.com\/eschringen.de\/wordpress\/wp-content\/uploads\/2024\/11\/MDCEschringen2016B.jpg?fit=500%2C282&ssl=1","contentUrl":"https:\/\/i0.wp.com\/eschringen.de\/wordpress\/wp-content\/uploads\/2024\/11\/MDCEschringen2016B.jpg?fit=500%2C282&ssl=1","width":500,"height":282},{"@type":"BreadcrumbList","@id":"https:\/\/eschringen.de\/wordpress\/geschichte\/archiv\/23-10-2016-my-darling-clementine-entspannte-stimmung-mit-country-perlen\/#breadcrumb","itemListElement":[{"@type":"ListItem","position":1,"name":"Startseite","item":"https:\/\/eschringen.de\/wordpress\/"},{"@type":"ListItem","position":2,"name":"Geschichte","item":"https:\/\/eschringen.de\/wordpress\/geschichte\/"},{"@type":"ListItem","position":3,"name":"Archiv","item":"https:\/\/eschringen.de\/wordpress\/geschichte\/archiv\/"},{"@type":"ListItem","position":4,"name":"23.10.2016: My Darling Clementine: Entspannte Stimmung mit Country-Perlen"}]},{"@type":"WebSite","@id":"https:\/\/eschringen.de\/wordpress\/#website","url":"https:\/\/eschringen.de\/wordpress\/","name":"Eschringen","description":"","publisher":{"@id":"https:\/\/eschringen.de\/wordpress\/#organization"},"potentialAction":[{"@type":"SearchAction","target":{"@type":"EntryPoint","urlTemplate":"https:\/\/eschringen.de\/wordpress\/?s={search_term_string}"},"query-input":{"@type":"PropertyValueSpecification","valueRequired":true,"valueName":"search_term_string"}}],"inLanguage":"de"},{"@type":"Organization","@id":"https:\/\/eschringen.de\/wordpress\/#organization","name":"Eschringen","url":"https:\/\/eschringen.de\/wordpress\/","logo":{"@type":"ImageObject","inLanguage":"de","@id":"https:\/\/eschringen.de\/wordpress\/#\/schema\/logo\/image\/","url":"https:\/\/eschringen.de\/wordpress\/wp-content\/uploads\/2017\/03\/2017_kw15.jpg","contentUrl":"https:\/\/eschringen.de\/wordpress\/wp-content\/uploads\/2017\/03\/2017_kw15.jpg","width":784,"height":447,"caption":"Eschringen"},"image":{"@id":"https:\/\/eschringen.de\/wordpress\/#\/schema\/logo\/image\/"}}]}},"jetpack_sharing_enabled":true,"_links":{"self":[{"href":"https:\/\/eschringen.de\/wordpress\/wp-json\/wp\/v2\/pages\/614","targetHints":{"allow":["GET"]}}],"collection":[{"href":"https:\/\/eschringen.de\/wordpress\/wp-json\/wp\/v2\/pages"}],"about":[{"href":"https:\/\/eschringen.de\/wordpress\/wp-json\/wp\/v2\/types\/page"}],"author":[{"embeddable":true,"href":"https:\/\/eschringen.de\/wordpress\/wp-json\/wp\/v2\/users\/1"}],"replies":[{"embeddable":true,"href":"https:\/\/eschringen.de\/wordpress\/wp-json\/wp\/v2\/comments?post=614"}],"version-history":[{"count":2,"href":"https:\/\/eschringen.de\/wordpress\/wp-json\/wp\/v2\/pages\/614\/revisions"}],"predecessor-version":[{"id":4709,"href":"https:\/\/eschringen.de\/wordpress\/wp-json\/wp\/v2\/pages\/614\/revisions\/4709"}],"up":[{"embeddable":true,"href":"https:\/\/eschringen.de\/wordpress\/wp-json\/wp\/v2\/pages\/403"}],"wp:attachment":[{"href":"https:\/\/eschringen.de\/wordpress\/wp-json\/wp\/v2\/media?parent=614"}],"curies":[{"name":"wp","href":"https:\/\/api.w.org\/{rel}","templated":true}]}}