{"id":611,"date":"2017-02-12T15:01:33","date_gmt":"2017-02-12T14:01:33","guid":{"rendered":"http:\/\/eschringen.de\/wordpress\/?page_id=611"},"modified":"2024-11-24T12:00:56","modified_gmt":"2024-11-24T11:00:56","slug":"18-11-2016-irish-folk-idol-andy-irvine-verzauberte-mit-filigranen-saitenklaengen","status":"publish","type":"page","link":"https:\/\/eschringen.de\/wordpress\/geschichte\/archiv\/18-11-2016-irish-folk-idol-andy-irvine-verzauberte-mit-filigranen-saitenklaengen\/","title":{"rendered":"18.11.2016:   Irish Folk-Idol Andy Irvine verzauberte mit filigranen Saitenkl\u00e4ngen"},"content":{"rendered":"<p><img data-recalc-dims=\"1\" loading=\"lazy\" decoding=\"async\" class=\"alignright\" src=\"https:\/\/i0.wp.com\/eschringen.de\/wordpress\/wp-content\/uploads\/2024\/11\/WebAIrvine2B.jpg?resize=500%2C281&#038;ssl=1\" width=\"500\" height=\"281\" align=\"right\" border=\"0\" hspace=\"5\" vspace=\"5\"><\/p>\n<p>Ja, es h\u00e4tten schon ein paar mehr Zuh\u00f6rerInnen sein k\u00f6nnen, schlie\u00dflich trat in der ehemaligen Dorfschule ein echter Star der Irish Folk- und Weltmusik-Szene auf. Aber wer konnte sich noch an Irvines Glanzzeiten in den 1970er und 1980er Jahre erinnern, als er mit seiner Band PLANXTY weltweit f\u00fcr Furore sorgte? Einige Fans waren u. a. extra aus St. Wendel und Kaiserslautern nach Eschringen gekommen. Sie hatten \u00e4hnliche Erinnerungen wie auch AG-Gesch\u00e4ftsf\u00fchrer Roland Schmitt, der eingangs kurz erl\u00e4uterte, wie es zu diesem besonderen und auch sehr pers\u00f6nlich motivierten Konzert mit der irischen Folk-Legende \u2013 inzwischen stolze 74 Jahre alt \u2013 gekommen war. Bereits als junger Student hatte Schmitt in Schwetzingen ein Konzert mit Irvine geplant, doch war der bei einem Autounfall schwer verletzt worden und hatte kurz zuvor absagen m\u00fcssen. Vierzig (!) Jahre sp\u00e4ter hatte Irvines deutsche Managerin f\u00fcr November 2016 eine Tour angesetzt, und da ergriff Schmitt eben kurzerhand die Gelegenheit&nbsp; beim Schopfe und engagierte den renommierten Musiker, S\u00e4nger, Komponisten und Liedersammler f\u00fcr einen Auftritt in Eschringen.<\/p>\n<p><img data-recalc-dims=\"1\" loading=\"lazy\" decoding=\"async\" class=\"alignleft\" src=\"https:\/\/i0.wp.com\/eschringen.de\/wordpress\/wp-content\/uploads\/2024\/11\/WebAIrvineB.jpg?resize=500%2C375&#038;ssl=1\" width=\"500\" height=\"375\" align=\"left\" border=\"0\" hspace=\"5\" vspace=\"5\">Wer in das Dorfgemeinschaftshaus gekommen war, konnte sich \u00fcberzeugen, dass Irvine von seiner Virtuosit\u00e4t als Mandola- und Bouzouki-Spieler nichts verloren hatte. Auch seine sanfte, einschmeichelnde Stimme ber\u00fchrte, vor allem bei Balladen wie z. B. \u201eThe West Coast Of Clare\u201c, und hatte an Eindringlichkeit nicht gelitten. Mit seinen Bands PLANXTY und PATRICK STREET, aber auch als Solist und Duo-Partner verk\u00f6rperte und verk\u00f6rpert Irvine bis heute den konzertanten Gegenentwurf zur sog. \u201eSchunkel-Folklore\u201c wie sie viele Irish-Folk-Bands hierzulande, aber bisweilen auch die DUBLINERS praktizierten. Gassenhauer wie z. B. \u201eThe Wild Rover\u201c oder \u201eWhiskey In The Jar\u201c sind sein Ding nicht. Reisen nach Osteuropa, auf den Balkan und auch in den Nahen Osten hatten ihm seinerzeit&nbsp; neue musikalische Welten er\u00f6ffnet, und ihm gelang es letztlich, eine echte Symbiose von irischen Jigs&#8217;n&#8217;Reels mit bulgarischen und rum\u00e4nischen Tanzliedern zu schaffen. Beispiele f\u00fcr solche Medleys pr\u00e4sentierte er auch an diesem Abend (u. a. Smeceno Horo\u201c). Weitere Highlights aus seinem umfangreichen Repertoire waren seine Versionen der Traditionals \u201eAs I Roved Out\u201c und \u201eThe Jolly Soldier\u201c sowie eigene Songs in der Tradition von Woody Guthrie wie z. B. \u201eNever Tire Of The Road\u201c oder \u201eMy Heart&#8217;s Tonight In Ireland\u201c. Dem Publikum erl\u00e4uterte Irvine auch die Unterschiede der vier eingesetzten Mandolas, die eine \u00e4hnliche Stimmung wie die griechische Bouzouki aufweisen. Dass er nach einem intensiven Konzertabend nicht ohne Zugaben von der kleinen B\u00fchne gehen konnte, war klar. Mit seinem komplexen Meisterwerk \u201eThe Blacksmith\u201c, das er schon zu PLANXTY-Zeiten arrangiert hatte, verabschiedete sich Irvine von seiner gebannt lauschenden Zuh\u00f6rerschaft.<\/p>\n<p><a href=\"http:\/\/eschringen.de\/wordpress\/geschichte\/archiv\/\">zur\u00fcck zum Archiv<\/a><\/p>\n","protected":false},"excerpt":{"rendered":"<p>Ja, es h\u00e4tten schon ein paar mehr Zuh\u00f6rerInnen sein k\u00f6nnen, schlie\u00dflich trat in der ehemaligen Dorfschule ein echter Star der Irish Folk- und Weltmusik-Szene auf. Aber wer konnte sich noch an Irvines Glanzzeiten in den 1970er und 1980er Jahre erinnern, als er mit seiner Band PLANXTY weltweit f\u00fcr Furore sorgte? Einige Fans waren u. a. &#8230; <a title=\"18.11.2016:   Irish Folk-Idol Andy Irvine verzauberte mit filigranen Saitenkl\u00e4ngen\" class=\"read-more\" href=\"https:\/\/eschringen.de\/wordpress\/geschichte\/archiv\/18-11-2016-irish-folk-idol-andy-irvine-verzauberte-mit-filigranen-saitenklaengen\/\" aria-label=\"Mehr Informationen \u00fcber 18.11.2016:   Irish Folk-Idol Andy Irvine verzauberte mit filigranen Saitenkl\u00e4ngen\">Weiterlesen &#8230;<\/a><\/p>\n","protected":false},"author":1,"featured_media":0,"parent":403,"menu_order":2,"comment_status":"closed","ping_status":"closed","template":"","meta":{"ngg_post_thumbnail":0,"footnotes":""},"class_list":["post-611","page","type-page","status-publish"],"yoast_head":"<!-- This site is optimized with the Yoast SEO plugin v27.4 - https:\/\/yoast.com\/product\/yoast-seo-wordpress\/ -->\n<title>18.11.2016:  Irish Folk-Idol Andy Irvine verzauberte mit filigranen Saitenkl\u00e4ngen - Eschringen<\/title>\n<meta name=\"robots\" content=\"index, follow, max-snippet:-1, max-image-preview:large, max-video-preview:-1\" \/>\n<link rel=\"canonical\" href=\"https:\/\/eschringen.de\/wordpress\/geschichte\/archiv\/18-11-2016-irish-folk-idol-andy-irvine-verzauberte-mit-filigranen-saitenklaengen\/\" \/>\n<meta property=\"og:locale\" content=\"de_DE\" \/>\n<meta property=\"og:type\" content=\"article\" \/>\n<meta property=\"og:title\" content=\"18.11.2016:  Irish Folk-Idol Andy Irvine verzauberte mit filigranen Saitenkl\u00e4ngen - Eschringen\" \/>\n<meta property=\"og:description\" content=\"Ja, es h\u00e4tten schon ein paar mehr Zuh\u00f6rerInnen sein k\u00f6nnen, schlie\u00dflich trat in der ehemaligen Dorfschule ein echter Star der Irish Folk- und Weltmusik-Szene auf. Aber wer konnte sich noch an Irvines Glanzzeiten in den 1970er und 1980er Jahre erinnern, als er mit seiner Band PLANXTY weltweit f\u00fcr Furore sorgte? Einige Fans waren u. a. ... Weiterlesen ...\" \/>\n<meta property=\"og:url\" content=\"https:\/\/eschringen.de\/wordpress\/geschichte\/archiv\/18-11-2016-irish-folk-idol-andy-irvine-verzauberte-mit-filigranen-saitenklaengen\/\" \/>\n<meta property=\"og:site_name\" content=\"Eschringen\" \/>\n<meta property=\"article:modified_time\" content=\"2024-11-24T11:00:56+00:00\" \/>\n<meta property=\"og:image\" content=\"https:\/\/eschringen.de\/wordpress\/wp-content\/uploads\/2024\/11\/WebAIrvine2B.jpg\" \/>\n<meta name=\"twitter:card\" content=\"summary_large_image\" \/>\n<meta name=\"twitter:label1\" content=\"Gesch\u00e4tzte Lesezeit\" \/>\n\t<meta name=\"twitter:data1\" content=\"3\u00a0Minuten\" \/>\n<script type=\"application\/ld+json\" class=\"yoast-schema-graph\">{\"@context\":\"https:\\\/\\\/schema.org\",\"@graph\":[{\"@type\":\"WebPage\",\"@id\":\"https:\\\/\\\/eschringen.de\\\/wordpress\\\/geschichte\\\/archiv\\\/18-11-2016-irish-folk-idol-andy-irvine-verzauberte-mit-filigranen-saitenklaengen\\\/\",\"url\":\"https:\\\/\\\/eschringen.de\\\/wordpress\\\/geschichte\\\/archiv\\\/18-11-2016-irish-folk-idol-andy-irvine-verzauberte-mit-filigranen-saitenklaengen\\\/\",\"name\":\"18.11.2016: Irish Folk-Idol Andy Irvine verzauberte mit filigranen Saitenkl\u00e4ngen - Eschringen\",\"isPartOf\":{\"@id\":\"https:\\\/\\\/eschringen.de\\\/wordpress\\\/#website\"},\"primaryImageOfPage\":{\"@id\":\"https:\\\/\\\/eschringen.de\\\/wordpress\\\/geschichte\\\/archiv\\\/18-11-2016-irish-folk-idol-andy-irvine-verzauberte-mit-filigranen-saitenklaengen\\\/#primaryimage\"},\"image\":{\"@id\":\"https:\\\/\\\/eschringen.de\\\/wordpress\\\/geschichte\\\/archiv\\\/18-11-2016-irish-folk-idol-andy-irvine-verzauberte-mit-filigranen-saitenklaengen\\\/#primaryimage\"},\"thumbnailUrl\":\"https:\\\/\\\/eschringen.de\\\/wordpress\\\/wp-content\\\/uploads\\\/2024\\\/11\\\/WebAIrvine2B.jpg\",\"datePublished\":\"2017-02-12T14:01:33+00:00\",\"dateModified\":\"2024-11-24T11:00:56+00:00\",\"breadcrumb\":{\"@id\":\"https:\\\/\\\/eschringen.de\\\/wordpress\\\/geschichte\\\/archiv\\\/18-11-2016-irish-folk-idol-andy-irvine-verzauberte-mit-filigranen-saitenklaengen\\\/#breadcrumb\"},\"inLanguage\":\"de\",\"potentialAction\":[{\"@type\":\"ReadAction\",\"target\":[\"https:\\\/\\\/eschringen.de\\\/wordpress\\\/geschichte\\\/archiv\\\/18-11-2016-irish-folk-idol-andy-irvine-verzauberte-mit-filigranen-saitenklaengen\\\/\"]}]},{\"@type\":\"ImageObject\",\"inLanguage\":\"de\",\"@id\":\"https:\\\/\\\/eschringen.de\\\/wordpress\\\/geschichte\\\/archiv\\\/18-11-2016-irish-folk-idol-andy-irvine-verzauberte-mit-filigranen-saitenklaengen\\\/#primaryimage\",\"url\":\"https:\\\/\\\/i0.wp.com\\\/eschringen.de\\\/wordpress\\\/wp-content\\\/uploads\\\/2024\\\/11\\\/WebAIrvine2B.jpg?fit=500%2C281&ssl=1\",\"contentUrl\":\"https:\\\/\\\/i0.wp.com\\\/eschringen.de\\\/wordpress\\\/wp-content\\\/uploads\\\/2024\\\/11\\\/WebAIrvine2B.jpg?fit=500%2C281&ssl=1\",\"width\":500,\"height\":281},{\"@type\":\"BreadcrumbList\",\"@id\":\"https:\\\/\\\/eschringen.de\\\/wordpress\\\/geschichte\\\/archiv\\\/18-11-2016-irish-folk-idol-andy-irvine-verzauberte-mit-filigranen-saitenklaengen\\\/#breadcrumb\",\"itemListElement\":[{\"@type\":\"ListItem\",\"position\":1,\"name\":\"Startseite\",\"item\":\"https:\\\/\\\/eschringen.de\\\/wordpress\\\/\"},{\"@type\":\"ListItem\",\"position\":2,\"name\":\"Geschichte\",\"item\":\"https:\\\/\\\/eschringen.de\\\/wordpress\\\/geschichte\\\/\"},{\"@type\":\"ListItem\",\"position\":3,\"name\":\"Archiv\",\"item\":\"https:\\\/\\\/eschringen.de\\\/wordpress\\\/geschichte\\\/archiv\\\/\"},{\"@type\":\"ListItem\",\"position\":4,\"name\":\"18.11.2016: Irish Folk-Idol Andy Irvine verzauberte mit filigranen Saitenkl\u00e4ngen\"}]},{\"@type\":\"WebSite\",\"@id\":\"https:\\\/\\\/eschringen.de\\\/wordpress\\\/#website\",\"url\":\"https:\\\/\\\/eschringen.de\\\/wordpress\\\/\",\"name\":\"Eschringen\",\"description\":\"\",\"publisher\":{\"@id\":\"https:\\\/\\\/eschringen.de\\\/wordpress\\\/#organization\"},\"potentialAction\":[{\"@type\":\"SearchAction\",\"target\":{\"@type\":\"EntryPoint\",\"urlTemplate\":\"https:\\\/\\\/eschringen.de\\\/wordpress\\\/?s={search_term_string}\"},\"query-input\":{\"@type\":\"PropertyValueSpecification\",\"valueRequired\":true,\"valueName\":\"search_term_string\"}}],\"inLanguage\":\"de\"},{\"@type\":\"Organization\",\"@id\":\"https:\\\/\\\/eschringen.de\\\/wordpress\\\/#organization\",\"name\":\"Eschringen\",\"url\":\"https:\\\/\\\/eschringen.de\\\/wordpress\\\/\",\"logo\":{\"@type\":\"ImageObject\",\"inLanguage\":\"de\",\"@id\":\"https:\\\/\\\/eschringen.de\\\/wordpress\\\/#\\\/schema\\\/logo\\\/image\\\/\",\"url\":\"https:\\\/\\\/eschringen.de\\\/wordpress\\\/wp-content\\\/uploads\\\/2017\\\/03\\\/2017_kw15.jpg\",\"contentUrl\":\"https:\\\/\\\/eschringen.de\\\/wordpress\\\/wp-content\\\/uploads\\\/2017\\\/03\\\/2017_kw15.jpg\",\"width\":784,\"height\":447,\"caption\":\"Eschringen\"},\"image\":{\"@id\":\"https:\\\/\\\/eschringen.de\\\/wordpress\\\/#\\\/schema\\\/logo\\\/image\\\/\"}}]}<\/script>\n<!-- \/ Yoast SEO plugin. -->","yoast_head_json":{"title":"18.11.2016:  Irish Folk-Idol Andy Irvine verzauberte mit filigranen Saitenkl\u00e4ngen - Eschringen","robots":{"index":"index","follow":"follow","max-snippet":"max-snippet:-1","max-image-preview":"max-image-preview:large","max-video-preview":"max-video-preview:-1"},"canonical":"https:\/\/eschringen.de\/wordpress\/geschichte\/archiv\/18-11-2016-irish-folk-idol-andy-irvine-verzauberte-mit-filigranen-saitenklaengen\/","og_locale":"de_DE","og_type":"article","og_title":"18.11.2016:  Irish Folk-Idol Andy Irvine verzauberte mit filigranen Saitenkl\u00e4ngen - Eschringen","og_description":"Ja, es h\u00e4tten schon ein paar mehr Zuh\u00f6rerInnen sein k\u00f6nnen, schlie\u00dflich trat in der ehemaligen Dorfschule ein echter Star der Irish Folk- und Weltmusik-Szene auf. Aber wer konnte sich noch an Irvines Glanzzeiten in den 1970er und 1980er Jahre erinnern, als er mit seiner Band PLANXTY weltweit f\u00fcr Furore sorgte? Einige Fans waren u. a. ... Weiterlesen ...","og_url":"https:\/\/eschringen.de\/wordpress\/geschichte\/archiv\/18-11-2016-irish-folk-idol-andy-irvine-verzauberte-mit-filigranen-saitenklaengen\/","og_site_name":"Eschringen","article_modified_time":"2024-11-24T11:00:56+00:00","og_image":[{"url":"https:\/\/eschringen.de\/wordpress\/wp-content\/uploads\/2024\/11\/WebAIrvine2B.jpg","type":"","width":"","height":""}],"twitter_card":"summary_large_image","twitter_misc":{"Gesch\u00e4tzte Lesezeit":"3\u00a0Minuten"},"schema":{"@context":"https:\/\/schema.org","@graph":[{"@type":"WebPage","@id":"https:\/\/eschringen.de\/wordpress\/geschichte\/archiv\/18-11-2016-irish-folk-idol-andy-irvine-verzauberte-mit-filigranen-saitenklaengen\/","url":"https:\/\/eschringen.de\/wordpress\/geschichte\/archiv\/18-11-2016-irish-folk-idol-andy-irvine-verzauberte-mit-filigranen-saitenklaengen\/","name":"18.11.2016: Irish Folk-Idol Andy Irvine verzauberte mit filigranen Saitenkl\u00e4ngen - Eschringen","isPartOf":{"@id":"https:\/\/eschringen.de\/wordpress\/#website"},"primaryImageOfPage":{"@id":"https:\/\/eschringen.de\/wordpress\/geschichte\/archiv\/18-11-2016-irish-folk-idol-andy-irvine-verzauberte-mit-filigranen-saitenklaengen\/#primaryimage"},"image":{"@id":"https:\/\/eschringen.de\/wordpress\/geschichte\/archiv\/18-11-2016-irish-folk-idol-andy-irvine-verzauberte-mit-filigranen-saitenklaengen\/#primaryimage"},"thumbnailUrl":"https:\/\/eschringen.de\/wordpress\/wp-content\/uploads\/2024\/11\/WebAIrvine2B.jpg","datePublished":"2017-02-12T14:01:33+00:00","dateModified":"2024-11-24T11:00:56+00:00","breadcrumb":{"@id":"https:\/\/eschringen.de\/wordpress\/geschichte\/archiv\/18-11-2016-irish-folk-idol-andy-irvine-verzauberte-mit-filigranen-saitenklaengen\/#breadcrumb"},"inLanguage":"de","potentialAction":[{"@type":"ReadAction","target":["https:\/\/eschringen.de\/wordpress\/geschichte\/archiv\/18-11-2016-irish-folk-idol-andy-irvine-verzauberte-mit-filigranen-saitenklaengen\/"]}]},{"@type":"ImageObject","inLanguage":"de","@id":"https:\/\/eschringen.de\/wordpress\/geschichte\/archiv\/18-11-2016-irish-folk-idol-andy-irvine-verzauberte-mit-filigranen-saitenklaengen\/#primaryimage","url":"https:\/\/i0.wp.com\/eschringen.de\/wordpress\/wp-content\/uploads\/2024\/11\/WebAIrvine2B.jpg?fit=500%2C281&ssl=1","contentUrl":"https:\/\/i0.wp.com\/eschringen.de\/wordpress\/wp-content\/uploads\/2024\/11\/WebAIrvine2B.jpg?fit=500%2C281&ssl=1","width":500,"height":281},{"@type":"BreadcrumbList","@id":"https:\/\/eschringen.de\/wordpress\/geschichte\/archiv\/18-11-2016-irish-folk-idol-andy-irvine-verzauberte-mit-filigranen-saitenklaengen\/#breadcrumb","itemListElement":[{"@type":"ListItem","position":1,"name":"Startseite","item":"https:\/\/eschringen.de\/wordpress\/"},{"@type":"ListItem","position":2,"name":"Geschichte","item":"https:\/\/eschringen.de\/wordpress\/geschichte\/"},{"@type":"ListItem","position":3,"name":"Archiv","item":"https:\/\/eschringen.de\/wordpress\/geschichte\/archiv\/"},{"@type":"ListItem","position":4,"name":"18.11.2016: Irish Folk-Idol Andy Irvine verzauberte mit filigranen Saitenkl\u00e4ngen"}]},{"@type":"WebSite","@id":"https:\/\/eschringen.de\/wordpress\/#website","url":"https:\/\/eschringen.de\/wordpress\/","name":"Eschringen","description":"","publisher":{"@id":"https:\/\/eschringen.de\/wordpress\/#organization"},"potentialAction":[{"@type":"SearchAction","target":{"@type":"EntryPoint","urlTemplate":"https:\/\/eschringen.de\/wordpress\/?s={search_term_string}"},"query-input":{"@type":"PropertyValueSpecification","valueRequired":true,"valueName":"search_term_string"}}],"inLanguage":"de"},{"@type":"Organization","@id":"https:\/\/eschringen.de\/wordpress\/#organization","name":"Eschringen","url":"https:\/\/eschringen.de\/wordpress\/","logo":{"@type":"ImageObject","inLanguage":"de","@id":"https:\/\/eschringen.de\/wordpress\/#\/schema\/logo\/image\/","url":"https:\/\/eschringen.de\/wordpress\/wp-content\/uploads\/2017\/03\/2017_kw15.jpg","contentUrl":"https:\/\/eschringen.de\/wordpress\/wp-content\/uploads\/2017\/03\/2017_kw15.jpg","width":784,"height":447,"caption":"Eschringen"},"image":{"@id":"https:\/\/eschringen.de\/wordpress\/#\/schema\/logo\/image\/"}}]}},"jetpack_sharing_enabled":true,"_links":{"self":[{"href":"https:\/\/eschringen.de\/wordpress\/wp-json\/wp\/v2\/pages\/611","targetHints":{"allow":["GET"]}}],"collection":[{"href":"https:\/\/eschringen.de\/wordpress\/wp-json\/wp\/v2\/pages"}],"about":[{"href":"https:\/\/eschringen.de\/wordpress\/wp-json\/wp\/v2\/types\/page"}],"author":[{"embeddable":true,"href":"https:\/\/eschringen.de\/wordpress\/wp-json\/wp\/v2\/users\/1"}],"replies":[{"embeddable":true,"href":"https:\/\/eschringen.de\/wordpress\/wp-json\/wp\/v2\/comments?post=611"}],"version-history":[{"count":2,"href":"https:\/\/eschringen.de\/wordpress\/wp-json\/wp\/v2\/pages\/611\/revisions"}],"predecessor-version":[{"id":4704,"href":"https:\/\/eschringen.de\/wordpress\/wp-json\/wp\/v2\/pages\/611\/revisions\/4704"}],"up":[{"embeddable":true,"href":"https:\/\/eschringen.de\/wordpress\/wp-json\/wp\/v2\/pages\/403"}],"wp:attachment":[{"href":"https:\/\/eschringen.de\/wordpress\/wp-json\/wp\/v2\/media?parent=611"}],"curies":[{"name":"wp","href":"https:\/\/api.w.org\/{rel}","templated":true}]}}