{"id":609,"date":"2017-02-12T14:59:03","date_gmt":"2017-02-12T13:59:03","guid":{"rendered":"http:\/\/eschringen.de\/wordpress\/?page_id=609"},"modified":"2024-11-24T23:22:09","modified_gmt":"2024-11-24T22:22:09","slug":"300-jahre-wiedererrichtung-der-laurentiuskapelle","status":"publish","type":"page","link":"https:\/\/eschringen.de\/wordpress\/geschichte\/archiv\/300-jahre-wiedererrichtung-der-laurentiuskapelle\/","title":{"rendered":"12.6.2016: 300 Jahre Wiedererrichtung der Laurentiuskapelle"},"content":{"rendered":"\n<h5 class=\"wp-block-heading\">Festakt und Konzerte zum Jubil\u00e4um<\/h5>\n\n\n<div class=\"wp-block-image\">\n<figure class=\"alignright\"><img data-recalc-dims=\"1\" decoding=\"async\" src=\"https:\/\/i0.wp.com\/eschringen.de\/wordpress\/wp-content\/uploads\/2024\/11\/Kapelle1.jpg?w=1200&#038;ssl=1\" alt=\"\"\/><\/figure>\n<\/div>\n\n\n<p>Der \u201eKapellenverein\u201c, so die kurz und knapp gehaltene Bezeichnung des \u201eVereins zur Restaurierung und Erhaltung der Laurentiuskapelle e. V.\u201c hatte die Jahreszahl 1716 im T\u00fcrsturz der altehrw\u00fcrdigen Laurentiuskapelle zum Anlass genommen, die Wiederrichtung des kleinen Gotteshauses nach den verheerenden Kriegen des 17. Jahrhunderts mit zwei Veranstaltungen feierlich zu w\u00fcrdigen.<br>Zu dem kleinen Festakt am 12. Juni konnte die Vorsitzende Christa D\u00f6bbe-Schmitt neben Vereinsmitgliedern und anderen Freunden der Kapelle auch weitere G\u00e4ste aus nah und fern begr\u00fc\u00dfen: so die ehemalige Bezirksb\u00fcrgermeisterin Anette H\u00fcbinger \u2013 seit 2009 Bundestagsabgeordnete in Berlin \u2013 und immer noch unserem Dorf sehr verbunden, ihren Nachfolger im Amte Daniel Bollig sowie das Eschringer Mitglied im Bezirksrat Halberg, Klaus Raabe, und den Vorsitzenden der AG Eschringer Vereine e. V., Arno Schmitt.<br>In seinem nachdenklichen und auch pers\u00f6nlich gepr\u00e4gten Gru\u00dfwort betonte Pfarrer Stephan Me\u00dfner die Bedeutung der Kapelle als historisch wertvollen Sakralbau, aber eben in erster Linie als Ort des Besinnens und des Gebets. An St\u00e4tten wie dieser k\u00f6nne auch er Ruhe finden, Innehalten. Vorstandsmitglied Roland Schmitt und Kenner der bewegten Geschichte der Laurentiuskapelle konzentrierte sich in seinem Kurzvortrag auf das Neuerbauungsjahr 1716, seine Vor- und Nachgeschichte. \u00dcber viele Jahre hinweg habe sich Heinrich Moog (1919-2010), Ortschonist Eschringens, mit der Geschichte dieser Kapelle befasst und zahlreiche Archivalien ausgewertet, die belegen, dass diese kleine (Filial-) Kirche zu den \u00e4ltesten der Region z\u00e4hlen d\u00fcrfte.<\/p>\n\n\n<div class=\"wp-block-image\">\n<figure class=\"alignleft\"><img data-recalc-dims=\"1\" decoding=\"async\" src=\"https:\/\/i0.wp.com\/eschringen.de\/wordpress\/wp-content\/uploads\/2024\/11\/Kapelle2.jpg?w=1200&#038;ssl=1\" alt=\"\"\/><\/figure>\n<\/div>\n\n\n<p>Ein Dokument von 1482 belege, dass es sich um eine geweihte Kirche und keineswegs \u2013 wie \u00f6fters dargestellt \u2013 um ein \u201ePrivatkapellchen\u201c handele. Um 1600, so Schmitt, erfasste die Einf\u00fchrung der Reformation in der Grafschaft Nassau-Saarbr\u00fccken auch Eschringen. Fortan wurde die Kapelle von den Lutheranern genutzt; die alte Laurentiusfigur verschwand spurlos. Vor allem w\u00e4hrend des 30-j\u00e4hrigen Krieg erlitt die Eschringer Kapelle bzw. Dorfkirche massive Sch\u00e4den. Visitationen im Auftrag des Metzer Bischofs in den Jahren 1686 und 1717 best\u00e4tigten zum einen die Bauf\u00e4lligkeit des Geb\u00e4udes als auch die Durchf\u00fchrung einer \u201evollst\u00e4ndigen Ausbesserung\u201c. Gleichwohl h\u00e4tten etliche Autoren von Kunst- und Reisef\u00fchrern die Jahreszahl 1716 irrigerweise als das eigentliche Jahr der Erbauung betrachtet. Immer wieder habe es auch in der Folge Restaurierungsma\u00dfnahmen gegeben, so nach Ende des 2. Weltkrieges und dann zwischen 1981-1983. Eine Schadensaufnahme im Juni 2003 machte eine weitere umfassende Renovierungsaktion notwendig, die letztlich die Kapelle in neuem Glanz erscheinen lie\u00df. Dies weiterhin zu bef\u00f6rdern sei die dauerhafte Aufgabe des Kapellenvereins. Des Weiteren gelte es auch die kulturhistorisch-architektonische Bedeutung der Kapelle in der Region herauszustellen.<br>Die musikalische Umrahmung des Festakts \u00fcbernahmen zwei renommierte Musiker der Region: Wolfgang Wehner an der Geige &amp; Guido Allgaier an der Gitarre. Sie hatten extra f\u00fcr diesen Nachmittag barocke St\u00fccke einstudiert, die sie in wundervoller Art zum Besten gaben. Nach dem offiziellen Teil in der Kapelle konnte man sich nunmehr auf den kleinen Vorplatz trauen, wo es trocken war und sogar die Sonne schien. Bei Laugenbrezeln, Sekt und Bier w\u00fcnschten die Festg\u00e4ste der Kapelle eine gute Zukunft in friedlichen Zeiten. Entsprechend positiv gestimmt spielten Wehner &amp; Allgaier mit flotten, f\u00fcr das Umfeld eher ungewohnten St\u00fccken nochmals auf und lie\u00dfen einen gelungenen Festakt passend ausklingen.<\/p>\n\n\n<div class=\"wp-block-image\">\n<figure class=\"alignright\"><img data-recalc-dims=\"1\" decoding=\"async\" src=\"https:\/\/i0.wp.com\/eschringen.de\/wordpress\/wp-content\/uploads\/2024\/11\/Kapelle3.jpg?w=1200&#038;ssl=1\" alt=\"\"\/><\/figure>\n<\/div>\n\n\n<p>Eine Woche sp\u00e4ter am 19. Juni erfuhr die Kapelle schlie\u00dflich ein Konzert der besonderen Art. Es gastierte ein Duo, das klassische Musik auf h\u00f6chstem Niveau bot: die Harfenistin Frauke Adomeit und die Fl\u00f6tistin Ayla Caymaz (von 1975 \u2013 2015 Solistin im RSO, dem Rundfunksinfonieorchester des SR, das inzwischen zur DRP, zur Deutschen Radio Philharmonie Saarbr\u00fccken Kaiserslautern, mutierte). Beide hatten ein anspruchsvolles, nicht nur dem Barock verpflichtetes Programm zusammengestellt. Den Auftakt machte die dreiteilige Sonate in g-moll BWV 1020 von J. S. Bach (1685-1750), gefolgt von der Fantasie op 79, eine Komposition von Gabriel Faur\u00e9 (1845-1924). Adomeit erl\u00e4uterte dem aufmerksamen Publikum die Besonderheiten des Harfenspiels, brillierte denn auch umgehend mit einer Fantasie f\u00fcr Harfe solo op 35 von Louis Spohr (1784-1859). Nach diesem Ausfl\u00fcgen in die Romantik kehrten die zwei in das Barock zur\u00fcck mit der Hamburger Sonate in G-Dur von C. Ph. E. Bach (1714-1788). Hier konnte vor allem Ayla Caymaz ihr pr\u00e4zises und dynamisches Spiel unter Beweis stellen. Etwas ruhiger ging es dann mit dem Valse op 116 Nr 3 von Benjamin Godard (1849-1895) einher, der zum kr\u00f6nenden Abschluss \u00fcberleitete: zur \u201cCarmen Fantasie\u201d von Fran\u00e7ois Borne (1862-1929) \u2013 einem komplexen St\u00fcck, das l\u00e4ngst ein Klassiker der Harfenmusik geworden ist. Das Publikum zeigte sich tief beeindruckt, spendete den Interpreten einen begeisternden Applaus, die sich ihrerseits mit zwei Zugaben bei ihren h\u00f6chst zufriedenen Zuh\u00f6rern bedankten.<\/p>\n\n\n<div class=\"wp-block-image\">\n<figure class=\"alignleft\"><img data-recalc-dims=\"1\" decoding=\"async\" src=\"https:\/\/i0.wp.com\/eschringen.de\/wordpress\/wp-content\/uploads\/2024\/11\/Kapelle4.jpg?w=1200&#038;ssl=1\" alt=\"\"\/><\/figure>\n<\/div>\n\n\n<p>Rund einen Monat sp\u00e4ter, am 16. Juli, diente das altehrw\u00fcrdige Kirchlein ein weiteres Mal als Konzertsaal. Die Pfarrei Heilige Veronika hatte mit der KEB Saarpfalz den in M\u00fcnchen ans\u00e4ssigen Musiker Christian Brembeck verpflichtet, seines Zeichens ein renommierter Cembalo-Virtuose. Er nutzte seinen Auftritt auch zur Pr\u00e4sentation seiner neuen CD \u201eSolo per il Cembalo\u201c, die ausschlie\u00dflich Werke von Johann Sebastian Bach enth\u00e4lt.<br>Vor allem von ausw\u00e4rts waren etliche interessierte Musikliebhaber in die Kapelle gekommen, und wie der K\u00fcnstler auch zeigten diese sich nicht nur von dessen K\u00f6nnen, sondern ebenso von der guten Akustik angetan. Brembeck hatte sein Instrument, den Nachbau eines historischen italienischen Cembalos, passgenau vor dem barocken Hauptaltar positioniert. Sein Konzert konzentrierte sich erwartungsgem\u00e4\u00df auf ausgew\u00e4hlte Bach-Werke: eingangs eine Pr\u00e9lude BWV 1007, zwei englische Suiten \u2013 dazwischen eingef\u00fcgt das Concerto in d-moll BMV 974 nach dem Oboenkonzert von Alessandro Marcello \u2013 mit Bachs weltber\u00fchmter \u201eCiaccona\u201c (eigentlich f\u00fcr Solo-Violine komponiert und von Brembeck eigens f\u00fcr Cembalo bearbeitet) zum Ausklang. Das Publikum zeigte sich rundum begeistert; weitere musikalische Veranstaltungen w\u00e4ren in diesem Ort des Gebets und des Innehaltens gewiss w\u00fcnschenswert.<\/p>\n\n\n\n<p><a href=\"http:\/\/eschringen.de\/wordpress\/geschichte\/archiv\/\">zur\u00fcck zum Archiv<\/a><\/p>\n","protected":false},"excerpt":{"rendered":"<p>Festakt und Konzerte zum Jubil\u00e4um Der \u201eKapellenverein\u201c, so die kurz und knapp gehaltene Bezeichnung des \u201eVereins zur Restaurierung und Erhaltung der Laurentiuskapelle e. V.\u201c hatte die Jahreszahl 1716 im T\u00fcrsturz der altehrw\u00fcrdigen Laurentiuskapelle zum Anlass genommen, die Wiederrichtung des kleinen Gotteshauses nach den verheerenden Kriegen des 17. Jahrhunderts mit zwei Veranstaltungen feierlich zu w\u00fcrdigen.Zu dem &#8230; <a title=\"12.6.2016: 300 Jahre Wiedererrichtung der Laurentiuskapelle\" class=\"read-more\" href=\"https:\/\/eschringen.de\/wordpress\/geschichte\/archiv\/300-jahre-wiedererrichtung-der-laurentiuskapelle\/\" aria-label=\"Mehr Informationen \u00fcber 12.6.2016: 300 Jahre Wiedererrichtung der Laurentiuskapelle\">Weiterlesen &#8230;<\/a><\/p>\n","protected":false},"author":1,"featured_media":0,"parent":403,"menu_order":1,"comment_status":"closed","ping_status":"closed","template":"","meta":{"ngg_post_thumbnail":0,"footnotes":""},"class_list":["post-609","page","type-page","status-publish"],"yoast_head":"<!-- This site is optimized with the Yoast SEO plugin v27.4 - https:\/\/yoast.com\/product\/yoast-seo-wordpress\/ -->\n<title>12.6.2016: 300 Jahre Wiedererrichtung der Laurentiuskapelle - Eschringen<\/title>\n<meta name=\"robots\" content=\"index, follow, max-snippet:-1, max-image-preview:large, max-video-preview:-1\" \/>\n<link rel=\"canonical\" href=\"https:\/\/eschringen.de\/wordpress\/geschichte\/archiv\/300-jahre-wiedererrichtung-der-laurentiuskapelle\/\" \/>\n<meta property=\"og:locale\" content=\"de_DE\" \/>\n<meta property=\"og:type\" content=\"article\" \/>\n<meta property=\"og:title\" content=\"12.6.2016: 300 Jahre Wiedererrichtung der Laurentiuskapelle - Eschringen\" \/>\n<meta property=\"og:description\" content=\"Festakt und Konzerte zum Jubil\u00e4um Der \u201eKapellenverein\u201c, so die kurz und knapp gehaltene Bezeichnung des \u201eVereins zur Restaurierung und Erhaltung der Laurentiuskapelle e. V.\u201c hatte die Jahreszahl 1716 im T\u00fcrsturz der altehrw\u00fcrdigen Laurentiuskapelle zum Anlass genommen, die Wiederrichtung des kleinen Gotteshauses nach den verheerenden Kriegen des 17. Jahrhunderts mit zwei Veranstaltungen feierlich zu w\u00fcrdigen.Zu dem ... Weiterlesen ...\" \/>\n<meta property=\"og:url\" content=\"https:\/\/eschringen.de\/wordpress\/geschichte\/archiv\/300-jahre-wiedererrichtung-der-laurentiuskapelle\/\" \/>\n<meta property=\"og:site_name\" content=\"Eschringen\" \/>\n<meta property=\"article:modified_time\" content=\"2024-11-24T22:22:09+00:00\" \/>\n<meta property=\"og:image\" content=\"https:\/\/eschringen.de\/wordpress\/wp-content\/uploads\/2024\/11\/Kapelle1.jpg\" \/>\n<meta name=\"twitter:card\" content=\"summary_large_image\" \/>\n<meta name=\"twitter:label1\" content=\"Gesch\u00e4tzte Lesezeit\" \/>\n\t<meta name=\"twitter:data1\" content=\"6\u00a0Minuten\" \/>\n<script type=\"application\/ld+json\" class=\"yoast-schema-graph\">{\"@context\":\"https:\\\/\\\/schema.org\",\"@graph\":[{\"@type\":\"WebPage\",\"@id\":\"https:\\\/\\\/eschringen.de\\\/wordpress\\\/geschichte\\\/archiv\\\/300-jahre-wiedererrichtung-der-laurentiuskapelle\\\/\",\"url\":\"https:\\\/\\\/eschringen.de\\\/wordpress\\\/geschichte\\\/archiv\\\/300-jahre-wiedererrichtung-der-laurentiuskapelle\\\/\",\"name\":\"12.6.2016: 300 Jahre Wiedererrichtung der Laurentiuskapelle - Eschringen\",\"isPartOf\":{\"@id\":\"https:\\\/\\\/eschringen.de\\\/wordpress\\\/#website\"},\"primaryImageOfPage\":{\"@id\":\"https:\\\/\\\/eschringen.de\\\/wordpress\\\/geschichte\\\/archiv\\\/300-jahre-wiedererrichtung-der-laurentiuskapelle\\\/#primaryimage\"},\"image\":{\"@id\":\"https:\\\/\\\/eschringen.de\\\/wordpress\\\/geschichte\\\/archiv\\\/300-jahre-wiedererrichtung-der-laurentiuskapelle\\\/#primaryimage\"},\"thumbnailUrl\":\"https:\\\/\\\/eschringen.de\\\/wordpress\\\/wp-content\\\/uploads\\\/2024\\\/11\\\/Kapelle1.jpg\",\"datePublished\":\"2017-02-12T13:59:03+00:00\",\"dateModified\":\"2024-11-24T22:22:09+00:00\",\"breadcrumb\":{\"@id\":\"https:\\\/\\\/eschringen.de\\\/wordpress\\\/geschichte\\\/archiv\\\/300-jahre-wiedererrichtung-der-laurentiuskapelle\\\/#breadcrumb\"},\"inLanguage\":\"de\",\"potentialAction\":[{\"@type\":\"ReadAction\",\"target\":[\"https:\\\/\\\/eschringen.de\\\/wordpress\\\/geschichte\\\/archiv\\\/300-jahre-wiedererrichtung-der-laurentiuskapelle\\\/\"]}]},{\"@type\":\"ImageObject\",\"inLanguage\":\"de\",\"@id\":\"https:\\\/\\\/eschringen.de\\\/wordpress\\\/geschichte\\\/archiv\\\/300-jahre-wiedererrichtung-der-laurentiuskapelle\\\/#primaryimage\",\"url\":\"https:\\\/\\\/i0.wp.com\\\/eschringen.de\\\/wordpress\\\/wp-content\\\/uploads\\\/2024\\\/11\\\/Kapelle1.jpg?fit=500%2C375&ssl=1\",\"contentUrl\":\"https:\\\/\\\/i0.wp.com\\\/eschringen.de\\\/wordpress\\\/wp-content\\\/uploads\\\/2024\\\/11\\\/Kapelle1.jpg?fit=500%2C375&ssl=1\",\"width\":500,\"height\":375},{\"@type\":\"BreadcrumbList\",\"@id\":\"https:\\\/\\\/eschringen.de\\\/wordpress\\\/geschichte\\\/archiv\\\/300-jahre-wiedererrichtung-der-laurentiuskapelle\\\/#breadcrumb\",\"itemListElement\":[{\"@type\":\"ListItem\",\"position\":1,\"name\":\"Startseite\",\"item\":\"https:\\\/\\\/eschringen.de\\\/wordpress\\\/\"},{\"@type\":\"ListItem\",\"position\":2,\"name\":\"Geschichte\",\"item\":\"https:\\\/\\\/eschringen.de\\\/wordpress\\\/geschichte\\\/\"},{\"@type\":\"ListItem\",\"position\":3,\"name\":\"Archiv\",\"item\":\"https:\\\/\\\/eschringen.de\\\/wordpress\\\/geschichte\\\/archiv\\\/\"},{\"@type\":\"ListItem\",\"position\":4,\"name\":\"12.6.2016: 300 Jahre Wiedererrichtung der Laurentiuskapelle\"}]},{\"@type\":\"WebSite\",\"@id\":\"https:\\\/\\\/eschringen.de\\\/wordpress\\\/#website\",\"url\":\"https:\\\/\\\/eschringen.de\\\/wordpress\\\/\",\"name\":\"Eschringen\",\"description\":\"\",\"publisher\":{\"@id\":\"https:\\\/\\\/eschringen.de\\\/wordpress\\\/#organization\"},\"potentialAction\":[{\"@type\":\"SearchAction\",\"target\":{\"@type\":\"EntryPoint\",\"urlTemplate\":\"https:\\\/\\\/eschringen.de\\\/wordpress\\\/?s={search_term_string}\"},\"query-input\":{\"@type\":\"PropertyValueSpecification\",\"valueRequired\":true,\"valueName\":\"search_term_string\"}}],\"inLanguage\":\"de\"},{\"@type\":\"Organization\",\"@id\":\"https:\\\/\\\/eschringen.de\\\/wordpress\\\/#organization\",\"name\":\"Eschringen\",\"url\":\"https:\\\/\\\/eschringen.de\\\/wordpress\\\/\",\"logo\":{\"@type\":\"ImageObject\",\"inLanguage\":\"de\",\"@id\":\"https:\\\/\\\/eschringen.de\\\/wordpress\\\/#\\\/schema\\\/logo\\\/image\\\/\",\"url\":\"https:\\\/\\\/eschringen.de\\\/wordpress\\\/wp-content\\\/uploads\\\/2017\\\/03\\\/2017_kw15.jpg\",\"contentUrl\":\"https:\\\/\\\/eschringen.de\\\/wordpress\\\/wp-content\\\/uploads\\\/2017\\\/03\\\/2017_kw15.jpg\",\"width\":784,\"height\":447,\"caption\":\"Eschringen\"},\"image\":{\"@id\":\"https:\\\/\\\/eschringen.de\\\/wordpress\\\/#\\\/schema\\\/logo\\\/image\\\/\"}}]}<\/script>\n<!-- \/ Yoast SEO plugin. -->","yoast_head_json":{"title":"12.6.2016: 300 Jahre Wiedererrichtung der Laurentiuskapelle - Eschringen","robots":{"index":"index","follow":"follow","max-snippet":"max-snippet:-1","max-image-preview":"max-image-preview:large","max-video-preview":"max-video-preview:-1"},"canonical":"https:\/\/eschringen.de\/wordpress\/geschichte\/archiv\/300-jahre-wiedererrichtung-der-laurentiuskapelle\/","og_locale":"de_DE","og_type":"article","og_title":"12.6.2016: 300 Jahre Wiedererrichtung der Laurentiuskapelle - Eschringen","og_description":"Festakt und Konzerte zum Jubil\u00e4um Der \u201eKapellenverein\u201c, so die kurz und knapp gehaltene Bezeichnung des \u201eVereins zur Restaurierung und Erhaltung der Laurentiuskapelle e. V.\u201c hatte die Jahreszahl 1716 im T\u00fcrsturz der altehrw\u00fcrdigen Laurentiuskapelle zum Anlass genommen, die Wiederrichtung des kleinen Gotteshauses nach den verheerenden Kriegen des 17. Jahrhunderts mit zwei Veranstaltungen feierlich zu w\u00fcrdigen.Zu dem ... Weiterlesen ...","og_url":"https:\/\/eschringen.de\/wordpress\/geschichte\/archiv\/300-jahre-wiedererrichtung-der-laurentiuskapelle\/","og_site_name":"Eschringen","article_modified_time":"2024-11-24T22:22:09+00:00","og_image":[{"url":"https:\/\/eschringen.de\/wordpress\/wp-content\/uploads\/2024\/11\/Kapelle1.jpg","type":"","width":"","height":""}],"twitter_card":"summary_large_image","twitter_misc":{"Gesch\u00e4tzte Lesezeit":"6\u00a0Minuten"},"schema":{"@context":"https:\/\/schema.org","@graph":[{"@type":"WebPage","@id":"https:\/\/eschringen.de\/wordpress\/geschichte\/archiv\/300-jahre-wiedererrichtung-der-laurentiuskapelle\/","url":"https:\/\/eschringen.de\/wordpress\/geschichte\/archiv\/300-jahre-wiedererrichtung-der-laurentiuskapelle\/","name":"12.6.2016: 300 Jahre Wiedererrichtung der Laurentiuskapelle - Eschringen","isPartOf":{"@id":"https:\/\/eschringen.de\/wordpress\/#website"},"primaryImageOfPage":{"@id":"https:\/\/eschringen.de\/wordpress\/geschichte\/archiv\/300-jahre-wiedererrichtung-der-laurentiuskapelle\/#primaryimage"},"image":{"@id":"https:\/\/eschringen.de\/wordpress\/geschichte\/archiv\/300-jahre-wiedererrichtung-der-laurentiuskapelle\/#primaryimage"},"thumbnailUrl":"https:\/\/eschringen.de\/wordpress\/wp-content\/uploads\/2024\/11\/Kapelle1.jpg","datePublished":"2017-02-12T13:59:03+00:00","dateModified":"2024-11-24T22:22:09+00:00","breadcrumb":{"@id":"https:\/\/eschringen.de\/wordpress\/geschichte\/archiv\/300-jahre-wiedererrichtung-der-laurentiuskapelle\/#breadcrumb"},"inLanguage":"de","potentialAction":[{"@type":"ReadAction","target":["https:\/\/eschringen.de\/wordpress\/geschichte\/archiv\/300-jahre-wiedererrichtung-der-laurentiuskapelle\/"]}]},{"@type":"ImageObject","inLanguage":"de","@id":"https:\/\/eschringen.de\/wordpress\/geschichte\/archiv\/300-jahre-wiedererrichtung-der-laurentiuskapelle\/#primaryimage","url":"https:\/\/i0.wp.com\/eschringen.de\/wordpress\/wp-content\/uploads\/2024\/11\/Kapelle1.jpg?fit=500%2C375&ssl=1","contentUrl":"https:\/\/i0.wp.com\/eschringen.de\/wordpress\/wp-content\/uploads\/2024\/11\/Kapelle1.jpg?fit=500%2C375&ssl=1","width":500,"height":375},{"@type":"BreadcrumbList","@id":"https:\/\/eschringen.de\/wordpress\/geschichte\/archiv\/300-jahre-wiedererrichtung-der-laurentiuskapelle\/#breadcrumb","itemListElement":[{"@type":"ListItem","position":1,"name":"Startseite","item":"https:\/\/eschringen.de\/wordpress\/"},{"@type":"ListItem","position":2,"name":"Geschichte","item":"https:\/\/eschringen.de\/wordpress\/geschichte\/"},{"@type":"ListItem","position":3,"name":"Archiv","item":"https:\/\/eschringen.de\/wordpress\/geschichte\/archiv\/"},{"@type":"ListItem","position":4,"name":"12.6.2016: 300 Jahre Wiedererrichtung der Laurentiuskapelle"}]},{"@type":"WebSite","@id":"https:\/\/eschringen.de\/wordpress\/#website","url":"https:\/\/eschringen.de\/wordpress\/","name":"Eschringen","description":"","publisher":{"@id":"https:\/\/eschringen.de\/wordpress\/#organization"},"potentialAction":[{"@type":"SearchAction","target":{"@type":"EntryPoint","urlTemplate":"https:\/\/eschringen.de\/wordpress\/?s={search_term_string}"},"query-input":{"@type":"PropertyValueSpecification","valueRequired":true,"valueName":"search_term_string"}}],"inLanguage":"de"},{"@type":"Organization","@id":"https:\/\/eschringen.de\/wordpress\/#organization","name":"Eschringen","url":"https:\/\/eschringen.de\/wordpress\/","logo":{"@type":"ImageObject","inLanguage":"de","@id":"https:\/\/eschringen.de\/wordpress\/#\/schema\/logo\/image\/","url":"https:\/\/eschringen.de\/wordpress\/wp-content\/uploads\/2017\/03\/2017_kw15.jpg","contentUrl":"https:\/\/eschringen.de\/wordpress\/wp-content\/uploads\/2017\/03\/2017_kw15.jpg","width":784,"height":447,"caption":"Eschringen"},"image":{"@id":"https:\/\/eschringen.de\/wordpress\/#\/schema\/logo\/image\/"}}]}},"jetpack_sharing_enabled":true,"_links":{"self":[{"href":"https:\/\/eschringen.de\/wordpress\/wp-json\/wp\/v2\/pages\/609","targetHints":{"allow":["GET"]}}],"collection":[{"href":"https:\/\/eschringen.de\/wordpress\/wp-json\/wp\/v2\/pages"}],"about":[{"href":"https:\/\/eschringen.de\/wordpress\/wp-json\/wp\/v2\/types\/page"}],"author":[{"embeddable":true,"href":"https:\/\/eschringen.de\/wordpress\/wp-json\/wp\/v2\/users\/1"}],"replies":[{"embeddable":true,"href":"https:\/\/eschringen.de\/wordpress\/wp-json\/wp\/v2\/comments?post=609"}],"version-history":[{"count":5,"href":"https:\/\/eschringen.de\/wordpress\/wp-json\/wp\/v2\/pages\/609\/revisions"}],"predecessor-version":[{"id":4877,"href":"https:\/\/eschringen.de\/wordpress\/wp-json\/wp\/v2\/pages\/609\/revisions\/4877"}],"up":[{"embeddable":true,"href":"https:\/\/eschringen.de\/wordpress\/wp-json\/wp\/v2\/pages\/403"}],"wp:attachment":[{"href":"https:\/\/eschringen.de\/wordpress\/wp-json\/wp\/v2\/media?parent=609"}],"curies":[{"name":"wp","href":"https:\/\/api.w.org\/{rel}","templated":true}]}}