{"id":596,"date":"2017-02-12T14:28:40","date_gmt":"2017-02-12T13:28:40","guid":{"rendered":"http:\/\/eschringen.de\/wordpress\/?page_id=596"},"modified":"2017-02-12T14:30:03","modified_gmt":"2017-02-12T13:30:03","slug":"periodisch-erscheinende-schriften","status":"publish","type":"page","link":"https:\/\/eschringen.de\/wordpress\/geschichte\/literatur\/periodisch-erscheinende-schriften\/","title":{"rendered":"Periodisch erscheinende Schriften"},"content":{"rendered":"<ul>\n<li><a href=\"http:\/\/eschringen.de\/wordpress\/geschichte\/eschringer-hefte\/\"><strong>Eschringer Hefte<\/strong><\/a><br \/>\nGeschichtswerkstatt Eschringen\/VHS Halberg. Eschringen seit 1996 \/li&gt;<\/li>\n<li><strong><span style=\"color: #800000;\">Eschringer B\u00fcrgerbrief<\/span><\/strong><br \/>\nSPD Ortsverein Eschringen. Eschringen seit 198?<\/li>\n<li><strong><span style=\"color: #800000;\">Der Durchblick<\/span><\/strong><br \/>\nTUS Eschringen. Eschringen seit 1997<\/li>\n<li><strong><a href=\"http:\/\/eschringen.de\/wordpress\/home-pages\/\">Eschringer Home-Pages<\/a><\/strong><br \/>\nEschringen seit November 2003<\/li>\n<\/ul>\n<p>inzwischen eingestellt:<\/p>\n<ul>\n<li><strong><span style=\"color: #800000;\">Eschringer St. Laurentius-Bote<\/span><\/strong>.<br \/>\nEschringen 1949 &#8211; 1951.<\/li>\n<li><strong><span style=\"color: #800000;\">Mitteilungsblatt Ensheim-Eschringen<\/span><\/strong>.<br \/>\nMerchweiler 1975 &#8211; 1978.<\/li>\n<li><strong><span style=\"color: #800000;\">Ensheim-Eschringer Nachrichten<\/span><\/strong>.<br \/>\nMerchweiler 1978 &#8211; 1982.<\/li>\n<li><strong><span style=\"color: #800000;\">s\u2019Bl\u00e4dche:<\/span><\/strong><br \/>\nEnsheimer, Eschringer, Fechinger Informationen f\u00fcr B\u00fcrger der 3 Stadtteile&#8230; Niederw\u00fcrzbach seit 1997<\/li>\n<\/ul>\n<p><a href=\"http:\/\/eschringen.de\/wordpress\/geschichte\/literatur\/\">zur\u00fcck zu Literatur<\/a><\/p>\n","protected":false},"excerpt":{"rendered":"<p>Eschringer Hefte Geschichtswerkstatt Eschringen\/VHS Halberg. Eschringen seit 1996 \/li&gt; Eschringer B\u00fcrgerbrief SPD Ortsverein Eschringen. Eschringen seit 198? Der Durchblick TUS Eschringen. Eschringen seit 1997 Eschringer Home-Pages Eschringen seit November 2003 inzwischen eingestellt: Eschringer St. Laurentius-Bote. Eschringen 1949 &#8211; 1951. Mitteilungsblatt Ensheim-Eschringen. Merchweiler 1975 &#8211; 1978. Ensheim-Eschringer Nachrichten. Merchweiler 1978 &#8211; 1982. s\u2019Bl\u00e4dche: Ensheimer, Eschringer, Fechinger &#8230; <a title=\"Periodisch erscheinende Schriften\" class=\"read-more\" href=\"https:\/\/eschringen.de\/wordpress\/geschichte\/literatur\/periodisch-erscheinende-schriften\/\" aria-label=\"Mehr Informationen \u00fcber Periodisch erscheinende Schriften\">Weiterlesen &#8230;<\/a><\/p>\n","protected":false},"author":1,"featured_media":0,"parent":405,"menu_order":1,"comment_status":"closed","ping_status":"closed","template":"","meta":{"ngg_post_thumbnail":0,"footnotes":""},"class_list":["post-596","page","type-page","status-publish"],"yoast_head":"<!-- This site is optimized with the Yoast SEO plugin v27.3 - https:\/\/yoast.com\/product\/yoast-seo-wordpress\/ -->\n<title>Periodisch erscheinende Schriften - Eschringen<\/title>\n<meta name=\"robots\" content=\"index, follow, max-snippet:-1, max-image-preview:large, max-video-preview:-1\" \/>\n<link rel=\"canonical\" href=\"https:\/\/eschringen.de\/wordpress\/geschichte\/literatur\/periodisch-erscheinende-schriften\/\" \/>\n<meta property=\"og:locale\" content=\"de_DE\" \/>\n<meta property=\"og:type\" content=\"article\" \/>\n<meta property=\"og:title\" content=\"Periodisch erscheinende Schriften - Eschringen\" \/>\n<meta property=\"og:description\" content=\"Eschringer Hefte Geschichtswerkstatt Eschringen\/VHS Halberg. Eschringen seit 1996 \/li&gt; Eschringer B\u00fcrgerbrief SPD Ortsverein Eschringen. Eschringen seit 198? Der Durchblick TUS Eschringen. Eschringen seit 1997 Eschringer Home-Pages Eschringen seit November 2003 inzwischen eingestellt: Eschringer St. Laurentius-Bote. Eschringen 1949 &#8211; 1951. Mitteilungsblatt Ensheim-Eschringen. Merchweiler 1975 &#8211; 1978. Ensheim-Eschringer Nachrichten. Merchweiler 1978 &#8211; 1982. s\u2019Bl\u00e4dche: Ensheimer, Eschringer, Fechinger ... Weiterlesen ...\" \/>\n<meta property=\"og:url\" content=\"https:\/\/eschringen.de\/wordpress\/geschichte\/literatur\/periodisch-erscheinende-schriften\/\" \/>\n<meta property=\"og:site_name\" content=\"Eschringen\" \/>\n<meta property=\"article:modified_time\" content=\"2017-02-12T13:30:03+00:00\" \/>\n<meta name=\"twitter:card\" content=\"summary_large_image\" \/>\n<script type=\"application\/ld+json\" class=\"yoast-schema-graph\">{\"@context\":\"https:\\\/\\\/schema.org\",\"@graph\":[{\"@type\":\"WebPage\",\"@id\":\"https:\\\/\\\/eschringen.de\\\/wordpress\\\/geschichte\\\/literatur\\\/periodisch-erscheinende-schriften\\\/\",\"url\":\"https:\\\/\\\/eschringen.de\\\/wordpress\\\/geschichte\\\/literatur\\\/periodisch-erscheinende-schriften\\\/\",\"name\":\"Periodisch erscheinende Schriften - Eschringen\",\"isPartOf\":{\"@id\":\"https:\\\/\\\/eschringen.de\\\/wordpress\\\/#website\"},\"datePublished\":\"2017-02-12T13:28:40+00:00\",\"dateModified\":\"2017-02-12T13:30:03+00:00\",\"breadcrumb\":{\"@id\":\"https:\\\/\\\/eschringen.de\\\/wordpress\\\/geschichte\\\/literatur\\\/periodisch-erscheinende-schriften\\\/#breadcrumb\"},\"inLanguage\":\"de\",\"potentialAction\":[{\"@type\":\"ReadAction\",\"target\":[\"https:\\\/\\\/eschringen.de\\\/wordpress\\\/geschichte\\\/literatur\\\/periodisch-erscheinende-schriften\\\/\"]}]},{\"@type\":\"BreadcrumbList\",\"@id\":\"https:\\\/\\\/eschringen.de\\\/wordpress\\\/geschichte\\\/literatur\\\/periodisch-erscheinende-schriften\\\/#breadcrumb\",\"itemListElement\":[{\"@type\":\"ListItem\",\"position\":1,\"name\":\"Startseite\",\"item\":\"https:\\\/\\\/eschringen.de\\\/wordpress\\\/\"},{\"@type\":\"ListItem\",\"position\":2,\"name\":\"Geschichte\",\"item\":\"https:\\\/\\\/eschringen.de\\\/wordpress\\\/geschichte\\\/\"},{\"@type\":\"ListItem\",\"position\":3,\"name\":\"Literatur\",\"item\":\"https:\\\/\\\/eschringen.de\\\/wordpress\\\/geschichte\\\/literatur\\\/\"},{\"@type\":\"ListItem\",\"position\":4,\"name\":\"Periodisch erscheinende Schriften\"}]},{\"@type\":\"WebSite\",\"@id\":\"https:\\\/\\\/eschringen.de\\\/wordpress\\\/#website\",\"url\":\"https:\\\/\\\/eschringen.de\\\/wordpress\\\/\",\"name\":\"Eschringen\",\"description\":\"\",\"publisher\":{\"@id\":\"https:\\\/\\\/eschringen.de\\\/wordpress\\\/#organization\"},\"potentialAction\":[{\"@type\":\"SearchAction\",\"target\":{\"@type\":\"EntryPoint\",\"urlTemplate\":\"https:\\\/\\\/eschringen.de\\\/wordpress\\\/?s={search_term_string}\"},\"query-input\":{\"@type\":\"PropertyValueSpecification\",\"valueRequired\":true,\"valueName\":\"search_term_string\"}}],\"inLanguage\":\"de\"},{\"@type\":\"Organization\",\"@id\":\"https:\\\/\\\/eschringen.de\\\/wordpress\\\/#organization\",\"name\":\"Eschringen\",\"url\":\"https:\\\/\\\/eschringen.de\\\/wordpress\\\/\",\"logo\":{\"@type\":\"ImageObject\",\"inLanguage\":\"de\",\"@id\":\"https:\\\/\\\/eschringen.de\\\/wordpress\\\/#\\\/schema\\\/logo\\\/image\\\/\",\"url\":\"https:\\\/\\\/eschringen.de\\\/wordpress\\\/wp-content\\\/uploads\\\/2017\\\/03\\\/2017_kw15.jpg\",\"contentUrl\":\"https:\\\/\\\/eschringen.de\\\/wordpress\\\/wp-content\\\/uploads\\\/2017\\\/03\\\/2017_kw15.jpg\",\"width\":784,\"height\":447,\"caption\":\"Eschringen\"},\"image\":{\"@id\":\"https:\\\/\\\/eschringen.de\\\/wordpress\\\/#\\\/schema\\\/logo\\\/image\\\/\"}}]}<\/script>\n<!-- \/ Yoast SEO plugin. -->","yoast_head_json":{"title":"Periodisch erscheinende Schriften - Eschringen","robots":{"index":"index","follow":"follow","max-snippet":"max-snippet:-1","max-image-preview":"max-image-preview:large","max-video-preview":"max-video-preview:-1"},"canonical":"https:\/\/eschringen.de\/wordpress\/geschichte\/literatur\/periodisch-erscheinende-schriften\/","og_locale":"de_DE","og_type":"article","og_title":"Periodisch erscheinende Schriften - Eschringen","og_description":"Eschringer Hefte Geschichtswerkstatt Eschringen\/VHS Halberg. Eschringen seit 1996 \/li&gt; Eschringer B\u00fcrgerbrief SPD Ortsverein Eschringen. Eschringen seit 198? Der Durchblick TUS Eschringen. Eschringen seit 1997 Eschringer Home-Pages Eschringen seit November 2003 inzwischen eingestellt: Eschringer St. Laurentius-Bote. Eschringen 1949 &#8211; 1951. Mitteilungsblatt Ensheim-Eschringen. Merchweiler 1975 &#8211; 1978. Ensheim-Eschringer Nachrichten. Merchweiler 1978 &#8211; 1982. s\u2019Bl\u00e4dche: Ensheimer, Eschringer, Fechinger ... Weiterlesen ...","og_url":"https:\/\/eschringen.de\/wordpress\/geschichte\/literatur\/periodisch-erscheinende-schriften\/","og_site_name":"Eschringen","article_modified_time":"2017-02-12T13:30:03+00:00","twitter_card":"summary_large_image","schema":{"@context":"https:\/\/schema.org","@graph":[{"@type":"WebPage","@id":"https:\/\/eschringen.de\/wordpress\/geschichte\/literatur\/periodisch-erscheinende-schriften\/","url":"https:\/\/eschringen.de\/wordpress\/geschichte\/literatur\/periodisch-erscheinende-schriften\/","name":"Periodisch erscheinende Schriften - Eschringen","isPartOf":{"@id":"https:\/\/eschringen.de\/wordpress\/#website"},"datePublished":"2017-02-12T13:28:40+00:00","dateModified":"2017-02-12T13:30:03+00:00","breadcrumb":{"@id":"https:\/\/eschringen.de\/wordpress\/geschichte\/literatur\/periodisch-erscheinende-schriften\/#breadcrumb"},"inLanguage":"de","potentialAction":[{"@type":"ReadAction","target":["https:\/\/eschringen.de\/wordpress\/geschichte\/literatur\/periodisch-erscheinende-schriften\/"]}]},{"@type":"BreadcrumbList","@id":"https:\/\/eschringen.de\/wordpress\/geschichte\/literatur\/periodisch-erscheinende-schriften\/#breadcrumb","itemListElement":[{"@type":"ListItem","position":1,"name":"Startseite","item":"https:\/\/eschringen.de\/wordpress\/"},{"@type":"ListItem","position":2,"name":"Geschichte","item":"https:\/\/eschringen.de\/wordpress\/geschichte\/"},{"@type":"ListItem","position":3,"name":"Literatur","item":"https:\/\/eschringen.de\/wordpress\/geschichte\/literatur\/"},{"@type":"ListItem","position":4,"name":"Periodisch erscheinende Schriften"}]},{"@type":"WebSite","@id":"https:\/\/eschringen.de\/wordpress\/#website","url":"https:\/\/eschringen.de\/wordpress\/","name":"Eschringen","description":"","publisher":{"@id":"https:\/\/eschringen.de\/wordpress\/#organization"},"potentialAction":[{"@type":"SearchAction","target":{"@type":"EntryPoint","urlTemplate":"https:\/\/eschringen.de\/wordpress\/?s={search_term_string}"},"query-input":{"@type":"PropertyValueSpecification","valueRequired":true,"valueName":"search_term_string"}}],"inLanguage":"de"},{"@type":"Organization","@id":"https:\/\/eschringen.de\/wordpress\/#organization","name":"Eschringen","url":"https:\/\/eschringen.de\/wordpress\/","logo":{"@type":"ImageObject","inLanguage":"de","@id":"https:\/\/eschringen.de\/wordpress\/#\/schema\/logo\/image\/","url":"https:\/\/eschringen.de\/wordpress\/wp-content\/uploads\/2017\/03\/2017_kw15.jpg","contentUrl":"https:\/\/eschringen.de\/wordpress\/wp-content\/uploads\/2017\/03\/2017_kw15.jpg","width":784,"height":447,"caption":"Eschringen"},"image":{"@id":"https:\/\/eschringen.de\/wordpress\/#\/schema\/logo\/image\/"}}]}},"jetpack_sharing_enabled":true,"_links":{"self":[{"href":"https:\/\/eschringen.de\/wordpress\/wp-json\/wp\/v2\/pages\/596","targetHints":{"allow":["GET"]}}],"collection":[{"href":"https:\/\/eschringen.de\/wordpress\/wp-json\/wp\/v2\/pages"}],"about":[{"href":"https:\/\/eschringen.de\/wordpress\/wp-json\/wp\/v2\/types\/page"}],"author":[{"embeddable":true,"href":"https:\/\/eschringen.de\/wordpress\/wp-json\/wp\/v2\/users\/1"}],"replies":[{"embeddable":true,"href":"https:\/\/eschringen.de\/wordpress\/wp-json\/wp\/v2\/comments?post=596"}],"version-history":[{"count":3,"href":"https:\/\/eschringen.de\/wordpress\/wp-json\/wp\/v2\/pages\/596\/revisions"}],"predecessor-version":[{"id":600,"href":"https:\/\/eschringen.de\/wordpress\/wp-json\/wp\/v2\/pages\/596\/revisions\/600"}],"up":[{"embeddable":true,"href":"https:\/\/eschringen.de\/wordpress\/wp-json\/wp\/v2\/pages\/405"}],"wp:attachment":[{"href":"https:\/\/eschringen.de\/wordpress\/wp-json\/wp\/v2\/media?parent=596"}],"curies":[{"name":"wp","href":"https:\/\/api.w.org\/{rel}","templated":true}]}}