{"id":587,"date":"2017-02-12T14:08:05","date_gmt":"2017-02-12T13:08:05","guid":{"rendered":"http:\/\/eschringen.de\/wordpress\/?page_id=587"},"modified":"2022-08-20T12:20:33","modified_gmt":"2022-08-20T10:20:33","slug":"das-wundersame-lorenzwasser","status":"publish","type":"page","link":"https:\/\/eschringen.de\/wordpress\/geschichte\/sagen\/das-wundersame-lorenzwasser\/","title":{"rendered":"Das wundersame Lorenzwasser"},"content":{"rendered":"\n<p>Vor nicht allzu langer Zeit hatte die Eschringer Dorfgemeinschaft, nach langem Hin und Her, beschlossen, den durch einen Stall \u00fcberbauten Laurentiusbrunnen wieder zug\u00e4nglich zu machen. Ein neuer Schacht wurde gegraben, und der ortsans\u00e4ssige Steinmetz fertigte eine w\u00fcrdige Figur des Heiligen an. Nat\u00fcrlich musste die Einweihung des neuen Brunnens geb\u00fchrend gefeiert werden, und so kam man um den Laurentiustag im August zu einem Fest zusammen. Man wollte auch Geld sammeln, denn der neue Brunnen hatte viel gekostet. Jede gute Idee war also willkommen. So gab es denn an diesem Tage in kleinen gr\u00fcnen Flaschen &#8222;Lorenzwasser&#8220; zu kaufen, und viele Leute griffen zu &#8211; trotz des ordentlichen Preises. In den Nachbard\u00f6rfern hatte sich dies herumgesprochen, und in Ensheim erz\u00e4hlte man sich staunend: &#8222;Ei, die Eschringer, die sinn\u2019 ja schlauer, als mer denkt. Die verkaafen jetzt schon des Wasser aus ihr\u2019m Lorenzebrunne fier deier Geld.&#8220;<\/p>\n\n\n\n<p>Weil es ja Sommer war, hatte sich ein junger, durstiger Mann unterwegs an das Fl\u00e4schchen &#8222;Lorenzwasser&#8220;, das er von Freunden geschenkt bekommen hatte, erinnert, und er nahm schlie\u00dflich einen kr\u00e4ftigen Schluck daraus &#8211; im guten Glauben an ein k\u00f6stliches, erfrischendes Nass. Doch er schreckte hustend und prustend zusammen, denn was er und manch anderer offenbar nicht wusste: In der Flasche war kein Brunnen-, sondern Obstwasser!<\/p>\n\n\n\n<h6 class=\"wp-block-heading\"><b>Anmerkung:<\/b> Diese Geschichte hat sich tats\u00e4chlich im August 1997, im Anschluss an die Einweihung des wiederhergestellten Laurentiusbrunnens, zugetragen. Dieses hochprozentige &#8222;Lebenswasser&#8220; gibt es nebenbei schon l\u00e4nger. Die Katholische Jugend Eschringen verkauft es bereits seit einigen Jahren zur Unterst\u00fctzung der von Schwester Wiltrud gef\u00fchrten Missionsstation Akwatia in Ghana. Dort wurden u. a. zwei Brunnen gebohrt (einer hei\u00dft &#8222;Pfr.-Geibs-Laurentius-Brunnen). Spenden k\u00f6nnen nach wie vor unter dem Stichwort &#8222;Wasser f\u00fcr Ghana&#8220; an das Projektkonto Nr. 63 000 108 bei der Volksbank Blies- und Mandelbachtal eG (BLZ 594 913 00) \u00fcberwiesen werden.<\/h6>\n\n\n\n<p><a href=\"http:\/\/eschringen.de\/wordpress\/geschichte\/sagen\/\">zur\u00fcck zu den Sagen<\/a><\/p>\n","protected":false},"excerpt":{"rendered":"<p>Vor nicht allzu langer Zeit hatte die Eschringer Dorfgemeinschaft, nach langem Hin und Her, beschlossen, den durch einen Stall \u00fcberbauten Laurentiusbrunnen wieder zug\u00e4nglich zu machen. Ein neuer Schacht wurde gegraben, und der ortsans\u00e4ssige Steinmetz fertigte eine w\u00fcrdige Figur des Heiligen an. Nat\u00fcrlich musste die Einweihung des neuen Brunnens geb\u00fchrend gefeiert werden, und so kam man &#8230; <a title=\"Das wundersame Lorenzwasser\" class=\"read-more\" href=\"https:\/\/eschringen.de\/wordpress\/geschichte\/sagen\/das-wundersame-lorenzwasser\/\" aria-label=\"Mehr Informationen \u00fcber Das wundersame Lorenzwasser\">Weiterlesen &#8230;<\/a><\/p>\n","protected":false},"author":1,"featured_media":0,"parent":409,"menu_order":8,"comment_status":"closed","ping_status":"closed","template":"","meta":{"ngg_post_thumbnail":0,"footnotes":""},"class_list":["post-587","page","type-page","status-publish"],"yoast_head":"<!-- This site is optimized with the Yoast SEO plugin v27.5 - https:\/\/yoast.com\/product\/yoast-seo-wordpress\/ -->\n<title>Das wundersame Lorenzwasser - Eschringen<\/title>\n<meta name=\"robots\" content=\"index, follow, max-snippet:-1, max-image-preview:large, max-video-preview:-1\" \/>\n<link rel=\"canonical\" href=\"https:\/\/eschringen.de\/wordpress\/geschichte\/sagen\/das-wundersame-lorenzwasser\/\" \/>\n<meta property=\"og:locale\" content=\"de_DE\" \/>\n<meta property=\"og:type\" content=\"article\" \/>\n<meta property=\"og:title\" content=\"Das wundersame Lorenzwasser - Eschringen\" \/>\n<meta property=\"og:description\" content=\"Vor nicht allzu langer Zeit hatte die Eschringer Dorfgemeinschaft, nach langem Hin und Her, beschlossen, den durch einen Stall \u00fcberbauten Laurentiusbrunnen wieder zug\u00e4nglich zu machen. Ein neuer Schacht wurde gegraben, und der ortsans\u00e4ssige Steinmetz fertigte eine w\u00fcrdige Figur des Heiligen an. Nat\u00fcrlich musste die Einweihung des neuen Brunnens geb\u00fchrend gefeiert werden, und so kam man ... Weiterlesen ...\" \/>\n<meta property=\"og:url\" content=\"https:\/\/eschringen.de\/wordpress\/geschichte\/sagen\/das-wundersame-lorenzwasser\/\" \/>\n<meta property=\"og:site_name\" content=\"Eschringen\" \/>\n<meta property=\"article:modified_time\" content=\"2022-08-20T10:20:33+00:00\" \/>\n<meta name=\"twitter:card\" content=\"summary_large_image\" \/>\n<meta name=\"twitter:label1\" content=\"Gesch\u00e4tzte Lesezeit\" \/>\n\t<meta name=\"twitter:data1\" content=\"2\u00a0Minuten\" \/>\n<script type=\"application\/ld+json\" class=\"yoast-schema-graph\">{\"@context\":\"https:\\\/\\\/schema.org\",\"@graph\":[{\"@type\":\"WebPage\",\"@id\":\"https:\\\/\\\/eschringen.de\\\/wordpress\\\/geschichte\\\/sagen\\\/das-wundersame-lorenzwasser\\\/\",\"url\":\"https:\\\/\\\/eschringen.de\\\/wordpress\\\/geschichte\\\/sagen\\\/das-wundersame-lorenzwasser\\\/\",\"name\":\"Das wundersame Lorenzwasser - Eschringen\",\"isPartOf\":{\"@id\":\"https:\\\/\\\/eschringen.de\\\/wordpress\\\/#website\"},\"datePublished\":\"2017-02-12T13:08:05+00:00\",\"dateModified\":\"2022-08-20T10:20:33+00:00\",\"breadcrumb\":{\"@id\":\"https:\\\/\\\/eschringen.de\\\/wordpress\\\/geschichte\\\/sagen\\\/das-wundersame-lorenzwasser\\\/#breadcrumb\"},\"inLanguage\":\"de\",\"potentialAction\":[{\"@type\":\"ReadAction\",\"target\":[\"https:\\\/\\\/eschringen.de\\\/wordpress\\\/geschichte\\\/sagen\\\/das-wundersame-lorenzwasser\\\/\"]}]},{\"@type\":\"BreadcrumbList\",\"@id\":\"https:\\\/\\\/eschringen.de\\\/wordpress\\\/geschichte\\\/sagen\\\/das-wundersame-lorenzwasser\\\/#breadcrumb\",\"itemListElement\":[{\"@type\":\"ListItem\",\"position\":1,\"name\":\"Startseite\",\"item\":\"https:\\\/\\\/eschringen.de\\\/wordpress\\\/\"},{\"@type\":\"ListItem\",\"position\":2,\"name\":\"Geschichte\",\"item\":\"https:\\\/\\\/eschringen.de\\\/wordpress\\\/geschichte\\\/\"},{\"@type\":\"ListItem\",\"position\":3,\"name\":\"Sagen\",\"item\":\"https:\\\/\\\/eschringen.de\\\/wordpress\\\/geschichte\\\/sagen\\\/\"},{\"@type\":\"ListItem\",\"position\":4,\"name\":\"Das wundersame Lorenzwasser\"}]},{\"@type\":\"WebSite\",\"@id\":\"https:\\\/\\\/eschringen.de\\\/wordpress\\\/#website\",\"url\":\"https:\\\/\\\/eschringen.de\\\/wordpress\\\/\",\"name\":\"Eschringen\",\"description\":\"\",\"publisher\":{\"@id\":\"https:\\\/\\\/eschringen.de\\\/wordpress\\\/#organization\"},\"potentialAction\":[{\"@type\":\"SearchAction\",\"target\":{\"@type\":\"EntryPoint\",\"urlTemplate\":\"https:\\\/\\\/eschringen.de\\\/wordpress\\\/?s={search_term_string}\"},\"query-input\":{\"@type\":\"PropertyValueSpecification\",\"valueRequired\":true,\"valueName\":\"search_term_string\"}}],\"inLanguage\":\"de\"},{\"@type\":\"Organization\",\"@id\":\"https:\\\/\\\/eschringen.de\\\/wordpress\\\/#organization\",\"name\":\"Eschringen\",\"url\":\"https:\\\/\\\/eschringen.de\\\/wordpress\\\/\",\"logo\":{\"@type\":\"ImageObject\",\"inLanguage\":\"de\",\"@id\":\"https:\\\/\\\/eschringen.de\\\/wordpress\\\/#\\\/schema\\\/logo\\\/image\\\/\",\"url\":\"https:\\\/\\\/eschringen.de\\\/wordpress\\\/wp-content\\\/uploads\\\/2017\\\/03\\\/2017_kw15.jpg\",\"contentUrl\":\"https:\\\/\\\/eschringen.de\\\/wordpress\\\/wp-content\\\/uploads\\\/2017\\\/03\\\/2017_kw15.jpg\",\"width\":784,\"height\":447,\"caption\":\"Eschringen\"},\"image\":{\"@id\":\"https:\\\/\\\/eschringen.de\\\/wordpress\\\/#\\\/schema\\\/logo\\\/image\\\/\"}}]}<\/script>\n<!-- \/ Yoast SEO plugin. -->","yoast_head_json":{"title":"Das wundersame Lorenzwasser - Eschringen","robots":{"index":"index","follow":"follow","max-snippet":"max-snippet:-1","max-image-preview":"max-image-preview:large","max-video-preview":"max-video-preview:-1"},"canonical":"https:\/\/eschringen.de\/wordpress\/geschichte\/sagen\/das-wundersame-lorenzwasser\/","og_locale":"de_DE","og_type":"article","og_title":"Das wundersame Lorenzwasser - Eschringen","og_description":"Vor nicht allzu langer Zeit hatte die Eschringer Dorfgemeinschaft, nach langem Hin und Her, beschlossen, den durch einen Stall \u00fcberbauten Laurentiusbrunnen wieder zug\u00e4nglich zu machen. Ein neuer Schacht wurde gegraben, und der ortsans\u00e4ssige Steinmetz fertigte eine w\u00fcrdige Figur des Heiligen an. Nat\u00fcrlich musste die Einweihung des neuen Brunnens geb\u00fchrend gefeiert werden, und so kam man ... Weiterlesen ...","og_url":"https:\/\/eschringen.de\/wordpress\/geschichte\/sagen\/das-wundersame-lorenzwasser\/","og_site_name":"Eschringen","article_modified_time":"2022-08-20T10:20:33+00:00","twitter_card":"summary_large_image","twitter_misc":{"Gesch\u00e4tzte Lesezeit":"2\u00a0Minuten"},"schema":{"@context":"https:\/\/schema.org","@graph":[{"@type":"WebPage","@id":"https:\/\/eschringen.de\/wordpress\/geschichte\/sagen\/das-wundersame-lorenzwasser\/","url":"https:\/\/eschringen.de\/wordpress\/geschichte\/sagen\/das-wundersame-lorenzwasser\/","name":"Das wundersame Lorenzwasser - Eschringen","isPartOf":{"@id":"https:\/\/eschringen.de\/wordpress\/#website"},"datePublished":"2017-02-12T13:08:05+00:00","dateModified":"2022-08-20T10:20:33+00:00","breadcrumb":{"@id":"https:\/\/eschringen.de\/wordpress\/geschichte\/sagen\/das-wundersame-lorenzwasser\/#breadcrumb"},"inLanguage":"de","potentialAction":[{"@type":"ReadAction","target":["https:\/\/eschringen.de\/wordpress\/geschichte\/sagen\/das-wundersame-lorenzwasser\/"]}]},{"@type":"BreadcrumbList","@id":"https:\/\/eschringen.de\/wordpress\/geschichte\/sagen\/das-wundersame-lorenzwasser\/#breadcrumb","itemListElement":[{"@type":"ListItem","position":1,"name":"Startseite","item":"https:\/\/eschringen.de\/wordpress\/"},{"@type":"ListItem","position":2,"name":"Geschichte","item":"https:\/\/eschringen.de\/wordpress\/geschichte\/"},{"@type":"ListItem","position":3,"name":"Sagen","item":"https:\/\/eschringen.de\/wordpress\/geschichte\/sagen\/"},{"@type":"ListItem","position":4,"name":"Das wundersame Lorenzwasser"}]},{"@type":"WebSite","@id":"https:\/\/eschringen.de\/wordpress\/#website","url":"https:\/\/eschringen.de\/wordpress\/","name":"Eschringen","description":"","publisher":{"@id":"https:\/\/eschringen.de\/wordpress\/#organization"},"potentialAction":[{"@type":"SearchAction","target":{"@type":"EntryPoint","urlTemplate":"https:\/\/eschringen.de\/wordpress\/?s={search_term_string}"},"query-input":{"@type":"PropertyValueSpecification","valueRequired":true,"valueName":"search_term_string"}}],"inLanguage":"de"},{"@type":"Organization","@id":"https:\/\/eschringen.de\/wordpress\/#organization","name":"Eschringen","url":"https:\/\/eschringen.de\/wordpress\/","logo":{"@type":"ImageObject","inLanguage":"de","@id":"https:\/\/eschringen.de\/wordpress\/#\/schema\/logo\/image\/","url":"https:\/\/eschringen.de\/wordpress\/wp-content\/uploads\/2017\/03\/2017_kw15.jpg","contentUrl":"https:\/\/eschringen.de\/wordpress\/wp-content\/uploads\/2017\/03\/2017_kw15.jpg","width":784,"height":447,"caption":"Eschringen"},"image":{"@id":"https:\/\/eschringen.de\/wordpress\/#\/schema\/logo\/image\/"}}]}},"jetpack_sharing_enabled":true,"_links":{"self":[{"href":"https:\/\/eschringen.de\/wordpress\/wp-json\/wp\/v2\/pages\/587","targetHints":{"allow":["GET"]}}],"collection":[{"href":"https:\/\/eschringen.de\/wordpress\/wp-json\/wp\/v2\/pages"}],"about":[{"href":"https:\/\/eschringen.de\/wordpress\/wp-json\/wp\/v2\/types\/page"}],"author":[{"embeddable":true,"href":"https:\/\/eschringen.de\/wordpress\/wp-json\/wp\/v2\/users\/1"}],"replies":[{"embeddable":true,"href":"https:\/\/eschringen.de\/wordpress\/wp-json\/wp\/v2\/comments?post=587"}],"version-history":[{"count":2,"href":"https:\/\/eschringen.de\/wordpress\/wp-json\/wp\/v2\/pages\/587\/revisions"}],"predecessor-version":[{"id":3807,"href":"https:\/\/eschringen.de\/wordpress\/wp-json\/wp\/v2\/pages\/587\/revisions\/3807"}],"up":[{"embeddable":true,"href":"https:\/\/eschringen.de\/wordpress\/wp-json\/wp\/v2\/pages\/409"}],"wp:attachment":[{"href":"https:\/\/eschringen.de\/wordpress\/wp-json\/wp\/v2\/media?parent=587"}],"curies":[{"name":"wp","href":"https:\/\/api.w.org\/{rel}","templated":true}]}}