{"id":5725,"date":"2026-05-01T14:49:16","date_gmt":"2026-05-01T12:49:16","guid":{"rendered":"https:\/\/eschringen.de\/wordpress\/?page_id=5725"},"modified":"2026-05-01T14:57:38","modified_gmt":"2026-05-01T12:57:38","slug":"2-april-2026-laurentiusbrunnen-wieder-begehbar","status":"publish","type":"page","link":"https:\/\/eschringen.de\/wordpress\/geschichte\/archiv\/2-april-2026-laurentiusbrunnen-wieder-begehbar\/","title":{"rendered":"2. April 2026 &#8211; Laurentiusbrunnen wieder begehbar"},"content":{"rendered":"\n<p>Es war eine Geschichte, die sich \u00fcber Monate hinzog, aber der Reihe nach.<\/p>\n\n\n\n<h5 class=\"wp-block-heading\">13.10.2025: Sperrung des Brunnens<\/h5>\n\n\n<div class=\"wp-block-image\">\n<figure class=\"alignright size-medium\"><a href=\"https:\/\/i0.wp.com\/eschringen.de\/wordpress\/wp-content\/uploads\/2026\/05\/Brunnen_01.jpg?ssl=1\"><img data-recalc-dims=\"1\" loading=\"lazy\" decoding=\"async\" width=\"300\" height=\"205\" src=\"https:\/\/i0.wp.com\/eschringen.de\/wordpress\/wp-content\/uploads\/2026\/05\/Brunnen_01.jpg?resize=300%2C205&#038;ssl=1\" alt=\"\" class=\"wp-image-5715\" srcset=\"https:\/\/i0.wp.com\/eschringen.de\/wordpress\/wp-content\/uploads\/2026\/05\/Brunnen_01.jpg?resize=300%2C205&amp;ssl=1 300w, https:\/\/i0.wp.com\/eschringen.de\/wordpress\/wp-content\/uploads\/2026\/05\/Brunnen_01.jpg?resize=768%2C524&amp;ssl=1 768w, https:\/\/i0.wp.com\/eschringen.de\/wordpress\/wp-content\/uploads\/2026\/05\/Brunnen_01.jpg?w=1000&amp;ssl=1 1000w\" sizes=\"auto, (max-width: 300px) 100vw, 300px\" \/><\/a><\/figure>\n<\/div>\n\n\n<p>Nachdem Wurzeln des Baumes einige Pflastersteine hochgedr\u00fcckt hatten und erst einmal gekl\u00e4rt werden musste, was nun gemacht wird und wer die Finanzierung \u00fcbernimmt, sperrte die Stadt Saarbr\u00fccken wegen Sturzgefahr die Brunnenanlage.<\/p>\n\n\n\n<p>Etliche Ortstermine mit Stadt, Umweltamt usw. folgten, w\u00e4hrend gleichzeitig gekl\u00e4rt wurde, wer der Eigent\u00fcmer ist und wer f\u00fcr die Instandhaltung zust\u00e4ndig ist.<\/p>\n\n\n\n<p>Am Ende kam dabei heraus, dass uns die Stadt Materialien zur Verf\u00fcgung stellt, aber f\u00fcr die Arbeiten musste die Arbeitsgemeinschaft selbst sorgen.<\/p>\n\n\n\n<h5 class=\"wp-block-heading\">26.3.2026: Entfernung der Pflastersteine<\/h5>\n\n\n<div class=\"wp-block-image\">\n<figure class=\"alignright size-medium\"><a href=\"https:\/\/i0.wp.com\/eschringen.de\/wordpress\/wp-content\/uploads\/2026\/05\/Brunnen_02.jpg?ssl=1\"><img data-recalc-dims=\"1\" loading=\"lazy\" decoding=\"async\" width=\"277\" height=\"300\" src=\"https:\/\/i0.wp.com\/eschringen.de\/wordpress\/wp-content\/uploads\/2026\/05\/Brunnen_02.jpg?resize=277%2C300&#038;ssl=1\" alt=\"\" class=\"wp-image-5716\" srcset=\"https:\/\/i0.wp.com\/eschringen.de\/wordpress\/wp-content\/uploads\/2026\/05\/Brunnen_02.jpg?resize=277%2C300&amp;ssl=1 277w, https:\/\/i0.wp.com\/eschringen.de\/wordpress\/wp-content\/uploads\/2026\/05\/Brunnen_02.jpg?resize=945%2C1024&amp;ssl=1 945w, https:\/\/i0.wp.com\/eschringen.de\/wordpress\/wp-content\/uploads\/2026\/05\/Brunnen_02.jpg?resize=768%2C833&amp;ssl=1 768w, https:\/\/i0.wp.com\/eschringen.de\/wordpress\/wp-content\/uploads\/2026\/05\/Brunnen_02.jpg?w=1000&amp;ssl=1 1000w\" sizes=\"auto, (max-width: 277px) 100vw, 277px\" \/><\/a><\/figure>\n<\/div>\n\n\n<p>Relativ schnell fand sich ein Team aus vier M\u00e4nnern zusammen, die sich bereit erkl\u00e4rten, die Arbeit zu \u00fcbernehmen.<\/p>\n\n\n\n<p>Zuerst musste klar sein, wer die Pflastersteine \u00fcbernimmt bzw. sie abtransportiert. Hier gab es aber die kleine Eschringer L\u00f6sung, indem sie im Ort wieder verwertet werden konnten.<\/p>\n\n\n\n<p>Nachdem die Steine entfernt und verladen waren offenbarte sich erst der Untergrund, auf den man aufbauen musste.<\/p>\n\n\n\n<p>Vorab Material zu ordern w\u00e4re nicht sinnvoll gewesen, da erst jetzt klar wurde, was und wieviel man f\u00fcr einen stabilen Unterbau ben\u00f6tigte.<\/p>\n\n\n<div class=\"wp-block-image\">\n<figure class=\"alignright size-medium\"><a href=\"https:\/\/i0.wp.com\/eschringen.de\/wordpress\/wp-content\/uploads\/2026\/05\/Brunnen_03.jpg?ssl=1\"><img data-recalc-dims=\"1\" loading=\"lazy\" decoding=\"async\" width=\"300\" height=\"251\" src=\"https:\/\/i0.wp.com\/eschringen.de\/wordpress\/wp-content\/uploads\/2026\/05\/Brunnen_03.jpg?resize=300%2C251&#038;ssl=1\" alt=\"\" class=\"wp-image-5717\" srcset=\"https:\/\/i0.wp.com\/eschringen.de\/wordpress\/wp-content\/uploads\/2026\/05\/Brunnen_03.jpg?resize=300%2C251&amp;ssl=1 300w, https:\/\/i0.wp.com\/eschringen.de\/wordpress\/wp-content\/uploads\/2026\/05\/Brunnen_03.jpg?resize=768%2C642&amp;ssl=1 768w, https:\/\/i0.wp.com\/eschringen.de\/wordpress\/wp-content\/uploads\/2026\/05\/Brunnen_03.jpg?w=1000&amp;ssl=1 1000w\" sizes=\"auto, (max-width: 300px) 100vw, 300px\" \/><\/a><\/figure>\n<\/div>\n\n\n<p>Mit viel Sorgfalt wurde alles freigelegt, damit man danach den Materialplan aufstellen konnte.<\/p>\n\n\n\n<p>Die Stadt Saarbr\u00fccken hatte uns bereits im Vorfeld zugesagt, dass wir Schotter, Kalksplit, Randsteine und Beton bekommen.<\/p>\n\n\n<div class=\"wp-block-image\">\n<figure class=\"alignleft size-medium\"><a href=\"https:\/\/i0.wp.com\/eschringen.de\/wordpress\/wp-content\/uploads\/2026\/05\/Brunnen_04.jpg?ssl=1\"><img data-recalc-dims=\"1\" loading=\"lazy\" decoding=\"async\" width=\"300\" height=\"283\" src=\"https:\/\/i0.wp.com\/eschringen.de\/wordpress\/wp-content\/uploads\/2026\/05\/Brunnen_04.jpg?resize=300%2C283&#038;ssl=1\" alt=\"\" class=\"wp-image-5718\" srcset=\"https:\/\/i0.wp.com\/eschringen.de\/wordpress\/wp-content\/uploads\/2026\/05\/Brunnen_04.jpg?resize=300%2C283&amp;ssl=1 300w, https:\/\/i0.wp.com\/eschringen.de\/wordpress\/wp-content\/uploads\/2026\/05\/Brunnen_04.jpg?resize=768%2C725&amp;ssl=1 768w, https:\/\/i0.wp.com\/eschringen.de\/wordpress\/wp-content\/uploads\/2026\/05\/Brunnen_04.jpg?w=1000&amp;ssl=1 1000w\" sizes=\"auto, (max-width: 300px) 100vw, 300px\" \/><\/a><\/figure>\n<\/div>\n\n\n<p>Um das Abrutschen des Kalksplits zu verhindern schaute man sich verschiedene Unterkonstruktionen an und entschied sich f\u00fcr die hier am besten geeignete.<\/p>\n\n\n\n<p>Die Firma Freidinger als Eigent\u00fcmer der Fl\u00e4che finanzierte die Kunststoffroste, daf\u00fcr vielen Dank.<\/p>\n\n\n\n<p>Jetzt musste nur noch auf den Liefertermin gewartet werden, damit sich das Viererteam wieder f\u00fcr die Weiterf\u00fchrung der Arbeiten verabreden konnte.<\/p>\n\n\n\n<h5 class=\"wp-block-heading\">1.4.2026: Vorarbeiten<\/h5>\n\n\n<div class=\"wp-block-image\">\n<figure class=\"alignright size-medium\"><a href=\"https:\/\/i0.wp.com\/eschringen.de\/wordpress\/wp-content\/uploads\/2026\/05\/Brunnen_05.jpg?ssl=1\"><img data-recalc-dims=\"1\" loading=\"lazy\" decoding=\"async\" width=\"300\" height=\"135\" src=\"https:\/\/i0.wp.com\/eschringen.de\/wordpress\/wp-content\/uploads\/2026\/05\/Brunnen_05.jpg?resize=300%2C135&#038;ssl=1\" alt=\"\" class=\"wp-image-5719\" srcset=\"https:\/\/i0.wp.com\/eschringen.de\/wordpress\/wp-content\/uploads\/2026\/05\/Brunnen_05.jpg?resize=300%2C135&amp;ssl=1 300w, https:\/\/i0.wp.com\/eschringen.de\/wordpress\/wp-content\/uploads\/2026\/05\/Brunnen_05.jpg?resize=768%2C346&amp;ssl=1 768w, https:\/\/i0.wp.com\/eschringen.de\/wordpress\/wp-content\/uploads\/2026\/05\/Brunnen_05.jpg?w=1000&amp;ssl=1 1000w\" sizes=\"auto, (max-width: 300px) 100vw, 300px\" \/><\/a><\/figure>\n<\/div>\n\n\n<p>Dank p\u00fcnktlicher Lieferung konnte die Arbeit am Untergrund starten.<\/p>\n\n\n\n<p>Nach links wurden mehrere Randsteine gesetzt, der Boden wurde mit Schotter aufgef\u00fcllt und befestigt und um den Baum wurde ein Metallring installiert.<\/p>\n\n\n<div class=\"wp-block-image\">\n<figure class=\"alignright size-medium\"><a href=\"https:\/\/i0.wp.com\/eschringen.de\/wordpress\/wp-content\/uploads\/2026\/05\/Brunnen_07.jpg?ssl=1\"><img data-recalc-dims=\"1\" loading=\"lazy\" decoding=\"async\" width=\"300\" height=\"135\" src=\"https:\/\/i0.wp.com\/eschringen.de\/wordpress\/wp-content\/uploads\/2026\/05\/Brunnen_07.jpg?resize=300%2C135&#038;ssl=1\" alt=\"\" class=\"wp-image-5721\" srcset=\"https:\/\/i0.wp.com\/eschringen.de\/wordpress\/wp-content\/uploads\/2026\/05\/Brunnen_07.jpg?resize=300%2C135&amp;ssl=1 300w, https:\/\/i0.wp.com\/eschringen.de\/wordpress\/wp-content\/uploads\/2026\/05\/Brunnen_07.jpg?resize=768%2C346&amp;ssl=1 768w, https:\/\/i0.wp.com\/eschringen.de\/wordpress\/wp-content\/uploads\/2026\/05\/Brunnen_07.jpg?w=1000&amp;ssl=1 1000w\" sizes=\"auto, (max-width: 300px) 100vw, 300px\" \/><\/a><\/figure>\n<\/div>\n\n\n<p>Jeder schleppte das Werkzeug an, welches ben\u00f6tigt wurde und bis zum Nachmittag war der Untergrund vorbereitet und eben gezogen.<\/p>\n\n\n\n<p>Der Kalksplit konnte geordert werden, mit der Hoffnung, doch noch zu Ostern einen freien Brunnen zu zaubern.<\/p>\n\n\n\n<h5 class=\"wp-block-heading\">2. April 2026: Fertigstellung<\/h5>\n\n\n<div class=\"wp-block-image\">\n<figure class=\"alignright size-medium\"><a href=\"https:\/\/i0.wp.com\/eschringen.de\/wordpress\/wp-content\/uploads\/2026\/05\/Brunnen_08.jpg?ssl=1\"><img data-recalc-dims=\"1\" loading=\"lazy\" decoding=\"async\" width=\"285\" height=\"300\" src=\"https:\/\/i0.wp.com\/eschringen.de\/wordpress\/wp-content\/uploads\/2026\/05\/Brunnen_08.jpg?resize=285%2C300&#038;ssl=1\" alt=\"\" class=\"wp-image-5722\" srcset=\"https:\/\/i0.wp.com\/eschringen.de\/wordpress\/wp-content\/uploads\/2026\/05\/Brunnen_08.jpg?resize=285%2C300&amp;ssl=1 285w, https:\/\/i0.wp.com\/eschringen.de\/wordpress\/wp-content\/uploads\/2026\/05\/Brunnen_08.jpg?resize=972%2C1024&amp;ssl=1 972w, https:\/\/i0.wp.com\/eschringen.de\/wordpress\/wp-content\/uploads\/2026\/05\/Brunnen_08.jpg?resize=768%2C809&amp;ssl=1 768w, https:\/\/i0.wp.com\/eschringen.de\/wordpress\/wp-content\/uploads\/2026\/05\/Brunnen_08.jpg?w=1000&amp;ssl=1 1000w\" sizes=\"auto, (max-width: 285px) 100vw, 285px\" \/><\/a><\/figure>\n<\/div>\n\n\n<p>Tats\u00e4chlich konnte am Gr\u00fcndonnerstag gegen 9 Uhr noch eine Lieferung mit Kalksplit erfolgen, so dass die Arbeiten weiter gehen konnten.<\/p>\n\n\n\n<p>Mit dem Schwung und der Freude an der Arbeit in diesem tollen Team wurde die Oberfl\u00e4che schlie\u00dflich fertig gestellt und die Absperrungen konnten zur Seite gestellt werden.<\/p>\n\n\n\n<p>Somit war das Geschenk eines freien Brunnens zu Ostern an die Bewohner fertig und die fast schon endlos scheinende Absperrung geh\u00f6rte nach fast 6 Monaten Wartezeit nun endg\u00fcltig der Vergangenheit an.<\/p>\n\n\n<div class=\"wp-block-image\">\n<figure class=\"alignright size-medium\"><a href=\"https:\/\/i0.wp.com\/eschringen.de\/wordpress\/wp-content\/uploads\/2026\/05\/Brunnen_10.jpg?ssl=1\"><img data-recalc-dims=\"1\" loading=\"lazy\" decoding=\"async\" width=\"300\" height=\"212\" src=\"https:\/\/i0.wp.com\/eschringen.de\/wordpress\/wp-content\/uploads\/2026\/05\/Brunnen_10.jpg?resize=300%2C212&#038;ssl=1\" alt=\"\" class=\"wp-image-5724\" srcset=\"https:\/\/i0.wp.com\/eschringen.de\/wordpress\/wp-content\/uploads\/2026\/05\/Brunnen_10.jpg?resize=300%2C212&amp;ssl=1 300w, https:\/\/i0.wp.com\/eschringen.de\/wordpress\/wp-content\/uploads\/2026\/05\/Brunnen_10.jpg?resize=768%2C544&amp;ssl=1 768w, https:\/\/i0.wp.com\/eschringen.de\/wordpress\/wp-content\/uploads\/2026\/05\/Brunnen_10.jpg?w=1000&amp;ssl=1 1000w\" sizes=\"auto, (max-width: 300px) 100vw, 300px\" \/><\/a><\/figure>\n<\/div>\n\n\n<p>Vier flei\u00dfige M\u00e4nner konnten am Ende zurecht stolz auf ihre Arbeit sein.<\/p>\n\n\n\n<p>Die Arbeitsgemeinschaft bedankt sich ganz herzlich bei euch f\u00fcr die tolle Arbeit und die Bereitschaft, dies f\u00fcr unseren kleinen Ort zu leisten.<\/p>\n\n\n\n<p>Umgehend hatte die Firma Freidinger die Pumpe wieder gestartet, so dass sogar an Ostern das Wasser bereits gelaufen ist.<\/p>\n\n\n\n<p>Mittlerweile wird die Bank wieder als Ruhestelle und der Brunnen als Wasserlieferant eifrig genutzt.<\/p>\n","protected":false},"excerpt":{"rendered":"<p>Es war eine Geschichte, die sich \u00fcber Monate hinzog, aber der Reihe nach. 13.10.2025: Sperrung des Brunnens Nachdem Wurzeln des Baumes einige Pflastersteine hochgedr\u00fcckt hatten und erst einmal gekl\u00e4rt werden musste, was nun gemacht wird und wer die Finanzierung \u00fcbernimmt, sperrte die Stadt Saarbr\u00fccken wegen Sturzgefahr die Brunnenanlage. Etliche Ortstermine mit Stadt, Umweltamt usw. folgten, &#8230; <a title=\"2. April 2026 &#8211; Laurentiusbrunnen wieder begehbar\" class=\"read-more\" href=\"https:\/\/eschringen.de\/wordpress\/geschichte\/archiv\/2-april-2026-laurentiusbrunnen-wieder-begehbar\/\" aria-label=\"Mehr Informationen \u00fcber 2. April 2026 &#8211; Laurentiusbrunnen wieder begehbar\">Weiterlesen &#8230;<\/a><\/p>\n","protected":false},"author":1,"featured_media":0,"parent":403,"menu_order":0,"comment_status":"closed","ping_status":"closed","template":"","meta":{"ngg_post_thumbnail":0,"footnotes":""},"class_list":["post-5725","page","type-page","status-publish"],"yoast_head":"<!-- This site is optimized with the Yoast SEO plugin v27.5 - https:\/\/yoast.com\/product\/yoast-seo-wordpress\/ -->\n<title>2. April 2026 - Laurentiusbrunnen wieder begehbar - Eschringen<\/title>\n<meta name=\"robots\" content=\"index, follow, max-snippet:-1, max-image-preview:large, max-video-preview:-1\" \/>\n<link rel=\"canonical\" href=\"https:\/\/eschringen.de\/wordpress\/geschichte\/archiv\/2-april-2026-laurentiusbrunnen-wieder-begehbar\/\" \/>\n<meta property=\"og:locale\" content=\"de_DE\" \/>\n<meta property=\"og:type\" content=\"article\" \/>\n<meta property=\"og:title\" content=\"2. April 2026 - Laurentiusbrunnen wieder begehbar - Eschringen\" \/>\n<meta property=\"og:description\" content=\"Es war eine Geschichte, die sich \u00fcber Monate hinzog, aber der Reihe nach. 13.10.2025: Sperrung des Brunnens Nachdem Wurzeln des Baumes einige Pflastersteine hochgedr\u00fcckt hatten und erst einmal gekl\u00e4rt werden musste, was nun gemacht wird und wer die Finanzierung \u00fcbernimmt, sperrte die Stadt Saarbr\u00fccken wegen Sturzgefahr die Brunnenanlage. Etliche Ortstermine mit Stadt, Umweltamt usw. folgten, ... Weiterlesen ...\" \/>\n<meta property=\"og:url\" content=\"https:\/\/eschringen.de\/wordpress\/geschichte\/archiv\/2-april-2026-laurentiusbrunnen-wieder-begehbar\/\" \/>\n<meta property=\"og:site_name\" content=\"Eschringen\" \/>\n<meta property=\"article:modified_time\" content=\"2026-05-01T12:57:38+00:00\" \/>\n<meta property=\"og:image\" content=\"https:\/\/eschringen.de\/wordpress\/wp-content\/uploads\/2026\/05\/Brunnen_01-300x205.jpg\" \/>\n<meta name=\"twitter:card\" content=\"summary_large_image\" \/>\n<meta name=\"twitter:label1\" content=\"Gesch\u00e4tzte Lesezeit\" \/>\n\t<meta name=\"twitter:data1\" content=\"5\u00a0Minuten\" \/>\n<script type=\"application\/ld+json\" class=\"yoast-schema-graph\">{\"@context\":\"https:\\\/\\\/schema.org\",\"@graph\":[{\"@type\":\"WebPage\",\"@id\":\"https:\\\/\\\/eschringen.de\\\/wordpress\\\/geschichte\\\/archiv\\\/2-april-2026-laurentiusbrunnen-wieder-begehbar\\\/\",\"url\":\"https:\\\/\\\/eschringen.de\\\/wordpress\\\/geschichte\\\/archiv\\\/2-april-2026-laurentiusbrunnen-wieder-begehbar\\\/\",\"name\":\"2. April 2026 - Laurentiusbrunnen wieder begehbar - Eschringen\",\"isPartOf\":{\"@id\":\"https:\\\/\\\/eschringen.de\\\/wordpress\\\/#website\"},\"primaryImageOfPage\":{\"@id\":\"https:\\\/\\\/eschringen.de\\\/wordpress\\\/geschichte\\\/archiv\\\/2-april-2026-laurentiusbrunnen-wieder-begehbar\\\/#primaryimage\"},\"image\":{\"@id\":\"https:\\\/\\\/eschringen.de\\\/wordpress\\\/geschichte\\\/archiv\\\/2-april-2026-laurentiusbrunnen-wieder-begehbar\\\/#primaryimage\"},\"thumbnailUrl\":\"https:\\\/\\\/eschringen.de\\\/wordpress\\\/wp-content\\\/uploads\\\/2026\\\/05\\\/Brunnen_01-300x205.jpg\",\"datePublished\":\"2026-05-01T12:49:16+00:00\",\"dateModified\":\"2026-05-01T12:57:38+00:00\",\"breadcrumb\":{\"@id\":\"https:\\\/\\\/eschringen.de\\\/wordpress\\\/geschichte\\\/archiv\\\/2-april-2026-laurentiusbrunnen-wieder-begehbar\\\/#breadcrumb\"},\"inLanguage\":\"de\",\"potentialAction\":[{\"@type\":\"ReadAction\",\"target\":[\"https:\\\/\\\/eschringen.de\\\/wordpress\\\/geschichte\\\/archiv\\\/2-april-2026-laurentiusbrunnen-wieder-begehbar\\\/\"]}]},{\"@type\":\"ImageObject\",\"inLanguage\":\"de\",\"@id\":\"https:\\\/\\\/eschringen.de\\\/wordpress\\\/geschichte\\\/archiv\\\/2-april-2026-laurentiusbrunnen-wieder-begehbar\\\/#primaryimage\",\"url\":\"https:\\\/\\\/i0.wp.com\\\/eschringen.de\\\/wordpress\\\/wp-content\\\/uploads\\\/2026\\\/05\\\/Brunnen_01.jpg?fit=1000%2C682&ssl=1\",\"contentUrl\":\"https:\\\/\\\/i0.wp.com\\\/eschringen.de\\\/wordpress\\\/wp-content\\\/uploads\\\/2026\\\/05\\\/Brunnen_01.jpg?fit=1000%2C682&ssl=1\",\"width\":1000,\"height\":682},{\"@type\":\"BreadcrumbList\",\"@id\":\"https:\\\/\\\/eschringen.de\\\/wordpress\\\/geschichte\\\/archiv\\\/2-april-2026-laurentiusbrunnen-wieder-begehbar\\\/#breadcrumb\",\"itemListElement\":[{\"@type\":\"ListItem\",\"position\":1,\"name\":\"Startseite\",\"item\":\"https:\\\/\\\/eschringen.de\\\/wordpress\\\/\"},{\"@type\":\"ListItem\",\"position\":2,\"name\":\"Geschichte\",\"item\":\"https:\\\/\\\/eschringen.de\\\/wordpress\\\/geschichte\\\/\"},{\"@type\":\"ListItem\",\"position\":3,\"name\":\"Archiv\",\"item\":\"https:\\\/\\\/eschringen.de\\\/wordpress\\\/geschichte\\\/archiv\\\/\"},{\"@type\":\"ListItem\",\"position\":4,\"name\":\"2. April 2026 &#8211; Laurentiusbrunnen wieder begehbar\"}]},{\"@type\":\"WebSite\",\"@id\":\"https:\\\/\\\/eschringen.de\\\/wordpress\\\/#website\",\"url\":\"https:\\\/\\\/eschringen.de\\\/wordpress\\\/\",\"name\":\"Eschringen\",\"description\":\"\",\"publisher\":{\"@id\":\"https:\\\/\\\/eschringen.de\\\/wordpress\\\/#organization\"},\"potentialAction\":[{\"@type\":\"SearchAction\",\"target\":{\"@type\":\"EntryPoint\",\"urlTemplate\":\"https:\\\/\\\/eschringen.de\\\/wordpress\\\/?s={search_term_string}\"},\"query-input\":{\"@type\":\"PropertyValueSpecification\",\"valueRequired\":true,\"valueName\":\"search_term_string\"}}],\"inLanguage\":\"de\"},{\"@type\":\"Organization\",\"@id\":\"https:\\\/\\\/eschringen.de\\\/wordpress\\\/#organization\",\"name\":\"Eschringen\",\"url\":\"https:\\\/\\\/eschringen.de\\\/wordpress\\\/\",\"logo\":{\"@type\":\"ImageObject\",\"inLanguage\":\"de\",\"@id\":\"https:\\\/\\\/eschringen.de\\\/wordpress\\\/#\\\/schema\\\/logo\\\/image\\\/\",\"url\":\"https:\\\/\\\/eschringen.de\\\/wordpress\\\/wp-content\\\/uploads\\\/2017\\\/03\\\/2017_kw15.jpg\",\"contentUrl\":\"https:\\\/\\\/eschringen.de\\\/wordpress\\\/wp-content\\\/uploads\\\/2017\\\/03\\\/2017_kw15.jpg\",\"width\":784,\"height\":447,\"caption\":\"Eschringen\"},\"image\":{\"@id\":\"https:\\\/\\\/eschringen.de\\\/wordpress\\\/#\\\/schema\\\/logo\\\/image\\\/\"}}]}<\/script>\n<!-- \/ Yoast SEO plugin. -->","yoast_head_json":{"title":"2. April 2026 - Laurentiusbrunnen wieder begehbar - Eschringen","robots":{"index":"index","follow":"follow","max-snippet":"max-snippet:-1","max-image-preview":"max-image-preview:large","max-video-preview":"max-video-preview:-1"},"canonical":"https:\/\/eschringen.de\/wordpress\/geschichte\/archiv\/2-april-2026-laurentiusbrunnen-wieder-begehbar\/","og_locale":"de_DE","og_type":"article","og_title":"2. April 2026 - Laurentiusbrunnen wieder begehbar - Eschringen","og_description":"Es war eine Geschichte, die sich \u00fcber Monate hinzog, aber der Reihe nach. 13.10.2025: Sperrung des Brunnens Nachdem Wurzeln des Baumes einige Pflastersteine hochgedr\u00fcckt hatten und erst einmal gekl\u00e4rt werden musste, was nun gemacht wird und wer die Finanzierung \u00fcbernimmt, sperrte die Stadt Saarbr\u00fccken wegen Sturzgefahr die Brunnenanlage. Etliche Ortstermine mit Stadt, Umweltamt usw. folgten, ... Weiterlesen ...","og_url":"https:\/\/eschringen.de\/wordpress\/geschichte\/archiv\/2-april-2026-laurentiusbrunnen-wieder-begehbar\/","og_site_name":"Eschringen","article_modified_time":"2026-05-01T12:57:38+00:00","og_image":[{"url":"https:\/\/eschringen.de\/wordpress\/wp-content\/uploads\/2026\/05\/Brunnen_01-300x205.jpg","type":"","width":"","height":""}],"twitter_card":"summary_large_image","twitter_misc":{"Gesch\u00e4tzte Lesezeit":"5\u00a0Minuten"},"schema":{"@context":"https:\/\/schema.org","@graph":[{"@type":"WebPage","@id":"https:\/\/eschringen.de\/wordpress\/geschichte\/archiv\/2-april-2026-laurentiusbrunnen-wieder-begehbar\/","url":"https:\/\/eschringen.de\/wordpress\/geschichte\/archiv\/2-april-2026-laurentiusbrunnen-wieder-begehbar\/","name":"2. April 2026 - Laurentiusbrunnen wieder begehbar - Eschringen","isPartOf":{"@id":"https:\/\/eschringen.de\/wordpress\/#website"},"primaryImageOfPage":{"@id":"https:\/\/eschringen.de\/wordpress\/geschichte\/archiv\/2-april-2026-laurentiusbrunnen-wieder-begehbar\/#primaryimage"},"image":{"@id":"https:\/\/eschringen.de\/wordpress\/geschichte\/archiv\/2-april-2026-laurentiusbrunnen-wieder-begehbar\/#primaryimage"},"thumbnailUrl":"https:\/\/eschringen.de\/wordpress\/wp-content\/uploads\/2026\/05\/Brunnen_01-300x205.jpg","datePublished":"2026-05-01T12:49:16+00:00","dateModified":"2026-05-01T12:57:38+00:00","breadcrumb":{"@id":"https:\/\/eschringen.de\/wordpress\/geschichte\/archiv\/2-april-2026-laurentiusbrunnen-wieder-begehbar\/#breadcrumb"},"inLanguage":"de","potentialAction":[{"@type":"ReadAction","target":["https:\/\/eschringen.de\/wordpress\/geschichte\/archiv\/2-april-2026-laurentiusbrunnen-wieder-begehbar\/"]}]},{"@type":"ImageObject","inLanguage":"de","@id":"https:\/\/eschringen.de\/wordpress\/geschichte\/archiv\/2-april-2026-laurentiusbrunnen-wieder-begehbar\/#primaryimage","url":"https:\/\/i0.wp.com\/eschringen.de\/wordpress\/wp-content\/uploads\/2026\/05\/Brunnen_01.jpg?fit=1000%2C682&ssl=1","contentUrl":"https:\/\/i0.wp.com\/eschringen.de\/wordpress\/wp-content\/uploads\/2026\/05\/Brunnen_01.jpg?fit=1000%2C682&ssl=1","width":1000,"height":682},{"@type":"BreadcrumbList","@id":"https:\/\/eschringen.de\/wordpress\/geschichte\/archiv\/2-april-2026-laurentiusbrunnen-wieder-begehbar\/#breadcrumb","itemListElement":[{"@type":"ListItem","position":1,"name":"Startseite","item":"https:\/\/eschringen.de\/wordpress\/"},{"@type":"ListItem","position":2,"name":"Geschichte","item":"https:\/\/eschringen.de\/wordpress\/geschichte\/"},{"@type":"ListItem","position":3,"name":"Archiv","item":"https:\/\/eschringen.de\/wordpress\/geschichte\/archiv\/"},{"@type":"ListItem","position":4,"name":"2. April 2026 &#8211; Laurentiusbrunnen wieder begehbar"}]},{"@type":"WebSite","@id":"https:\/\/eschringen.de\/wordpress\/#website","url":"https:\/\/eschringen.de\/wordpress\/","name":"Eschringen","description":"","publisher":{"@id":"https:\/\/eschringen.de\/wordpress\/#organization"},"potentialAction":[{"@type":"SearchAction","target":{"@type":"EntryPoint","urlTemplate":"https:\/\/eschringen.de\/wordpress\/?s={search_term_string}"},"query-input":{"@type":"PropertyValueSpecification","valueRequired":true,"valueName":"search_term_string"}}],"inLanguage":"de"},{"@type":"Organization","@id":"https:\/\/eschringen.de\/wordpress\/#organization","name":"Eschringen","url":"https:\/\/eschringen.de\/wordpress\/","logo":{"@type":"ImageObject","inLanguage":"de","@id":"https:\/\/eschringen.de\/wordpress\/#\/schema\/logo\/image\/","url":"https:\/\/eschringen.de\/wordpress\/wp-content\/uploads\/2017\/03\/2017_kw15.jpg","contentUrl":"https:\/\/eschringen.de\/wordpress\/wp-content\/uploads\/2017\/03\/2017_kw15.jpg","width":784,"height":447,"caption":"Eschringen"},"image":{"@id":"https:\/\/eschringen.de\/wordpress\/#\/schema\/logo\/image\/"}}]}},"jetpack_sharing_enabled":true,"_links":{"self":[{"href":"https:\/\/eschringen.de\/wordpress\/wp-json\/wp\/v2\/pages\/5725","targetHints":{"allow":["GET"]}}],"collection":[{"href":"https:\/\/eschringen.de\/wordpress\/wp-json\/wp\/v2\/pages"}],"about":[{"href":"https:\/\/eschringen.de\/wordpress\/wp-json\/wp\/v2\/types\/page"}],"author":[{"embeddable":true,"href":"https:\/\/eschringen.de\/wordpress\/wp-json\/wp\/v2\/users\/1"}],"replies":[{"embeddable":true,"href":"https:\/\/eschringen.de\/wordpress\/wp-json\/wp\/v2\/comments?post=5725"}],"version-history":[{"count":2,"href":"https:\/\/eschringen.de\/wordpress\/wp-json\/wp\/v2\/pages\/5725\/revisions"}],"predecessor-version":[{"id":5732,"href":"https:\/\/eschringen.de\/wordpress\/wp-json\/wp\/v2\/pages\/5725\/revisions\/5732"}],"up":[{"embeddable":true,"href":"https:\/\/eschringen.de\/wordpress\/wp-json\/wp\/v2\/pages\/403"}],"wp:attachment":[{"href":"https:\/\/eschringen.de\/wordpress\/wp-json\/wp\/v2\/media?parent=5725"}],"curies":[{"name":"wp","href":"https:\/\/api.w.org\/{rel}","templated":true}]}}