{"id":566,"date":"2017-02-12T12:51:54","date_gmt":"2017-02-12T11:51:54","guid":{"rendered":"http:\/\/eschringen.de\/wordpress\/?page_id=566"},"modified":"2022-08-20T12:18:05","modified_gmt":"2022-08-20T10:18:05","slug":"das-versunkene-gloecklein","status":"publish","type":"page","link":"https:\/\/eschringen.de\/wordpress\/geschichte\/sagen\/das-versunkene-gloecklein\/","title":{"rendered":"Das versunkene Gl\u00f6cklein"},"content":{"rendered":"<div class=\"wp-block-image\">\n<figure class=\"alignright size-full\"><img data-recalc-dims=\"1\" loading=\"lazy\" decoding=\"async\" width=\"255\" height=\"206\" src=\"https:\/\/i0.wp.com\/eschringen.de\/wordpress\/wp-content\/uploads\/2022\/08\/Lorenzborn.jpg?resize=255%2C206&#038;ssl=1\" alt=\"\" class=\"wp-image-3795\"\/><figcaption>Bildnachweis: aus &#8222;Was die Alten erz\u00e4hlen&#8220;, Heft 7: &#8222;Die sch\u00f6nsten Sagen aus der Saarpfalz. Saarbr\u00fccken-V\u00f6lklingen, 1929. S. 6.<\/figcaption><\/figure>\n<\/div>\n\n\n<p>&#8222;Die St. Lorenzkapelle war vor Zeiten ein herrliches Kirchlein, der zierliche Thurm trug ein silbernes Gl\u00f6cklein von wunderhellem, seltsam ergreifendem Klang. Da brach ein Krieg aus, des Heiligen Bild ward vom Feinde in\u2019s Wasser geworfen, das Gl\u00f6cklein vor dem verfolgenden Schwarme in die Tiefe des sumpfigen Baches versenkt, da wo der Finkelrechweg nahe vorbeif\u00fchrt. Der Sumpf ist verschwunden, und niemand wei\u00df mehr die Stelle, wo man das Gl\u00f6cklein hinabgesenkt hatte. Doch allj\u00e4hrlich in den Tagen des Maies, wenn zu Abend die Betglocken l\u00e4uten, und in der hl. Adventzeit h\u00f6rt man das L\u00e4uten des Gl\u00f6ckleins wie aus weiter verlorener Ferne, und es gemahnt uns sein Klang wie ein Gru\u00df aus l\u00e4ngst verschollenen Tagen. Wohl haben sie oft nach dem Gl\u00f6cklein gegraben, aber vergeblich. Ein alter Klosterbruder hat aber gesagt: sobald in der Gemeinde des Dorfes die altererbte Zwietracht zu schwinden beginnt, hebt sich das Gl\u00f6cklein um einige Fu\u00df und wird endlich am Feiertage allgemeiner Vers\u00f6hnung erscheinen.&#8220;<\/p>\n\n\n\n<p><i>aus der BAVARIA&#8230;Seite 310-311.<\/i><br>Diese Sage inspirierte Schandein zu seinem Gedicht &#8222;\u2018s verlor Gleckelche&#8220;; enthalten in dem Band &#8222;Gedichte in westricher Mundart&#8220;. Stuttgart 1892. S. 132-133.<\/p>\n\n\n\n<h6 class=\"wp-block-heading\"><b>Anmerkung:<\/b> Schandein spricht zwar vom &#8222;Finkelrechweg&#8220;, gemeint sein d\u00fcrfte aber der Pfad am Klingelrech, wo sich nahe am Puhschbach auch der Klingelbrunnen befindet. Im Renovaturprotokoll von 1699 wird bei der Auflistung der Wiesen und G\u00e4rten auch der Klingelrech erw\u00e4hnt. Der historische Hintergrund dieser Sage ist wohl in den Wirren des 30j\u00e4hrigen Krieges angesiedelt. In der Tat sagte man Eschringen nach, ein zerstrittenes Dorf zu sein. Dieses Klischee hat sich erfreulicherweise gewandelt, bedingt durch die gemeinsamen Anstrengungen anl\u00e4sslich der 1100-Jahrfeierlichkeiten. W\u00e4hrend des historischen Festumzuges stellten die Kindergartenkinder diese Sage positiv nach: Das Gl\u00f6cklein&#8220; tauchte auf&#8220; und wurde auf einem W\u00e4gelchen durchs Dorf gezogen.<\/h6>\n\n\n\n<p><a href=\"http:\/\/eschringen.de\/wordpress\/geschichte\/sagen\/\">zur\u00fcck zu den Sagen<\/a><\/p>\n","protected":false},"excerpt":{"rendered":"<p>&#8222;Die St. Lorenzkapelle war vor Zeiten ein herrliches Kirchlein, der zierliche Thurm trug ein silbernes Gl\u00f6cklein von wunderhellem, seltsam ergreifendem Klang. Da brach ein Krieg aus, des Heiligen Bild ward vom Feinde in\u2019s Wasser geworfen, das Gl\u00f6cklein vor dem verfolgenden Schwarme in die Tiefe des sumpfigen Baches versenkt, da wo der Finkelrechweg nahe vorbeif\u00fchrt. Der &#8230; <a title=\"Das versunkene Gl\u00f6cklein\" class=\"read-more\" href=\"https:\/\/eschringen.de\/wordpress\/geschichte\/sagen\/das-versunkene-gloecklein\/\" aria-label=\"Mehr Informationen \u00fcber Das versunkene Gl\u00f6cklein\">Weiterlesen &#8230;<\/a><\/p>\n","protected":false},"author":1,"featured_media":0,"parent":409,"menu_order":2,"comment_status":"closed","ping_status":"closed","template":"","meta":{"ngg_post_thumbnail":0,"footnotes":""},"class_list":["post-566","page","type-page","status-publish"],"yoast_head":"<!-- This site is optimized with the Yoast SEO plugin v27.3 - https:\/\/yoast.com\/product\/yoast-seo-wordpress\/ -->\n<title>Das versunkene Gl\u00f6cklein - Eschringen<\/title>\n<meta name=\"robots\" content=\"index, follow, max-snippet:-1, max-image-preview:large, max-video-preview:-1\" \/>\n<link rel=\"canonical\" href=\"https:\/\/eschringen.de\/wordpress\/geschichte\/sagen\/das-versunkene-gloecklein\/\" \/>\n<meta property=\"og:locale\" content=\"de_DE\" \/>\n<meta property=\"og:type\" content=\"article\" \/>\n<meta property=\"og:title\" content=\"Das versunkene Gl\u00f6cklein - Eschringen\" \/>\n<meta property=\"og:description\" content=\"&#8222;Die St. Lorenzkapelle war vor Zeiten ein herrliches Kirchlein, der zierliche Thurm trug ein silbernes Gl\u00f6cklein von wunderhellem, seltsam ergreifendem Klang. Da brach ein Krieg aus, des Heiligen Bild ward vom Feinde in\u2019s Wasser geworfen, das Gl\u00f6cklein vor dem verfolgenden Schwarme in die Tiefe des sumpfigen Baches versenkt, da wo der Finkelrechweg nahe vorbeif\u00fchrt. Der ... Weiterlesen ...\" \/>\n<meta property=\"og:url\" content=\"https:\/\/eschringen.de\/wordpress\/geschichte\/sagen\/das-versunkene-gloecklein\/\" \/>\n<meta property=\"og:site_name\" content=\"Eschringen\" \/>\n<meta property=\"article:modified_time\" content=\"2022-08-20T10:18:05+00:00\" \/>\n<meta property=\"og:image\" content=\"https:\/\/eschringen.de\/wordpress\/wp-content\/uploads\/2022\/08\/Lorenzborn.jpg\" \/>\n<meta name=\"twitter:card\" content=\"summary_large_image\" \/>\n<meta name=\"twitter:label1\" content=\"Gesch\u00e4tzte Lesezeit\" \/>\n\t<meta name=\"twitter:data1\" content=\"2\u00a0Minuten\" \/>\n<script type=\"application\/ld+json\" class=\"yoast-schema-graph\">{\"@context\":\"https:\\\/\\\/schema.org\",\"@graph\":[{\"@type\":\"WebPage\",\"@id\":\"https:\\\/\\\/eschringen.de\\\/wordpress\\\/geschichte\\\/sagen\\\/das-versunkene-gloecklein\\\/\",\"url\":\"https:\\\/\\\/eschringen.de\\\/wordpress\\\/geschichte\\\/sagen\\\/das-versunkene-gloecklein\\\/\",\"name\":\"Das versunkene Gl\u00f6cklein - Eschringen\",\"isPartOf\":{\"@id\":\"https:\\\/\\\/eschringen.de\\\/wordpress\\\/#website\"},\"primaryImageOfPage\":{\"@id\":\"https:\\\/\\\/eschringen.de\\\/wordpress\\\/geschichte\\\/sagen\\\/das-versunkene-gloecklein\\\/#primaryimage\"},\"image\":{\"@id\":\"https:\\\/\\\/eschringen.de\\\/wordpress\\\/geschichte\\\/sagen\\\/das-versunkene-gloecklein\\\/#primaryimage\"},\"thumbnailUrl\":\"https:\\\/\\\/eschringen.de\\\/wordpress\\\/wp-content\\\/uploads\\\/2022\\\/08\\\/Lorenzborn.jpg\",\"datePublished\":\"2017-02-12T11:51:54+00:00\",\"dateModified\":\"2022-08-20T10:18:05+00:00\",\"breadcrumb\":{\"@id\":\"https:\\\/\\\/eschringen.de\\\/wordpress\\\/geschichte\\\/sagen\\\/das-versunkene-gloecklein\\\/#breadcrumb\"},\"inLanguage\":\"de\",\"potentialAction\":[{\"@type\":\"ReadAction\",\"target\":[\"https:\\\/\\\/eschringen.de\\\/wordpress\\\/geschichte\\\/sagen\\\/das-versunkene-gloecklein\\\/\"]}]},{\"@type\":\"ImageObject\",\"inLanguage\":\"de\",\"@id\":\"https:\\\/\\\/eschringen.de\\\/wordpress\\\/geschichte\\\/sagen\\\/das-versunkene-gloecklein\\\/#primaryimage\",\"url\":\"https:\\\/\\\/i0.wp.com\\\/eschringen.de\\\/wordpress\\\/wp-content\\\/uploads\\\/2022\\\/08\\\/Lorenzborn.jpg?fit=255%2C206&ssl=1\",\"contentUrl\":\"https:\\\/\\\/i0.wp.com\\\/eschringen.de\\\/wordpress\\\/wp-content\\\/uploads\\\/2022\\\/08\\\/Lorenzborn.jpg?fit=255%2C206&ssl=1\",\"width\":255,\"height\":206},{\"@type\":\"BreadcrumbList\",\"@id\":\"https:\\\/\\\/eschringen.de\\\/wordpress\\\/geschichte\\\/sagen\\\/das-versunkene-gloecklein\\\/#breadcrumb\",\"itemListElement\":[{\"@type\":\"ListItem\",\"position\":1,\"name\":\"Startseite\",\"item\":\"https:\\\/\\\/eschringen.de\\\/wordpress\\\/\"},{\"@type\":\"ListItem\",\"position\":2,\"name\":\"Geschichte\",\"item\":\"https:\\\/\\\/eschringen.de\\\/wordpress\\\/geschichte\\\/\"},{\"@type\":\"ListItem\",\"position\":3,\"name\":\"Sagen\",\"item\":\"https:\\\/\\\/eschringen.de\\\/wordpress\\\/geschichte\\\/sagen\\\/\"},{\"@type\":\"ListItem\",\"position\":4,\"name\":\"Das versunkene Gl\u00f6cklein\"}]},{\"@type\":\"WebSite\",\"@id\":\"https:\\\/\\\/eschringen.de\\\/wordpress\\\/#website\",\"url\":\"https:\\\/\\\/eschringen.de\\\/wordpress\\\/\",\"name\":\"Eschringen\",\"description\":\"\",\"publisher\":{\"@id\":\"https:\\\/\\\/eschringen.de\\\/wordpress\\\/#organization\"},\"potentialAction\":[{\"@type\":\"SearchAction\",\"target\":{\"@type\":\"EntryPoint\",\"urlTemplate\":\"https:\\\/\\\/eschringen.de\\\/wordpress\\\/?s={search_term_string}\"},\"query-input\":{\"@type\":\"PropertyValueSpecification\",\"valueRequired\":true,\"valueName\":\"search_term_string\"}}],\"inLanguage\":\"de\"},{\"@type\":\"Organization\",\"@id\":\"https:\\\/\\\/eschringen.de\\\/wordpress\\\/#organization\",\"name\":\"Eschringen\",\"url\":\"https:\\\/\\\/eschringen.de\\\/wordpress\\\/\",\"logo\":{\"@type\":\"ImageObject\",\"inLanguage\":\"de\",\"@id\":\"https:\\\/\\\/eschringen.de\\\/wordpress\\\/#\\\/schema\\\/logo\\\/image\\\/\",\"url\":\"https:\\\/\\\/eschringen.de\\\/wordpress\\\/wp-content\\\/uploads\\\/2017\\\/03\\\/2017_kw15.jpg\",\"contentUrl\":\"https:\\\/\\\/eschringen.de\\\/wordpress\\\/wp-content\\\/uploads\\\/2017\\\/03\\\/2017_kw15.jpg\",\"width\":784,\"height\":447,\"caption\":\"Eschringen\"},\"image\":{\"@id\":\"https:\\\/\\\/eschringen.de\\\/wordpress\\\/#\\\/schema\\\/logo\\\/image\\\/\"}}]}<\/script>\n<!-- \/ Yoast SEO plugin. -->","yoast_head_json":{"title":"Das versunkene Gl\u00f6cklein - Eschringen","robots":{"index":"index","follow":"follow","max-snippet":"max-snippet:-1","max-image-preview":"max-image-preview:large","max-video-preview":"max-video-preview:-1"},"canonical":"https:\/\/eschringen.de\/wordpress\/geschichte\/sagen\/das-versunkene-gloecklein\/","og_locale":"de_DE","og_type":"article","og_title":"Das versunkene Gl\u00f6cklein - Eschringen","og_description":"&#8222;Die St. Lorenzkapelle war vor Zeiten ein herrliches Kirchlein, der zierliche Thurm trug ein silbernes Gl\u00f6cklein von wunderhellem, seltsam ergreifendem Klang. Da brach ein Krieg aus, des Heiligen Bild ward vom Feinde in\u2019s Wasser geworfen, das Gl\u00f6cklein vor dem verfolgenden Schwarme in die Tiefe des sumpfigen Baches versenkt, da wo der Finkelrechweg nahe vorbeif\u00fchrt. Der ... Weiterlesen ...","og_url":"https:\/\/eschringen.de\/wordpress\/geschichte\/sagen\/das-versunkene-gloecklein\/","og_site_name":"Eschringen","article_modified_time":"2022-08-20T10:18:05+00:00","og_image":[{"url":"https:\/\/eschringen.de\/wordpress\/wp-content\/uploads\/2022\/08\/Lorenzborn.jpg","type":"","width":"","height":""}],"twitter_card":"summary_large_image","twitter_misc":{"Gesch\u00e4tzte Lesezeit":"2\u00a0Minuten"},"schema":{"@context":"https:\/\/schema.org","@graph":[{"@type":"WebPage","@id":"https:\/\/eschringen.de\/wordpress\/geschichte\/sagen\/das-versunkene-gloecklein\/","url":"https:\/\/eschringen.de\/wordpress\/geschichte\/sagen\/das-versunkene-gloecklein\/","name":"Das versunkene Gl\u00f6cklein - Eschringen","isPartOf":{"@id":"https:\/\/eschringen.de\/wordpress\/#website"},"primaryImageOfPage":{"@id":"https:\/\/eschringen.de\/wordpress\/geschichte\/sagen\/das-versunkene-gloecklein\/#primaryimage"},"image":{"@id":"https:\/\/eschringen.de\/wordpress\/geschichte\/sagen\/das-versunkene-gloecklein\/#primaryimage"},"thumbnailUrl":"https:\/\/eschringen.de\/wordpress\/wp-content\/uploads\/2022\/08\/Lorenzborn.jpg","datePublished":"2017-02-12T11:51:54+00:00","dateModified":"2022-08-20T10:18:05+00:00","breadcrumb":{"@id":"https:\/\/eschringen.de\/wordpress\/geschichte\/sagen\/das-versunkene-gloecklein\/#breadcrumb"},"inLanguage":"de","potentialAction":[{"@type":"ReadAction","target":["https:\/\/eschringen.de\/wordpress\/geschichte\/sagen\/das-versunkene-gloecklein\/"]}]},{"@type":"ImageObject","inLanguage":"de","@id":"https:\/\/eschringen.de\/wordpress\/geschichte\/sagen\/das-versunkene-gloecklein\/#primaryimage","url":"https:\/\/i0.wp.com\/eschringen.de\/wordpress\/wp-content\/uploads\/2022\/08\/Lorenzborn.jpg?fit=255%2C206&ssl=1","contentUrl":"https:\/\/i0.wp.com\/eschringen.de\/wordpress\/wp-content\/uploads\/2022\/08\/Lorenzborn.jpg?fit=255%2C206&ssl=1","width":255,"height":206},{"@type":"BreadcrumbList","@id":"https:\/\/eschringen.de\/wordpress\/geschichte\/sagen\/das-versunkene-gloecklein\/#breadcrumb","itemListElement":[{"@type":"ListItem","position":1,"name":"Startseite","item":"https:\/\/eschringen.de\/wordpress\/"},{"@type":"ListItem","position":2,"name":"Geschichte","item":"https:\/\/eschringen.de\/wordpress\/geschichte\/"},{"@type":"ListItem","position":3,"name":"Sagen","item":"https:\/\/eschringen.de\/wordpress\/geschichte\/sagen\/"},{"@type":"ListItem","position":4,"name":"Das versunkene Gl\u00f6cklein"}]},{"@type":"WebSite","@id":"https:\/\/eschringen.de\/wordpress\/#website","url":"https:\/\/eschringen.de\/wordpress\/","name":"Eschringen","description":"","publisher":{"@id":"https:\/\/eschringen.de\/wordpress\/#organization"},"potentialAction":[{"@type":"SearchAction","target":{"@type":"EntryPoint","urlTemplate":"https:\/\/eschringen.de\/wordpress\/?s={search_term_string}"},"query-input":{"@type":"PropertyValueSpecification","valueRequired":true,"valueName":"search_term_string"}}],"inLanguage":"de"},{"@type":"Organization","@id":"https:\/\/eschringen.de\/wordpress\/#organization","name":"Eschringen","url":"https:\/\/eschringen.de\/wordpress\/","logo":{"@type":"ImageObject","inLanguage":"de","@id":"https:\/\/eschringen.de\/wordpress\/#\/schema\/logo\/image\/","url":"https:\/\/eschringen.de\/wordpress\/wp-content\/uploads\/2017\/03\/2017_kw15.jpg","contentUrl":"https:\/\/eschringen.de\/wordpress\/wp-content\/uploads\/2017\/03\/2017_kw15.jpg","width":784,"height":447,"caption":"Eschringen"},"image":{"@id":"https:\/\/eschringen.de\/wordpress\/#\/schema\/logo\/image\/"}}]}},"jetpack_sharing_enabled":true,"_links":{"self":[{"href":"https:\/\/eschringen.de\/wordpress\/wp-json\/wp\/v2\/pages\/566","targetHints":{"allow":["GET"]}}],"collection":[{"href":"https:\/\/eschringen.de\/wordpress\/wp-json\/wp\/v2\/pages"}],"about":[{"href":"https:\/\/eschringen.de\/wordpress\/wp-json\/wp\/v2\/types\/page"}],"author":[{"embeddable":true,"href":"https:\/\/eschringen.de\/wordpress\/wp-json\/wp\/v2\/users\/1"}],"replies":[{"embeddable":true,"href":"https:\/\/eschringen.de\/wordpress\/wp-json\/wp\/v2\/comments?post=566"}],"version-history":[{"count":2,"href":"https:\/\/eschringen.de\/wordpress\/wp-json\/wp\/v2\/pages\/566\/revisions"}],"predecessor-version":[{"id":3796,"href":"https:\/\/eschringen.de\/wordpress\/wp-json\/wp\/v2\/pages\/566\/revisions\/3796"}],"up":[{"embeddable":true,"href":"https:\/\/eschringen.de\/wordpress\/wp-json\/wp\/v2\/pages\/409"}],"wp:attachment":[{"href":"https:\/\/eschringen.de\/wordpress\/wp-json\/wp\/v2\/media?parent=566"}],"curies":[{"name":"wp","href":"https:\/\/api.w.org\/{rel}","templated":true}]}}