{"id":562,"date":"2017-02-12T12:44:24","date_gmt":"2017-02-12T11:44:24","guid":{"rendered":"http:\/\/eschringen.de\/wordpress\/?page_id=562"},"modified":"2022-08-20T12:17:35","modified_gmt":"2022-08-20T10:17:35","slug":"die-alte-sage-vom-laurentiusbrunnen","status":"publish","type":"page","link":"https:\/\/eschringen.de\/wordpress\/geschichte\/sagen\/die-alte-sage-vom-laurentiusbrunnen\/","title":{"rendered":"Die alte Sage vom Laurentiusbrunnen"},"content":{"rendered":"<div class=\"wp-block-image\">\n<figure class=\"alignright size-full\"><img data-recalc-dims=\"1\" loading=\"lazy\" decoding=\"async\" width=\"300\" height=\"216\" src=\"https:\/\/i0.wp.com\/eschringen.de\/wordpress\/wp-content\/uploads\/2022\/08\/lbrunnen.jpg?resize=300%2C216&#038;ssl=1\" alt=\"\" class=\"wp-image-3793\"\/><figcaption>Zeichnung von Ines Baur, 8 Jahre (1998)<\/figcaption><\/figure>\n<\/div>\n\n\n<p>&#8222;Bei Eschringen steht die St. Lorenzkapelle, in einer Nische hinter dem Altare bewahrte sie des Heiligen Bild. Unten bei der M\u00fchle sprudelt der Lorenzenborn. Hier lebte vor Zeiten mit ihrer Enkelin eine alte Witwe. Von dem \u00fcbern\u00e4chtigen Spinnen war die Arme fast erblindet. Einmal in sp\u00e4ter Mitternacht fand ein halberstarrtes altes M\u00fctterlein bei ihr Herberge und Erquickung. Des Morgens bestrich die Fremde der Kranken die Augen und riet ihr, sich siebenmal des Tages zu waschen mit frischem Wasser aus dem Born bei der M\u00fchle.<\/p>\n\n\n\n<p>Die Gro\u00dfmutter genas wie durch ein Wunder. Als eines Tages das M\u00e4gdlein mit dem Kruge wieder zum Brunnen gekommen, fuhr es erschrocken zur\u00fcck: denn aus der Tiefe des Wassers schaute ein Antlitz sie an, so hold und so freundlich wie das eines Engels, und diese Erscheinung wiederholte sich ihr bei jedem Gang an den Brunnen. Man untersuchte den Quell und zog aus dem Schlamme heraus das Bild des hl. Laurentius und brachte es zur Kapelle. Der Brunnen war ein Heilwasser f\u00fcr vielerlei Leiden. Das Bild war also in den Brunnen gekommen.&#8220;<\/p>\n\n\n\n<p><em>aus der BAVARIA: Landes- und Volkskunde des K\u00f6nigreichs Bayern. Vierter Band\/Zweite Abteilung: Bayerische Rheinpfalz. M\u00fcnchen 1867. S. 310<\/em><\/p>\n\n\n\n<h6 class=\"wp-block-heading\"><b>Anmerkungen von Heinrich Moog:<\/b> Wahrscheinlich wurde die Laurentiusstatue (also kein Bildnis!) im Jahr 1600 von einem Eschringer versteckt, nachdem der kath. Gottesdienst und die Heiligenverehrung von der Saarbr\u00fccker Regierung auch in Ensheim und Eschringen verboten worden war. Es folgten dann die vielen Kriegsjahre und das Hinwegsterben so vieler Menschen. Dabei mag die Erinnerung an die Statue verlorengegangen sein. Vielleicht hat sie auch wirklich ein roher Soldat in ihrem Versteck entdeckt und in den Brunnen geworfen.<\/h6>\n\n\n\n<h6 class=\"wp-block-heading\">Nach R\u00fcckgabe der Kapelle an die Katholiken i. J. 1686 brachte man die altehrw\u00fcrdige Laurentiusfigur nach Wiederauffindung an ihren ehemaligen Platz, in die Wandnische des Kapellenchores zur\u00fcck, sodass sie neuen Anlass zur Verehrung des Martyrers und Erzdiakon gab.<\/h6>\n\n\n\n<p><a href=\"http:\/\/eschringen.de\/wordpress\/geschichte\/sagen\/\">zur\u00fcck zu den Sagen<\/a><\/p>\n","protected":false},"excerpt":{"rendered":"<p>&#8222;Bei Eschringen steht die St. Lorenzkapelle, in einer Nische hinter dem Altare bewahrte sie des Heiligen Bild. Unten bei der M\u00fchle sprudelt der Lorenzenborn. Hier lebte vor Zeiten mit ihrer Enkelin eine alte Witwe. Von dem \u00fcbern\u00e4chtigen Spinnen war die Arme fast erblindet. Einmal in sp\u00e4ter Mitternacht fand ein halberstarrtes altes M\u00fctterlein bei ihr Herberge &#8230; <a title=\"Die alte Sage vom Laurentiusbrunnen\" class=\"read-more\" href=\"https:\/\/eschringen.de\/wordpress\/geschichte\/sagen\/die-alte-sage-vom-laurentiusbrunnen\/\" aria-label=\"Mehr Informationen \u00fcber Die alte Sage vom Laurentiusbrunnen\">Weiterlesen &#8230;<\/a><\/p>\n","protected":false},"author":1,"featured_media":0,"parent":409,"menu_order":1,"comment_status":"closed","ping_status":"closed","template":"","meta":{"ngg_post_thumbnail":0,"footnotes":""},"class_list":["post-562","page","type-page","status-publish"],"yoast_head":"<!-- This site is optimized with the Yoast SEO plugin v27.4 - https:\/\/yoast.com\/product\/yoast-seo-wordpress\/ -->\n<title>Die alte Sage vom Laurentiusbrunnen - Eschringen<\/title>\n<meta name=\"robots\" content=\"index, follow, max-snippet:-1, max-image-preview:large, max-video-preview:-1\" \/>\n<link rel=\"canonical\" href=\"https:\/\/eschringen.de\/wordpress\/geschichte\/sagen\/die-alte-sage-vom-laurentiusbrunnen\/\" \/>\n<meta property=\"og:locale\" content=\"de_DE\" \/>\n<meta property=\"og:type\" content=\"article\" \/>\n<meta property=\"og:title\" content=\"Die alte Sage vom Laurentiusbrunnen - Eschringen\" \/>\n<meta property=\"og:description\" content=\"&#8222;Bei Eschringen steht die St. Lorenzkapelle, in einer Nische hinter dem Altare bewahrte sie des Heiligen Bild. Unten bei der M\u00fchle sprudelt der Lorenzenborn. Hier lebte vor Zeiten mit ihrer Enkelin eine alte Witwe. Von dem \u00fcbern\u00e4chtigen Spinnen war die Arme fast erblindet. Einmal in sp\u00e4ter Mitternacht fand ein halberstarrtes altes M\u00fctterlein bei ihr Herberge ... Weiterlesen ...\" \/>\n<meta property=\"og:url\" content=\"https:\/\/eschringen.de\/wordpress\/geschichte\/sagen\/die-alte-sage-vom-laurentiusbrunnen\/\" \/>\n<meta property=\"og:site_name\" content=\"Eschringen\" \/>\n<meta property=\"article:modified_time\" content=\"2022-08-20T10:17:35+00:00\" \/>\n<meta property=\"og:image\" content=\"https:\/\/eschringen.de\/wordpress\/wp-content\/uploads\/2022\/08\/lbrunnen.jpg\" \/>\n<meta name=\"twitter:card\" content=\"summary_large_image\" \/>\n<meta name=\"twitter:label1\" content=\"Gesch\u00e4tzte Lesezeit\" \/>\n\t<meta name=\"twitter:data1\" content=\"2\u00a0Minuten\" \/>\n<script type=\"application\/ld+json\" class=\"yoast-schema-graph\">{\"@context\":\"https:\\\/\\\/schema.org\",\"@graph\":[{\"@type\":\"WebPage\",\"@id\":\"https:\\\/\\\/eschringen.de\\\/wordpress\\\/geschichte\\\/sagen\\\/die-alte-sage-vom-laurentiusbrunnen\\\/\",\"url\":\"https:\\\/\\\/eschringen.de\\\/wordpress\\\/geschichte\\\/sagen\\\/die-alte-sage-vom-laurentiusbrunnen\\\/\",\"name\":\"Die alte Sage vom Laurentiusbrunnen - Eschringen\",\"isPartOf\":{\"@id\":\"https:\\\/\\\/eschringen.de\\\/wordpress\\\/#website\"},\"primaryImageOfPage\":{\"@id\":\"https:\\\/\\\/eschringen.de\\\/wordpress\\\/geschichte\\\/sagen\\\/die-alte-sage-vom-laurentiusbrunnen\\\/#primaryimage\"},\"image\":{\"@id\":\"https:\\\/\\\/eschringen.de\\\/wordpress\\\/geschichte\\\/sagen\\\/die-alte-sage-vom-laurentiusbrunnen\\\/#primaryimage\"},\"thumbnailUrl\":\"https:\\\/\\\/eschringen.de\\\/wordpress\\\/wp-content\\\/uploads\\\/2022\\\/08\\\/lbrunnen.jpg\",\"datePublished\":\"2017-02-12T11:44:24+00:00\",\"dateModified\":\"2022-08-20T10:17:35+00:00\",\"breadcrumb\":{\"@id\":\"https:\\\/\\\/eschringen.de\\\/wordpress\\\/geschichte\\\/sagen\\\/die-alte-sage-vom-laurentiusbrunnen\\\/#breadcrumb\"},\"inLanguage\":\"de\",\"potentialAction\":[{\"@type\":\"ReadAction\",\"target\":[\"https:\\\/\\\/eschringen.de\\\/wordpress\\\/geschichte\\\/sagen\\\/die-alte-sage-vom-laurentiusbrunnen\\\/\"]}]},{\"@type\":\"ImageObject\",\"inLanguage\":\"de\",\"@id\":\"https:\\\/\\\/eschringen.de\\\/wordpress\\\/geschichte\\\/sagen\\\/die-alte-sage-vom-laurentiusbrunnen\\\/#primaryimage\",\"url\":\"https:\\\/\\\/i0.wp.com\\\/eschringen.de\\\/wordpress\\\/wp-content\\\/uploads\\\/2022\\\/08\\\/lbrunnen.jpg?fit=300%2C216&ssl=1\",\"contentUrl\":\"https:\\\/\\\/i0.wp.com\\\/eschringen.de\\\/wordpress\\\/wp-content\\\/uploads\\\/2022\\\/08\\\/lbrunnen.jpg?fit=300%2C216&ssl=1\",\"width\":300,\"height\":216},{\"@type\":\"BreadcrumbList\",\"@id\":\"https:\\\/\\\/eschringen.de\\\/wordpress\\\/geschichte\\\/sagen\\\/die-alte-sage-vom-laurentiusbrunnen\\\/#breadcrumb\",\"itemListElement\":[{\"@type\":\"ListItem\",\"position\":1,\"name\":\"Startseite\",\"item\":\"https:\\\/\\\/eschringen.de\\\/wordpress\\\/\"},{\"@type\":\"ListItem\",\"position\":2,\"name\":\"Geschichte\",\"item\":\"https:\\\/\\\/eschringen.de\\\/wordpress\\\/geschichte\\\/\"},{\"@type\":\"ListItem\",\"position\":3,\"name\":\"Sagen\",\"item\":\"https:\\\/\\\/eschringen.de\\\/wordpress\\\/geschichte\\\/sagen\\\/\"},{\"@type\":\"ListItem\",\"position\":4,\"name\":\"Die alte Sage vom Laurentiusbrunnen\"}]},{\"@type\":\"WebSite\",\"@id\":\"https:\\\/\\\/eschringen.de\\\/wordpress\\\/#website\",\"url\":\"https:\\\/\\\/eschringen.de\\\/wordpress\\\/\",\"name\":\"Eschringen\",\"description\":\"\",\"publisher\":{\"@id\":\"https:\\\/\\\/eschringen.de\\\/wordpress\\\/#organization\"},\"potentialAction\":[{\"@type\":\"SearchAction\",\"target\":{\"@type\":\"EntryPoint\",\"urlTemplate\":\"https:\\\/\\\/eschringen.de\\\/wordpress\\\/?s={search_term_string}\"},\"query-input\":{\"@type\":\"PropertyValueSpecification\",\"valueRequired\":true,\"valueName\":\"search_term_string\"}}],\"inLanguage\":\"de\"},{\"@type\":\"Organization\",\"@id\":\"https:\\\/\\\/eschringen.de\\\/wordpress\\\/#organization\",\"name\":\"Eschringen\",\"url\":\"https:\\\/\\\/eschringen.de\\\/wordpress\\\/\",\"logo\":{\"@type\":\"ImageObject\",\"inLanguage\":\"de\",\"@id\":\"https:\\\/\\\/eschringen.de\\\/wordpress\\\/#\\\/schema\\\/logo\\\/image\\\/\",\"url\":\"https:\\\/\\\/eschringen.de\\\/wordpress\\\/wp-content\\\/uploads\\\/2017\\\/03\\\/2017_kw15.jpg\",\"contentUrl\":\"https:\\\/\\\/eschringen.de\\\/wordpress\\\/wp-content\\\/uploads\\\/2017\\\/03\\\/2017_kw15.jpg\",\"width\":784,\"height\":447,\"caption\":\"Eschringen\"},\"image\":{\"@id\":\"https:\\\/\\\/eschringen.de\\\/wordpress\\\/#\\\/schema\\\/logo\\\/image\\\/\"}}]}<\/script>\n<!-- \/ Yoast SEO plugin. -->","yoast_head_json":{"title":"Die alte Sage vom Laurentiusbrunnen - Eschringen","robots":{"index":"index","follow":"follow","max-snippet":"max-snippet:-1","max-image-preview":"max-image-preview:large","max-video-preview":"max-video-preview:-1"},"canonical":"https:\/\/eschringen.de\/wordpress\/geschichte\/sagen\/die-alte-sage-vom-laurentiusbrunnen\/","og_locale":"de_DE","og_type":"article","og_title":"Die alte Sage vom Laurentiusbrunnen - Eschringen","og_description":"&#8222;Bei Eschringen steht die St. Lorenzkapelle, in einer Nische hinter dem Altare bewahrte sie des Heiligen Bild. Unten bei der M\u00fchle sprudelt der Lorenzenborn. Hier lebte vor Zeiten mit ihrer Enkelin eine alte Witwe. Von dem \u00fcbern\u00e4chtigen Spinnen war die Arme fast erblindet. Einmal in sp\u00e4ter Mitternacht fand ein halberstarrtes altes M\u00fctterlein bei ihr Herberge ... Weiterlesen ...","og_url":"https:\/\/eschringen.de\/wordpress\/geschichte\/sagen\/die-alte-sage-vom-laurentiusbrunnen\/","og_site_name":"Eschringen","article_modified_time":"2022-08-20T10:17:35+00:00","og_image":[{"url":"https:\/\/eschringen.de\/wordpress\/wp-content\/uploads\/2022\/08\/lbrunnen.jpg","type":"","width":"","height":""}],"twitter_card":"summary_large_image","twitter_misc":{"Gesch\u00e4tzte Lesezeit":"2\u00a0Minuten"},"schema":{"@context":"https:\/\/schema.org","@graph":[{"@type":"WebPage","@id":"https:\/\/eschringen.de\/wordpress\/geschichte\/sagen\/die-alte-sage-vom-laurentiusbrunnen\/","url":"https:\/\/eschringen.de\/wordpress\/geschichte\/sagen\/die-alte-sage-vom-laurentiusbrunnen\/","name":"Die alte Sage vom Laurentiusbrunnen - Eschringen","isPartOf":{"@id":"https:\/\/eschringen.de\/wordpress\/#website"},"primaryImageOfPage":{"@id":"https:\/\/eschringen.de\/wordpress\/geschichte\/sagen\/die-alte-sage-vom-laurentiusbrunnen\/#primaryimage"},"image":{"@id":"https:\/\/eschringen.de\/wordpress\/geschichte\/sagen\/die-alte-sage-vom-laurentiusbrunnen\/#primaryimage"},"thumbnailUrl":"https:\/\/eschringen.de\/wordpress\/wp-content\/uploads\/2022\/08\/lbrunnen.jpg","datePublished":"2017-02-12T11:44:24+00:00","dateModified":"2022-08-20T10:17:35+00:00","breadcrumb":{"@id":"https:\/\/eschringen.de\/wordpress\/geschichte\/sagen\/die-alte-sage-vom-laurentiusbrunnen\/#breadcrumb"},"inLanguage":"de","potentialAction":[{"@type":"ReadAction","target":["https:\/\/eschringen.de\/wordpress\/geschichte\/sagen\/die-alte-sage-vom-laurentiusbrunnen\/"]}]},{"@type":"ImageObject","inLanguage":"de","@id":"https:\/\/eschringen.de\/wordpress\/geschichte\/sagen\/die-alte-sage-vom-laurentiusbrunnen\/#primaryimage","url":"https:\/\/i0.wp.com\/eschringen.de\/wordpress\/wp-content\/uploads\/2022\/08\/lbrunnen.jpg?fit=300%2C216&ssl=1","contentUrl":"https:\/\/i0.wp.com\/eschringen.de\/wordpress\/wp-content\/uploads\/2022\/08\/lbrunnen.jpg?fit=300%2C216&ssl=1","width":300,"height":216},{"@type":"BreadcrumbList","@id":"https:\/\/eschringen.de\/wordpress\/geschichte\/sagen\/die-alte-sage-vom-laurentiusbrunnen\/#breadcrumb","itemListElement":[{"@type":"ListItem","position":1,"name":"Startseite","item":"https:\/\/eschringen.de\/wordpress\/"},{"@type":"ListItem","position":2,"name":"Geschichte","item":"https:\/\/eschringen.de\/wordpress\/geschichte\/"},{"@type":"ListItem","position":3,"name":"Sagen","item":"https:\/\/eschringen.de\/wordpress\/geschichte\/sagen\/"},{"@type":"ListItem","position":4,"name":"Die alte Sage vom Laurentiusbrunnen"}]},{"@type":"WebSite","@id":"https:\/\/eschringen.de\/wordpress\/#website","url":"https:\/\/eschringen.de\/wordpress\/","name":"Eschringen","description":"","publisher":{"@id":"https:\/\/eschringen.de\/wordpress\/#organization"},"potentialAction":[{"@type":"SearchAction","target":{"@type":"EntryPoint","urlTemplate":"https:\/\/eschringen.de\/wordpress\/?s={search_term_string}"},"query-input":{"@type":"PropertyValueSpecification","valueRequired":true,"valueName":"search_term_string"}}],"inLanguage":"de"},{"@type":"Organization","@id":"https:\/\/eschringen.de\/wordpress\/#organization","name":"Eschringen","url":"https:\/\/eschringen.de\/wordpress\/","logo":{"@type":"ImageObject","inLanguage":"de","@id":"https:\/\/eschringen.de\/wordpress\/#\/schema\/logo\/image\/","url":"https:\/\/eschringen.de\/wordpress\/wp-content\/uploads\/2017\/03\/2017_kw15.jpg","contentUrl":"https:\/\/eschringen.de\/wordpress\/wp-content\/uploads\/2017\/03\/2017_kw15.jpg","width":784,"height":447,"caption":"Eschringen"},"image":{"@id":"https:\/\/eschringen.de\/wordpress\/#\/schema\/logo\/image\/"}}]}},"jetpack_sharing_enabled":true,"_links":{"self":[{"href":"https:\/\/eschringen.de\/wordpress\/wp-json\/wp\/v2\/pages\/562","targetHints":{"allow":["GET"]}}],"collection":[{"href":"https:\/\/eschringen.de\/wordpress\/wp-json\/wp\/v2\/pages"}],"about":[{"href":"https:\/\/eschringen.de\/wordpress\/wp-json\/wp\/v2\/types\/page"}],"author":[{"embeddable":true,"href":"https:\/\/eschringen.de\/wordpress\/wp-json\/wp\/v2\/users\/1"}],"replies":[{"embeddable":true,"href":"https:\/\/eschringen.de\/wordpress\/wp-json\/wp\/v2\/comments?post=562"}],"version-history":[{"count":4,"href":"https:\/\/eschringen.de\/wordpress\/wp-json\/wp\/v2\/pages\/562\/revisions"}],"predecessor-version":[{"id":3794,"href":"https:\/\/eschringen.de\/wordpress\/wp-json\/wp\/v2\/pages\/562\/revisions\/3794"}],"up":[{"embeddable":true,"href":"https:\/\/eschringen.de\/wordpress\/wp-json\/wp\/v2\/pages\/409"}],"wp:attachment":[{"href":"https:\/\/eschringen.de\/wordpress\/wp-json\/wp\/v2\/media?parent=562"}],"curies":[{"name":"wp","href":"https:\/\/api.w.org\/{rel}","templated":true}]}}