{"id":5025,"date":"2024-11-28T21:54:59","date_gmt":"2024-11-28T20:54:59","guid":{"rendered":"https:\/\/eschringen.de\/wordpress\/?page_id=5025"},"modified":"2024-11-28T22:05:15","modified_gmt":"2024-11-28T21:05:15","slug":"12-10-2024-bayern-muenchen-in-eschringen","status":"publish","type":"page","link":"https:\/\/eschringen.de\/wordpress\/geschichte\/archiv\/12-10-2024-bayern-muenchen-in-eschringen\/","title":{"rendered":"12.10.2024 &#8211; Bayern M\u00fcnchen in Eschringen"},"content":{"rendered":"\n<p>Am 12. Oktober gab es in Eschringen ein sportliches Gro\u00dfereignis. Bayern M\u00fcnchen war in Eschringen, aber der Reihe nach.<\/p>\n\n\n\n<p>Manch einer wird wissen, dass sich der TuS Eschringen und der 1. FC Saarbr\u00fccken mit seinen Juniorinnen den Eschringer Sportplatz teilen.<br>So kommen immer mal wieder hochrangige Gegner auf unseren Sportplatz, wenn die FCS-B-Juniorinnen ihre Heimspiele in der Regionalliga austragen.<br>Im neu geschaffenen DFB-Pokal f\u00fcr Juniorinnen wurde bereits hier bei uns Mainz mit 2:0 geschlagen. So war man gespannt auf die Auslosung der 2. Runde. Manch einer wird bei den FCS-Verantwortlichen, den Spielerinnen und den Familien seinen Augen nicht getraut haben, als das Hammerlos \u00fcberhaupt mit Bayern M\u00fcnchen dem FCS zugelost wurde.<\/p>\n\n\n\n<figure class=\"wp-block-image size-full\"><img data-recalc-dims=\"1\" loading=\"lazy\" decoding=\"async\" width=\"1000\" height=\"662\" src=\"https:\/\/i0.wp.com\/eschringen.de\/wordpress\/wp-content\/uploads\/2024\/11\/Bayernbus.jpg?resize=1000%2C662&#038;ssl=1\" alt=\"\" class=\"wp-image-5027\" srcset=\"https:\/\/i0.wp.com\/eschringen.de\/wordpress\/wp-content\/uploads\/2024\/11\/Bayernbus.jpg?w=1000&amp;ssl=1 1000w, https:\/\/i0.wp.com\/eschringen.de\/wordpress\/wp-content\/uploads\/2024\/11\/Bayernbus.jpg?resize=300%2C199&amp;ssl=1 300w, https:\/\/i0.wp.com\/eschringen.de\/wordpress\/wp-content\/uploads\/2024\/11\/Bayernbus.jpg?resize=768%2C508&amp;ssl=1 768w\" sizes=\"auto, (max-width: 1000px) 100vw, 1000px\" \/><\/figure>\n\n\n\n<p>Da die Spielerinnen den Platz bestens kennen war eigentlich klar, dass das DFB-Pokal-Spiel auch in Eschringen stattfinden sollte. Somit kam die ehemalige Hauptstadt in den ehemals westlichsten Ort des alten Bayerns.<br>Vorm Dorfgemeinschaftshaus konnte man den Bayern-Bus bewundern, dort gab es sicher viele Selfies. Im Spiel selbst war von der ersten Minute an klar, dass die G\u00e4ste hier nichts anbrennen lassen wollten. Der 1.<br>FCS konnte eigentlich nur reagieren und verhindern, dass Tore fallen. Die Qualit\u00e4t der Bayern-Juniorinnen war schon enorm. Diejenigen, die vor Ort waren, k\u00f6nnen dies bestimmt bezeugen. Und wer wei\u00df, ob an<br>diesem legend\u00e4ren 12. Oktober nicht zuk\u00fcnftige Nationalspielerinnen auf dem Platz waren.<br>F\u00fcr die B-Juniorinnen des 1. FC Saarbr\u00fccken hei\u00dft es, nicht die K\u00f6pfe h\u00e4ngen lassen, sondern dieses einmalige Erlebnis mitzunehmen. Ihr habt gegen einen \u00fcberm\u00e4chtigen Gegner gespielt und die 0:4 Niederlage ist bei weitem keine Schande.<br>In der Liga gab es in 5 Spielen 5 Siege und man steht auf Platz 1. Das Derby gegen Elversberg wurde zuletzt mit 3:0 souver\u00e4n gewonnen. Die Mannschaft hat meiner Meinung nach seit Jahren wieder die Chance auf den Meistertitel. Das n\u00e4chste Spiel ist \u00fcbrigens in Eschringen am 3. November um 13 Uhr gegen den 1. FFC Kaiserslautern. Viel Erfolg dabei.<\/p>\n\n\n\n<ol class=\"wp-block-list\"><\/ol>\n","protected":false},"excerpt":{"rendered":"<p>Am 12. Oktober gab es in Eschringen ein sportliches Gro\u00dfereignis. Bayern M\u00fcnchen war in Eschringen, aber der Reihe nach. Manch einer wird wissen, dass sich der TuS Eschringen und der 1. FC Saarbr\u00fccken mit seinen Juniorinnen den Eschringer Sportplatz teilen.So kommen immer mal wieder hochrangige Gegner auf unseren Sportplatz, wenn die FCS-B-Juniorinnen ihre Heimspiele in &#8230; <a title=\"12.10.2024 &#8211; Bayern M\u00fcnchen in Eschringen\" class=\"read-more\" href=\"https:\/\/eschringen.de\/wordpress\/geschichte\/archiv\/12-10-2024-bayern-muenchen-in-eschringen\/\" aria-label=\"Mehr Informationen \u00fcber 12.10.2024 &#8211; Bayern M\u00fcnchen in Eschringen\">Weiterlesen &#8230;<\/a><\/p>\n","protected":false},"author":1,"featured_media":0,"parent":403,"menu_order":0,"comment_status":"closed","ping_status":"closed","template":"","meta":{"ngg_post_thumbnail":0,"footnotes":""},"class_list":["post-5025","page","type-page","status-publish"],"yoast_head":"<!-- This site is optimized with the Yoast SEO plugin v27.4 - https:\/\/yoast.com\/product\/yoast-seo-wordpress\/ -->\n<title>12.10.2024 - Bayern M\u00fcnchen in Eschringen - Eschringen<\/title>\n<meta name=\"robots\" content=\"index, follow, max-snippet:-1, max-image-preview:large, max-video-preview:-1\" \/>\n<link rel=\"canonical\" href=\"https:\/\/eschringen.de\/wordpress\/geschichte\/archiv\/12-10-2024-bayern-muenchen-in-eschringen\/\" \/>\n<meta property=\"og:locale\" content=\"de_DE\" \/>\n<meta property=\"og:type\" content=\"article\" \/>\n<meta property=\"og:title\" content=\"12.10.2024 - Bayern M\u00fcnchen in Eschringen - Eschringen\" \/>\n<meta property=\"og:description\" content=\"Am 12. Oktober gab es in Eschringen ein sportliches Gro\u00dfereignis. Bayern M\u00fcnchen war in Eschringen, aber der Reihe nach. Manch einer wird wissen, dass sich der TuS Eschringen und der 1. FC Saarbr\u00fccken mit seinen Juniorinnen den Eschringer Sportplatz teilen.So kommen immer mal wieder hochrangige Gegner auf unseren Sportplatz, wenn die FCS-B-Juniorinnen ihre Heimspiele in ... Weiterlesen ...\" \/>\n<meta property=\"og:url\" content=\"https:\/\/eschringen.de\/wordpress\/geschichte\/archiv\/12-10-2024-bayern-muenchen-in-eschringen\/\" \/>\n<meta property=\"og:site_name\" content=\"Eschringen\" \/>\n<meta property=\"article:modified_time\" content=\"2024-11-28T21:05:15+00:00\" \/>\n<meta property=\"og:image\" content=\"https:\/\/i0.wp.com\/eschringen.de\/wordpress\/wp-content\/uploads\/2024\/11\/Bayernbus.jpg?fit=1000%2C662&ssl=1\" \/>\n\t<meta property=\"og:image:width\" content=\"1000\" \/>\n\t<meta property=\"og:image:height\" content=\"662\" \/>\n\t<meta property=\"og:image:type\" content=\"image\/jpeg\" \/>\n<meta name=\"twitter:card\" content=\"summary_large_image\" \/>\n<meta name=\"twitter:label1\" content=\"Gesch\u00e4tzte Lesezeit\" \/>\n\t<meta name=\"twitter:data1\" content=\"2\u00a0Minuten\" \/>\n<script type=\"application\/ld+json\" class=\"yoast-schema-graph\">{\"@context\":\"https:\\\/\\\/schema.org\",\"@graph\":[{\"@type\":\"WebPage\",\"@id\":\"https:\\\/\\\/eschringen.de\\\/wordpress\\\/geschichte\\\/archiv\\\/12-10-2024-bayern-muenchen-in-eschringen\\\/\",\"url\":\"https:\\\/\\\/eschringen.de\\\/wordpress\\\/geschichte\\\/archiv\\\/12-10-2024-bayern-muenchen-in-eschringen\\\/\",\"name\":\"12.10.2024 - Bayern M\u00fcnchen in Eschringen - Eschringen\",\"isPartOf\":{\"@id\":\"https:\\\/\\\/eschringen.de\\\/wordpress\\\/#website\"},\"primaryImageOfPage\":{\"@id\":\"https:\\\/\\\/eschringen.de\\\/wordpress\\\/geschichte\\\/archiv\\\/12-10-2024-bayern-muenchen-in-eschringen\\\/#primaryimage\"},\"image\":{\"@id\":\"https:\\\/\\\/eschringen.de\\\/wordpress\\\/geschichte\\\/archiv\\\/12-10-2024-bayern-muenchen-in-eschringen\\\/#primaryimage\"},\"thumbnailUrl\":\"https:\\\/\\\/eschringen.de\\\/wordpress\\\/wp-content\\\/uploads\\\/2024\\\/11\\\/Bayernbus.jpg\",\"datePublished\":\"2024-11-28T20:54:59+00:00\",\"dateModified\":\"2024-11-28T21:05:15+00:00\",\"breadcrumb\":{\"@id\":\"https:\\\/\\\/eschringen.de\\\/wordpress\\\/geschichte\\\/archiv\\\/12-10-2024-bayern-muenchen-in-eschringen\\\/#breadcrumb\"},\"inLanguage\":\"de\",\"potentialAction\":[{\"@type\":\"ReadAction\",\"target\":[\"https:\\\/\\\/eschringen.de\\\/wordpress\\\/geschichte\\\/archiv\\\/12-10-2024-bayern-muenchen-in-eschringen\\\/\"]}]},{\"@type\":\"ImageObject\",\"inLanguage\":\"de\",\"@id\":\"https:\\\/\\\/eschringen.de\\\/wordpress\\\/geschichte\\\/archiv\\\/12-10-2024-bayern-muenchen-in-eschringen\\\/#primaryimage\",\"url\":\"https:\\\/\\\/i0.wp.com\\\/eschringen.de\\\/wordpress\\\/wp-content\\\/uploads\\\/2024\\\/11\\\/Bayernbus.jpg?fit=1000%2C662&ssl=1\",\"contentUrl\":\"https:\\\/\\\/i0.wp.com\\\/eschringen.de\\\/wordpress\\\/wp-content\\\/uploads\\\/2024\\\/11\\\/Bayernbus.jpg?fit=1000%2C662&ssl=1\",\"width\":1000,\"height\":662},{\"@type\":\"BreadcrumbList\",\"@id\":\"https:\\\/\\\/eschringen.de\\\/wordpress\\\/geschichte\\\/archiv\\\/12-10-2024-bayern-muenchen-in-eschringen\\\/#breadcrumb\",\"itemListElement\":[{\"@type\":\"ListItem\",\"position\":1,\"name\":\"Startseite\",\"item\":\"https:\\\/\\\/eschringen.de\\\/wordpress\\\/\"},{\"@type\":\"ListItem\",\"position\":2,\"name\":\"Geschichte\",\"item\":\"https:\\\/\\\/eschringen.de\\\/wordpress\\\/geschichte\\\/\"},{\"@type\":\"ListItem\",\"position\":3,\"name\":\"Archiv\",\"item\":\"https:\\\/\\\/eschringen.de\\\/wordpress\\\/geschichte\\\/archiv\\\/\"},{\"@type\":\"ListItem\",\"position\":4,\"name\":\"12.10.2024 &#8211; Bayern M\u00fcnchen in Eschringen\"}]},{\"@type\":\"WebSite\",\"@id\":\"https:\\\/\\\/eschringen.de\\\/wordpress\\\/#website\",\"url\":\"https:\\\/\\\/eschringen.de\\\/wordpress\\\/\",\"name\":\"Eschringen\",\"description\":\"\",\"publisher\":{\"@id\":\"https:\\\/\\\/eschringen.de\\\/wordpress\\\/#organization\"},\"potentialAction\":[{\"@type\":\"SearchAction\",\"target\":{\"@type\":\"EntryPoint\",\"urlTemplate\":\"https:\\\/\\\/eschringen.de\\\/wordpress\\\/?s={search_term_string}\"},\"query-input\":{\"@type\":\"PropertyValueSpecification\",\"valueRequired\":true,\"valueName\":\"search_term_string\"}}],\"inLanguage\":\"de\"},{\"@type\":\"Organization\",\"@id\":\"https:\\\/\\\/eschringen.de\\\/wordpress\\\/#organization\",\"name\":\"Eschringen\",\"url\":\"https:\\\/\\\/eschringen.de\\\/wordpress\\\/\",\"logo\":{\"@type\":\"ImageObject\",\"inLanguage\":\"de\",\"@id\":\"https:\\\/\\\/eschringen.de\\\/wordpress\\\/#\\\/schema\\\/logo\\\/image\\\/\",\"url\":\"https:\\\/\\\/eschringen.de\\\/wordpress\\\/wp-content\\\/uploads\\\/2017\\\/03\\\/2017_kw15.jpg\",\"contentUrl\":\"https:\\\/\\\/eschringen.de\\\/wordpress\\\/wp-content\\\/uploads\\\/2017\\\/03\\\/2017_kw15.jpg\",\"width\":784,\"height\":447,\"caption\":\"Eschringen\"},\"image\":{\"@id\":\"https:\\\/\\\/eschringen.de\\\/wordpress\\\/#\\\/schema\\\/logo\\\/image\\\/\"}}]}<\/script>\n<!-- \/ Yoast SEO plugin. -->","yoast_head_json":{"title":"12.10.2024 - Bayern M\u00fcnchen in Eschringen - Eschringen","robots":{"index":"index","follow":"follow","max-snippet":"max-snippet:-1","max-image-preview":"max-image-preview:large","max-video-preview":"max-video-preview:-1"},"canonical":"https:\/\/eschringen.de\/wordpress\/geschichte\/archiv\/12-10-2024-bayern-muenchen-in-eschringen\/","og_locale":"de_DE","og_type":"article","og_title":"12.10.2024 - Bayern M\u00fcnchen in Eschringen - Eschringen","og_description":"Am 12. Oktober gab es in Eschringen ein sportliches Gro\u00dfereignis. Bayern M\u00fcnchen war in Eschringen, aber der Reihe nach. Manch einer wird wissen, dass sich der TuS Eschringen und der 1. FC Saarbr\u00fccken mit seinen Juniorinnen den Eschringer Sportplatz teilen.So kommen immer mal wieder hochrangige Gegner auf unseren Sportplatz, wenn die FCS-B-Juniorinnen ihre Heimspiele in ... Weiterlesen ...","og_url":"https:\/\/eschringen.de\/wordpress\/geschichte\/archiv\/12-10-2024-bayern-muenchen-in-eschringen\/","og_site_name":"Eschringen","article_modified_time":"2024-11-28T21:05:15+00:00","og_image":[{"width":1000,"height":662,"url":"https:\/\/i0.wp.com\/eschringen.de\/wordpress\/wp-content\/uploads\/2024\/11\/Bayernbus.jpg?fit=1000%2C662&ssl=1","type":"image\/jpeg"}],"twitter_card":"summary_large_image","twitter_misc":{"Gesch\u00e4tzte Lesezeit":"2\u00a0Minuten"},"schema":{"@context":"https:\/\/schema.org","@graph":[{"@type":"WebPage","@id":"https:\/\/eschringen.de\/wordpress\/geschichte\/archiv\/12-10-2024-bayern-muenchen-in-eschringen\/","url":"https:\/\/eschringen.de\/wordpress\/geschichte\/archiv\/12-10-2024-bayern-muenchen-in-eschringen\/","name":"12.10.2024 - Bayern M\u00fcnchen in Eschringen - Eschringen","isPartOf":{"@id":"https:\/\/eschringen.de\/wordpress\/#website"},"primaryImageOfPage":{"@id":"https:\/\/eschringen.de\/wordpress\/geschichte\/archiv\/12-10-2024-bayern-muenchen-in-eschringen\/#primaryimage"},"image":{"@id":"https:\/\/eschringen.de\/wordpress\/geschichte\/archiv\/12-10-2024-bayern-muenchen-in-eschringen\/#primaryimage"},"thumbnailUrl":"https:\/\/eschringen.de\/wordpress\/wp-content\/uploads\/2024\/11\/Bayernbus.jpg","datePublished":"2024-11-28T20:54:59+00:00","dateModified":"2024-11-28T21:05:15+00:00","breadcrumb":{"@id":"https:\/\/eschringen.de\/wordpress\/geschichte\/archiv\/12-10-2024-bayern-muenchen-in-eschringen\/#breadcrumb"},"inLanguage":"de","potentialAction":[{"@type":"ReadAction","target":["https:\/\/eschringen.de\/wordpress\/geschichte\/archiv\/12-10-2024-bayern-muenchen-in-eschringen\/"]}]},{"@type":"ImageObject","inLanguage":"de","@id":"https:\/\/eschringen.de\/wordpress\/geschichte\/archiv\/12-10-2024-bayern-muenchen-in-eschringen\/#primaryimage","url":"https:\/\/i0.wp.com\/eschringen.de\/wordpress\/wp-content\/uploads\/2024\/11\/Bayernbus.jpg?fit=1000%2C662&ssl=1","contentUrl":"https:\/\/i0.wp.com\/eschringen.de\/wordpress\/wp-content\/uploads\/2024\/11\/Bayernbus.jpg?fit=1000%2C662&ssl=1","width":1000,"height":662},{"@type":"BreadcrumbList","@id":"https:\/\/eschringen.de\/wordpress\/geschichte\/archiv\/12-10-2024-bayern-muenchen-in-eschringen\/#breadcrumb","itemListElement":[{"@type":"ListItem","position":1,"name":"Startseite","item":"https:\/\/eschringen.de\/wordpress\/"},{"@type":"ListItem","position":2,"name":"Geschichte","item":"https:\/\/eschringen.de\/wordpress\/geschichte\/"},{"@type":"ListItem","position":3,"name":"Archiv","item":"https:\/\/eschringen.de\/wordpress\/geschichte\/archiv\/"},{"@type":"ListItem","position":4,"name":"12.10.2024 &#8211; Bayern M\u00fcnchen in Eschringen"}]},{"@type":"WebSite","@id":"https:\/\/eschringen.de\/wordpress\/#website","url":"https:\/\/eschringen.de\/wordpress\/","name":"Eschringen","description":"","publisher":{"@id":"https:\/\/eschringen.de\/wordpress\/#organization"},"potentialAction":[{"@type":"SearchAction","target":{"@type":"EntryPoint","urlTemplate":"https:\/\/eschringen.de\/wordpress\/?s={search_term_string}"},"query-input":{"@type":"PropertyValueSpecification","valueRequired":true,"valueName":"search_term_string"}}],"inLanguage":"de"},{"@type":"Organization","@id":"https:\/\/eschringen.de\/wordpress\/#organization","name":"Eschringen","url":"https:\/\/eschringen.de\/wordpress\/","logo":{"@type":"ImageObject","inLanguage":"de","@id":"https:\/\/eschringen.de\/wordpress\/#\/schema\/logo\/image\/","url":"https:\/\/eschringen.de\/wordpress\/wp-content\/uploads\/2017\/03\/2017_kw15.jpg","contentUrl":"https:\/\/eschringen.de\/wordpress\/wp-content\/uploads\/2017\/03\/2017_kw15.jpg","width":784,"height":447,"caption":"Eschringen"},"image":{"@id":"https:\/\/eschringen.de\/wordpress\/#\/schema\/logo\/image\/"}}]}},"jetpack_sharing_enabled":true,"_links":{"self":[{"href":"https:\/\/eschringen.de\/wordpress\/wp-json\/wp\/v2\/pages\/5025","targetHints":{"allow":["GET"]}}],"collection":[{"href":"https:\/\/eschringen.de\/wordpress\/wp-json\/wp\/v2\/pages"}],"about":[{"href":"https:\/\/eschringen.de\/wordpress\/wp-json\/wp\/v2\/types\/page"}],"author":[{"embeddable":true,"href":"https:\/\/eschringen.de\/wordpress\/wp-json\/wp\/v2\/users\/1"}],"replies":[{"embeddable":true,"href":"https:\/\/eschringen.de\/wordpress\/wp-json\/wp\/v2\/comments?post=5025"}],"version-history":[{"count":2,"href":"https:\/\/eschringen.de\/wordpress\/wp-json\/wp\/v2\/pages\/5025\/revisions"}],"predecessor-version":[{"id":5029,"href":"https:\/\/eschringen.de\/wordpress\/wp-json\/wp\/v2\/pages\/5025\/revisions\/5029"}],"up":[{"embeddable":true,"href":"https:\/\/eschringen.de\/wordpress\/wp-json\/wp\/v2\/pages\/403"}],"wp:attachment":[{"href":"https:\/\/eschringen.de\/wordpress\/wp-json\/wp\/v2\/media?parent=5025"}],"curies":[{"name":"wp","href":"https:\/\/api.w.org\/{rel}","templated":true}]}}