{"id":4394,"date":"2023-10-21T12:05:47","date_gmt":"2023-10-21T10:05:47","guid":{"rendered":"https:\/\/eschringen.de\/wordpress\/?page_id=4394"},"modified":"2023-10-21T12:05:49","modified_gmt":"2023-10-21T10:05:49","slug":"tag-des-offenen-denkmals","status":"publish","type":"page","link":"https:\/\/eschringen.de\/wordpress\/geschichte\/archiv\/tag-des-offenen-denkmals\/","title":{"rendered":"Tag des offenen Denkmals"},"content":{"rendered":"\n<figure class=\"wp-block-image size-large\"><img data-recalc-dims=\"1\" loading=\"lazy\" decoding=\"async\" width=\"1024\" height=\"660\" src=\"https:\/\/i0.wp.com\/eschringen.de\/wordpress\/wp-content\/uploads\/2023\/10\/Zippo2.jpg?resize=1024%2C660&#038;ssl=1\" alt=\"\" class=\"wp-image-4395\" srcset=\"https:\/\/i0.wp.com\/eschringen.de\/wordpress\/wp-content\/uploads\/2023\/10\/Zippo2.jpg?resize=1024%2C660&amp;ssl=1 1024w, https:\/\/i0.wp.com\/eschringen.de\/wordpress\/wp-content\/uploads\/2023\/10\/Zippo2.jpg?resize=300%2C193&amp;ssl=1 300w, https:\/\/i0.wp.com\/eschringen.de\/wordpress\/wp-content\/uploads\/2023\/10\/Zippo2.jpg?resize=768%2C495&amp;ssl=1 768w, https:\/\/i0.wp.com\/eschringen.de\/wordpress\/wp-content\/uploads\/2023\/10\/Zippo2.jpg?resize=1536%2C990&amp;ssl=1 1536w, https:\/\/i0.wp.com\/eschringen.de\/wordpress\/wp-content\/uploads\/2023\/10\/Zippo2.jpg?w=2048&amp;ssl=1 2048w\" sizes=\"auto, (max-width: 1024px) 100vw, 1024px\" \/><\/figure>\n\n\n\n<p>Gro\u00dfen Zuspruch fand das Konzert \u201eErich K\u00e4stner und mehr\u201c am 10. September in der Laurentiuskapelle in Eschringen. Die Kapelle war bis auf den letzten Platz besetzt, cirka zehn Konzertbesucher mussten stehen.<\/p>\n\n\n<div class=\"wp-block-image\">\n<figure class=\"alignleft size-medium\"><img data-recalc-dims=\"1\" loading=\"lazy\" decoding=\"async\" width=\"203\" height=\"300\" src=\"https:\/\/i0.wp.com\/eschringen.de\/wordpress\/wp-content\/uploads\/2023\/10\/Zippo1.jpg?resize=203%2C300&#038;ssl=1\" alt=\"\" class=\"wp-image-4396\" srcset=\"https:\/\/i0.wp.com\/eschringen.de\/wordpress\/wp-content\/uploads\/2023\/10\/Zippo1.jpg?resize=203%2C300&amp;ssl=1 203w, https:\/\/i0.wp.com\/eschringen.de\/wordpress\/wp-content\/uploads\/2023\/10\/Zippo1.jpg?resize=694%2C1024&amp;ssl=1 694w, https:\/\/i0.wp.com\/eschringen.de\/wordpress\/wp-content\/uploads\/2023\/10\/Zippo1.jpg?resize=768%2C1133&amp;ssl=1 768w, https:\/\/i0.wp.com\/eschringen.de\/wordpress\/wp-content\/uploads\/2023\/10\/Zippo1.jpg?resize=1041%2C1536&amp;ssl=1 1041w, https:\/\/i0.wp.com\/eschringen.de\/wordpress\/wp-content\/uploads\/2023\/10\/Zippo1.jpg?w=1388&amp;ssl=1 1388w\" sizes=\"auto, (max-width: 203px) 100vw, 203px\" \/><\/figure>\n<\/div>\n\n\n<p>Pianist Zippo Zimmermann kennt man seit \u00fcber drei\u00dfig Jahren als Multi-Instrumentalist der Saarbr\u00fccker Band \u201eSavoy Truffle\u201c. Er hat die Texte Erich K\u00e4stners in Melodien zwischen Pop und Chanson gekleidet. Begleitet wurde er von den Musikerinnen Lisa Hahnenwald (Geige) und Awa Taban-Shomal (Gesang).<\/p>\n\n\n\n<p>Zippo gab zwischen den Musikst\u00fccken Einblicke in das Leben von Erich K\u00e4stner. Bis auf die elektrische Verst\u00e4rkung des Klaviers fand das Konzert \u201eunplugged\u201c statt.<\/p>\n\n\n\n<p>Dank der kraftvollen Stimme von Awa, den harmonischen Kl\u00e4ngen der Geige von Lisa und der musikalisch sehr gut umgesetzten Lyrik K\u00e4stners konnten sich die Arrangements in dem Raum der Kapelle (die einen fantastischen Klangk\u00f6rper hat) sehr gut entfalten. Das Publikum zeigte sich begeistert. Das Konzert endete mit einer Zugabe.<\/p>\n","protected":false},"excerpt":{"rendered":"<p>Gro\u00dfen Zuspruch fand das Konzert \u201eErich K\u00e4stner und mehr\u201c am 10. September in der Laurentiuskapelle in Eschringen. Die Kapelle war bis auf den letzten Platz besetzt, cirka zehn Konzertbesucher mussten stehen. Pianist Zippo Zimmermann kennt man seit \u00fcber drei\u00dfig Jahren als Multi-Instrumentalist der Saarbr\u00fccker Band \u201eSavoy Truffle\u201c. Er hat die Texte Erich K\u00e4stners in Melodien &#8230; <a title=\"Tag des offenen Denkmals\" class=\"read-more\" href=\"https:\/\/eschringen.de\/wordpress\/geschichte\/archiv\/tag-des-offenen-denkmals\/\" aria-label=\"Mehr Informationen \u00fcber Tag des offenen Denkmals\">Weiterlesen &#8230;<\/a><\/p>\n","protected":false},"author":1,"featured_media":0,"parent":403,"menu_order":0,"comment_status":"closed","ping_status":"closed","template":"","meta":{"ngg_post_thumbnail":0,"footnotes":""},"class_list":["post-4394","page","type-page","status-publish"],"yoast_head":"<!-- This site is optimized with the Yoast SEO plugin v27.3 - https:\/\/yoast.com\/product\/yoast-seo-wordpress\/ -->\n<title>Tag des offenen Denkmals - Eschringen<\/title>\n<meta name=\"robots\" content=\"index, follow, max-snippet:-1, max-image-preview:large, max-video-preview:-1\" \/>\n<link rel=\"canonical\" href=\"https:\/\/eschringen.de\/wordpress\/geschichte\/archiv\/tag-des-offenen-denkmals\/\" \/>\n<meta property=\"og:locale\" content=\"de_DE\" \/>\n<meta property=\"og:type\" content=\"article\" \/>\n<meta property=\"og:title\" content=\"Tag des offenen Denkmals - Eschringen\" \/>\n<meta property=\"og:description\" content=\"Gro\u00dfen Zuspruch fand das Konzert \u201eErich K\u00e4stner und mehr\u201c am 10. September in der Laurentiuskapelle in Eschringen. Die Kapelle war bis auf den letzten Platz besetzt, cirka zehn Konzertbesucher mussten stehen. Pianist Zippo Zimmermann kennt man seit \u00fcber drei\u00dfig Jahren als Multi-Instrumentalist der Saarbr\u00fccker Band \u201eSavoy Truffle\u201c. Er hat die Texte Erich K\u00e4stners in Melodien ... Weiterlesen ...\" \/>\n<meta property=\"og:url\" content=\"https:\/\/eschringen.de\/wordpress\/geschichte\/archiv\/tag-des-offenen-denkmals\/\" \/>\n<meta property=\"og:site_name\" content=\"Eschringen\" \/>\n<meta property=\"article:modified_time\" content=\"2023-10-21T10:05:49+00:00\" \/>\n<meta property=\"og:image\" content=\"https:\/\/eschringen.de\/wordpress\/wp-content\/uploads\/2023\/10\/Zippo2-1024x660.jpg\" \/>\n<meta name=\"twitter:card\" content=\"summary_large_image\" \/>\n<meta name=\"twitter:label1\" content=\"Gesch\u00e4tzte Lesezeit\" \/>\n\t<meta name=\"twitter:data1\" content=\"2\u00a0Minuten\" \/>\n<script type=\"application\/ld+json\" class=\"yoast-schema-graph\">{\"@context\":\"https:\\\/\\\/schema.org\",\"@graph\":[{\"@type\":\"WebPage\",\"@id\":\"https:\\\/\\\/eschringen.de\\\/wordpress\\\/geschichte\\\/archiv\\\/tag-des-offenen-denkmals\\\/\",\"url\":\"https:\\\/\\\/eschringen.de\\\/wordpress\\\/geschichte\\\/archiv\\\/tag-des-offenen-denkmals\\\/\",\"name\":\"Tag des offenen Denkmals - Eschringen\",\"isPartOf\":{\"@id\":\"https:\\\/\\\/eschringen.de\\\/wordpress\\\/#website\"},\"primaryImageOfPage\":{\"@id\":\"https:\\\/\\\/eschringen.de\\\/wordpress\\\/geschichte\\\/archiv\\\/tag-des-offenen-denkmals\\\/#primaryimage\"},\"image\":{\"@id\":\"https:\\\/\\\/eschringen.de\\\/wordpress\\\/geschichte\\\/archiv\\\/tag-des-offenen-denkmals\\\/#primaryimage\"},\"thumbnailUrl\":\"https:\\\/\\\/eschringen.de\\\/wordpress\\\/wp-content\\\/uploads\\\/2023\\\/10\\\/Zippo2-1024x660.jpg\",\"datePublished\":\"2023-10-21T10:05:47+00:00\",\"dateModified\":\"2023-10-21T10:05:49+00:00\",\"breadcrumb\":{\"@id\":\"https:\\\/\\\/eschringen.de\\\/wordpress\\\/geschichte\\\/archiv\\\/tag-des-offenen-denkmals\\\/#breadcrumb\"},\"inLanguage\":\"de\",\"potentialAction\":[{\"@type\":\"ReadAction\",\"target\":[\"https:\\\/\\\/eschringen.de\\\/wordpress\\\/geschichte\\\/archiv\\\/tag-des-offenen-denkmals\\\/\"]}]},{\"@type\":\"ImageObject\",\"inLanguage\":\"de\",\"@id\":\"https:\\\/\\\/eschringen.de\\\/wordpress\\\/geschichte\\\/archiv\\\/tag-des-offenen-denkmals\\\/#primaryimage\",\"url\":\"https:\\\/\\\/i0.wp.com\\\/eschringen.de\\\/wordpress\\\/wp-content\\\/uploads\\\/2023\\\/10\\\/Zippo2.jpg?fit=2048%2C1320&ssl=1\",\"contentUrl\":\"https:\\\/\\\/i0.wp.com\\\/eschringen.de\\\/wordpress\\\/wp-content\\\/uploads\\\/2023\\\/10\\\/Zippo2.jpg?fit=2048%2C1320&ssl=1\",\"width\":2048,\"height\":1320},{\"@type\":\"BreadcrumbList\",\"@id\":\"https:\\\/\\\/eschringen.de\\\/wordpress\\\/geschichte\\\/archiv\\\/tag-des-offenen-denkmals\\\/#breadcrumb\",\"itemListElement\":[{\"@type\":\"ListItem\",\"position\":1,\"name\":\"Startseite\",\"item\":\"https:\\\/\\\/eschringen.de\\\/wordpress\\\/\"},{\"@type\":\"ListItem\",\"position\":2,\"name\":\"Geschichte\",\"item\":\"https:\\\/\\\/eschringen.de\\\/wordpress\\\/geschichte\\\/\"},{\"@type\":\"ListItem\",\"position\":3,\"name\":\"Archiv\",\"item\":\"https:\\\/\\\/eschringen.de\\\/wordpress\\\/geschichte\\\/archiv\\\/\"},{\"@type\":\"ListItem\",\"position\":4,\"name\":\"Tag des offenen Denkmals\"}]},{\"@type\":\"WebSite\",\"@id\":\"https:\\\/\\\/eschringen.de\\\/wordpress\\\/#website\",\"url\":\"https:\\\/\\\/eschringen.de\\\/wordpress\\\/\",\"name\":\"Eschringen\",\"description\":\"\",\"publisher\":{\"@id\":\"https:\\\/\\\/eschringen.de\\\/wordpress\\\/#organization\"},\"potentialAction\":[{\"@type\":\"SearchAction\",\"target\":{\"@type\":\"EntryPoint\",\"urlTemplate\":\"https:\\\/\\\/eschringen.de\\\/wordpress\\\/?s={search_term_string}\"},\"query-input\":{\"@type\":\"PropertyValueSpecification\",\"valueRequired\":true,\"valueName\":\"search_term_string\"}}],\"inLanguage\":\"de\"},{\"@type\":\"Organization\",\"@id\":\"https:\\\/\\\/eschringen.de\\\/wordpress\\\/#organization\",\"name\":\"Eschringen\",\"url\":\"https:\\\/\\\/eschringen.de\\\/wordpress\\\/\",\"logo\":{\"@type\":\"ImageObject\",\"inLanguage\":\"de\",\"@id\":\"https:\\\/\\\/eschringen.de\\\/wordpress\\\/#\\\/schema\\\/logo\\\/image\\\/\",\"url\":\"https:\\\/\\\/eschringen.de\\\/wordpress\\\/wp-content\\\/uploads\\\/2017\\\/03\\\/2017_kw15.jpg\",\"contentUrl\":\"https:\\\/\\\/eschringen.de\\\/wordpress\\\/wp-content\\\/uploads\\\/2017\\\/03\\\/2017_kw15.jpg\",\"width\":784,\"height\":447,\"caption\":\"Eschringen\"},\"image\":{\"@id\":\"https:\\\/\\\/eschringen.de\\\/wordpress\\\/#\\\/schema\\\/logo\\\/image\\\/\"}}]}<\/script>\n<!-- \/ Yoast SEO plugin. -->","yoast_head_json":{"title":"Tag des offenen Denkmals - Eschringen","robots":{"index":"index","follow":"follow","max-snippet":"max-snippet:-1","max-image-preview":"max-image-preview:large","max-video-preview":"max-video-preview:-1"},"canonical":"https:\/\/eschringen.de\/wordpress\/geschichte\/archiv\/tag-des-offenen-denkmals\/","og_locale":"de_DE","og_type":"article","og_title":"Tag des offenen Denkmals - Eschringen","og_description":"Gro\u00dfen Zuspruch fand das Konzert \u201eErich K\u00e4stner und mehr\u201c am 10. September in der Laurentiuskapelle in Eschringen. Die Kapelle war bis auf den letzten Platz besetzt, cirka zehn Konzertbesucher mussten stehen. Pianist Zippo Zimmermann kennt man seit \u00fcber drei\u00dfig Jahren als Multi-Instrumentalist der Saarbr\u00fccker Band \u201eSavoy Truffle\u201c. Er hat die Texte Erich K\u00e4stners in Melodien ... Weiterlesen ...","og_url":"https:\/\/eschringen.de\/wordpress\/geschichte\/archiv\/tag-des-offenen-denkmals\/","og_site_name":"Eschringen","article_modified_time":"2023-10-21T10:05:49+00:00","og_image":[{"url":"https:\/\/eschringen.de\/wordpress\/wp-content\/uploads\/2023\/10\/Zippo2-1024x660.jpg","type":"","width":"","height":""}],"twitter_card":"summary_large_image","twitter_misc":{"Gesch\u00e4tzte Lesezeit":"2\u00a0Minuten"},"schema":{"@context":"https:\/\/schema.org","@graph":[{"@type":"WebPage","@id":"https:\/\/eschringen.de\/wordpress\/geschichte\/archiv\/tag-des-offenen-denkmals\/","url":"https:\/\/eschringen.de\/wordpress\/geschichte\/archiv\/tag-des-offenen-denkmals\/","name":"Tag des offenen Denkmals - Eschringen","isPartOf":{"@id":"https:\/\/eschringen.de\/wordpress\/#website"},"primaryImageOfPage":{"@id":"https:\/\/eschringen.de\/wordpress\/geschichte\/archiv\/tag-des-offenen-denkmals\/#primaryimage"},"image":{"@id":"https:\/\/eschringen.de\/wordpress\/geschichte\/archiv\/tag-des-offenen-denkmals\/#primaryimage"},"thumbnailUrl":"https:\/\/eschringen.de\/wordpress\/wp-content\/uploads\/2023\/10\/Zippo2-1024x660.jpg","datePublished":"2023-10-21T10:05:47+00:00","dateModified":"2023-10-21T10:05:49+00:00","breadcrumb":{"@id":"https:\/\/eschringen.de\/wordpress\/geschichte\/archiv\/tag-des-offenen-denkmals\/#breadcrumb"},"inLanguage":"de","potentialAction":[{"@type":"ReadAction","target":["https:\/\/eschringen.de\/wordpress\/geschichte\/archiv\/tag-des-offenen-denkmals\/"]}]},{"@type":"ImageObject","inLanguage":"de","@id":"https:\/\/eschringen.de\/wordpress\/geschichte\/archiv\/tag-des-offenen-denkmals\/#primaryimage","url":"https:\/\/i0.wp.com\/eschringen.de\/wordpress\/wp-content\/uploads\/2023\/10\/Zippo2.jpg?fit=2048%2C1320&ssl=1","contentUrl":"https:\/\/i0.wp.com\/eschringen.de\/wordpress\/wp-content\/uploads\/2023\/10\/Zippo2.jpg?fit=2048%2C1320&ssl=1","width":2048,"height":1320},{"@type":"BreadcrumbList","@id":"https:\/\/eschringen.de\/wordpress\/geschichte\/archiv\/tag-des-offenen-denkmals\/#breadcrumb","itemListElement":[{"@type":"ListItem","position":1,"name":"Startseite","item":"https:\/\/eschringen.de\/wordpress\/"},{"@type":"ListItem","position":2,"name":"Geschichte","item":"https:\/\/eschringen.de\/wordpress\/geschichte\/"},{"@type":"ListItem","position":3,"name":"Archiv","item":"https:\/\/eschringen.de\/wordpress\/geschichte\/archiv\/"},{"@type":"ListItem","position":4,"name":"Tag des offenen Denkmals"}]},{"@type":"WebSite","@id":"https:\/\/eschringen.de\/wordpress\/#website","url":"https:\/\/eschringen.de\/wordpress\/","name":"Eschringen","description":"","publisher":{"@id":"https:\/\/eschringen.de\/wordpress\/#organization"},"potentialAction":[{"@type":"SearchAction","target":{"@type":"EntryPoint","urlTemplate":"https:\/\/eschringen.de\/wordpress\/?s={search_term_string}"},"query-input":{"@type":"PropertyValueSpecification","valueRequired":true,"valueName":"search_term_string"}}],"inLanguage":"de"},{"@type":"Organization","@id":"https:\/\/eschringen.de\/wordpress\/#organization","name":"Eschringen","url":"https:\/\/eschringen.de\/wordpress\/","logo":{"@type":"ImageObject","inLanguage":"de","@id":"https:\/\/eschringen.de\/wordpress\/#\/schema\/logo\/image\/","url":"https:\/\/eschringen.de\/wordpress\/wp-content\/uploads\/2017\/03\/2017_kw15.jpg","contentUrl":"https:\/\/eschringen.de\/wordpress\/wp-content\/uploads\/2017\/03\/2017_kw15.jpg","width":784,"height":447,"caption":"Eschringen"},"image":{"@id":"https:\/\/eschringen.de\/wordpress\/#\/schema\/logo\/image\/"}}]}},"jetpack_sharing_enabled":true,"_links":{"self":[{"href":"https:\/\/eschringen.de\/wordpress\/wp-json\/wp\/v2\/pages\/4394","targetHints":{"allow":["GET"]}}],"collection":[{"href":"https:\/\/eschringen.de\/wordpress\/wp-json\/wp\/v2\/pages"}],"about":[{"href":"https:\/\/eschringen.de\/wordpress\/wp-json\/wp\/v2\/types\/page"}],"author":[{"embeddable":true,"href":"https:\/\/eschringen.de\/wordpress\/wp-json\/wp\/v2\/users\/1"}],"replies":[{"embeddable":true,"href":"https:\/\/eschringen.de\/wordpress\/wp-json\/wp\/v2\/comments?post=4394"}],"version-history":[{"count":1,"href":"https:\/\/eschringen.de\/wordpress\/wp-json\/wp\/v2\/pages\/4394\/revisions"}],"predecessor-version":[{"id":4397,"href":"https:\/\/eschringen.de\/wordpress\/wp-json\/wp\/v2\/pages\/4394\/revisions\/4397"}],"up":[{"embeddable":true,"href":"https:\/\/eschringen.de\/wordpress\/wp-json\/wp\/v2\/pages\/403"}],"wp:attachment":[{"href":"https:\/\/eschringen.de\/wordpress\/wp-json\/wp\/v2\/media?parent=4394"}],"curies":[{"name":"wp","href":"https:\/\/api.w.org\/{rel}","templated":true}]}}