{"id":405,"date":"2017-02-11T17:56:28","date_gmt":"2017-02-11T16:56:28","guid":{"rendered":"http:\/\/eschringen.de\/wordpress\/?page_id=405"},"modified":"2017-02-16T19:01:41","modified_gmt":"2017-02-16T18:01:41","slug":"literatur","status":"publish","type":"page","link":"https:\/\/eschringen.de\/wordpress\/geschichte\/literatur\/","title":{"rendered":"Literatur"},"content":{"rendered":"<p>Hier finden Sie einen \u00dcberblick dar\u00fcber, was von und \u00fcber Eschringen geschrieben wird. Bitte klicken Sie die entsprechenden Links f\u00fcr neue \u00dcbersichten an.<\/p>\n<ul>\n<li><strong>Fest- und Gedenkschriften zu Jubil\u00e4en von Eschringer Vereinen, Organisationen und Einrichtungen<\/strong><br \/>\nDiese Seite ist noch in Vorbereitung. Wir hoffen, Ihnen bald eine \u00dcbersicht anbieten zu k\u00f6nnen.<\/li>\n<li><a href=\"http:\/\/eschringen.de\/wordpress\/geschichte\/literatur\/periodisch-erscheinende-schriften\/\"><strong>Periodisch erscheinende Schriften<\/strong> <\/a><\/li>\n<li><strong><a href=\"http:\/\/eschringen.de\/wordpress\/geschichte\/literatur\/einzelveroeffentlichungen\/\">Einzelver\u00f6ffentlichungen, die in Eschringen (und Ensheim) herausgegeben wurden<\/a><\/strong><\/li>\n<li><strong><a href=\"http:\/\/eschringen.de\/wordpress\/geschichte\/literatur\/beitraege\/\">Beitr\u00e4ge in (\u00fcber-)regionalen Zeitungen, Zeitschriften und B\u00fcchern\/chronologisch<\/a><\/strong><\/li>\n<\/ul>\n","protected":false},"excerpt":{"rendered":"<p>Hier finden Sie einen \u00dcberblick dar\u00fcber, was von und \u00fcber Eschringen geschrieben wird. Bitte klicken Sie die entsprechenden Links f\u00fcr neue \u00dcbersichten an. Fest- und Gedenkschriften zu Jubil\u00e4en von Eschringer Vereinen, Organisationen und Einrichtungen Diese Seite ist noch in Vorbereitung. Wir hoffen, Ihnen bald eine \u00dcbersicht anbieten zu k\u00f6nnen. Periodisch erscheinende Schriften Einzelver\u00f6ffentlichungen, die in &#8230; <a title=\"Literatur\" class=\"read-more\" href=\"https:\/\/eschringen.de\/wordpress\/geschichte\/literatur\/\" aria-label=\"Mehr Informationen \u00fcber Literatur\">Weiterlesen &#8230;<\/a><\/p>\n","protected":false},"author":1,"featured_media":0,"parent":36,"menu_order":4,"comment_status":"closed","ping_status":"closed","template":"","meta":{"ngg_post_thumbnail":0,"footnotes":""},"class_list":["post-405","page","type-page","status-publish"],"yoast_head":"<!-- This site is optimized with the Yoast SEO plugin v27.4 - https:\/\/yoast.com\/product\/yoast-seo-wordpress\/ -->\n<title>Literatur - Eschringen<\/title>\n<meta name=\"robots\" content=\"index, follow, max-snippet:-1, max-image-preview:large, max-video-preview:-1\" \/>\n<link rel=\"canonical\" href=\"https:\/\/eschringen.de\/wordpress\/geschichte\/literatur\/\" \/>\n<meta property=\"og:locale\" content=\"de_DE\" \/>\n<meta property=\"og:type\" content=\"article\" \/>\n<meta property=\"og:title\" content=\"Literatur - Eschringen\" \/>\n<meta property=\"og:description\" content=\"Hier finden Sie einen \u00dcberblick dar\u00fcber, was von und \u00fcber Eschringen geschrieben wird. Bitte klicken Sie die entsprechenden Links f\u00fcr neue \u00dcbersichten an. Fest- und Gedenkschriften zu Jubil\u00e4en von Eschringer Vereinen, Organisationen und Einrichtungen Diese Seite ist noch in Vorbereitung. Wir hoffen, Ihnen bald eine \u00dcbersicht anbieten zu k\u00f6nnen. Periodisch erscheinende Schriften Einzelver\u00f6ffentlichungen, die in ... Weiterlesen ...\" \/>\n<meta property=\"og:url\" content=\"https:\/\/eschringen.de\/wordpress\/geschichte\/literatur\/\" \/>\n<meta property=\"og:site_name\" content=\"Eschringen\" \/>\n<meta property=\"article:modified_time\" content=\"2017-02-16T18:01:41+00:00\" \/>\n<meta name=\"twitter:card\" content=\"summary_large_image\" \/>\n<script type=\"application\/ld+json\" class=\"yoast-schema-graph\">{\"@context\":\"https:\\\/\\\/schema.org\",\"@graph\":[{\"@type\":\"WebPage\",\"@id\":\"https:\\\/\\\/eschringen.de\\\/wordpress\\\/geschichte\\\/literatur\\\/\",\"url\":\"https:\\\/\\\/eschringen.de\\\/wordpress\\\/geschichte\\\/literatur\\\/\",\"name\":\"Literatur - Eschringen\",\"isPartOf\":{\"@id\":\"https:\\\/\\\/eschringen.de\\\/wordpress\\\/#website\"},\"datePublished\":\"2017-02-11T16:56:28+00:00\",\"dateModified\":\"2017-02-16T18:01:41+00:00\",\"breadcrumb\":{\"@id\":\"https:\\\/\\\/eschringen.de\\\/wordpress\\\/geschichte\\\/literatur\\\/#breadcrumb\"},\"inLanguage\":\"de\",\"potentialAction\":[{\"@type\":\"ReadAction\",\"target\":[\"https:\\\/\\\/eschringen.de\\\/wordpress\\\/geschichte\\\/literatur\\\/\"]}]},{\"@type\":\"BreadcrumbList\",\"@id\":\"https:\\\/\\\/eschringen.de\\\/wordpress\\\/geschichte\\\/literatur\\\/#breadcrumb\",\"itemListElement\":[{\"@type\":\"ListItem\",\"position\":1,\"name\":\"Startseite\",\"item\":\"https:\\\/\\\/eschringen.de\\\/wordpress\\\/\"},{\"@type\":\"ListItem\",\"position\":2,\"name\":\"Geschichte\",\"item\":\"https:\\\/\\\/eschringen.de\\\/wordpress\\\/geschichte\\\/\"},{\"@type\":\"ListItem\",\"position\":3,\"name\":\"Literatur\"}]},{\"@type\":\"WebSite\",\"@id\":\"https:\\\/\\\/eschringen.de\\\/wordpress\\\/#website\",\"url\":\"https:\\\/\\\/eschringen.de\\\/wordpress\\\/\",\"name\":\"Eschringen\",\"description\":\"\",\"publisher\":{\"@id\":\"https:\\\/\\\/eschringen.de\\\/wordpress\\\/#organization\"},\"potentialAction\":[{\"@type\":\"SearchAction\",\"target\":{\"@type\":\"EntryPoint\",\"urlTemplate\":\"https:\\\/\\\/eschringen.de\\\/wordpress\\\/?s={search_term_string}\"},\"query-input\":{\"@type\":\"PropertyValueSpecification\",\"valueRequired\":true,\"valueName\":\"search_term_string\"}}],\"inLanguage\":\"de\"},{\"@type\":\"Organization\",\"@id\":\"https:\\\/\\\/eschringen.de\\\/wordpress\\\/#organization\",\"name\":\"Eschringen\",\"url\":\"https:\\\/\\\/eschringen.de\\\/wordpress\\\/\",\"logo\":{\"@type\":\"ImageObject\",\"inLanguage\":\"de\",\"@id\":\"https:\\\/\\\/eschringen.de\\\/wordpress\\\/#\\\/schema\\\/logo\\\/image\\\/\",\"url\":\"https:\\\/\\\/eschringen.de\\\/wordpress\\\/wp-content\\\/uploads\\\/2017\\\/03\\\/2017_kw15.jpg\",\"contentUrl\":\"https:\\\/\\\/eschringen.de\\\/wordpress\\\/wp-content\\\/uploads\\\/2017\\\/03\\\/2017_kw15.jpg\",\"width\":784,\"height\":447,\"caption\":\"Eschringen\"},\"image\":{\"@id\":\"https:\\\/\\\/eschringen.de\\\/wordpress\\\/#\\\/schema\\\/logo\\\/image\\\/\"}}]}<\/script>\n<!-- \/ Yoast SEO plugin. -->","yoast_head_json":{"title":"Literatur - Eschringen","robots":{"index":"index","follow":"follow","max-snippet":"max-snippet:-1","max-image-preview":"max-image-preview:large","max-video-preview":"max-video-preview:-1"},"canonical":"https:\/\/eschringen.de\/wordpress\/geschichte\/literatur\/","og_locale":"de_DE","og_type":"article","og_title":"Literatur - Eschringen","og_description":"Hier finden Sie einen \u00dcberblick dar\u00fcber, was von und \u00fcber Eschringen geschrieben wird. Bitte klicken Sie die entsprechenden Links f\u00fcr neue \u00dcbersichten an. Fest- und Gedenkschriften zu Jubil\u00e4en von Eschringer Vereinen, Organisationen und Einrichtungen Diese Seite ist noch in Vorbereitung. Wir hoffen, Ihnen bald eine \u00dcbersicht anbieten zu k\u00f6nnen. Periodisch erscheinende Schriften Einzelver\u00f6ffentlichungen, die in ... Weiterlesen ...","og_url":"https:\/\/eschringen.de\/wordpress\/geschichte\/literatur\/","og_site_name":"Eschringen","article_modified_time":"2017-02-16T18:01:41+00:00","twitter_card":"summary_large_image","schema":{"@context":"https:\/\/schema.org","@graph":[{"@type":"WebPage","@id":"https:\/\/eschringen.de\/wordpress\/geschichte\/literatur\/","url":"https:\/\/eschringen.de\/wordpress\/geschichte\/literatur\/","name":"Literatur - Eschringen","isPartOf":{"@id":"https:\/\/eschringen.de\/wordpress\/#website"},"datePublished":"2017-02-11T16:56:28+00:00","dateModified":"2017-02-16T18:01:41+00:00","breadcrumb":{"@id":"https:\/\/eschringen.de\/wordpress\/geschichte\/literatur\/#breadcrumb"},"inLanguage":"de","potentialAction":[{"@type":"ReadAction","target":["https:\/\/eschringen.de\/wordpress\/geschichte\/literatur\/"]}]},{"@type":"BreadcrumbList","@id":"https:\/\/eschringen.de\/wordpress\/geschichte\/literatur\/#breadcrumb","itemListElement":[{"@type":"ListItem","position":1,"name":"Startseite","item":"https:\/\/eschringen.de\/wordpress\/"},{"@type":"ListItem","position":2,"name":"Geschichte","item":"https:\/\/eschringen.de\/wordpress\/geschichte\/"},{"@type":"ListItem","position":3,"name":"Literatur"}]},{"@type":"WebSite","@id":"https:\/\/eschringen.de\/wordpress\/#website","url":"https:\/\/eschringen.de\/wordpress\/","name":"Eschringen","description":"","publisher":{"@id":"https:\/\/eschringen.de\/wordpress\/#organization"},"potentialAction":[{"@type":"SearchAction","target":{"@type":"EntryPoint","urlTemplate":"https:\/\/eschringen.de\/wordpress\/?s={search_term_string}"},"query-input":{"@type":"PropertyValueSpecification","valueRequired":true,"valueName":"search_term_string"}}],"inLanguage":"de"},{"@type":"Organization","@id":"https:\/\/eschringen.de\/wordpress\/#organization","name":"Eschringen","url":"https:\/\/eschringen.de\/wordpress\/","logo":{"@type":"ImageObject","inLanguage":"de","@id":"https:\/\/eschringen.de\/wordpress\/#\/schema\/logo\/image\/","url":"https:\/\/eschringen.de\/wordpress\/wp-content\/uploads\/2017\/03\/2017_kw15.jpg","contentUrl":"https:\/\/eschringen.de\/wordpress\/wp-content\/uploads\/2017\/03\/2017_kw15.jpg","width":784,"height":447,"caption":"Eschringen"},"image":{"@id":"https:\/\/eschringen.de\/wordpress\/#\/schema\/logo\/image\/"}}]}},"jetpack_sharing_enabled":true,"_links":{"self":[{"href":"https:\/\/eschringen.de\/wordpress\/wp-json\/wp\/v2\/pages\/405","targetHints":{"allow":["GET"]}}],"collection":[{"href":"https:\/\/eschringen.de\/wordpress\/wp-json\/wp\/v2\/pages"}],"about":[{"href":"https:\/\/eschringen.de\/wordpress\/wp-json\/wp\/v2\/types\/page"}],"author":[{"embeddable":true,"href":"https:\/\/eschringen.de\/wordpress\/wp-json\/wp\/v2\/users\/1"}],"replies":[{"embeddable":true,"href":"https:\/\/eschringen.de\/wordpress\/wp-json\/wp\/v2\/comments?post=405"}],"version-history":[{"count":6,"href":"https:\/\/eschringen.de\/wordpress\/wp-json\/wp\/v2\/pages\/405\/revisions"}],"predecessor-version":[{"id":752,"href":"https:\/\/eschringen.de\/wordpress\/wp-json\/wp\/v2\/pages\/405\/revisions\/752"}],"up":[{"embeddable":true,"href":"https:\/\/eschringen.de\/wordpress\/wp-json\/wp\/v2\/pages\/36"}],"wp:attachment":[{"href":"https:\/\/eschringen.de\/wordpress\/wp-json\/wp\/v2\/media?parent=405"}],"curies":[{"name":"wp","href":"https:\/\/api.w.org\/{rel}","templated":true}]}}