{"id":397,"date":"2017-02-11T17:43:46","date_gmt":"2017-02-11T16:43:46","guid":{"rendered":"http:\/\/eschringen.de\/wordpress\/?page_id=397"},"modified":"2022-08-17T10:42:31","modified_gmt":"2022-08-17T08:42:31","slug":"wappen","status":"publish","type":"page","link":"https:\/\/eschringen.de\/wordpress\/geschichte\/wappen\/","title":{"rendered":"Wappen"},"content":{"rendered":"\n<h5 class=\"wp-block-heading\">Das ehemalige Eschringer Wappen<br>(g\u00fcltig von 1968 &#8211; 1974)<\/h5>\n\n\n<div class=\"wp-block-image\">\n<figure class=\"alignright size-full\"><img data-recalc-dims=\"1\" loading=\"lazy\" decoding=\"async\" width=\"183\" height=\"183\" src=\"https:\/\/i0.wp.com\/eschringen.de\/wordpress\/wp-content\/uploads\/2022\/08\/wappen.jpg?resize=183%2C183&#038;ssl=1\" alt=\"\" class=\"wp-image-3472\" srcset=\"https:\/\/i0.wp.com\/eschringen.de\/wordpress\/wp-content\/uploads\/2022\/08\/wappen.jpg?w=183&amp;ssl=1 183w, https:\/\/i0.wp.com\/eschringen.de\/wordpress\/wp-content\/uploads\/2022\/08\/wappen.jpg?resize=150%2C150&amp;ssl=1 150w\" sizes=\"auto, (max-width: 183px) 100vw, 183px\" \/><\/figure>\n<\/div>\n\n\n<p><\/p>\n\n\n\n<p><b><u>Bedeutung<\/u><\/b> :<\/p>\n\n\n\n<p>Unter silbernem Schildhaupt, darin vier gr\u00fcne Eichenbl\u00e4tter, in Blau gest\u00fcrztes silbernes Schwert mit goldenem Griff.<\/p>\n\n\n\n<p>Das Schwert, eine fr\u00e4nkische Breitsax, wurde im Ort bei Ausgrabungen 1950\/53 gefunden und symbolisiert die fr\u00fche Besiedelung.<\/p>\n\n\n\n<p>Die vier Eichenbl\u00e4tter verweisen auf die fr\u00fchere Vierherrschaft am Dorf durch die Grafen von Nassau-Saarbr\u00fccken (seit 1552), das Deutsche Haus Saarbr\u00fccken (seit 1291), die Pr\u00e4monstratenserabtei Wadgassen (seit 1152) und das <a href=\"https:\/\/de.wikipedia.org\/wiki\/Kloster_Gr%C3%A4finthal\" target=\"_blank\" rel=\"noopener\">Wilhelmitenkloster Gr\u00e4finthal<\/a> (seit 1515).<\/p>\n\n\n\n<p>Entwurf: Heinz Spies&nbsp;&nbsp;(Heimatpfleger des ehemaligen Kreises St. Ingbert)<\/p>\n\n\n\n<p><strong>Anmerkung: Unser Ortschronist Heinrich Moog konnte inzwischen nachweisen, da\u00df eigentlich an Stelle der Abtei Wadgassen die Grafen von der Leyen gesetzt werden m\u00fcssten.<\/strong><\/p>\n\n\n\n<p>Denn Wadgassen war &#8222;nur&#8220; Grundherr, w\u00e4hrend die Grafen von der Leyen (seit 1666) zwingenderweise als Gerichts- und Gemeindeherren auftraten.<\/p>\n","protected":false},"excerpt":{"rendered":"<p>Das ehemalige Eschringer Wappen(g\u00fcltig von 1968 &#8211; 1974) Bedeutung : Unter silbernem Schildhaupt, darin vier gr\u00fcne Eichenbl\u00e4tter, in Blau gest\u00fcrztes silbernes Schwert mit goldenem Griff. Das Schwert, eine fr\u00e4nkische Breitsax, wurde im Ort bei Ausgrabungen 1950\/53 gefunden und symbolisiert die fr\u00fche Besiedelung. Die vier Eichenbl\u00e4tter verweisen auf die fr\u00fchere Vierherrschaft am Dorf durch die Grafen &#8230; <a title=\"Wappen\" class=\"read-more\" href=\"https:\/\/eschringen.de\/wordpress\/geschichte\/wappen\/\" aria-label=\"Mehr Informationen \u00fcber Wappen\">Weiterlesen &#8230;<\/a><\/p>\n","protected":false},"author":1,"featured_media":0,"parent":36,"menu_order":1,"comment_status":"closed","ping_status":"closed","template":"","meta":{"ngg_post_thumbnail":0,"footnotes":""},"class_list":["post-397","page","type-page","status-publish"],"yoast_head":"<!-- This site is optimized with the Yoast SEO plugin v27.4 - https:\/\/yoast.com\/product\/yoast-seo-wordpress\/ -->\n<title>Wappen - Eschringen<\/title>\n<meta name=\"robots\" content=\"index, follow, max-snippet:-1, max-image-preview:large, max-video-preview:-1\" \/>\n<link rel=\"canonical\" href=\"https:\/\/eschringen.de\/wordpress\/geschichte\/wappen\/\" \/>\n<meta property=\"og:locale\" content=\"de_DE\" \/>\n<meta property=\"og:type\" content=\"article\" \/>\n<meta property=\"og:title\" content=\"Wappen - Eschringen\" \/>\n<meta property=\"og:description\" content=\"Das ehemalige Eschringer Wappen(g\u00fcltig von 1968 &#8211; 1974) Bedeutung : Unter silbernem Schildhaupt, darin vier gr\u00fcne Eichenbl\u00e4tter, in Blau gest\u00fcrztes silbernes Schwert mit goldenem Griff. Das Schwert, eine fr\u00e4nkische Breitsax, wurde im Ort bei Ausgrabungen 1950\/53 gefunden und symbolisiert die fr\u00fche Besiedelung. Die vier Eichenbl\u00e4tter verweisen auf die fr\u00fchere Vierherrschaft am Dorf durch die Grafen ... Weiterlesen ...\" \/>\n<meta property=\"og:url\" content=\"https:\/\/eschringen.de\/wordpress\/geschichte\/wappen\/\" \/>\n<meta property=\"og:site_name\" content=\"Eschringen\" \/>\n<meta property=\"article:modified_time\" content=\"2022-08-17T08:42:31+00:00\" \/>\n<meta property=\"og:image\" content=\"https:\/\/eschringen.de\/wordpress\/wp-content\/uploads\/2022\/08\/wappen.jpg\" \/>\n<meta name=\"twitter:card\" content=\"summary_large_image\" \/>\n<meta name=\"twitter:label1\" content=\"Gesch\u00e4tzte Lesezeit\" \/>\n\t<meta name=\"twitter:data1\" content=\"1\u00a0Minute\" \/>\n<script type=\"application\/ld+json\" class=\"yoast-schema-graph\">{\"@context\":\"https:\\\/\\\/schema.org\",\"@graph\":[{\"@type\":\"WebPage\",\"@id\":\"https:\\\/\\\/eschringen.de\\\/wordpress\\\/geschichte\\\/wappen\\\/\",\"url\":\"https:\\\/\\\/eschringen.de\\\/wordpress\\\/geschichte\\\/wappen\\\/\",\"name\":\"Wappen - Eschringen\",\"isPartOf\":{\"@id\":\"https:\\\/\\\/eschringen.de\\\/wordpress\\\/#website\"},\"primaryImageOfPage\":{\"@id\":\"https:\\\/\\\/eschringen.de\\\/wordpress\\\/geschichte\\\/wappen\\\/#primaryimage\"},\"image\":{\"@id\":\"https:\\\/\\\/eschringen.de\\\/wordpress\\\/geschichte\\\/wappen\\\/#primaryimage\"},\"thumbnailUrl\":\"https:\\\/\\\/eschringen.de\\\/wordpress\\\/wp-content\\\/uploads\\\/2022\\\/08\\\/wappen.jpg\",\"datePublished\":\"2017-02-11T16:43:46+00:00\",\"dateModified\":\"2022-08-17T08:42:31+00:00\",\"breadcrumb\":{\"@id\":\"https:\\\/\\\/eschringen.de\\\/wordpress\\\/geschichte\\\/wappen\\\/#breadcrumb\"},\"inLanguage\":\"de\",\"potentialAction\":[{\"@type\":\"ReadAction\",\"target\":[\"https:\\\/\\\/eschringen.de\\\/wordpress\\\/geschichte\\\/wappen\\\/\"]}]},{\"@type\":\"ImageObject\",\"inLanguage\":\"de\",\"@id\":\"https:\\\/\\\/eschringen.de\\\/wordpress\\\/geschichte\\\/wappen\\\/#primaryimage\",\"url\":\"https:\\\/\\\/i0.wp.com\\\/eschringen.de\\\/wordpress\\\/wp-content\\\/uploads\\\/2022\\\/08\\\/wappen.jpg?fit=183%2C183&ssl=1\",\"contentUrl\":\"https:\\\/\\\/i0.wp.com\\\/eschringen.de\\\/wordpress\\\/wp-content\\\/uploads\\\/2022\\\/08\\\/wappen.jpg?fit=183%2C183&ssl=1\",\"width\":183,\"height\":183},{\"@type\":\"BreadcrumbList\",\"@id\":\"https:\\\/\\\/eschringen.de\\\/wordpress\\\/geschichte\\\/wappen\\\/#breadcrumb\",\"itemListElement\":[{\"@type\":\"ListItem\",\"position\":1,\"name\":\"Startseite\",\"item\":\"https:\\\/\\\/eschringen.de\\\/wordpress\\\/\"},{\"@type\":\"ListItem\",\"position\":2,\"name\":\"Geschichte\",\"item\":\"https:\\\/\\\/eschringen.de\\\/wordpress\\\/geschichte\\\/\"},{\"@type\":\"ListItem\",\"position\":3,\"name\":\"Wappen\"}]},{\"@type\":\"WebSite\",\"@id\":\"https:\\\/\\\/eschringen.de\\\/wordpress\\\/#website\",\"url\":\"https:\\\/\\\/eschringen.de\\\/wordpress\\\/\",\"name\":\"Eschringen\",\"description\":\"\",\"publisher\":{\"@id\":\"https:\\\/\\\/eschringen.de\\\/wordpress\\\/#organization\"},\"potentialAction\":[{\"@type\":\"SearchAction\",\"target\":{\"@type\":\"EntryPoint\",\"urlTemplate\":\"https:\\\/\\\/eschringen.de\\\/wordpress\\\/?s={search_term_string}\"},\"query-input\":{\"@type\":\"PropertyValueSpecification\",\"valueRequired\":true,\"valueName\":\"search_term_string\"}}],\"inLanguage\":\"de\"},{\"@type\":\"Organization\",\"@id\":\"https:\\\/\\\/eschringen.de\\\/wordpress\\\/#organization\",\"name\":\"Eschringen\",\"url\":\"https:\\\/\\\/eschringen.de\\\/wordpress\\\/\",\"logo\":{\"@type\":\"ImageObject\",\"inLanguage\":\"de\",\"@id\":\"https:\\\/\\\/eschringen.de\\\/wordpress\\\/#\\\/schema\\\/logo\\\/image\\\/\",\"url\":\"https:\\\/\\\/eschringen.de\\\/wordpress\\\/wp-content\\\/uploads\\\/2017\\\/03\\\/2017_kw15.jpg\",\"contentUrl\":\"https:\\\/\\\/eschringen.de\\\/wordpress\\\/wp-content\\\/uploads\\\/2017\\\/03\\\/2017_kw15.jpg\",\"width\":784,\"height\":447,\"caption\":\"Eschringen\"},\"image\":{\"@id\":\"https:\\\/\\\/eschringen.de\\\/wordpress\\\/#\\\/schema\\\/logo\\\/image\\\/\"}}]}<\/script>\n<!-- \/ Yoast SEO plugin. -->","yoast_head_json":{"title":"Wappen - Eschringen","robots":{"index":"index","follow":"follow","max-snippet":"max-snippet:-1","max-image-preview":"max-image-preview:large","max-video-preview":"max-video-preview:-1"},"canonical":"https:\/\/eschringen.de\/wordpress\/geschichte\/wappen\/","og_locale":"de_DE","og_type":"article","og_title":"Wappen - Eschringen","og_description":"Das ehemalige Eschringer Wappen(g\u00fcltig von 1968 &#8211; 1974) Bedeutung : Unter silbernem Schildhaupt, darin vier gr\u00fcne Eichenbl\u00e4tter, in Blau gest\u00fcrztes silbernes Schwert mit goldenem Griff. Das Schwert, eine fr\u00e4nkische Breitsax, wurde im Ort bei Ausgrabungen 1950\/53 gefunden und symbolisiert die fr\u00fche Besiedelung. Die vier Eichenbl\u00e4tter verweisen auf die fr\u00fchere Vierherrschaft am Dorf durch die Grafen ... Weiterlesen ...","og_url":"https:\/\/eschringen.de\/wordpress\/geschichte\/wappen\/","og_site_name":"Eschringen","article_modified_time":"2022-08-17T08:42:31+00:00","og_image":[{"url":"https:\/\/eschringen.de\/wordpress\/wp-content\/uploads\/2022\/08\/wappen.jpg","type":"","width":"","height":""}],"twitter_card":"summary_large_image","twitter_misc":{"Gesch\u00e4tzte Lesezeit":"1\u00a0Minute"},"schema":{"@context":"https:\/\/schema.org","@graph":[{"@type":"WebPage","@id":"https:\/\/eschringen.de\/wordpress\/geschichte\/wappen\/","url":"https:\/\/eschringen.de\/wordpress\/geschichte\/wappen\/","name":"Wappen - Eschringen","isPartOf":{"@id":"https:\/\/eschringen.de\/wordpress\/#website"},"primaryImageOfPage":{"@id":"https:\/\/eschringen.de\/wordpress\/geschichte\/wappen\/#primaryimage"},"image":{"@id":"https:\/\/eschringen.de\/wordpress\/geschichte\/wappen\/#primaryimage"},"thumbnailUrl":"https:\/\/eschringen.de\/wordpress\/wp-content\/uploads\/2022\/08\/wappen.jpg","datePublished":"2017-02-11T16:43:46+00:00","dateModified":"2022-08-17T08:42:31+00:00","breadcrumb":{"@id":"https:\/\/eschringen.de\/wordpress\/geschichte\/wappen\/#breadcrumb"},"inLanguage":"de","potentialAction":[{"@type":"ReadAction","target":["https:\/\/eschringen.de\/wordpress\/geschichte\/wappen\/"]}]},{"@type":"ImageObject","inLanguage":"de","@id":"https:\/\/eschringen.de\/wordpress\/geschichte\/wappen\/#primaryimage","url":"https:\/\/i0.wp.com\/eschringen.de\/wordpress\/wp-content\/uploads\/2022\/08\/wappen.jpg?fit=183%2C183&ssl=1","contentUrl":"https:\/\/i0.wp.com\/eschringen.de\/wordpress\/wp-content\/uploads\/2022\/08\/wappen.jpg?fit=183%2C183&ssl=1","width":183,"height":183},{"@type":"BreadcrumbList","@id":"https:\/\/eschringen.de\/wordpress\/geschichte\/wappen\/#breadcrumb","itemListElement":[{"@type":"ListItem","position":1,"name":"Startseite","item":"https:\/\/eschringen.de\/wordpress\/"},{"@type":"ListItem","position":2,"name":"Geschichte","item":"https:\/\/eschringen.de\/wordpress\/geschichte\/"},{"@type":"ListItem","position":3,"name":"Wappen"}]},{"@type":"WebSite","@id":"https:\/\/eschringen.de\/wordpress\/#website","url":"https:\/\/eschringen.de\/wordpress\/","name":"Eschringen","description":"","publisher":{"@id":"https:\/\/eschringen.de\/wordpress\/#organization"},"potentialAction":[{"@type":"SearchAction","target":{"@type":"EntryPoint","urlTemplate":"https:\/\/eschringen.de\/wordpress\/?s={search_term_string}"},"query-input":{"@type":"PropertyValueSpecification","valueRequired":true,"valueName":"search_term_string"}}],"inLanguage":"de"},{"@type":"Organization","@id":"https:\/\/eschringen.de\/wordpress\/#organization","name":"Eschringen","url":"https:\/\/eschringen.de\/wordpress\/","logo":{"@type":"ImageObject","inLanguage":"de","@id":"https:\/\/eschringen.de\/wordpress\/#\/schema\/logo\/image\/","url":"https:\/\/eschringen.de\/wordpress\/wp-content\/uploads\/2017\/03\/2017_kw15.jpg","contentUrl":"https:\/\/eschringen.de\/wordpress\/wp-content\/uploads\/2017\/03\/2017_kw15.jpg","width":784,"height":447,"caption":"Eschringen"},"image":{"@id":"https:\/\/eschringen.de\/wordpress\/#\/schema\/logo\/image\/"}}]}},"jetpack_sharing_enabled":true,"_links":{"self":[{"href":"https:\/\/eschringen.de\/wordpress\/wp-json\/wp\/v2\/pages\/397","targetHints":{"allow":["GET"]}}],"collection":[{"href":"https:\/\/eschringen.de\/wordpress\/wp-json\/wp\/v2\/pages"}],"about":[{"href":"https:\/\/eschringen.de\/wordpress\/wp-json\/wp\/v2\/types\/page"}],"author":[{"embeddable":true,"href":"https:\/\/eschringen.de\/wordpress\/wp-json\/wp\/v2\/users\/1"}],"replies":[{"embeddable":true,"href":"https:\/\/eschringen.de\/wordpress\/wp-json\/wp\/v2\/comments?post=397"}],"version-history":[{"count":3,"href":"https:\/\/eschringen.de\/wordpress\/wp-json\/wp\/v2\/pages\/397\/revisions"}],"predecessor-version":[{"id":3473,"href":"https:\/\/eschringen.de\/wordpress\/wp-json\/wp\/v2\/pages\/397\/revisions\/3473"}],"up":[{"embeddable":true,"href":"https:\/\/eschringen.de\/wordpress\/wp-json\/wp\/v2\/pages\/36"}],"wp:attachment":[{"href":"https:\/\/eschringen.de\/wordpress\/wp-json\/wp\/v2\/media?parent=397"}],"curies":[{"name":"wp","href":"https:\/\/api.w.org\/{rel}","templated":true}]}}