{"id":376,"date":"2017-02-11T17:13:03","date_gmt":"2017-02-11T16:13:03","guid":{"rendered":"http:\/\/eschringen.de\/wordpress\/?page_id=376"},"modified":"2024-11-30T23:01:25","modified_gmt":"2024-11-30T22:01:25","slug":"verein-zur-restaurierung-und-erhaltung-der-laurentiuskapelle-e-v","status":"publish","type":"page","link":"https:\/\/eschringen.de\/wordpress\/die-menschen\/vereine\/verein-zur-restaurierung-und-erhaltung-der-laurentiuskapelle-e-v\/","title":{"rendered":"Verein zur Restaurierung und Erhaltung der Laurentiuskapelle e.V."},"content":{"rendered":"<p><strong><span style=\"color: #800000;\">Gr\u00fcndungsjahr:<\/span><\/strong> 2003<br \/>\n<strong><span style=\"color: #800000;\">Mitgliedsbeitrag:<\/span><\/strong> j\u00e4hrlich \u20ac 18,-<\/p>\n<p><strong><span style=\"color: #800000;\"><img data-recalc-dims=\"1\" loading=\"lazy\" decoding=\"async\" class=\"alignright wp-image-1138 size-full\" src=\"https:\/\/i0.wp.com\/eschringen.de\/wordpress\/wp-content\/uploads\/2017\/02\/Kapelle-1.jpg?resize=265%2C287\" width=\"265\" height=\"287\">Vorsitzende:<\/span><\/strong><br \/>\nChrista D\u00f6bbe-Schmitt<br \/>\nGr\u00e4finthaler Str. 57a<br \/>\n66130 Eschringen<br \/>\nTel. 0 68 93 &#8211; 32 72<\/p>\n<p><strong><span style=\"color: #800000;\">Kontakt:<\/span><\/strong> kapellenverein&#8220;at&#8220;eschringen.de<\/p>\n<p>Der Verein bem\u00fcht sich, sowohl mit Spendensammlungen als auch mit gezielter \u00d6ffentlichkeitsarbeit zur Erhaltung und Pflege der altehrw\u00fcrdigen <a href=\"http:\/\/eschringen.de\/wordpress\/der-ort\/sehenswertes\/st-laurentiuskapelle\/\" target=\"_blank\" rel=\"noopener\">Laurentiuskapelle<\/a> beizutragen.<\/p>\n<p><strong>Spendenkonto:<\/strong><\/p>\n<p>IBAN <strong>DE87 5905 0101 0095 2542 98<\/strong><\/p>\n<p>Die Kapelle in der Ortsmitte Eschringens befand sich viele Jahre in einem beklagenswerten Zustand (Dachstuhl marode, Balken vom Holzwurm befallen etc.), weshalb eine Restaurierung unumg\u00e4nglich wurde. Diese wurde zwischen 2006 und 2008 durchgef\u00fchrt.<br \/>\nDa das Bistum Speyer seinerzeit nur einen Teilbetrag zuschie\u00dfen konnte, war der sog. \u201eKapellenverein\u201c gegr\u00fcndet worden, um das noch fehlende Geld f\u00fcr die n\u00f6tigen Renovierungsarbeiten (sie waren mit ca. 150.000 \u20ac veranschlagt) aquirieren zu k\u00f6nnen. Folglich setzte sich der Verein zum Ziel, Lobby-Arbeit f\u00fcr dieses Kirchlein zu betreiben.<\/p>\n<p>Denn nur wenige wussten, auch in den Landeshauptstadt, dass es sich bei der Laurentiuskapelle (eigentlich m\u00fcsste es -kirche hei\u00dfen!) wohl um den \u00e4ltesten Sakralbau auf st\u00e4dtischem Gebiet handelt! Ein Kleinod (aus dem 13. Jahrhundert) mit sehenswertem Inventar. Dazu ranken sich etliche <a href=\"http:\/\/eschringen.de\/wordpress\/geschichte\/sagen\/\" target=\"_blank\" rel=\"noopener\">Geschichten<\/a> um diese Kapelle, um die &#8222;sagenhafte&#8220; Laurentiusfigur, um die barocken Alt\u00e4re (die eigentlich aus dem lothringischen Rimling stammen) und den nahegelegenen, legend\u00e4ren <a href=\"http:\/\/eschringen.de\/wordpress\/der-ort\/sehenswertes\/laurentiusbrunnen\/\" target=\"_blank\" rel=\"noopener\">Laurentiusbrunnen<\/a>.<\/p>\n<p><em>Literaturhinweise:<\/em><br \/>\nMoog, Heinrich: Die St. Laurentiuskapelle im Wandel der Zeiten.<br \/>\nSaarbr\u00fccken-Eschringen 1996. (Eschringer Hefte 1)<\/p>\n<p>Festschrift St. Laurentiuskapelle \u2013 Renovierung 2006-2008.<br \/>\nSaarbr\u00fccken-Eschringen 2008.<\/p>\n<p>&nbsp;<\/p>\n<p><a href=\"http:\/\/eschringen.de\/wordpress\/die-menschen\/vereine\/\">zur\u00fcck zur \u00dcbersicht<\/a><\/p>\n","protected":false},"excerpt":{"rendered":"<p>Gr\u00fcndungsjahr: 2003 Mitgliedsbeitrag: j\u00e4hrlich \u20ac 18,- Vorsitzende: Christa D\u00f6bbe-Schmitt Gr\u00e4finthaler Str. 57a 66130 Eschringen Tel. 0 68 93 &#8211; 32 72 Kontakt: kapellenverein&#8220;at&#8220;eschringen.de Der Verein bem\u00fcht sich, sowohl mit Spendensammlungen als auch mit gezielter \u00d6ffentlichkeitsarbeit zur Erhaltung und Pflege der altehrw\u00fcrdigen Laurentiuskapelle beizutragen. Spendenkonto: IBAN DE87 5905 0101 0095 2542 98 Die Kapelle in der &#8230; <a title=\"Verein zur Restaurierung und Erhaltung der Laurentiuskapelle e.V.\" class=\"read-more\" href=\"https:\/\/eschringen.de\/wordpress\/die-menschen\/vereine\/verein-zur-restaurierung-und-erhaltung-der-laurentiuskapelle-e-v\/\" aria-label=\"Mehr Informationen \u00fcber Verein zur Restaurierung und Erhaltung der Laurentiuskapelle e.V.\">Weiterlesen &#8230;<\/a><\/p>\n","protected":false},"author":1,"featured_media":0,"parent":228,"menu_order":17,"comment_status":"closed","ping_status":"closed","template":"","meta":{"ngg_post_thumbnail":0,"footnotes":""},"class_list":["post-376","page","type-page","status-publish"],"yoast_head":"<!-- This site is optimized with the Yoast SEO plugin v27.3 - https:\/\/yoast.com\/product\/yoast-seo-wordpress\/ -->\n<title>Verein zur Restaurierung und Erhaltung der Laurentiuskapelle e.V. - Eschringen<\/title>\n<meta name=\"robots\" content=\"index, follow, max-snippet:-1, max-image-preview:large, max-video-preview:-1\" \/>\n<link rel=\"canonical\" href=\"https:\/\/eschringen.de\/wordpress\/die-menschen\/vereine\/verein-zur-restaurierung-und-erhaltung-der-laurentiuskapelle-e-v\/\" \/>\n<meta property=\"og:locale\" content=\"de_DE\" \/>\n<meta property=\"og:type\" content=\"article\" \/>\n<meta property=\"og:title\" content=\"Verein zur Restaurierung und Erhaltung der Laurentiuskapelle e.V. - Eschringen\" \/>\n<meta property=\"og:description\" content=\"Gr\u00fcndungsjahr: 2003 Mitgliedsbeitrag: j\u00e4hrlich \u20ac 18,- Vorsitzende: Christa D\u00f6bbe-Schmitt Gr\u00e4finthaler Str. 57a 66130 Eschringen Tel. 0 68 93 &#8211; 32 72 Kontakt: kapellenverein&#8220;at&#8220;eschringen.de Der Verein bem\u00fcht sich, sowohl mit Spendensammlungen als auch mit gezielter \u00d6ffentlichkeitsarbeit zur Erhaltung und Pflege der altehrw\u00fcrdigen Laurentiuskapelle beizutragen. Spendenkonto: IBAN DE87 5905 0101 0095 2542 98 Die Kapelle in der ... Weiterlesen ...\" \/>\n<meta property=\"og:url\" content=\"https:\/\/eschringen.de\/wordpress\/die-menschen\/vereine\/verein-zur-restaurierung-und-erhaltung-der-laurentiuskapelle-e-v\/\" \/>\n<meta property=\"og:site_name\" content=\"Eschringen\" \/>\n<meta property=\"article:modified_time\" content=\"2024-11-30T22:01:25+00:00\" \/>\n<meta property=\"og:image\" content=\"https:\/\/i0.wp.com\/eschringen.de\/wordpress\/wp-content\/uploads\/2017\/02\/Kapelle-1.jpg?fit=265%2C287&ssl=1\" \/>\n\t<meta property=\"og:image:width\" content=\"265\" \/>\n\t<meta property=\"og:image:height\" content=\"287\" \/>\n\t<meta property=\"og:image:type\" content=\"image\/jpeg\" \/>\n<meta name=\"twitter:card\" content=\"summary_large_image\" \/>\n<meta name=\"twitter:label1\" content=\"Gesch\u00e4tzte Lesezeit\" \/>\n\t<meta name=\"twitter:data1\" content=\"2\u00a0Minuten\" \/>\n<script type=\"application\/ld+json\" class=\"yoast-schema-graph\">{\"@context\":\"https:\\\/\\\/schema.org\",\"@graph\":[{\"@type\":\"WebPage\",\"@id\":\"https:\\\/\\\/eschringen.de\\\/wordpress\\\/die-menschen\\\/vereine\\\/verein-zur-restaurierung-und-erhaltung-der-laurentiuskapelle-e-v\\\/\",\"url\":\"https:\\\/\\\/eschringen.de\\\/wordpress\\\/die-menschen\\\/vereine\\\/verein-zur-restaurierung-und-erhaltung-der-laurentiuskapelle-e-v\\\/\",\"name\":\"Verein zur Restaurierung und Erhaltung der Laurentiuskapelle e.V. - Eschringen\",\"isPartOf\":{\"@id\":\"https:\\\/\\\/eschringen.de\\\/wordpress\\\/#website\"},\"primaryImageOfPage\":{\"@id\":\"https:\\\/\\\/eschringen.de\\\/wordpress\\\/die-menschen\\\/vereine\\\/verein-zur-restaurierung-und-erhaltung-der-laurentiuskapelle-e-v\\\/#primaryimage\"},\"image\":{\"@id\":\"https:\\\/\\\/eschringen.de\\\/wordpress\\\/die-menschen\\\/vereine\\\/verein-zur-restaurierung-und-erhaltung-der-laurentiuskapelle-e-v\\\/#primaryimage\"},\"thumbnailUrl\":\"http:\\\/\\\/eschringen.de\\\/wordpress\\\/wp-content\\\/uploads\\\/2017\\\/02\\\/Kapelle-1.jpg\",\"datePublished\":\"2017-02-11T16:13:03+00:00\",\"dateModified\":\"2024-11-30T22:01:25+00:00\",\"breadcrumb\":{\"@id\":\"https:\\\/\\\/eschringen.de\\\/wordpress\\\/die-menschen\\\/vereine\\\/verein-zur-restaurierung-und-erhaltung-der-laurentiuskapelle-e-v\\\/#breadcrumb\"},\"inLanguage\":\"de\",\"potentialAction\":[{\"@type\":\"ReadAction\",\"target\":[\"https:\\\/\\\/eschringen.de\\\/wordpress\\\/die-menschen\\\/vereine\\\/verein-zur-restaurierung-und-erhaltung-der-laurentiuskapelle-e-v\\\/\"]}]},{\"@type\":\"ImageObject\",\"inLanguage\":\"de\",\"@id\":\"https:\\\/\\\/eschringen.de\\\/wordpress\\\/die-menschen\\\/vereine\\\/verein-zur-restaurierung-und-erhaltung-der-laurentiuskapelle-e-v\\\/#primaryimage\",\"url\":\"http:\\\/\\\/eschringen.de\\\/wordpress\\\/wp-content\\\/uploads\\\/2017\\\/02\\\/Kapelle-1.jpg\",\"contentUrl\":\"http:\\\/\\\/eschringen.de\\\/wordpress\\\/wp-content\\\/uploads\\\/2017\\\/02\\\/Kapelle-1.jpg\"},{\"@type\":\"BreadcrumbList\",\"@id\":\"https:\\\/\\\/eschringen.de\\\/wordpress\\\/die-menschen\\\/vereine\\\/verein-zur-restaurierung-und-erhaltung-der-laurentiuskapelle-e-v\\\/#breadcrumb\",\"itemListElement\":[{\"@type\":\"ListItem\",\"position\":1,\"name\":\"Startseite\",\"item\":\"https:\\\/\\\/eschringen.de\\\/wordpress\\\/\"},{\"@type\":\"ListItem\",\"position\":2,\"name\":\"Die Menschen\",\"item\":\"https:\\\/\\\/eschringen.de\\\/wordpress\\\/die-menschen\\\/\"},{\"@type\":\"ListItem\",\"position\":3,\"name\":\"Vereine\",\"item\":\"https:\\\/\\\/eschringen.de\\\/wordpress\\\/die-menschen\\\/vereine\\\/\"},{\"@type\":\"ListItem\",\"position\":4,\"name\":\"Verein zur Restaurierung und Erhaltung der Laurentiuskapelle e.V.\"}]},{\"@type\":\"WebSite\",\"@id\":\"https:\\\/\\\/eschringen.de\\\/wordpress\\\/#website\",\"url\":\"https:\\\/\\\/eschringen.de\\\/wordpress\\\/\",\"name\":\"Eschringen\",\"description\":\"\",\"publisher\":{\"@id\":\"https:\\\/\\\/eschringen.de\\\/wordpress\\\/#organization\"},\"potentialAction\":[{\"@type\":\"SearchAction\",\"target\":{\"@type\":\"EntryPoint\",\"urlTemplate\":\"https:\\\/\\\/eschringen.de\\\/wordpress\\\/?s={search_term_string}\"},\"query-input\":{\"@type\":\"PropertyValueSpecification\",\"valueRequired\":true,\"valueName\":\"search_term_string\"}}],\"inLanguage\":\"de\"},{\"@type\":\"Organization\",\"@id\":\"https:\\\/\\\/eschringen.de\\\/wordpress\\\/#organization\",\"name\":\"Eschringen\",\"url\":\"https:\\\/\\\/eschringen.de\\\/wordpress\\\/\",\"logo\":{\"@type\":\"ImageObject\",\"inLanguage\":\"de\",\"@id\":\"https:\\\/\\\/eschringen.de\\\/wordpress\\\/#\\\/schema\\\/logo\\\/image\\\/\",\"url\":\"https:\\\/\\\/eschringen.de\\\/wordpress\\\/wp-content\\\/uploads\\\/2017\\\/03\\\/2017_kw15.jpg\",\"contentUrl\":\"https:\\\/\\\/eschringen.de\\\/wordpress\\\/wp-content\\\/uploads\\\/2017\\\/03\\\/2017_kw15.jpg\",\"width\":784,\"height\":447,\"caption\":\"Eschringen\"},\"image\":{\"@id\":\"https:\\\/\\\/eschringen.de\\\/wordpress\\\/#\\\/schema\\\/logo\\\/image\\\/\"}}]}<\/script>\n<!-- \/ Yoast SEO plugin. -->","yoast_head_json":{"title":"Verein zur Restaurierung und Erhaltung der Laurentiuskapelle e.V. - Eschringen","robots":{"index":"index","follow":"follow","max-snippet":"max-snippet:-1","max-image-preview":"max-image-preview:large","max-video-preview":"max-video-preview:-1"},"canonical":"https:\/\/eschringen.de\/wordpress\/die-menschen\/vereine\/verein-zur-restaurierung-und-erhaltung-der-laurentiuskapelle-e-v\/","og_locale":"de_DE","og_type":"article","og_title":"Verein zur Restaurierung und Erhaltung der Laurentiuskapelle e.V. - Eschringen","og_description":"Gr\u00fcndungsjahr: 2003 Mitgliedsbeitrag: j\u00e4hrlich \u20ac 18,- Vorsitzende: Christa D\u00f6bbe-Schmitt Gr\u00e4finthaler Str. 57a 66130 Eschringen Tel. 0 68 93 &#8211; 32 72 Kontakt: kapellenverein&#8220;at&#8220;eschringen.de Der Verein bem\u00fcht sich, sowohl mit Spendensammlungen als auch mit gezielter \u00d6ffentlichkeitsarbeit zur Erhaltung und Pflege der altehrw\u00fcrdigen Laurentiuskapelle beizutragen. Spendenkonto: IBAN DE87 5905 0101 0095 2542 98 Die Kapelle in der ... Weiterlesen ...","og_url":"https:\/\/eschringen.de\/wordpress\/die-menschen\/vereine\/verein-zur-restaurierung-und-erhaltung-der-laurentiuskapelle-e-v\/","og_site_name":"Eschringen","article_modified_time":"2024-11-30T22:01:25+00:00","og_image":[{"width":265,"height":287,"url":"https:\/\/i0.wp.com\/eschringen.de\/wordpress\/wp-content\/uploads\/2017\/02\/Kapelle-1.jpg?fit=265%2C287&ssl=1","type":"image\/jpeg"}],"twitter_card":"summary_large_image","twitter_misc":{"Gesch\u00e4tzte Lesezeit":"2\u00a0Minuten"},"schema":{"@context":"https:\/\/schema.org","@graph":[{"@type":"WebPage","@id":"https:\/\/eschringen.de\/wordpress\/die-menschen\/vereine\/verein-zur-restaurierung-und-erhaltung-der-laurentiuskapelle-e-v\/","url":"https:\/\/eschringen.de\/wordpress\/die-menschen\/vereine\/verein-zur-restaurierung-und-erhaltung-der-laurentiuskapelle-e-v\/","name":"Verein zur Restaurierung und Erhaltung der Laurentiuskapelle e.V. - Eschringen","isPartOf":{"@id":"https:\/\/eschringen.de\/wordpress\/#website"},"primaryImageOfPage":{"@id":"https:\/\/eschringen.de\/wordpress\/die-menschen\/vereine\/verein-zur-restaurierung-und-erhaltung-der-laurentiuskapelle-e-v\/#primaryimage"},"image":{"@id":"https:\/\/eschringen.de\/wordpress\/die-menschen\/vereine\/verein-zur-restaurierung-und-erhaltung-der-laurentiuskapelle-e-v\/#primaryimage"},"thumbnailUrl":"http:\/\/eschringen.de\/wordpress\/wp-content\/uploads\/2017\/02\/Kapelle-1.jpg","datePublished":"2017-02-11T16:13:03+00:00","dateModified":"2024-11-30T22:01:25+00:00","breadcrumb":{"@id":"https:\/\/eschringen.de\/wordpress\/die-menschen\/vereine\/verein-zur-restaurierung-und-erhaltung-der-laurentiuskapelle-e-v\/#breadcrumb"},"inLanguage":"de","potentialAction":[{"@type":"ReadAction","target":["https:\/\/eschringen.de\/wordpress\/die-menschen\/vereine\/verein-zur-restaurierung-und-erhaltung-der-laurentiuskapelle-e-v\/"]}]},{"@type":"ImageObject","inLanguage":"de","@id":"https:\/\/eschringen.de\/wordpress\/die-menschen\/vereine\/verein-zur-restaurierung-und-erhaltung-der-laurentiuskapelle-e-v\/#primaryimage","url":"http:\/\/eschringen.de\/wordpress\/wp-content\/uploads\/2017\/02\/Kapelle-1.jpg","contentUrl":"http:\/\/eschringen.de\/wordpress\/wp-content\/uploads\/2017\/02\/Kapelle-1.jpg"},{"@type":"BreadcrumbList","@id":"https:\/\/eschringen.de\/wordpress\/die-menschen\/vereine\/verein-zur-restaurierung-und-erhaltung-der-laurentiuskapelle-e-v\/#breadcrumb","itemListElement":[{"@type":"ListItem","position":1,"name":"Startseite","item":"https:\/\/eschringen.de\/wordpress\/"},{"@type":"ListItem","position":2,"name":"Die Menschen","item":"https:\/\/eschringen.de\/wordpress\/die-menschen\/"},{"@type":"ListItem","position":3,"name":"Vereine","item":"https:\/\/eschringen.de\/wordpress\/die-menschen\/vereine\/"},{"@type":"ListItem","position":4,"name":"Verein zur Restaurierung und Erhaltung der Laurentiuskapelle e.V."}]},{"@type":"WebSite","@id":"https:\/\/eschringen.de\/wordpress\/#website","url":"https:\/\/eschringen.de\/wordpress\/","name":"Eschringen","description":"","publisher":{"@id":"https:\/\/eschringen.de\/wordpress\/#organization"},"potentialAction":[{"@type":"SearchAction","target":{"@type":"EntryPoint","urlTemplate":"https:\/\/eschringen.de\/wordpress\/?s={search_term_string}"},"query-input":{"@type":"PropertyValueSpecification","valueRequired":true,"valueName":"search_term_string"}}],"inLanguage":"de"},{"@type":"Organization","@id":"https:\/\/eschringen.de\/wordpress\/#organization","name":"Eschringen","url":"https:\/\/eschringen.de\/wordpress\/","logo":{"@type":"ImageObject","inLanguage":"de","@id":"https:\/\/eschringen.de\/wordpress\/#\/schema\/logo\/image\/","url":"https:\/\/eschringen.de\/wordpress\/wp-content\/uploads\/2017\/03\/2017_kw15.jpg","contentUrl":"https:\/\/eschringen.de\/wordpress\/wp-content\/uploads\/2017\/03\/2017_kw15.jpg","width":784,"height":447,"caption":"Eschringen"},"image":{"@id":"https:\/\/eschringen.de\/wordpress\/#\/schema\/logo\/image\/"}}]}},"jetpack_sharing_enabled":true,"_links":{"self":[{"href":"https:\/\/eschringen.de\/wordpress\/wp-json\/wp\/v2\/pages\/376","targetHints":{"allow":["GET"]}}],"collection":[{"href":"https:\/\/eschringen.de\/wordpress\/wp-json\/wp\/v2\/pages"}],"about":[{"href":"https:\/\/eschringen.de\/wordpress\/wp-json\/wp\/v2\/types\/page"}],"author":[{"embeddable":true,"href":"https:\/\/eschringen.de\/wordpress\/wp-json\/wp\/v2\/users\/1"}],"replies":[{"embeddable":true,"href":"https:\/\/eschringen.de\/wordpress\/wp-json\/wp\/v2\/comments?post=376"}],"version-history":[{"count":6,"href":"https:\/\/eschringen.de\/wordpress\/wp-json\/wp\/v2\/pages\/376\/revisions"}],"predecessor-version":[{"id":5036,"href":"https:\/\/eschringen.de\/wordpress\/wp-json\/wp\/v2\/pages\/376\/revisions\/5036"}],"up":[{"embeddable":true,"href":"https:\/\/eschringen.de\/wordpress\/wp-json\/wp\/v2\/pages\/228"}],"wp:attachment":[{"href":"https:\/\/eschringen.de\/wordpress\/wp-json\/wp\/v2\/media?parent=376"}],"curies":[{"name":"wp","href":"https:\/\/api.w.org\/{rel}","templated":true}]}}