{"id":367,"date":"2017-02-11T16:57:18","date_gmt":"2017-02-11T15:57:18","guid":{"rendered":"http:\/\/eschringen.de\/wordpress\/?page_id=367"},"modified":"2025-12-09T11:10:24","modified_gmt":"2025-12-09T10:10:24","slug":"fc-bayern-fanclub-schmelzeschringen-saar","status":"publish","type":"page","link":"https:\/\/eschringen.de\/wordpress\/die-menschen\/vereine\/fc-bayern-fanclub-schmelzeschringen-saar\/","title":{"rendered":"FC Bayern Fanclub Schmelz\/Eschringen Saar"},"content":{"rendered":"<div class=\"wp-block-image\">\n<figure class=\"alignright\"><img data-recalc-dims=\"1\" loading=\"lazy\" decoding=\"async\" width=\"300\" height=\"261\" src=\"https:\/\/i0.wp.com\/eschringen.de\/wordpress\/wp-content\/uploads\/2017\/02\/FCB.jpg?resize=300%2C261\" alt=\"\" class=\"wp-image-1136\"\/><\/figure>\n<\/div>\n\n\n<p><strong><span style=\"color: #800000;\">Ansprechpartner:<\/span><\/strong><br>Martin Seyler (Tel. 0178-8319254), Am Bohnenberg 2, 66839 Schmelz (1. Ansprechpartner)<br>oder<br>Michael Wolf (Tel. 0171-4415135), Andreas-Kremp-Stra\u00dfe 4, 66130 Eschringen (2. Ansprechpartner)<\/p>\n\n\n\n<p>Zweck des Fanclubs ist die F\u00f6rderung des Sports, insbesondere des Fu\u00dfballsports, die F\u00f6rderung der Beliebtheit des FC Bayern M\u00fcnchen innerhalb des Saarlandes von Schmelz bis Eschringen sowie die F\u00f6rderung der Kameradschaft von Fu\u00dfballfreunden.<br>Hierzu wird der Fanclub sportliche Veranstaltungen besuchen und ausrichten und versuchen, diese Aktivit\u00e4ten einem gr\u00f6\u00dferen Kreis von Interessenten n\u00e4her zu bringen. Der Fanclub wird sich daf\u00fcr einsetzen, dass Zusammentreffen von Fu\u00dfballfreunden bei Spielen und auch anderen Gelegenheiten friedlich und kameradschaftlich verlaufen.<\/p>\n\n\n\n<p><a href=\"http:\/\/eschringen.de\/wordpress\/die-menschen\/vereine\/\">zur\u00fcck zur \u00dcbersicht<\/a><\/p>\n","protected":false},"excerpt":{"rendered":"<p>Ansprechpartner:Martin Seyler (Tel. 0178-8319254), Am Bohnenberg 2, 66839 Schmelz (1. Ansprechpartner)oderMichael Wolf (Tel. 0171-4415135), Andreas-Kremp-Stra\u00dfe 4, 66130 Eschringen (2. Ansprechpartner) Zweck des Fanclubs ist die F\u00f6rderung des Sports, insbesondere des Fu\u00dfballsports, die F\u00f6rderung der Beliebtheit des FC Bayern M\u00fcnchen innerhalb des Saarlandes von Schmelz bis Eschringen sowie die F\u00f6rderung der Kameradschaft von Fu\u00dfballfreunden.Hierzu wird der &#8230; <a title=\"FC Bayern Fanclub Schmelz\/Eschringen Saar\" class=\"read-more\" href=\"https:\/\/eschringen.de\/wordpress\/die-menschen\/vereine\/fc-bayern-fanclub-schmelzeschringen-saar\/\" aria-label=\"Mehr Informationen \u00fcber FC Bayern Fanclub Schmelz\/Eschringen Saar\">Weiterlesen &#8230;<\/a><\/p>\n","protected":false},"author":1,"featured_media":0,"parent":228,"menu_order":4,"comment_status":"closed","ping_status":"closed","template":"","meta":{"ngg_post_thumbnail":0,"footnotes":""},"class_list":["post-367","page","type-page","status-publish"],"yoast_head":"<!-- This site is optimized with the Yoast SEO plugin v27.4 - https:\/\/yoast.com\/product\/yoast-seo-wordpress\/ -->\n<title>FC Bayern Fanclub Schmelz\/Eschringen Saar - Eschringen<\/title>\n<meta name=\"robots\" content=\"index, follow, max-snippet:-1, max-image-preview:large, max-video-preview:-1\" \/>\n<link rel=\"canonical\" href=\"https:\/\/eschringen.de\/wordpress\/die-menschen\/vereine\/fc-bayern-fanclub-schmelzeschringen-saar\/\" \/>\n<meta property=\"og:locale\" content=\"de_DE\" \/>\n<meta property=\"og:type\" content=\"article\" \/>\n<meta property=\"og:title\" content=\"FC Bayern Fanclub Schmelz\/Eschringen Saar - Eschringen\" \/>\n<meta property=\"og:description\" content=\"Ansprechpartner:Martin Seyler (Tel. 0178-8319254), Am Bohnenberg 2, 66839 Schmelz (1. Ansprechpartner)oderMichael Wolf (Tel. 0171-4415135), Andreas-Kremp-Stra\u00dfe 4, 66130 Eschringen (2. Ansprechpartner) Zweck des Fanclubs ist die F\u00f6rderung des Sports, insbesondere des Fu\u00dfballsports, die F\u00f6rderung der Beliebtheit des FC Bayern M\u00fcnchen innerhalb des Saarlandes von Schmelz bis Eschringen sowie die F\u00f6rderung der Kameradschaft von Fu\u00dfballfreunden.Hierzu wird der ... Weiterlesen ...\" \/>\n<meta property=\"og:url\" content=\"https:\/\/eschringen.de\/wordpress\/die-menschen\/vereine\/fc-bayern-fanclub-schmelzeschringen-saar\/\" \/>\n<meta property=\"og:site_name\" content=\"Eschringen\" \/>\n<meta property=\"article:modified_time\" content=\"2025-12-09T10:10:24+00:00\" \/>\n<meta property=\"og:image\" content=\"https:\/\/i0.wp.com\/eschringen.de\/wordpress\/wp-content\/uploads\/2017\/02\/FCB.jpg?fit=300%2C261&ssl=1\" \/>\n\t<meta property=\"og:image:width\" content=\"300\" \/>\n\t<meta property=\"og:image:height\" content=\"261\" \/>\n\t<meta property=\"og:image:type\" content=\"image\/jpeg\" \/>\n<meta name=\"twitter:card\" content=\"summary_large_image\" \/>\n<meta name=\"twitter:label1\" content=\"Gesch\u00e4tzte Lesezeit\" \/>\n\t<meta name=\"twitter:data1\" content=\"1\u00a0Minute\" \/>\n<script type=\"application\/ld+json\" class=\"yoast-schema-graph\">{\"@context\":\"https:\\\/\\\/schema.org\",\"@graph\":[{\"@type\":\"WebPage\",\"@id\":\"https:\\\/\\\/eschringen.de\\\/wordpress\\\/die-menschen\\\/vereine\\\/fc-bayern-fanclub-schmelzeschringen-saar\\\/\",\"url\":\"https:\\\/\\\/eschringen.de\\\/wordpress\\\/die-menschen\\\/vereine\\\/fc-bayern-fanclub-schmelzeschringen-saar\\\/\",\"name\":\"FC Bayern Fanclub Schmelz\\\/Eschringen Saar - Eschringen\",\"isPartOf\":{\"@id\":\"https:\\\/\\\/eschringen.de\\\/wordpress\\\/#website\"},\"primaryImageOfPage\":{\"@id\":\"https:\\\/\\\/eschringen.de\\\/wordpress\\\/die-menschen\\\/vereine\\\/fc-bayern-fanclub-schmelzeschringen-saar\\\/#primaryimage\"},\"image\":{\"@id\":\"https:\\\/\\\/eschringen.de\\\/wordpress\\\/die-menschen\\\/vereine\\\/fc-bayern-fanclub-schmelzeschringen-saar\\\/#primaryimage\"},\"thumbnailUrl\":\"http:\\\/\\\/eschringen.de\\\/wordpress\\\/wp-content\\\/uploads\\\/2017\\\/02\\\/FCB.jpg\",\"datePublished\":\"2017-02-11T15:57:18+00:00\",\"dateModified\":\"2025-12-09T10:10:24+00:00\",\"breadcrumb\":{\"@id\":\"https:\\\/\\\/eschringen.de\\\/wordpress\\\/die-menschen\\\/vereine\\\/fc-bayern-fanclub-schmelzeschringen-saar\\\/#breadcrumb\"},\"inLanguage\":\"de\",\"potentialAction\":[{\"@type\":\"ReadAction\",\"target\":[\"https:\\\/\\\/eschringen.de\\\/wordpress\\\/die-menschen\\\/vereine\\\/fc-bayern-fanclub-schmelzeschringen-saar\\\/\"]}]},{\"@type\":\"ImageObject\",\"inLanguage\":\"de\",\"@id\":\"https:\\\/\\\/eschringen.de\\\/wordpress\\\/die-menschen\\\/vereine\\\/fc-bayern-fanclub-schmelzeschringen-saar\\\/#primaryimage\",\"url\":\"http:\\\/\\\/eschringen.de\\\/wordpress\\\/wp-content\\\/uploads\\\/2017\\\/02\\\/FCB.jpg\",\"contentUrl\":\"http:\\\/\\\/eschringen.de\\\/wordpress\\\/wp-content\\\/uploads\\\/2017\\\/02\\\/FCB.jpg\"},{\"@type\":\"BreadcrumbList\",\"@id\":\"https:\\\/\\\/eschringen.de\\\/wordpress\\\/die-menschen\\\/vereine\\\/fc-bayern-fanclub-schmelzeschringen-saar\\\/#breadcrumb\",\"itemListElement\":[{\"@type\":\"ListItem\",\"position\":1,\"name\":\"Startseite\",\"item\":\"https:\\\/\\\/eschringen.de\\\/wordpress\\\/\"},{\"@type\":\"ListItem\",\"position\":2,\"name\":\"Die Menschen\",\"item\":\"https:\\\/\\\/eschringen.de\\\/wordpress\\\/die-menschen\\\/\"},{\"@type\":\"ListItem\",\"position\":3,\"name\":\"Vereine\",\"item\":\"https:\\\/\\\/eschringen.de\\\/wordpress\\\/die-menschen\\\/vereine\\\/\"},{\"@type\":\"ListItem\",\"position\":4,\"name\":\"FC Bayern Fanclub Schmelz\\\/Eschringen Saar\"}]},{\"@type\":\"WebSite\",\"@id\":\"https:\\\/\\\/eschringen.de\\\/wordpress\\\/#website\",\"url\":\"https:\\\/\\\/eschringen.de\\\/wordpress\\\/\",\"name\":\"Eschringen\",\"description\":\"\",\"publisher\":{\"@id\":\"https:\\\/\\\/eschringen.de\\\/wordpress\\\/#organization\"},\"potentialAction\":[{\"@type\":\"SearchAction\",\"target\":{\"@type\":\"EntryPoint\",\"urlTemplate\":\"https:\\\/\\\/eschringen.de\\\/wordpress\\\/?s={search_term_string}\"},\"query-input\":{\"@type\":\"PropertyValueSpecification\",\"valueRequired\":true,\"valueName\":\"search_term_string\"}}],\"inLanguage\":\"de\"},{\"@type\":\"Organization\",\"@id\":\"https:\\\/\\\/eschringen.de\\\/wordpress\\\/#organization\",\"name\":\"Eschringen\",\"url\":\"https:\\\/\\\/eschringen.de\\\/wordpress\\\/\",\"logo\":{\"@type\":\"ImageObject\",\"inLanguage\":\"de\",\"@id\":\"https:\\\/\\\/eschringen.de\\\/wordpress\\\/#\\\/schema\\\/logo\\\/image\\\/\",\"url\":\"https:\\\/\\\/eschringen.de\\\/wordpress\\\/wp-content\\\/uploads\\\/2017\\\/03\\\/2017_kw15.jpg\",\"contentUrl\":\"https:\\\/\\\/eschringen.de\\\/wordpress\\\/wp-content\\\/uploads\\\/2017\\\/03\\\/2017_kw15.jpg\",\"width\":784,\"height\":447,\"caption\":\"Eschringen\"},\"image\":{\"@id\":\"https:\\\/\\\/eschringen.de\\\/wordpress\\\/#\\\/schema\\\/logo\\\/image\\\/\"}}]}<\/script>\n<!-- \/ Yoast SEO plugin. -->","yoast_head_json":{"title":"FC Bayern Fanclub Schmelz\/Eschringen Saar - Eschringen","robots":{"index":"index","follow":"follow","max-snippet":"max-snippet:-1","max-image-preview":"max-image-preview:large","max-video-preview":"max-video-preview:-1"},"canonical":"https:\/\/eschringen.de\/wordpress\/die-menschen\/vereine\/fc-bayern-fanclub-schmelzeschringen-saar\/","og_locale":"de_DE","og_type":"article","og_title":"FC Bayern Fanclub Schmelz\/Eschringen Saar - Eschringen","og_description":"Ansprechpartner:Martin Seyler (Tel. 0178-8319254), Am Bohnenberg 2, 66839 Schmelz (1. Ansprechpartner)oderMichael Wolf (Tel. 0171-4415135), Andreas-Kremp-Stra\u00dfe 4, 66130 Eschringen (2. Ansprechpartner) Zweck des Fanclubs ist die F\u00f6rderung des Sports, insbesondere des Fu\u00dfballsports, die F\u00f6rderung der Beliebtheit des FC Bayern M\u00fcnchen innerhalb des Saarlandes von Schmelz bis Eschringen sowie die F\u00f6rderung der Kameradschaft von Fu\u00dfballfreunden.Hierzu wird der ... Weiterlesen ...","og_url":"https:\/\/eschringen.de\/wordpress\/die-menschen\/vereine\/fc-bayern-fanclub-schmelzeschringen-saar\/","og_site_name":"Eschringen","article_modified_time":"2025-12-09T10:10:24+00:00","og_image":[{"width":300,"height":261,"url":"https:\/\/i0.wp.com\/eschringen.de\/wordpress\/wp-content\/uploads\/2017\/02\/FCB.jpg?fit=300%2C261&ssl=1","type":"image\/jpeg"}],"twitter_card":"summary_large_image","twitter_misc":{"Gesch\u00e4tzte Lesezeit":"1\u00a0Minute"},"schema":{"@context":"https:\/\/schema.org","@graph":[{"@type":"WebPage","@id":"https:\/\/eschringen.de\/wordpress\/die-menschen\/vereine\/fc-bayern-fanclub-schmelzeschringen-saar\/","url":"https:\/\/eschringen.de\/wordpress\/die-menschen\/vereine\/fc-bayern-fanclub-schmelzeschringen-saar\/","name":"FC Bayern Fanclub Schmelz\/Eschringen Saar - Eschringen","isPartOf":{"@id":"https:\/\/eschringen.de\/wordpress\/#website"},"primaryImageOfPage":{"@id":"https:\/\/eschringen.de\/wordpress\/die-menschen\/vereine\/fc-bayern-fanclub-schmelzeschringen-saar\/#primaryimage"},"image":{"@id":"https:\/\/eschringen.de\/wordpress\/die-menschen\/vereine\/fc-bayern-fanclub-schmelzeschringen-saar\/#primaryimage"},"thumbnailUrl":"http:\/\/eschringen.de\/wordpress\/wp-content\/uploads\/2017\/02\/FCB.jpg","datePublished":"2017-02-11T15:57:18+00:00","dateModified":"2025-12-09T10:10:24+00:00","breadcrumb":{"@id":"https:\/\/eschringen.de\/wordpress\/die-menschen\/vereine\/fc-bayern-fanclub-schmelzeschringen-saar\/#breadcrumb"},"inLanguage":"de","potentialAction":[{"@type":"ReadAction","target":["https:\/\/eschringen.de\/wordpress\/die-menschen\/vereine\/fc-bayern-fanclub-schmelzeschringen-saar\/"]}]},{"@type":"ImageObject","inLanguage":"de","@id":"https:\/\/eschringen.de\/wordpress\/die-menschen\/vereine\/fc-bayern-fanclub-schmelzeschringen-saar\/#primaryimage","url":"http:\/\/eschringen.de\/wordpress\/wp-content\/uploads\/2017\/02\/FCB.jpg","contentUrl":"http:\/\/eschringen.de\/wordpress\/wp-content\/uploads\/2017\/02\/FCB.jpg"},{"@type":"BreadcrumbList","@id":"https:\/\/eschringen.de\/wordpress\/die-menschen\/vereine\/fc-bayern-fanclub-schmelzeschringen-saar\/#breadcrumb","itemListElement":[{"@type":"ListItem","position":1,"name":"Startseite","item":"https:\/\/eschringen.de\/wordpress\/"},{"@type":"ListItem","position":2,"name":"Die Menschen","item":"https:\/\/eschringen.de\/wordpress\/die-menschen\/"},{"@type":"ListItem","position":3,"name":"Vereine","item":"https:\/\/eschringen.de\/wordpress\/die-menschen\/vereine\/"},{"@type":"ListItem","position":4,"name":"FC Bayern Fanclub Schmelz\/Eschringen Saar"}]},{"@type":"WebSite","@id":"https:\/\/eschringen.de\/wordpress\/#website","url":"https:\/\/eschringen.de\/wordpress\/","name":"Eschringen","description":"","publisher":{"@id":"https:\/\/eschringen.de\/wordpress\/#organization"},"potentialAction":[{"@type":"SearchAction","target":{"@type":"EntryPoint","urlTemplate":"https:\/\/eschringen.de\/wordpress\/?s={search_term_string}"},"query-input":{"@type":"PropertyValueSpecification","valueRequired":true,"valueName":"search_term_string"}}],"inLanguage":"de"},{"@type":"Organization","@id":"https:\/\/eschringen.de\/wordpress\/#organization","name":"Eschringen","url":"https:\/\/eschringen.de\/wordpress\/","logo":{"@type":"ImageObject","inLanguage":"de","@id":"https:\/\/eschringen.de\/wordpress\/#\/schema\/logo\/image\/","url":"https:\/\/eschringen.de\/wordpress\/wp-content\/uploads\/2017\/03\/2017_kw15.jpg","contentUrl":"https:\/\/eschringen.de\/wordpress\/wp-content\/uploads\/2017\/03\/2017_kw15.jpg","width":784,"height":447,"caption":"Eschringen"},"image":{"@id":"https:\/\/eschringen.de\/wordpress\/#\/schema\/logo\/image\/"}}]}},"jetpack_sharing_enabled":true,"_links":{"self":[{"href":"https:\/\/eschringen.de\/wordpress\/wp-json\/wp\/v2\/pages\/367","targetHints":{"allow":["GET"]}}],"collection":[{"href":"https:\/\/eschringen.de\/wordpress\/wp-json\/wp\/v2\/pages"}],"about":[{"href":"https:\/\/eschringen.de\/wordpress\/wp-json\/wp\/v2\/types\/page"}],"author":[{"embeddable":true,"href":"https:\/\/eschringen.de\/wordpress\/wp-json\/wp\/v2\/users\/1"}],"replies":[{"embeddable":true,"href":"https:\/\/eschringen.de\/wordpress\/wp-json\/wp\/v2\/comments?post=367"}],"version-history":[{"count":3,"href":"https:\/\/eschringen.de\/wordpress\/wp-json\/wp\/v2\/pages\/367\/revisions"}],"predecessor-version":[{"id":5494,"href":"https:\/\/eschringen.de\/wordpress\/wp-json\/wp\/v2\/pages\/367\/revisions\/5494"}],"up":[{"embeddable":true,"href":"https:\/\/eschringen.de\/wordpress\/wp-json\/wp\/v2\/pages\/228"}],"wp:attachment":[{"href":"https:\/\/eschringen.de\/wordpress\/wp-json\/wp\/v2\/media?parent=367"}],"curies":[{"name":"wp","href":"https:\/\/api.w.org\/{rel}","templated":true}]}}