{"id":362,"date":"2017-02-11T16:54:25","date_gmt":"2017-02-11T15:54:25","guid":{"rendered":"http:\/\/eschringen.de\/wordpress\/?page_id=362"},"modified":"2025-12-09T11:14:06","modified_gmt":"2025-12-09T10:14:06","slug":"freiwillige-feuerwehr-saarbruecken-eschringen-lb26","status":"publish","type":"page","link":"https:\/\/eschringen.de\/wordpress\/die-menschen\/vereine\/freiwillige-feuerwehr-saarbruecken-eschringen-lb26\/","title":{"rendered":"Freiwillige Feuerwehr, Saarbr\u00fccken-Eschringen, LB26"},"content":{"rendered":"<div class=\"wp-block-image\">\n<figure class=\"alignright\"><a href=\"http:\/\/eschringen.de\/wordpress\/die-menschen\/vereine\/freiwillige-feuerwehr-saarbruecken-eschringen-lb26\/feuerwehr\/\" rel=\"attachment wp-att-1211\"><img data-recalc-dims=\"1\" loading=\"lazy\" decoding=\"async\" width=\"163\" height=\"200\" src=\"https:\/\/i0.wp.com\/eschringen.de\/wordpress\/wp-content\/uploads\/2017\/02\/feuerwehr.jpg?resize=163%2C200\" alt=\"\" class=\"wp-image-1211\"\/><\/a><\/figure>\n<\/div>\n\n\n<p><strong><span style=\"color: #990000;\">Gr\u00fcndungsjahr:<\/span><\/strong>\u00a01876, Mitglieder: 27 aktive und 122 passive, 15 Kinder<\/p>\n\n\n\n<p><strong><span style=\"color: #800000;\">Mitgliedsbeitrag:<\/span> <\/strong>j\u00e4hrlich \u20ac 8,-<br>\u00dcbungen alle 14 Tage im Ger\u00e4tehaus.<\/p>\n\n\n\n<p><strong><span style=\"color: #800000;\">L\u00f6schbezirksf\u00fchrer:<\/span> <\/strong>Carsten Zimmermann, Sittersweg, 66130 Saarbr\u00fccken<\/p>\n\n\n\n<p><strong><span style=\"color: #800000;\">Vereinssitz:<\/span><\/strong> Eschringen, Gr\u00e4finthalerstra\u00dfe 3, 66130 Saarbr\u00fccken, Tel. 06893 &#8211; 3802<\/p>\n\n\n\n<p><strong><span style=\"color: #800000;\">Kontakt:<\/span><\/strong> <a href=\"mailto:feuerwehr@eschringen.de\">feuerwehr@eschringen.de<\/a><\/p>\n\n\n\n<p><a href=\"http:\/\/eschringen.de\/wordpress\/die-menschen\/vereine\/\">zur\u00fcck zur \u00dcbersicht<\/a><\/p>\n\n\n\n<p><\/p>\n","protected":false},"excerpt":{"rendered":"<p>Gr\u00fcndungsjahr:\u00a01876, Mitglieder: 27 aktive und 122 passive, 15 Kinder Mitgliedsbeitrag: j\u00e4hrlich \u20ac 8,-\u00dcbungen alle 14 Tage im Ger\u00e4tehaus. L\u00f6schbezirksf\u00fchrer: Carsten Zimmermann, Sittersweg, 66130 Saarbr\u00fccken Vereinssitz: Eschringen, Gr\u00e4finthalerstra\u00dfe 3, 66130 Saarbr\u00fccken, Tel. 06893 &#8211; 3802 Kontakt: feuerwehr@eschringen.de zur\u00fcck zur \u00dcbersicht<\/p>\n","protected":false},"author":1,"featured_media":0,"parent":228,"menu_order":6,"comment_status":"closed","ping_status":"closed","template":"","meta":{"ngg_post_thumbnail":0,"footnotes":""},"class_list":["post-362","page","type-page","status-publish"],"yoast_head":"<!-- This site is optimized with the Yoast SEO plugin v27.3 - https:\/\/yoast.com\/product\/yoast-seo-wordpress\/ -->\n<title>Freiwillige Feuerwehr, Saarbr\u00fccken-Eschringen, LB26 - Eschringen<\/title>\n<meta name=\"robots\" content=\"index, follow, max-snippet:-1, max-image-preview:large, max-video-preview:-1\" \/>\n<link rel=\"canonical\" href=\"https:\/\/eschringen.de\/wordpress\/die-menschen\/vereine\/freiwillige-feuerwehr-saarbruecken-eschringen-lb26\/\" \/>\n<meta property=\"og:locale\" content=\"de_DE\" \/>\n<meta property=\"og:type\" content=\"article\" \/>\n<meta property=\"og:title\" content=\"Freiwillige Feuerwehr, Saarbr\u00fccken-Eschringen, LB26 - Eschringen\" \/>\n<meta property=\"og:description\" content=\"Gr\u00fcndungsjahr:\u00a01876, Mitglieder: 27 aktive und 122 passive, 15 Kinder Mitgliedsbeitrag: j\u00e4hrlich \u20ac 8,-\u00dcbungen alle 14 Tage im Ger\u00e4tehaus. L\u00f6schbezirksf\u00fchrer: Carsten Zimmermann, Sittersweg, 66130 Saarbr\u00fccken Vereinssitz: Eschringen, Gr\u00e4finthalerstra\u00dfe 3, 66130 Saarbr\u00fccken, Tel. 06893 &#8211; 3802 Kontakt: feuerwehr@eschringen.de zur\u00fcck zur \u00dcbersicht\" \/>\n<meta property=\"og:url\" content=\"https:\/\/eschringen.de\/wordpress\/die-menschen\/vereine\/freiwillige-feuerwehr-saarbruecken-eschringen-lb26\/\" \/>\n<meta property=\"og:site_name\" content=\"Eschringen\" \/>\n<meta property=\"article:modified_time\" content=\"2025-12-09T10:14:06+00:00\" \/>\n<meta property=\"og:image\" content=\"https:\/\/i0.wp.com\/eschringen.de\/wordpress\/wp-content\/uploads\/2017\/02\/feuerwehr.jpg?fit=163%2C200&ssl=1\" \/>\n\t<meta property=\"og:image:width\" content=\"163\" \/>\n\t<meta property=\"og:image:height\" content=\"200\" \/>\n\t<meta property=\"og:image:type\" content=\"image\/jpeg\" \/>\n<meta name=\"twitter:card\" content=\"summary_large_image\" \/>\n<meta name=\"twitter:label1\" content=\"Gesch\u00e4tzte Lesezeit\" \/>\n\t<meta name=\"twitter:data1\" content=\"1\u00a0Minute\" \/>\n<script type=\"application\/ld+json\" class=\"yoast-schema-graph\">{\"@context\":\"https:\\\/\\\/schema.org\",\"@graph\":[{\"@type\":\"WebPage\",\"@id\":\"https:\\\/\\\/eschringen.de\\\/wordpress\\\/die-menschen\\\/vereine\\\/freiwillige-feuerwehr-saarbruecken-eschringen-lb26\\\/\",\"url\":\"https:\\\/\\\/eschringen.de\\\/wordpress\\\/die-menschen\\\/vereine\\\/freiwillige-feuerwehr-saarbruecken-eschringen-lb26\\\/\",\"name\":\"Freiwillige Feuerwehr, Saarbr\u00fccken-Eschringen, LB26 - Eschringen\",\"isPartOf\":{\"@id\":\"https:\\\/\\\/eschringen.de\\\/wordpress\\\/#website\"},\"primaryImageOfPage\":{\"@id\":\"https:\\\/\\\/eschringen.de\\\/wordpress\\\/die-menschen\\\/vereine\\\/freiwillige-feuerwehr-saarbruecken-eschringen-lb26\\\/#primaryimage\"},\"image\":{\"@id\":\"https:\\\/\\\/eschringen.de\\\/wordpress\\\/die-menschen\\\/vereine\\\/freiwillige-feuerwehr-saarbruecken-eschringen-lb26\\\/#primaryimage\"},\"thumbnailUrl\":\"http:\\\/\\\/eschringen.de\\\/wordpress\\\/wp-content\\\/uploads\\\/2017\\\/02\\\/feuerwehr.jpg\",\"datePublished\":\"2017-02-11T15:54:25+00:00\",\"dateModified\":\"2025-12-09T10:14:06+00:00\",\"breadcrumb\":{\"@id\":\"https:\\\/\\\/eschringen.de\\\/wordpress\\\/die-menschen\\\/vereine\\\/freiwillige-feuerwehr-saarbruecken-eschringen-lb26\\\/#breadcrumb\"},\"inLanguage\":\"de\",\"potentialAction\":[{\"@type\":\"ReadAction\",\"target\":[\"https:\\\/\\\/eschringen.de\\\/wordpress\\\/die-menschen\\\/vereine\\\/freiwillige-feuerwehr-saarbruecken-eschringen-lb26\\\/\"]}]},{\"@type\":\"ImageObject\",\"inLanguage\":\"de\",\"@id\":\"https:\\\/\\\/eschringen.de\\\/wordpress\\\/die-menschen\\\/vereine\\\/freiwillige-feuerwehr-saarbruecken-eschringen-lb26\\\/#primaryimage\",\"url\":\"http:\\\/\\\/eschringen.de\\\/wordpress\\\/wp-content\\\/uploads\\\/2017\\\/02\\\/feuerwehr.jpg\",\"contentUrl\":\"http:\\\/\\\/eschringen.de\\\/wordpress\\\/wp-content\\\/uploads\\\/2017\\\/02\\\/feuerwehr.jpg\"},{\"@type\":\"BreadcrumbList\",\"@id\":\"https:\\\/\\\/eschringen.de\\\/wordpress\\\/die-menschen\\\/vereine\\\/freiwillige-feuerwehr-saarbruecken-eschringen-lb26\\\/#breadcrumb\",\"itemListElement\":[{\"@type\":\"ListItem\",\"position\":1,\"name\":\"Startseite\",\"item\":\"https:\\\/\\\/eschringen.de\\\/wordpress\\\/\"},{\"@type\":\"ListItem\",\"position\":2,\"name\":\"Die Menschen\",\"item\":\"https:\\\/\\\/eschringen.de\\\/wordpress\\\/die-menschen\\\/\"},{\"@type\":\"ListItem\",\"position\":3,\"name\":\"Vereine\",\"item\":\"https:\\\/\\\/eschringen.de\\\/wordpress\\\/die-menschen\\\/vereine\\\/\"},{\"@type\":\"ListItem\",\"position\":4,\"name\":\"Freiwillige Feuerwehr, Saarbr\u00fccken-Eschringen, LB26\"}]},{\"@type\":\"WebSite\",\"@id\":\"https:\\\/\\\/eschringen.de\\\/wordpress\\\/#website\",\"url\":\"https:\\\/\\\/eschringen.de\\\/wordpress\\\/\",\"name\":\"Eschringen\",\"description\":\"\",\"publisher\":{\"@id\":\"https:\\\/\\\/eschringen.de\\\/wordpress\\\/#organization\"},\"potentialAction\":[{\"@type\":\"SearchAction\",\"target\":{\"@type\":\"EntryPoint\",\"urlTemplate\":\"https:\\\/\\\/eschringen.de\\\/wordpress\\\/?s={search_term_string}\"},\"query-input\":{\"@type\":\"PropertyValueSpecification\",\"valueRequired\":true,\"valueName\":\"search_term_string\"}}],\"inLanguage\":\"de\"},{\"@type\":\"Organization\",\"@id\":\"https:\\\/\\\/eschringen.de\\\/wordpress\\\/#organization\",\"name\":\"Eschringen\",\"url\":\"https:\\\/\\\/eschringen.de\\\/wordpress\\\/\",\"logo\":{\"@type\":\"ImageObject\",\"inLanguage\":\"de\",\"@id\":\"https:\\\/\\\/eschringen.de\\\/wordpress\\\/#\\\/schema\\\/logo\\\/image\\\/\",\"url\":\"https:\\\/\\\/eschringen.de\\\/wordpress\\\/wp-content\\\/uploads\\\/2017\\\/03\\\/2017_kw15.jpg\",\"contentUrl\":\"https:\\\/\\\/eschringen.de\\\/wordpress\\\/wp-content\\\/uploads\\\/2017\\\/03\\\/2017_kw15.jpg\",\"width\":784,\"height\":447,\"caption\":\"Eschringen\"},\"image\":{\"@id\":\"https:\\\/\\\/eschringen.de\\\/wordpress\\\/#\\\/schema\\\/logo\\\/image\\\/\"}}]}<\/script>\n<!-- \/ Yoast SEO plugin. -->","yoast_head_json":{"title":"Freiwillige Feuerwehr, Saarbr\u00fccken-Eschringen, LB26 - Eschringen","robots":{"index":"index","follow":"follow","max-snippet":"max-snippet:-1","max-image-preview":"max-image-preview:large","max-video-preview":"max-video-preview:-1"},"canonical":"https:\/\/eschringen.de\/wordpress\/die-menschen\/vereine\/freiwillige-feuerwehr-saarbruecken-eschringen-lb26\/","og_locale":"de_DE","og_type":"article","og_title":"Freiwillige Feuerwehr, Saarbr\u00fccken-Eschringen, LB26 - Eschringen","og_description":"Gr\u00fcndungsjahr:\u00a01876, Mitglieder: 27 aktive und 122 passive, 15 Kinder Mitgliedsbeitrag: j\u00e4hrlich \u20ac 8,-\u00dcbungen alle 14 Tage im Ger\u00e4tehaus. L\u00f6schbezirksf\u00fchrer: Carsten Zimmermann, Sittersweg, 66130 Saarbr\u00fccken Vereinssitz: Eschringen, Gr\u00e4finthalerstra\u00dfe 3, 66130 Saarbr\u00fccken, Tel. 06893 &#8211; 3802 Kontakt: feuerwehr@eschringen.de zur\u00fcck zur \u00dcbersicht","og_url":"https:\/\/eschringen.de\/wordpress\/die-menschen\/vereine\/freiwillige-feuerwehr-saarbruecken-eschringen-lb26\/","og_site_name":"Eschringen","article_modified_time":"2025-12-09T10:14:06+00:00","og_image":[{"width":163,"height":200,"url":"https:\/\/i0.wp.com\/eschringen.de\/wordpress\/wp-content\/uploads\/2017\/02\/feuerwehr.jpg?fit=163%2C200&ssl=1","type":"image\/jpeg"}],"twitter_card":"summary_large_image","twitter_misc":{"Gesch\u00e4tzte Lesezeit":"1\u00a0Minute"},"schema":{"@context":"https:\/\/schema.org","@graph":[{"@type":"WebPage","@id":"https:\/\/eschringen.de\/wordpress\/die-menschen\/vereine\/freiwillige-feuerwehr-saarbruecken-eschringen-lb26\/","url":"https:\/\/eschringen.de\/wordpress\/die-menschen\/vereine\/freiwillige-feuerwehr-saarbruecken-eschringen-lb26\/","name":"Freiwillige Feuerwehr, Saarbr\u00fccken-Eschringen, LB26 - Eschringen","isPartOf":{"@id":"https:\/\/eschringen.de\/wordpress\/#website"},"primaryImageOfPage":{"@id":"https:\/\/eschringen.de\/wordpress\/die-menschen\/vereine\/freiwillige-feuerwehr-saarbruecken-eschringen-lb26\/#primaryimage"},"image":{"@id":"https:\/\/eschringen.de\/wordpress\/die-menschen\/vereine\/freiwillige-feuerwehr-saarbruecken-eschringen-lb26\/#primaryimage"},"thumbnailUrl":"http:\/\/eschringen.de\/wordpress\/wp-content\/uploads\/2017\/02\/feuerwehr.jpg","datePublished":"2017-02-11T15:54:25+00:00","dateModified":"2025-12-09T10:14:06+00:00","breadcrumb":{"@id":"https:\/\/eschringen.de\/wordpress\/die-menschen\/vereine\/freiwillige-feuerwehr-saarbruecken-eschringen-lb26\/#breadcrumb"},"inLanguage":"de","potentialAction":[{"@type":"ReadAction","target":["https:\/\/eschringen.de\/wordpress\/die-menschen\/vereine\/freiwillige-feuerwehr-saarbruecken-eschringen-lb26\/"]}]},{"@type":"ImageObject","inLanguage":"de","@id":"https:\/\/eschringen.de\/wordpress\/die-menschen\/vereine\/freiwillige-feuerwehr-saarbruecken-eschringen-lb26\/#primaryimage","url":"http:\/\/eschringen.de\/wordpress\/wp-content\/uploads\/2017\/02\/feuerwehr.jpg","contentUrl":"http:\/\/eschringen.de\/wordpress\/wp-content\/uploads\/2017\/02\/feuerwehr.jpg"},{"@type":"BreadcrumbList","@id":"https:\/\/eschringen.de\/wordpress\/die-menschen\/vereine\/freiwillige-feuerwehr-saarbruecken-eschringen-lb26\/#breadcrumb","itemListElement":[{"@type":"ListItem","position":1,"name":"Startseite","item":"https:\/\/eschringen.de\/wordpress\/"},{"@type":"ListItem","position":2,"name":"Die Menschen","item":"https:\/\/eschringen.de\/wordpress\/die-menschen\/"},{"@type":"ListItem","position":3,"name":"Vereine","item":"https:\/\/eschringen.de\/wordpress\/die-menschen\/vereine\/"},{"@type":"ListItem","position":4,"name":"Freiwillige Feuerwehr, Saarbr\u00fccken-Eschringen, LB26"}]},{"@type":"WebSite","@id":"https:\/\/eschringen.de\/wordpress\/#website","url":"https:\/\/eschringen.de\/wordpress\/","name":"Eschringen","description":"","publisher":{"@id":"https:\/\/eschringen.de\/wordpress\/#organization"},"potentialAction":[{"@type":"SearchAction","target":{"@type":"EntryPoint","urlTemplate":"https:\/\/eschringen.de\/wordpress\/?s={search_term_string}"},"query-input":{"@type":"PropertyValueSpecification","valueRequired":true,"valueName":"search_term_string"}}],"inLanguage":"de"},{"@type":"Organization","@id":"https:\/\/eschringen.de\/wordpress\/#organization","name":"Eschringen","url":"https:\/\/eschringen.de\/wordpress\/","logo":{"@type":"ImageObject","inLanguage":"de","@id":"https:\/\/eschringen.de\/wordpress\/#\/schema\/logo\/image\/","url":"https:\/\/eschringen.de\/wordpress\/wp-content\/uploads\/2017\/03\/2017_kw15.jpg","contentUrl":"https:\/\/eschringen.de\/wordpress\/wp-content\/uploads\/2017\/03\/2017_kw15.jpg","width":784,"height":447,"caption":"Eschringen"},"image":{"@id":"https:\/\/eschringen.de\/wordpress\/#\/schema\/logo\/image\/"}}]}},"jetpack_sharing_enabled":true,"_links":{"self":[{"href":"https:\/\/eschringen.de\/wordpress\/wp-json\/wp\/v2\/pages\/362","targetHints":{"allow":["GET"]}}],"collection":[{"href":"https:\/\/eschringen.de\/wordpress\/wp-json\/wp\/v2\/pages"}],"about":[{"href":"https:\/\/eschringen.de\/wordpress\/wp-json\/wp\/v2\/types\/page"}],"author":[{"embeddable":true,"href":"https:\/\/eschringen.de\/wordpress\/wp-json\/wp\/v2\/users\/1"}],"replies":[{"embeddable":true,"href":"https:\/\/eschringen.de\/wordpress\/wp-json\/wp\/v2\/comments?post=362"}],"version-history":[{"count":5,"href":"https:\/\/eschringen.de\/wordpress\/wp-json\/wp\/v2\/pages\/362\/revisions"}],"predecessor-version":[{"id":5497,"href":"https:\/\/eschringen.de\/wordpress\/wp-json\/wp\/v2\/pages\/362\/revisions\/5497"}],"up":[{"embeddable":true,"href":"https:\/\/eschringen.de\/wordpress\/wp-json\/wp\/v2\/pages\/228"}],"wp:attachment":[{"href":"https:\/\/eschringen.de\/wordpress\/wp-json\/wp\/v2\/media?parent=362"}],"curies":[{"name":"wp","href":"https:\/\/api.w.org\/{rel}","templated":true}]}}