{"id":359,"date":"2017-02-11T16:51:01","date_gmt":"2017-02-11T15:51:01","guid":{"rendered":"http:\/\/eschringen.de\/wordpress\/?page_id=359"},"modified":"2024-11-30T23:03:47","modified_gmt":"2024-11-30T22:03:47","slug":"turn-und-sportverein-eschringen-1910-e-v","status":"publish","type":"page","link":"https:\/\/eschringen.de\/wordpress\/die-menschen\/vereine\/turn-und-sportverein-eschringen-1910-e-v\/","title":{"rendered":"Turn- und Sportverein Eschringen 1910 e.V."},"content":{"rendered":"<div class=\"wp-block-image\">\n<figure class=\"alignright size-full\"><img data-recalc-dims=\"1\" loading=\"lazy\" decoding=\"async\" width=\"150\" height=\"151\" src=\"https:\/\/i0.wp.com\/eschringen.de\/wordpress\/wp-content\/uploads\/2022\/08\/tus.jpg?resize=150%2C151&#038;ssl=1\" alt=\"\" class=\"wp-image-3752\"\/><\/figure>\n<\/div>\n\n\n<p><strong><span style=\"color: #800000;\">Gesch\u00e4ftsf\u00fchrer:<\/span> <\/strong>Roman Meyer, Lehberggarten, Ensheim<\/p>\n\n\n\n<p><strong><span style=\"color: #800000;\">Internet:<\/span><\/strong> <a href=\"http:\/\/www.tus.eschringen.de\/\">www.tus.eschringen.de<\/a><\/p>\n\n\n\n<p><strong><span style=\"color: #800000;\">Kontakt:<\/span><\/strong> tus&#8220;at&#8220;eschringen.de<\/p>\n\n\n\n<p>Der Turn- und Sportverein Eschringen e. V. ist einer der gr\u00f6\u00dften Vereine am Ort. Wir haben 170 Mitglieder in den Sparten Jugendfu\u00dfball, Fu\u00dfball aktiv, Tischtennis und Bo<span style=\"font-size: small;\">ule\/P\u00e9tanque.<\/span><\/p>\n\n\n\n<p><strong><span style=\"color: #800000;\">Mitgliedsbeitrag je Monat:<\/span><\/strong> Passive 4,- \u20ac, Aktive 6,- \u20ac, Familienbeitrag 9 \u20ac<\/p>\n\n\n\n<p>Dem Verein geh\u00f6ren auch einige Hobby-Fu\u00dfballmannschaften an:<\/p>\n\n\n\n<ul class=\"wp-block-list\">\n<li><span style=\"font-size: small;\">&#8222;Freitagsclub&#8220;<\/span><\/li>\n\n\n\n<li><span style=\"font-size: small;\">&#8222;Hinter Mailand&#8220;.<\/span><\/li>\n<\/ul>\n\n\n\n<p>Wir w\u00fcrden uns sehr freuen, wenn auch Sie Mitglied werden im TuS Eschringen.<\/p>\n\n\n\n<p><a href=\"http:\/\/eschringen.de\/wordpress\/die-menschen\/vereine\/\">zur\u00fcck zur \u00dcbersicht<\/a><\/p>\n","protected":false},"excerpt":{"rendered":"<p>Gesch\u00e4ftsf\u00fchrer: Roman Meyer, Lehberggarten, Ensheim Internet: www.tus.eschringen.de Kontakt: tus&#8220;at&#8220;eschringen.de Der Turn- und Sportverein Eschringen e. V. ist einer der gr\u00f6\u00dften Vereine am Ort. Wir haben 170 Mitglieder in den Sparten Jugendfu\u00dfball, Fu\u00dfball aktiv, Tischtennis und Boule\/P\u00e9tanque. Mitgliedsbeitrag je Monat: Passive 4,- \u20ac, Aktive 6,- \u20ac, Familienbeitrag 9 \u20ac Dem Verein geh\u00f6ren auch einige Hobby-Fu\u00dfballmannschaften an: &#8230; <a title=\"Turn- und Sportverein Eschringen 1910 e.V.\" class=\"read-more\" href=\"https:\/\/eschringen.de\/wordpress\/die-menschen\/vereine\/turn-und-sportverein-eschringen-1910-e-v\/\" aria-label=\"Mehr Informationen \u00fcber Turn- und Sportverein Eschringen 1910 e.V.\">Weiterlesen &#8230;<\/a><\/p>\n","protected":false},"author":1,"featured_media":0,"parent":228,"menu_order":16,"comment_status":"closed","ping_status":"closed","template":"","meta":{"ngg_post_thumbnail":0,"footnotes":""},"class_list":["post-359","page","type-page","status-publish"],"yoast_head":"<!-- This site is optimized with the Yoast SEO plugin v27.3 - https:\/\/yoast.com\/product\/yoast-seo-wordpress\/ -->\n<title>Turn- und Sportverein Eschringen 1910 e.V. - Eschringen<\/title>\n<meta name=\"robots\" content=\"index, follow, max-snippet:-1, max-image-preview:large, max-video-preview:-1\" \/>\n<link rel=\"canonical\" href=\"https:\/\/eschringen.de\/wordpress\/die-menschen\/vereine\/turn-und-sportverein-eschringen-1910-e-v\/\" \/>\n<meta property=\"og:locale\" content=\"de_DE\" \/>\n<meta property=\"og:type\" content=\"article\" \/>\n<meta property=\"og:title\" content=\"Turn- und Sportverein Eschringen 1910 e.V. - Eschringen\" \/>\n<meta property=\"og:description\" content=\"Gesch\u00e4ftsf\u00fchrer: Roman Meyer, Lehberggarten, Ensheim Internet: www.tus.eschringen.de Kontakt: tus&#8220;at&#8220;eschringen.de Der Turn- und Sportverein Eschringen e. V. ist einer der gr\u00f6\u00dften Vereine am Ort. Wir haben 170 Mitglieder in den Sparten Jugendfu\u00dfball, Fu\u00dfball aktiv, Tischtennis und Boule\/P\u00e9tanque. Mitgliedsbeitrag je Monat: Passive 4,- \u20ac, Aktive 6,- \u20ac, Familienbeitrag 9 \u20ac Dem Verein geh\u00f6ren auch einige Hobby-Fu\u00dfballmannschaften an: ... Weiterlesen ...\" \/>\n<meta property=\"og:url\" content=\"https:\/\/eschringen.de\/wordpress\/die-menschen\/vereine\/turn-und-sportverein-eschringen-1910-e-v\/\" \/>\n<meta property=\"og:site_name\" content=\"Eschringen\" \/>\n<meta property=\"article:modified_time\" content=\"2024-11-30T22:03:47+00:00\" \/>\n<meta property=\"og:image\" content=\"https:\/\/i0.wp.com\/eschringen.de\/wordpress\/wp-content\/uploads\/2022\/08\/tus.jpg?fit=150%2C151&ssl=1\" \/>\n\t<meta property=\"og:image:width\" content=\"150\" \/>\n\t<meta property=\"og:image:height\" content=\"151\" \/>\n\t<meta property=\"og:image:type\" content=\"image\/jpeg\" \/>\n<meta name=\"twitter:card\" content=\"summary_large_image\" \/>\n<meta name=\"twitter:label1\" content=\"Gesch\u00e4tzte Lesezeit\" \/>\n\t<meta name=\"twitter:data1\" content=\"1\u00a0Minute\" \/>\n<script type=\"application\/ld+json\" class=\"yoast-schema-graph\">{\"@context\":\"https:\\\/\\\/schema.org\",\"@graph\":[{\"@type\":\"WebPage\",\"@id\":\"https:\\\/\\\/eschringen.de\\\/wordpress\\\/die-menschen\\\/vereine\\\/turn-und-sportverein-eschringen-1910-e-v\\\/\",\"url\":\"https:\\\/\\\/eschringen.de\\\/wordpress\\\/die-menschen\\\/vereine\\\/turn-und-sportverein-eschringen-1910-e-v\\\/\",\"name\":\"Turn- und Sportverein Eschringen 1910 e.V. - Eschringen\",\"isPartOf\":{\"@id\":\"https:\\\/\\\/eschringen.de\\\/wordpress\\\/#website\"},\"primaryImageOfPage\":{\"@id\":\"https:\\\/\\\/eschringen.de\\\/wordpress\\\/die-menschen\\\/vereine\\\/turn-und-sportverein-eschringen-1910-e-v\\\/#primaryimage\"},\"image\":{\"@id\":\"https:\\\/\\\/eschringen.de\\\/wordpress\\\/die-menschen\\\/vereine\\\/turn-und-sportverein-eschringen-1910-e-v\\\/#primaryimage\"},\"thumbnailUrl\":\"https:\\\/\\\/eschringen.de\\\/wordpress\\\/wp-content\\\/uploads\\\/2022\\\/08\\\/tus.jpg\",\"datePublished\":\"2017-02-11T15:51:01+00:00\",\"dateModified\":\"2024-11-30T22:03:47+00:00\",\"breadcrumb\":{\"@id\":\"https:\\\/\\\/eschringen.de\\\/wordpress\\\/die-menschen\\\/vereine\\\/turn-und-sportverein-eschringen-1910-e-v\\\/#breadcrumb\"},\"inLanguage\":\"de\",\"potentialAction\":[{\"@type\":\"ReadAction\",\"target\":[\"https:\\\/\\\/eschringen.de\\\/wordpress\\\/die-menschen\\\/vereine\\\/turn-und-sportverein-eschringen-1910-e-v\\\/\"]}]},{\"@type\":\"ImageObject\",\"inLanguage\":\"de\",\"@id\":\"https:\\\/\\\/eschringen.de\\\/wordpress\\\/die-menschen\\\/vereine\\\/turn-und-sportverein-eschringen-1910-e-v\\\/#primaryimage\",\"url\":\"https:\\\/\\\/i0.wp.com\\\/eschringen.de\\\/wordpress\\\/wp-content\\\/uploads\\\/2022\\\/08\\\/tus.jpg?fit=150%2C151&ssl=1\",\"contentUrl\":\"https:\\\/\\\/i0.wp.com\\\/eschringen.de\\\/wordpress\\\/wp-content\\\/uploads\\\/2022\\\/08\\\/tus.jpg?fit=150%2C151&ssl=1\",\"width\":150,\"height\":151},{\"@type\":\"BreadcrumbList\",\"@id\":\"https:\\\/\\\/eschringen.de\\\/wordpress\\\/die-menschen\\\/vereine\\\/turn-und-sportverein-eschringen-1910-e-v\\\/#breadcrumb\",\"itemListElement\":[{\"@type\":\"ListItem\",\"position\":1,\"name\":\"Startseite\",\"item\":\"https:\\\/\\\/eschringen.de\\\/wordpress\\\/\"},{\"@type\":\"ListItem\",\"position\":2,\"name\":\"Die Menschen\",\"item\":\"https:\\\/\\\/eschringen.de\\\/wordpress\\\/die-menschen\\\/\"},{\"@type\":\"ListItem\",\"position\":3,\"name\":\"Vereine\",\"item\":\"https:\\\/\\\/eschringen.de\\\/wordpress\\\/die-menschen\\\/vereine\\\/\"},{\"@type\":\"ListItem\",\"position\":4,\"name\":\"Turn- und Sportverein Eschringen 1910 e.V.\"}]},{\"@type\":\"WebSite\",\"@id\":\"https:\\\/\\\/eschringen.de\\\/wordpress\\\/#website\",\"url\":\"https:\\\/\\\/eschringen.de\\\/wordpress\\\/\",\"name\":\"Eschringen\",\"description\":\"\",\"publisher\":{\"@id\":\"https:\\\/\\\/eschringen.de\\\/wordpress\\\/#organization\"},\"potentialAction\":[{\"@type\":\"SearchAction\",\"target\":{\"@type\":\"EntryPoint\",\"urlTemplate\":\"https:\\\/\\\/eschringen.de\\\/wordpress\\\/?s={search_term_string}\"},\"query-input\":{\"@type\":\"PropertyValueSpecification\",\"valueRequired\":true,\"valueName\":\"search_term_string\"}}],\"inLanguage\":\"de\"},{\"@type\":\"Organization\",\"@id\":\"https:\\\/\\\/eschringen.de\\\/wordpress\\\/#organization\",\"name\":\"Eschringen\",\"url\":\"https:\\\/\\\/eschringen.de\\\/wordpress\\\/\",\"logo\":{\"@type\":\"ImageObject\",\"inLanguage\":\"de\",\"@id\":\"https:\\\/\\\/eschringen.de\\\/wordpress\\\/#\\\/schema\\\/logo\\\/image\\\/\",\"url\":\"https:\\\/\\\/eschringen.de\\\/wordpress\\\/wp-content\\\/uploads\\\/2017\\\/03\\\/2017_kw15.jpg\",\"contentUrl\":\"https:\\\/\\\/eschringen.de\\\/wordpress\\\/wp-content\\\/uploads\\\/2017\\\/03\\\/2017_kw15.jpg\",\"width\":784,\"height\":447,\"caption\":\"Eschringen\"},\"image\":{\"@id\":\"https:\\\/\\\/eschringen.de\\\/wordpress\\\/#\\\/schema\\\/logo\\\/image\\\/\"}}]}<\/script>\n<!-- \/ Yoast SEO plugin. -->","yoast_head_json":{"title":"Turn- und Sportverein Eschringen 1910 e.V. - Eschringen","robots":{"index":"index","follow":"follow","max-snippet":"max-snippet:-1","max-image-preview":"max-image-preview:large","max-video-preview":"max-video-preview:-1"},"canonical":"https:\/\/eschringen.de\/wordpress\/die-menschen\/vereine\/turn-und-sportverein-eschringen-1910-e-v\/","og_locale":"de_DE","og_type":"article","og_title":"Turn- und Sportverein Eschringen 1910 e.V. - Eschringen","og_description":"Gesch\u00e4ftsf\u00fchrer: Roman Meyer, Lehberggarten, Ensheim Internet: www.tus.eschringen.de Kontakt: tus&#8220;at&#8220;eschringen.de Der Turn- und Sportverein Eschringen e. V. ist einer der gr\u00f6\u00dften Vereine am Ort. Wir haben 170 Mitglieder in den Sparten Jugendfu\u00dfball, Fu\u00dfball aktiv, Tischtennis und Boule\/P\u00e9tanque. Mitgliedsbeitrag je Monat: Passive 4,- \u20ac, Aktive 6,- \u20ac, Familienbeitrag 9 \u20ac Dem Verein geh\u00f6ren auch einige Hobby-Fu\u00dfballmannschaften an: ... Weiterlesen ...","og_url":"https:\/\/eschringen.de\/wordpress\/die-menschen\/vereine\/turn-und-sportverein-eschringen-1910-e-v\/","og_site_name":"Eschringen","article_modified_time":"2024-11-30T22:03:47+00:00","og_image":[{"width":150,"height":151,"url":"https:\/\/i0.wp.com\/eschringen.de\/wordpress\/wp-content\/uploads\/2022\/08\/tus.jpg?fit=150%2C151&ssl=1","type":"image\/jpeg"}],"twitter_card":"summary_large_image","twitter_misc":{"Gesch\u00e4tzte Lesezeit":"1\u00a0Minute"},"schema":{"@context":"https:\/\/schema.org","@graph":[{"@type":"WebPage","@id":"https:\/\/eschringen.de\/wordpress\/die-menschen\/vereine\/turn-und-sportverein-eschringen-1910-e-v\/","url":"https:\/\/eschringen.de\/wordpress\/die-menschen\/vereine\/turn-und-sportverein-eschringen-1910-e-v\/","name":"Turn- und Sportverein Eschringen 1910 e.V. - Eschringen","isPartOf":{"@id":"https:\/\/eschringen.de\/wordpress\/#website"},"primaryImageOfPage":{"@id":"https:\/\/eschringen.de\/wordpress\/die-menschen\/vereine\/turn-und-sportverein-eschringen-1910-e-v\/#primaryimage"},"image":{"@id":"https:\/\/eschringen.de\/wordpress\/die-menschen\/vereine\/turn-und-sportverein-eschringen-1910-e-v\/#primaryimage"},"thumbnailUrl":"https:\/\/eschringen.de\/wordpress\/wp-content\/uploads\/2022\/08\/tus.jpg","datePublished":"2017-02-11T15:51:01+00:00","dateModified":"2024-11-30T22:03:47+00:00","breadcrumb":{"@id":"https:\/\/eschringen.de\/wordpress\/die-menschen\/vereine\/turn-und-sportverein-eschringen-1910-e-v\/#breadcrumb"},"inLanguage":"de","potentialAction":[{"@type":"ReadAction","target":["https:\/\/eschringen.de\/wordpress\/die-menschen\/vereine\/turn-und-sportverein-eschringen-1910-e-v\/"]}]},{"@type":"ImageObject","inLanguage":"de","@id":"https:\/\/eschringen.de\/wordpress\/die-menschen\/vereine\/turn-und-sportverein-eschringen-1910-e-v\/#primaryimage","url":"https:\/\/i0.wp.com\/eschringen.de\/wordpress\/wp-content\/uploads\/2022\/08\/tus.jpg?fit=150%2C151&ssl=1","contentUrl":"https:\/\/i0.wp.com\/eschringen.de\/wordpress\/wp-content\/uploads\/2022\/08\/tus.jpg?fit=150%2C151&ssl=1","width":150,"height":151},{"@type":"BreadcrumbList","@id":"https:\/\/eschringen.de\/wordpress\/die-menschen\/vereine\/turn-und-sportverein-eschringen-1910-e-v\/#breadcrumb","itemListElement":[{"@type":"ListItem","position":1,"name":"Startseite","item":"https:\/\/eschringen.de\/wordpress\/"},{"@type":"ListItem","position":2,"name":"Die Menschen","item":"https:\/\/eschringen.de\/wordpress\/die-menschen\/"},{"@type":"ListItem","position":3,"name":"Vereine","item":"https:\/\/eschringen.de\/wordpress\/die-menschen\/vereine\/"},{"@type":"ListItem","position":4,"name":"Turn- und Sportverein Eschringen 1910 e.V."}]},{"@type":"WebSite","@id":"https:\/\/eschringen.de\/wordpress\/#website","url":"https:\/\/eschringen.de\/wordpress\/","name":"Eschringen","description":"","publisher":{"@id":"https:\/\/eschringen.de\/wordpress\/#organization"},"potentialAction":[{"@type":"SearchAction","target":{"@type":"EntryPoint","urlTemplate":"https:\/\/eschringen.de\/wordpress\/?s={search_term_string}"},"query-input":{"@type":"PropertyValueSpecification","valueRequired":true,"valueName":"search_term_string"}}],"inLanguage":"de"},{"@type":"Organization","@id":"https:\/\/eschringen.de\/wordpress\/#organization","name":"Eschringen","url":"https:\/\/eschringen.de\/wordpress\/","logo":{"@type":"ImageObject","inLanguage":"de","@id":"https:\/\/eschringen.de\/wordpress\/#\/schema\/logo\/image\/","url":"https:\/\/eschringen.de\/wordpress\/wp-content\/uploads\/2017\/03\/2017_kw15.jpg","contentUrl":"https:\/\/eschringen.de\/wordpress\/wp-content\/uploads\/2017\/03\/2017_kw15.jpg","width":784,"height":447,"caption":"Eschringen"},"image":{"@id":"https:\/\/eschringen.de\/wordpress\/#\/schema\/logo\/image\/"}}]}},"jetpack_sharing_enabled":true,"_links":{"self":[{"href":"https:\/\/eschringen.de\/wordpress\/wp-json\/wp\/v2\/pages\/359","targetHints":{"allow":["GET"]}}],"collection":[{"href":"https:\/\/eschringen.de\/wordpress\/wp-json\/wp\/v2\/pages"}],"about":[{"href":"https:\/\/eschringen.de\/wordpress\/wp-json\/wp\/v2\/types\/page"}],"author":[{"embeddable":true,"href":"https:\/\/eschringen.de\/wordpress\/wp-json\/wp\/v2\/users\/1"}],"replies":[{"embeddable":true,"href":"https:\/\/eschringen.de\/wordpress\/wp-json\/wp\/v2\/comments?post=359"}],"version-history":[{"count":6,"href":"https:\/\/eschringen.de\/wordpress\/wp-json\/wp\/v2\/pages\/359\/revisions"}],"predecessor-version":[{"id":5038,"href":"https:\/\/eschringen.de\/wordpress\/wp-json\/wp\/v2\/pages\/359\/revisions\/5038"}],"up":[{"embeddable":true,"href":"https:\/\/eschringen.de\/wordpress\/wp-json\/wp\/v2\/pages\/228"}],"wp:attachment":[{"href":"https:\/\/eschringen.de\/wordpress\/wp-json\/wp\/v2\/media?parent=359"}],"curies":[{"name":"wp","href":"https:\/\/api.w.org\/{rel}","templated":true}]}}