{"id":337,"date":"2017-02-10T14:03:17","date_gmt":"2017-02-10T13:03:17","guid":{"rendered":"http:\/\/eschringen.de\/wordpress\/?page_id=337"},"modified":"2022-08-20T11:14:46","modified_gmt":"2022-08-20T09:14:46","slug":"nabu-ortsgruppe-eschringen-ensheim","status":"publish","type":"page","link":"https:\/\/eschringen.de\/wordpress\/die-menschen\/vereine\/nabu-ortsgruppe-eschringen-ensheim\/","title":{"rendered":"NABU Ortsgruppe Eschringen-Ensheim"},"content":{"rendered":"\n<p><span style=\"color: #800000;\"><strong>Gr\u00fcndungsjahr:<\/strong><\/span> 1976, Mitglieder: 15 aktive und 215 passive<br><strong><span style=\"color: #800000;\">Mitgliedsbeitrag:<\/span> <\/strong>Single&nbsp;48,- \u20ac, Familie 55,- \u20ac, Nichtverdiener 24,- \u20ac im Jahr<br><strong><span style=\"color: #800000;\">Mitgliedschaft in:<\/span><\/strong> NABU (Naturschutzbund Deutschland&nbsp;e.V.)<br><span style=\"color: #800000;\"><strong>Vorsitzender:<\/strong> <\/span>Karl Theodor Elberskirch, Am H\u00f6llweg 1, 66130 Saarbr\u00fccken, Tel. 06893 &#8211; 2360<br><span style=\"color: #800000;\"><strong>Kontakt:<\/strong><\/span> <a href=\"mailto:\">nabu@eschringen.de<\/a><br><span style=\"color: #800000;\"><strong>Internet:<\/strong><\/span> <a href=\"http:\/\/nabu.eschringen.de\" target=\"_blank\" rel=\"noopener\">nabu.eschringen.de<\/a><\/p>\n\n\n<div class=\"wp-block-image\">\n<figure class=\"alignright\"><img data-recalc-dims=\"1\" loading=\"lazy\" decoding=\"async\" width=\"300\" height=\"191\" src=\"https:\/\/i0.wp.com\/eschringen.de\/wordpress\/wp-content\/uploads\/2017\/02\/nabu-300x191.jpg?resize=300%2C191\" alt=\"\" class=\"wp-image-1157\" srcset=\"https:\/\/i0.wp.com\/eschringen.de\/wordpress\/wp-content\/uploads\/2017\/02\/nabu.jpg?resize=300%2C191&amp;ssl=1 300w, https:\/\/i0.wp.com\/eschringen.de\/wordpress\/wp-content\/uploads\/2017\/02\/nabu.jpg?w=500&amp;ssl=1 500w\" sizes=\"auto, (max-width: 300px) 100vw, 300px\" \/><\/figure>\n<\/div>\n\n\n<p>Mitgliederversammlung einmal j\u00e4hrlich. Neuwahlen alle zwei Jahre.<\/p>\n\n\n\n<p>Aktivit\u00e4ten:<\/p>\n\n\n\n<ul class=\"wp-block-list\"><li>die Artenvielfalt unserer Tier- und Pflanzenwelt zu erhalten (Ausweisung von Naturschutzgebieten)<\/li><li>der Landschaftszerst\u00f6rung entgegenzuwirken (Anlegen von Feuchtbiotopen, Feldgeh\u00f6lzen und Streuobstwiesen)<\/li><li>\u00dcbernahme von Bachpatenschaften (Saarbach, Buschbach, Kimmbach, Aubach)<\/li><li>Mitspracherecht bei Planfeststellungsverfahren zu erlangen (nach 29 Abs. 1 Nr. 4 BNatSchg)<\/li><li>Betreuung von ca. 400 Nisthilfen f\u00fcr H\u00f6hlen- und Halbh\u00f6hlenbr\u00fcter in den Waldrevieren Eschringen und Ensheim<\/li><li>Betreuung von ca. 25 Bruthilfen f\u00fcr Schleiereule, Waldkauz, Steinkauz und Flederm\u00e4usen<\/li><li>Anbringen von Nisthilfen f\u00fcr Mehl-, Rauchschwalben und Mauersegler innerhalb der Ortslage<\/li><li>Anfertigen von Nisthilfen und Futterh\u00e4usern in vereinseigener Werkstatt<\/li><li>Naturkundliche Wanderungen und Fahrten in der n\u00e4heren und weiteren Umgebung<\/li><li>Unterhaltung eines Waldlehrpfades im Waldgebiet Sitters<\/li><\/ul>\n\n\n<div class=\"wp-block-image\">\n<figure class=\"aligncenter size-full\"><img data-recalc-dims=\"1\" loading=\"lazy\" decoding=\"async\" width=\"550\" height=\"420\" src=\"https:\/\/i0.wp.com\/eschringen.de\/wordpress\/wp-content\/uploads\/2022\/08\/nabu1.jpg?resize=550%2C420&#038;ssl=1\" alt=\"\" class=\"wp-image-3747\" srcset=\"https:\/\/i0.wp.com\/eschringen.de\/wordpress\/wp-content\/uploads\/2022\/08\/nabu1.jpg?w=550&amp;ssl=1 550w, https:\/\/i0.wp.com\/eschringen.de\/wordpress\/wp-content\/uploads\/2022\/08\/nabu1.jpg?resize=300%2C229&amp;ssl=1 300w\" sizes=\"auto, (max-width: 550px) 100vw, 550px\" \/><figcaption>Der jetzige Vorstand von links nach rechts: Karl Theodor Elberskirch (1. Vorsitzender), Horst Jung (Beisitzer), Franz Herwig Krick (Beisitzer), Klaus Domath (Beisitzer), G\u00fcnther Hinsberger (Beisitzer), Josef Blass (Beisitzer), Norbert Adt (Beisitzer) Axel Bischof (Werkstatt), Egon Hartz (Beisitzer), Wilhelm Kaiser (Beisitzer)<\/figcaption><\/figure>\n<\/div>\n\n\n<p><span style=\"color: #990000;\">Nicht auf dem Bild:<\/span>&lt;<br>Thomas Schr\u00f6der (2. Vorsitzender), Sarah K\u00f6stner (Gesch\u00e4ftsf\u00fchrerin), J\u00fcrgen Blum (Kassierer), Christine Guth (Beisitzerin)<br><a href=\"http:\/\/eschringen.de\/wordpress\/die-menschen\/vereine\/\">zur\u00fcck zur \u00dcbersicht<\/a><\/p>\n","protected":false},"excerpt":{"rendered":"<p>Gr\u00fcndungsjahr: 1976, Mitglieder: 15 aktive und 215 passiveMitgliedsbeitrag: Single&nbsp;48,- \u20ac, Familie 55,- \u20ac, Nichtverdiener 24,- \u20ac im JahrMitgliedschaft in: NABU (Naturschutzbund Deutschland&nbsp;e.V.)Vorsitzender: Karl Theodor Elberskirch, Am H\u00f6llweg 1, 66130 Saarbr\u00fccken, Tel. 06893 &#8211; 2360Kontakt: nabu@eschringen.deInternet: nabu.eschringen.de Mitgliederversammlung einmal j\u00e4hrlich. Neuwahlen alle zwei Jahre. Aktivit\u00e4ten: die Artenvielfalt unserer Tier- und Pflanzenwelt zu erhalten (Ausweisung von Naturschutzgebieten) &#8230; <a title=\"NABU Ortsgruppe Eschringen-Ensheim\" class=\"read-more\" href=\"https:\/\/eschringen.de\/wordpress\/die-menschen\/vereine\/nabu-ortsgruppe-eschringen-ensheim\/\" aria-label=\"Mehr Informationen \u00fcber NABU Ortsgruppe Eschringen-Ensheim\">Weiterlesen &#8230;<\/a><\/p>\n","protected":false},"author":1,"featured_media":0,"parent":228,"menu_order":12,"comment_status":"closed","ping_status":"closed","template":"","meta":{"ngg_post_thumbnail":0,"footnotes":""},"class_list":["post-337","page","type-page","status-publish"],"yoast_head":"<!-- This site is optimized with the Yoast SEO plugin v27.4 - https:\/\/yoast.com\/product\/yoast-seo-wordpress\/ -->\n<title>NABU Ortsgruppe Eschringen-Ensheim - Eschringen<\/title>\n<meta name=\"robots\" content=\"index, follow, max-snippet:-1, max-image-preview:large, max-video-preview:-1\" \/>\n<link rel=\"canonical\" href=\"https:\/\/eschringen.de\/wordpress\/die-menschen\/vereine\/nabu-ortsgruppe-eschringen-ensheim\/\" \/>\n<meta property=\"og:locale\" content=\"de_DE\" \/>\n<meta property=\"og:type\" content=\"article\" \/>\n<meta property=\"og:title\" content=\"NABU Ortsgruppe Eschringen-Ensheim - Eschringen\" \/>\n<meta property=\"og:description\" content=\"Gr\u00fcndungsjahr: 1976, Mitglieder: 15 aktive und 215 passiveMitgliedsbeitrag: Single&nbsp;48,- \u20ac, Familie 55,- \u20ac, Nichtverdiener 24,- \u20ac im JahrMitgliedschaft in: NABU (Naturschutzbund Deutschland&nbsp;e.V.)Vorsitzender: Karl Theodor Elberskirch, Am H\u00f6llweg 1, 66130 Saarbr\u00fccken, Tel. 06893 &#8211; 2360Kontakt: nabu@eschringen.deInternet: nabu.eschringen.de Mitgliederversammlung einmal j\u00e4hrlich. Neuwahlen alle zwei Jahre. Aktivit\u00e4ten: die Artenvielfalt unserer Tier- und Pflanzenwelt zu erhalten (Ausweisung von Naturschutzgebieten) ... Weiterlesen ...\" \/>\n<meta property=\"og:url\" content=\"https:\/\/eschringen.de\/wordpress\/die-menschen\/vereine\/nabu-ortsgruppe-eschringen-ensheim\/\" \/>\n<meta property=\"og:site_name\" content=\"Eschringen\" \/>\n<meta property=\"article:modified_time\" content=\"2022-08-20T09:14:46+00:00\" \/>\n<meta property=\"og:image\" content=\"http:\/\/eschringen.de\/wordpress\/wp-content\/uploads\/2017\/02\/nabu-300x191.jpg\" \/>\n<meta name=\"twitter:card\" content=\"summary_large_image\" \/>\n<meta name=\"twitter:label1\" content=\"Gesch\u00e4tzte Lesezeit\" \/>\n\t<meta name=\"twitter:data1\" content=\"2\u00a0Minuten\" \/>\n<script type=\"application\/ld+json\" class=\"yoast-schema-graph\">{\"@context\":\"https:\\\/\\\/schema.org\",\"@graph\":[{\"@type\":\"WebPage\",\"@id\":\"https:\\\/\\\/eschringen.de\\\/wordpress\\\/die-menschen\\\/vereine\\\/nabu-ortsgruppe-eschringen-ensheim\\\/\",\"url\":\"https:\\\/\\\/eschringen.de\\\/wordpress\\\/die-menschen\\\/vereine\\\/nabu-ortsgruppe-eschringen-ensheim\\\/\",\"name\":\"NABU Ortsgruppe Eschringen-Ensheim - Eschringen\",\"isPartOf\":{\"@id\":\"https:\\\/\\\/eschringen.de\\\/wordpress\\\/#website\"},\"primaryImageOfPage\":{\"@id\":\"https:\\\/\\\/eschringen.de\\\/wordpress\\\/die-menschen\\\/vereine\\\/nabu-ortsgruppe-eschringen-ensheim\\\/#primaryimage\"},\"image\":{\"@id\":\"https:\\\/\\\/eschringen.de\\\/wordpress\\\/die-menschen\\\/vereine\\\/nabu-ortsgruppe-eschringen-ensheim\\\/#primaryimage\"},\"thumbnailUrl\":\"http:\\\/\\\/eschringen.de\\\/wordpress\\\/wp-content\\\/uploads\\\/2017\\\/02\\\/nabu-300x191.jpg\",\"datePublished\":\"2017-02-10T13:03:17+00:00\",\"dateModified\":\"2022-08-20T09:14:46+00:00\",\"breadcrumb\":{\"@id\":\"https:\\\/\\\/eschringen.de\\\/wordpress\\\/die-menschen\\\/vereine\\\/nabu-ortsgruppe-eschringen-ensheim\\\/#breadcrumb\"},\"inLanguage\":\"de\",\"potentialAction\":[{\"@type\":\"ReadAction\",\"target\":[\"https:\\\/\\\/eschringen.de\\\/wordpress\\\/die-menschen\\\/vereine\\\/nabu-ortsgruppe-eschringen-ensheim\\\/\"]}]},{\"@type\":\"ImageObject\",\"inLanguage\":\"de\",\"@id\":\"https:\\\/\\\/eschringen.de\\\/wordpress\\\/die-menschen\\\/vereine\\\/nabu-ortsgruppe-eschringen-ensheim\\\/#primaryimage\",\"url\":\"http:\\\/\\\/eschringen.de\\\/wordpress\\\/wp-content\\\/uploads\\\/2017\\\/02\\\/nabu-300x191.jpg\",\"contentUrl\":\"http:\\\/\\\/eschringen.de\\\/wordpress\\\/wp-content\\\/uploads\\\/2017\\\/02\\\/nabu-300x191.jpg\"},{\"@type\":\"BreadcrumbList\",\"@id\":\"https:\\\/\\\/eschringen.de\\\/wordpress\\\/die-menschen\\\/vereine\\\/nabu-ortsgruppe-eschringen-ensheim\\\/#breadcrumb\",\"itemListElement\":[{\"@type\":\"ListItem\",\"position\":1,\"name\":\"Startseite\",\"item\":\"https:\\\/\\\/eschringen.de\\\/wordpress\\\/\"},{\"@type\":\"ListItem\",\"position\":2,\"name\":\"Die Menschen\",\"item\":\"https:\\\/\\\/eschringen.de\\\/wordpress\\\/die-menschen\\\/\"},{\"@type\":\"ListItem\",\"position\":3,\"name\":\"Vereine\",\"item\":\"https:\\\/\\\/eschringen.de\\\/wordpress\\\/die-menschen\\\/vereine\\\/\"},{\"@type\":\"ListItem\",\"position\":4,\"name\":\"NABU Ortsgruppe Eschringen-Ensheim\"}]},{\"@type\":\"WebSite\",\"@id\":\"https:\\\/\\\/eschringen.de\\\/wordpress\\\/#website\",\"url\":\"https:\\\/\\\/eschringen.de\\\/wordpress\\\/\",\"name\":\"Eschringen\",\"description\":\"\",\"publisher\":{\"@id\":\"https:\\\/\\\/eschringen.de\\\/wordpress\\\/#organization\"},\"potentialAction\":[{\"@type\":\"SearchAction\",\"target\":{\"@type\":\"EntryPoint\",\"urlTemplate\":\"https:\\\/\\\/eschringen.de\\\/wordpress\\\/?s={search_term_string}\"},\"query-input\":{\"@type\":\"PropertyValueSpecification\",\"valueRequired\":true,\"valueName\":\"search_term_string\"}}],\"inLanguage\":\"de\"},{\"@type\":\"Organization\",\"@id\":\"https:\\\/\\\/eschringen.de\\\/wordpress\\\/#organization\",\"name\":\"Eschringen\",\"url\":\"https:\\\/\\\/eschringen.de\\\/wordpress\\\/\",\"logo\":{\"@type\":\"ImageObject\",\"inLanguage\":\"de\",\"@id\":\"https:\\\/\\\/eschringen.de\\\/wordpress\\\/#\\\/schema\\\/logo\\\/image\\\/\",\"url\":\"https:\\\/\\\/eschringen.de\\\/wordpress\\\/wp-content\\\/uploads\\\/2017\\\/03\\\/2017_kw15.jpg\",\"contentUrl\":\"https:\\\/\\\/eschringen.de\\\/wordpress\\\/wp-content\\\/uploads\\\/2017\\\/03\\\/2017_kw15.jpg\",\"width\":784,\"height\":447,\"caption\":\"Eschringen\"},\"image\":{\"@id\":\"https:\\\/\\\/eschringen.de\\\/wordpress\\\/#\\\/schema\\\/logo\\\/image\\\/\"}}]}<\/script>\n<!-- \/ Yoast SEO plugin. -->","yoast_head_json":{"title":"NABU Ortsgruppe Eschringen-Ensheim - Eschringen","robots":{"index":"index","follow":"follow","max-snippet":"max-snippet:-1","max-image-preview":"max-image-preview:large","max-video-preview":"max-video-preview:-1"},"canonical":"https:\/\/eschringen.de\/wordpress\/die-menschen\/vereine\/nabu-ortsgruppe-eschringen-ensheim\/","og_locale":"de_DE","og_type":"article","og_title":"NABU Ortsgruppe Eschringen-Ensheim - Eschringen","og_description":"Gr\u00fcndungsjahr: 1976, Mitglieder: 15 aktive und 215 passiveMitgliedsbeitrag: Single&nbsp;48,- \u20ac, Familie 55,- \u20ac, Nichtverdiener 24,- \u20ac im JahrMitgliedschaft in: NABU (Naturschutzbund Deutschland&nbsp;e.V.)Vorsitzender: Karl Theodor Elberskirch, Am H\u00f6llweg 1, 66130 Saarbr\u00fccken, Tel. 06893 &#8211; 2360Kontakt: nabu@eschringen.deInternet: nabu.eschringen.de Mitgliederversammlung einmal j\u00e4hrlich. Neuwahlen alle zwei Jahre. Aktivit\u00e4ten: die Artenvielfalt unserer Tier- und Pflanzenwelt zu erhalten (Ausweisung von Naturschutzgebieten) ... Weiterlesen ...","og_url":"https:\/\/eschringen.de\/wordpress\/die-menschen\/vereine\/nabu-ortsgruppe-eschringen-ensheim\/","og_site_name":"Eschringen","article_modified_time":"2022-08-20T09:14:46+00:00","og_image":[{"url":"http:\/\/eschringen.de\/wordpress\/wp-content\/uploads\/2017\/02\/nabu-300x191.jpg","type":"","width":"","height":""}],"twitter_card":"summary_large_image","twitter_misc":{"Gesch\u00e4tzte Lesezeit":"2\u00a0Minuten"},"schema":{"@context":"https:\/\/schema.org","@graph":[{"@type":"WebPage","@id":"https:\/\/eschringen.de\/wordpress\/die-menschen\/vereine\/nabu-ortsgruppe-eschringen-ensheim\/","url":"https:\/\/eschringen.de\/wordpress\/die-menschen\/vereine\/nabu-ortsgruppe-eschringen-ensheim\/","name":"NABU Ortsgruppe Eschringen-Ensheim - Eschringen","isPartOf":{"@id":"https:\/\/eschringen.de\/wordpress\/#website"},"primaryImageOfPage":{"@id":"https:\/\/eschringen.de\/wordpress\/die-menschen\/vereine\/nabu-ortsgruppe-eschringen-ensheim\/#primaryimage"},"image":{"@id":"https:\/\/eschringen.de\/wordpress\/die-menschen\/vereine\/nabu-ortsgruppe-eschringen-ensheim\/#primaryimage"},"thumbnailUrl":"http:\/\/eschringen.de\/wordpress\/wp-content\/uploads\/2017\/02\/nabu-300x191.jpg","datePublished":"2017-02-10T13:03:17+00:00","dateModified":"2022-08-20T09:14:46+00:00","breadcrumb":{"@id":"https:\/\/eschringen.de\/wordpress\/die-menschen\/vereine\/nabu-ortsgruppe-eschringen-ensheim\/#breadcrumb"},"inLanguage":"de","potentialAction":[{"@type":"ReadAction","target":["https:\/\/eschringen.de\/wordpress\/die-menschen\/vereine\/nabu-ortsgruppe-eschringen-ensheim\/"]}]},{"@type":"ImageObject","inLanguage":"de","@id":"https:\/\/eschringen.de\/wordpress\/die-menschen\/vereine\/nabu-ortsgruppe-eschringen-ensheim\/#primaryimage","url":"http:\/\/eschringen.de\/wordpress\/wp-content\/uploads\/2017\/02\/nabu-300x191.jpg","contentUrl":"http:\/\/eschringen.de\/wordpress\/wp-content\/uploads\/2017\/02\/nabu-300x191.jpg"},{"@type":"BreadcrumbList","@id":"https:\/\/eschringen.de\/wordpress\/die-menschen\/vereine\/nabu-ortsgruppe-eschringen-ensheim\/#breadcrumb","itemListElement":[{"@type":"ListItem","position":1,"name":"Startseite","item":"https:\/\/eschringen.de\/wordpress\/"},{"@type":"ListItem","position":2,"name":"Die Menschen","item":"https:\/\/eschringen.de\/wordpress\/die-menschen\/"},{"@type":"ListItem","position":3,"name":"Vereine","item":"https:\/\/eschringen.de\/wordpress\/die-menschen\/vereine\/"},{"@type":"ListItem","position":4,"name":"NABU Ortsgruppe Eschringen-Ensheim"}]},{"@type":"WebSite","@id":"https:\/\/eschringen.de\/wordpress\/#website","url":"https:\/\/eschringen.de\/wordpress\/","name":"Eschringen","description":"","publisher":{"@id":"https:\/\/eschringen.de\/wordpress\/#organization"},"potentialAction":[{"@type":"SearchAction","target":{"@type":"EntryPoint","urlTemplate":"https:\/\/eschringen.de\/wordpress\/?s={search_term_string}"},"query-input":{"@type":"PropertyValueSpecification","valueRequired":true,"valueName":"search_term_string"}}],"inLanguage":"de"},{"@type":"Organization","@id":"https:\/\/eschringen.de\/wordpress\/#organization","name":"Eschringen","url":"https:\/\/eschringen.de\/wordpress\/","logo":{"@type":"ImageObject","inLanguage":"de","@id":"https:\/\/eschringen.de\/wordpress\/#\/schema\/logo\/image\/","url":"https:\/\/eschringen.de\/wordpress\/wp-content\/uploads\/2017\/03\/2017_kw15.jpg","contentUrl":"https:\/\/eschringen.de\/wordpress\/wp-content\/uploads\/2017\/03\/2017_kw15.jpg","width":784,"height":447,"caption":"Eschringen"},"image":{"@id":"https:\/\/eschringen.de\/wordpress\/#\/schema\/logo\/image\/"}}]}},"jetpack_sharing_enabled":true,"_links":{"self":[{"href":"https:\/\/eschringen.de\/wordpress\/wp-json\/wp\/v2\/pages\/337","targetHints":{"allow":["GET"]}}],"collection":[{"href":"https:\/\/eschringen.de\/wordpress\/wp-json\/wp\/v2\/pages"}],"about":[{"href":"https:\/\/eschringen.de\/wordpress\/wp-json\/wp\/v2\/types\/page"}],"author":[{"embeddable":true,"href":"https:\/\/eschringen.de\/wordpress\/wp-json\/wp\/v2\/users\/1"}],"replies":[{"embeddable":true,"href":"https:\/\/eschringen.de\/wordpress\/wp-json\/wp\/v2\/comments?post=337"}],"version-history":[{"count":4,"href":"https:\/\/eschringen.de\/wordpress\/wp-json\/wp\/v2\/pages\/337\/revisions"}],"predecessor-version":[{"id":3748,"href":"https:\/\/eschringen.de\/wordpress\/wp-json\/wp\/v2\/pages\/337\/revisions\/3748"}],"up":[{"embeddable":true,"href":"https:\/\/eschringen.de\/wordpress\/wp-json\/wp\/v2\/pages\/228"}],"wp:attachment":[{"href":"https:\/\/eschringen.de\/wordpress\/wp-json\/wp\/v2\/media?parent=337"}],"curies":[{"name":"wp","href":"https:\/\/api.w.org\/{rel}","templated":true}]}}