{"id":3299,"date":"2021-12-12T12:31:27","date_gmt":"2021-12-12T11:31:27","guid":{"rendered":"https:\/\/eschringen.de\/wordpress\/?page_id=3299"},"modified":"2021-12-12T12:35:43","modified_gmt":"2021-12-12T11:35:43","slug":"eschringer-home-pages-ausgabe-200","status":"publish","type":"page","link":"https:\/\/eschringen.de\/wordpress\/geschichte\/archiv\/eschringer-home-pages-ausgabe-200\/","title":{"rendered":"Eschringer Home-Pages \u2013 Ausgabe 200"},"content":{"rendered":"\n<p><strong>Wie alles begann&#8230;<\/strong><\/p>\n\n\n\n<p>Es war im Jahr 2003, ich sch\u00e4tze im sp\u00e4ten Fr\u00fchjahr, als Roland Schmitt, Jean-Louis G\u00fcth und ich, Stefan Vogelgesang, zusammen sa\u00dfen bei einem Gl\u00e4schen Kr\u00e4uterlik\u00f6r (vielleicht waren es auch zwei) und einmal wieder s&#8216; Bl\u00e4dche unter die Lupe nahmen. Es war zwar gut, dass es f\u00fcr die Orte Ensheim, Eschringen und Fechingen ein w\u00f6chentliches Dorfblatt gab, aber uns fehlte etwas. Einfach gesagt, es war zu wenig von Eschringen vertreten.<\/p>\n\n\n\n<p>Vielleicht war es mittlerweile der dritte Lik\u00f6r, als wir auf die Idee kamen, \u201edas k\u00f6nnen wir besser\u201c.<\/p>\n\n\n\n<p>Mit Roland Schmitt hatten wir jemanden, der Berichte schreiben konnte, Jean-Louis G\u00fcth war damals noch beim Wochenspiegel besch\u00e4ftigt und war der Fachmann f\u00fcr den Satz und ich k\u00fcmmerte mich um Anzeigen und die Aufbereitung der Vereinsartikel. Fehlte also nur noch die M\u00f6glichkeit zu drucken. Ein Druck in einer der Ensheimer Druckereien h\u00e4tte allerdings den finanziellen Rahmen gesprengt.<\/p>\n\n\n\n<p>Durch Zufall wurde Jean-Louis G\u00fcth ein alter Schuldrucker angeboten, der uns geschenkt wurde. Es war ein Gestetner Offset Drucker von 1976, dieser stand allerdings in Bitche in Frankreich im Lyc\u00e9e \u201eAlbert Schweitzer\u201c, also fuhren Jean-Louis und ich nach Bitche, um ihn abzuholen. Hier angekommen mussten wir mit mehreren M\u00e4nnern das nicht gerade leichte Teil (ca. 200 kg) in den Keller tragen, in unseren zuk\u00fcnftigen Druckraum (neben W\u00e4sche und B\u00fcgelbrett). Einige Teile mussten noch erneuert werden, welche Jean-Louis besorgte und einbaute.<\/p>\n\n\n\n<p>Wer sich jetzt vorstellt, dass dort einfach ein USB-Kabel einzustecken war oder wie heute der WLAN-Schl\u00fcssel gen\u00fcgt, der liegt v\u00f6llig falsch, denn bis zum Endprodukt war viel Zeit und Arbeit erforderlich.<\/p>\n\n\n\n<p><strong>Wie entstand nun eine Ausgabe?<\/strong><\/p>\n\n\n\n<p>Nachdem wir bis zum 15. eines Monats Berichte und Bilder gesammelt hatten trafen wir uns vorm PC. Grafiken, Anzeigen und Texte wurden dort in das Format gebracht, welches der Leser sp\u00e4ter sehen sollte. Bevor es zum Druck ging hatten wir mit 2 Personen Korrektur gelesen und meist zwei Tage nach dem \u201eBauen\u201c der Ausgabe die endg\u00fcltige Version erstellt. Diese Dateien gingen erst zur Druckerei Wollenschneider, die uns Filme erstellte. Sp\u00e4ter mussten wir sogar nach Saarbr\u00fccken, um diese Filme zu bekommen. Wir kauften photoempfindliche Druckplatten, die sp\u00e4ter zum Druck ben\u00f6tigt wurden. Mit einem selbst gebastelten Belichter mit einstellbarer Zeit wurden nacheinander alle Druckplatten belichtet. Danach ging es ins Entwicklungsbad, in dem die nicht ben\u00f6tigten Bereiche der Druckplatte ausgesp\u00fclt wurden, um am Ende ein Quasi-Abbild des sp\u00e4ter gedruckten Blattes zu haben, auf dem sich die Tinte fixieren konnte.<\/p>\n\n\n\n<p>Jetzt ging die Arbeit am Drucker los. Die Druckplatten mussten f\u00fcr jede DIN A4-Seite im Drucker befestigt und eingespannt werden. Eine z\u00e4he schwarze Fl\u00fcssigkeit, die Druckerschw\u00e4rze, und Wasser wurden eingef\u00fcllt. Nachdem wir einige \u201eVordrucke\u201c gemacht hatten und die Ausrichtung der Seite korrekt war begann der eigentliche Druck.<\/p>\n\n\n\n<p>Bei einer normalen Ausgabe liefen so viermal ca 700 Bl\u00e4tter durch, bei der gr\u00f6\u00dferen Ausgabe sechsmal. Was der Drucker nat\u00fcrlich nie machte war ein kompletter Durchlauf. Immer wieder kam es vor, dass das Verh\u00e4ltnis zwischen Wasser und Druckerschw\u00e4rze nicht stimmte (zu schwarz oder zu hell), dass Bl\u00e4tter sich um die Walzen wickelten und diese verunreinigten. Also mussten wir alte Lappen nehmen und mit Waschbenzin immer wieder reinigen. Und am Ende nat\u00fcrlich den kompletten Drucker reinigen. Alle Walzen, Reste der Druckerschw\u00e4rze raus, Ger\u00e4t teilweise zerlegen und dann wieder zusammen bauen.<\/p>\n\n\n\n<p>Nicht selten kam es vor, dass 4 Stunden dabei vergingen oder wir abbrechen mussten, weil der Drucker streikte und am n\u00e4chsten Abend ging alles wieder von vorne los.<\/p>\n\n\n\n<p>Nach ein paar Jahren streikte der Drucker endg\u00fcltig und wir mussten ein schnelle L\u00f6sung finden. Innerhalb weniger Tage besorgte ich mir f\u00fcr meine Firma einen professionellen Laserdrucker, auf dem wir fortan druckten, und dem wir jetzt auch die fertigen PDF-Dateien geben konnten. Der zeitliche Aufwand wurde dadurch geringer und die Nerven geschont, der Kassierer der Arbeitsgemeinschaft hatte ab diesem Zeitpunkt allerdings h\u00f6here Druckkosten, was wir mit mehr Anzeigen abfangen mussten.<\/p>\n\n\n\n<p>Die fertigen Stapel jeder Ausgabe wurden von uns nach dem Druck mit mehreren Personen gefaltet und die n\u00e4chsten Tage im Ort verteilt. Nachdem am Anfang das Austragen in der Familie blieb mit Yasmina Schmitt, Natascha Eifler und Sarah Vogelgesang wurden die Home-Pages ein paar Jahre von Robin und Nils P\u00f6nicke verteilt, sp\u00e4ter Yannis und Niklas Meyer, danach Julia Blechschmidt und heute die Familie Garcea.<\/p>\n\n\n\n<p>Die ersten Home-Pages waren noch 2-spaltig, im Oktober 2006 gingen wir mit der Ausgabe 33 zum 3-spaltigen Satz \u00fcber. Auch das Logo vom Anfang wurde zwischenzeitlich etwas modifiziert, sowie kleinere optische \u00c4nderungen am Layout und Veranstaltungskalender durchgef\u00fchrt. Wer sich das anschauen m\u00f6chte findet \u00fcbrigens alle Ausgaben seit 2003 als PDF auf unserer Internetseite <a href=\"http:\/\/www.eschringen.de\/\">www.eschringen.de<\/a> unter dem Navigationspunkt Home-Pages. Ein Klick lohnt sich, auch ich war beim Erstellen der Statistik oftmals \u00fcberrascht, was es so alles gab und was schon wieder vergessen ist.<\/p>\n\n\n\n<p><strong>Der Teil f\u00fcr die Statistiker:<\/strong><\/p>\n\n\n\n<p>von 200 Ausgaben waren 102 mit 8 Seiten, 26 mit 10 Seiten, 67 mit 12 Seiten, 2 mit 14 Seiten und 2 mit 16 Seiten. Ohne den Papierverschlei\u00df am Anfang kommt man somit auf 1.261.000 bedruckte A5-Seiten.<\/p>\n\n\n\n<p>Insgesamt hatten wir 1451 Anzeigen gedruckt, 1075 Bilder eingebaut, 2234 Artikel ver\u00f6ffentlicht und 1388 Termine bekannt gemacht.<\/p>\n\n\n\n<p>Neben dem Spa\u00df, den wir bei all der Arbeit hatten, gab es aber auch Dinge zum Schmunzeln. Da wir auch nicht immer fehlerfrei waren druckten wir einen allgemeinen Bericht zweimal. Einmal regul\u00e4r und dann zwei Ausgaben sp\u00e4ter nochmals. Auch hatten wir einmal bei der Nummerierung gepennt. Eine Nummer gab es somit zweimal und die n\u00e4chste Nummer gab es gar nicht, der Inhalt der doppelten Ausgabe war nat\u00fcrlich verschieden, so dass es die Anzahl nicht ver\u00e4nderte. Wer kann uns diese fehlende Nummer nennen?<\/p>\n\n\n\n<p>Bei der Korrektur einer Ausgabe startete Jean-Louis Rechner nicht mehr, die Festplatte war defekt. Alle Daten der bisherigen Ausgaben schienen weg. Format, Schriften, Anzeigen usw. Gott sei Dank hatte ich mir ein kleines Archiv angelegt und somit konnten wir aus den PDFs wieder das Design der Home-Pages und die Anzeigen, Vorlagen usw. rekonstruieren. Nach 2 Tagen Reparieren und Einrichten des Rechners und Wiederherstellung der ben\u00f6tigten Daten konnten wir die neue Ausgabe dann endlich erstellen.<\/p>\n\n\n\n<p>Nach dem Fertigstellen der Ausgaben g\u00f6nnten wir uns meist noch einen Umtrunk bei Jean-Louis, er hat uns bisher noch keine Rechnung gemacht, aber es w\u00e4re bestimmt nicht wenig.<\/p>\n\n\n\n<p>Zum Schluss von 200 Ausgaben Eschringer Home-Pages schlie\u00dft sich der Kreis nat\u00fcrlich wieder mit Roland. Er h\u00e4tte diesen Artikel normalerweise verfasst und er hat auch ma\u00dfgeblich dazu beigetragen, dass wir immer unsere Ausgaben gef\u00fcllt hatten. Wir konnten ja keine 7 oder 9 Seiten machen, sondern es waren 8,10 oder 12 bzw 16 Seiten. Da konnte er immer etwas aus dem \u00c4rmel sch\u00fctteln, was wir noch aufnehmen konnten. Auch wenn in den Jahren mal etwas die Luft raus war motivierte er uns weiter zu machen.<\/p>\n\n\n\n<p>Seine Arbeit und unser gemeinsames Werk wollen wir nat\u00fcrlich weiter f\u00fchren und suchen deshalb Personen, die uns Artikel verfassen, die neue Ideen mitbringen, die neuen Schwung in die \u00fcber 18 Jahre lange Geschichte bringen. Egal ob regelm\u00e4\u00dfig oder gelegentlich einmal einen Artikel, wir z\u00e4hlen auf euch. Schickt uns Beitr\u00e4ge unter <a href=\"mailto:homepages@eschringen.de\">homepages@eschringen.de<\/a> oder kontaktiert uns und erz\u00e4hlt uns eure Ideen. Vielleicht seid ihr dann Bestandteil in 9 Jahren, wenn wir \u00fcber die 300. Ausgabe berichten.<\/p>\n\n\n\n<p>(sv)<\/p>\n\n\n\n<div class=\"wp-block-image\"><figure class=\"aligncenter size-full is-resized\"><img data-recalc-dims=\"1\" loading=\"lazy\" decoding=\"async\" src=\"https:\/\/i0.wp.com\/eschringen.de\/wordpress\/wp-content\/uploads\/2021\/12\/HP200-scaled.jpg?resize=628%2C2560&#038;ssl=1\" alt=\"\" class=\"wp-image-3300\" width=\"628\" height=\"2560\" srcset=\"https:\/\/i0.wp.com\/eschringen.de\/wordpress\/wp-content\/uploads\/2021\/12\/HP200-scaled.jpg?w=628&amp;ssl=1 628w, https:\/\/i0.wp.com\/eschringen.de\/wordpress\/wp-content\/uploads\/2021\/12\/HP200-scaled.jpg?resize=251%2C1024&amp;ssl=1 251w, https:\/\/i0.wp.com\/eschringen.de\/wordpress\/wp-content\/uploads\/2021\/12\/HP200-scaled.jpg?resize=768%2C3132&amp;ssl=1 768w, https:\/\/i0.wp.com\/eschringen.de\/wordpress\/wp-content\/uploads\/2021\/12\/HP200-scaled.jpg?resize=377%2C1536&amp;ssl=1 377w\" sizes=\"auto, (max-width: 628px) 100vw, 628px\" \/><\/figure><\/div>\n","protected":false},"excerpt":{"rendered":"<p>Wie alles begann&#8230; Es war im Jahr 2003, ich sch\u00e4tze im sp\u00e4ten Fr\u00fchjahr, als Roland Schmitt, Jean-Louis G\u00fcth und ich, Stefan Vogelgesang, zusammen sa\u00dfen bei einem Gl\u00e4schen Kr\u00e4uterlik\u00f6r (vielleicht waren es auch zwei) und einmal wieder s&#8216; Bl\u00e4dche unter die Lupe nahmen. Es war zwar gut, dass es f\u00fcr die Orte Ensheim, Eschringen und Fechingen &#8230; <a title=\"Eschringer Home-Pages \u2013 Ausgabe 200\" class=\"read-more\" href=\"https:\/\/eschringen.de\/wordpress\/geschichte\/archiv\/eschringer-home-pages-ausgabe-200\/\" aria-label=\"Mehr Informationen \u00fcber Eschringer Home-Pages \u2013 Ausgabe 200\">Weiterlesen &#8230;<\/a><\/p>\n","protected":false},"author":1,"featured_media":0,"parent":403,"menu_order":0,"comment_status":"closed","ping_status":"closed","template":"","meta":{"ngg_post_thumbnail":0,"footnotes":""},"class_list":["post-3299","page","type-page","status-publish"],"yoast_head":"<!-- This site is optimized with the Yoast SEO plugin v27.3 - https:\/\/yoast.com\/product\/yoast-seo-wordpress\/ -->\n<title>Eschringer Home-Pages \u2013 Ausgabe 200 - Eschringen<\/title>\n<meta name=\"robots\" content=\"index, follow, max-snippet:-1, max-image-preview:large, max-video-preview:-1\" \/>\n<link rel=\"canonical\" href=\"https:\/\/eschringen.de\/wordpress\/geschichte\/archiv\/eschringer-home-pages-ausgabe-200\/\" \/>\n<meta property=\"og:locale\" content=\"de_DE\" \/>\n<meta property=\"og:type\" content=\"article\" \/>\n<meta property=\"og:title\" content=\"Eschringer Home-Pages \u2013 Ausgabe 200 - Eschringen\" \/>\n<meta property=\"og:description\" content=\"Wie alles begann&#8230; Es war im Jahr 2003, ich sch\u00e4tze im sp\u00e4ten Fr\u00fchjahr, als Roland Schmitt, Jean-Louis G\u00fcth und ich, Stefan Vogelgesang, zusammen sa\u00dfen bei einem Gl\u00e4schen Kr\u00e4uterlik\u00f6r (vielleicht waren es auch zwei) und einmal wieder s&#8216; Bl\u00e4dche unter die Lupe nahmen. Es war zwar gut, dass es f\u00fcr die Orte Ensheim, Eschringen und Fechingen ... Weiterlesen ...\" \/>\n<meta property=\"og:url\" content=\"https:\/\/eschringen.de\/wordpress\/geschichte\/archiv\/eschringer-home-pages-ausgabe-200\/\" \/>\n<meta property=\"og:site_name\" content=\"Eschringen\" \/>\n<meta property=\"article:modified_time\" content=\"2021-12-12T11:35:43+00:00\" \/>\n<meta property=\"og:image\" content=\"https:\/\/eschringen.de\/wordpress\/wp-content\/uploads\/2021\/12\/HP200-scaled.jpg\" \/>\n<meta name=\"twitter:card\" content=\"summary_large_image\" \/>\n<meta name=\"twitter:label1\" content=\"Gesch\u00e4tzte Lesezeit\" \/>\n\t<meta name=\"twitter:data1\" content=\"6\u00a0Minuten\" \/>\n<script type=\"application\/ld+json\" class=\"yoast-schema-graph\">{\"@context\":\"https:\\\/\\\/schema.org\",\"@graph\":[{\"@type\":\"WebPage\",\"@id\":\"https:\\\/\\\/eschringen.de\\\/wordpress\\\/geschichte\\\/archiv\\\/eschringer-home-pages-ausgabe-200\\\/\",\"url\":\"https:\\\/\\\/eschringen.de\\\/wordpress\\\/geschichte\\\/archiv\\\/eschringer-home-pages-ausgabe-200\\\/\",\"name\":\"Eschringer Home-Pages \u2013 Ausgabe 200 - Eschringen\",\"isPartOf\":{\"@id\":\"https:\\\/\\\/eschringen.de\\\/wordpress\\\/#website\"},\"primaryImageOfPage\":{\"@id\":\"https:\\\/\\\/eschringen.de\\\/wordpress\\\/geschichte\\\/archiv\\\/eschringer-home-pages-ausgabe-200\\\/#primaryimage\"},\"image\":{\"@id\":\"https:\\\/\\\/eschringen.de\\\/wordpress\\\/geschichte\\\/archiv\\\/eschringer-home-pages-ausgabe-200\\\/#primaryimage\"},\"thumbnailUrl\":\"https:\\\/\\\/eschringen.de\\\/wordpress\\\/wp-content\\\/uploads\\\/2021\\\/12\\\/HP200-scaled.jpg\",\"datePublished\":\"2021-12-12T11:31:27+00:00\",\"dateModified\":\"2021-12-12T11:35:43+00:00\",\"breadcrumb\":{\"@id\":\"https:\\\/\\\/eschringen.de\\\/wordpress\\\/geschichte\\\/archiv\\\/eschringer-home-pages-ausgabe-200\\\/#breadcrumb\"},\"inLanguage\":\"de\",\"potentialAction\":[{\"@type\":\"ReadAction\",\"target\":[\"https:\\\/\\\/eschringen.de\\\/wordpress\\\/geschichte\\\/archiv\\\/eschringer-home-pages-ausgabe-200\\\/\"]}]},{\"@type\":\"ImageObject\",\"inLanguage\":\"de\",\"@id\":\"https:\\\/\\\/eschringen.de\\\/wordpress\\\/geschichte\\\/archiv\\\/eschringer-home-pages-ausgabe-200\\\/#primaryimage\",\"url\":\"https:\\\/\\\/i0.wp.com\\\/eschringen.de\\\/wordpress\\\/wp-content\\\/uploads\\\/2021\\\/12\\\/HP200-scaled.jpg?fit=628%2C2560&ssl=1\",\"contentUrl\":\"https:\\\/\\\/i0.wp.com\\\/eschringen.de\\\/wordpress\\\/wp-content\\\/uploads\\\/2021\\\/12\\\/HP200-scaled.jpg?fit=628%2C2560&ssl=1\",\"width\":628,\"height\":2560},{\"@type\":\"BreadcrumbList\",\"@id\":\"https:\\\/\\\/eschringen.de\\\/wordpress\\\/geschichte\\\/archiv\\\/eschringer-home-pages-ausgabe-200\\\/#breadcrumb\",\"itemListElement\":[{\"@type\":\"ListItem\",\"position\":1,\"name\":\"Startseite\",\"item\":\"https:\\\/\\\/eschringen.de\\\/wordpress\\\/\"},{\"@type\":\"ListItem\",\"position\":2,\"name\":\"Geschichte\",\"item\":\"https:\\\/\\\/eschringen.de\\\/wordpress\\\/geschichte\\\/\"},{\"@type\":\"ListItem\",\"position\":3,\"name\":\"Archiv\",\"item\":\"https:\\\/\\\/eschringen.de\\\/wordpress\\\/geschichte\\\/archiv\\\/\"},{\"@type\":\"ListItem\",\"position\":4,\"name\":\"Eschringer Home-Pages \u2013 Ausgabe 200\"}]},{\"@type\":\"WebSite\",\"@id\":\"https:\\\/\\\/eschringen.de\\\/wordpress\\\/#website\",\"url\":\"https:\\\/\\\/eschringen.de\\\/wordpress\\\/\",\"name\":\"Eschringen\",\"description\":\"\",\"publisher\":{\"@id\":\"https:\\\/\\\/eschringen.de\\\/wordpress\\\/#organization\"},\"potentialAction\":[{\"@type\":\"SearchAction\",\"target\":{\"@type\":\"EntryPoint\",\"urlTemplate\":\"https:\\\/\\\/eschringen.de\\\/wordpress\\\/?s={search_term_string}\"},\"query-input\":{\"@type\":\"PropertyValueSpecification\",\"valueRequired\":true,\"valueName\":\"search_term_string\"}}],\"inLanguage\":\"de\"},{\"@type\":\"Organization\",\"@id\":\"https:\\\/\\\/eschringen.de\\\/wordpress\\\/#organization\",\"name\":\"Eschringen\",\"url\":\"https:\\\/\\\/eschringen.de\\\/wordpress\\\/\",\"logo\":{\"@type\":\"ImageObject\",\"inLanguage\":\"de\",\"@id\":\"https:\\\/\\\/eschringen.de\\\/wordpress\\\/#\\\/schema\\\/logo\\\/image\\\/\",\"url\":\"https:\\\/\\\/eschringen.de\\\/wordpress\\\/wp-content\\\/uploads\\\/2017\\\/03\\\/2017_kw15.jpg\",\"contentUrl\":\"https:\\\/\\\/eschringen.de\\\/wordpress\\\/wp-content\\\/uploads\\\/2017\\\/03\\\/2017_kw15.jpg\",\"width\":784,\"height\":447,\"caption\":\"Eschringen\"},\"image\":{\"@id\":\"https:\\\/\\\/eschringen.de\\\/wordpress\\\/#\\\/schema\\\/logo\\\/image\\\/\"}}]}<\/script>\n<!-- \/ Yoast SEO plugin. -->","yoast_head_json":{"title":"Eschringer Home-Pages \u2013 Ausgabe 200 - Eschringen","robots":{"index":"index","follow":"follow","max-snippet":"max-snippet:-1","max-image-preview":"max-image-preview:large","max-video-preview":"max-video-preview:-1"},"canonical":"https:\/\/eschringen.de\/wordpress\/geschichte\/archiv\/eschringer-home-pages-ausgabe-200\/","og_locale":"de_DE","og_type":"article","og_title":"Eschringer Home-Pages \u2013 Ausgabe 200 - Eschringen","og_description":"Wie alles begann&#8230; Es war im Jahr 2003, ich sch\u00e4tze im sp\u00e4ten Fr\u00fchjahr, als Roland Schmitt, Jean-Louis G\u00fcth und ich, Stefan Vogelgesang, zusammen sa\u00dfen bei einem Gl\u00e4schen Kr\u00e4uterlik\u00f6r (vielleicht waren es auch zwei) und einmal wieder s&#8216; Bl\u00e4dche unter die Lupe nahmen. Es war zwar gut, dass es f\u00fcr die Orte Ensheim, Eschringen und Fechingen ... Weiterlesen ...","og_url":"https:\/\/eschringen.de\/wordpress\/geschichte\/archiv\/eschringer-home-pages-ausgabe-200\/","og_site_name":"Eschringen","article_modified_time":"2021-12-12T11:35:43+00:00","og_image":[{"url":"https:\/\/eschringen.de\/wordpress\/wp-content\/uploads\/2021\/12\/HP200-scaled.jpg","type":"","width":"","height":""}],"twitter_card":"summary_large_image","twitter_misc":{"Gesch\u00e4tzte Lesezeit":"6\u00a0Minuten"},"schema":{"@context":"https:\/\/schema.org","@graph":[{"@type":"WebPage","@id":"https:\/\/eschringen.de\/wordpress\/geschichte\/archiv\/eschringer-home-pages-ausgabe-200\/","url":"https:\/\/eschringen.de\/wordpress\/geschichte\/archiv\/eschringer-home-pages-ausgabe-200\/","name":"Eschringer Home-Pages \u2013 Ausgabe 200 - Eschringen","isPartOf":{"@id":"https:\/\/eschringen.de\/wordpress\/#website"},"primaryImageOfPage":{"@id":"https:\/\/eschringen.de\/wordpress\/geschichte\/archiv\/eschringer-home-pages-ausgabe-200\/#primaryimage"},"image":{"@id":"https:\/\/eschringen.de\/wordpress\/geschichte\/archiv\/eschringer-home-pages-ausgabe-200\/#primaryimage"},"thumbnailUrl":"https:\/\/eschringen.de\/wordpress\/wp-content\/uploads\/2021\/12\/HP200-scaled.jpg","datePublished":"2021-12-12T11:31:27+00:00","dateModified":"2021-12-12T11:35:43+00:00","breadcrumb":{"@id":"https:\/\/eschringen.de\/wordpress\/geschichte\/archiv\/eschringer-home-pages-ausgabe-200\/#breadcrumb"},"inLanguage":"de","potentialAction":[{"@type":"ReadAction","target":["https:\/\/eschringen.de\/wordpress\/geschichte\/archiv\/eschringer-home-pages-ausgabe-200\/"]}]},{"@type":"ImageObject","inLanguage":"de","@id":"https:\/\/eschringen.de\/wordpress\/geschichte\/archiv\/eschringer-home-pages-ausgabe-200\/#primaryimage","url":"https:\/\/i0.wp.com\/eschringen.de\/wordpress\/wp-content\/uploads\/2021\/12\/HP200-scaled.jpg?fit=628%2C2560&ssl=1","contentUrl":"https:\/\/i0.wp.com\/eschringen.de\/wordpress\/wp-content\/uploads\/2021\/12\/HP200-scaled.jpg?fit=628%2C2560&ssl=1","width":628,"height":2560},{"@type":"BreadcrumbList","@id":"https:\/\/eschringen.de\/wordpress\/geschichte\/archiv\/eschringer-home-pages-ausgabe-200\/#breadcrumb","itemListElement":[{"@type":"ListItem","position":1,"name":"Startseite","item":"https:\/\/eschringen.de\/wordpress\/"},{"@type":"ListItem","position":2,"name":"Geschichte","item":"https:\/\/eschringen.de\/wordpress\/geschichte\/"},{"@type":"ListItem","position":3,"name":"Archiv","item":"https:\/\/eschringen.de\/wordpress\/geschichte\/archiv\/"},{"@type":"ListItem","position":4,"name":"Eschringer Home-Pages \u2013 Ausgabe 200"}]},{"@type":"WebSite","@id":"https:\/\/eschringen.de\/wordpress\/#website","url":"https:\/\/eschringen.de\/wordpress\/","name":"Eschringen","description":"","publisher":{"@id":"https:\/\/eschringen.de\/wordpress\/#organization"},"potentialAction":[{"@type":"SearchAction","target":{"@type":"EntryPoint","urlTemplate":"https:\/\/eschringen.de\/wordpress\/?s={search_term_string}"},"query-input":{"@type":"PropertyValueSpecification","valueRequired":true,"valueName":"search_term_string"}}],"inLanguage":"de"},{"@type":"Organization","@id":"https:\/\/eschringen.de\/wordpress\/#organization","name":"Eschringen","url":"https:\/\/eschringen.de\/wordpress\/","logo":{"@type":"ImageObject","inLanguage":"de","@id":"https:\/\/eschringen.de\/wordpress\/#\/schema\/logo\/image\/","url":"https:\/\/eschringen.de\/wordpress\/wp-content\/uploads\/2017\/03\/2017_kw15.jpg","contentUrl":"https:\/\/eschringen.de\/wordpress\/wp-content\/uploads\/2017\/03\/2017_kw15.jpg","width":784,"height":447,"caption":"Eschringen"},"image":{"@id":"https:\/\/eschringen.de\/wordpress\/#\/schema\/logo\/image\/"}}]}},"jetpack_sharing_enabled":true,"_links":{"self":[{"href":"https:\/\/eschringen.de\/wordpress\/wp-json\/wp\/v2\/pages\/3299","targetHints":{"allow":["GET"]}}],"collection":[{"href":"https:\/\/eschringen.de\/wordpress\/wp-json\/wp\/v2\/pages"}],"about":[{"href":"https:\/\/eschringen.de\/wordpress\/wp-json\/wp\/v2\/types\/page"}],"author":[{"embeddable":true,"href":"https:\/\/eschringen.de\/wordpress\/wp-json\/wp\/v2\/users\/1"}],"replies":[{"embeddable":true,"href":"https:\/\/eschringen.de\/wordpress\/wp-json\/wp\/v2\/comments?post=3299"}],"version-history":[{"count":2,"href":"https:\/\/eschringen.de\/wordpress\/wp-json\/wp\/v2\/pages\/3299\/revisions"}],"predecessor-version":[{"id":3304,"href":"https:\/\/eschringen.de\/wordpress\/wp-json\/wp\/v2\/pages\/3299\/revisions\/3304"}],"up":[{"embeddable":true,"href":"https:\/\/eschringen.de\/wordpress\/wp-json\/wp\/v2\/pages\/403"}],"wp:attachment":[{"href":"https:\/\/eschringen.de\/wordpress\/wp-json\/wp\/v2\/media?parent=3299"}],"curies":[{"name":"wp","href":"https:\/\/api.w.org\/{rel}","templated":true}]}}