{"id":325,"date":"2017-02-08T14:08:11","date_gmt":"2017-02-08T13:08:11","guid":{"rendered":"http:\/\/eschringen.de\/wordpress\/?page_id=325"},"modified":"2022-08-20T11:16:04","modified_gmt":"2022-08-20T09:16:04","slug":"sozialverband-v-d-k-eschringen","status":"publish","type":"page","link":"https:\/\/eschringen.de\/wordpress\/die-menschen\/vereine\/sozialverband-v-d-k-eschringen\/","title":{"rendered":"Sozialverband V.d.K. Eschringen"},"content":{"rendered":"\n<p><strong>Wir \u00fcber uns:<\/strong><\/p>\n\n\n<div class=\"wp-block-image\">\n<figure class=\"alignright\"><img data-recalc-dims=\"1\" loading=\"lazy\" decoding=\"async\" width=\"300\" height=\"114\" src=\"https:\/\/i0.wp.com\/eschringen.de\/wordpress\/wp-content\/uploads\/2017\/02\/VDK-300x114.jpg?resize=300%2C114\" alt=\"\" class=\"wp-image-1163\" srcset=\"https:\/\/i0.wp.com\/eschringen.de\/wordpress\/wp-content\/uploads\/2017\/02\/VDK.jpg?resize=300%2C114&amp;ssl=1 300w, https:\/\/i0.wp.com\/eschringen.de\/wordpress\/wp-content\/uploads\/2017\/02\/VDK.jpg?resize=392%2C150&amp;ssl=1 392w, https:\/\/i0.wp.com\/eschringen.de\/wordpress\/wp-content\/uploads\/2017\/02\/VDK.jpg?resize=390%2C150&amp;ssl=1 390w, https:\/\/i0.wp.com\/eschringen.de\/wordpress\/wp-content\/uploads\/2017\/02\/VDK.jpg?w=396&amp;ssl=1 396w\" sizes=\"auto, (max-width: 300px) 100vw, 300px\" \/><\/figure>\n<\/div>\n\n\n<p><strong><\/strong><span style=\"color: #993300;\"><strong>Gr\u00fcndungsjahr:<\/strong><\/span> 1948<br><strong><span style=\"color: #993300;\">Mitglieder:<\/span><\/strong> 104<br><span style=\"color: #993300;\"><strong>Vorsitzender:<\/strong><\/span> N.N.<br><strong><span style=\"color: #993300;\">Mitgliedsbeitr\u00e4ge:<\/span><\/strong>&nbsp;Einzelpersonen 4,75 \u20ac\/Monat, Familientarif 7,75 \u20ac\/Monat<\/p>\n\n\n\n<p><strong>Aufgaben des Sozialverbandes<\/strong><\/p>\n\n\n\n<p>Der VdK Saarland, die gr\u00f6\u00dfte und leistungsst\u00e4rkste soziale und sozialpolitische Organisation im Lande,<\/p>\n\n\n\n<ul class=\"wp-block-list\"><li>informiert seine Mitglieder \u00fcber aktuelle Entwicklungen in der Sozialpolitik,<\/li><li>er ber\u00e4t sie in Angelegenheiten des Sozial- und Teilen des Verwaltungsrechts)<\/li><li>und vertritt sie vor Beh\u00f6rden und den entsprechenden Gerichten (z. B. Rente, Pflegeleistungen)<\/li><\/ul>\n\n\n\n<p><strong>Aktivit\u00e4ten des Ortsverbandes<\/strong><\/p>\n\n\n\n<p>Er k\u00fcmmert sich um die Anliegen, Sorgen und N\u00f6te seiner Mitglieder durch pers\u00f6nliche Gespr\u00e4che.<br>Er informiert im Rahmen von Veranstaltungen und durch Vortr\u00e4ge von sachkundigen Referenten, die auch ihre Fragen beantworten.<br>Er f\u00f6rdert den geselligen Kontakt unter seinen Mitgliedern durch Treffen, Ausfl\u00fcge und Besichtigungen.<\/p>\n\n\n\n<p><strong>Nutzen Sie diese Angebote und werden Sie Mitglied im VdK OV Eschringen.<\/strong><\/p>\n\n\n<div class=\"wp-block-image\">\n<figure class=\"aligncenter size-full\"><img data-recalc-dims=\"1\" loading=\"lazy\" decoding=\"async\" width=\"590\" height=\"390\" src=\"https:\/\/i0.wp.com\/eschringen.de\/wordpress\/wp-content\/uploads\/2022\/08\/vdk-neu.jpg?resize=590%2C390&#038;ssl=1\" alt=\"\" class=\"wp-image-3749\" srcset=\"https:\/\/i0.wp.com\/eschringen.de\/wordpress\/wp-content\/uploads\/2022\/08\/vdk-neu.jpg?w=590&amp;ssl=1 590w, https:\/\/i0.wp.com\/eschringen.de\/wordpress\/wp-content\/uploads\/2022\/08\/vdk-neu.jpg?resize=300%2C198&amp;ssl=1 300w\" sizes=\"auto, (max-width: 590px) 100vw, 590px\" \/><figcaption>Der Vorstand 2007\/2008 (von links nach rechts): G\u00fcnter Steglitz (Beisitzer), Herbert Schweitzer (Kassenf\u00fchrer), Margot Fritsch (Frauenbeauftragte), Hans Mathis (1. Vorsitzender), Ingrid Ke\u00dfler (Schriftf\u00fchrerin), Herbert Mohr (2.Vorsitzender)<\/figcaption><\/figure>\n<\/div>\n\n<div class=\"wp-block-image\">\n<figure class=\"aligncenter size-full\"><img data-recalc-dims=\"1\" loading=\"lazy\" decoding=\"async\" width=\"590\" height=\"343\" src=\"https:\/\/i0.wp.com\/eschringen.de\/wordpress\/wp-content\/uploads\/2022\/08\/vdk1.jpg?resize=590%2C343&#038;ssl=1\" alt=\"\" class=\"wp-image-3750\" srcset=\"https:\/\/i0.wp.com\/eschringen.de\/wordpress\/wp-content\/uploads\/2022\/08\/vdk1.jpg?w=590&amp;ssl=1 590w, https:\/\/i0.wp.com\/eschringen.de\/wordpress\/wp-content\/uploads\/2022\/08\/vdk1.jpg?resize=300%2C174&amp;ssl=1 300w\" sizes=\"auto, (max-width: 590px) 100vw, 590px\" \/><figcaption>Besuch des Neunkircher Zoos am 27. Mai 2004<\/figcaption><\/figure>\n<\/div>\n\n\n<p><a href=\"http:\/\/eschringen.de\/wordpress\/die-menschen\/vereine\/\">zur\u00fcck zur \u00dcbersicht<\/a><\/p>\n","protected":false},"excerpt":{"rendered":"<p>Wir \u00fcber uns: Gr\u00fcndungsjahr: 1948Mitglieder: 104Vorsitzender: N.N.Mitgliedsbeitr\u00e4ge:&nbsp;Einzelpersonen 4,75 \u20ac\/Monat, Familientarif 7,75 \u20ac\/Monat Aufgaben des Sozialverbandes Der VdK Saarland, die gr\u00f6\u00dfte und leistungsst\u00e4rkste soziale und sozialpolitische Organisation im Lande, informiert seine Mitglieder \u00fcber aktuelle Entwicklungen in der Sozialpolitik, er ber\u00e4t sie in Angelegenheiten des Sozial- und Teilen des Verwaltungsrechts) und vertritt sie vor Beh\u00f6rden und den &#8230; <a title=\"Sozialverband V.d.K. Eschringen\" class=\"read-more\" href=\"https:\/\/eschringen.de\/wordpress\/die-menschen\/vereine\/sozialverband-v-d-k-eschringen\/\" aria-label=\"Mehr Informationen \u00fcber Sozialverband V.d.K. Eschringen\">Weiterlesen &#8230;<\/a><\/p>\n","protected":false},"author":1,"featured_media":0,"parent":228,"menu_order":15,"comment_status":"closed","ping_status":"closed","template":"","meta":{"ngg_post_thumbnail":0,"footnotes":""},"class_list":["post-325","page","type-page","status-publish"],"yoast_head":"<!-- This site is optimized with the Yoast SEO plugin v27.4 - https:\/\/yoast.com\/product\/yoast-seo-wordpress\/ -->\n<title>Sozialverband V.d.K. Eschringen - Eschringen<\/title>\n<meta name=\"robots\" content=\"index, follow, max-snippet:-1, max-image-preview:large, max-video-preview:-1\" \/>\n<link rel=\"canonical\" href=\"https:\/\/eschringen.de\/wordpress\/die-menschen\/vereine\/sozialverband-v-d-k-eschringen\/\" \/>\n<meta property=\"og:locale\" content=\"de_DE\" \/>\n<meta property=\"og:type\" content=\"article\" \/>\n<meta property=\"og:title\" content=\"Sozialverband V.d.K. Eschringen - Eschringen\" \/>\n<meta property=\"og:description\" content=\"Wir \u00fcber uns: Gr\u00fcndungsjahr: 1948Mitglieder: 104Vorsitzender: N.N.Mitgliedsbeitr\u00e4ge:&nbsp;Einzelpersonen 4,75 \u20ac\/Monat, Familientarif 7,75 \u20ac\/Monat Aufgaben des Sozialverbandes Der VdK Saarland, die gr\u00f6\u00dfte und leistungsst\u00e4rkste soziale und sozialpolitische Organisation im Lande, informiert seine Mitglieder \u00fcber aktuelle Entwicklungen in der Sozialpolitik, er ber\u00e4t sie in Angelegenheiten des Sozial- und Teilen des Verwaltungsrechts) und vertritt sie vor Beh\u00f6rden und den ... Weiterlesen ...\" \/>\n<meta property=\"og:url\" content=\"https:\/\/eschringen.de\/wordpress\/die-menschen\/vereine\/sozialverband-v-d-k-eschringen\/\" \/>\n<meta property=\"og:site_name\" content=\"Eschringen\" \/>\n<meta property=\"article:modified_time\" content=\"2022-08-20T09:16:04+00:00\" \/>\n<meta property=\"og:image\" content=\"http:\/\/eschringen.de\/wordpress\/wp-content\/uploads\/2017\/02\/VDK-300x114.jpg\" \/>\n<meta name=\"twitter:card\" content=\"summary_large_image\" \/>\n<meta name=\"twitter:label1\" content=\"Gesch\u00e4tzte Lesezeit\" \/>\n\t<meta name=\"twitter:data1\" content=\"2\u00a0Minuten\" \/>\n<script type=\"application\/ld+json\" class=\"yoast-schema-graph\">{\"@context\":\"https:\\\/\\\/schema.org\",\"@graph\":[{\"@type\":\"WebPage\",\"@id\":\"https:\\\/\\\/eschringen.de\\\/wordpress\\\/die-menschen\\\/vereine\\\/sozialverband-v-d-k-eschringen\\\/\",\"url\":\"https:\\\/\\\/eschringen.de\\\/wordpress\\\/die-menschen\\\/vereine\\\/sozialverband-v-d-k-eschringen\\\/\",\"name\":\"Sozialverband V.d.K. Eschringen - Eschringen\",\"isPartOf\":{\"@id\":\"https:\\\/\\\/eschringen.de\\\/wordpress\\\/#website\"},\"primaryImageOfPage\":{\"@id\":\"https:\\\/\\\/eschringen.de\\\/wordpress\\\/die-menschen\\\/vereine\\\/sozialverband-v-d-k-eschringen\\\/#primaryimage\"},\"image\":{\"@id\":\"https:\\\/\\\/eschringen.de\\\/wordpress\\\/die-menschen\\\/vereine\\\/sozialverband-v-d-k-eschringen\\\/#primaryimage\"},\"thumbnailUrl\":\"http:\\\/\\\/eschringen.de\\\/wordpress\\\/wp-content\\\/uploads\\\/2017\\\/02\\\/VDK-300x114.jpg\",\"datePublished\":\"2017-02-08T13:08:11+00:00\",\"dateModified\":\"2022-08-20T09:16:04+00:00\",\"breadcrumb\":{\"@id\":\"https:\\\/\\\/eschringen.de\\\/wordpress\\\/die-menschen\\\/vereine\\\/sozialverband-v-d-k-eschringen\\\/#breadcrumb\"},\"inLanguage\":\"de\",\"potentialAction\":[{\"@type\":\"ReadAction\",\"target\":[\"https:\\\/\\\/eschringen.de\\\/wordpress\\\/die-menschen\\\/vereine\\\/sozialverband-v-d-k-eschringen\\\/\"]}]},{\"@type\":\"ImageObject\",\"inLanguage\":\"de\",\"@id\":\"https:\\\/\\\/eschringen.de\\\/wordpress\\\/die-menschen\\\/vereine\\\/sozialverband-v-d-k-eschringen\\\/#primaryimage\",\"url\":\"http:\\\/\\\/eschringen.de\\\/wordpress\\\/wp-content\\\/uploads\\\/2017\\\/02\\\/VDK-300x114.jpg\",\"contentUrl\":\"http:\\\/\\\/eschringen.de\\\/wordpress\\\/wp-content\\\/uploads\\\/2017\\\/02\\\/VDK-300x114.jpg\"},{\"@type\":\"BreadcrumbList\",\"@id\":\"https:\\\/\\\/eschringen.de\\\/wordpress\\\/die-menschen\\\/vereine\\\/sozialverband-v-d-k-eschringen\\\/#breadcrumb\",\"itemListElement\":[{\"@type\":\"ListItem\",\"position\":1,\"name\":\"Startseite\",\"item\":\"https:\\\/\\\/eschringen.de\\\/wordpress\\\/\"},{\"@type\":\"ListItem\",\"position\":2,\"name\":\"Die Menschen\",\"item\":\"https:\\\/\\\/eschringen.de\\\/wordpress\\\/die-menschen\\\/\"},{\"@type\":\"ListItem\",\"position\":3,\"name\":\"Vereine\",\"item\":\"https:\\\/\\\/eschringen.de\\\/wordpress\\\/die-menschen\\\/vereine\\\/\"},{\"@type\":\"ListItem\",\"position\":4,\"name\":\"Sozialverband V.d.K. Eschringen\"}]},{\"@type\":\"WebSite\",\"@id\":\"https:\\\/\\\/eschringen.de\\\/wordpress\\\/#website\",\"url\":\"https:\\\/\\\/eschringen.de\\\/wordpress\\\/\",\"name\":\"Eschringen\",\"description\":\"\",\"publisher\":{\"@id\":\"https:\\\/\\\/eschringen.de\\\/wordpress\\\/#organization\"},\"potentialAction\":[{\"@type\":\"SearchAction\",\"target\":{\"@type\":\"EntryPoint\",\"urlTemplate\":\"https:\\\/\\\/eschringen.de\\\/wordpress\\\/?s={search_term_string}\"},\"query-input\":{\"@type\":\"PropertyValueSpecification\",\"valueRequired\":true,\"valueName\":\"search_term_string\"}}],\"inLanguage\":\"de\"},{\"@type\":\"Organization\",\"@id\":\"https:\\\/\\\/eschringen.de\\\/wordpress\\\/#organization\",\"name\":\"Eschringen\",\"url\":\"https:\\\/\\\/eschringen.de\\\/wordpress\\\/\",\"logo\":{\"@type\":\"ImageObject\",\"inLanguage\":\"de\",\"@id\":\"https:\\\/\\\/eschringen.de\\\/wordpress\\\/#\\\/schema\\\/logo\\\/image\\\/\",\"url\":\"https:\\\/\\\/eschringen.de\\\/wordpress\\\/wp-content\\\/uploads\\\/2017\\\/03\\\/2017_kw15.jpg\",\"contentUrl\":\"https:\\\/\\\/eschringen.de\\\/wordpress\\\/wp-content\\\/uploads\\\/2017\\\/03\\\/2017_kw15.jpg\",\"width\":784,\"height\":447,\"caption\":\"Eschringen\"},\"image\":{\"@id\":\"https:\\\/\\\/eschringen.de\\\/wordpress\\\/#\\\/schema\\\/logo\\\/image\\\/\"}}]}<\/script>\n<!-- \/ Yoast SEO plugin. -->","yoast_head_json":{"title":"Sozialverband V.d.K. Eschringen - Eschringen","robots":{"index":"index","follow":"follow","max-snippet":"max-snippet:-1","max-image-preview":"max-image-preview:large","max-video-preview":"max-video-preview:-1"},"canonical":"https:\/\/eschringen.de\/wordpress\/die-menschen\/vereine\/sozialverband-v-d-k-eschringen\/","og_locale":"de_DE","og_type":"article","og_title":"Sozialverband V.d.K. Eschringen - Eschringen","og_description":"Wir \u00fcber uns: Gr\u00fcndungsjahr: 1948Mitglieder: 104Vorsitzender: N.N.Mitgliedsbeitr\u00e4ge:&nbsp;Einzelpersonen 4,75 \u20ac\/Monat, Familientarif 7,75 \u20ac\/Monat Aufgaben des Sozialverbandes Der VdK Saarland, die gr\u00f6\u00dfte und leistungsst\u00e4rkste soziale und sozialpolitische Organisation im Lande, informiert seine Mitglieder \u00fcber aktuelle Entwicklungen in der Sozialpolitik, er ber\u00e4t sie in Angelegenheiten des Sozial- und Teilen des Verwaltungsrechts) und vertritt sie vor Beh\u00f6rden und den ... Weiterlesen ...","og_url":"https:\/\/eschringen.de\/wordpress\/die-menschen\/vereine\/sozialverband-v-d-k-eschringen\/","og_site_name":"Eschringen","article_modified_time":"2022-08-20T09:16:04+00:00","og_image":[{"url":"http:\/\/eschringen.de\/wordpress\/wp-content\/uploads\/2017\/02\/VDK-300x114.jpg","type":"","width":"","height":""}],"twitter_card":"summary_large_image","twitter_misc":{"Gesch\u00e4tzte Lesezeit":"2\u00a0Minuten"},"schema":{"@context":"https:\/\/schema.org","@graph":[{"@type":"WebPage","@id":"https:\/\/eschringen.de\/wordpress\/die-menschen\/vereine\/sozialverband-v-d-k-eschringen\/","url":"https:\/\/eschringen.de\/wordpress\/die-menschen\/vereine\/sozialverband-v-d-k-eschringen\/","name":"Sozialverband V.d.K. Eschringen - Eschringen","isPartOf":{"@id":"https:\/\/eschringen.de\/wordpress\/#website"},"primaryImageOfPage":{"@id":"https:\/\/eschringen.de\/wordpress\/die-menschen\/vereine\/sozialverband-v-d-k-eschringen\/#primaryimage"},"image":{"@id":"https:\/\/eschringen.de\/wordpress\/die-menschen\/vereine\/sozialverband-v-d-k-eschringen\/#primaryimage"},"thumbnailUrl":"http:\/\/eschringen.de\/wordpress\/wp-content\/uploads\/2017\/02\/VDK-300x114.jpg","datePublished":"2017-02-08T13:08:11+00:00","dateModified":"2022-08-20T09:16:04+00:00","breadcrumb":{"@id":"https:\/\/eschringen.de\/wordpress\/die-menschen\/vereine\/sozialverband-v-d-k-eschringen\/#breadcrumb"},"inLanguage":"de","potentialAction":[{"@type":"ReadAction","target":["https:\/\/eschringen.de\/wordpress\/die-menschen\/vereine\/sozialverband-v-d-k-eschringen\/"]}]},{"@type":"ImageObject","inLanguage":"de","@id":"https:\/\/eschringen.de\/wordpress\/die-menschen\/vereine\/sozialverband-v-d-k-eschringen\/#primaryimage","url":"http:\/\/eschringen.de\/wordpress\/wp-content\/uploads\/2017\/02\/VDK-300x114.jpg","contentUrl":"http:\/\/eschringen.de\/wordpress\/wp-content\/uploads\/2017\/02\/VDK-300x114.jpg"},{"@type":"BreadcrumbList","@id":"https:\/\/eschringen.de\/wordpress\/die-menschen\/vereine\/sozialverband-v-d-k-eschringen\/#breadcrumb","itemListElement":[{"@type":"ListItem","position":1,"name":"Startseite","item":"https:\/\/eschringen.de\/wordpress\/"},{"@type":"ListItem","position":2,"name":"Die Menschen","item":"https:\/\/eschringen.de\/wordpress\/die-menschen\/"},{"@type":"ListItem","position":3,"name":"Vereine","item":"https:\/\/eschringen.de\/wordpress\/die-menschen\/vereine\/"},{"@type":"ListItem","position":4,"name":"Sozialverband V.d.K. Eschringen"}]},{"@type":"WebSite","@id":"https:\/\/eschringen.de\/wordpress\/#website","url":"https:\/\/eschringen.de\/wordpress\/","name":"Eschringen","description":"","publisher":{"@id":"https:\/\/eschringen.de\/wordpress\/#organization"},"potentialAction":[{"@type":"SearchAction","target":{"@type":"EntryPoint","urlTemplate":"https:\/\/eschringen.de\/wordpress\/?s={search_term_string}"},"query-input":{"@type":"PropertyValueSpecification","valueRequired":true,"valueName":"search_term_string"}}],"inLanguage":"de"},{"@type":"Organization","@id":"https:\/\/eschringen.de\/wordpress\/#organization","name":"Eschringen","url":"https:\/\/eschringen.de\/wordpress\/","logo":{"@type":"ImageObject","inLanguage":"de","@id":"https:\/\/eschringen.de\/wordpress\/#\/schema\/logo\/image\/","url":"https:\/\/eschringen.de\/wordpress\/wp-content\/uploads\/2017\/03\/2017_kw15.jpg","contentUrl":"https:\/\/eschringen.de\/wordpress\/wp-content\/uploads\/2017\/03\/2017_kw15.jpg","width":784,"height":447,"caption":"Eschringen"},"image":{"@id":"https:\/\/eschringen.de\/wordpress\/#\/schema\/logo\/image\/"}}]}},"jetpack_sharing_enabled":true,"_links":{"self":[{"href":"https:\/\/eschringen.de\/wordpress\/wp-json\/wp\/v2\/pages\/325","targetHints":{"allow":["GET"]}}],"collection":[{"href":"https:\/\/eschringen.de\/wordpress\/wp-json\/wp\/v2\/pages"}],"about":[{"href":"https:\/\/eschringen.de\/wordpress\/wp-json\/wp\/v2\/types\/page"}],"author":[{"embeddable":true,"href":"https:\/\/eschringen.de\/wordpress\/wp-json\/wp\/v2\/users\/1"}],"replies":[{"embeddable":true,"href":"https:\/\/eschringen.de\/wordpress\/wp-json\/wp\/v2\/comments?post=325"}],"version-history":[{"count":5,"href":"https:\/\/eschringen.de\/wordpress\/wp-json\/wp\/v2\/pages\/325\/revisions"}],"predecessor-version":[{"id":3751,"href":"https:\/\/eschringen.de\/wordpress\/wp-json\/wp\/v2\/pages\/325\/revisions\/3751"}],"up":[{"embeddable":true,"href":"https:\/\/eschringen.de\/wordpress\/wp-json\/wp\/v2\/pages\/228"}],"wp:attachment":[{"href":"https:\/\/eschringen.de\/wordpress\/wp-json\/wp\/v2\/media?parent=325"}],"curies":[{"name":"wp","href":"https:\/\/api.w.org\/{rel}","templated":true}]}}