{"id":292,"date":"2017-02-07T22:33:53","date_gmt":"2017-02-07T21:33:53","guid":{"rendered":"http:\/\/eschringen.de\/wordpress\/?page_id=292"},"modified":"2022-08-20T10:31:54","modified_gmt":"2022-08-20T08:31:54","slug":"enscherange","status":"publish","type":"page","link":"https:\/\/eschringen.de\/wordpress\/die-menschen\/enscherange\/","title":{"rendered":"Enscherange"},"content":{"rendered":"\n<h5 class=\"wp-block-heading\"><span style=\"color: #0000ff;\"><strong>ein E(n)sch(e)ringen auch in Luxemburg<\/strong><\/span><\/h5>\n\n\n\n<p>Eher zuf\u00e4llig kam Roland Schmitt, Leiter der Geschichtswerkstatt, einem namens\u00e4hnlichen Ort neben unserer lothringer Partnergemeinde Escherange auf die Spur. In zahlreichen Dokumenten des (Sp\u00e4t-) Mittelalters und der beginnenden Neuzeit wurden Angeh\u00f6rige eines Adelsgeschlechtes &#8211; \u201ederer von E(y)nschringen\u201c &#8211; als in unserem Eschringen ans\u00e4ssig bezeichnet. So z. B. ein Schriftst\u00fcck aus dem Jahre 1485, in dem es um einen Rechtsstreit geht und in dem ein gewisser Landolf von Eynschringen (Doktor beider Rechte, Priester und Lehrer an der neu gegr\u00fcndeten Universit\u00e4t Trier).erw\u00e4hnt wird. Etliche Historiker haben E(y)nschringen mit Eschringen gleichgesetzt. Unser Ortschronist Heinrich Moog war urspr\u00fcnglich auch dieser Fehlannahme aufgesessen, erkannte aber sp\u00e4ter (s. sein Buch \u201eEschringen &#8211; das Vierherrendorf\u201c), dass ein anderer Ort gemeint sein m\u00fcsste (er vermutete Escherange).<br>Bei diversen Reisen im s\u00fcdwestdeutschen Raum erw\u00e4hnten Erl\u00e4uterungstexte &#8211; basierend auf alten Urkunden zu Kirchen und Gasth\u00e4usern (!) &#8211; immer wieder Personen besagter Adelsfamilie: z. B. Dietrich von Enschringen (einst Administrator des Stifts Limburg) oder die Schwestern Maria und Anna von Enschringen (sie ver\u00e4u\u00dferten 1605 ihren Besitz &#8211; nebst Wasserburg &#8211; in Rittersdorf\/S\u00fcdeifel).<\/p>\n\n\n<div class=\"wp-block-image\">\n<figure class=\"alignleft size-full\"><img data-recalc-dims=\"1\" loading=\"lazy\" decoding=\"async\" width=\"350\" height=\"235\" src=\"https:\/\/i0.wp.com\/eschringen.de\/wordpress\/wp-content\/uploads\/2022\/08\/enschringen2.jpg?resize=350%2C235&#038;ssl=1\" alt=\"\" class=\"wp-image-3734\" srcset=\"https:\/\/i0.wp.com\/eschringen.de\/wordpress\/wp-content\/uploads\/2022\/08\/enschringen2.jpg?w=350&amp;ssl=1 350w, https:\/\/i0.wp.com\/eschringen.de\/wordpress\/wp-content\/uploads\/2022\/08\/enschringen2.jpg?resize=300%2C201&amp;ssl=1 300w\" sizes=\"auto, (max-width: 350px) 100vw, 350px\" \/><\/figure>\n<\/div>\n\n\n<p>Nun war im lothringischen Escherange von einem Adelsgeschlecht nichts bekannt. Recherchen ergaben, dass es im n\u00f6rdlichen Luxemburg (\u201e\u00d6sling\u201c) ein kleines Dorf namens Enscherange gibt, das in fr\u00fcheren Zeiten tats\u00e4chlich Enschringen hie\u00df und im Letzebuergischen \u00c4ischer hei\u00dft. Es ist seit 1.1.2006 Teil der neuformierten Verbandsgemeinde Kiischpelt (war lange Jahre ein Ortsteil der Gemeinde Wilwerwitz), liegt an dem Fl\u00fcsschen Clerve (bzw. Klerf) und hat einen sch\u00f6nen Campingplatz vorzuweisen. Die Clerf trieb auch jahrhundertelang die aus dem Jahre 1334 stammende Wasserm\u00fchle (gilt als \u00e4lteste Luxemburgs!) an; sie ist nebenbei bis heute funktionst\u00fcchtig. Leider nur von au\u00dfen zu besichtigen ist das kleine Schloss bzw. Herrschaftshaus derer von Enschringen. Es wurde Ende des 17. Jahrhunderts erbaut und befindet sich l\u00e4ngst in Privatbesitz. Rechterhand des Hauptportals f\u00e4llt unweigerlich ein gro\u00dfes Taubenhaus; schiefergedeckt wie auch die \u00fcbrigen Wohngeb\u00e4ude.<\/p>\n\n\n<div class=\"wp-block-image\">\n<figure class=\"alignright size-full\"><img data-recalc-dims=\"1\" loading=\"lazy\" decoding=\"async\" width=\"350\" height=\"236\" src=\"https:\/\/i0.wp.com\/eschringen.de\/wordpress\/wp-content\/uploads\/2022\/08\/enschringen1.jpg?resize=350%2C236&#038;ssl=1\" alt=\"\" class=\"wp-image-3735\" srcset=\"https:\/\/i0.wp.com\/eschringen.de\/wordpress\/wp-content\/uploads\/2022\/08\/enschringen1.jpg?w=350&amp;ssl=1 350w, https:\/\/i0.wp.com\/eschringen.de\/wordpress\/wp-content\/uploads\/2022\/08\/enschringen1.jpg?resize=300%2C202&amp;ssl=1 300w\" sizes=\"auto, (max-width: 350px) 100vw, 350px\" \/><\/figure>\n<\/div>\n\n\n<p>Gibt es denn nun auch Bez\u00fcge zu unserem Eschringen? Es gibt sie tats\u00e4chlich: So ist die auf einer Anh\u00f6he errichtete Pfarrkirche ebenfalls dem heiligen Laurentius geweiht. Und Jakob (Johann Ludwig?) von Enschringen, Komtur des Deutschen Ordens in Saarbr\u00fccken, kam regelm\u00e4\u00dfig als einer der vier Grundherren zu den Jahrgedingen nach Eschringen.<\/p>\n\n\n\n<p>Wer unser Nachbarland im Westen bereisen sollte, dem sei doch ein Abstecher in das landschaftlich reizvolle Klerftal angeraten, mit einem Zwischenstopp im luxemburgischen E(n)sch(e)ringen<\/p>\n","protected":false},"excerpt":{"rendered":"<p>ein E(n)sch(e)ringen auch in Luxemburg Eher zuf\u00e4llig kam Roland Schmitt, Leiter der Geschichtswerkstatt, einem namens\u00e4hnlichen Ort neben unserer lothringer Partnergemeinde Escherange auf die Spur. In zahlreichen Dokumenten des (Sp\u00e4t-) Mittelalters und der beginnenden Neuzeit wurden Angeh\u00f6rige eines Adelsgeschlechtes &#8211; \u201ederer von E(y)nschringen\u201c &#8211; als in unserem Eschringen ans\u00e4ssig bezeichnet. So z. B. ein Schriftst\u00fcck aus &#8230; <a title=\"Enscherange\" class=\"read-more\" href=\"https:\/\/eschringen.de\/wordpress\/die-menschen\/enscherange\/\" aria-label=\"Mehr Informationen \u00fcber Enscherange\">Weiterlesen &#8230;<\/a><\/p>\n","protected":false},"author":1,"featured_media":0,"parent":34,"menu_order":6,"comment_status":"closed","ping_status":"closed","template":"","meta":{"ngg_post_thumbnail":0,"footnotes":""},"class_list":["post-292","page","type-page","status-publish"],"yoast_head":"<!-- This site is optimized with the Yoast SEO plugin v27.3 - https:\/\/yoast.com\/product\/yoast-seo-wordpress\/ -->\n<title>Enscherange - Eschringen<\/title>\n<meta name=\"robots\" content=\"index, follow, max-snippet:-1, max-image-preview:large, max-video-preview:-1\" \/>\n<link rel=\"canonical\" href=\"https:\/\/eschringen.de\/wordpress\/die-menschen\/enscherange\/\" \/>\n<meta property=\"og:locale\" content=\"de_DE\" \/>\n<meta property=\"og:type\" content=\"article\" \/>\n<meta property=\"og:title\" content=\"Enscherange - Eschringen\" \/>\n<meta property=\"og:description\" content=\"ein E(n)sch(e)ringen auch in Luxemburg Eher zuf\u00e4llig kam Roland Schmitt, Leiter der Geschichtswerkstatt, einem namens\u00e4hnlichen Ort neben unserer lothringer Partnergemeinde Escherange auf die Spur. In zahlreichen Dokumenten des (Sp\u00e4t-) Mittelalters und der beginnenden Neuzeit wurden Angeh\u00f6rige eines Adelsgeschlechtes &#8211; \u201ederer von E(y)nschringen\u201c &#8211; als in unserem Eschringen ans\u00e4ssig bezeichnet. So z. B. ein Schriftst\u00fcck aus ... Weiterlesen ...\" \/>\n<meta property=\"og:url\" content=\"https:\/\/eschringen.de\/wordpress\/die-menschen\/enscherange\/\" \/>\n<meta property=\"og:site_name\" content=\"Eschringen\" \/>\n<meta property=\"article:modified_time\" content=\"2022-08-20T08:31:54+00:00\" \/>\n<meta property=\"og:image\" content=\"https:\/\/eschringen.de\/wordpress\/wp-content\/uploads\/2022\/08\/enschringen2.jpg\" \/>\n<meta name=\"twitter:card\" content=\"summary_large_image\" \/>\n<meta name=\"twitter:label1\" content=\"Gesch\u00e4tzte Lesezeit\" \/>\n\t<meta name=\"twitter:data1\" content=\"3\u00a0Minuten\" \/>\n<script type=\"application\/ld+json\" class=\"yoast-schema-graph\">{\"@context\":\"https:\\\/\\\/schema.org\",\"@graph\":[{\"@type\":\"WebPage\",\"@id\":\"https:\\\/\\\/eschringen.de\\\/wordpress\\\/die-menschen\\\/enscherange\\\/\",\"url\":\"https:\\\/\\\/eschringen.de\\\/wordpress\\\/die-menschen\\\/enscherange\\\/\",\"name\":\"Enscherange - Eschringen\",\"isPartOf\":{\"@id\":\"https:\\\/\\\/eschringen.de\\\/wordpress\\\/#website\"},\"primaryImageOfPage\":{\"@id\":\"https:\\\/\\\/eschringen.de\\\/wordpress\\\/die-menschen\\\/enscherange\\\/#primaryimage\"},\"image\":{\"@id\":\"https:\\\/\\\/eschringen.de\\\/wordpress\\\/die-menschen\\\/enscherange\\\/#primaryimage\"},\"thumbnailUrl\":\"https:\\\/\\\/eschringen.de\\\/wordpress\\\/wp-content\\\/uploads\\\/2022\\\/08\\\/enschringen2.jpg\",\"datePublished\":\"2017-02-07T21:33:53+00:00\",\"dateModified\":\"2022-08-20T08:31:54+00:00\",\"breadcrumb\":{\"@id\":\"https:\\\/\\\/eschringen.de\\\/wordpress\\\/die-menschen\\\/enscherange\\\/#breadcrumb\"},\"inLanguage\":\"de\",\"potentialAction\":[{\"@type\":\"ReadAction\",\"target\":[\"https:\\\/\\\/eschringen.de\\\/wordpress\\\/die-menschen\\\/enscherange\\\/\"]}]},{\"@type\":\"ImageObject\",\"inLanguage\":\"de\",\"@id\":\"https:\\\/\\\/eschringen.de\\\/wordpress\\\/die-menschen\\\/enscherange\\\/#primaryimage\",\"url\":\"https:\\\/\\\/i0.wp.com\\\/eschringen.de\\\/wordpress\\\/wp-content\\\/uploads\\\/2022\\\/08\\\/enschringen2.jpg?fit=350%2C235&ssl=1\",\"contentUrl\":\"https:\\\/\\\/i0.wp.com\\\/eschringen.de\\\/wordpress\\\/wp-content\\\/uploads\\\/2022\\\/08\\\/enschringen2.jpg?fit=350%2C235&ssl=1\",\"width\":350,\"height\":235},{\"@type\":\"BreadcrumbList\",\"@id\":\"https:\\\/\\\/eschringen.de\\\/wordpress\\\/die-menschen\\\/enscherange\\\/#breadcrumb\",\"itemListElement\":[{\"@type\":\"ListItem\",\"position\":1,\"name\":\"Startseite\",\"item\":\"https:\\\/\\\/eschringen.de\\\/wordpress\\\/\"},{\"@type\":\"ListItem\",\"position\":2,\"name\":\"Die Menschen\",\"item\":\"https:\\\/\\\/eschringen.de\\\/wordpress\\\/die-menschen\\\/\"},{\"@type\":\"ListItem\",\"position\":3,\"name\":\"Enscherange\"}]},{\"@type\":\"WebSite\",\"@id\":\"https:\\\/\\\/eschringen.de\\\/wordpress\\\/#website\",\"url\":\"https:\\\/\\\/eschringen.de\\\/wordpress\\\/\",\"name\":\"Eschringen\",\"description\":\"\",\"publisher\":{\"@id\":\"https:\\\/\\\/eschringen.de\\\/wordpress\\\/#organization\"},\"potentialAction\":[{\"@type\":\"SearchAction\",\"target\":{\"@type\":\"EntryPoint\",\"urlTemplate\":\"https:\\\/\\\/eschringen.de\\\/wordpress\\\/?s={search_term_string}\"},\"query-input\":{\"@type\":\"PropertyValueSpecification\",\"valueRequired\":true,\"valueName\":\"search_term_string\"}}],\"inLanguage\":\"de\"},{\"@type\":\"Organization\",\"@id\":\"https:\\\/\\\/eschringen.de\\\/wordpress\\\/#organization\",\"name\":\"Eschringen\",\"url\":\"https:\\\/\\\/eschringen.de\\\/wordpress\\\/\",\"logo\":{\"@type\":\"ImageObject\",\"inLanguage\":\"de\",\"@id\":\"https:\\\/\\\/eschringen.de\\\/wordpress\\\/#\\\/schema\\\/logo\\\/image\\\/\",\"url\":\"https:\\\/\\\/eschringen.de\\\/wordpress\\\/wp-content\\\/uploads\\\/2017\\\/03\\\/2017_kw15.jpg\",\"contentUrl\":\"https:\\\/\\\/eschringen.de\\\/wordpress\\\/wp-content\\\/uploads\\\/2017\\\/03\\\/2017_kw15.jpg\",\"width\":784,\"height\":447,\"caption\":\"Eschringen\"},\"image\":{\"@id\":\"https:\\\/\\\/eschringen.de\\\/wordpress\\\/#\\\/schema\\\/logo\\\/image\\\/\"}}]}<\/script>\n<!-- \/ Yoast SEO plugin. -->","yoast_head_json":{"title":"Enscherange - Eschringen","robots":{"index":"index","follow":"follow","max-snippet":"max-snippet:-1","max-image-preview":"max-image-preview:large","max-video-preview":"max-video-preview:-1"},"canonical":"https:\/\/eschringen.de\/wordpress\/die-menschen\/enscherange\/","og_locale":"de_DE","og_type":"article","og_title":"Enscherange - Eschringen","og_description":"ein E(n)sch(e)ringen auch in Luxemburg Eher zuf\u00e4llig kam Roland Schmitt, Leiter der Geschichtswerkstatt, einem namens\u00e4hnlichen Ort neben unserer lothringer Partnergemeinde Escherange auf die Spur. In zahlreichen Dokumenten des (Sp\u00e4t-) Mittelalters und der beginnenden Neuzeit wurden Angeh\u00f6rige eines Adelsgeschlechtes &#8211; \u201ederer von E(y)nschringen\u201c &#8211; als in unserem Eschringen ans\u00e4ssig bezeichnet. So z. B. ein Schriftst\u00fcck aus ... Weiterlesen ...","og_url":"https:\/\/eschringen.de\/wordpress\/die-menschen\/enscherange\/","og_site_name":"Eschringen","article_modified_time":"2022-08-20T08:31:54+00:00","og_image":[{"url":"https:\/\/eschringen.de\/wordpress\/wp-content\/uploads\/2022\/08\/enschringen2.jpg","type":"","width":"","height":""}],"twitter_card":"summary_large_image","twitter_misc":{"Gesch\u00e4tzte Lesezeit":"3\u00a0Minuten"},"schema":{"@context":"https:\/\/schema.org","@graph":[{"@type":"WebPage","@id":"https:\/\/eschringen.de\/wordpress\/die-menschen\/enscherange\/","url":"https:\/\/eschringen.de\/wordpress\/die-menschen\/enscherange\/","name":"Enscherange - Eschringen","isPartOf":{"@id":"https:\/\/eschringen.de\/wordpress\/#website"},"primaryImageOfPage":{"@id":"https:\/\/eschringen.de\/wordpress\/die-menschen\/enscherange\/#primaryimage"},"image":{"@id":"https:\/\/eschringen.de\/wordpress\/die-menschen\/enscherange\/#primaryimage"},"thumbnailUrl":"https:\/\/eschringen.de\/wordpress\/wp-content\/uploads\/2022\/08\/enschringen2.jpg","datePublished":"2017-02-07T21:33:53+00:00","dateModified":"2022-08-20T08:31:54+00:00","breadcrumb":{"@id":"https:\/\/eschringen.de\/wordpress\/die-menschen\/enscherange\/#breadcrumb"},"inLanguage":"de","potentialAction":[{"@type":"ReadAction","target":["https:\/\/eschringen.de\/wordpress\/die-menschen\/enscherange\/"]}]},{"@type":"ImageObject","inLanguage":"de","@id":"https:\/\/eschringen.de\/wordpress\/die-menschen\/enscherange\/#primaryimage","url":"https:\/\/i0.wp.com\/eschringen.de\/wordpress\/wp-content\/uploads\/2022\/08\/enschringen2.jpg?fit=350%2C235&ssl=1","contentUrl":"https:\/\/i0.wp.com\/eschringen.de\/wordpress\/wp-content\/uploads\/2022\/08\/enschringen2.jpg?fit=350%2C235&ssl=1","width":350,"height":235},{"@type":"BreadcrumbList","@id":"https:\/\/eschringen.de\/wordpress\/die-menschen\/enscherange\/#breadcrumb","itemListElement":[{"@type":"ListItem","position":1,"name":"Startseite","item":"https:\/\/eschringen.de\/wordpress\/"},{"@type":"ListItem","position":2,"name":"Die Menschen","item":"https:\/\/eschringen.de\/wordpress\/die-menschen\/"},{"@type":"ListItem","position":3,"name":"Enscherange"}]},{"@type":"WebSite","@id":"https:\/\/eschringen.de\/wordpress\/#website","url":"https:\/\/eschringen.de\/wordpress\/","name":"Eschringen","description":"","publisher":{"@id":"https:\/\/eschringen.de\/wordpress\/#organization"},"potentialAction":[{"@type":"SearchAction","target":{"@type":"EntryPoint","urlTemplate":"https:\/\/eschringen.de\/wordpress\/?s={search_term_string}"},"query-input":{"@type":"PropertyValueSpecification","valueRequired":true,"valueName":"search_term_string"}}],"inLanguage":"de"},{"@type":"Organization","@id":"https:\/\/eschringen.de\/wordpress\/#organization","name":"Eschringen","url":"https:\/\/eschringen.de\/wordpress\/","logo":{"@type":"ImageObject","inLanguage":"de","@id":"https:\/\/eschringen.de\/wordpress\/#\/schema\/logo\/image\/","url":"https:\/\/eschringen.de\/wordpress\/wp-content\/uploads\/2017\/03\/2017_kw15.jpg","contentUrl":"https:\/\/eschringen.de\/wordpress\/wp-content\/uploads\/2017\/03\/2017_kw15.jpg","width":784,"height":447,"caption":"Eschringen"},"image":{"@id":"https:\/\/eschringen.de\/wordpress\/#\/schema\/logo\/image\/"}}]}},"jetpack_sharing_enabled":true,"_links":{"self":[{"href":"https:\/\/eschringen.de\/wordpress\/wp-json\/wp\/v2\/pages\/292","targetHints":{"allow":["GET"]}}],"collection":[{"href":"https:\/\/eschringen.de\/wordpress\/wp-json\/wp\/v2\/pages"}],"about":[{"href":"https:\/\/eschringen.de\/wordpress\/wp-json\/wp\/v2\/types\/page"}],"author":[{"embeddable":true,"href":"https:\/\/eschringen.de\/wordpress\/wp-json\/wp\/v2\/users\/1"}],"replies":[{"embeddable":true,"href":"https:\/\/eschringen.de\/wordpress\/wp-json\/wp\/v2\/comments?post=292"}],"version-history":[{"count":3,"href":"https:\/\/eschringen.de\/wordpress\/wp-json\/wp\/v2\/pages\/292\/revisions"}],"predecessor-version":[{"id":3736,"href":"https:\/\/eschringen.de\/wordpress\/wp-json\/wp\/v2\/pages\/292\/revisions\/3736"}],"up":[{"embeddable":true,"href":"https:\/\/eschringen.de\/wordpress\/wp-json\/wp\/v2\/pages\/34"}],"wp:attachment":[{"href":"https:\/\/eschringen.de\/wordpress\/wp-json\/wp\/v2\/media?parent=292"}],"curies":[{"name":"wp","href":"https:\/\/api.w.org\/{rel}","templated":true}]}}