{"id":290,"date":"2017-02-07T22:33:13","date_gmt":"2017-02-07T21:33:13","guid":{"rendered":"http:\/\/eschringen.de\/wordpress\/?page_id=290"},"modified":"2022-08-20T10:30:54","modified_gmt":"2022-08-20T08:30:54","slug":"escherange","status":"publish","type":"page","link":"https:\/\/eschringen.de\/wordpress\/die-menschen\/escherange\/","title":{"rendered":"Escherange"},"content":{"rendered":"\n<h5 class=\"wp-block-heading\"><span style=\"color: #0000ff;\"><strong>das lothringische Eschringen<\/strong><\/span><\/h5>\n\n\n<div class=\"wp-block-image\">\n<figure class=\"aligncenter size-full\"><img data-recalc-dims=\"1\" loading=\"lazy\" decoding=\"async\" width=\"600\" height=\"130\" src=\"https:\/\/i0.wp.com\/eschringen.de\/wordpress\/wp-content\/uploads\/2022\/08\/Kopf_escherange.jpg?resize=600%2C130&#038;ssl=1\" alt=\"\" class=\"wp-image-3732\" srcset=\"https:\/\/i0.wp.com\/eschringen.de\/wordpress\/wp-content\/uploads\/2022\/08\/Kopf_escherange.jpg?w=600&amp;ssl=1 600w, https:\/\/i0.wp.com\/eschringen.de\/wordpress\/wp-content\/uploads\/2022\/08\/Kopf_escherange.jpg?resize=300%2C65&amp;ssl=1 300w\" sizes=\"auto, (max-width: 600px) 100vw, 600px\" \/><\/figure>\n<\/div>\n\n\n<p><b>Heinrich Moog, der Eschringer Ortschronist, stie\u00df bei seinem Quellenstudium auf das namens\u00e4hnliche bzw. -gleiche Dorf, das nordwestlich von Thionville, nahe der luxemburgischen Grenze, gelegen ist. Im Rahmen der 1100-Jahr-Feierlichkeiten entwickelte sich auch der Kontakt zu dieser Gemeinde, vor allem zu ihrem B\u00fcrgermeister Roland Hilbert. In den vergangenen Jahren gab es immer wieder gegenseitige Besuche, u. a. eine gro\u00dfe Studienfahrt im September 1995 mit ausf\u00fchrlichen Besichtigungen.<\/b><\/p>\n\n\n<div class=\"wp-block-image\">\n<figure class=\"alignleft size-full\"><img data-recalc-dims=\"1\" loading=\"lazy\" decoding=\"async\" width=\"396\" height=\"259\" src=\"https:\/\/i0.wp.com\/eschringen.de\/wordpress\/wp-content\/uploads\/2022\/08\/escherange.jpg?resize=396%2C259&#038;ssl=1\" alt=\"\" class=\"wp-image-3723\" srcset=\"https:\/\/i0.wp.com\/eschringen.de\/wordpress\/wp-content\/uploads\/2022\/08\/escherange.jpg?w=396&amp;ssl=1 396w, https:\/\/i0.wp.com\/eschringen.de\/wordpress\/wp-content\/uploads\/2022\/08\/escherange.jpg?resize=300%2C196&amp;ssl=1 300w\" sizes=\"auto, (max-width: 396px) 100vw, 396px\" \/><\/figure>\n<\/div>\n\n\n<p>Der kleine Ort (393 Einwohner) besteht aus zwei Teilen, Escherange und Molvange. In der Vergangenheit verursachte die enge Namens-verwandtschaft zahlreiche Verwechslungen.<\/p>\n\n\n\n<p><i>Weitere Infos zu Escherange gibt es auf den franz\u00f6sischen Seiten des Kantons Cattenom unter diesem Link.<br>Klicken Sie danach innerhalb der Karte links unten auf Escherange.<\/i><\/p>\n\n\n<div class=\"wp-block-image\">\n<figure class=\"alignright size-full\"><img data-recalc-dims=\"1\" loading=\"lazy\" decoding=\"async\" width=\"393\" height=\"262\" src=\"https:\/\/i0.wp.com\/eschringen.de\/wordpress\/wp-content\/uploads\/2022\/08\/echerange01.jpg?resize=393%2C262&#038;ssl=1\" alt=\"\" class=\"wp-image-3724\" srcset=\"https:\/\/i0.wp.com\/eschringen.de\/wordpress\/wp-content\/uploads\/2022\/08\/echerange01.jpg?w=393&amp;ssl=1 393w, https:\/\/i0.wp.com\/eschringen.de\/wordpress\/wp-content\/uploads\/2022\/08\/echerange01.jpg?resize=300%2C200&amp;ssl=1 300w\" sizes=\"auto, (max-width: 393px) 100vw, 393px\" \/><\/figure>\n<\/div>\n\n\n<p>Gleichwohl gibt es in der Geschichte von Escherange und Eschringen auff\u00e4llige Parallelen. Beide grenznahe Ortschaften waren \u00fcber die Jahrhunderte hinweg oft Leidtragende kriegerischer Auseinandersetzungen. Vor allem im Zweiten Weltkrieg wurde Escherange stark in Mitleidenschaft gezogen, bedingt durch die strategische Lage in unmittelbarer N\u00e4he zu Festungen der Maginot-Linie. Die deutsche Besetzungsmacht zerst\u00f6rte das Dorf fast vollst\u00e4ndig, auch die ehrw\u00fcrdige Kirche St. Peter wurde abgerissen. Geplant war eine \u201eneue Siedlung&#8220; im Rahmen des ber\u00fcchtigten \u201eGermanisierungsprogramms&#8220;.<\/p>\n\n\n<div class=\"wp-block-image\">\n<figure class=\"alignleft size-full\"><img data-recalc-dims=\"1\" loading=\"lazy\" decoding=\"async\" width=\"400\" height=\"262\" src=\"https:\/\/i0.wp.com\/eschringen.de\/wordpress\/wp-content\/uploads\/2022\/08\/escherange-hof.jpg?resize=400%2C262&#038;ssl=1\" alt=\"\" class=\"wp-image-3725\" srcset=\"https:\/\/i0.wp.com\/eschringen.de\/wordpress\/wp-content\/uploads\/2022\/08\/escherange-hof.jpg?w=400&amp;ssl=1 400w, https:\/\/i0.wp.com\/eschringen.de\/wordpress\/wp-content\/uploads\/2022\/08\/escherange-hof.jpg?resize=300%2C197&amp;ssl=1 300w\" sizes=\"auto, (max-width: 400px) 100vw, 400px\" \/><\/figure>\n<\/div>\n\n\n<p>In den 1950er Jahren erfolgte dann der m\u00fchselige Wiederaufbau; die kombinierte B\u00fcrgermeisterei-Schule wurde 1954, die Kirche 1962 neu erbaut.<br clear=\"right\"><\/p>\n\n\n\n<p>Zwei beachtenswerte Geb\u00e4ude haben sich in Escherange-Molvange erhalten:<br>der zweiteilige Bauernhof in der rue de la Clause aus dem Jahre 1849<\/p>\n\n\n<div class=\"wp-block-image\">\n<figure class=\"alignright size-full\"><img data-recalc-dims=\"1\" loading=\"lazy\" decoding=\"async\" width=\"400\" height=\"265\" src=\"https:\/\/i0.wp.com\/eschringen.de\/wordpress\/wp-content\/uploads\/2022\/08\/escherange-kirche.jpg?resize=400%2C265&#038;ssl=1\" alt=\"\" class=\"wp-image-3726\" srcset=\"https:\/\/i0.wp.com\/eschringen.de\/wordpress\/wp-content\/uploads\/2022\/08\/escherange-kirche.jpg?w=400&amp;ssl=1 400w, https:\/\/i0.wp.com\/eschringen.de\/wordpress\/wp-content\/uploads\/2022\/08\/escherange-kirche.jpg?resize=300%2C199&amp;ssl=1 300w\" sizes=\"auto, (max-width: 400px) 100vw, 400px\" \/><\/figure>\n<\/div>\n\n\n<p>und die barocke Kapelle St. Willibrord im Ortsteil Molvange mit sehenswertem Altar (ein Werk von Nicolas Greff dem J\u00fcngeren) und feingearbeiteten Heiligenstatuen.<\/p>\n\n\n\n<p><span style=\"font-family: Arial,Helvetica,Verdana,Sans Serif;\"><span style=\"font-size: small;\"><u>en francais:<\/u><\/span><\/span><\/p>\n\n\n\n<p>Ce petit village de deux parts (Escherange &#8211; Molvange) est situ\u00e9 au nordouest de Thionville, pr\u00e8s de la fronti\u00e8re luxembourgoise. A cause de la ressamblance des noms entre Escherange et Eschringen il y avait souvent des confusions pendants les si\u00e8cles pass\u00e9s. Depuis les festivites en 1993 les deux villages avec des paralleles historiques sont en contacts.<\/p>\n\n\n\n<p>Endommag\u00e9s par les tirs d\u2019artillerie en mai-juin 1940 (sur le ban communal d\u2019Escherange se trouve le fort de Molvange et une partie du fort de Rochonvillers &#8211; gros ouvrage de ligne Maginot). De nombreuses maisons et peut-\u00eatre m\u00eame l\u2019\u00e9glise d\u2019Escherange \u00e9taient r\u00e9parables mais l\u2019occupant voulant cr\u00e9er une \u201esiedlung&#8220; (= colonisation dans un but de \u201egermanisation&#8220;) a fait achever la d\u00e9molition du village par une entreprise du b\u00e2timent allemande install\u00e9e \u00e0 Thionville (\u201eWilhelm Grote&#8220;).<\/p>\n\n\n\n<p>Village enti\u00e8rement ras\u00e9 sauf une ferme \u00e0 deux corps (construit en 1849) l\u2019actuelle N\u00b0 29 rue de la Clause.<\/p>\n\n\n\n<p>Reconstruit dans les ann\u00e9es 1950:<\/p>\n\n\n\n<ul class=\"wp-block-list\"><li>la mairie-\u00e9cole en 1954, &lt;<\/li><li>l\u2019\u00e9glise Saint-Pierre en 1962.<\/li><\/ul>\n\n\n\n<p>Molvange d\u00e9truit \u00e9galement a cepndant gard\u00e9 sa chapelle, son ancien moulin et une vingtaine de maisons d\u2019avant-guerre.<\/p>\n\n\n\n<p>La chapelle Saint-Willibrord a un retable du maitre-autel portant la date 1751. Il est l\u2019oeuvre de Nicolas Greff le fils.<\/p>\n","protected":false},"excerpt":{"rendered":"<p>das lothringische Eschringen Heinrich Moog, der Eschringer Ortschronist, stie\u00df bei seinem Quellenstudium auf das namens\u00e4hnliche bzw. -gleiche Dorf, das nordwestlich von Thionville, nahe der luxemburgischen Grenze, gelegen ist. Im Rahmen der 1100-Jahr-Feierlichkeiten entwickelte sich auch der Kontakt zu dieser Gemeinde, vor allem zu ihrem B\u00fcrgermeister Roland Hilbert. In den vergangenen Jahren gab es immer wieder &#8230; <a title=\"Escherange\" class=\"read-more\" href=\"https:\/\/eschringen.de\/wordpress\/die-menschen\/escherange\/\" aria-label=\"Mehr Informationen \u00fcber Escherange\">Weiterlesen &#8230;<\/a><\/p>\n","protected":false},"author":1,"featured_media":0,"parent":34,"menu_order":5,"comment_status":"closed","ping_status":"closed","template":"","meta":{"ngg_post_thumbnail":0,"footnotes":""},"class_list":["post-290","page","type-page","status-publish"],"yoast_head":"<!-- This site is optimized with the Yoast SEO plugin v27.4 - https:\/\/yoast.com\/product\/yoast-seo-wordpress\/ -->\n<title>Escherange - Eschringen<\/title>\n<meta name=\"robots\" content=\"index, follow, max-snippet:-1, max-image-preview:large, max-video-preview:-1\" \/>\n<link rel=\"canonical\" href=\"https:\/\/eschringen.de\/wordpress\/die-menschen\/escherange\/\" \/>\n<meta property=\"og:locale\" content=\"de_DE\" \/>\n<meta property=\"og:type\" content=\"article\" \/>\n<meta property=\"og:title\" content=\"Escherange - Eschringen\" \/>\n<meta property=\"og:description\" content=\"das lothringische Eschringen Heinrich Moog, der Eschringer Ortschronist, stie\u00df bei seinem Quellenstudium auf das namens\u00e4hnliche bzw. -gleiche Dorf, das nordwestlich von Thionville, nahe der luxemburgischen Grenze, gelegen ist. Im Rahmen der 1100-Jahr-Feierlichkeiten entwickelte sich auch der Kontakt zu dieser Gemeinde, vor allem zu ihrem B\u00fcrgermeister Roland Hilbert. In den vergangenen Jahren gab es immer wieder ... Weiterlesen ...\" \/>\n<meta property=\"og:url\" content=\"https:\/\/eschringen.de\/wordpress\/die-menschen\/escherange\/\" \/>\n<meta property=\"og:site_name\" content=\"Eschringen\" \/>\n<meta property=\"article:modified_time\" content=\"2022-08-20T08:30:54+00:00\" \/>\n<meta property=\"og:image\" content=\"https:\/\/eschringen.de\/wordpress\/wp-content\/uploads\/2022\/08\/Kopf_escherange.jpg\" \/>\n<meta name=\"twitter:card\" content=\"summary_large_image\" \/>\n<meta name=\"twitter:label1\" content=\"Gesch\u00e4tzte Lesezeit\" \/>\n\t<meta name=\"twitter:data1\" content=\"4\u00a0Minuten\" \/>\n<script type=\"application\/ld+json\" class=\"yoast-schema-graph\">{\"@context\":\"https:\\\/\\\/schema.org\",\"@graph\":[{\"@type\":\"WebPage\",\"@id\":\"https:\\\/\\\/eschringen.de\\\/wordpress\\\/die-menschen\\\/escherange\\\/\",\"url\":\"https:\\\/\\\/eschringen.de\\\/wordpress\\\/die-menschen\\\/escherange\\\/\",\"name\":\"Escherange - Eschringen\",\"isPartOf\":{\"@id\":\"https:\\\/\\\/eschringen.de\\\/wordpress\\\/#website\"},\"primaryImageOfPage\":{\"@id\":\"https:\\\/\\\/eschringen.de\\\/wordpress\\\/die-menschen\\\/escherange\\\/#primaryimage\"},\"image\":{\"@id\":\"https:\\\/\\\/eschringen.de\\\/wordpress\\\/die-menschen\\\/escherange\\\/#primaryimage\"},\"thumbnailUrl\":\"https:\\\/\\\/eschringen.de\\\/wordpress\\\/wp-content\\\/uploads\\\/2022\\\/08\\\/Kopf_escherange.jpg\",\"datePublished\":\"2017-02-07T21:33:13+00:00\",\"dateModified\":\"2022-08-20T08:30:54+00:00\",\"breadcrumb\":{\"@id\":\"https:\\\/\\\/eschringen.de\\\/wordpress\\\/die-menschen\\\/escherange\\\/#breadcrumb\"},\"inLanguage\":\"de\",\"potentialAction\":[{\"@type\":\"ReadAction\",\"target\":[\"https:\\\/\\\/eschringen.de\\\/wordpress\\\/die-menschen\\\/escherange\\\/\"]}]},{\"@type\":\"ImageObject\",\"inLanguage\":\"de\",\"@id\":\"https:\\\/\\\/eschringen.de\\\/wordpress\\\/die-menschen\\\/escherange\\\/#primaryimage\",\"url\":\"https:\\\/\\\/i0.wp.com\\\/eschringen.de\\\/wordpress\\\/wp-content\\\/uploads\\\/2022\\\/08\\\/Kopf_escherange.jpg?fit=600%2C130&ssl=1\",\"contentUrl\":\"https:\\\/\\\/i0.wp.com\\\/eschringen.de\\\/wordpress\\\/wp-content\\\/uploads\\\/2022\\\/08\\\/Kopf_escherange.jpg?fit=600%2C130&ssl=1\",\"width\":600,\"height\":130},{\"@type\":\"BreadcrumbList\",\"@id\":\"https:\\\/\\\/eschringen.de\\\/wordpress\\\/die-menschen\\\/escherange\\\/#breadcrumb\",\"itemListElement\":[{\"@type\":\"ListItem\",\"position\":1,\"name\":\"Startseite\",\"item\":\"https:\\\/\\\/eschringen.de\\\/wordpress\\\/\"},{\"@type\":\"ListItem\",\"position\":2,\"name\":\"Die Menschen\",\"item\":\"https:\\\/\\\/eschringen.de\\\/wordpress\\\/die-menschen\\\/\"},{\"@type\":\"ListItem\",\"position\":3,\"name\":\"Escherange\"}]},{\"@type\":\"WebSite\",\"@id\":\"https:\\\/\\\/eschringen.de\\\/wordpress\\\/#website\",\"url\":\"https:\\\/\\\/eschringen.de\\\/wordpress\\\/\",\"name\":\"Eschringen\",\"description\":\"\",\"publisher\":{\"@id\":\"https:\\\/\\\/eschringen.de\\\/wordpress\\\/#organization\"},\"potentialAction\":[{\"@type\":\"SearchAction\",\"target\":{\"@type\":\"EntryPoint\",\"urlTemplate\":\"https:\\\/\\\/eschringen.de\\\/wordpress\\\/?s={search_term_string}\"},\"query-input\":{\"@type\":\"PropertyValueSpecification\",\"valueRequired\":true,\"valueName\":\"search_term_string\"}}],\"inLanguage\":\"de\"},{\"@type\":\"Organization\",\"@id\":\"https:\\\/\\\/eschringen.de\\\/wordpress\\\/#organization\",\"name\":\"Eschringen\",\"url\":\"https:\\\/\\\/eschringen.de\\\/wordpress\\\/\",\"logo\":{\"@type\":\"ImageObject\",\"inLanguage\":\"de\",\"@id\":\"https:\\\/\\\/eschringen.de\\\/wordpress\\\/#\\\/schema\\\/logo\\\/image\\\/\",\"url\":\"https:\\\/\\\/eschringen.de\\\/wordpress\\\/wp-content\\\/uploads\\\/2017\\\/03\\\/2017_kw15.jpg\",\"contentUrl\":\"https:\\\/\\\/eschringen.de\\\/wordpress\\\/wp-content\\\/uploads\\\/2017\\\/03\\\/2017_kw15.jpg\",\"width\":784,\"height\":447,\"caption\":\"Eschringen\"},\"image\":{\"@id\":\"https:\\\/\\\/eschringen.de\\\/wordpress\\\/#\\\/schema\\\/logo\\\/image\\\/\"}}]}<\/script>\n<!-- \/ Yoast SEO plugin. -->","yoast_head_json":{"title":"Escherange - Eschringen","robots":{"index":"index","follow":"follow","max-snippet":"max-snippet:-1","max-image-preview":"max-image-preview:large","max-video-preview":"max-video-preview:-1"},"canonical":"https:\/\/eschringen.de\/wordpress\/die-menschen\/escherange\/","og_locale":"de_DE","og_type":"article","og_title":"Escherange - Eschringen","og_description":"das lothringische Eschringen Heinrich Moog, der Eschringer Ortschronist, stie\u00df bei seinem Quellenstudium auf das namens\u00e4hnliche bzw. -gleiche Dorf, das nordwestlich von Thionville, nahe der luxemburgischen Grenze, gelegen ist. Im Rahmen der 1100-Jahr-Feierlichkeiten entwickelte sich auch der Kontakt zu dieser Gemeinde, vor allem zu ihrem B\u00fcrgermeister Roland Hilbert. In den vergangenen Jahren gab es immer wieder ... Weiterlesen ...","og_url":"https:\/\/eschringen.de\/wordpress\/die-menschen\/escherange\/","og_site_name":"Eschringen","article_modified_time":"2022-08-20T08:30:54+00:00","og_image":[{"url":"https:\/\/eschringen.de\/wordpress\/wp-content\/uploads\/2022\/08\/Kopf_escherange.jpg","type":"","width":"","height":""}],"twitter_card":"summary_large_image","twitter_misc":{"Gesch\u00e4tzte Lesezeit":"4\u00a0Minuten"},"schema":{"@context":"https:\/\/schema.org","@graph":[{"@type":"WebPage","@id":"https:\/\/eschringen.de\/wordpress\/die-menschen\/escherange\/","url":"https:\/\/eschringen.de\/wordpress\/die-menschen\/escherange\/","name":"Escherange - Eschringen","isPartOf":{"@id":"https:\/\/eschringen.de\/wordpress\/#website"},"primaryImageOfPage":{"@id":"https:\/\/eschringen.de\/wordpress\/die-menschen\/escherange\/#primaryimage"},"image":{"@id":"https:\/\/eschringen.de\/wordpress\/die-menschen\/escherange\/#primaryimage"},"thumbnailUrl":"https:\/\/eschringen.de\/wordpress\/wp-content\/uploads\/2022\/08\/Kopf_escherange.jpg","datePublished":"2017-02-07T21:33:13+00:00","dateModified":"2022-08-20T08:30:54+00:00","breadcrumb":{"@id":"https:\/\/eschringen.de\/wordpress\/die-menschen\/escherange\/#breadcrumb"},"inLanguage":"de","potentialAction":[{"@type":"ReadAction","target":["https:\/\/eschringen.de\/wordpress\/die-menschen\/escherange\/"]}]},{"@type":"ImageObject","inLanguage":"de","@id":"https:\/\/eschringen.de\/wordpress\/die-menschen\/escherange\/#primaryimage","url":"https:\/\/i0.wp.com\/eschringen.de\/wordpress\/wp-content\/uploads\/2022\/08\/Kopf_escherange.jpg?fit=600%2C130&ssl=1","contentUrl":"https:\/\/i0.wp.com\/eschringen.de\/wordpress\/wp-content\/uploads\/2022\/08\/Kopf_escherange.jpg?fit=600%2C130&ssl=1","width":600,"height":130},{"@type":"BreadcrumbList","@id":"https:\/\/eschringen.de\/wordpress\/die-menschen\/escherange\/#breadcrumb","itemListElement":[{"@type":"ListItem","position":1,"name":"Startseite","item":"https:\/\/eschringen.de\/wordpress\/"},{"@type":"ListItem","position":2,"name":"Die Menschen","item":"https:\/\/eschringen.de\/wordpress\/die-menschen\/"},{"@type":"ListItem","position":3,"name":"Escherange"}]},{"@type":"WebSite","@id":"https:\/\/eschringen.de\/wordpress\/#website","url":"https:\/\/eschringen.de\/wordpress\/","name":"Eschringen","description":"","publisher":{"@id":"https:\/\/eschringen.de\/wordpress\/#organization"},"potentialAction":[{"@type":"SearchAction","target":{"@type":"EntryPoint","urlTemplate":"https:\/\/eschringen.de\/wordpress\/?s={search_term_string}"},"query-input":{"@type":"PropertyValueSpecification","valueRequired":true,"valueName":"search_term_string"}}],"inLanguage":"de"},{"@type":"Organization","@id":"https:\/\/eschringen.de\/wordpress\/#organization","name":"Eschringen","url":"https:\/\/eschringen.de\/wordpress\/","logo":{"@type":"ImageObject","inLanguage":"de","@id":"https:\/\/eschringen.de\/wordpress\/#\/schema\/logo\/image\/","url":"https:\/\/eschringen.de\/wordpress\/wp-content\/uploads\/2017\/03\/2017_kw15.jpg","contentUrl":"https:\/\/eschringen.de\/wordpress\/wp-content\/uploads\/2017\/03\/2017_kw15.jpg","width":784,"height":447,"caption":"Eschringen"},"image":{"@id":"https:\/\/eschringen.de\/wordpress\/#\/schema\/logo\/image\/"}}]}},"jetpack_sharing_enabled":true,"_links":{"self":[{"href":"https:\/\/eschringen.de\/wordpress\/wp-json\/wp\/v2\/pages\/290","targetHints":{"allow":["GET"]}}],"collection":[{"href":"https:\/\/eschringen.de\/wordpress\/wp-json\/wp\/v2\/pages"}],"about":[{"href":"https:\/\/eschringen.de\/wordpress\/wp-json\/wp\/v2\/types\/page"}],"author":[{"embeddable":true,"href":"https:\/\/eschringen.de\/wordpress\/wp-json\/wp\/v2\/users\/1"}],"replies":[{"embeddable":true,"href":"https:\/\/eschringen.de\/wordpress\/wp-json\/wp\/v2\/comments?post=290"}],"version-history":[{"count":5,"href":"https:\/\/eschringen.de\/wordpress\/wp-json\/wp\/v2\/pages\/290\/revisions"}],"predecessor-version":[{"id":3733,"href":"https:\/\/eschringen.de\/wordpress\/wp-json\/wp\/v2\/pages\/290\/revisions\/3733"}],"up":[{"embeddable":true,"href":"https:\/\/eschringen.de\/wordpress\/wp-json\/wp\/v2\/pages\/34"}],"wp:attachment":[{"href":"https:\/\/eschringen.de\/wordpress\/wp-json\/wp\/v2\/media?parent=290"}],"curies":[{"name":"wp","href":"https:\/\/api.w.org\/{rel}","templated":true}]}}