{"id":270,"date":"2017-02-07T21:21:08","date_gmt":"2017-02-07T20:21:08","guid":{"rendered":"http:\/\/eschringen.de\/wordpress\/?page_id=270"},"modified":"2024-04-04T19:22:18","modified_gmt":"2024-04-04T17:22:18","slug":"wahlergebnisse","status":"publish","type":"page","link":"https:\/\/eschringen.de\/wordpress\/die-menschen\/wahlergebnisse\/","title":{"rendered":"Wahlergebnisse"},"content":{"rendered":"\n<p>Hier finden Sie die Ergebnisse der verschiedenen Wahlen.<\/p>\n\n\n\n<p>Alle Ergebnisse sind reine Eschringer Stimmen.<\/p>\n\n\n\n<ul class=\"wp-block-list\">\n<li><a href=\"http:\/\/eschringen.de\/wordpress\/die-menschen\/wahlergebnisse\/bundestagswahl\/\">Bundestagswahlen<\/a><\/li>\n\n\n\n<li><a href=\"http:\/\/eschringen.de\/wordpress\/die-menschen\/wahlergebnisse-2\/landtagswahl\/\">Landtagswahlen<\/a><\/li>\n\n\n\n<li><a href=\"http:\/\/eschringen.de\/wordpress\/die-menschen\/wahlergebnisse\/kommunalwahl\/\">Kommunalwahlen<\/a><\/li>\n\n\n\n<li><a href=\"http:\/\/eschringen.de\/wordpress\/die-menschen\/wahlergebnisse\/europawahl\/\">Europawahlen<\/a><\/li>\n<\/ul>\n\n\n\n<p>Um auch fr\u00fchere Wahlergebnisse zu ver\u00f6ffentlichen appellieren wir an diejenigen, die uns vielleicht Infos geben k\u00f6nnen. Wir bauen die Zahlen gerne ein.<\/p>\n","protected":false},"excerpt":{"rendered":"<p>Hier finden Sie die Ergebnisse der verschiedenen Wahlen. Alle Ergebnisse sind reine Eschringer Stimmen. Um auch fr\u00fchere Wahlergebnisse zu ver\u00f6ffentlichen appellieren wir an diejenigen, die uns vielleicht Infos geben k\u00f6nnen. Wir bauen die Zahlen gerne ein.<\/p>\n","protected":false},"author":1,"featured_media":0,"parent":34,"menu_order":3,"comment_status":"closed","ping_status":"closed","template":"","meta":{"ngg_post_thumbnail":0,"footnotes":""},"class_list":["post-270","page","type-page","status-publish"],"yoast_head":"<!-- This site is optimized with the Yoast SEO plugin v27.4 - https:\/\/yoast.com\/product\/yoast-seo-wordpress\/ -->\n<title>Wahlergebnisse - Eschringen<\/title>\n<meta name=\"robots\" content=\"index, follow, max-snippet:-1, max-image-preview:large, max-video-preview:-1\" \/>\n<link rel=\"canonical\" href=\"https:\/\/eschringen.de\/wordpress\/die-menschen\/wahlergebnisse\/\" \/>\n<meta property=\"og:locale\" content=\"de_DE\" \/>\n<meta property=\"og:type\" content=\"article\" \/>\n<meta property=\"og:title\" content=\"Wahlergebnisse - Eschringen\" \/>\n<meta property=\"og:description\" content=\"Hier finden Sie die Ergebnisse der verschiedenen Wahlen. Alle Ergebnisse sind reine Eschringer Stimmen. Um auch fr\u00fchere Wahlergebnisse zu ver\u00f6ffentlichen appellieren wir an diejenigen, die uns vielleicht Infos geben k\u00f6nnen. Wir bauen die Zahlen gerne ein.\" \/>\n<meta property=\"og:url\" content=\"https:\/\/eschringen.de\/wordpress\/die-menschen\/wahlergebnisse\/\" \/>\n<meta property=\"og:site_name\" content=\"Eschringen\" \/>\n<meta property=\"article:modified_time\" content=\"2024-04-04T17:22:18+00:00\" \/>\n<meta name=\"twitter:card\" content=\"summary_large_image\" \/>\n<meta name=\"twitter:label1\" content=\"Gesch\u00e4tzte Lesezeit\" \/>\n\t<meta name=\"twitter:data1\" content=\"1\u00a0Minute\" \/>\n<script type=\"application\/ld+json\" class=\"yoast-schema-graph\">{\"@context\":\"https:\\\/\\\/schema.org\",\"@graph\":[{\"@type\":\"WebPage\",\"@id\":\"https:\\\/\\\/eschringen.de\\\/wordpress\\\/die-menschen\\\/wahlergebnisse\\\/\",\"url\":\"https:\\\/\\\/eschringen.de\\\/wordpress\\\/die-menschen\\\/wahlergebnisse\\\/\",\"name\":\"Wahlergebnisse - Eschringen\",\"isPartOf\":{\"@id\":\"https:\\\/\\\/eschringen.de\\\/wordpress\\\/#website\"},\"datePublished\":\"2017-02-07T20:21:08+00:00\",\"dateModified\":\"2024-04-04T17:22:18+00:00\",\"breadcrumb\":{\"@id\":\"https:\\\/\\\/eschringen.de\\\/wordpress\\\/die-menschen\\\/wahlergebnisse\\\/#breadcrumb\"},\"inLanguage\":\"de\",\"potentialAction\":[{\"@type\":\"ReadAction\",\"target\":[\"https:\\\/\\\/eschringen.de\\\/wordpress\\\/die-menschen\\\/wahlergebnisse\\\/\"]}]},{\"@type\":\"BreadcrumbList\",\"@id\":\"https:\\\/\\\/eschringen.de\\\/wordpress\\\/die-menschen\\\/wahlergebnisse\\\/#breadcrumb\",\"itemListElement\":[{\"@type\":\"ListItem\",\"position\":1,\"name\":\"Startseite\",\"item\":\"https:\\\/\\\/eschringen.de\\\/wordpress\\\/\"},{\"@type\":\"ListItem\",\"position\":2,\"name\":\"Die Menschen\",\"item\":\"https:\\\/\\\/eschringen.de\\\/wordpress\\\/die-menschen\\\/\"},{\"@type\":\"ListItem\",\"position\":3,\"name\":\"Wahlergebnisse\"}]},{\"@type\":\"WebSite\",\"@id\":\"https:\\\/\\\/eschringen.de\\\/wordpress\\\/#website\",\"url\":\"https:\\\/\\\/eschringen.de\\\/wordpress\\\/\",\"name\":\"Eschringen\",\"description\":\"\",\"publisher\":{\"@id\":\"https:\\\/\\\/eschringen.de\\\/wordpress\\\/#organization\"},\"potentialAction\":[{\"@type\":\"SearchAction\",\"target\":{\"@type\":\"EntryPoint\",\"urlTemplate\":\"https:\\\/\\\/eschringen.de\\\/wordpress\\\/?s={search_term_string}\"},\"query-input\":{\"@type\":\"PropertyValueSpecification\",\"valueRequired\":true,\"valueName\":\"search_term_string\"}}],\"inLanguage\":\"de\"},{\"@type\":\"Organization\",\"@id\":\"https:\\\/\\\/eschringen.de\\\/wordpress\\\/#organization\",\"name\":\"Eschringen\",\"url\":\"https:\\\/\\\/eschringen.de\\\/wordpress\\\/\",\"logo\":{\"@type\":\"ImageObject\",\"inLanguage\":\"de\",\"@id\":\"https:\\\/\\\/eschringen.de\\\/wordpress\\\/#\\\/schema\\\/logo\\\/image\\\/\",\"url\":\"https:\\\/\\\/eschringen.de\\\/wordpress\\\/wp-content\\\/uploads\\\/2017\\\/03\\\/2017_kw15.jpg\",\"contentUrl\":\"https:\\\/\\\/eschringen.de\\\/wordpress\\\/wp-content\\\/uploads\\\/2017\\\/03\\\/2017_kw15.jpg\",\"width\":784,\"height\":447,\"caption\":\"Eschringen\"},\"image\":{\"@id\":\"https:\\\/\\\/eschringen.de\\\/wordpress\\\/#\\\/schema\\\/logo\\\/image\\\/\"}}]}<\/script>\n<!-- \/ Yoast SEO plugin. -->","yoast_head_json":{"title":"Wahlergebnisse - Eschringen","robots":{"index":"index","follow":"follow","max-snippet":"max-snippet:-1","max-image-preview":"max-image-preview:large","max-video-preview":"max-video-preview:-1"},"canonical":"https:\/\/eschringen.de\/wordpress\/die-menschen\/wahlergebnisse\/","og_locale":"de_DE","og_type":"article","og_title":"Wahlergebnisse - Eschringen","og_description":"Hier finden Sie die Ergebnisse der verschiedenen Wahlen. Alle Ergebnisse sind reine Eschringer Stimmen. Um auch fr\u00fchere Wahlergebnisse zu ver\u00f6ffentlichen appellieren wir an diejenigen, die uns vielleicht Infos geben k\u00f6nnen. Wir bauen die Zahlen gerne ein.","og_url":"https:\/\/eschringen.de\/wordpress\/die-menschen\/wahlergebnisse\/","og_site_name":"Eschringen","article_modified_time":"2024-04-04T17:22:18+00:00","twitter_card":"summary_large_image","twitter_misc":{"Gesch\u00e4tzte Lesezeit":"1\u00a0Minute"},"schema":{"@context":"https:\/\/schema.org","@graph":[{"@type":"WebPage","@id":"https:\/\/eschringen.de\/wordpress\/die-menschen\/wahlergebnisse\/","url":"https:\/\/eschringen.de\/wordpress\/die-menschen\/wahlergebnisse\/","name":"Wahlergebnisse - Eschringen","isPartOf":{"@id":"https:\/\/eschringen.de\/wordpress\/#website"},"datePublished":"2017-02-07T20:21:08+00:00","dateModified":"2024-04-04T17:22:18+00:00","breadcrumb":{"@id":"https:\/\/eschringen.de\/wordpress\/die-menschen\/wahlergebnisse\/#breadcrumb"},"inLanguage":"de","potentialAction":[{"@type":"ReadAction","target":["https:\/\/eschringen.de\/wordpress\/die-menschen\/wahlergebnisse\/"]}]},{"@type":"BreadcrumbList","@id":"https:\/\/eschringen.de\/wordpress\/die-menschen\/wahlergebnisse\/#breadcrumb","itemListElement":[{"@type":"ListItem","position":1,"name":"Startseite","item":"https:\/\/eschringen.de\/wordpress\/"},{"@type":"ListItem","position":2,"name":"Die Menschen","item":"https:\/\/eschringen.de\/wordpress\/die-menschen\/"},{"@type":"ListItem","position":3,"name":"Wahlergebnisse"}]},{"@type":"WebSite","@id":"https:\/\/eschringen.de\/wordpress\/#website","url":"https:\/\/eschringen.de\/wordpress\/","name":"Eschringen","description":"","publisher":{"@id":"https:\/\/eschringen.de\/wordpress\/#organization"},"potentialAction":[{"@type":"SearchAction","target":{"@type":"EntryPoint","urlTemplate":"https:\/\/eschringen.de\/wordpress\/?s={search_term_string}"},"query-input":{"@type":"PropertyValueSpecification","valueRequired":true,"valueName":"search_term_string"}}],"inLanguage":"de"},{"@type":"Organization","@id":"https:\/\/eschringen.de\/wordpress\/#organization","name":"Eschringen","url":"https:\/\/eschringen.de\/wordpress\/","logo":{"@type":"ImageObject","inLanguage":"de","@id":"https:\/\/eschringen.de\/wordpress\/#\/schema\/logo\/image\/","url":"https:\/\/eschringen.de\/wordpress\/wp-content\/uploads\/2017\/03\/2017_kw15.jpg","contentUrl":"https:\/\/eschringen.de\/wordpress\/wp-content\/uploads\/2017\/03\/2017_kw15.jpg","width":784,"height":447,"caption":"Eschringen"},"image":{"@id":"https:\/\/eschringen.de\/wordpress\/#\/schema\/logo\/image\/"}}]}},"jetpack_sharing_enabled":true,"_links":{"self":[{"href":"https:\/\/eschringen.de\/wordpress\/wp-json\/wp\/v2\/pages\/270","targetHints":{"allow":["GET"]}}],"collection":[{"href":"https:\/\/eschringen.de\/wordpress\/wp-json\/wp\/v2\/pages"}],"about":[{"href":"https:\/\/eschringen.de\/wordpress\/wp-json\/wp\/v2\/types\/page"}],"author":[{"embeddable":true,"href":"https:\/\/eschringen.de\/wordpress\/wp-json\/wp\/v2\/users\/1"}],"replies":[{"embeddable":true,"href":"https:\/\/eschringen.de\/wordpress\/wp-json\/wp\/v2\/comments?post=270"}],"version-history":[{"count":9,"href":"https:\/\/eschringen.de\/wordpress\/wp-json\/wp\/v2\/pages\/270\/revisions"}],"predecessor-version":[{"id":4498,"href":"https:\/\/eschringen.de\/wordpress\/wp-json\/wp\/v2\/pages\/270\/revisions\/4498"}],"up":[{"embeddable":true,"href":"https:\/\/eschringen.de\/wordpress\/wp-json\/wp\/v2\/pages\/34"}],"wp:attachment":[{"href":"https:\/\/eschringen.de\/wordpress\/wp-json\/wp\/v2\/media?parent=270"}],"curies":[{"name":"wp","href":"https:\/\/api.w.org\/{rel}","templated":true}]}}