{"id":261,"date":"2017-02-07T20:11:27","date_gmt":"2017-02-07T19:11:27","guid":{"rendered":"http:\/\/eschringen.de\/wordpress\/?page_id=261"},"modified":"2022-08-20T09:54:49","modified_gmt":"2022-08-20T07:54:49","slug":"ben-martin","status":"publish","type":"page","link":"https:\/\/eschringen.de\/wordpress\/die-menschen\/steckbriefe\/ben-martin\/","title":{"rendered":"Ben Martin"},"content":{"rendered":"\n<h5 class=\"wp-block-heading\"><span style=\"color: #0000ff;\"><strong>S\u00e4nger<\/strong><\/span><\/h5>\n\n\n<div class=\"wp-block-image\">\n<figure class=\"alignright\"><a href=\"http:\/\/eschringen.de\/wordpress\/die-menschen\/steckbriefe\/ben-martin\/ben_autogramm\/\" rel=\"attachment wp-att-1183\"><img data-recalc-dims=\"1\" loading=\"lazy\" decoding=\"async\" width=\"209\" height=\"300\" src=\"https:\/\/i0.wp.com\/eschringen.de\/wordpress\/wp-content\/uploads\/2017\/02\/ben_autogramm-209x300.jpg?resize=209%2C300\" alt=\"\" class=\"wp-image-1183\" srcset=\"https:\/\/i0.wp.com\/eschringen.de\/wordpress\/wp-content\/uploads\/2017\/02\/ben_autogramm.jpg?resize=209%2C300&amp;ssl=1 209w, https:\/\/i0.wp.com\/eschringen.de\/wordpress\/wp-content\/uploads\/2017\/02\/ben_autogramm.jpg?w=300&amp;ssl=1 300w\" sizes=\"auto, (max-width: 209px) 100vw, 209px\" \/><\/a><\/figure>\n<\/div>\n\n\n<p>Ja, an ihm schieden sich \u00fcber Jahrzehnte die Geister in unserem Dorf. Denn er war ein \u201eenfant terrible\u201c: Ben Martin alias Oswin Bachmann (so sein b\u00fcrgerlicher Name). Vor allem in den 1970er Jahren war der Diskothekenbetreiber und Schlagers\u00e4nger im Saarland fast so bekannt wie Frank Farian.<\/p>\n\n\n<div class=\"wp-block-image\">\n<figure class=\"alignleft size-full\"><img data-recalc-dims=\"1\" loading=\"lazy\" decoding=\"async\" width=\"250\" height=\"291\" src=\"https:\/\/i0.wp.com\/eschringen.de\/wordpress\/wp-content\/uploads\/2022\/08\/Ben.jpg?resize=250%2C291&#038;ssl=1\" alt=\"\" class=\"wp-image-3674\"\/><figcaption>Anzeige aus der Zeitung \u201eCrash\u201c (1970)<\/figcaption><\/figure>\n<\/div>\n\n\n<p>Geboren wurde er am 4. M\u00e4rz 1945 in Eschringen, also vor 70 Jahren als Sohn von Josef Bachmann. Oswin wuchs im Gr\u00e4finthaler Weg (sp\u00e4ter Gr\u00e4finthaler Stra\u00dfe) auf, in dem damals noch allein stehenden \u201eBachmanns Haus\u201c. Seine Liebe zur Musik hatte er von Gro\u00dfvater Georg geerbt.<\/p>\n\n\n\n<p>Nach der Schulzeit machte Oswin Bachmann eine Lehre zum Elektro-Installateur, die er erfolgreich abschloss. Als junger Mann begeisterte er sich schnell f\u00fcr Rock&#8217;n&#8217;Roll und Beat Music, hatte aber auch keine Ber\u00fchrungs\u00e4ngste mit dem deutschen Schlager. In der Freizeit versuchte er sich als Diskjockey, baute nach und nach eine gro\u00dfe Schallplattensammlung auf.<br>Bachmann wagte sich schlie\u00dflich auch unternehmerisch aktiv zu werden. Er baute diverse Diskotheken im Saarland auf, u. a. das \u201eBlue Dog\u201c und die \u201eKupferschmiede\u201c in Heusweiler:<\/p>\n\n\n\n<figure class=\"wp-block-gallery has-nested-images columns-default is-cropped wp-block-gallery-2 is-layout-flex wp-block-gallery-is-layout-flex\">\n<figure class=\"wp-block-image size-large\"><img data-recalc-dims=\"1\" loading=\"lazy\" decoding=\"async\" width=\"300\" height=\"300\" data-id=\"3676\" src=\"https:\/\/i0.wp.com\/eschringen.de\/wordpress\/wp-content\/uploads\/2022\/08\/BenMaedchen.jpg?resize=300%2C300&#038;ssl=1\" alt=\"\" class=\"wp-image-3676\" srcset=\"https:\/\/i0.wp.com\/eschringen.de\/wordpress\/wp-content\/uploads\/2022\/08\/BenMaedchen.jpg?w=300&amp;ssl=1 300w, https:\/\/i0.wp.com\/eschringen.de\/wordpress\/wp-content\/uploads\/2022\/08\/BenMaedchen.jpg?resize=150%2C150&amp;ssl=1 150w\" sizes=\"auto, (max-width: 300px) 100vw, 300px\" \/><figcaption>Ben Martin &#8211; Single &#8222;Ein M\u00e4dchen wie du&#8220;<\/figcaption><\/figure>\n\n\n\n<figure class=\"wp-block-image size-large\"><img data-recalc-dims=\"1\" loading=\"lazy\" decoding=\"async\" width=\"300\" height=\"296\" data-id=\"3675\" src=\"https:\/\/i0.wp.com\/eschringen.de\/wordpress\/wp-content\/uploads\/2022\/08\/BenAllein.jpg?resize=300%2C296&#038;ssl=1\" alt=\"\" class=\"wp-image-3675\"\/><figcaption>Ben Martin &#8211; Single &#8222;Allein wie ich&#8220;<\/figcaption><\/figure>\n<\/figure>\n\n\n\n<p>Parallel hierzu versuchte er sich Anfang der 1970er Jahre unter dem K\u00fcnstlernamen Ben Martin als Schlagers\u00e4nger, arbeitete vornehmlich mit dem Saarbr\u00fccker Pianisten, Arrangeur und Komponisten Fritz Maldener zusammen und ver\u00f6ffentlichte zwei Singles:<\/p>\n\n\n\n<figure class=\"wp-block-gallery has-nested-images columns-default is-cropped wp-block-gallery-3 is-layout-flex wp-block-gallery-is-layout-flex\">\n<figure class=\"wp-block-image size-large\"><img data-recalc-dims=\"1\" loading=\"lazy\" decoding=\"async\" width=\"591\" height=\"591\" data-id=\"1187\" src=\"https:\/\/i0.wp.com\/eschringen.de\/wordpress\/wp-content\/uploads\/2017\/02\/ben_maedchen_back.jpg?resize=591%2C591&#038;ssl=1\" alt=\"\" class=\"wp-image-1187\" srcset=\"https:\/\/i0.wp.com\/eschringen.de\/wordpress\/wp-content\/uploads\/2017\/02\/ben_maedchen_back.jpg?w=591&amp;ssl=1 591w, https:\/\/i0.wp.com\/eschringen.de\/wordpress\/wp-content\/uploads\/2017\/02\/ben_maedchen_back.jpg?resize=150%2C150&amp;ssl=1 150w, https:\/\/i0.wp.com\/eschringen.de\/wordpress\/wp-content\/uploads\/2017\/02\/ben_maedchen_back.jpg?resize=300%2C300&amp;ssl=1 300w\" sizes=\"auto, (max-width: 591px) 100vw, 591px\" \/><\/figure>\n\n\n\n<figure class=\"wp-block-image size-large\"><img data-recalc-dims=\"1\" loading=\"lazy\" decoding=\"async\" width=\"591\" height=\"591\" data-id=\"1186\" src=\"https:\/\/i0.wp.com\/eschringen.de\/wordpress\/wp-content\/uploads\/2017\/02\/ben_maedchen_single.jpg?resize=591%2C591&#038;ssl=1\" alt=\"\" class=\"wp-image-1186\" srcset=\"https:\/\/i0.wp.com\/eschringen.de\/wordpress\/wp-content\/uploads\/2017\/02\/ben_maedchen_single.jpg?w=591&amp;ssl=1 591w, https:\/\/i0.wp.com\/eschringen.de\/wordpress\/wp-content\/uploads\/2017\/02\/ben_maedchen_single.jpg?resize=150%2C150&amp;ssl=1 150w, https:\/\/i0.wp.com\/eschringen.de\/wordpress\/wp-content\/uploads\/2017\/02\/ben_maedchen_single.jpg?resize=300%2C300&amp;ssl=1 300w\" sizes=\"auto, (max-width: 591px) 100vw, 591px\" \/><\/figure>\n<\/figure>\n\n\n\n<p>Komm zur\u00fcck Angelique\/Allein wie ich (Polydor), beides Eigenkompositionen, und Tschigge-tschagge-tschonga\/Ein M\u00e4dchen wie Du (Altax); die B-Seite schrieb er mit Maldener. Im regionalen Fernsehen war Ben Martin hin und wieder zu sehen (und zu h\u00f6ren); ein geplanter Auftritt bei Dieter Thomas Hecks ZDF-Hitparade \u201efiel ins Wasser\u201c (aus ungekl\u00e4rten Gr\u00fcnden).<\/p>\n\n\n\n<p>Hier die Aufnahme <a href=\"https:\/\/eschringen.de\/wordpress\/wp-content\/uploads\/2020\/07\/tschigge.mp3\">Tschigge-tschagge-tschonga<\/a><\/p>\n\n\n\n<p>Nach Pannen, Pech &amp; Pleiten schlug sich Bachmann als Automatenaufsteller durch Leben. Als bekennender Schwuler eckte er mit vielen Menschen an, auch wegen Eskapaden \u201evor Ort\u201c: In seinem Haus in Eschringen betrieb Bachmann eine Schlangeneibr\u00fcterstation, er hielt sich einen Panther, der immer mal ausb\u00fcchste, und er ritt mit seinem Pferd \u2013 wie es hei\u00dft: \u201ein provokanter Pose\u201c \u2013 durchs Dorf.<br>In den 1990er Jahren zog sich Bachmann mehr und mehr in die Isolation zur\u00fcck: in die Kellerwohnung seiner Schwester Christel. Hin und wieder lief er barfu\u00df (auch im Winter), \u00e4u\u00dferlich v\u00f6llig heruntergekommen, durch Eschringen. Nach dem Tod seines (ausw\u00e4rts wohnenden) Lebensgef\u00e4hrten und einer sich verst\u00e4rkenden psychischen Erkrankung \u201everschwand\u201c Bachmann in der Saarbr\u00fccker \u201eSonnenberg\u201c-Klinik.<br>Ab 2009 lebte er im Pflegeheim der AWO Spiesen-Elversberg, wo er auch am 20. April 2010 verstarb.<\/p>\n\n\n\n<p>(rs)<\/p>\n\n\n\n<p><a href=\"http:\/\/eschringen.de\/wordpress\/die-menschen\/steckbriefe\/\">Zur\u00fcck zu den Steckbriefen<\/a><\/p>\n","protected":false},"excerpt":{"rendered":"<p>S\u00e4nger Ja, an ihm schieden sich \u00fcber Jahrzehnte die Geister in unserem Dorf. Denn er war ein \u201eenfant terrible\u201c: Ben Martin alias Oswin Bachmann (so sein b\u00fcrgerlicher Name). Vor allem in den 1970er Jahren war der Diskothekenbetreiber und Schlagers\u00e4nger im Saarland fast so bekannt wie Frank Farian. Geboren wurde er am 4. M\u00e4rz 1945 in &#8230; <a title=\"Ben Martin\" class=\"read-more\" href=\"https:\/\/eschringen.de\/wordpress\/die-menschen\/steckbriefe\/ben-martin\/\" aria-label=\"Mehr Informationen \u00fcber Ben Martin\">Weiterlesen &#8230;<\/a><\/p>\n","protected":false},"author":1,"featured_media":0,"parent":197,"menu_order":13,"comment_status":"closed","ping_status":"closed","template":"","meta":{"ngg_post_thumbnail":0,"footnotes":""},"class_list":["post-261","page","type-page","status-publish"],"yoast_head":"<!-- This site is optimized with the Yoast SEO plugin v27.3 - https:\/\/yoast.com\/product\/yoast-seo-wordpress\/ -->\n<title>Ben Martin - Eschringen<\/title>\n<meta name=\"description\" content=\"Ben Martin, ein ehemaliger S\u00e4nger aus Eschringen. Der gro\u00dfe Durchbruch blieb ihm allerdings verwehrt. Seine Schallplatten werden als Rarit\u00e4ten gehandelt.\" \/>\n<meta name=\"robots\" content=\"index, follow, max-snippet:-1, max-image-preview:large, max-video-preview:-1\" \/>\n<link rel=\"canonical\" href=\"https:\/\/eschringen.de\/wordpress\/die-menschen\/steckbriefe\/ben-martin\/\" \/>\n<meta property=\"og:locale\" content=\"de_DE\" \/>\n<meta property=\"og:type\" content=\"article\" \/>\n<meta property=\"og:title\" content=\"Ben Martin - Eschringen\" \/>\n<meta property=\"og:description\" content=\"Ben Martin, ein ehemaliger S\u00e4nger aus Eschringen. Der gro\u00dfe Durchbruch blieb ihm allerdings verwehrt. Seine Schallplatten werden als Rarit\u00e4ten gehandelt.\" \/>\n<meta property=\"og:url\" content=\"https:\/\/eschringen.de\/wordpress\/die-menschen\/steckbriefe\/ben-martin\/\" \/>\n<meta property=\"og:site_name\" content=\"Eschringen\" \/>\n<meta property=\"article:modified_time\" content=\"2022-08-20T07:54:49+00:00\" \/>\n<meta property=\"og:image\" content=\"http:\/\/eschringen.de\/wordpress\/wp-content\/uploads\/2017\/02\/ben_autogramm-209x300.jpg\" \/>\n<meta name=\"twitter:card\" content=\"summary_large_image\" \/>\n<meta name=\"twitter:label1\" content=\"Gesch\u00e4tzte Lesezeit\" \/>\n\t<meta name=\"twitter:data1\" content=\"4\u00a0Minuten\" \/>\n<script type=\"application\/ld+json\" class=\"yoast-schema-graph\">{\"@context\":\"https:\\\/\\\/schema.org\",\"@graph\":[{\"@type\":\"WebPage\",\"@id\":\"https:\\\/\\\/eschringen.de\\\/wordpress\\\/die-menschen\\\/steckbriefe\\\/ben-martin\\\/\",\"url\":\"https:\\\/\\\/eschringen.de\\\/wordpress\\\/die-menschen\\\/steckbriefe\\\/ben-martin\\\/\",\"name\":\"Ben Martin - Eschringen\",\"isPartOf\":{\"@id\":\"https:\\\/\\\/eschringen.de\\\/wordpress\\\/#website\"},\"primaryImageOfPage\":{\"@id\":\"https:\\\/\\\/eschringen.de\\\/wordpress\\\/die-menschen\\\/steckbriefe\\\/ben-martin\\\/#primaryimage\"},\"image\":{\"@id\":\"https:\\\/\\\/eschringen.de\\\/wordpress\\\/die-menschen\\\/steckbriefe\\\/ben-martin\\\/#primaryimage\"},\"thumbnailUrl\":\"http:\\\/\\\/eschringen.de\\\/wordpress\\\/wp-content\\\/uploads\\\/2017\\\/02\\\/ben_autogramm-209x300.jpg\",\"datePublished\":\"2017-02-07T19:11:27+00:00\",\"dateModified\":\"2022-08-20T07:54:49+00:00\",\"description\":\"Ben Martin, ein ehemaliger S\u00e4nger aus Eschringen. Der gro\u00dfe Durchbruch blieb ihm allerdings verwehrt. Seine Schallplatten werden als Rarit\u00e4ten gehandelt.\",\"breadcrumb\":{\"@id\":\"https:\\\/\\\/eschringen.de\\\/wordpress\\\/die-menschen\\\/steckbriefe\\\/ben-martin\\\/#breadcrumb\"},\"inLanguage\":\"de\",\"potentialAction\":[{\"@type\":\"ReadAction\",\"target\":[\"https:\\\/\\\/eschringen.de\\\/wordpress\\\/die-menschen\\\/steckbriefe\\\/ben-martin\\\/\"]}]},{\"@type\":\"ImageObject\",\"inLanguage\":\"de\",\"@id\":\"https:\\\/\\\/eschringen.de\\\/wordpress\\\/die-menschen\\\/steckbriefe\\\/ben-martin\\\/#primaryimage\",\"url\":\"http:\\\/\\\/eschringen.de\\\/wordpress\\\/wp-content\\\/uploads\\\/2017\\\/02\\\/ben_autogramm-209x300.jpg\",\"contentUrl\":\"http:\\\/\\\/eschringen.de\\\/wordpress\\\/wp-content\\\/uploads\\\/2017\\\/02\\\/ben_autogramm-209x300.jpg\"},{\"@type\":\"BreadcrumbList\",\"@id\":\"https:\\\/\\\/eschringen.de\\\/wordpress\\\/die-menschen\\\/steckbriefe\\\/ben-martin\\\/#breadcrumb\",\"itemListElement\":[{\"@type\":\"ListItem\",\"position\":1,\"name\":\"Startseite\",\"item\":\"https:\\\/\\\/eschringen.de\\\/wordpress\\\/\"},{\"@type\":\"ListItem\",\"position\":2,\"name\":\"Die Menschen\",\"item\":\"https:\\\/\\\/eschringen.de\\\/wordpress\\\/die-menschen\\\/\"},{\"@type\":\"ListItem\",\"position\":3,\"name\":\"Steckbriefe\",\"item\":\"https:\\\/\\\/eschringen.de\\\/wordpress\\\/die-menschen\\\/steckbriefe\\\/\"},{\"@type\":\"ListItem\",\"position\":4,\"name\":\"Ben Martin\"}]},{\"@type\":\"WebSite\",\"@id\":\"https:\\\/\\\/eschringen.de\\\/wordpress\\\/#website\",\"url\":\"https:\\\/\\\/eschringen.de\\\/wordpress\\\/\",\"name\":\"Eschringen\",\"description\":\"\",\"publisher\":{\"@id\":\"https:\\\/\\\/eschringen.de\\\/wordpress\\\/#organization\"},\"potentialAction\":[{\"@type\":\"SearchAction\",\"target\":{\"@type\":\"EntryPoint\",\"urlTemplate\":\"https:\\\/\\\/eschringen.de\\\/wordpress\\\/?s={search_term_string}\"},\"query-input\":{\"@type\":\"PropertyValueSpecification\",\"valueRequired\":true,\"valueName\":\"search_term_string\"}}],\"inLanguage\":\"de\"},{\"@type\":\"Organization\",\"@id\":\"https:\\\/\\\/eschringen.de\\\/wordpress\\\/#organization\",\"name\":\"Eschringen\",\"url\":\"https:\\\/\\\/eschringen.de\\\/wordpress\\\/\",\"logo\":{\"@type\":\"ImageObject\",\"inLanguage\":\"de\",\"@id\":\"https:\\\/\\\/eschringen.de\\\/wordpress\\\/#\\\/schema\\\/logo\\\/image\\\/\",\"url\":\"https:\\\/\\\/eschringen.de\\\/wordpress\\\/wp-content\\\/uploads\\\/2017\\\/03\\\/2017_kw15.jpg\",\"contentUrl\":\"https:\\\/\\\/eschringen.de\\\/wordpress\\\/wp-content\\\/uploads\\\/2017\\\/03\\\/2017_kw15.jpg\",\"width\":784,\"height\":447,\"caption\":\"Eschringen\"},\"image\":{\"@id\":\"https:\\\/\\\/eschringen.de\\\/wordpress\\\/#\\\/schema\\\/logo\\\/image\\\/\"}}]}<\/script>\n<!-- \/ Yoast SEO plugin. -->","yoast_head_json":{"title":"Ben Martin - Eschringen","description":"Ben Martin, ein ehemaliger S\u00e4nger aus Eschringen. Der gro\u00dfe Durchbruch blieb ihm allerdings verwehrt. Seine Schallplatten werden als Rarit\u00e4ten gehandelt.","robots":{"index":"index","follow":"follow","max-snippet":"max-snippet:-1","max-image-preview":"max-image-preview:large","max-video-preview":"max-video-preview:-1"},"canonical":"https:\/\/eschringen.de\/wordpress\/die-menschen\/steckbriefe\/ben-martin\/","og_locale":"de_DE","og_type":"article","og_title":"Ben Martin - Eschringen","og_description":"Ben Martin, ein ehemaliger S\u00e4nger aus Eschringen. Der gro\u00dfe Durchbruch blieb ihm allerdings verwehrt. Seine Schallplatten werden als Rarit\u00e4ten gehandelt.","og_url":"https:\/\/eschringen.de\/wordpress\/die-menschen\/steckbriefe\/ben-martin\/","og_site_name":"Eschringen","article_modified_time":"2022-08-20T07:54:49+00:00","og_image":[{"url":"http:\/\/eschringen.de\/wordpress\/wp-content\/uploads\/2017\/02\/ben_autogramm-209x300.jpg","type":"","width":"","height":""}],"twitter_card":"summary_large_image","twitter_misc":{"Gesch\u00e4tzte Lesezeit":"4\u00a0Minuten"},"schema":{"@context":"https:\/\/schema.org","@graph":[{"@type":"WebPage","@id":"https:\/\/eschringen.de\/wordpress\/die-menschen\/steckbriefe\/ben-martin\/","url":"https:\/\/eschringen.de\/wordpress\/die-menschen\/steckbriefe\/ben-martin\/","name":"Ben Martin - Eschringen","isPartOf":{"@id":"https:\/\/eschringen.de\/wordpress\/#website"},"primaryImageOfPage":{"@id":"https:\/\/eschringen.de\/wordpress\/die-menschen\/steckbriefe\/ben-martin\/#primaryimage"},"image":{"@id":"https:\/\/eschringen.de\/wordpress\/die-menschen\/steckbriefe\/ben-martin\/#primaryimage"},"thumbnailUrl":"http:\/\/eschringen.de\/wordpress\/wp-content\/uploads\/2017\/02\/ben_autogramm-209x300.jpg","datePublished":"2017-02-07T19:11:27+00:00","dateModified":"2022-08-20T07:54:49+00:00","description":"Ben Martin, ein ehemaliger S\u00e4nger aus Eschringen. Der gro\u00dfe Durchbruch blieb ihm allerdings verwehrt. Seine Schallplatten werden als Rarit\u00e4ten gehandelt.","breadcrumb":{"@id":"https:\/\/eschringen.de\/wordpress\/die-menschen\/steckbriefe\/ben-martin\/#breadcrumb"},"inLanguage":"de","potentialAction":[{"@type":"ReadAction","target":["https:\/\/eschringen.de\/wordpress\/die-menschen\/steckbriefe\/ben-martin\/"]}]},{"@type":"ImageObject","inLanguage":"de","@id":"https:\/\/eschringen.de\/wordpress\/die-menschen\/steckbriefe\/ben-martin\/#primaryimage","url":"http:\/\/eschringen.de\/wordpress\/wp-content\/uploads\/2017\/02\/ben_autogramm-209x300.jpg","contentUrl":"http:\/\/eschringen.de\/wordpress\/wp-content\/uploads\/2017\/02\/ben_autogramm-209x300.jpg"},{"@type":"BreadcrumbList","@id":"https:\/\/eschringen.de\/wordpress\/die-menschen\/steckbriefe\/ben-martin\/#breadcrumb","itemListElement":[{"@type":"ListItem","position":1,"name":"Startseite","item":"https:\/\/eschringen.de\/wordpress\/"},{"@type":"ListItem","position":2,"name":"Die Menschen","item":"https:\/\/eschringen.de\/wordpress\/die-menschen\/"},{"@type":"ListItem","position":3,"name":"Steckbriefe","item":"https:\/\/eschringen.de\/wordpress\/die-menschen\/steckbriefe\/"},{"@type":"ListItem","position":4,"name":"Ben Martin"}]},{"@type":"WebSite","@id":"https:\/\/eschringen.de\/wordpress\/#website","url":"https:\/\/eschringen.de\/wordpress\/","name":"Eschringen","description":"","publisher":{"@id":"https:\/\/eschringen.de\/wordpress\/#organization"},"potentialAction":[{"@type":"SearchAction","target":{"@type":"EntryPoint","urlTemplate":"https:\/\/eschringen.de\/wordpress\/?s={search_term_string}"},"query-input":{"@type":"PropertyValueSpecification","valueRequired":true,"valueName":"search_term_string"}}],"inLanguage":"de"},{"@type":"Organization","@id":"https:\/\/eschringen.de\/wordpress\/#organization","name":"Eschringen","url":"https:\/\/eschringen.de\/wordpress\/","logo":{"@type":"ImageObject","inLanguage":"de","@id":"https:\/\/eschringen.de\/wordpress\/#\/schema\/logo\/image\/","url":"https:\/\/eschringen.de\/wordpress\/wp-content\/uploads\/2017\/03\/2017_kw15.jpg","contentUrl":"https:\/\/eschringen.de\/wordpress\/wp-content\/uploads\/2017\/03\/2017_kw15.jpg","width":784,"height":447,"caption":"Eschringen"},"image":{"@id":"https:\/\/eschringen.de\/wordpress\/#\/schema\/logo\/image\/"}}]}},"jetpack_sharing_enabled":true,"_links":{"self":[{"href":"https:\/\/eschringen.de\/wordpress\/wp-json\/wp\/v2\/pages\/261","targetHints":{"allow":["GET"]}}],"collection":[{"href":"https:\/\/eschringen.de\/wordpress\/wp-json\/wp\/v2\/pages"}],"about":[{"href":"https:\/\/eschringen.de\/wordpress\/wp-json\/wp\/v2\/types\/page"}],"author":[{"embeddable":true,"href":"https:\/\/eschringen.de\/wordpress\/wp-json\/wp\/v2\/users\/1"}],"replies":[{"embeddable":true,"href":"https:\/\/eschringen.de\/wordpress\/wp-json\/wp\/v2\/comments?post=261"}],"version-history":[{"count":7,"href":"https:\/\/eschringen.de\/wordpress\/wp-json\/wp\/v2\/pages\/261\/revisions"}],"predecessor-version":[{"id":3716,"href":"https:\/\/eschringen.de\/wordpress\/wp-json\/wp\/v2\/pages\/261\/revisions\/3716"}],"up":[{"embeddable":true,"href":"https:\/\/eschringen.de\/wordpress\/wp-json\/wp\/v2\/pages\/197"}],"wp:attachment":[{"href":"https:\/\/eschringen.de\/wordpress\/wp-json\/wp\/v2\/media?parent=261"}],"curies":[{"name":"wp","href":"https:\/\/api.w.org\/{rel}","templated":true}]}}