{"id":257,"date":"2017-02-07T20:05:11","date_gmt":"2017-02-07T19:05:11","guid":{"rendered":"http:\/\/eschringen.de\/wordpress\/?page_id=257"},"modified":"2023-07-22T09:47:23","modified_gmt":"2023-07-22T07:47:23","slug":"heinrich-moog","status":"publish","type":"page","link":"https:\/\/eschringen.de\/wordpress\/die-menschen\/steckbriefe\/heinrich-moog\/","title":{"rendered":"Heinrich Moog"},"content":{"rendered":"\n<h5 class=\"wp-block-heading\"><strong><span style=\"color: #0000ff;\">Lehrer und Heimatforscher<\/span><\/strong><\/h5>\n\n\n\n<p>Viele Gemeinden d\u00fcrften Eschringen beneiden, denn nur selten finden sich &#8222;vor Ort&#8220; Menschen, die die Kompetenz, den Willen und das Durchhalteverm\u00f6gen besitzen, sich eingehend und umfassend mit lokaler Geschichte befassen, diese auch regional und national einordnen und bewerten zu k\u00f6nnen. Auf Heinrich Moog trafen eben jene genannten Kriterien zu: ein echter Gl\u00fccksfall f\u00fcr Eschringen! Denn Heinrich Moog recherchierte schon seit vielen Jahren in den Archiven, entschl\u00fcsselte verstaubte und schwer verst\u00e4ndliche Quellentexte und f\u00fcgte diese Mosaiksteinchen nach und nach zu einem Gesamtbild Eschringer Geschichte zusammen: eine unsch\u00e4tzbare Grundlagenforschung, die auch \u00fcber die Ortsgrenzen hinaus von Bedeutung bleiben wird.<\/p>\n\n\n<div class=\"wp-block-image\">\n<figure class=\"alignleft size-full\"><img data-recalc-dims=\"1\" loading=\"lazy\" decoding=\"async\" width=\"300\" height=\"425\" src=\"https:\/\/i0.wp.com\/eschringen.de\/wordpress\/wp-content\/uploads\/2023\/07\/moog_adv.jpg?resize=300%2C425&#038;ssl=1\" alt=\"\" class=\"wp-image-4294\" srcset=\"https:\/\/i0.wp.com\/eschringen.de\/wordpress\/wp-content\/uploads\/2023\/07\/moog_adv.jpg?w=300&amp;ssl=1 300w, https:\/\/i0.wp.com\/eschringen.de\/wordpress\/wp-content\/uploads\/2023\/07\/moog_adv.jpg?resize=212%2C300&amp;ssl=1 212w\" sizes=\"auto, (max-width: 300px) 100vw, 300px\" \/><\/figure>\n<\/div>\n\n\n<p>Heinrich Moog wurde am 5. Juli 1919 in Eschringen als Sohn von Hermann und Maria Moog geboren. Er wuchs in einer Gro\u00dffamilie im Hause Hauptstra\u00dfe 42 auf und besuchte die katholische Volksschule in Eschringen. Seine schulische Ausbildung beschloss er 1939 auf dem Gymnasium des Steyler Missionshauses St. Wendel mit dem Abitur. Der Zweite Weltkrieg beeintr\u00e4chtigte massiv sein angestrebtes Studium der Philosophie und Theologie. Eins\u00e4tze beim Reichsarbeitsdienst, in einer Baueinheit sowie im Sanit\u00e4tsdienst der Wehrmacht zwangen ihn zu nachhaltigen Ausbildungsunterbrechungen. Von den Nationalsozialisten wurde er als politisch unzuverl\u00e4ssig gebrandmarkt, schikaniert, \u00fcberwacht, mit Kriegsgericht bedroht. Aufgrund einer Erkrankung in Russland wurde er Ende 1944 ausgemustert und als wehruntauglich entlassen. Nach Kriegsende nahm er sein Studium an der Hochschule des Missionspriesterseminars SVD in St. Augustin bei Bonn wieder auf. In Saarbr\u00fccken absolvierte Heinrich Moog am staatlichen Lehrerseminar schlie\u00dflich die 1. und 2. Lehrerpr\u00fcfung. Von 1948 bis 1981 war er als Lehrer an Volksschulen, als Mentor bei der Lehrerausbildung und als Konrektor an Grund- und Hauptschulen im Saarland und in Rheinland-Pfalz t\u00e4tig (u. a. in T\u00fcrkism\u00fchle, Serrig, Saarburg und Saarbr\u00fccken). Der Wechsel nach Rheinland-Pfalz erfolgte nicht freiwillig. Das damalige &#8222;autonome&#8220; Saarland unter der Regierung Johannes Hoffmann hatte ihn aus dem Schuldienst entlassen, da er die CVP und ihre Politik zu kritisieren wagte.<\/p>\n\n\n\n<p>Sein (kommunal)politisches Engagement begann er als Kreisvorsitzender der Jungen Union in Saarburg. Nach seiner R\u00fcckkehr ins Saarland 1958 f\u00fchrte Heinrich Moog seine T\u00e4tigkeit als CDU-Politiker vor allem in Eschringen fort. Von 1964 bis 1968 war er Vorsitzender des Ortsverbandes. Nach einer krankheitsbedingten Unterbrechung engagierte er sich von 1974 bis 1979 im Ortsrat, war Sprecher der CDU-Fraktion und Mitglied im Kulturausschuss der Stadt Saarbr\u00fccken. Daneben begleitete Heinrich Moog weitere Ehren\u00e4mter, u. a. als Mitglied und Vorsitzender des Pfarrgemeinderates, als Schriftf\u00fchrer im Pension\u00e4rverein, als S\u00e4nger im Kirchenchor. Sein Wahlspruch: &#8222;Mit Gott zum Wohle der Mitmenschen in Privatleben und Beruf, Kirche und Gesellschaft!&#8220;<\/p>\n\n\n<div class=\"wp-block-image\">\n<figure class=\"alignright size-full\"><img data-recalc-dims=\"1\" loading=\"lazy\" decoding=\"async\" width=\"200\" height=\"298\" src=\"https:\/\/i0.wp.com\/eschringen.de\/wordpress\/wp-content\/uploads\/2022\/08\/hmoog2.jpg?resize=200%2C298&#038;ssl=1\" alt=\"\" class=\"wp-image-3683\"\/><figcaption class=\"wp-element-caption\">Heinrich Moog (li.) mit Frau und Ludwig Braunberger<\/figcaption><\/figure>\n<\/div>\n\n\n<p>Heinrich Moog musste in seinem langen Leben so manche Pr\u00fcfung erdulden. 1951 hatte er Annamaria Lienhard aus Oberkirch im Schwarzwald geheiratet und sich nach der R\u00fcckkehr ins Saarland schlie\u00dflich wieder in Eschringen mit den zwei Kindern niedergelassen. Ein tragischer Unfall an der Eschringer M\u00fchle nahm seiner Frau 1985 das Leben. Er siedelte nach Niederw\u00fcrzbach \u00fcber, wo er seit 1987 mit seiner zweiten Frau Marliese (geb. Bieg) lebte.<\/p>\n\n\n\n<p>Seine Liebe zur Heimat und insbesondere zu Eschringen hatte Heinrich Moog stets angespornt, die Geschichte der Umgebung im Allgemeinen und Eschringens im Speziellen zu erforschen. Aus dieser langj\u00e4hrigen Arbeit resultierten zahlreiche Ver\u00f6ffentlichungen. Sein Hauptwerk ist ohne Zweifel die anl\u00e4sslich der 1100-Jahrfeier Eschringens 1993 erstellte Ortschronik zur Geschichte des ehemaligen Vierherrendorfes. Heinrich Moog hatte seinerzeit auch mit den Ansto\u00df gegeben, diese urkundliche Ersterw\u00e4hnung seines Heimatortes geb\u00fchrend zu feiern. Aus dem von ihm konzipierten historischen Festumzug entwickelte sich \u2013 unter dem Dach der VHS Halberg \u2013 die Eschringer Geschichtswerkstatt. Heinrich Moog geh\u00f6rte zu ihren Gr\u00fcnderv\u00e4tern und arbeitete dort viele Jahre aktiv mit. Sein gro\u00dfes Projekt, einen zweiten Band zu verfassen, der die Geschichte Eschringens von der Franz\u00f6sischen Revolution bis zur Gebietsreform 1974 beschreibt, konnte er \u2013 aufgrund seiner angegriffenen Gesundheit \u2013 nicht mehr realisieren.<\/p>\n\n\n\n<p>Am 15. Mai 2010 ist Heinrich Moog im gesegneten Alter von 90 Jahren gestorben.<\/p>\n\n\n\n<p><em>Bibliographie:<\/em><\/p>\n\n\n\n<ul class=\"wp-block-list\">\n<li>Festschrift &#8222;50 Jahre Kirchenchor St. Laurentius Eschringen&#8220;. 1978.(6 Seiten)<\/li>\n\n\n\n<li>Unsere Pfarrkirche, ein Werk der ganzen Gemeinde. In: Festschrift: &#8222;50 Jahre Pfarrkirche St. Laurentius Eschringen&#8220;. 1980. (36 Seiten)<\/li>\n\n\n\n<li>Eschringer Chronik. In: Festschrift 1100 Jahrfeier Eschringen. 1993. (15 Seiten)<\/li>\n\n\n\n<li><strong>Eschringen &#8211; das Vierherrendorf. Von den Urspr\u00fcngen bis zum Revolutionsjahr 1793. 1993. 550 Seiten<\/strong><\/li>\n\n\n\n<li>Eschringer Chronik. In: Saarbr\u00fccker Kultur-Info. 1994. (3 Seiten)<\/li>\n\n\n\n<li>Die Laurentiuskapelle im Wandel der Zeiten. 1996. 66 S. (Eschringer Hefte 1)<\/li>\n\n\n\n<li>Die alten Eschringer Banngrenzen, Bannstreitigkeiten und Bannbeschreibungen. In: Stumme Zeitzeugen, die dennoch erz\u00e4hlen. 1997. (54 Seiten) (Eschringer Hefte 2)<\/li>\n\n\n\n<li>Die einstige Eschringer M\u00fchle. 1999. 94 S. (Eschringer Hefte 3\/2)<\/li>\n\n\n\n<li>Die R\u00fcckf\u00fchrung der Eschringer Bev\u00f6lkerung nach Oberfranken und Th\u00fcringen in den Kriegsjahren 1939-40\u2026Mit ausf\u00fchrlichen Anmerkungen zu den Aufzeichnungen von Expositus Alois Seel. In: \u201eKeiner wusste, wie es weitergehen sollte\u201c. Die Eschringer Kriegsjahre 1939-1945. Aufzeichnungen und Gespr\u00e4chsprotokolle von Zeitzeugen \/ hrsg. von Roland Schmitt. 2000. (S. 13-23) (Eschringer Hefte 4)<\/li>\n\n\n\n<li>In der Zwangsjacke des Nationalsozialismus. 2002. 66 S. (Eschringer Hefte \/ Sonderheft) Eschringen im Wandel der Zeiten: eine kleine Ortsgeschichte \u2013 nicht nur f\u00fcr junge Leser \/ mit Roland Schmitt. 2004. 50 S. (Eschringer Hefte 5)<\/li>\n\n\n\n<li>Zur Geschichte des Eschringer Hofes. 2009. (S. 9-36) (Eschringer Hefte 7)<\/li>\n<\/ul>\n\n\n\n<p>Anmerkung: Zu diesen gedruckten Ver\u00f6ffentlichungen kamen einige heimatgeschichtliche Vortr\u00e4ge in Eschringer Vereinen und Gruppen sowie f\u00fcr Ausw\u00e4rtige im Rahmen der Bildungsarbeit der Volkshochschule des Stadtverbandes Saarbr\u00fccken.<\/p>\n\n\n\n<p>(Roland Schmitt)<\/p>\n\n\n\n<p><a href=\"http:\/\/eschringen.de\/wordpress\/die-menschen\/steckbriefe\/\">Zur\u00fcck zu den Steckbriefen<\/a><\/p>\n","protected":false},"excerpt":{"rendered":"<p>Lehrer und Heimatforscher Viele Gemeinden d\u00fcrften Eschringen beneiden, denn nur selten finden sich &#8222;vor Ort&#8220; Menschen, die die Kompetenz, den Willen und das Durchhalteverm\u00f6gen besitzen, sich eingehend und umfassend mit lokaler Geschichte befassen, diese auch regional und national einordnen und bewerten zu k\u00f6nnen. Auf Heinrich Moog trafen eben jene genannten Kriterien zu: ein echter Gl\u00fccksfall &#8230; <a title=\"Heinrich Moog\" class=\"read-more\" href=\"https:\/\/eschringen.de\/wordpress\/die-menschen\/steckbriefe\/heinrich-moog\/\" aria-label=\"Mehr Informationen \u00fcber Heinrich Moog\">Weiterlesen &#8230;<\/a><\/p>\n","protected":false},"author":1,"featured_media":0,"parent":197,"menu_order":12,"comment_status":"closed","ping_status":"closed","template":"","meta":{"ngg_post_thumbnail":0,"footnotes":""},"class_list":["post-257","page","type-page","status-publish"],"yoast_head":"<!-- This site is optimized with the Yoast SEO plugin v27.3 - https:\/\/yoast.com\/product\/yoast-seo-wordpress\/ -->\n<title>Heinrich Moog - Eschringen<\/title>\n<meta name=\"robots\" content=\"index, follow, max-snippet:-1, max-image-preview:large, max-video-preview:-1\" \/>\n<link rel=\"canonical\" href=\"https:\/\/eschringen.de\/wordpress\/die-menschen\/steckbriefe\/heinrich-moog\/\" \/>\n<meta property=\"og:locale\" content=\"de_DE\" \/>\n<meta property=\"og:type\" content=\"article\" \/>\n<meta property=\"og:title\" content=\"Heinrich Moog - Eschringen\" \/>\n<meta property=\"og:description\" content=\"Lehrer und Heimatforscher Viele Gemeinden d\u00fcrften Eschringen beneiden, denn nur selten finden sich &#8222;vor Ort&#8220; Menschen, die die Kompetenz, den Willen und das Durchhalteverm\u00f6gen besitzen, sich eingehend und umfassend mit lokaler Geschichte befassen, diese auch regional und national einordnen und bewerten zu k\u00f6nnen. Auf Heinrich Moog trafen eben jene genannten Kriterien zu: ein echter Gl\u00fccksfall ... Weiterlesen ...\" \/>\n<meta property=\"og:url\" content=\"https:\/\/eschringen.de\/wordpress\/die-menschen\/steckbriefe\/heinrich-moog\/\" \/>\n<meta property=\"og:site_name\" content=\"Eschringen\" \/>\n<meta property=\"article:modified_time\" content=\"2023-07-22T07:47:23+00:00\" \/>\n<meta property=\"og:image\" content=\"https:\/\/eschringen.de\/wordpress\/wp-content\/uploads\/2023\/07\/moog_adv.jpg\" \/>\n<meta name=\"twitter:card\" content=\"summary_large_image\" \/>\n<meta name=\"twitter:label1\" content=\"Gesch\u00e4tzte Lesezeit\" \/>\n\t<meta name=\"twitter:data1\" content=\"6\u00a0Minuten\" \/>\n<script type=\"application\/ld+json\" class=\"yoast-schema-graph\">{\"@context\":\"https:\\\/\\\/schema.org\",\"@graph\":[{\"@type\":\"WebPage\",\"@id\":\"https:\\\/\\\/eschringen.de\\\/wordpress\\\/die-menschen\\\/steckbriefe\\\/heinrich-moog\\\/\",\"url\":\"https:\\\/\\\/eschringen.de\\\/wordpress\\\/die-menschen\\\/steckbriefe\\\/heinrich-moog\\\/\",\"name\":\"Heinrich Moog - Eschringen\",\"isPartOf\":{\"@id\":\"https:\\\/\\\/eschringen.de\\\/wordpress\\\/#website\"},\"primaryImageOfPage\":{\"@id\":\"https:\\\/\\\/eschringen.de\\\/wordpress\\\/die-menschen\\\/steckbriefe\\\/heinrich-moog\\\/#primaryimage\"},\"image\":{\"@id\":\"https:\\\/\\\/eschringen.de\\\/wordpress\\\/die-menschen\\\/steckbriefe\\\/heinrich-moog\\\/#primaryimage\"},\"thumbnailUrl\":\"https:\\\/\\\/eschringen.de\\\/wordpress\\\/wp-content\\\/uploads\\\/2023\\\/07\\\/moog_adv.jpg\",\"datePublished\":\"2017-02-07T19:05:11+00:00\",\"dateModified\":\"2023-07-22T07:47:23+00:00\",\"breadcrumb\":{\"@id\":\"https:\\\/\\\/eschringen.de\\\/wordpress\\\/die-menschen\\\/steckbriefe\\\/heinrich-moog\\\/#breadcrumb\"},\"inLanguage\":\"de\",\"potentialAction\":[{\"@type\":\"ReadAction\",\"target\":[\"https:\\\/\\\/eschringen.de\\\/wordpress\\\/die-menschen\\\/steckbriefe\\\/heinrich-moog\\\/\"]}]},{\"@type\":\"ImageObject\",\"inLanguage\":\"de\",\"@id\":\"https:\\\/\\\/eschringen.de\\\/wordpress\\\/die-menschen\\\/steckbriefe\\\/heinrich-moog\\\/#primaryimage\",\"url\":\"https:\\\/\\\/i0.wp.com\\\/eschringen.de\\\/wordpress\\\/wp-content\\\/uploads\\\/2023\\\/07\\\/moog_adv.jpg?fit=300%2C425&ssl=1\",\"contentUrl\":\"https:\\\/\\\/i0.wp.com\\\/eschringen.de\\\/wordpress\\\/wp-content\\\/uploads\\\/2023\\\/07\\\/moog_adv.jpg?fit=300%2C425&ssl=1\",\"width\":300,\"height\":425},{\"@type\":\"BreadcrumbList\",\"@id\":\"https:\\\/\\\/eschringen.de\\\/wordpress\\\/die-menschen\\\/steckbriefe\\\/heinrich-moog\\\/#breadcrumb\",\"itemListElement\":[{\"@type\":\"ListItem\",\"position\":1,\"name\":\"Startseite\",\"item\":\"https:\\\/\\\/eschringen.de\\\/wordpress\\\/\"},{\"@type\":\"ListItem\",\"position\":2,\"name\":\"Die Menschen\",\"item\":\"https:\\\/\\\/eschringen.de\\\/wordpress\\\/die-menschen\\\/\"},{\"@type\":\"ListItem\",\"position\":3,\"name\":\"Steckbriefe\",\"item\":\"https:\\\/\\\/eschringen.de\\\/wordpress\\\/die-menschen\\\/steckbriefe\\\/\"},{\"@type\":\"ListItem\",\"position\":4,\"name\":\"Heinrich Moog\"}]},{\"@type\":\"WebSite\",\"@id\":\"https:\\\/\\\/eschringen.de\\\/wordpress\\\/#website\",\"url\":\"https:\\\/\\\/eschringen.de\\\/wordpress\\\/\",\"name\":\"Eschringen\",\"description\":\"\",\"publisher\":{\"@id\":\"https:\\\/\\\/eschringen.de\\\/wordpress\\\/#organization\"},\"potentialAction\":[{\"@type\":\"SearchAction\",\"target\":{\"@type\":\"EntryPoint\",\"urlTemplate\":\"https:\\\/\\\/eschringen.de\\\/wordpress\\\/?s={search_term_string}\"},\"query-input\":{\"@type\":\"PropertyValueSpecification\",\"valueRequired\":true,\"valueName\":\"search_term_string\"}}],\"inLanguage\":\"de\"},{\"@type\":\"Organization\",\"@id\":\"https:\\\/\\\/eschringen.de\\\/wordpress\\\/#organization\",\"name\":\"Eschringen\",\"url\":\"https:\\\/\\\/eschringen.de\\\/wordpress\\\/\",\"logo\":{\"@type\":\"ImageObject\",\"inLanguage\":\"de\",\"@id\":\"https:\\\/\\\/eschringen.de\\\/wordpress\\\/#\\\/schema\\\/logo\\\/image\\\/\",\"url\":\"https:\\\/\\\/eschringen.de\\\/wordpress\\\/wp-content\\\/uploads\\\/2017\\\/03\\\/2017_kw15.jpg\",\"contentUrl\":\"https:\\\/\\\/eschringen.de\\\/wordpress\\\/wp-content\\\/uploads\\\/2017\\\/03\\\/2017_kw15.jpg\",\"width\":784,\"height\":447,\"caption\":\"Eschringen\"},\"image\":{\"@id\":\"https:\\\/\\\/eschringen.de\\\/wordpress\\\/#\\\/schema\\\/logo\\\/image\\\/\"}}]}<\/script>\n<!-- \/ Yoast SEO plugin. -->","yoast_head_json":{"title":"Heinrich Moog - Eschringen","robots":{"index":"index","follow":"follow","max-snippet":"max-snippet:-1","max-image-preview":"max-image-preview:large","max-video-preview":"max-video-preview:-1"},"canonical":"https:\/\/eschringen.de\/wordpress\/die-menschen\/steckbriefe\/heinrich-moog\/","og_locale":"de_DE","og_type":"article","og_title":"Heinrich Moog - Eschringen","og_description":"Lehrer und Heimatforscher Viele Gemeinden d\u00fcrften Eschringen beneiden, denn nur selten finden sich &#8222;vor Ort&#8220; Menschen, die die Kompetenz, den Willen und das Durchhalteverm\u00f6gen besitzen, sich eingehend und umfassend mit lokaler Geschichte befassen, diese auch regional und national einordnen und bewerten zu k\u00f6nnen. Auf Heinrich Moog trafen eben jene genannten Kriterien zu: ein echter Gl\u00fccksfall ... Weiterlesen ...","og_url":"https:\/\/eschringen.de\/wordpress\/die-menschen\/steckbriefe\/heinrich-moog\/","og_site_name":"Eschringen","article_modified_time":"2023-07-22T07:47:23+00:00","og_image":[{"url":"https:\/\/eschringen.de\/wordpress\/wp-content\/uploads\/2023\/07\/moog_adv.jpg","type":"","width":"","height":""}],"twitter_card":"summary_large_image","twitter_misc":{"Gesch\u00e4tzte Lesezeit":"6\u00a0Minuten"},"schema":{"@context":"https:\/\/schema.org","@graph":[{"@type":"WebPage","@id":"https:\/\/eschringen.de\/wordpress\/die-menschen\/steckbriefe\/heinrich-moog\/","url":"https:\/\/eschringen.de\/wordpress\/die-menschen\/steckbriefe\/heinrich-moog\/","name":"Heinrich Moog - Eschringen","isPartOf":{"@id":"https:\/\/eschringen.de\/wordpress\/#website"},"primaryImageOfPage":{"@id":"https:\/\/eschringen.de\/wordpress\/die-menschen\/steckbriefe\/heinrich-moog\/#primaryimage"},"image":{"@id":"https:\/\/eschringen.de\/wordpress\/die-menschen\/steckbriefe\/heinrich-moog\/#primaryimage"},"thumbnailUrl":"https:\/\/eschringen.de\/wordpress\/wp-content\/uploads\/2023\/07\/moog_adv.jpg","datePublished":"2017-02-07T19:05:11+00:00","dateModified":"2023-07-22T07:47:23+00:00","breadcrumb":{"@id":"https:\/\/eschringen.de\/wordpress\/die-menschen\/steckbriefe\/heinrich-moog\/#breadcrumb"},"inLanguage":"de","potentialAction":[{"@type":"ReadAction","target":["https:\/\/eschringen.de\/wordpress\/die-menschen\/steckbriefe\/heinrich-moog\/"]}]},{"@type":"ImageObject","inLanguage":"de","@id":"https:\/\/eschringen.de\/wordpress\/die-menschen\/steckbriefe\/heinrich-moog\/#primaryimage","url":"https:\/\/i0.wp.com\/eschringen.de\/wordpress\/wp-content\/uploads\/2023\/07\/moog_adv.jpg?fit=300%2C425&ssl=1","contentUrl":"https:\/\/i0.wp.com\/eschringen.de\/wordpress\/wp-content\/uploads\/2023\/07\/moog_adv.jpg?fit=300%2C425&ssl=1","width":300,"height":425},{"@type":"BreadcrumbList","@id":"https:\/\/eschringen.de\/wordpress\/die-menschen\/steckbriefe\/heinrich-moog\/#breadcrumb","itemListElement":[{"@type":"ListItem","position":1,"name":"Startseite","item":"https:\/\/eschringen.de\/wordpress\/"},{"@type":"ListItem","position":2,"name":"Die Menschen","item":"https:\/\/eschringen.de\/wordpress\/die-menschen\/"},{"@type":"ListItem","position":3,"name":"Steckbriefe","item":"https:\/\/eschringen.de\/wordpress\/die-menschen\/steckbriefe\/"},{"@type":"ListItem","position":4,"name":"Heinrich Moog"}]},{"@type":"WebSite","@id":"https:\/\/eschringen.de\/wordpress\/#website","url":"https:\/\/eschringen.de\/wordpress\/","name":"Eschringen","description":"","publisher":{"@id":"https:\/\/eschringen.de\/wordpress\/#organization"},"potentialAction":[{"@type":"SearchAction","target":{"@type":"EntryPoint","urlTemplate":"https:\/\/eschringen.de\/wordpress\/?s={search_term_string}"},"query-input":{"@type":"PropertyValueSpecification","valueRequired":true,"valueName":"search_term_string"}}],"inLanguage":"de"},{"@type":"Organization","@id":"https:\/\/eschringen.de\/wordpress\/#organization","name":"Eschringen","url":"https:\/\/eschringen.de\/wordpress\/","logo":{"@type":"ImageObject","inLanguage":"de","@id":"https:\/\/eschringen.de\/wordpress\/#\/schema\/logo\/image\/","url":"https:\/\/eschringen.de\/wordpress\/wp-content\/uploads\/2017\/03\/2017_kw15.jpg","contentUrl":"https:\/\/eschringen.de\/wordpress\/wp-content\/uploads\/2017\/03\/2017_kw15.jpg","width":784,"height":447,"caption":"Eschringen"},"image":{"@id":"https:\/\/eschringen.de\/wordpress\/#\/schema\/logo\/image\/"}}]}},"jetpack_sharing_enabled":true,"_links":{"self":[{"href":"https:\/\/eschringen.de\/wordpress\/wp-json\/wp\/v2\/pages\/257","targetHints":{"allow":["GET"]}}],"collection":[{"href":"https:\/\/eschringen.de\/wordpress\/wp-json\/wp\/v2\/pages"}],"about":[{"href":"https:\/\/eschringen.de\/wordpress\/wp-json\/wp\/v2\/types\/page"}],"author":[{"embeddable":true,"href":"https:\/\/eschringen.de\/wordpress\/wp-json\/wp\/v2\/users\/1"}],"replies":[{"embeddable":true,"href":"https:\/\/eschringen.de\/wordpress\/wp-json\/wp\/v2\/comments?post=257"}],"version-history":[{"count":4,"href":"https:\/\/eschringen.de\/wordpress\/wp-json\/wp\/v2\/pages\/257\/revisions"}],"predecessor-version":[{"id":4295,"href":"https:\/\/eschringen.de\/wordpress\/wp-json\/wp\/v2\/pages\/257\/revisions\/4295"}],"up":[{"embeddable":true,"href":"https:\/\/eschringen.de\/wordpress\/wp-json\/wp\/v2\/pages\/197"}],"wp:attachment":[{"href":"https:\/\/eschringen.de\/wordpress\/wp-json\/wp\/v2\/media?parent=257"}],"curies":[{"name":"wp","href":"https:\/\/api.w.org\/{rel}","templated":true}]}}