{"id":250,"date":"2017-02-07T14:01:08","date_gmt":"2017-02-07T13:01:08","guid":{"rendered":"http:\/\/eschringen.de\/wordpress\/?page_id=250"},"modified":"2022-08-20T09:42:33","modified_gmt":"2022-08-20T07:42:33","slug":"josef-meiser","status":"publish","type":"page","link":"https:\/\/eschringen.de\/wordpress\/die-menschen\/steckbriefe\/josef-meiser\/","title":{"rendered":"Josef Meiser"},"content":{"rendered":"\n<h5 class=\"wp-block-heading\"><span style=\"color: #0000ff;\"><strong>Steinmetzmeister und Bildhauer<\/strong><\/span><\/h5>\n\n\n<div class=\"wp-block-image\">\n<figure class=\"alignright size-full\"><img data-recalc-dims=\"1\" loading=\"lazy\" decoding=\"async\" width=\"235\" height=\"350\" src=\"https:\/\/i0.wp.com\/eschringen.de\/wordpress\/wp-content\/uploads\/2022\/08\/Josef.jpg?resize=235%2C350&#038;ssl=1\" alt=\"\" class=\"wp-image-3684\" srcset=\"https:\/\/i0.wp.com\/eschringen.de\/wordpress\/wp-content\/uploads\/2022\/08\/Josef.jpg?w=235&amp;ssl=1 235w, https:\/\/i0.wp.com\/eschringen.de\/wordpress\/wp-content\/uploads\/2022\/08\/Josef.jpg?resize=201%2C300&amp;ssl=1 201w\" sizes=\"auto, (max-width: 235px) 100vw, 235px\" \/><\/figure>\n<\/div>\n\n\n<p>Nicht nur in Eschringen wird Josef Meiser unvergessen bleiben, auch wenn er hier nur wenige Jahre lebte und arbeitete. Mit dem vollkommen neu gestalteten Laurentiusbrunnen an der M\u00fchle hat er einen markanten Punkt im Ortsbild geschaffen, und an der Ausgestaltung des Grenzsteinlehrpfades war er ma\u00dfgeblich beteiligt. Doch auch andernorts hinterlie\u00df er Beispiele seines K\u00f6nnens als Steinbildhauer.<\/p>\n\n\n\n<p>Geboren wurde Josef Meiser am 3. April 1961 in Saarbr\u00fccken. Er wuchs in dem kleinen Dorf Lummerschied (inzwischen Ortsteil der Gemeinde Heusweiler) auf und besuchte dort auch die Volksschule. Anschlie\u00dfend wechselte er auf die Haupt- und Realschule in Heusweiler. Nach dem Schulabschluss begann Josef Meiser in Saarbr\u00fccken eine Lehre zum Einzelhandelskaufmann. Doch schon damals, in den sp\u00e4ten 1970er Jahren, reiften in ihm Ambitionen, einen k\u00fcnstlerisch-handwerklichen Beruf anzustreben. Nach dem Zivildienst spielte er mit dem Gedanken, eine Schule zu besuchen, die seiner Passion, der Malerei, Rechnung tragen w\u00fcrde. Dieser Wunsch lie\u00df sich jedoch nicht realisieren, statt dessen schulte Josef Meiser in Neunkirchen zum Steinmetz um.<\/p>\n\n\n\n<p>Anfang der 1990er Jahre siedelte er nach Berlin \u00fcber und tat sich dort mit einem (saarl\u00e4ndischen) Kollegen zusammen, startete unter dem Titel \u201eSteinforum\u201c ein ambitioniertes Pilotprojekt. In der Spree-Metropole schuf Josef Meiser mehrere imposante Werke aus Stein, u. a. in der Siemensstadt ein gro\u00dfes fig\u00fcrliches Wasserspiel im Auftrag des Bezirksamts Spandau (den sog. \u201eJugendbrunnen\u201c), eine weitere (monolithische) Brunnenanlage (im Volksmund inzwischen \u201eHundebrunnen\u201c genannt) sowie ein betont lustiges, mit M\u00e4usen- und Katzenfiguren ausgestattetes Monument f\u00fcr einen Kinderspielplatz.<\/p>\n\n\n<div class=\"wp-block-image\">\n<figure class=\"alignleft size-full\"><img data-recalc-dims=\"1\" loading=\"lazy\" decoding=\"async\" width=\"195\" height=\"350\" src=\"https:\/\/i0.wp.com\/eschringen.de\/wordpress\/wp-content\/uploads\/2022\/08\/Josef1.jpg?resize=195%2C350&#038;ssl=1\" alt=\"\" class=\"wp-image-3685\" srcset=\"https:\/\/i0.wp.com\/eschringen.de\/wordpress\/wp-content\/uploads\/2022\/08\/Josef1.jpg?w=195&amp;ssl=1 195w, https:\/\/i0.wp.com\/eschringen.de\/wordpress\/wp-content\/uploads\/2022\/08\/Josef1.jpg?resize=167%2C300&amp;ssl=1 167w\" sizes=\"auto, (max-width: 195px) 100vw, 195px\" \/><\/figure>\n<\/div>\n\n\n<p>Im Jahre 1995 siedelte er sich in Eschringen an, \u00fcbernahm einen Geb\u00e4udetrakt des (denkmalgesch\u00fctzten) M\u00fchlenensembles, den er zu einem kombinierten Wohnhaus mit Werkstatt ausbaute. 1996 legte Josef Meiser seine Meisterpr\u00fcfung ab; hierf\u00fcr schuf er auch sein Meisterst\u00fcck, eine klassisch anmutende Skulptur aus rotem Sandstein, einen m\u00e4nnlichen Torso darstellend. Neben der Erstellung von Grabsteinen vollf\u00fchrte Josef Meiser auch komplizierte Restaurierungsarbeiten auf dem, durch Grablegen einflussreicher B\u00fcrgerfamilien bekannten (ehemaligen) Friedhof von St. Johann.<\/p>\n\n\n\n<p>Im Jahre 1996 erhielt er von der AG Eschringer Vereine e. V. den Auftrag, eine Brunnenanlage f\u00fcr die legend\u00e4re <a href=\"http:\/\/eschringen.de\/wordpress\/der-ort\/sehenswertes\/laurentiusbrunnen\/\">Laurentiusquelle<\/a> zu entwerfen und zu gestalten. Inspiriert einerseits von den Formen eines typischen (quadratischen) Grenzsteins, andererseits von den Plastiken Ernst Barlachs schuf er eine Brunnenstele aus franz\u00f6sischem Kalkstein, die von Findlingen aus Erfweiler-Ehlingen umrahmt wird. Die feierliche Einweihung des Brunnenensembles fand im August 1997 statt.<\/p>\n\n\n<div class=\"wp-block-image\">\n<figure class=\"alignright size-full\"><img data-recalc-dims=\"1\" loading=\"lazy\" decoding=\"async\" width=\"207\" height=\"350\" src=\"https:\/\/i0.wp.com\/eschringen.de\/wordpress\/wp-content\/uploads\/2022\/08\/Josef2.jpg?resize=207%2C350&#038;ssl=1\" alt=\"\" class=\"wp-image-3686\" srcset=\"https:\/\/i0.wp.com\/eschringen.de\/wordpress\/wp-content\/uploads\/2022\/08\/Josef2.jpg?w=207&amp;ssl=1 207w, https:\/\/i0.wp.com\/eschringen.de\/wordpress\/wp-content\/uploads\/2022\/08\/Josef2.jpg?resize=177%2C300&amp;ssl=1 177w\" sizes=\"auto, (max-width: 207px) 100vw, 207px\" \/><\/figure>\n<\/div>\n\n\n<p>An der Konzeption und Realisierung des <a href=\"http:\/\/eschringen.de\/wordpress\/der-ort\/rundgaenge\/route-7\/\">Eschringer Grenzsteinlehrpfades<\/a> hatte Josef Meiser einen erheblichen Anteil. In m\u00fchevoller Detailarbeit f\u00fcgte er den zerbrochenen und auch oberfl\u00e4chlich besch\u00e4digten Dreib\u00e4nner zusammen, pr\u00e4parierte ihn fachgerecht f\u00fcr eine neuerliche Setzung, die im Oktober 1999 erfolgte. Im Jahr darauf schuf er im Auftrag des Vereins der \u201eBrunnenfreunde im Ensheimer Tal\u201c den \u201ePrinz-Luitpold-Brunnen\u201c (bzw. \u201ePrinz-Luitpold-Quelle\u201c) eine vollkommen neue Brunnenanlage.<br>Auch bei der Planung des Monuments f\u00fcr den Eschringer Grenzsteinlehrpfad wirkte er mit, zeichnete diverse Entw\u00fcrfe f\u00fcr ein Ensemble und restaurierte noch im Sp\u00e4tsommer 2001 zwei besch\u00e4digte Grenzsteine.<br>Am 18. November 2001 verstarb Josef Meiser pl\u00f6tzlich und unerwartet in Eschringen.<\/p>\n\n\n\n<p>Sein Verlust schmerzt die, die ihn kannten und seine liebenswerte Art sch\u00e4tzten, bis heute. Sein immenses k\u00fcnstlerisches Talent gilt es noch zu entdecken, denn nicht nur als Steinbildhauer, sondern auch als Maler und Cartoonist hat er so manches (bislang unver\u00f6ffentlichte) Werk hinterlassen.<\/p>\n\n\n\n<p><a href=\"http:\/\/eschringen.de\/wordpress\/die-menschen\/steckbriefe\/\">Zur\u00fcck zu den Steckbriefen<\/a><\/p>\n","protected":false},"excerpt":{"rendered":"<p>Steinmetzmeister und Bildhauer Nicht nur in Eschringen wird Josef Meiser unvergessen bleiben, auch wenn er hier nur wenige Jahre lebte und arbeitete. Mit dem vollkommen neu gestalteten Laurentiusbrunnen an der M\u00fchle hat er einen markanten Punkt im Ortsbild geschaffen, und an der Ausgestaltung des Grenzsteinlehrpfades war er ma\u00dfgeblich beteiligt. Doch auch andernorts hinterlie\u00df er Beispiele &#8230; <a title=\"Josef Meiser\" class=\"read-more\" href=\"https:\/\/eschringen.de\/wordpress\/die-menschen\/steckbriefe\/josef-meiser\/\" aria-label=\"Mehr Informationen \u00fcber Josef Meiser\">Weiterlesen &#8230;<\/a><\/p>\n","protected":false},"author":1,"featured_media":0,"parent":197,"menu_order":10,"comment_status":"closed","ping_status":"closed","template":"","meta":{"ngg_post_thumbnail":0,"footnotes":""},"class_list":["post-250","page","type-page","status-publish"],"yoast_head":"<!-- This site is optimized with the Yoast SEO plugin v27.3 - https:\/\/yoast.com\/product\/yoast-seo-wordpress\/ -->\n<title>Josef Meiser - Eschringen<\/title>\n<meta name=\"robots\" content=\"index, follow, max-snippet:-1, max-image-preview:large, max-video-preview:-1\" \/>\n<link rel=\"canonical\" href=\"https:\/\/eschringen.de\/wordpress\/die-menschen\/steckbriefe\/josef-meiser\/\" \/>\n<meta property=\"og:locale\" content=\"de_DE\" \/>\n<meta property=\"og:type\" content=\"article\" \/>\n<meta property=\"og:title\" content=\"Josef Meiser - Eschringen\" \/>\n<meta property=\"og:description\" content=\"Steinmetzmeister und Bildhauer Nicht nur in Eschringen wird Josef Meiser unvergessen bleiben, auch wenn er hier nur wenige Jahre lebte und arbeitete. Mit dem vollkommen neu gestalteten Laurentiusbrunnen an der M\u00fchle hat er einen markanten Punkt im Ortsbild geschaffen, und an der Ausgestaltung des Grenzsteinlehrpfades war er ma\u00dfgeblich beteiligt. Doch auch andernorts hinterlie\u00df er Beispiele ... Weiterlesen ...\" \/>\n<meta property=\"og:url\" content=\"https:\/\/eschringen.de\/wordpress\/die-menschen\/steckbriefe\/josef-meiser\/\" \/>\n<meta property=\"og:site_name\" content=\"Eschringen\" \/>\n<meta property=\"article:modified_time\" content=\"2022-08-20T07:42:33+00:00\" \/>\n<meta property=\"og:image\" content=\"https:\/\/eschringen.de\/wordpress\/wp-content\/uploads\/2022\/08\/Josef.jpg\" \/>\n<meta name=\"twitter:card\" content=\"summary_large_image\" \/>\n<meta name=\"twitter:label1\" content=\"Gesch\u00e4tzte Lesezeit\" \/>\n\t<meta name=\"twitter:data1\" content=\"4\u00a0Minuten\" \/>\n<script type=\"application\/ld+json\" class=\"yoast-schema-graph\">{\"@context\":\"https:\\\/\\\/schema.org\",\"@graph\":[{\"@type\":\"WebPage\",\"@id\":\"https:\\\/\\\/eschringen.de\\\/wordpress\\\/die-menschen\\\/steckbriefe\\\/josef-meiser\\\/\",\"url\":\"https:\\\/\\\/eschringen.de\\\/wordpress\\\/die-menschen\\\/steckbriefe\\\/josef-meiser\\\/\",\"name\":\"Josef Meiser - Eschringen\",\"isPartOf\":{\"@id\":\"https:\\\/\\\/eschringen.de\\\/wordpress\\\/#website\"},\"primaryImageOfPage\":{\"@id\":\"https:\\\/\\\/eschringen.de\\\/wordpress\\\/die-menschen\\\/steckbriefe\\\/josef-meiser\\\/#primaryimage\"},\"image\":{\"@id\":\"https:\\\/\\\/eschringen.de\\\/wordpress\\\/die-menschen\\\/steckbriefe\\\/josef-meiser\\\/#primaryimage\"},\"thumbnailUrl\":\"https:\\\/\\\/eschringen.de\\\/wordpress\\\/wp-content\\\/uploads\\\/2022\\\/08\\\/Josef.jpg\",\"datePublished\":\"2017-02-07T13:01:08+00:00\",\"dateModified\":\"2022-08-20T07:42:33+00:00\",\"breadcrumb\":{\"@id\":\"https:\\\/\\\/eschringen.de\\\/wordpress\\\/die-menschen\\\/steckbriefe\\\/josef-meiser\\\/#breadcrumb\"},\"inLanguage\":\"de\",\"potentialAction\":[{\"@type\":\"ReadAction\",\"target\":[\"https:\\\/\\\/eschringen.de\\\/wordpress\\\/die-menschen\\\/steckbriefe\\\/josef-meiser\\\/\"]}]},{\"@type\":\"ImageObject\",\"inLanguage\":\"de\",\"@id\":\"https:\\\/\\\/eschringen.de\\\/wordpress\\\/die-menschen\\\/steckbriefe\\\/josef-meiser\\\/#primaryimage\",\"url\":\"https:\\\/\\\/i0.wp.com\\\/eschringen.de\\\/wordpress\\\/wp-content\\\/uploads\\\/2022\\\/08\\\/Josef.jpg?fit=235%2C350&ssl=1\",\"contentUrl\":\"https:\\\/\\\/i0.wp.com\\\/eschringen.de\\\/wordpress\\\/wp-content\\\/uploads\\\/2022\\\/08\\\/Josef.jpg?fit=235%2C350&ssl=1\",\"width\":235,\"height\":350},{\"@type\":\"BreadcrumbList\",\"@id\":\"https:\\\/\\\/eschringen.de\\\/wordpress\\\/die-menschen\\\/steckbriefe\\\/josef-meiser\\\/#breadcrumb\",\"itemListElement\":[{\"@type\":\"ListItem\",\"position\":1,\"name\":\"Startseite\",\"item\":\"https:\\\/\\\/eschringen.de\\\/wordpress\\\/\"},{\"@type\":\"ListItem\",\"position\":2,\"name\":\"Die Menschen\",\"item\":\"https:\\\/\\\/eschringen.de\\\/wordpress\\\/die-menschen\\\/\"},{\"@type\":\"ListItem\",\"position\":3,\"name\":\"Steckbriefe\",\"item\":\"https:\\\/\\\/eschringen.de\\\/wordpress\\\/die-menschen\\\/steckbriefe\\\/\"},{\"@type\":\"ListItem\",\"position\":4,\"name\":\"Josef Meiser\"}]},{\"@type\":\"WebSite\",\"@id\":\"https:\\\/\\\/eschringen.de\\\/wordpress\\\/#website\",\"url\":\"https:\\\/\\\/eschringen.de\\\/wordpress\\\/\",\"name\":\"Eschringen\",\"description\":\"\",\"publisher\":{\"@id\":\"https:\\\/\\\/eschringen.de\\\/wordpress\\\/#organization\"},\"potentialAction\":[{\"@type\":\"SearchAction\",\"target\":{\"@type\":\"EntryPoint\",\"urlTemplate\":\"https:\\\/\\\/eschringen.de\\\/wordpress\\\/?s={search_term_string}\"},\"query-input\":{\"@type\":\"PropertyValueSpecification\",\"valueRequired\":true,\"valueName\":\"search_term_string\"}}],\"inLanguage\":\"de\"},{\"@type\":\"Organization\",\"@id\":\"https:\\\/\\\/eschringen.de\\\/wordpress\\\/#organization\",\"name\":\"Eschringen\",\"url\":\"https:\\\/\\\/eschringen.de\\\/wordpress\\\/\",\"logo\":{\"@type\":\"ImageObject\",\"inLanguage\":\"de\",\"@id\":\"https:\\\/\\\/eschringen.de\\\/wordpress\\\/#\\\/schema\\\/logo\\\/image\\\/\",\"url\":\"https:\\\/\\\/eschringen.de\\\/wordpress\\\/wp-content\\\/uploads\\\/2017\\\/03\\\/2017_kw15.jpg\",\"contentUrl\":\"https:\\\/\\\/eschringen.de\\\/wordpress\\\/wp-content\\\/uploads\\\/2017\\\/03\\\/2017_kw15.jpg\",\"width\":784,\"height\":447,\"caption\":\"Eschringen\"},\"image\":{\"@id\":\"https:\\\/\\\/eschringen.de\\\/wordpress\\\/#\\\/schema\\\/logo\\\/image\\\/\"}}]}<\/script>\n<!-- \/ Yoast SEO plugin. -->","yoast_head_json":{"title":"Josef Meiser - Eschringen","robots":{"index":"index","follow":"follow","max-snippet":"max-snippet:-1","max-image-preview":"max-image-preview:large","max-video-preview":"max-video-preview:-1"},"canonical":"https:\/\/eschringen.de\/wordpress\/die-menschen\/steckbriefe\/josef-meiser\/","og_locale":"de_DE","og_type":"article","og_title":"Josef Meiser - Eschringen","og_description":"Steinmetzmeister und Bildhauer Nicht nur in Eschringen wird Josef Meiser unvergessen bleiben, auch wenn er hier nur wenige Jahre lebte und arbeitete. Mit dem vollkommen neu gestalteten Laurentiusbrunnen an der M\u00fchle hat er einen markanten Punkt im Ortsbild geschaffen, und an der Ausgestaltung des Grenzsteinlehrpfades war er ma\u00dfgeblich beteiligt. Doch auch andernorts hinterlie\u00df er Beispiele ... Weiterlesen ...","og_url":"https:\/\/eschringen.de\/wordpress\/die-menschen\/steckbriefe\/josef-meiser\/","og_site_name":"Eschringen","article_modified_time":"2022-08-20T07:42:33+00:00","og_image":[{"url":"https:\/\/eschringen.de\/wordpress\/wp-content\/uploads\/2022\/08\/Josef.jpg","type":"","width":"","height":""}],"twitter_card":"summary_large_image","twitter_misc":{"Gesch\u00e4tzte Lesezeit":"4\u00a0Minuten"},"schema":{"@context":"https:\/\/schema.org","@graph":[{"@type":"WebPage","@id":"https:\/\/eschringen.de\/wordpress\/die-menschen\/steckbriefe\/josef-meiser\/","url":"https:\/\/eschringen.de\/wordpress\/die-menschen\/steckbriefe\/josef-meiser\/","name":"Josef Meiser - Eschringen","isPartOf":{"@id":"https:\/\/eschringen.de\/wordpress\/#website"},"primaryImageOfPage":{"@id":"https:\/\/eschringen.de\/wordpress\/die-menschen\/steckbriefe\/josef-meiser\/#primaryimage"},"image":{"@id":"https:\/\/eschringen.de\/wordpress\/die-menschen\/steckbriefe\/josef-meiser\/#primaryimage"},"thumbnailUrl":"https:\/\/eschringen.de\/wordpress\/wp-content\/uploads\/2022\/08\/Josef.jpg","datePublished":"2017-02-07T13:01:08+00:00","dateModified":"2022-08-20T07:42:33+00:00","breadcrumb":{"@id":"https:\/\/eschringen.de\/wordpress\/die-menschen\/steckbriefe\/josef-meiser\/#breadcrumb"},"inLanguage":"de","potentialAction":[{"@type":"ReadAction","target":["https:\/\/eschringen.de\/wordpress\/die-menschen\/steckbriefe\/josef-meiser\/"]}]},{"@type":"ImageObject","inLanguage":"de","@id":"https:\/\/eschringen.de\/wordpress\/die-menschen\/steckbriefe\/josef-meiser\/#primaryimage","url":"https:\/\/i0.wp.com\/eschringen.de\/wordpress\/wp-content\/uploads\/2022\/08\/Josef.jpg?fit=235%2C350&ssl=1","contentUrl":"https:\/\/i0.wp.com\/eschringen.de\/wordpress\/wp-content\/uploads\/2022\/08\/Josef.jpg?fit=235%2C350&ssl=1","width":235,"height":350},{"@type":"BreadcrumbList","@id":"https:\/\/eschringen.de\/wordpress\/die-menschen\/steckbriefe\/josef-meiser\/#breadcrumb","itemListElement":[{"@type":"ListItem","position":1,"name":"Startseite","item":"https:\/\/eschringen.de\/wordpress\/"},{"@type":"ListItem","position":2,"name":"Die Menschen","item":"https:\/\/eschringen.de\/wordpress\/die-menschen\/"},{"@type":"ListItem","position":3,"name":"Steckbriefe","item":"https:\/\/eschringen.de\/wordpress\/die-menschen\/steckbriefe\/"},{"@type":"ListItem","position":4,"name":"Josef Meiser"}]},{"@type":"WebSite","@id":"https:\/\/eschringen.de\/wordpress\/#website","url":"https:\/\/eschringen.de\/wordpress\/","name":"Eschringen","description":"","publisher":{"@id":"https:\/\/eschringen.de\/wordpress\/#organization"},"potentialAction":[{"@type":"SearchAction","target":{"@type":"EntryPoint","urlTemplate":"https:\/\/eschringen.de\/wordpress\/?s={search_term_string}"},"query-input":{"@type":"PropertyValueSpecification","valueRequired":true,"valueName":"search_term_string"}}],"inLanguage":"de"},{"@type":"Organization","@id":"https:\/\/eschringen.de\/wordpress\/#organization","name":"Eschringen","url":"https:\/\/eschringen.de\/wordpress\/","logo":{"@type":"ImageObject","inLanguage":"de","@id":"https:\/\/eschringen.de\/wordpress\/#\/schema\/logo\/image\/","url":"https:\/\/eschringen.de\/wordpress\/wp-content\/uploads\/2017\/03\/2017_kw15.jpg","contentUrl":"https:\/\/eschringen.de\/wordpress\/wp-content\/uploads\/2017\/03\/2017_kw15.jpg","width":784,"height":447,"caption":"Eschringen"},"image":{"@id":"https:\/\/eschringen.de\/wordpress\/#\/schema\/logo\/image\/"}}]}},"jetpack_sharing_enabled":true,"_links":{"self":[{"href":"https:\/\/eschringen.de\/wordpress\/wp-json\/wp\/v2\/pages\/250","targetHints":{"allow":["GET"]}}],"collection":[{"href":"https:\/\/eschringen.de\/wordpress\/wp-json\/wp\/v2\/pages"}],"about":[{"href":"https:\/\/eschringen.de\/wordpress\/wp-json\/wp\/v2\/types\/page"}],"author":[{"embeddable":true,"href":"https:\/\/eschringen.de\/wordpress\/wp-json\/wp\/v2\/users\/1"}],"replies":[{"embeddable":true,"href":"https:\/\/eschringen.de\/wordpress\/wp-json\/wp\/v2\/comments?post=250"}],"version-history":[{"count":4,"href":"https:\/\/eschringen.de\/wordpress\/wp-json\/wp\/v2\/pages\/250\/revisions"}],"predecessor-version":[{"id":3710,"href":"https:\/\/eschringen.de\/wordpress\/wp-json\/wp\/v2\/pages\/250\/revisions\/3710"}],"up":[{"embeddable":true,"href":"https:\/\/eschringen.de\/wordpress\/wp-json\/wp\/v2\/pages\/197"}],"wp:attachment":[{"href":"https:\/\/eschringen.de\/wordpress\/wp-json\/wp\/v2\/media?parent=250"}],"curies":[{"name":"wp","href":"https:\/\/api.w.org\/{rel}","templated":true}]}}