{"id":246,"date":"2017-02-07T13:54:36","date_gmt":"2017-02-07T12:54:36","guid":{"rendered":"http:\/\/eschringen.de\/wordpress\/?page_id=246"},"modified":"2023-07-22T09:46:44","modified_gmt":"2023-07-22T07:46:44","slug":"edmund-heinen","status":"publish","type":"page","link":"https:\/\/eschringen.de\/wordpress\/die-menschen\/steckbriefe\/edmund-heinen\/","title":{"rendered":"Edmund Heinen"},"content":{"rendered":"\n<h5 class=\"wp-block-heading\"><span style=\"color: #0000ff;\"><strong>Betriebswirt und Universit\u00e4tsprofessor<\/strong><\/span><\/h5>\n\n\n<div class=\"wp-block-image\">\n<figure class=\"alignright size-full\"><img data-recalc-dims=\"1\" loading=\"lazy\" decoding=\"async\" width=\"300\" height=\"422\" src=\"https:\/\/i0.wp.com\/eschringen.de\/wordpress\/wp-content\/uploads\/2023\/07\/schreieck_adv.jpg?resize=300%2C422&#038;ssl=1\" alt=\"\" class=\"wp-image-4292\" srcset=\"https:\/\/i0.wp.com\/eschringen.de\/wordpress\/wp-content\/uploads\/2023\/07\/schreieck_adv.jpg?w=300&amp;ssl=1 300w, https:\/\/i0.wp.com\/eschringen.de\/wordpress\/wp-content\/uploads\/2023\/07\/schreieck_adv.jpg?resize=213%2C300&amp;ssl=1 213w\" sizes=\"auto, (max-width: 300px) 100vw, 300px\" \/><\/figure>\n<\/div>\n\n\n<p>Seine internationale Karriere als &#8222;Sch\u00f6pfer und Wegbereiter der &#8222;entscheidungs-orientierten&#8220; Betriebswirtschaftslehre&#8220; (Frankfurter Allgemeine Zeitung vom 15.5.1984) begann er zwar 1957 von M\u00fcnchen aus, doch seine Wiege stand in Eschringen. Dort wurde Edmund Heinrich Heinen am 18. Mai 1919 als Sohn von Ludwig und Philippina Heinen (geb. Welsch) geboren. Seine Kindheit verbrachte er im benachbarten Fechingen, woher sein Vater stammte.<\/p>\n\n\n\n<p>In Saarbr\u00fccken bestand Heinen 1937 das Abitur. Der Zweite Weltkrieg und die anschlie\u00dfende Gefangenschaft unterbrachen vorerst sein Studium (TH Aachen und Danzig, Universit\u00e4t Minnesota). In Frankfurt am Main legte Heinen 1948 an der dortigen Uni das Examen als Diplom-Kaufmann ab. Er kehrte dann ins Saarland zur\u00fcck und promovierte ein Jahr sp\u00e4ter an der Universit\u00e4t in Saarbr\u00fccken (&#8222;Die Entwicklung des saarl\u00e4ndischen Steuerrechts nach 1945&#8220;). Nach der Habilitation 1951 war er dort zuerst als Privatdozent, dann ab 1954 als Professor t\u00e4tig. Drei Jahre sp\u00e4ter folgte Heinen einem Ruf an die Universit\u00e4t M\u00fcnchen, wo er als ordentlicher Professor das &#8222;Institut f\u00fcr Industrieforschung&#8220; gr\u00fcndete.<\/p>\n\n\n\n<p>In zahlreichen Ver\u00f6ffentlichungen schrieb der Sch\u00fcler von Fritz Schmidt, Erich Gutenberg u. a. seine Gedanken nieder, entwickelte die Betriebswirtschaftslehre entscheidend fort. Seine Werke wurden in viele Sprachen \u00fcbersetzt, f\u00fcnf B\u00fccher allein ins Japanische. Heinen erfuhr unz\u00e4hlige Ehrungen und Auszeichnungen (u. a. Bundesverdienstkreuz). Anl\u00e4sslich seines 70. Geburtstag erschien eine dem engagierten Forscher (Prof. Dr. Dr. h. c. mult.) gewidmete Festschrift (&#8222;Die Betriebswirtschaftslehre im Spannungsfeld zwischen Generalisierung und Spezialisierung&#8220; \/ Hrsg. von Werner Kirsch und Arnold Picot. Wiesbaden 1989).<\/p>\n\n\n\n<p>Seine Frau Thea, geb. Langenbahn, hatte Heinen im Juli 1946 in Brebach geheiratet. Als seine Hobbys nannte er Reisen, Garten, Schach und Musik. Seine Leidenschaft geh\u00f6rte aber der Philatelie.<\/p>\n\n\n\n<p>Nach seinem Wechsel nach Bayern besuchte er zu Familientreffen bisweilen wieder seine Eschringer Heimat. Edmund Heinen starb am 22. Juni 1996 in M\u00fcnchen.<\/p>\n\n\n\n<p>Werke: (Auswahl)<\/p>\n\n\n\n<ul class=\"wp-block-list\">\n<li>Die Kosten: ihr Begriff und ihr Wesen. 1956<\/li>\n\n\n\n<li>Handelsbilanzen. 1958.<\/li>\n\n\n\n<li>Betriebswirtschaftliche Kostenlehre. 1959.<\/li>\n\n\n\n<li>Das Zielsystem der Unternehmung. 1966.<\/li>\n\n\n\n<li>Einf\u00fchrung in die Betriebswirtschaftslehre. 1968.<\/li>\n\n\n\n<li>Kosten und Kostenrechnung. 1975.<\/li>\n\n\n\n<li>Unternehmenskultur. 1977.<\/li>\n<\/ul>\n\n\n\n<p>Biographische Literaturhinweise: (Auswahl)<\/p>\n\n\n\n<ul class=\"wp-block-list\">\n<li>Hoepfner, Friedrich Georg: Entscheidungsorientierte BWL (anl\u00e4\u00dflich des 65. Geburtstags von Prof. Dr. Edmund Heinen). in: Handelsblatt vom 22.5.1984.<\/li>\n<\/ul>\n\n\n\n<p><a href=\"http:\/\/eschringen.de\/wordpress\/die-menschen\/steckbriefe\/\">Zur\u00fcck zu den Steckbriefen<\/a><\/p>\n","protected":false},"excerpt":{"rendered":"<p>Betriebswirt und Universit\u00e4tsprofessor Seine internationale Karriere als &#8222;Sch\u00f6pfer und Wegbereiter der &#8222;entscheidungs-orientierten&#8220; Betriebswirtschaftslehre&#8220; (Frankfurter Allgemeine Zeitung vom 15.5.1984) begann er zwar 1957 von M\u00fcnchen aus, doch seine Wiege stand in Eschringen. Dort wurde Edmund Heinrich Heinen am 18. Mai 1919 als Sohn von Ludwig und Philippina Heinen (geb. Welsch) geboren. Seine Kindheit verbrachte er im &#8230; <a title=\"Edmund Heinen\" class=\"read-more\" href=\"https:\/\/eschringen.de\/wordpress\/die-menschen\/steckbriefe\/edmund-heinen\/\" aria-label=\"Mehr Informationen \u00fcber Edmund Heinen\">Weiterlesen &#8230;<\/a><\/p>\n","protected":false},"author":1,"featured_media":0,"parent":197,"menu_order":9,"comment_status":"closed","ping_status":"closed","template":"","meta":{"ngg_post_thumbnail":0,"footnotes":""},"class_list":["post-246","page","type-page","status-publish"],"yoast_head":"<!-- This site is optimized with the Yoast SEO plugin v27.4 - https:\/\/yoast.com\/product\/yoast-seo-wordpress\/ -->\n<title>Edmund Heinen - Eschringen<\/title>\n<meta name=\"robots\" content=\"index, follow, max-snippet:-1, max-image-preview:large, max-video-preview:-1\" \/>\n<link rel=\"canonical\" href=\"https:\/\/eschringen.de\/wordpress\/die-menschen\/steckbriefe\/edmund-heinen\/\" \/>\n<meta property=\"og:locale\" content=\"de_DE\" \/>\n<meta property=\"og:type\" content=\"article\" \/>\n<meta property=\"og:title\" content=\"Edmund Heinen - Eschringen\" \/>\n<meta property=\"og:description\" content=\"Betriebswirt und Universit\u00e4tsprofessor Seine internationale Karriere als &#8222;Sch\u00f6pfer und Wegbereiter der &#8222;entscheidungs-orientierten&#8220; Betriebswirtschaftslehre&#8220; (Frankfurter Allgemeine Zeitung vom 15.5.1984) begann er zwar 1957 von M\u00fcnchen aus, doch seine Wiege stand in Eschringen. Dort wurde Edmund Heinrich Heinen am 18. Mai 1919 als Sohn von Ludwig und Philippina Heinen (geb. Welsch) geboren. Seine Kindheit verbrachte er im ... Weiterlesen ...\" \/>\n<meta property=\"og:url\" content=\"https:\/\/eschringen.de\/wordpress\/die-menschen\/steckbriefe\/edmund-heinen\/\" \/>\n<meta property=\"og:site_name\" content=\"Eschringen\" \/>\n<meta property=\"article:modified_time\" content=\"2023-07-22T07:46:44+00:00\" \/>\n<meta property=\"og:image\" content=\"https:\/\/eschringen.de\/wordpress\/wp-content\/uploads\/2023\/07\/schreieck_adv.jpg\" \/>\n<meta name=\"twitter:card\" content=\"summary_large_image\" \/>\n<meta name=\"twitter:label1\" content=\"Gesch\u00e4tzte Lesezeit\" \/>\n\t<meta name=\"twitter:data1\" content=\"3\u00a0Minuten\" \/>\n<script type=\"application\/ld+json\" class=\"yoast-schema-graph\">{\"@context\":\"https:\\\/\\\/schema.org\",\"@graph\":[{\"@type\":\"WebPage\",\"@id\":\"https:\\\/\\\/eschringen.de\\\/wordpress\\\/die-menschen\\\/steckbriefe\\\/edmund-heinen\\\/\",\"url\":\"https:\\\/\\\/eschringen.de\\\/wordpress\\\/die-menschen\\\/steckbriefe\\\/edmund-heinen\\\/\",\"name\":\"Edmund Heinen - Eschringen\",\"isPartOf\":{\"@id\":\"https:\\\/\\\/eschringen.de\\\/wordpress\\\/#website\"},\"primaryImageOfPage\":{\"@id\":\"https:\\\/\\\/eschringen.de\\\/wordpress\\\/die-menschen\\\/steckbriefe\\\/edmund-heinen\\\/#primaryimage\"},\"image\":{\"@id\":\"https:\\\/\\\/eschringen.de\\\/wordpress\\\/die-menschen\\\/steckbriefe\\\/edmund-heinen\\\/#primaryimage\"},\"thumbnailUrl\":\"https:\\\/\\\/eschringen.de\\\/wordpress\\\/wp-content\\\/uploads\\\/2023\\\/07\\\/schreieck_adv.jpg\",\"datePublished\":\"2017-02-07T12:54:36+00:00\",\"dateModified\":\"2023-07-22T07:46:44+00:00\",\"breadcrumb\":{\"@id\":\"https:\\\/\\\/eschringen.de\\\/wordpress\\\/die-menschen\\\/steckbriefe\\\/edmund-heinen\\\/#breadcrumb\"},\"inLanguage\":\"de\",\"potentialAction\":[{\"@type\":\"ReadAction\",\"target\":[\"https:\\\/\\\/eschringen.de\\\/wordpress\\\/die-menschen\\\/steckbriefe\\\/edmund-heinen\\\/\"]}]},{\"@type\":\"ImageObject\",\"inLanguage\":\"de\",\"@id\":\"https:\\\/\\\/eschringen.de\\\/wordpress\\\/die-menschen\\\/steckbriefe\\\/edmund-heinen\\\/#primaryimage\",\"url\":\"https:\\\/\\\/i0.wp.com\\\/eschringen.de\\\/wordpress\\\/wp-content\\\/uploads\\\/2023\\\/07\\\/schreieck_adv.jpg?fit=300%2C422&ssl=1\",\"contentUrl\":\"https:\\\/\\\/i0.wp.com\\\/eschringen.de\\\/wordpress\\\/wp-content\\\/uploads\\\/2023\\\/07\\\/schreieck_adv.jpg?fit=300%2C422&ssl=1\",\"width\":300,\"height\":422},{\"@type\":\"BreadcrumbList\",\"@id\":\"https:\\\/\\\/eschringen.de\\\/wordpress\\\/die-menschen\\\/steckbriefe\\\/edmund-heinen\\\/#breadcrumb\",\"itemListElement\":[{\"@type\":\"ListItem\",\"position\":1,\"name\":\"Startseite\",\"item\":\"https:\\\/\\\/eschringen.de\\\/wordpress\\\/\"},{\"@type\":\"ListItem\",\"position\":2,\"name\":\"Die Menschen\",\"item\":\"https:\\\/\\\/eschringen.de\\\/wordpress\\\/die-menschen\\\/\"},{\"@type\":\"ListItem\",\"position\":3,\"name\":\"Steckbriefe\",\"item\":\"https:\\\/\\\/eschringen.de\\\/wordpress\\\/die-menschen\\\/steckbriefe\\\/\"},{\"@type\":\"ListItem\",\"position\":4,\"name\":\"Edmund Heinen\"}]},{\"@type\":\"WebSite\",\"@id\":\"https:\\\/\\\/eschringen.de\\\/wordpress\\\/#website\",\"url\":\"https:\\\/\\\/eschringen.de\\\/wordpress\\\/\",\"name\":\"Eschringen\",\"description\":\"\",\"publisher\":{\"@id\":\"https:\\\/\\\/eschringen.de\\\/wordpress\\\/#organization\"},\"potentialAction\":[{\"@type\":\"SearchAction\",\"target\":{\"@type\":\"EntryPoint\",\"urlTemplate\":\"https:\\\/\\\/eschringen.de\\\/wordpress\\\/?s={search_term_string}\"},\"query-input\":{\"@type\":\"PropertyValueSpecification\",\"valueRequired\":true,\"valueName\":\"search_term_string\"}}],\"inLanguage\":\"de\"},{\"@type\":\"Organization\",\"@id\":\"https:\\\/\\\/eschringen.de\\\/wordpress\\\/#organization\",\"name\":\"Eschringen\",\"url\":\"https:\\\/\\\/eschringen.de\\\/wordpress\\\/\",\"logo\":{\"@type\":\"ImageObject\",\"inLanguage\":\"de\",\"@id\":\"https:\\\/\\\/eschringen.de\\\/wordpress\\\/#\\\/schema\\\/logo\\\/image\\\/\",\"url\":\"https:\\\/\\\/eschringen.de\\\/wordpress\\\/wp-content\\\/uploads\\\/2017\\\/03\\\/2017_kw15.jpg\",\"contentUrl\":\"https:\\\/\\\/eschringen.de\\\/wordpress\\\/wp-content\\\/uploads\\\/2017\\\/03\\\/2017_kw15.jpg\",\"width\":784,\"height\":447,\"caption\":\"Eschringen\"},\"image\":{\"@id\":\"https:\\\/\\\/eschringen.de\\\/wordpress\\\/#\\\/schema\\\/logo\\\/image\\\/\"}}]}<\/script>\n<!-- \/ Yoast SEO plugin. -->","yoast_head_json":{"title":"Edmund Heinen - Eschringen","robots":{"index":"index","follow":"follow","max-snippet":"max-snippet:-1","max-image-preview":"max-image-preview:large","max-video-preview":"max-video-preview:-1"},"canonical":"https:\/\/eschringen.de\/wordpress\/die-menschen\/steckbriefe\/edmund-heinen\/","og_locale":"de_DE","og_type":"article","og_title":"Edmund Heinen - Eschringen","og_description":"Betriebswirt und Universit\u00e4tsprofessor Seine internationale Karriere als &#8222;Sch\u00f6pfer und Wegbereiter der &#8222;entscheidungs-orientierten&#8220; Betriebswirtschaftslehre&#8220; (Frankfurter Allgemeine Zeitung vom 15.5.1984) begann er zwar 1957 von M\u00fcnchen aus, doch seine Wiege stand in Eschringen. Dort wurde Edmund Heinrich Heinen am 18. Mai 1919 als Sohn von Ludwig und Philippina Heinen (geb. Welsch) geboren. Seine Kindheit verbrachte er im ... Weiterlesen ...","og_url":"https:\/\/eschringen.de\/wordpress\/die-menschen\/steckbriefe\/edmund-heinen\/","og_site_name":"Eschringen","article_modified_time":"2023-07-22T07:46:44+00:00","og_image":[{"url":"https:\/\/eschringen.de\/wordpress\/wp-content\/uploads\/2023\/07\/schreieck_adv.jpg","type":"","width":"","height":""}],"twitter_card":"summary_large_image","twitter_misc":{"Gesch\u00e4tzte Lesezeit":"3\u00a0Minuten"},"schema":{"@context":"https:\/\/schema.org","@graph":[{"@type":"WebPage","@id":"https:\/\/eschringen.de\/wordpress\/die-menschen\/steckbriefe\/edmund-heinen\/","url":"https:\/\/eschringen.de\/wordpress\/die-menschen\/steckbriefe\/edmund-heinen\/","name":"Edmund Heinen - Eschringen","isPartOf":{"@id":"https:\/\/eschringen.de\/wordpress\/#website"},"primaryImageOfPage":{"@id":"https:\/\/eschringen.de\/wordpress\/die-menschen\/steckbriefe\/edmund-heinen\/#primaryimage"},"image":{"@id":"https:\/\/eschringen.de\/wordpress\/die-menschen\/steckbriefe\/edmund-heinen\/#primaryimage"},"thumbnailUrl":"https:\/\/eschringen.de\/wordpress\/wp-content\/uploads\/2023\/07\/schreieck_adv.jpg","datePublished":"2017-02-07T12:54:36+00:00","dateModified":"2023-07-22T07:46:44+00:00","breadcrumb":{"@id":"https:\/\/eschringen.de\/wordpress\/die-menschen\/steckbriefe\/edmund-heinen\/#breadcrumb"},"inLanguage":"de","potentialAction":[{"@type":"ReadAction","target":["https:\/\/eschringen.de\/wordpress\/die-menschen\/steckbriefe\/edmund-heinen\/"]}]},{"@type":"ImageObject","inLanguage":"de","@id":"https:\/\/eschringen.de\/wordpress\/die-menschen\/steckbriefe\/edmund-heinen\/#primaryimage","url":"https:\/\/i0.wp.com\/eschringen.de\/wordpress\/wp-content\/uploads\/2023\/07\/schreieck_adv.jpg?fit=300%2C422&ssl=1","contentUrl":"https:\/\/i0.wp.com\/eschringen.de\/wordpress\/wp-content\/uploads\/2023\/07\/schreieck_adv.jpg?fit=300%2C422&ssl=1","width":300,"height":422},{"@type":"BreadcrumbList","@id":"https:\/\/eschringen.de\/wordpress\/die-menschen\/steckbriefe\/edmund-heinen\/#breadcrumb","itemListElement":[{"@type":"ListItem","position":1,"name":"Startseite","item":"https:\/\/eschringen.de\/wordpress\/"},{"@type":"ListItem","position":2,"name":"Die Menschen","item":"https:\/\/eschringen.de\/wordpress\/die-menschen\/"},{"@type":"ListItem","position":3,"name":"Steckbriefe","item":"https:\/\/eschringen.de\/wordpress\/die-menschen\/steckbriefe\/"},{"@type":"ListItem","position":4,"name":"Edmund Heinen"}]},{"@type":"WebSite","@id":"https:\/\/eschringen.de\/wordpress\/#website","url":"https:\/\/eschringen.de\/wordpress\/","name":"Eschringen","description":"","publisher":{"@id":"https:\/\/eschringen.de\/wordpress\/#organization"},"potentialAction":[{"@type":"SearchAction","target":{"@type":"EntryPoint","urlTemplate":"https:\/\/eschringen.de\/wordpress\/?s={search_term_string}"},"query-input":{"@type":"PropertyValueSpecification","valueRequired":true,"valueName":"search_term_string"}}],"inLanguage":"de"},{"@type":"Organization","@id":"https:\/\/eschringen.de\/wordpress\/#organization","name":"Eschringen","url":"https:\/\/eschringen.de\/wordpress\/","logo":{"@type":"ImageObject","inLanguage":"de","@id":"https:\/\/eschringen.de\/wordpress\/#\/schema\/logo\/image\/","url":"https:\/\/eschringen.de\/wordpress\/wp-content\/uploads\/2017\/03\/2017_kw15.jpg","contentUrl":"https:\/\/eschringen.de\/wordpress\/wp-content\/uploads\/2017\/03\/2017_kw15.jpg","width":784,"height":447,"caption":"Eschringen"},"image":{"@id":"https:\/\/eschringen.de\/wordpress\/#\/schema\/logo\/image\/"}}]}},"jetpack_sharing_enabled":true,"_links":{"self":[{"href":"https:\/\/eschringen.de\/wordpress\/wp-json\/wp\/v2\/pages\/246","targetHints":{"allow":["GET"]}}],"collection":[{"href":"https:\/\/eschringen.de\/wordpress\/wp-json\/wp\/v2\/pages"}],"about":[{"href":"https:\/\/eschringen.de\/wordpress\/wp-json\/wp\/v2\/types\/page"}],"author":[{"embeddable":true,"href":"https:\/\/eschringen.de\/wordpress\/wp-json\/wp\/v2\/users\/1"}],"replies":[{"embeddable":true,"href":"https:\/\/eschringen.de\/wordpress\/wp-json\/wp\/v2\/comments?post=246"}],"version-history":[{"count":4,"href":"https:\/\/eschringen.de\/wordpress\/wp-json\/wp\/v2\/pages\/246\/revisions"}],"predecessor-version":[{"id":4293,"href":"https:\/\/eschringen.de\/wordpress\/wp-json\/wp\/v2\/pages\/246\/revisions\/4293"}],"up":[{"embeddable":true,"href":"https:\/\/eschringen.de\/wordpress\/wp-json\/wp\/v2\/pages\/197"}],"wp:attachment":[{"href":"https:\/\/eschringen.de\/wordpress\/wp-json\/wp\/v2\/media?parent=246"}],"curies":[{"name":"wp","href":"https:\/\/api.w.org\/{rel}","templated":true}]}}