{"id":240,"date":"2017-02-07T13:44:13","date_gmt":"2017-02-07T12:44:13","guid":{"rendered":"http:\/\/eschringen.de\/wordpress\/?page_id=240"},"modified":"2022-08-20T09:39:57","modified_gmt":"2022-08-20T07:39:57","slug":"heinz-rox-schulz","status":"publish","type":"page","link":"https:\/\/eschringen.de\/wordpress\/die-menschen\/steckbriefe\/heinz-rox-schulz\/","title":{"rendered":"Heinz Rox-Schulz"},"content":{"rendered":"\n<h5 class=\"wp-block-heading\"><span style=\"color: #0000ff;\"><strong>der K\u00f6nig der Globetrotter<\/strong><\/span><\/h5>\n\n\n<div class=\"wp-block-image wp-image-312 size-medium\">\n<figure class=\"alignright\"><img data-recalc-dims=\"1\" loading=\"lazy\" decoding=\"async\" width=\"300\" height=\"231\" src=\"https:\/\/i0.wp.com\/eschringen.de\/wordpress\/wp-content\/uploads\/2017\/02\/rox-300x231.jpg?resize=300%2C231\" alt=\"\" class=\"wp-image-312\"\/><figcaption>Quelle: http:\/\/www.abenteuermuseum.de\/<\/figcaption><\/figure>\n<\/div>\n\n\n<p>Seit er Mitte der 1990er Jahre im &#8222;Haus Rehwinkel&#8220; (in der N\u00e4he des Ponsheimer Hofes) sein Domizil eingerichtet hatte, geh\u00f6rte er zu den wohlgelittenen &#8222;Zugereisten&#8220; in Eschringen &#8211; wenngleich sein H\u00e4uschen nat\u00fcrlich auf dem Ormesheimer Bann stand. In den hiesigen Gasth\u00e4usern und auch bei den zahlreichen Festivit\u00e4ten im Ort h\u00f6rte man ihm gerne zu, wenn er von seinen Reisen in die Welt erz\u00e4hlte oder seinen oft hintersinnigen Kommentar &#8222;zur allgemeinen Lage&#8220; abgab.<\/p>\n\n\n\n<p>Vor einigen Jahren zollte &#8222;Rox&#8220; dem Alter Tribut und siedelte in die Landeshauptstadt \u00fcber. Nach kurzer, schwerer Krankheit ist er am 26. M\u00e4rz 2004, wenige Tage nach seinem 83. Geburtstag, in Saarbr\u00fccken gestorben.<\/p>\n\n\n<div class=\"wp-block-image\">\n<figure class=\"alignleft\"><img data-recalc-dims=\"1\" loading=\"lazy\" decoding=\"async\" width=\"300\" height=\"169\" src=\"https:\/\/i0.wp.com\/eschringen.de\/wordpress\/wp-content\/uploads\/2017\/02\/rox2-300x169.jpg?resize=300%2C169\" alt=\"\" class=\"wp-image-314\" srcset=\"https:\/\/i0.wp.com\/eschringen.de\/wordpress\/wp-content\/uploads\/2017\/02\/rox2.jpg?resize=300%2C169&amp;ssl=1 300w, https:\/\/i0.wp.com\/eschringen.de\/wordpress\/wp-content\/uploads\/2017\/02\/rox2.jpg?resize=768%2C432&amp;ssl=1 768w, https:\/\/i0.wp.com\/eschringen.de\/wordpress\/wp-content\/uploads\/2017\/02\/rox2.jpg?w=1024&amp;ssl=1 1024w\" sizes=\"auto, (max-width: 300px) 100vw, 300px\" \/><\/figure>\n<\/div>\n\n\n<p>\u00dcber den am 23. M\u00e4rz 1921 in K\u00f6nigsberg geborenen Weltenbummler, Dokumentarfilmer, Museumsleiter (Abenteuermuseum in Saarbr\u00fccken), Tier- und Menschenfreund ist schon vieles gesagt und geschrieben worden, weshalb hier auf einen weiteren biografischen Text verzichtet werden kann.<\/p>\n\n\n\n<p>N\u00e4heres zu seinem bewegten Leben, zu seinen Expeditionen, zu seinem literarischen, fotografischen und filmischen Schaffen sowie zu seiner Rolle als Begr\u00fcnder und Leiter des Saarbr\u00fccker Abenteuermuseums findet sich auf diversen Websites:<\/p>\n\n\n\n<p>Saarbr\u00fccker Abenteuermuseum ( <a href=\"http:\/\/www.abenteuermuseum.de\/\" target=\"_blank\" rel=\"noopener\">http:\/\/www.abenteuermuseum.de\/<\/a> )<\/p>\n\n\n\n<p>Rox-Schulz-Homepage ( <a href=\"http:\/\/members.tripod.de\/whartz\/roxschulz\/index.html\" target=\"_blank\" rel=\"noopener\">http:\/\/members.tripod.de\/whartz\/roxschulz\/index.html<\/a> )<\/p>\n\n\n\n<p>Deutsche Zentrale f\u00fcr Globetrotter e. V. ( <a href=\"http:\/\/www.dzg.com\/TOWER\/rox.htm\" target=\"_blank\" rel=\"noopener\">http:\/\/www.dzg.com\/TOWER\/rox.htm<\/a> )<\/p>\n\n\n\n<p>(Roland Schmitt)<\/p>\n\n\n\n<p><a href=\"http:\/\/eschringen.de\/wordpress\/die-menschen\/steckbriefe\/\">Zur\u00fcck zu den Steckbriefen<\/a><\/p>\n","protected":false},"excerpt":{"rendered":"<p>der K\u00f6nig der Globetrotter Seit er Mitte der 1990er Jahre im &#8222;Haus Rehwinkel&#8220; (in der N\u00e4he des Ponsheimer Hofes) sein Domizil eingerichtet hatte, geh\u00f6rte er zu den wohlgelittenen &#8222;Zugereisten&#8220; in Eschringen &#8211; wenngleich sein H\u00e4uschen nat\u00fcrlich auf dem Ormesheimer Bann stand. In den hiesigen Gasth\u00e4usern und auch bei den zahlreichen Festivit\u00e4ten im Ort h\u00f6rte man &#8230; <a title=\"Heinz Rox-Schulz\" class=\"read-more\" href=\"https:\/\/eschringen.de\/wordpress\/die-menschen\/steckbriefe\/heinz-rox-schulz\/\" aria-label=\"Mehr Informationen \u00fcber Heinz Rox-Schulz\">Weiterlesen &#8230;<\/a><\/p>\n","protected":false},"author":1,"featured_media":0,"parent":197,"menu_order":8,"comment_status":"closed","ping_status":"closed","template":"","meta":{"ngg_post_thumbnail":0,"footnotes":""},"class_list":["post-240","page","type-page","status-publish"],"yoast_head":"<!-- This site is optimized with the Yoast SEO plugin v27.3 - https:\/\/yoast.com\/product\/yoast-seo-wordpress\/ -->\n<title>Heinz Rox-Schulz - Eschringen<\/title>\n<meta name=\"robots\" content=\"index, follow, max-snippet:-1, max-image-preview:large, max-video-preview:-1\" \/>\n<link rel=\"canonical\" href=\"https:\/\/eschringen.de\/wordpress\/die-menschen\/steckbriefe\/heinz-rox-schulz\/\" \/>\n<meta property=\"og:locale\" content=\"de_DE\" \/>\n<meta property=\"og:type\" content=\"article\" \/>\n<meta property=\"og:title\" content=\"Heinz Rox-Schulz - Eschringen\" \/>\n<meta property=\"og:description\" content=\"der K\u00f6nig der Globetrotter Seit er Mitte der 1990er Jahre im &#8222;Haus Rehwinkel&#8220; (in der N\u00e4he des Ponsheimer Hofes) sein Domizil eingerichtet hatte, geh\u00f6rte er zu den wohlgelittenen &#8222;Zugereisten&#8220; in Eschringen &#8211; wenngleich sein H\u00e4uschen nat\u00fcrlich auf dem Ormesheimer Bann stand. In den hiesigen Gasth\u00e4usern und auch bei den zahlreichen Festivit\u00e4ten im Ort h\u00f6rte man ... Weiterlesen ...\" \/>\n<meta property=\"og:url\" content=\"https:\/\/eschringen.de\/wordpress\/die-menschen\/steckbriefe\/heinz-rox-schulz\/\" \/>\n<meta property=\"og:site_name\" content=\"Eschringen\" \/>\n<meta property=\"article:modified_time\" content=\"2022-08-20T07:39:57+00:00\" \/>\n<meta property=\"og:image\" content=\"http:\/\/eschringen.de\/wordpress\/wp-content\/uploads\/2017\/02\/rox-300x231.jpg\" \/>\n<meta name=\"twitter:card\" content=\"summary_large_image\" \/>\n<meta name=\"twitter:label1\" content=\"Gesch\u00e4tzte Lesezeit\" \/>\n\t<meta name=\"twitter:data1\" content=\"2\u00a0Minuten\" \/>\n<script type=\"application\/ld+json\" class=\"yoast-schema-graph\">{\"@context\":\"https:\\\/\\\/schema.org\",\"@graph\":[{\"@type\":\"WebPage\",\"@id\":\"https:\\\/\\\/eschringen.de\\\/wordpress\\\/die-menschen\\\/steckbriefe\\\/heinz-rox-schulz\\\/\",\"url\":\"https:\\\/\\\/eschringen.de\\\/wordpress\\\/die-menschen\\\/steckbriefe\\\/heinz-rox-schulz\\\/\",\"name\":\"Heinz Rox-Schulz - Eschringen\",\"isPartOf\":{\"@id\":\"https:\\\/\\\/eschringen.de\\\/wordpress\\\/#website\"},\"primaryImageOfPage\":{\"@id\":\"https:\\\/\\\/eschringen.de\\\/wordpress\\\/die-menschen\\\/steckbriefe\\\/heinz-rox-schulz\\\/#primaryimage\"},\"image\":{\"@id\":\"https:\\\/\\\/eschringen.de\\\/wordpress\\\/die-menschen\\\/steckbriefe\\\/heinz-rox-schulz\\\/#primaryimage\"},\"thumbnailUrl\":\"http:\\\/\\\/eschringen.de\\\/wordpress\\\/wp-content\\\/uploads\\\/2017\\\/02\\\/rox-300x231.jpg\",\"datePublished\":\"2017-02-07T12:44:13+00:00\",\"dateModified\":\"2022-08-20T07:39:57+00:00\",\"breadcrumb\":{\"@id\":\"https:\\\/\\\/eschringen.de\\\/wordpress\\\/die-menschen\\\/steckbriefe\\\/heinz-rox-schulz\\\/#breadcrumb\"},\"inLanguage\":\"de\",\"potentialAction\":[{\"@type\":\"ReadAction\",\"target\":[\"https:\\\/\\\/eschringen.de\\\/wordpress\\\/die-menschen\\\/steckbriefe\\\/heinz-rox-schulz\\\/\"]}]},{\"@type\":\"ImageObject\",\"inLanguage\":\"de\",\"@id\":\"https:\\\/\\\/eschringen.de\\\/wordpress\\\/die-menschen\\\/steckbriefe\\\/heinz-rox-schulz\\\/#primaryimage\",\"url\":\"http:\\\/\\\/eschringen.de\\\/wordpress\\\/wp-content\\\/uploads\\\/2017\\\/02\\\/rox-300x231.jpg\",\"contentUrl\":\"http:\\\/\\\/eschringen.de\\\/wordpress\\\/wp-content\\\/uploads\\\/2017\\\/02\\\/rox-300x231.jpg\"},{\"@type\":\"BreadcrumbList\",\"@id\":\"https:\\\/\\\/eschringen.de\\\/wordpress\\\/die-menschen\\\/steckbriefe\\\/heinz-rox-schulz\\\/#breadcrumb\",\"itemListElement\":[{\"@type\":\"ListItem\",\"position\":1,\"name\":\"Startseite\",\"item\":\"https:\\\/\\\/eschringen.de\\\/wordpress\\\/\"},{\"@type\":\"ListItem\",\"position\":2,\"name\":\"Die Menschen\",\"item\":\"https:\\\/\\\/eschringen.de\\\/wordpress\\\/die-menschen\\\/\"},{\"@type\":\"ListItem\",\"position\":3,\"name\":\"Steckbriefe\",\"item\":\"https:\\\/\\\/eschringen.de\\\/wordpress\\\/die-menschen\\\/steckbriefe\\\/\"},{\"@type\":\"ListItem\",\"position\":4,\"name\":\"Heinz Rox-Schulz\"}]},{\"@type\":\"WebSite\",\"@id\":\"https:\\\/\\\/eschringen.de\\\/wordpress\\\/#website\",\"url\":\"https:\\\/\\\/eschringen.de\\\/wordpress\\\/\",\"name\":\"Eschringen\",\"description\":\"\",\"publisher\":{\"@id\":\"https:\\\/\\\/eschringen.de\\\/wordpress\\\/#organization\"},\"potentialAction\":[{\"@type\":\"SearchAction\",\"target\":{\"@type\":\"EntryPoint\",\"urlTemplate\":\"https:\\\/\\\/eschringen.de\\\/wordpress\\\/?s={search_term_string}\"},\"query-input\":{\"@type\":\"PropertyValueSpecification\",\"valueRequired\":true,\"valueName\":\"search_term_string\"}}],\"inLanguage\":\"de\"},{\"@type\":\"Organization\",\"@id\":\"https:\\\/\\\/eschringen.de\\\/wordpress\\\/#organization\",\"name\":\"Eschringen\",\"url\":\"https:\\\/\\\/eschringen.de\\\/wordpress\\\/\",\"logo\":{\"@type\":\"ImageObject\",\"inLanguage\":\"de\",\"@id\":\"https:\\\/\\\/eschringen.de\\\/wordpress\\\/#\\\/schema\\\/logo\\\/image\\\/\",\"url\":\"https:\\\/\\\/eschringen.de\\\/wordpress\\\/wp-content\\\/uploads\\\/2017\\\/03\\\/2017_kw15.jpg\",\"contentUrl\":\"https:\\\/\\\/eschringen.de\\\/wordpress\\\/wp-content\\\/uploads\\\/2017\\\/03\\\/2017_kw15.jpg\",\"width\":784,\"height\":447,\"caption\":\"Eschringen\"},\"image\":{\"@id\":\"https:\\\/\\\/eschringen.de\\\/wordpress\\\/#\\\/schema\\\/logo\\\/image\\\/\"}}]}<\/script>\n<!-- \/ Yoast SEO plugin. -->","yoast_head_json":{"title":"Heinz Rox-Schulz - Eschringen","robots":{"index":"index","follow":"follow","max-snippet":"max-snippet:-1","max-image-preview":"max-image-preview:large","max-video-preview":"max-video-preview:-1"},"canonical":"https:\/\/eschringen.de\/wordpress\/die-menschen\/steckbriefe\/heinz-rox-schulz\/","og_locale":"de_DE","og_type":"article","og_title":"Heinz Rox-Schulz - Eschringen","og_description":"der K\u00f6nig der Globetrotter Seit er Mitte der 1990er Jahre im &#8222;Haus Rehwinkel&#8220; (in der N\u00e4he des Ponsheimer Hofes) sein Domizil eingerichtet hatte, geh\u00f6rte er zu den wohlgelittenen &#8222;Zugereisten&#8220; in Eschringen &#8211; wenngleich sein H\u00e4uschen nat\u00fcrlich auf dem Ormesheimer Bann stand. In den hiesigen Gasth\u00e4usern und auch bei den zahlreichen Festivit\u00e4ten im Ort h\u00f6rte man ... Weiterlesen ...","og_url":"https:\/\/eschringen.de\/wordpress\/die-menschen\/steckbriefe\/heinz-rox-schulz\/","og_site_name":"Eschringen","article_modified_time":"2022-08-20T07:39:57+00:00","og_image":[{"url":"http:\/\/eschringen.de\/wordpress\/wp-content\/uploads\/2017\/02\/rox-300x231.jpg","type":"","width":"","height":""}],"twitter_card":"summary_large_image","twitter_misc":{"Gesch\u00e4tzte Lesezeit":"2\u00a0Minuten"},"schema":{"@context":"https:\/\/schema.org","@graph":[{"@type":"WebPage","@id":"https:\/\/eschringen.de\/wordpress\/die-menschen\/steckbriefe\/heinz-rox-schulz\/","url":"https:\/\/eschringen.de\/wordpress\/die-menschen\/steckbriefe\/heinz-rox-schulz\/","name":"Heinz Rox-Schulz - Eschringen","isPartOf":{"@id":"https:\/\/eschringen.de\/wordpress\/#website"},"primaryImageOfPage":{"@id":"https:\/\/eschringen.de\/wordpress\/die-menschen\/steckbriefe\/heinz-rox-schulz\/#primaryimage"},"image":{"@id":"https:\/\/eschringen.de\/wordpress\/die-menschen\/steckbriefe\/heinz-rox-schulz\/#primaryimage"},"thumbnailUrl":"http:\/\/eschringen.de\/wordpress\/wp-content\/uploads\/2017\/02\/rox-300x231.jpg","datePublished":"2017-02-07T12:44:13+00:00","dateModified":"2022-08-20T07:39:57+00:00","breadcrumb":{"@id":"https:\/\/eschringen.de\/wordpress\/die-menschen\/steckbriefe\/heinz-rox-schulz\/#breadcrumb"},"inLanguage":"de","potentialAction":[{"@type":"ReadAction","target":["https:\/\/eschringen.de\/wordpress\/die-menschen\/steckbriefe\/heinz-rox-schulz\/"]}]},{"@type":"ImageObject","inLanguage":"de","@id":"https:\/\/eschringen.de\/wordpress\/die-menschen\/steckbriefe\/heinz-rox-schulz\/#primaryimage","url":"http:\/\/eschringen.de\/wordpress\/wp-content\/uploads\/2017\/02\/rox-300x231.jpg","contentUrl":"http:\/\/eschringen.de\/wordpress\/wp-content\/uploads\/2017\/02\/rox-300x231.jpg"},{"@type":"BreadcrumbList","@id":"https:\/\/eschringen.de\/wordpress\/die-menschen\/steckbriefe\/heinz-rox-schulz\/#breadcrumb","itemListElement":[{"@type":"ListItem","position":1,"name":"Startseite","item":"https:\/\/eschringen.de\/wordpress\/"},{"@type":"ListItem","position":2,"name":"Die Menschen","item":"https:\/\/eschringen.de\/wordpress\/die-menschen\/"},{"@type":"ListItem","position":3,"name":"Steckbriefe","item":"https:\/\/eschringen.de\/wordpress\/die-menschen\/steckbriefe\/"},{"@type":"ListItem","position":4,"name":"Heinz Rox-Schulz"}]},{"@type":"WebSite","@id":"https:\/\/eschringen.de\/wordpress\/#website","url":"https:\/\/eschringen.de\/wordpress\/","name":"Eschringen","description":"","publisher":{"@id":"https:\/\/eschringen.de\/wordpress\/#organization"},"potentialAction":[{"@type":"SearchAction","target":{"@type":"EntryPoint","urlTemplate":"https:\/\/eschringen.de\/wordpress\/?s={search_term_string}"},"query-input":{"@type":"PropertyValueSpecification","valueRequired":true,"valueName":"search_term_string"}}],"inLanguage":"de"},{"@type":"Organization","@id":"https:\/\/eschringen.de\/wordpress\/#organization","name":"Eschringen","url":"https:\/\/eschringen.de\/wordpress\/","logo":{"@type":"ImageObject","inLanguage":"de","@id":"https:\/\/eschringen.de\/wordpress\/#\/schema\/logo\/image\/","url":"https:\/\/eschringen.de\/wordpress\/wp-content\/uploads\/2017\/03\/2017_kw15.jpg","contentUrl":"https:\/\/eschringen.de\/wordpress\/wp-content\/uploads\/2017\/03\/2017_kw15.jpg","width":784,"height":447,"caption":"Eschringen"},"image":{"@id":"https:\/\/eschringen.de\/wordpress\/#\/schema\/logo\/image\/"}}]}},"jetpack_sharing_enabled":true,"_links":{"self":[{"href":"https:\/\/eschringen.de\/wordpress\/wp-json\/wp\/v2\/pages\/240","targetHints":{"allow":["GET"]}}],"collection":[{"href":"https:\/\/eschringen.de\/wordpress\/wp-json\/wp\/v2\/pages"}],"about":[{"href":"https:\/\/eschringen.de\/wordpress\/wp-json\/wp\/v2\/types\/page"}],"author":[{"embeddable":true,"href":"https:\/\/eschringen.de\/wordpress\/wp-json\/wp\/v2\/users\/1"}],"replies":[{"embeddable":true,"href":"https:\/\/eschringen.de\/wordpress\/wp-json\/wp\/v2\/comments?post=240"}],"version-history":[{"count":6,"href":"https:\/\/eschringen.de\/wordpress\/wp-json\/wp\/v2\/pages\/240\/revisions"}],"predecessor-version":[{"id":3708,"href":"https:\/\/eschringen.de\/wordpress\/wp-json\/wp\/v2\/pages\/240\/revisions\/3708"}],"up":[{"embeddable":true,"href":"https:\/\/eschringen.de\/wordpress\/wp-json\/wp\/v2\/pages\/197"}],"wp:attachment":[{"href":"https:\/\/eschringen.de\/wordpress\/wp-json\/wp\/v2\/media?parent=240"}],"curies":[{"name":"wp","href":"https:\/\/api.w.org\/{rel}","templated":true}]}}