{"id":236,"date":"2017-02-06T14:11:04","date_gmt":"2017-02-06T13:11:04","guid":{"rendered":"http:\/\/eschringen.de\/wordpress\/?page_id=236"},"modified":"2023-07-22T09:46:08","modified_gmt":"2023-07-22T07:46:08","slug":"karl-franz","status":"publish","type":"page","link":"https:\/\/eschringen.de\/wordpress\/die-menschen\/steckbriefe\/karl-franz\/","title":{"rendered":"Karl Franz"},"content":{"rendered":"\n<h5 class=\"wp-block-heading\"><span style=\"color: #0000ff;\"><strong>Priester und Entwicklungshelfer<\/strong><\/span><\/h5>\n\n\n<div class=\"wp-block-image\">\n<figure class=\"alignright size-full\"><img data-recalc-dims=\"1\" loading=\"lazy\" decoding=\"async\" width=\"300\" height=\"391\" src=\"https:\/\/i0.wp.com\/eschringen.de\/wordpress\/wp-content\/uploads\/2023\/07\/franz_adv.jpg?resize=300%2C391&#038;ssl=1\" alt=\"\" class=\"wp-image-4290\" srcset=\"https:\/\/i0.wp.com\/eschringen.de\/wordpress\/wp-content\/uploads\/2023\/07\/franz_adv.jpg?w=300&amp;ssl=1 300w, https:\/\/i0.wp.com\/eschringen.de\/wordpress\/wp-content\/uploads\/2023\/07\/franz_adv.jpg?resize=230%2C300&amp;ssl=1 230w\" sizes=\"auto, (max-width: 300px) 100vw, 300px\" \/><\/figure>\n<\/div>\n\n\n<p>Als viertes von neun Kindern der Eheleute Karl Franz und Margarete geb. Lang wurde Karl Franz am 24. Januar 1891 in Eschringen geboren. Von 1897 bis 1904 besuchte er die Volksschule, dann die Gymnasien in St. Ingbert und Kaiserslautern. In M\u00fcnchen studierte er von 1912 bis 1914 Philosophie und Theologie. Er musste als Soldat in den 1. Weltkrieg ziehen, wurde 1916 in Frankreich verwundet und diente bis 1918 beim 23. bayerischen Infanterie-Regiment. Dann setzte Karl Franz sein theologisches Studium in Trier und Speyer fort. Am 11. Juli 1920 empfing er in Speyer die heilige Priesterweihe.<\/p>\n\n\n\n<p>Als Kaplan wirkte Karl Franz in Frankenthal, Ha\u00dfloch, Katzweiler und Iggelheim. Dann trat er in den Seelsorgedienst der Caritasheime von Ursberg\/Bayern. 1937 musste er vor den (kirchenfeindlichen) Nationalsozialisten aus Deutschland fliehen. \u00dcber die Schweiz, die Tschechoslowakei, Frankreich und Holland gelangte er nach Brasilien. Dort \u00fcbernahm Karl Franz Seelsorgeaufgaben in Novo Horizonte und St. Lucia. Im Mai 1943 erhielt er die 9.000 Seelen z\u00e4hlende Pfarrei Ariranha. Der armen Bev\u00f6lkerung war er nicht nur Missionar und Seelsorger, sondern auch Entwicklungshelfer. Als 71j\u00e4hriger Priester kehrte Pfarrer Franz 1962 in die Heimat zur\u00fcck, wirkte noch bis 1966 als Seelsorger im Altenheim Altusried und in der Orth. Klinik Queichheim.<\/p>\n\n\n\n<p>Schlie\u00dflich begab er sich in den wohlverdienten Ruhestand nach Eschringen und lebte im Haus seiner Schwester. Bei seinem 50j\u00e4hrigen Priesterjubil\u00e4um ernannte ihn die seinerzeit noch selbst\u00e4ndige Gemeinde zum Ehrenb\u00fcrger. Am 22. Juni 1980 feierte Pfarrer Karl Franz im Verbund mit dem Kirchweihjubil\u00e4um (der St. Laurentiuskirche) sein 60j\u00e4hriges Priesterjubil\u00e4um. Zehn Jahre sp\u00e4ter konnte er auch das &#8222;70j\u00e4hrige&#8220; als nunmehr \u00e4ltester Priester im Bistum Speyer begehen.<\/p>\n\n\n\n<p>Karl Franz starb am 28. September 1992 im gesegneten Alter von 101 Jahren in Eschringen.<\/p>\n\n\n\n<p><u>Literaturhinweise:<\/u><br>R\u00f6hlig, Klaus: Pfarrer Karl Franz wurde 95. Bischof Schlembach besuchte in Saarbr\u00fccken-Eschringen den \u00e4ltesten Priester der Di\u00f6zese. in: Der Pilger, Nr. 8, 1986.<\/p>\n\n\n\n<p><a href=\"http:\/\/eschringen.de\/wordpress\/die-menschen\/steckbriefe\/\">Zur\u00fcck zu den Steckbriefen<\/a><\/p>\n","protected":false},"excerpt":{"rendered":"<p>Priester und Entwicklungshelfer Als viertes von neun Kindern der Eheleute Karl Franz und Margarete geb. Lang wurde Karl Franz am 24. Januar 1891 in Eschringen geboren. Von 1897 bis 1904 besuchte er die Volksschule, dann die Gymnasien in St. Ingbert und Kaiserslautern. In M\u00fcnchen studierte er von 1912 bis 1914 Philosophie und Theologie. Er musste &#8230; <a title=\"Karl Franz\" class=\"read-more\" href=\"https:\/\/eschringen.de\/wordpress\/die-menschen\/steckbriefe\/karl-franz\/\" aria-label=\"Mehr Informationen \u00fcber Karl Franz\">Weiterlesen &#8230;<\/a><\/p>\n","protected":false},"author":1,"featured_media":0,"parent":197,"menu_order":7,"comment_status":"closed","ping_status":"closed","template":"","meta":{"ngg_post_thumbnail":0,"footnotes":""},"class_list":["post-236","page","type-page","status-publish"],"yoast_head":"<!-- This site is optimized with the Yoast SEO plugin v27.4 - https:\/\/yoast.com\/product\/yoast-seo-wordpress\/ -->\n<title>Karl Franz - Eschringen<\/title>\n<meta name=\"robots\" content=\"index, follow, max-snippet:-1, max-image-preview:large, max-video-preview:-1\" \/>\n<link rel=\"canonical\" href=\"https:\/\/eschringen.de\/wordpress\/die-menschen\/steckbriefe\/karl-franz\/\" \/>\n<meta property=\"og:locale\" content=\"de_DE\" \/>\n<meta property=\"og:type\" content=\"article\" \/>\n<meta property=\"og:title\" content=\"Karl Franz - Eschringen\" \/>\n<meta property=\"og:description\" content=\"Priester und Entwicklungshelfer Als viertes von neun Kindern der Eheleute Karl Franz und Margarete geb. Lang wurde Karl Franz am 24. Januar 1891 in Eschringen geboren. Von 1897 bis 1904 besuchte er die Volksschule, dann die Gymnasien in St. Ingbert und Kaiserslautern. In M\u00fcnchen studierte er von 1912 bis 1914 Philosophie und Theologie. Er musste ... Weiterlesen ...\" \/>\n<meta property=\"og:url\" content=\"https:\/\/eschringen.de\/wordpress\/die-menschen\/steckbriefe\/karl-franz\/\" \/>\n<meta property=\"og:site_name\" content=\"Eschringen\" \/>\n<meta property=\"article:modified_time\" content=\"2023-07-22T07:46:08+00:00\" \/>\n<meta property=\"og:image\" content=\"https:\/\/eschringen.de\/wordpress\/wp-content\/uploads\/2023\/07\/franz_adv.jpg\" \/>\n<meta name=\"twitter:card\" content=\"summary_large_image\" \/>\n<meta name=\"twitter:label1\" content=\"Gesch\u00e4tzte Lesezeit\" \/>\n\t<meta name=\"twitter:data1\" content=\"2\u00a0Minuten\" \/>\n<script type=\"application\/ld+json\" class=\"yoast-schema-graph\">{\"@context\":\"https:\\\/\\\/schema.org\",\"@graph\":[{\"@type\":\"WebPage\",\"@id\":\"https:\\\/\\\/eschringen.de\\\/wordpress\\\/die-menschen\\\/steckbriefe\\\/karl-franz\\\/\",\"url\":\"https:\\\/\\\/eschringen.de\\\/wordpress\\\/die-menschen\\\/steckbriefe\\\/karl-franz\\\/\",\"name\":\"Karl Franz - Eschringen\",\"isPartOf\":{\"@id\":\"https:\\\/\\\/eschringen.de\\\/wordpress\\\/#website\"},\"primaryImageOfPage\":{\"@id\":\"https:\\\/\\\/eschringen.de\\\/wordpress\\\/die-menschen\\\/steckbriefe\\\/karl-franz\\\/#primaryimage\"},\"image\":{\"@id\":\"https:\\\/\\\/eschringen.de\\\/wordpress\\\/die-menschen\\\/steckbriefe\\\/karl-franz\\\/#primaryimage\"},\"thumbnailUrl\":\"https:\\\/\\\/eschringen.de\\\/wordpress\\\/wp-content\\\/uploads\\\/2023\\\/07\\\/franz_adv.jpg\",\"datePublished\":\"2017-02-06T13:11:04+00:00\",\"dateModified\":\"2023-07-22T07:46:08+00:00\",\"breadcrumb\":{\"@id\":\"https:\\\/\\\/eschringen.de\\\/wordpress\\\/die-menschen\\\/steckbriefe\\\/karl-franz\\\/#breadcrumb\"},\"inLanguage\":\"de\",\"potentialAction\":[{\"@type\":\"ReadAction\",\"target\":[\"https:\\\/\\\/eschringen.de\\\/wordpress\\\/die-menschen\\\/steckbriefe\\\/karl-franz\\\/\"]}]},{\"@type\":\"ImageObject\",\"inLanguage\":\"de\",\"@id\":\"https:\\\/\\\/eschringen.de\\\/wordpress\\\/die-menschen\\\/steckbriefe\\\/karl-franz\\\/#primaryimage\",\"url\":\"https:\\\/\\\/i0.wp.com\\\/eschringen.de\\\/wordpress\\\/wp-content\\\/uploads\\\/2023\\\/07\\\/franz_adv.jpg?fit=300%2C391&ssl=1\",\"contentUrl\":\"https:\\\/\\\/i0.wp.com\\\/eschringen.de\\\/wordpress\\\/wp-content\\\/uploads\\\/2023\\\/07\\\/franz_adv.jpg?fit=300%2C391&ssl=1\",\"width\":300,\"height\":391},{\"@type\":\"BreadcrumbList\",\"@id\":\"https:\\\/\\\/eschringen.de\\\/wordpress\\\/die-menschen\\\/steckbriefe\\\/karl-franz\\\/#breadcrumb\",\"itemListElement\":[{\"@type\":\"ListItem\",\"position\":1,\"name\":\"Startseite\",\"item\":\"https:\\\/\\\/eschringen.de\\\/wordpress\\\/\"},{\"@type\":\"ListItem\",\"position\":2,\"name\":\"Die Menschen\",\"item\":\"https:\\\/\\\/eschringen.de\\\/wordpress\\\/die-menschen\\\/\"},{\"@type\":\"ListItem\",\"position\":3,\"name\":\"Steckbriefe\",\"item\":\"https:\\\/\\\/eschringen.de\\\/wordpress\\\/die-menschen\\\/steckbriefe\\\/\"},{\"@type\":\"ListItem\",\"position\":4,\"name\":\"Karl Franz\"}]},{\"@type\":\"WebSite\",\"@id\":\"https:\\\/\\\/eschringen.de\\\/wordpress\\\/#website\",\"url\":\"https:\\\/\\\/eschringen.de\\\/wordpress\\\/\",\"name\":\"Eschringen\",\"description\":\"\",\"publisher\":{\"@id\":\"https:\\\/\\\/eschringen.de\\\/wordpress\\\/#organization\"},\"potentialAction\":[{\"@type\":\"SearchAction\",\"target\":{\"@type\":\"EntryPoint\",\"urlTemplate\":\"https:\\\/\\\/eschringen.de\\\/wordpress\\\/?s={search_term_string}\"},\"query-input\":{\"@type\":\"PropertyValueSpecification\",\"valueRequired\":true,\"valueName\":\"search_term_string\"}}],\"inLanguage\":\"de\"},{\"@type\":\"Organization\",\"@id\":\"https:\\\/\\\/eschringen.de\\\/wordpress\\\/#organization\",\"name\":\"Eschringen\",\"url\":\"https:\\\/\\\/eschringen.de\\\/wordpress\\\/\",\"logo\":{\"@type\":\"ImageObject\",\"inLanguage\":\"de\",\"@id\":\"https:\\\/\\\/eschringen.de\\\/wordpress\\\/#\\\/schema\\\/logo\\\/image\\\/\",\"url\":\"https:\\\/\\\/eschringen.de\\\/wordpress\\\/wp-content\\\/uploads\\\/2017\\\/03\\\/2017_kw15.jpg\",\"contentUrl\":\"https:\\\/\\\/eschringen.de\\\/wordpress\\\/wp-content\\\/uploads\\\/2017\\\/03\\\/2017_kw15.jpg\",\"width\":784,\"height\":447,\"caption\":\"Eschringen\"},\"image\":{\"@id\":\"https:\\\/\\\/eschringen.de\\\/wordpress\\\/#\\\/schema\\\/logo\\\/image\\\/\"}}]}<\/script>\n<!-- \/ Yoast SEO plugin. -->","yoast_head_json":{"title":"Karl Franz - Eschringen","robots":{"index":"index","follow":"follow","max-snippet":"max-snippet:-1","max-image-preview":"max-image-preview:large","max-video-preview":"max-video-preview:-1"},"canonical":"https:\/\/eschringen.de\/wordpress\/die-menschen\/steckbriefe\/karl-franz\/","og_locale":"de_DE","og_type":"article","og_title":"Karl Franz - Eschringen","og_description":"Priester und Entwicklungshelfer Als viertes von neun Kindern der Eheleute Karl Franz und Margarete geb. Lang wurde Karl Franz am 24. Januar 1891 in Eschringen geboren. Von 1897 bis 1904 besuchte er die Volksschule, dann die Gymnasien in St. Ingbert und Kaiserslautern. In M\u00fcnchen studierte er von 1912 bis 1914 Philosophie und Theologie. Er musste ... Weiterlesen ...","og_url":"https:\/\/eschringen.de\/wordpress\/die-menschen\/steckbriefe\/karl-franz\/","og_site_name":"Eschringen","article_modified_time":"2023-07-22T07:46:08+00:00","og_image":[{"url":"https:\/\/eschringen.de\/wordpress\/wp-content\/uploads\/2023\/07\/franz_adv.jpg","type":"","width":"","height":""}],"twitter_card":"summary_large_image","twitter_misc":{"Gesch\u00e4tzte Lesezeit":"2\u00a0Minuten"},"schema":{"@context":"https:\/\/schema.org","@graph":[{"@type":"WebPage","@id":"https:\/\/eschringen.de\/wordpress\/die-menschen\/steckbriefe\/karl-franz\/","url":"https:\/\/eschringen.de\/wordpress\/die-menschen\/steckbriefe\/karl-franz\/","name":"Karl Franz - Eschringen","isPartOf":{"@id":"https:\/\/eschringen.de\/wordpress\/#website"},"primaryImageOfPage":{"@id":"https:\/\/eschringen.de\/wordpress\/die-menschen\/steckbriefe\/karl-franz\/#primaryimage"},"image":{"@id":"https:\/\/eschringen.de\/wordpress\/die-menschen\/steckbriefe\/karl-franz\/#primaryimage"},"thumbnailUrl":"https:\/\/eschringen.de\/wordpress\/wp-content\/uploads\/2023\/07\/franz_adv.jpg","datePublished":"2017-02-06T13:11:04+00:00","dateModified":"2023-07-22T07:46:08+00:00","breadcrumb":{"@id":"https:\/\/eschringen.de\/wordpress\/die-menschen\/steckbriefe\/karl-franz\/#breadcrumb"},"inLanguage":"de","potentialAction":[{"@type":"ReadAction","target":["https:\/\/eschringen.de\/wordpress\/die-menschen\/steckbriefe\/karl-franz\/"]}]},{"@type":"ImageObject","inLanguage":"de","@id":"https:\/\/eschringen.de\/wordpress\/die-menschen\/steckbriefe\/karl-franz\/#primaryimage","url":"https:\/\/i0.wp.com\/eschringen.de\/wordpress\/wp-content\/uploads\/2023\/07\/franz_adv.jpg?fit=300%2C391&ssl=1","contentUrl":"https:\/\/i0.wp.com\/eschringen.de\/wordpress\/wp-content\/uploads\/2023\/07\/franz_adv.jpg?fit=300%2C391&ssl=1","width":300,"height":391},{"@type":"BreadcrumbList","@id":"https:\/\/eschringen.de\/wordpress\/die-menschen\/steckbriefe\/karl-franz\/#breadcrumb","itemListElement":[{"@type":"ListItem","position":1,"name":"Startseite","item":"https:\/\/eschringen.de\/wordpress\/"},{"@type":"ListItem","position":2,"name":"Die Menschen","item":"https:\/\/eschringen.de\/wordpress\/die-menschen\/"},{"@type":"ListItem","position":3,"name":"Steckbriefe","item":"https:\/\/eschringen.de\/wordpress\/die-menschen\/steckbriefe\/"},{"@type":"ListItem","position":4,"name":"Karl Franz"}]},{"@type":"WebSite","@id":"https:\/\/eschringen.de\/wordpress\/#website","url":"https:\/\/eschringen.de\/wordpress\/","name":"Eschringen","description":"","publisher":{"@id":"https:\/\/eschringen.de\/wordpress\/#organization"},"potentialAction":[{"@type":"SearchAction","target":{"@type":"EntryPoint","urlTemplate":"https:\/\/eschringen.de\/wordpress\/?s={search_term_string}"},"query-input":{"@type":"PropertyValueSpecification","valueRequired":true,"valueName":"search_term_string"}}],"inLanguage":"de"},{"@type":"Organization","@id":"https:\/\/eschringen.de\/wordpress\/#organization","name":"Eschringen","url":"https:\/\/eschringen.de\/wordpress\/","logo":{"@type":"ImageObject","inLanguage":"de","@id":"https:\/\/eschringen.de\/wordpress\/#\/schema\/logo\/image\/","url":"https:\/\/eschringen.de\/wordpress\/wp-content\/uploads\/2017\/03\/2017_kw15.jpg","contentUrl":"https:\/\/eschringen.de\/wordpress\/wp-content\/uploads\/2017\/03\/2017_kw15.jpg","width":784,"height":447,"caption":"Eschringen"},"image":{"@id":"https:\/\/eschringen.de\/wordpress\/#\/schema\/logo\/image\/"}}]}},"jetpack_sharing_enabled":true,"_links":{"self":[{"href":"https:\/\/eschringen.de\/wordpress\/wp-json\/wp\/v2\/pages\/236","targetHints":{"allow":["GET"]}}],"collection":[{"href":"https:\/\/eschringen.de\/wordpress\/wp-json\/wp\/v2\/pages"}],"about":[{"href":"https:\/\/eschringen.de\/wordpress\/wp-json\/wp\/v2\/types\/page"}],"author":[{"embeddable":true,"href":"https:\/\/eschringen.de\/wordpress\/wp-json\/wp\/v2\/users\/1"}],"replies":[{"embeddable":true,"href":"https:\/\/eschringen.de\/wordpress\/wp-json\/wp\/v2\/comments?post=236"}],"version-history":[{"count":4,"href":"https:\/\/eschringen.de\/wordpress\/wp-json\/wp\/v2\/pages\/236\/revisions"}],"predecessor-version":[{"id":4291,"href":"https:\/\/eschringen.de\/wordpress\/wp-json\/wp\/v2\/pages\/236\/revisions\/4291"}],"up":[{"embeddable":true,"href":"https:\/\/eschringen.de\/wordpress\/wp-json\/wp\/v2\/pages\/197"}],"wp:attachment":[{"href":"https:\/\/eschringen.de\/wordpress\/wp-json\/wp\/v2\/media?parent=236"}],"curies":[{"name":"wp","href":"https:\/\/api.w.org\/{rel}","templated":true}]}}