{"id":233,"date":"2017-02-06T13:49:59","date_gmt":"2017-02-06T12:49:59","guid":{"rendered":"http:\/\/eschringen.de\/wordpress\/?page_id=233"},"modified":"2022-08-20T09:38:39","modified_gmt":"2022-08-20T07:38:39","slug":"alfons-schreieck","status":"publish","type":"page","link":"https:\/\/eschringen.de\/wordpress\/die-menschen\/steckbriefe\/alfons-schreieck\/","title":{"rendered":"Alfons Schreieck"},"content":{"rendered":"\n<h5 class=\"wp-block-heading\"><span style=\"color: #0000ff;\"><strong>P\u00e4dagoge und Schriftsteller<\/strong><\/span><\/h5>\n\n\n<div class=\"wp-block-image\">\n<figure class=\"alignright size-full\"><img data-recalc-dims=\"1\" loading=\"lazy\" decoding=\"async\" width=\"313\" height=\"501\" src=\"https:\/\/i0.wp.com\/eschringen.de\/wordpress\/wp-content\/uploads\/2022\/08\/aschreieck.jpg?resize=313%2C501&#038;ssl=1\" alt=\"\" class=\"wp-image-3705\" srcset=\"https:\/\/i0.wp.com\/eschringen.de\/wordpress\/wp-content\/uploads\/2022\/08\/aschreieck.jpg?w=313&amp;ssl=1 313w, https:\/\/i0.wp.com\/eschringen.de\/wordpress\/wp-content\/uploads\/2022\/08\/aschreieck.jpg?resize=187%2C300&amp;ssl=1 187w\" sizes=\"auto, (max-width: 313px) 100vw, 313px\" \/><\/figure>\n<\/div>\n\n\n<p>Nicht einmal vier Jahre hielt sich der aus St. Martin geb\u00fcrtige Rheinpf\u00e4lzer (dort am 23. November 1886 geboren) in Eschringen auf, und freiwillig war er auch nicht in das Dorf an der bayerisch-preu\u00dfischen Grenze gekommen. Doch soll hier an ihn erinnert werden, denn ihm verdankt Eschringen, da\u00df es in Fred Oberhausers &#8222;Literarischer F\u00fchrer durch Deutschland&#8220; Erw\u00e4hnung fand. Schreieck unterrichtete als junger Hilfslehrer von November 1909 bis Sommer 1913 in der Eschringer Schule (unter Lehrer Dreyer, 1902 &#8211; 1920). Er versuchte sich in jener Zeit wohl schon an literarischen Texten, lie\u00df sich &#8211; wie wir inzwischen wissen &#8211; von Geschehnissen und Entwicklungen in und um Eschringen sp\u00e4ter inspirieren. Der Ensheimer Pfarrer Kaiser schrieb \u00fcber ihn ins Pfarrgedenkbuch: &#8222;Er machte sich verdient durch Ein\u00fcben von Theaterst\u00fccken beim \u2018Jungfrauenverein\u2019. Einer seiner Romane &#8211; \u2018Land unter dem Regenbogen\u2019 soll sich bei uns abspielen.&#8220; Schreieck war offensichtlich in die Dorfgemeinschaft eingebunden. Allerdings bescherte ihm seine Lehrt\u00e4tigkeit in Eschringen eines Tages erheblichen \u00c4rger. Ein Vater verklagte ihn, weil er seine Tochter geschlagen hatte. Wegen fahrl\u00e4ssiger K\u00f6rperverletzung wurde Schreieck im Januar 1911 zu einer kleinen Geldstrafe verurteilt. Vom Distriktschulrat erhielt er wegen &#8222;\u00dcberschreitung des Z\u00fcchtigungsrechtes&#8220; eine Verwarnung. Pfarrer Kaiser, auch k\u00f6niglich katholischer Lokalschulinspektor, nahm den Junglehrer in Schutz und schrieb wenige Monate sp\u00e4ter an das Bezirksamt St. Ingbert: &#8222;Der gute Wille des Hilfslehrers und sein Bestreben, die \u2018beschr\u00e4nkte\u2019 Sch\u00fclerin wenigstens etwas \u2018vorw\u00e4rts\u2019 zu bringen, ist anzuerkennen. Seine Hitze hat der Hilfslehrer schwer b\u00fc\u00dfen m\u00fcssen.&#8220; Schreieck blieb dann noch gut zwei Jahre in Eschringen, bevor er an die Schule nach Hilst (bei Pirmasens) wechselte. Anschlie\u00dfend wirkte er viele Jahre als Hauptlehrer an der Volksschule in in Neustadt a. d. W.), ging dann ins nahe Hambach, wo er als Schulrektor 1951 seine p\u00e4dagogische Laufbahn beendete.<\/p>\n\n\n\n<p>Sein literarisches Schaffen blieb weitgehend regional begrenzt, obwohl er f\u00fcr die Erz\u00e4hlung &#8222;Die acht Fackeln des Bruders Silvio&#8220; den Ersten Preis der Bayerischen Staatszeitung erhalten hatte und z. B. sein sozialkritischer Roman &#8222;Das Land unter dem Regenbogen&#8220; im renommierten Freiburger Herder-Verlag erschienen war. Letzterer spielt eindeutig im Saarbachtal. Schaupl\u00e4tze sind die Halberger H\u00fctte und die D\u00f6rfer am Bliesgaurand, wenngleich er die \u00d6rtlichkeiten mit Phantasienamen und die Personen mit Pseudonymen belegt. Schreiecks Roman ist heutzutage nur schwer zu lesen und noch schwerer zu verstehen. Verk\u00fcrzt gesagt geht es um den Kampf eines Pfarrers f\u00fcr den Bau einer Stra\u00dfenbahn, damit die nunmehr als Lohnarbeiter in der H\u00fctte arbeitenden (ehemaligen) Bauern ohne gro\u00dfe M\u00fche die Strapaze des Hin- und R\u00fcckwegs bew\u00e4ltigen k\u00f6nnen. Roland Betsch, ein Zeitgenosse und Kollege, bekannte jedenfalls: &#8222;Schreieck ist einer der besten pf\u00e4lzischen Erz\u00e4hler, tief, bodenst\u00e4ndig, humorvoll.&#8220;<\/p>\n\n\n\n<p>Neben seinen Buchver\u00f6ffentlichungen schrieb Schreieck auch Texte f\u00fcr Zeitungen, Zeitschriften und Kalender.<\/p>\n\n\n\n<p>Am 8. M\u00e4rz 1965 starb er in seinem Domizil in Hambach.<\/p>\n\n\n\n<p>(Roland Schmitt; Heinrich Moog)<\/p>\n\n\n\n<p>Werke:<\/p>\n\n\n\n<p>Hinter den sieben Bergen. Geschichten f\u00fcr schlichte Leute. Paderborn 1914.<br>Das Land unter dem Regenbogen. Roman. Freiburg 1924.<br>Das Domgesicht und seine W\u00e4chter. Grenzroman. Bonn 1939.<\/p>\n\n\n\n<p><a href=\"http:\/\/eschringen.de\/wordpress\/die-menschen\/steckbriefe\/\">Zur\u00fcck zu den Steckbriefen<\/a><\/p>\n","protected":false},"excerpt":{"rendered":"<p>P\u00e4dagoge und Schriftsteller Nicht einmal vier Jahre hielt sich der aus St. Martin geb\u00fcrtige Rheinpf\u00e4lzer (dort am 23. November 1886 geboren) in Eschringen auf, und freiwillig war er auch nicht in das Dorf an der bayerisch-preu\u00dfischen Grenze gekommen. Doch soll hier an ihn erinnert werden, denn ihm verdankt Eschringen, da\u00df es in Fred Oberhausers &#8222;Literarischer &#8230; <a title=\"Alfons Schreieck\" class=\"read-more\" href=\"https:\/\/eschringen.de\/wordpress\/die-menschen\/steckbriefe\/alfons-schreieck\/\" aria-label=\"Mehr Informationen \u00fcber Alfons Schreieck\">Weiterlesen &#8230;<\/a><\/p>\n","protected":false},"author":1,"featured_media":0,"parent":197,"menu_order":6,"comment_status":"closed","ping_status":"closed","template":"","meta":{"ngg_post_thumbnail":0,"footnotes":""},"class_list":["post-233","page","type-page","status-publish"],"yoast_head":"<!-- This site is optimized with the Yoast SEO plugin v27.3 - https:\/\/yoast.com\/product\/yoast-seo-wordpress\/ -->\n<title>Alfons Schreieck - Eschringen<\/title>\n<meta name=\"robots\" content=\"index, follow, max-snippet:-1, max-image-preview:large, max-video-preview:-1\" \/>\n<link rel=\"canonical\" href=\"https:\/\/eschringen.de\/wordpress\/die-menschen\/steckbriefe\/alfons-schreieck\/\" \/>\n<meta property=\"og:locale\" content=\"de_DE\" \/>\n<meta property=\"og:type\" content=\"article\" \/>\n<meta property=\"og:title\" content=\"Alfons Schreieck - Eschringen\" \/>\n<meta property=\"og:description\" content=\"P\u00e4dagoge und Schriftsteller Nicht einmal vier Jahre hielt sich der aus St. Martin geb\u00fcrtige Rheinpf\u00e4lzer (dort am 23. November 1886 geboren) in Eschringen auf, und freiwillig war er auch nicht in das Dorf an der bayerisch-preu\u00dfischen Grenze gekommen. Doch soll hier an ihn erinnert werden, denn ihm verdankt Eschringen, da\u00df es in Fred Oberhausers &#8222;Literarischer ... Weiterlesen ...\" \/>\n<meta property=\"og:url\" content=\"https:\/\/eschringen.de\/wordpress\/die-menschen\/steckbriefe\/alfons-schreieck\/\" \/>\n<meta property=\"og:site_name\" content=\"Eschringen\" \/>\n<meta property=\"article:modified_time\" content=\"2022-08-20T07:38:39+00:00\" \/>\n<meta property=\"og:image\" content=\"https:\/\/eschringen.de\/wordpress\/wp-content\/uploads\/2022\/08\/aschreieck.jpg\" \/>\n<meta name=\"twitter:card\" content=\"summary_large_image\" \/>\n<meta name=\"twitter:label1\" content=\"Gesch\u00e4tzte Lesezeit\" \/>\n\t<meta name=\"twitter:data1\" content=\"3\u00a0Minuten\" \/>\n<script type=\"application\/ld+json\" class=\"yoast-schema-graph\">{\"@context\":\"https:\\\/\\\/schema.org\",\"@graph\":[{\"@type\":\"WebPage\",\"@id\":\"https:\\\/\\\/eschringen.de\\\/wordpress\\\/die-menschen\\\/steckbriefe\\\/alfons-schreieck\\\/\",\"url\":\"https:\\\/\\\/eschringen.de\\\/wordpress\\\/die-menschen\\\/steckbriefe\\\/alfons-schreieck\\\/\",\"name\":\"Alfons Schreieck - Eschringen\",\"isPartOf\":{\"@id\":\"https:\\\/\\\/eschringen.de\\\/wordpress\\\/#website\"},\"primaryImageOfPage\":{\"@id\":\"https:\\\/\\\/eschringen.de\\\/wordpress\\\/die-menschen\\\/steckbriefe\\\/alfons-schreieck\\\/#primaryimage\"},\"image\":{\"@id\":\"https:\\\/\\\/eschringen.de\\\/wordpress\\\/die-menschen\\\/steckbriefe\\\/alfons-schreieck\\\/#primaryimage\"},\"thumbnailUrl\":\"https:\\\/\\\/eschringen.de\\\/wordpress\\\/wp-content\\\/uploads\\\/2022\\\/08\\\/aschreieck.jpg\",\"datePublished\":\"2017-02-06T12:49:59+00:00\",\"dateModified\":\"2022-08-20T07:38:39+00:00\",\"breadcrumb\":{\"@id\":\"https:\\\/\\\/eschringen.de\\\/wordpress\\\/die-menschen\\\/steckbriefe\\\/alfons-schreieck\\\/#breadcrumb\"},\"inLanguage\":\"de\",\"potentialAction\":[{\"@type\":\"ReadAction\",\"target\":[\"https:\\\/\\\/eschringen.de\\\/wordpress\\\/die-menschen\\\/steckbriefe\\\/alfons-schreieck\\\/\"]}]},{\"@type\":\"ImageObject\",\"inLanguage\":\"de\",\"@id\":\"https:\\\/\\\/eschringen.de\\\/wordpress\\\/die-menschen\\\/steckbriefe\\\/alfons-schreieck\\\/#primaryimage\",\"url\":\"https:\\\/\\\/i0.wp.com\\\/eschringen.de\\\/wordpress\\\/wp-content\\\/uploads\\\/2022\\\/08\\\/aschreieck.jpg?fit=313%2C501&ssl=1\",\"contentUrl\":\"https:\\\/\\\/i0.wp.com\\\/eschringen.de\\\/wordpress\\\/wp-content\\\/uploads\\\/2022\\\/08\\\/aschreieck.jpg?fit=313%2C501&ssl=1\",\"width\":313,\"height\":501},{\"@type\":\"BreadcrumbList\",\"@id\":\"https:\\\/\\\/eschringen.de\\\/wordpress\\\/die-menschen\\\/steckbriefe\\\/alfons-schreieck\\\/#breadcrumb\",\"itemListElement\":[{\"@type\":\"ListItem\",\"position\":1,\"name\":\"Startseite\",\"item\":\"https:\\\/\\\/eschringen.de\\\/wordpress\\\/\"},{\"@type\":\"ListItem\",\"position\":2,\"name\":\"Die Menschen\",\"item\":\"https:\\\/\\\/eschringen.de\\\/wordpress\\\/die-menschen\\\/\"},{\"@type\":\"ListItem\",\"position\":3,\"name\":\"Steckbriefe\",\"item\":\"https:\\\/\\\/eschringen.de\\\/wordpress\\\/die-menschen\\\/steckbriefe\\\/\"},{\"@type\":\"ListItem\",\"position\":4,\"name\":\"Alfons Schreieck\"}]},{\"@type\":\"WebSite\",\"@id\":\"https:\\\/\\\/eschringen.de\\\/wordpress\\\/#website\",\"url\":\"https:\\\/\\\/eschringen.de\\\/wordpress\\\/\",\"name\":\"Eschringen\",\"description\":\"\",\"publisher\":{\"@id\":\"https:\\\/\\\/eschringen.de\\\/wordpress\\\/#organization\"},\"potentialAction\":[{\"@type\":\"SearchAction\",\"target\":{\"@type\":\"EntryPoint\",\"urlTemplate\":\"https:\\\/\\\/eschringen.de\\\/wordpress\\\/?s={search_term_string}\"},\"query-input\":{\"@type\":\"PropertyValueSpecification\",\"valueRequired\":true,\"valueName\":\"search_term_string\"}}],\"inLanguage\":\"de\"},{\"@type\":\"Organization\",\"@id\":\"https:\\\/\\\/eschringen.de\\\/wordpress\\\/#organization\",\"name\":\"Eschringen\",\"url\":\"https:\\\/\\\/eschringen.de\\\/wordpress\\\/\",\"logo\":{\"@type\":\"ImageObject\",\"inLanguage\":\"de\",\"@id\":\"https:\\\/\\\/eschringen.de\\\/wordpress\\\/#\\\/schema\\\/logo\\\/image\\\/\",\"url\":\"https:\\\/\\\/eschringen.de\\\/wordpress\\\/wp-content\\\/uploads\\\/2017\\\/03\\\/2017_kw15.jpg\",\"contentUrl\":\"https:\\\/\\\/eschringen.de\\\/wordpress\\\/wp-content\\\/uploads\\\/2017\\\/03\\\/2017_kw15.jpg\",\"width\":784,\"height\":447,\"caption\":\"Eschringen\"},\"image\":{\"@id\":\"https:\\\/\\\/eschringen.de\\\/wordpress\\\/#\\\/schema\\\/logo\\\/image\\\/\"}}]}<\/script>\n<!-- \/ Yoast SEO plugin. -->","yoast_head_json":{"title":"Alfons Schreieck - Eschringen","robots":{"index":"index","follow":"follow","max-snippet":"max-snippet:-1","max-image-preview":"max-image-preview:large","max-video-preview":"max-video-preview:-1"},"canonical":"https:\/\/eschringen.de\/wordpress\/die-menschen\/steckbriefe\/alfons-schreieck\/","og_locale":"de_DE","og_type":"article","og_title":"Alfons Schreieck - Eschringen","og_description":"P\u00e4dagoge und Schriftsteller Nicht einmal vier Jahre hielt sich der aus St. Martin geb\u00fcrtige Rheinpf\u00e4lzer (dort am 23. November 1886 geboren) in Eschringen auf, und freiwillig war er auch nicht in das Dorf an der bayerisch-preu\u00dfischen Grenze gekommen. Doch soll hier an ihn erinnert werden, denn ihm verdankt Eschringen, da\u00df es in Fred Oberhausers &#8222;Literarischer ... Weiterlesen ...","og_url":"https:\/\/eschringen.de\/wordpress\/die-menschen\/steckbriefe\/alfons-schreieck\/","og_site_name":"Eschringen","article_modified_time":"2022-08-20T07:38:39+00:00","og_image":[{"url":"https:\/\/eschringen.de\/wordpress\/wp-content\/uploads\/2022\/08\/aschreieck.jpg","type":"","width":"","height":""}],"twitter_card":"summary_large_image","twitter_misc":{"Gesch\u00e4tzte Lesezeit":"3\u00a0Minuten"},"schema":{"@context":"https:\/\/schema.org","@graph":[{"@type":"WebPage","@id":"https:\/\/eschringen.de\/wordpress\/die-menschen\/steckbriefe\/alfons-schreieck\/","url":"https:\/\/eschringen.de\/wordpress\/die-menschen\/steckbriefe\/alfons-schreieck\/","name":"Alfons Schreieck - Eschringen","isPartOf":{"@id":"https:\/\/eschringen.de\/wordpress\/#website"},"primaryImageOfPage":{"@id":"https:\/\/eschringen.de\/wordpress\/die-menschen\/steckbriefe\/alfons-schreieck\/#primaryimage"},"image":{"@id":"https:\/\/eschringen.de\/wordpress\/die-menschen\/steckbriefe\/alfons-schreieck\/#primaryimage"},"thumbnailUrl":"https:\/\/eschringen.de\/wordpress\/wp-content\/uploads\/2022\/08\/aschreieck.jpg","datePublished":"2017-02-06T12:49:59+00:00","dateModified":"2022-08-20T07:38:39+00:00","breadcrumb":{"@id":"https:\/\/eschringen.de\/wordpress\/die-menschen\/steckbriefe\/alfons-schreieck\/#breadcrumb"},"inLanguage":"de","potentialAction":[{"@type":"ReadAction","target":["https:\/\/eschringen.de\/wordpress\/die-menschen\/steckbriefe\/alfons-schreieck\/"]}]},{"@type":"ImageObject","inLanguage":"de","@id":"https:\/\/eschringen.de\/wordpress\/die-menschen\/steckbriefe\/alfons-schreieck\/#primaryimage","url":"https:\/\/i0.wp.com\/eschringen.de\/wordpress\/wp-content\/uploads\/2022\/08\/aschreieck.jpg?fit=313%2C501&ssl=1","contentUrl":"https:\/\/i0.wp.com\/eschringen.de\/wordpress\/wp-content\/uploads\/2022\/08\/aschreieck.jpg?fit=313%2C501&ssl=1","width":313,"height":501},{"@type":"BreadcrumbList","@id":"https:\/\/eschringen.de\/wordpress\/die-menschen\/steckbriefe\/alfons-schreieck\/#breadcrumb","itemListElement":[{"@type":"ListItem","position":1,"name":"Startseite","item":"https:\/\/eschringen.de\/wordpress\/"},{"@type":"ListItem","position":2,"name":"Die Menschen","item":"https:\/\/eschringen.de\/wordpress\/die-menschen\/"},{"@type":"ListItem","position":3,"name":"Steckbriefe","item":"https:\/\/eschringen.de\/wordpress\/die-menschen\/steckbriefe\/"},{"@type":"ListItem","position":4,"name":"Alfons Schreieck"}]},{"@type":"WebSite","@id":"https:\/\/eschringen.de\/wordpress\/#website","url":"https:\/\/eschringen.de\/wordpress\/","name":"Eschringen","description":"","publisher":{"@id":"https:\/\/eschringen.de\/wordpress\/#organization"},"potentialAction":[{"@type":"SearchAction","target":{"@type":"EntryPoint","urlTemplate":"https:\/\/eschringen.de\/wordpress\/?s={search_term_string}"},"query-input":{"@type":"PropertyValueSpecification","valueRequired":true,"valueName":"search_term_string"}}],"inLanguage":"de"},{"@type":"Organization","@id":"https:\/\/eschringen.de\/wordpress\/#organization","name":"Eschringen","url":"https:\/\/eschringen.de\/wordpress\/","logo":{"@type":"ImageObject","inLanguage":"de","@id":"https:\/\/eschringen.de\/wordpress\/#\/schema\/logo\/image\/","url":"https:\/\/eschringen.de\/wordpress\/wp-content\/uploads\/2017\/03\/2017_kw15.jpg","contentUrl":"https:\/\/eschringen.de\/wordpress\/wp-content\/uploads\/2017\/03\/2017_kw15.jpg","width":784,"height":447,"caption":"Eschringen"},"image":{"@id":"https:\/\/eschringen.de\/wordpress\/#\/schema\/logo\/image\/"}}]}},"jetpack_sharing_enabled":true,"_links":{"self":[{"href":"https:\/\/eschringen.de\/wordpress\/wp-json\/wp\/v2\/pages\/233","targetHints":{"allow":["GET"]}}],"collection":[{"href":"https:\/\/eschringen.de\/wordpress\/wp-json\/wp\/v2\/pages"}],"about":[{"href":"https:\/\/eschringen.de\/wordpress\/wp-json\/wp\/v2\/types\/page"}],"author":[{"embeddable":true,"href":"https:\/\/eschringen.de\/wordpress\/wp-json\/wp\/v2\/users\/1"}],"replies":[{"embeddable":true,"href":"https:\/\/eschringen.de\/wordpress\/wp-json\/wp\/v2\/comments?post=233"}],"version-history":[{"count":3,"href":"https:\/\/eschringen.de\/wordpress\/wp-json\/wp\/v2\/pages\/233\/revisions"}],"predecessor-version":[{"id":3706,"href":"https:\/\/eschringen.de\/wordpress\/wp-json\/wp\/v2\/pages\/233\/revisions\/3706"}],"up":[{"embeddable":true,"href":"https:\/\/eschringen.de\/wordpress\/wp-json\/wp\/v2\/pages\/197"}],"wp:attachment":[{"href":"https:\/\/eschringen.de\/wordpress\/wp-json\/wp\/v2\/media?parent=233"}],"curies":[{"name":"wp","href":"https:\/\/api.w.org\/{rel}","templated":true}]}}