{"id":224,"date":"2017-02-03T20:58:37","date_gmt":"2017-02-03T19:58:37","guid":{"rendered":"http:\/\/eschringen.de\/wordpress\/?page_id=224"},"modified":"2023-07-21T14:38:57","modified_gmt":"2023-07-21T12:38:57","slug":"karl-leidinger","status":"publish","type":"page","link":"https:\/\/eschringen.de\/wordpress\/die-menschen\/steckbriefe\/karl-leidinger\/","title":{"rendered":"Karl Leidinger"},"content":{"rendered":"\n<h5 class=\"wp-block-heading\"><span style=\"color: #0000ff;\"><strong>Missionar und Komponist<\/strong><\/span><\/h5>\n\n\n<div class=\"wp-block-image\">\n<figure class=\"alignright size-full\"><img data-recalc-dims=\"1\" loading=\"lazy\" decoding=\"async\" width=\"307\" height=\"400\" src=\"https:\/\/i0.wp.com\/eschringen.de\/wordpress\/wp-content\/uploads\/2023\/07\/Karl_Leidinger-Enhanced.jpg?resize=307%2C400&#038;ssl=1\" alt=\"\" class=\"wp-image-4285\" srcset=\"https:\/\/i0.wp.com\/eschringen.de\/wordpress\/wp-content\/uploads\/2023\/07\/Karl_Leidinger-Enhanced.jpg?w=307&amp;ssl=1 307w, https:\/\/i0.wp.com\/eschringen.de\/wordpress\/wp-content\/uploads\/2023\/07\/Karl_Leidinger-Enhanced.jpg?resize=230%2C300&amp;ssl=1 230w\" sizes=\"auto, (max-width: 307px) 100vw, 307px\" \/><\/figure>\n<\/div>\n\n\n<p>Die ehemalige \u00dcberdorfstra\u00dfe tr\u00e4gt seinen Namen, doch die wenigsten wissen noch, wer er war: Pater Karl Leidinger SVD. Geboren wurde er am 18. Mai 1901 als f\u00fcnftes von neun Kindern des Bergmanns Josef Leidinger und seiner Ehefrau Anna Vogelgesang in Eschringen. Er stammt aus dem Haus Nr. 14 der sp\u00e4ter nach ihm benannten Stra\u00dfe im \u00dcberdorf.<\/p>\n\n\n\n<p>Karl besuchte in Eschringen die Volksschule, absolvierte seine Gymnasialstudien im Missionshaus SVD St. Wendel und studierte Philosophie und Theologie im Missionspriesterseminar SVD St. Gabriel, M\u00f6dling bei Wien. Dort empfing er am 9. Mai 1929 die Priesterweihe und feierte am 30. Juni desselben Jahres seine Heimatprimiz in unserer damaligen Pfarrkirche St. Peter zu Ensheim.<\/p>\n\n\n\n<p>Von den Steyler Ordensoberen als Gymnasiallehrer f\u00fcr Chile ausgew\u00e4hlt, studierte er nach dem Heimaturlaub noch ein Jahr lang Sprachen an der Universit\u00e4t zu M\u00fcnster in Westfalen, wo er sich auch als Seelsorger im Kinderhospital der Stadt n\u00fctzlich erwies. Vor seiner Abreise in die Mission durfte der junge Priester Ende August 1930 Eschringen noch einmal besuchen. Seine besondere Freude war es damals, das heilige Opfer in unserer neuen, gerade eingeweihten Kirche feiern zu k\u00f6nnen. Mitte September trat der Missionar von Hamburg aus die \u00dcberseereise an.<\/p>\n\n\n\n<p>Seine Lehrt\u00e4tigkeit begann P. Leidinger am 29. Oktober 1930 in Santiago de Chile als Gymnasialprofessor f\u00fcr Englisch, Deutsch, Franz\u00f6sisch und Spanisch am &#8222;Liceo Aleman&#8220;. Sein Hobby war die Kirchenmusik, und Pater Carlos schuf auch eigene Kompositionen. Als die Bisch\u00f6fe des Landes im Jahre 1934 zum Eucharistischen Kongress in Chile die Vertonung eines festlichen Hymnus ausgeschrieben hatten, w\u00e4hlten die Preisrichter unter den zahlreichen Einsendungen seine Komposition aus, und die ausgezeichnete Musik fand beim Kongre0 so gro\u00dfen Anklang, da\u00df sie f\u00fcr immer in den chilenischen Kirchengesang aufgenommen wurde. P.Leidinger selbst erhielt vom Erzbischof die ehrenvolle Berufung in den Ausschuss f\u00fcr Kirchenmusik.<\/p>\n\n\n\n<p>Osorno, eine Stadt mit 40.000 Einwohnern, die 1.000 km s\u00fcdlich von Santiago liegt, war die zweite Station seines missionarischen Wirkens. Im Jahre 1944 kam er als Studienprofessor an das dortige Gymnasium, von 1947 bis 1951 leitete er es als Rektor.<\/p>\n\n\n\n<p>Die dritte Missionsbestimmung f\u00fchrte den Priester im Jahre 1951 in die noch s\u00fcdlicher gelegene Stadt Puerto Varas. Dort befand sich das &#8222;Germania-Kolleg&#8220; der Gesellschaft des G\u00f6ttlichen Wortes noch im Aufbau. Der erfahrene P\u00e4dagoge \u00fcbernahm als Rektor die Leitung der Studienanstalt und f\u00fchrte sie zur staatlichen Anerkennung. Anerkennung hat auch seine pers\u00f6nliche Arbeit gefunden, seitens der Kirche wie staatlicherseits. So wurden ihm anl\u00e4sslich seines Silbernen Priesterjubil\u00e4ums im Jahre 1954 viele Ehrungen zuteil.<\/p>\n\n\n\n<p>Nach 29j\u00e4hriger Missionst\u00e4tigkeit konnte P. Leidinger 1959 seinen ersten Heimaturlaub antreten und durfte einige Monate im geliebten Eschringen weilen. Damals wurde sein 30j\u00e4hriges Priesterjubil\u00e4um gefeiert, das die ganze Gemeinde festlich beging.<\/p>\n\n\n\n<p>Zuletzt wirkte der Missionar in der Stadtseelsorge zu Osorno, wo er nach einer Erdbebenkatastrophe, die bald nach seiner R\u00fcckkehr das s\u00fcdamerikanische Land heimsuchte, in das Komitee f\u00fcr den Wiederaufbau der verw\u00fcsteten Stadt berufen. Von der Liebe Christi getragen setze P. Leidinger seine ganze Kraft ein, die Not der ungl\u00fccklichen Bev\u00f6lkerung lindern zu helfen, und so erf\u00fcllte sich das Leben dieses gro\u00dfen Eschringer Sohnes. Am 14. Juli 1961 gab er es zu Osorno in die H\u00e4nde des Sch\u00f6pfers zur\u00fcck, gerade 60 Jahre alt.<\/p>\n\n\n\n<p>(Heinrich Moog)<\/p>\n\n\n\n<h6 class=\"wp-block-heading\">Literaturhinweis:<br>Vor seinen Augen st\u00fcrzte die Kathedrale ein. Pater Prof. Karl Leidinger, Eschringens ber\u00fchmter Sohn, starb im fernen Chile.<br>in: Pf\u00e4lzische Landeszeitung, Ausg. C, Nr. 164 v. 19.7.1961.<\/h6>\n\n\n\n<p><a href=\"http:\/\/eschringen.de\/wordpress\/die-menschen\/steckbriefe\/\">Zur\u00fcck zu den Steckbriefen<\/a><\/p>\n","protected":false},"excerpt":{"rendered":"<p>Missionar und Komponist Die ehemalige \u00dcberdorfstra\u00dfe tr\u00e4gt seinen Namen, doch die wenigsten wissen noch, wer er war: Pater Karl Leidinger SVD. Geboren wurde er am 18. Mai 1901 als f\u00fcnftes von neun Kindern des Bergmanns Josef Leidinger und seiner Ehefrau Anna Vogelgesang in Eschringen. Er stammt aus dem Haus Nr. 14 der sp\u00e4ter nach ihm &#8230; <a title=\"Karl Leidinger\" class=\"read-more\" href=\"https:\/\/eschringen.de\/wordpress\/die-menschen\/steckbriefe\/karl-leidinger\/\" aria-label=\"Mehr Informationen \u00fcber Karl Leidinger\">Weiterlesen &#8230;<\/a><\/p>\n","protected":false},"author":1,"featured_media":0,"parent":197,"menu_order":5,"comment_status":"closed","ping_status":"closed","template":"","meta":{"ngg_post_thumbnail":0,"footnotes":""},"class_list":["post-224","page","type-page","status-publish"],"yoast_head":"<!-- This site is optimized with the Yoast SEO plugin v27.4 - https:\/\/yoast.com\/product\/yoast-seo-wordpress\/ -->\n<title>Karl Leidinger - Eschringen<\/title>\n<meta name=\"robots\" content=\"index, follow, max-snippet:-1, max-image-preview:large, max-video-preview:-1\" \/>\n<link rel=\"canonical\" href=\"https:\/\/eschringen.de\/wordpress\/die-menschen\/steckbriefe\/karl-leidinger\/\" \/>\n<meta property=\"og:locale\" content=\"de_DE\" \/>\n<meta property=\"og:type\" content=\"article\" \/>\n<meta property=\"og:title\" content=\"Karl Leidinger - Eschringen\" \/>\n<meta property=\"og:description\" content=\"Missionar und Komponist Die ehemalige \u00dcberdorfstra\u00dfe tr\u00e4gt seinen Namen, doch die wenigsten wissen noch, wer er war: Pater Karl Leidinger SVD. Geboren wurde er am 18. Mai 1901 als f\u00fcnftes von neun Kindern des Bergmanns Josef Leidinger und seiner Ehefrau Anna Vogelgesang in Eschringen. Er stammt aus dem Haus Nr. 14 der sp\u00e4ter nach ihm ... Weiterlesen ...\" \/>\n<meta property=\"og:url\" content=\"https:\/\/eschringen.de\/wordpress\/die-menschen\/steckbriefe\/karl-leidinger\/\" \/>\n<meta property=\"og:site_name\" content=\"Eschringen\" \/>\n<meta property=\"article:modified_time\" content=\"2023-07-21T12:38:57+00:00\" \/>\n<meta property=\"og:image\" content=\"https:\/\/eschringen.de\/wordpress\/wp-content\/uploads\/2023\/07\/Karl_Leidinger-Enhanced.jpg\" \/>\n<meta name=\"twitter:card\" content=\"summary_large_image\" \/>\n<meta name=\"twitter:label1\" content=\"Gesch\u00e4tzte Lesezeit\" \/>\n\t<meta name=\"twitter:data1\" content=\"4\u00a0Minuten\" \/>\n<script type=\"application\/ld+json\" class=\"yoast-schema-graph\">{\"@context\":\"https:\\\/\\\/schema.org\",\"@graph\":[{\"@type\":\"WebPage\",\"@id\":\"https:\\\/\\\/eschringen.de\\\/wordpress\\\/die-menschen\\\/steckbriefe\\\/karl-leidinger\\\/\",\"url\":\"https:\\\/\\\/eschringen.de\\\/wordpress\\\/die-menschen\\\/steckbriefe\\\/karl-leidinger\\\/\",\"name\":\"Karl Leidinger - Eschringen\",\"isPartOf\":{\"@id\":\"https:\\\/\\\/eschringen.de\\\/wordpress\\\/#website\"},\"primaryImageOfPage\":{\"@id\":\"https:\\\/\\\/eschringen.de\\\/wordpress\\\/die-menschen\\\/steckbriefe\\\/karl-leidinger\\\/#primaryimage\"},\"image\":{\"@id\":\"https:\\\/\\\/eschringen.de\\\/wordpress\\\/die-menschen\\\/steckbriefe\\\/karl-leidinger\\\/#primaryimage\"},\"thumbnailUrl\":\"https:\\\/\\\/eschringen.de\\\/wordpress\\\/wp-content\\\/uploads\\\/2023\\\/07\\\/Karl_Leidinger-Enhanced.jpg\",\"datePublished\":\"2017-02-03T19:58:37+00:00\",\"dateModified\":\"2023-07-21T12:38:57+00:00\",\"breadcrumb\":{\"@id\":\"https:\\\/\\\/eschringen.de\\\/wordpress\\\/die-menschen\\\/steckbriefe\\\/karl-leidinger\\\/#breadcrumb\"},\"inLanguage\":\"de\",\"potentialAction\":[{\"@type\":\"ReadAction\",\"target\":[\"https:\\\/\\\/eschringen.de\\\/wordpress\\\/die-menschen\\\/steckbriefe\\\/karl-leidinger\\\/\"]}]},{\"@type\":\"ImageObject\",\"inLanguage\":\"de\",\"@id\":\"https:\\\/\\\/eschringen.de\\\/wordpress\\\/die-menschen\\\/steckbriefe\\\/karl-leidinger\\\/#primaryimage\",\"url\":\"https:\\\/\\\/i0.wp.com\\\/eschringen.de\\\/wordpress\\\/wp-content\\\/uploads\\\/2023\\\/07\\\/Karl_Leidinger-Enhanced.jpg?fit=307%2C400&ssl=1\",\"contentUrl\":\"https:\\\/\\\/i0.wp.com\\\/eschringen.de\\\/wordpress\\\/wp-content\\\/uploads\\\/2023\\\/07\\\/Karl_Leidinger-Enhanced.jpg?fit=307%2C400&ssl=1\",\"width\":307,\"height\":400},{\"@type\":\"BreadcrumbList\",\"@id\":\"https:\\\/\\\/eschringen.de\\\/wordpress\\\/die-menschen\\\/steckbriefe\\\/karl-leidinger\\\/#breadcrumb\",\"itemListElement\":[{\"@type\":\"ListItem\",\"position\":1,\"name\":\"Startseite\",\"item\":\"https:\\\/\\\/eschringen.de\\\/wordpress\\\/\"},{\"@type\":\"ListItem\",\"position\":2,\"name\":\"Die Menschen\",\"item\":\"https:\\\/\\\/eschringen.de\\\/wordpress\\\/die-menschen\\\/\"},{\"@type\":\"ListItem\",\"position\":3,\"name\":\"Steckbriefe\",\"item\":\"https:\\\/\\\/eschringen.de\\\/wordpress\\\/die-menschen\\\/steckbriefe\\\/\"},{\"@type\":\"ListItem\",\"position\":4,\"name\":\"Karl Leidinger\"}]},{\"@type\":\"WebSite\",\"@id\":\"https:\\\/\\\/eschringen.de\\\/wordpress\\\/#website\",\"url\":\"https:\\\/\\\/eschringen.de\\\/wordpress\\\/\",\"name\":\"Eschringen\",\"description\":\"\",\"publisher\":{\"@id\":\"https:\\\/\\\/eschringen.de\\\/wordpress\\\/#organization\"},\"potentialAction\":[{\"@type\":\"SearchAction\",\"target\":{\"@type\":\"EntryPoint\",\"urlTemplate\":\"https:\\\/\\\/eschringen.de\\\/wordpress\\\/?s={search_term_string}\"},\"query-input\":{\"@type\":\"PropertyValueSpecification\",\"valueRequired\":true,\"valueName\":\"search_term_string\"}}],\"inLanguage\":\"de\"},{\"@type\":\"Organization\",\"@id\":\"https:\\\/\\\/eschringen.de\\\/wordpress\\\/#organization\",\"name\":\"Eschringen\",\"url\":\"https:\\\/\\\/eschringen.de\\\/wordpress\\\/\",\"logo\":{\"@type\":\"ImageObject\",\"inLanguage\":\"de\",\"@id\":\"https:\\\/\\\/eschringen.de\\\/wordpress\\\/#\\\/schema\\\/logo\\\/image\\\/\",\"url\":\"https:\\\/\\\/eschringen.de\\\/wordpress\\\/wp-content\\\/uploads\\\/2017\\\/03\\\/2017_kw15.jpg\",\"contentUrl\":\"https:\\\/\\\/eschringen.de\\\/wordpress\\\/wp-content\\\/uploads\\\/2017\\\/03\\\/2017_kw15.jpg\",\"width\":784,\"height\":447,\"caption\":\"Eschringen\"},\"image\":{\"@id\":\"https:\\\/\\\/eschringen.de\\\/wordpress\\\/#\\\/schema\\\/logo\\\/image\\\/\"}}]}<\/script>\n<!-- \/ Yoast SEO plugin. -->","yoast_head_json":{"title":"Karl Leidinger - Eschringen","robots":{"index":"index","follow":"follow","max-snippet":"max-snippet:-1","max-image-preview":"max-image-preview:large","max-video-preview":"max-video-preview:-1"},"canonical":"https:\/\/eschringen.de\/wordpress\/die-menschen\/steckbriefe\/karl-leidinger\/","og_locale":"de_DE","og_type":"article","og_title":"Karl Leidinger - Eschringen","og_description":"Missionar und Komponist Die ehemalige \u00dcberdorfstra\u00dfe tr\u00e4gt seinen Namen, doch die wenigsten wissen noch, wer er war: Pater Karl Leidinger SVD. Geboren wurde er am 18. Mai 1901 als f\u00fcnftes von neun Kindern des Bergmanns Josef Leidinger und seiner Ehefrau Anna Vogelgesang in Eschringen. Er stammt aus dem Haus Nr. 14 der sp\u00e4ter nach ihm ... Weiterlesen ...","og_url":"https:\/\/eschringen.de\/wordpress\/die-menschen\/steckbriefe\/karl-leidinger\/","og_site_name":"Eschringen","article_modified_time":"2023-07-21T12:38:57+00:00","og_image":[{"url":"https:\/\/eschringen.de\/wordpress\/wp-content\/uploads\/2023\/07\/Karl_Leidinger-Enhanced.jpg","type":"","width":"","height":""}],"twitter_card":"summary_large_image","twitter_misc":{"Gesch\u00e4tzte Lesezeit":"4\u00a0Minuten"},"schema":{"@context":"https:\/\/schema.org","@graph":[{"@type":"WebPage","@id":"https:\/\/eschringen.de\/wordpress\/die-menschen\/steckbriefe\/karl-leidinger\/","url":"https:\/\/eschringen.de\/wordpress\/die-menschen\/steckbriefe\/karl-leidinger\/","name":"Karl Leidinger - Eschringen","isPartOf":{"@id":"https:\/\/eschringen.de\/wordpress\/#website"},"primaryImageOfPage":{"@id":"https:\/\/eschringen.de\/wordpress\/die-menschen\/steckbriefe\/karl-leidinger\/#primaryimage"},"image":{"@id":"https:\/\/eschringen.de\/wordpress\/die-menschen\/steckbriefe\/karl-leidinger\/#primaryimage"},"thumbnailUrl":"https:\/\/eschringen.de\/wordpress\/wp-content\/uploads\/2023\/07\/Karl_Leidinger-Enhanced.jpg","datePublished":"2017-02-03T19:58:37+00:00","dateModified":"2023-07-21T12:38:57+00:00","breadcrumb":{"@id":"https:\/\/eschringen.de\/wordpress\/die-menschen\/steckbriefe\/karl-leidinger\/#breadcrumb"},"inLanguage":"de","potentialAction":[{"@type":"ReadAction","target":["https:\/\/eschringen.de\/wordpress\/die-menschen\/steckbriefe\/karl-leidinger\/"]}]},{"@type":"ImageObject","inLanguage":"de","@id":"https:\/\/eschringen.de\/wordpress\/die-menschen\/steckbriefe\/karl-leidinger\/#primaryimage","url":"https:\/\/i0.wp.com\/eschringen.de\/wordpress\/wp-content\/uploads\/2023\/07\/Karl_Leidinger-Enhanced.jpg?fit=307%2C400&ssl=1","contentUrl":"https:\/\/i0.wp.com\/eschringen.de\/wordpress\/wp-content\/uploads\/2023\/07\/Karl_Leidinger-Enhanced.jpg?fit=307%2C400&ssl=1","width":307,"height":400},{"@type":"BreadcrumbList","@id":"https:\/\/eschringen.de\/wordpress\/die-menschen\/steckbriefe\/karl-leidinger\/#breadcrumb","itemListElement":[{"@type":"ListItem","position":1,"name":"Startseite","item":"https:\/\/eschringen.de\/wordpress\/"},{"@type":"ListItem","position":2,"name":"Die Menschen","item":"https:\/\/eschringen.de\/wordpress\/die-menschen\/"},{"@type":"ListItem","position":3,"name":"Steckbriefe","item":"https:\/\/eschringen.de\/wordpress\/die-menschen\/steckbriefe\/"},{"@type":"ListItem","position":4,"name":"Karl Leidinger"}]},{"@type":"WebSite","@id":"https:\/\/eschringen.de\/wordpress\/#website","url":"https:\/\/eschringen.de\/wordpress\/","name":"Eschringen","description":"","publisher":{"@id":"https:\/\/eschringen.de\/wordpress\/#organization"},"potentialAction":[{"@type":"SearchAction","target":{"@type":"EntryPoint","urlTemplate":"https:\/\/eschringen.de\/wordpress\/?s={search_term_string}"},"query-input":{"@type":"PropertyValueSpecification","valueRequired":true,"valueName":"search_term_string"}}],"inLanguage":"de"},{"@type":"Organization","@id":"https:\/\/eschringen.de\/wordpress\/#organization","name":"Eschringen","url":"https:\/\/eschringen.de\/wordpress\/","logo":{"@type":"ImageObject","inLanguage":"de","@id":"https:\/\/eschringen.de\/wordpress\/#\/schema\/logo\/image\/","url":"https:\/\/eschringen.de\/wordpress\/wp-content\/uploads\/2017\/03\/2017_kw15.jpg","contentUrl":"https:\/\/eschringen.de\/wordpress\/wp-content\/uploads\/2017\/03\/2017_kw15.jpg","width":784,"height":447,"caption":"Eschringen"},"image":{"@id":"https:\/\/eschringen.de\/wordpress\/#\/schema\/logo\/image\/"}}]}},"jetpack_sharing_enabled":true,"_links":{"self":[{"href":"https:\/\/eschringen.de\/wordpress\/wp-json\/wp\/v2\/pages\/224","targetHints":{"allow":["GET"]}}],"collection":[{"href":"https:\/\/eschringen.de\/wordpress\/wp-json\/wp\/v2\/pages"}],"about":[{"href":"https:\/\/eschringen.de\/wordpress\/wp-json\/wp\/v2\/types\/page"}],"author":[{"embeddable":true,"href":"https:\/\/eschringen.de\/wordpress\/wp-json\/wp\/v2\/users\/1"}],"replies":[{"embeddable":true,"href":"https:\/\/eschringen.de\/wordpress\/wp-json\/wp\/v2\/comments?post=224"}],"version-history":[{"count":3,"href":"https:\/\/eschringen.de\/wordpress\/wp-json\/wp\/v2\/pages\/224\/revisions"}],"predecessor-version":[{"id":4287,"href":"https:\/\/eschringen.de\/wordpress\/wp-json\/wp\/v2\/pages\/224\/revisions\/4287"}],"up":[{"embeddable":true,"href":"https:\/\/eschringen.de\/wordpress\/wp-json\/wp\/v2\/pages\/197"}],"wp:attachment":[{"href":"https:\/\/eschringen.de\/wordpress\/wp-json\/wp\/v2\/media?parent=224"}],"curies":[{"name":"wp","href":"https:\/\/api.w.org\/{rel}","templated":true}]}}