{"id":2053,"date":"2018-12-18T19:34:47","date_gmt":"2018-12-18T18:34:47","guid":{"rendered":"https:\/\/eschringen.de\/wordpress\/?page_id=2053"},"modified":"2018-12-18T19:41:03","modified_gmt":"2018-12-18T18:41:03","slug":"07-12-2018-julian-dawson-verzauberte-mit-balladen-songs-und-geschichten","status":"publish","type":"page","link":"https:\/\/eschringen.de\/wordpress\/geschichte\/archiv\/07-12-2018-julian-dawson-verzauberte-mit-balladen-songs-und-geschichten\/","title":{"rendered":"07.12.2018: Julian Dawson verzauberte mit Balladen, Songs und Geschichten"},"content":{"rendered":"<p><img data-recalc-dims=\"1\" loading=\"lazy\" decoding=\"async\" class=\"size-full wp-image-2056 alignleft\" src=\"https:\/\/i0.wp.com\/eschringen.de\/wordpress\/wp-content\/uploads\/2018\/12\/JDawsonEschB.jpg?resize=400%2C300&#038;ssl=1\" alt=\"\" width=\"400\" height=\"300\" srcset=\"https:\/\/i0.wp.com\/eschringen.de\/wordpress\/wp-content\/uploads\/2018\/12\/JDawsonEschB.jpg?w=400&amp;ssl=1 400w, https:\/\/i0.wp.com\/eschringen.de\/wordpress\/wp-content\/uploads\/2018\/12\/JDawsonEschB.jpg?resize=300%2C225&amp;ssl=1 300w\" sizes=\"auto, (max-width: 400px) 100vw, 400px\" \/>Nach \u00fcber zehn Jahren kehrte der sympathische englische Singer\/Songwriter f\u00fcr einen tollen Abend, live &amp; unplugged, nach Eschringen zur\u00fcck. Diesmal bot ihm das Dorfgemeinschaftshaus die B\u00fchne; in W\u00fcrdigung der vormaligen Spielst\u00e4tte, dem legend\u00e4ren Gasthaus \u201eZur Post\u201c, w\u00e4hlte er wiederum \u201efesten Boden\u201c unter den F\u00fc\u00dfen \u2013 obwohl nunmehr gen\u00fcgend \u201eLuft nach oben\u201c f\u00fcr den knapp Zweimetermann gewesen w\u00e4re!<\/p>\n<p>Die Freude stand ihm ins Gesicht geschrieben, und so legte er gleich mit einer a capella-Version seines Hits \u201eWhere Are All The Lonely Girls\u201c los. Ansagen und Zwischenmoderationen formulierte Dawson in einem fast perfekten Deutsch. Das hatte er sich seit Mitte der 1970er Jahre durch permanentes Touren in \u201egood old Germany\u201c als Folkie und Mitglied in Rockbands beigebracht. Zeit verbachte er rund um K\u00f6ln, vor allem mit Helmut \u201eJumpy\u201c Zerlett, mit dem Dawson dann auch eigene Plattenproduktionen stemmte. Aus dieser Erfolgsphase, die ihm insbesondere in den sp\u00e4ten 80ern und 90er Jahren einige (Radio-) Hits bescherten, interpretierte er gleich mehrere hintereinander, allesamt ausgesprochene Ohrw\u00fcrmer: u. a. \u201eAs Real As Disneyland\u201c, \u201eLuckiest Man In The Western World\u201c, \u201eFragile As China\u201c, \u201eCover To Cover\u201c oder \u201eHow Can I Sleep Without You\u201c, sein sicherlich gr\u00f6\u00dfter Hit in deutschen Charts.<\/p>\n<p><img data-recalc-dims=\"1\" loading=\"lazy\" decoding=\"async\" class=\"size-full wp-image-2057 alignright\" src=\"https:\/\/i0.wp.com\/eschringen.de\/wordpress\/wp-content\/uploads\/2018\/12\/JDawsonEsch.jpg?resize=600%2C316&#038;ssl=1\" alt=\"\" width=\"600\" height=\"316\" srcset=\"https:\/\/i0.wp.com\/eschringen.de\/wordpress\/wp-content\/uploads\/2018\/12\/JDawsonEsch.jpg?w=600&amp;ssl=1 600w, https:\/\/i0.wp.com\/eschringen.de\/wordpress\/wp-content\/uploads\/2018\/12\/JDawsonEsch.jpg?resize=300%2C158&amp;ssl=1 300w, https:\/\/i0.wp.com\/eschringen.de\/wordpress\/wp-content\/uploads\/2018\/12\/JDawsonEsch.jpg?resize=390%2C205&amp;ssl=1 390w\" sizes=\"auto, (max-width: 600px) 100vw, 600px\" \/>Neben tiefgr\u00fcndigen Liebesliedern bot Dawson mit seiner geschmeidigen Stimme und seinem filigranen Gitarrenspiel auch Reminiszensen an eines seiner Idole, z. B. Elvis Presley, mit dem Song \u201eIt Came From Memphis\u201c. Dem tr\u00fcben, regnerischen Wetter geschuldet stimmte er seine Ballade \u201eIf I Needed Rain\u201c an, wechselte dann \u00fcber zu diversen Fremdkompositionen, die vornehmlich von Frauen stammten. Besonders bei\u00e9indruckend das nachdenkliche \u201eAll The King&#8217;s Horses\u201c \u2013 aus der Feder von Soul-Queen Aretha Franklin. Bei seiner gef\u00fchlvollen Interpretation und der hohen Konzentration des Publikums h\u00e4tte man eine Stecknadel fallen h\u00f6ren k\u00f6nnen!<\/p>\n<p>Dass Dawson in der internationalen Szene mittendrin steht, belegten weitere Songs von internationalem Format: z. B. \u201eBlue Tattoo\u201c, das er mit Gene Pistilli (THE MANHATTAN TRANSFER) geschrieben hatte, oder \u201ePilgrims\u201c, das er als Bandmitglied von PLAINSONG verfasste. So manche dieser Perlen finden sich \u00fcbrigens auch auf dem soeben erschienenen 3CD-Box-Set \u201eBargains Galore &#8211; Life &amp; Soul Vol. II\u201c.<\/p>\n<p>Zum Abschluss des wundervollen Auftritts gab es noch einige Zugaben, dazu passend eine stimmige Version seines Songs \u201eChristmas Every Day\u201c.<\/p>\n<p>Ein sch\u00f6ner Abend ging zu Ende, der sicher einen h\u00f6heren Zuspruch verdient gehabt h\u00e4tte. Wer gekommen war, zeigte sich mehr als zufrieden. Grund genug f\u00fcr ein Wiederkommen \u2013 dann vielleicht mal auch unter sonnigem Himmel? (RS)<\/p>\n<p><img data-recalc-dims=\"1\" loading=\"lazy\" decoding=\"async\" class=\"aligncenter wp-image-2058 size-full\" src=\"https:\/\/i0.wp.com\/eschringen.de\/wordpress\/wp-content\/uploads\/2018\/12\/JDawsonIllu.jpg?resize=800%2C615&#038;ssl=1\" alt=\"\" width=\"800\" height=\"615\" srcset=\"https:\/\/i0.wp.com\/eschringen.de\/wordpress\/wp-content\/uploads\/2018\/12\/JDawsonIllu.jpg?w=800&amp;ssl=1 800w, https:\/\/i0.wp.com\/eschringen.de\/wordpress\/wp-content\/uploads\/2018\/12\/JDawsonIllu.jpg?resize=300%2C231&amp;ssl=1 300w, https:\/\/i0.wp.com\/eschringen.de\/wordpress\/wp-content\/uploads\/2018\/12\/JDawsonIllu.jpg?resize=768%2C590&amp;ssl=1 768w\" sizes=\"auto, (max-width: 800px) 100vw, 800px\" \/><\/p>\n","protected":false},"excerpt":{"rendered":"<p>Nach \u00fcber zehn Jahren kehrte der sympathische englische Singer\/Songwriter f\u00fcr einen tollen Abend, live &amp; unplugged, nach Eschringen zur\u00fcck. Diesmal bot ihm das Dorfgemeinschaftshaus die B\u00fchne; in W\u00fcrdigung der vormaligen Spielst\u00e4tte, dem legend\u00e4ren Gasthaus \u201eZur Post\u201c, w\u00e4hlte er wiederum \u201efesten Boden\u201c unter den F\u00fc\u00dfen \u2013 obwohl nunmehr gen\u00fcgend \u201eLuft nach oben\u201c f\u00fcr den knapp Zweimetermann &#8230; <a title=\"07.12.2018: Julian Dawson verzauberte mit Balladen, Songs und Geschichten\" class=\"read-more\" href=\"https:\/\/eschringen.de\/wordpress\/geschichte\/archiv\/07-12-2018-julian-dawson-verzauberte-mit-balladen-songs-und-geschichten\/\" aria-label=\"Mehr Informationen \u00fcber 07.12.2018: Julian Dawson verzauberte mit Balladen, Songs und Geschichten\">Weiterlesen &#8230;<\/a><\/p>\n","protected":false},"author":1,"featured_media":0,"parent":403,"menu_order":0,"comment_status":"closed","ping_status":"closed","template":"","meta":{"ngg_post_thumbnail":0,"footnotes":""},"class_list":["post-2053","page","type-page","status-publish"],"yoast_head":"<!-- This site is optimized with the Yoast SEO plugin v27.4 - https:\/\/yoast.com\/product\/yoast-seo-wordpress\/ -->\n<title>07.12.2018: Julian Dawson verzauberte mit Balladen, Songs und Geschichten - Eschringen<\/title>\n<meta name=\"robots\" content=\"index, follow, max-snippet:-1, max-image-preview:large, max-video-preview:-1\" \/>\n<link rel=\"canonical\" href=\"https:\/\/eschringen.de\/wordpress\/geschichte\/archiv\/07-12-2018-julian-dawson-verzauberte-mit-balladen-songs-und-geschichten\/\" \/>\n<meta property=\"og:locale\" content=\"de_DE\" \/>\n<meta property=\"og:type\" content=\"article\" \/>\n<meta property=\"og:title\" content=\"07.12.2018: Julian Dawson verzauberte mit Balladen, Songs und Geschichten - Eschringen\" \/>\n<meta property=\"og:description\" content=\"Nach \u00fcber zehn Jahren kehrte der sympathische englische Singer\/Songwriter f\u00fcr einen tollen Abend, live &amp; unplugged, nach Eschringen zur\u00fcck. Diesmal bot ihm das Dorfgemeinschaftshaus die B\u00fchne; in W\u00fcrdigung der vormaligen Spielst\u00e4tte, dem legend\u00e4ren Gasthaus \u201eZur Post\u201c, w\u00e4hlte er wiederum \u201efesten Boden\u201c unter den F\u00fc\u00dfen \u2013 obwohl nunmehr gen\u00fcgend \u201eLuft nach oben\u201c f\u00fcr den knapp Zweimetermann ... Weiterlesen ...\" \/>\n<meta property=\"og:url\" content=\"https:\/\/eschringen.de\/wordpress\/geschichte\/archiv\/07-12-2018-julian-dawson-verzauberte-mit-balladen-songs-und-geschichten\/\" \/>\n<meta property=\"og:site_name\" content=\"Eschringen\" \/>\n<meta property=\"article:modified_time\" content=\"2018-12-18T18:41:03+00:00\" \/>\n<meta property=\"og:image\" content=\"https:\/\/eschringen.de\/wordpress\/wp-content\/uploads\/2018\/12\/JDawsonEschB.jpg\" \/>\n<meta name=\"twitter:card\" content=\"summary_large_image\" \/>\n<meta name=\"twitter:label1\" content=\"Gesch\u00e4tzte Lesezeit\" \/>\n\t<meta name=\"twitter:data1\" content=\"2\u00a0Minuten\" \/>\n<script type=\"application\/ld+json\" class=\"yoast-schema-graph\">{\"@context\":\"https:\\\/\\\/schema.org\",\"@graph\":[{\"@type\":\"WebPage\",\"@id\":\"https:\\\/\\\/eschringen.de\\\/wordpress\\\/geschichte\\\/archiv\\\/07-12-2018-julian-dawson-verzauberte-mit-balladen-songs-und-geschichten\\\/\",\"url\":\"https:\\\/\\\/eschringen.de\\\/wordpress\\\/geschichte\\\/archiv\\\/07-12-2018-julian-dawson-verzauberte-mit-balladen-songs-und-geschichten\\\/\",\"name\":\"07.12.2018: Julian Dawson verzauberte mit Balladen, Songs und Geschichten - Eschringen\",\"isPartOf\":{\"@id\":\"https:\\\/\\\/eschringen.de\\\/wordpress\\\/#website\"},\"primaryImageOfPage\":{\"@id\":\"https:\\\/\\\/eschringen.de\\\/wordpress\\\/geschichte\\\/archiv\\\/07-12-2018-julian-dawson-verzauberte-mit-balladen-songs-und-geschichten\\\/#primaryimage\"},\"image\":{\"@id\":\"https:\\\/\\\/eschringen.de\\\/wordpress\\\/geschichte\\\/archiv\\\/07-12-2018-julian-dawson-verzauberte-mit-balladen-songs-und-geschichten\\\/#primaryimage\"},\"thumbnailUrl\":\"https:\\\/\\\/eschringen.de\\\/wordpress\\\/wp-content\\\/uploads\\\/2018\\\/12\\\/JDawsonEschB.jpg\",\"datePublished\":\"2018-12-18T18:34:47+00:00\",\"dateModified\":\"2018-12-18T18:41:03+00:00\",\"breadcrumb\":{\"@id\":\"https:\\\/\\\/eschringen.de\\\/wordpress\\\/geschichte\\\/archiv\\\/07-12-2018-julian-dawson-verzauberte-mit-balladen-songs-und-geschichten\\\/#breadcrumb\"},\"inLanguage\":\"de\",\"potentialAction\":[{\"@type\":\"ReadAction\",\"target\":[\"https:\\\/\\\/eschringen.de\\\/wordpress\\\/geschichte\\\/archiv\\\/07-12-2018-julian-dawson-verzauberte-mit-balladen-songs-und-geschichten\\\/\"]}]},{\"@type\":\"ImageObject\",\"inLanguage\":\"de\",\"@id\":\"https:\\\/\\\/eschringen.de\\\/wordpress\\\/geschichte\\\/archiv\\\/07-12-2018-julian-dawson-verzauberte-mit-balladen-songs-und-geschichten\\\/#primaryimage\",\"url\":\"https:\\\/\\\/i0.wp.com\\\/eschringen.de\\\/wordpress\\\/wp-content\\\/uploads\\\/2018\\\/12\\\/JDawsonEschB.jpg?fit=400%2C300&ssl=1\",\"contentUrl\":\"https:\\\/\\\/i0.wp.com\\\/eschringen.de\\\/wordpress\\\/wp-content\\\/uploads\\\/2018\\\/12\\\/JDawsonEschB.jpg?fit=400%2C300&ssl=1\",\"width\":400,\"height\":300},{\"@type\":\"BreadcrumbList\",\"@id\":\"https:\\\/\\\/eschringen.de\\\/wordpress\\\/geschichte\\\/archiv\\\/07-12-2018-julian-dawson-verzauberte-mit-balladen-songs-und-geschichten\\\/#breadcrumb\",\"itemListElement\":[{\"@type\":\"ListItem\",\"position\":1,\"name\":\"Startseite\",\"item\":\"https:\\\/\\\/eschringen.de\\\/wordpress\\\/\"},{\"@type\":\"ListItem\",\"position\":2,\"name\":\"Geschichte\",\"item\":\"https:\\\/\\\/eschringen.de\\\/wordpress\\\/geschichte\\\/\"},{\"@type\":\"ListItem\",\"position\":3,\"name\":\"Archiv\",\"item\":\"https:\\\/\\\/eschringen.de\\\/wordpress\\\/geschichte\\\/archiv\\\/\"},{\"@type\":\"ListItem\",\"position\":4,\"name\":\"07.12.2018: Julian Dawson verzauberte mit Balladen, Songs und Geschichten\"}]},{\"@type\":\"WebSite\",\"@id\":\"https:\\\/\\\/eschringen.de\\\/wordpress\\\/#website\",\"url\":\"https:\\\/\\\/eschringen.de\\\/wordpress\\\/\",\"name\":\"Eschringen\",\"description\":\"\",\"publisher\":{\"@id\":\"https:\\\/\\\/eschringen.de\\\/wordpress\\\/#organization\"},\"potentialAction\":[{\"@type\":\"SearchAction\",\"target\":{\"@type\":\"EntryPoint\",\"urlTemplate\":\"https:\\\/\\\/eschringen.de\\\/wordpress\\\/?s={search_term_string}\"},\"query-input\":{\"@type\":\"PropertyValueSpecification\",\"valueRequired\":true,\"valueName\":\"search_term_string\"}}],\"inLanguage\":\"de\"},{\"@type\":\"Organization\",\"@id\":\"https:\\\/\\\/eschringen.de\\\/wordpress\\\/#organization\",\"name\":\"Eschringen\",\"url\":\"https:\\\/\\\/eschringen.de\\\/wordpress\\\/\",\"logo\":{\"@type\":\"ImageObject\",\"inLanguage\":\"de\",\"@id\":\"https:\\\/\\\/eschringen.de\\\/wordpress\\\/#\\\/schema\\\/logo\\\/image\\\/\",\"url\":\"https:\\\/\\\/eschringen.de\\\/wordpress\\\/wp-content\\\/uploads\\\/2017\\\/03\\\/2017_kw15.jpg\",\"contentUrl\":\"https:\\\/\\\/eschringen.de\\\/wordpress\\\/wp-content\\\/uploads\\\/2017\\\/03\\\/2017_kw15.jpg\",\"width\":784,\"height\":447,\"caption\":\"Eschringen\"},\"image\":{\"@id\":\"https:\\\/\\\/eschringen.de\\\/wordpress\\\/#\\\/schema\\\/logo\\\/image\\\/\"}}]}<\/script>\n<!-- \/ Yoast SEO plugin. -->","yoast_head_json":{"title":"07.12.2018: Julian Dawson verzauberte mit Balladen, Songs und Geschichten - Eschringen","robots":{"index":"index","follow":"follow","max-snippet":"max-snippet:-1","max-image-preview":"max-image-preview:large","max-video-preview":"max-video-preview:-1"},"canonical":"https:\/\/eschringen.de\/wordpress\/geschichte\/archiv\/07-12-2018-julian-dawson-verzauberte-mit-balladen-songs-und-geschichten\/","og_locale":"de_DE","og_type":"article","og_title":"07.12.2018: Julian Dawson verzauberte mit Balladen, Songs und Geschichten - Eschringen","og_description":"Nach \u00fcber zehn Jahren kehrte der sympathische englische Singer\/Songwriter f\u00fcr einen tollen Abend, live &amp; unplugged, nach Eschringen zur\u00fcck. Diesmal bot ihm das Dorfgemeinschaftshaus die B\u00fchne; in W\u00fcrdigung der vormaligen Spielst\u00e4tte, dem legend\u00e4ren Gasthaus \u201eZur Post\u201c, w\u00e4hlte er wiederum \u201efesten Boden\u201c unter den F\u00fc\u00dfen \u2013 obwohl nunmehr gen\u00fcgend \u201eLuft nach oben\u201c f\u00fcr den knapp Zweimetermann ... Weiterlesen ...","og_url":"https:\/\/eschringen.de\/wordpress\/geschichte\/archiv\/07-12-2018-julian-dawson-verzauberte-mit-balladen-songs-und-geschichten\/","og_site_name":"Eschringen","article_modified_time":"2018-12-18T18:41:03+00:00","og_image":[{"url":"https:\/\/eschringen.de\/wordpress\/wp-content\/uploads\/2018\/12\/JDawsonEschB.jpg","type":"","width":"","height":""}],"twitter_card":"summary_large_image","twitter_misc":{"Gesch\u00e4tzte Lesezeit":"2\u00a0Minuten"},"schema":{"@context":"https:\/\/schema.org","@graph":[{"@type":"WebPage","@id":"https:\/\/eschringen.de\/wordpress\/geschichte\/archiv\/07-12-2018-julian-dawson-verzauberte-mit-balladen-songs-und-geschichten\/","url":"https:\/\/eschringen.de\/wordpress\/geschichte\/archiv\/07-12-2018-julian-dawson-verzauberte-mit-balladen-songs-und-geschichten\/","name":"07.12.2018: Julian Dawson verzauberte mit Balladen, Songs und Geschichten - Eschringen","isPartOf":{"@id":"https:\/\/eschringen.de\/wordpress\/#website"},"primaryImageOfPage":{"@id":"https:\/\/eschringen.de\/wordpress\/geschichte\/archiv\/07-12-2018-julian-dawson-verzauberte-mit-balladen-songs-und-geschichten\/#primaryimage"},"image":{"@id":"https:\/\/eschringen.de\/wordpress\/geschichte\/archiv\/07-12-2018-julian-dawson-verzauberte-mit-balladen-songs-und-geschichten\/#primaryimage"},"thumbnailUrl":"https:\/\/eschringen.de\/wordpress\/wp-content\/uploads\/2018\/12\/JDawsonEschB.jpg","datePublished":"2018-12-18T18:34:47+00:00","dateModified":"2018-12-18T18:41:03+00:00","breadcrumb":{"@id":"https:\/\/eschringen.de\/wordpress\/geschichte\/archiv\/07-12-2018-julian-dawson-verzauberte-mit-balladen-songs-und-geschichten\/#breadcrumb"},"inLanguage":"de","potentialAction":[{"@type":"ReadAction","target":["https:\/\/eschringen.de\/wordpress\/geschichte\/archiv\/07-12-2018-julian-dawson-verzauberte-mit-balladen-songs-und-geschichten\/"]}]},{"@type":"ImageObject","inLanguage":"de","@id":"https:\/\/eschringen.de\/wordpress\/geschichte\/archiv\/07-12-2018-julian-dawson-verzauberte-mit-balladen-songs-und-geschichten\/#primaryimage","url":"https:\/\/i0.wp.com\/eschringen.de\/wordpress\/wp-content\/uploads\/2018\/12\/JDawsonEschB.jpg?fit=400%2C300&ssl=1","contentUrl":"https:\/\/i0.wp.com\/eschringen.de\/wordpress\/wp-content\/uploads\/2018\/12\/JDawsonEschB.jpg?fit=400%2C300&ssl=1","width":400,"height":300},{"@type":"BreadcrumbList","@id":"https:\/\/eschringen.de\/wordpress\/geschichte\/archiv\/07-12-2018-julian-dawson-verzauberte-mit-balladen-songs-und-geschichten\/#breadcrumb","itemListElement":[{"@type":"ListItem","position":1,"name":"Startseite","item":"https:\/\/eschringen.de\/wordpress\/"},{"@type":"ListItem","position":2,"name":"Geschichte","item":"https:\/\/eschringen.de\/wordpress\/geschichte\/"},{"@type":"ListItem","position":3,"name":"Archiv","item":"https:\/\/eschringen.de\/wordpress\/geschichte\/archiv\/"},{"@type":"ListItem","position":4,"name":"07.12.2018: Julian Dawson verzauberte mit Balladen, Songs und Geschichten"}]},{"@type":"WebSite","@id":"https:\/\/eschringen.de\/wordpress\/#website","url":"https:\/\/eschringen.de\/wordpress\/","name":"Eschringen","description":"","publisher":{"@id":"https:\/\/eschringen.de\/wordpress\/#organization"},"potentialAction":[{"@type":"SearchAction","target":{"@type":"EntryPoint","urlTemplate":"https:\/\/eschringen.de\/wordpress\/?s={search_term_string}"},"query-input":{"@type":"PropertyValueSpecification","valueRequired":true,"valueName":"search_term_string"}}],"inLanguage":"de"},{"@type":"Organization","@id":"https:\/\/eschringen.de\/wordpress\/#organization","name":"Eschringen","url":"https:\/\/eschringen.de\/wordpress\/","logo":{"@type":"ImageObject","inLanguage":"de","@id":"https:\/\/eschringen.de\/wordpress\/#\/schema\/logo\/image\/","url":"https:\/\/eschringen.de\/wordpress\/wp-content\/uploads\/2017\/03\/2017_kw15.jpg","contentUrl":"https:\/\/eschringen.de\/wordpress\/wp-content\/uploads\/2017\/03\/2017_kw15.jpg","width":784,"height":447,"caption":"Eschringen"},"image":{"@id":"https:\/\/eschringen.de\/wordpress\/#\/schema\/logo\/image\/"}}]}},"jetpack_sharing_enabled":true,"_links":{"self":[{"href":"https:\/\/eschringen.de\/wordpress\/wp-json\/wp\/v2\/pages\/2053","targetHints":{"allow":["GET"]}}],"collection":[{"href":"https:\/\/eschringen.de\/wordpress\/wp-json\/wp\/v2\/pages"}],"about":[{"href":"https:\/\/eschringen.de\/wordpress\/wp-json\/wp\/v2\/types\/page"}],"author":[{"embeddable":true,"href":"https:\/\/eschringen.de\/wordpress\/wp-json\/wp\/v2\/users\/1"}],"replies":[{"embeddable":true,"href":"https:\/\/eschringen.de\/wordpress\/wp-json\/wp\/v2\/comments?post=2053"}],"version-history":[{"count":3,"href":"https:\/\/eschringen.de\/wordpress\/wp-json\/wp\/v2\/pages\/2053\/revisions"}],"predecessor-version":[{"id":2060,"href":"https:\/\/eschringen.de\/wordpress\/wp-json\/wp\/v2\/pages\/2053\/revisions\/2060"}],"up":[{"embeddable":true,"href":"https:\/\/eschringen.de\/wordpress\/wp-json\/wp\/v2\/pages\/403"}],"wp:attachment":[{"href":"https:\/\/eschringen.de\/wordpress\/wp-json\/wp\/v2\/media?parent=2053"}],"curies":[{"name":"wp","href":"https:\/\/api.w.org\/{rel}","templated":true}]}}