{"id":204,"date":"2017-02-03T14:03:40","date_gmt":"2017-02-03T13:03:40","guid":{"rendered":"http:\/\/eschringen.de\/wordpress\/?page_id=204"},"modified":"2022-08-20T09:27:59","modified_gmt":"2022-08-20T07:27:59","slug":"askarich-der-erste-eschringer","status":"publish","type":"page","link":"https:\/\/eschringen.de\/wordpress\/die-menschen\/steckbriefe\/askarich-der-erste-eschringer\/","title":{"rendered":"Askarich"},"content":{"rendered":"\n<h5 class=\"wp-block-heading\"><span style=\"color: #0000ff;\"><strong>Der erste Eschringer<\/strong><\/span><\/h5>\n\n\n<div class=\"wp-block-image\">\n<figure class=\"alignright size-full\"><img data-recalc-dims=\"1\" loading=\"lazy\" decoding=\"async\" width=\"300\" height=\"511\" src=\"https:\/\/i0.wp.com\/eschringen.de\/wordpress\/wp-content\/uploads\/2022\/08\/Franke.jpg?resize=300%2C511&#038;ssl=1\" alt=\"\" class=\"wp-image-3679\" srcset=\"https:\/\/i0.wp.com\/eschringen.de\/wordpress\/wp-content\/uploads\/2022\/08\/Franke.jpg?w=300&amp;ssl=1 300w, https:\/\/i0.wp.com\/eschringen.de\/wordpress\/wp-content\/uploads\/2022\/08\/Franke.jpg?resize=176%2C300&amp;ssl=1 176w\" sizes=\"auto, (max-width: 300px) 100vw, 300px\" \/><\/figure>\n<\/div>\n\n\n<p>\u00dcber den Gr\u00fcnder und Namensgeber Eschringens wissen wir eigentlich nichts Genaues. Die Zusammensetzung unseres Ortsnamens mit dem Suffix -Ingen l\u00e4sst auf eine fr\u00e4nkische Siedlung einer Sippe schlie\u00dfen, die von einem Edlen namens Askarich (oder Askhari, Aschari, Eschrich) angef\u00fchrt wurde. Wir wissen nat\u00fcrlich nicht genau, wie er aussah, von seinen Lebensdaten ganz zu schweigen. Gleichwohl l\u00e4sst sich der Zeitraum, in der er lebte und sich mit seinem Gefolge (10-20 Personen) &#8222;im Ecken&#8220; (der Talbogen gegen\u00fcber der Kapelle) niederlie\u00df, eingrenzen: Dies m\u00fcsste zwischen den Jahren 460 und 480 n. Ch. geschehen sein. Seine Nachfahren hatten ihre Grablege wohl in der Flur &#8222;Am Schneidersberg&#8220;, also \u00fcber &#8222;dem Ecken&#8220;&nbsp; (dieses Reihengr\u00e4berfeld wurde 1950\/53 entdeckt).<\/p>\n\n\n\n<p><a href=\"http:\/\/eschringen.de\/wordpress\/die-menschen\/steckbriefe\/\">Zur\u00fcck zu den Steckbriefen<\/a><\/p>\n","protected":false},"excerpt":{"rendered":"<p>Der erste Eschringer \u00dcber den Gr\u00fcnder und Namensgeber Eschringens wissen wir eigentlich nichts Genaues. Die Zusammensetzung unseres Ortsnamens mit dem Suffix -Ingen l\u00e4sst auf eine fr\u00e4nkische Siedlung einer Sippe schlie\u00dfen, die von einem Edlen namens Askarich (oder Askhari, Aschari, Eschrich) angef\u00fchrt wurde. Wir wissen nat\u00fcrlich nicht genau, wie er aussah, von seinen Lebensdaten ganz zu &#8230; <a title=\"Askarich\" class=\"read-more\" href=\"https:\/\/eschringen.de\/wordpress\/die-menschen\/steckbriefe\/askarich-der-erste-eschringer\/\" aria-label=\"Mehr Informationen \u00fcber Askarich\">Weiterlesen &#8230;<\/a><\/p>\n","protected":false},"author":1,"featured_media":0,"parent":197,"menu_order":1,"comment_status":"closed","ping_status":"closed","template":"","meta":{"ngg_post_thumbnail":0,"footnotes":""},"class_list":["post-204","page","type-page","status-publish"],"yoast_head":"<!-- This site is optimized with the Yoast SEO plugin v27.4 - https:\/\/yoast.com\/product\/yoast-seo-wordpress\/ -->\n<title>Askarich - Eschringen<\/title>\n<meta name=\"robots\" content=\"index, follow, max-snippet:-1, max-image-preview:large, max-video-preview:-1\" \/>\n<link rel=\"canonical\" href=\"https:\/\/eschringen.de\/wordpress\/die-menschen\/steckbriefe\/askarich-der-erste-eschringer\/\" \/>\n<meta property=\"og:locale\" content=\"de_DE\" \/>\n<meta property=\"og:type\" content=\"article\" \/>\n<meta property=\"og:title\" content=\"Askarich - Eschringen\" \/>\n<meta property=\"og:description\" content=\"Der erste Eschringer \u00dcber den Gr\u00fcnder und Namensgeber Eschringens wissen wir eigentlich nichts Genaues. Die Zusammensetzung unseres Ortsnamens mit dem Suffix -Ingen l\u00e4sst auf eine fr\u00e4nkische Siedlung einer Sippe schlie\u00dfen, die von einem Edlen namens Askarich (oder Askhari, Aschari, Eschrich) angef\u00fchrt wurde. Wir wissen nat\u00fcrlich nicht genau, wie er aussah, von seinen Lebensdaten ganz zu ... Weiterlesen ...\" \/>\n<meta property=\"og:url\" content=\"https:\/\/eschringen.de\/wordpress\/die-menschen\/steckbriefe\/askarich-der-erste-eschringer\/\" \/>\n<meta property=\"og:site_name\" content=\"Eschringen\" \/>\n<meta property=\"article:modified_time\" content=\"2022-08-20T07:27:59+00:00\" \/>\n<meta property=\"og:image\" content=\"https:\/\/eschringen.de\/wordpress\/wp-content\/uploads\/2022\/08\/Franke.jpg\" \/>\n<meta name=\"twitter:card\" content=\"summary_large_image\" \/>\n<meta name=\"twitter:label1\" content=\"Gesch\u00e4tzte Lesezeit\" \/>\n\t<meta name=\"twitter:data1\" content=\"1\u00a0Minute\" \/>\n<script type=\"application\/ld+json\" class=\"yoast-schema-graph\">{\"@context\":\"https:\\\/\\\/schema.org\",\"@graph\":[{\"@type\":\"WebPage\",\"@id\":\"https:\\\/\\\/eschringen.de\\\/wordpress\\\/die-menschen\\\/steckbriefe\\\/askarich-der-erste-eschringer\\\/\",\"url\":\"https:\\\/\\\/eschringen.de\\\/wordpress\\\/die-menschen\\\/steckbriefe\\\/askarich-der-erste-eschringer\\\/\",\"name\":\"Askarich - Eschringen\",\"isPartOf\":{\"@id\":\"https:\\\/\\\/eschringen.de\\\/wordpress\\\/#website\"},\"primaryImageOfPage\":{\"@id\":\"https:\\\/\\\/eschringen.de\\\/wordpress\\\/die-menschen\\\/steckbriefe\\\/askarich-der-erste-eschringer\\\/#primaryimage\"},\"image\":{\"@id\":\"https:\\\/\\\/eschringen.de\\\/wordpress\\\/die-menschen\\\/steckbriefe\\\/askarich-der-erste-eschringer\\\/#primaryimage\"},\"thumbnailUrl\":\"https:\\\/\\\/eschringen.de\\\/wordpress\\\/wp-content\\\/uploads\\\/2022\\\/08\\\/Franke.jpg\",\"datePublished\":\"2017-02-03T13:03:40+00:00\",\"dateModified\":\"2022-08-20T07:27:59+00:00\",\"breadcrumb\":{\"@id\":\"https:\\\/\\\/eschringen.de\\\/wordpress\\\/die-menschen\\\/steckbriefe\\\/askarich-der-erste-eschringer\\\/#breadcrumb\"},\"inLanguage\":\"de\",\"potentialAction\":[{\"@type\":\"ReadAction\",\"target\":[\"https:\\\/\\\/eschringen.de\\\/wordpress\\\/die-menschen\\\/steckbriefe\\\/askarich-der-erste-eschringer\\\/\"]}]},{\"@type\":\"ImageObject\",\"inLanguage\":\"de\",\"@id\":\"https:\\\/\\\/eschringen.de\\\/wordpress\\\/die-menschen\\\/steckbriefe\\\/askarich-der-erste-eschringer\\\/#primaryimage\",\"url\":\"https:\\\/\\\/i0.wp.com\\\/eschringen.de\\\/wordpress\\\/wp-content\\\/uploads\\\/2022\\\/08\\\/Franke.jpg?fit=300%2C511&ssl=1\",\"contentUrl\":\"https:\\\/\\\/i0.wp.com\\\/eschringen.de\\\/wordpress\\\/wp-content\\\/uploads\\\/2022\\\/08\\\/Franke.jpg?fit=300%2C511&ssl=1\",\"width\":300,\"height\":511},{\"@type\":\"BreadcrumbList\",\"@id\":\"https:\\\/\\\/eschringen.de\\\/wordpress\\\/die-menschen\\\/steckbriefe\\\/askarich-der-erste-eschringer\\\/#breadcrumb\",\"itemListElement\":[{\"@type\":\"ListItem\",\"position\":1,\"name\":\"Startseite\",\"item\":\"https:\\\/\\\/eschringen.de\\\/wordpress\\\/\"},{\"@type\":\"ListItem\",\"position\":2,\"name\":\"Die Menschen\",\"item\":\"https:\\\/\\\/eschringen.de\\\/wordpress\\\/die-menschen\\\/\"},{\"@type\":\"ListItem\",\"position\":3,\"name\":\"Steckbriefe\",\"item\":\"https:\\\/\\\/eschringen.de\\\/wordpress\\\/die-menschen\\\/steckbriefe\\\/\"},{\"@type\":\"ListItem\",\"position\":4,\"name\":\"Askarich\"}]},{\"@type\":\"WebSite\",\"@id\":\"https:\\\/\\\/eschringen.de\\\/wordpress\\\/#website\",\"url\":\"https:\\\/\\\/eschringen.de\\\/wordpress\\\/\",\"name\":\"Eschringen\",\"description\":\"\",\"publisher\":{\"@id\":\"https:\\\/\\\/eschringen.de\\\/wordpress\\\/#organization\"},\"potentialAction\":[{\"@type\":\"SearchAction\",\"target\":{\"@type\":\"EntryPoint\",\"urlTemplate\":\"https:\\\/\\\/eschringen.de\\\/wordpress\\\/?s={search_term_string}\"},\"query-input\":{\"@type\":\"PropertyValueSpecification\",\"valueRequired\":true,\"valueName\":\"search_term_string\"}}],\"inLanguage\":\"de\"},{\"@type\":\"Organization\",\"@id\":\"https:\\\/\\\/eschringen.de\\\/wordpress\\\/#organization\",\"name\":\"Eschringen\",\"url\":\"https:\\\/\\\/eschringen.de\\\/wordpress\\\/\",\"logo\":{\"@type\":\"ImageObject\",\"inLanguage\":\"de\",\"@id\":\"https:\\\/\\\/eschringen.de\\\/wordpress\\\/#\\\/schema\\\/logo\\\/image\\\/\",\"url\":\"https:\\\/\\\/eschringen.de\\\/wordpress\\\/wp-content\\\/uploads\\\/2017\\\/03\\\/2017_kw15.jpg\",\"contentUrl\":\"https:\\\/\\\/eschringen.de\\\/wordpress\\\/wp-content\\\/uploads\\\/2017\\\/03\\\/2017_kw15.jpg\",\"width\":784,\"height\":447,\"caption\":\"Eschringen\"},\"image\":{\"@id\":\"https:\\\/\\\/eschringen.de\\\/wordpress\\\/#\\\/schema\\\/logo\\\/image\\\/\"}}]}<\/script>\n<!-- \/ Yoast SEO plugin. -->","yoast_head_json":{"title":"Askarich - Eschringen","robots":{"index":"index","follow":"follow","max-snippet":"max-snippet:-1","max-image-preview":"max-image-preview:large","max-video-preview":"max-video-preview:-1"},"canonical":"https:\/\/eschringen.de\/wordpress\/die-menschen\/steckbriefe\/askarich-der-erste-eschringer\/","og_locale":"de_DE","og_type":"article","og_title":"Askarich - Eschringen","og_description":"Der erste Eschringer \u00dcber den Gr\u00fcnder und Namensgeber Eschringens wissen wir eigentlich nichts Genaues. Die Zusammensetzung unseres Ortsnamens mit dem Suffix -Ingen l\u00e4sst auf eine fr\u00e4nkische Siedlung einer Sippe schlie\u00dfen, die von einem Edlen namens Askarich (oder Askhari, Aschari, Eschrich) angef\u00fchrt wurde. Wir wissen nat\u00fcrlich nicht genau, wie er aussah, von seinen Lebensdaten ganz zu ... Weiterlesen ...","og_url":"https:\/\/eschringen.de\/wordpress\/die-menschen\/steckbriefe\/askarich-der-erste-eschringer\/","og_site_name":"Eschringen","article_modified_time":"2022-08-20T07:27:59+00:00","og_image":[{"url":"https:\/\/eschringen.de\/wordpress\/wp-content\/uploads\/2022\/08\/Franke.jpg","type":"","width":"","height":""}],"twitter_card":"summary_large_image","twitter_misc":{"Gesch\u00e4tzte Lesezeit":"1\u00a0Minute"},"schema":{"@context":"https:\/\/schema.org","@graph":[{"@type":"WebPage","@id":"https:\/\/eschringen.de\/wordpress\/die-menschen\/steckbriefe\/askarich-der-erste-eschringer\/","url":"https:\/\/eschringen.de\/wordpress\/die-menschen\/steckbriefe\/askarich-der-erste-eschringer\/","name":"Askarich - Eschringen","isPartOf":{"@id":"https:\/\/eschringen.de\/wordpress\/#website"},"primaryImageOfPage":{"@id":"https:\/\/eschringen.de\/wordpress\/die-menschen\/steckbriefe\/askarich-der-erste-eschringer\/#primaryimage"},"image":{"@id":"https:\/\/eschringen.de\/wordpress\/die-menschen\/steckbriefe\/askarich-der-erste-eschringer\/#primaryimage"},"thumbnailUrl":"https:\/\/eschringen.de\/wordpress\/wp-content\/uploads\/2022\/08\/Franke.jpg","datePublished":"2017-02-03T13:03:40+00:00","dateModified":"2022-08-20T07:27:59+00:00","breadcrumb":{"@id":"https:\/\/eschringen.de\/wordpress\/die-menschen\/steckbriefe\/askarich-der-erste-eschringer\/#breadcrumb"},"inLanguage":"de","potentialAction":[{"@type":"ReadAction","target":["https:\/\/eschringen.de\/wordpress\/die-menschen\/steckbriefe\/askarich-der-erste-eschringer\/"]}]},{"@type":"ImageObject","inLanguage":"de","@id":"https:\/\/eschringen.de\/wordpress\/die-menschen\/steckbriefe\/askarich-der-erste-eschringer\/#primaryimage","url":"https:\/\/i0.wp.com\/eschringen.de\/wordpress\/wp-content\/uploads\/2022\/08\/Franke.jpg?fit=300%2C511&ssl=1","contentUrl":"https:\/\/i0.wp.com\/eschringen.de\/wordpress\/wp-content\/uploads\/2022\/08\/Franke.jpg?fit=300%2C511&ssl=1","width":300,"height":511},{"@type":"BreadcrumbList","@id":"https:\/\/eschringen.de\/wordpress\/die-menschen\/steckbriefe\/askarich-der-erste-eschringer\/#breadcrumb","itemListElement":[{"@type":"ListItem","position":1,"name":"Startseite","item":"https:\/\/eschringen.de\/wordpress\/"},{"@type":"ListItem","position":2,"name":"Die Menschen","item":"https:\/\/eschringen.de\/wordpress\/die-menschen\/"},{"@type":"ListItem","position":3,"name":"Steckbriefe","item":"https:\/\/eschringen.de\/wordpress\/die-menschen\/steckbriefe\/"},{"@type":"ListItem","position":4,"name":"Askarich"}]},{"@type":"WebSite","@id":"https:\/\/eschringen.de\/wordpress\/#website","url":"https:\/\/eschringen.de\/wordpress\/","name":"Eschringen","description":"","publisher":{"@id":"https:\/\/eschringen.de\/wordpress\/#organization"},"potentialAction":[{"@type":"SearchAction","target":{"@type":"EntryPoint","urlTemplate":"https:\/\/eschringen.de\/wordpress\/?s={search_term_string}"},"query-input":{"@type":"PropertyValueSpecification","valueRequired":true,"valueName":"search_term_string"}}],"inLanguage":"de"},{"@type":"Organization","@id":"https:\/\/eschringen.de\/wordpress\/#organization","name":"Eschringen","url":"https:\/\/eschringen.de\/wordpress\/","logo":{"@type":"ImageObject","inLanguage":"de","@id":"https:\/\/eschringen.de\/wordpress\/#\/schema\/logo\/image\/","url":"https:\/\/eschringen.de\/wordpress\/wp-content\/uploads\/2017\/03\/2017_kw15.jpg","contentUrl":"https:\/\/eschringen.de\/wordpress\/wp-content\/uploads\/2017\/03\/2017_kw15.jpg","width":784,"height":447,"caption":"Eschringen"},"image":{"@id":"https:\/\/eschringen.de\/wordpress\/#\/schema\/logo\/image\/"}}]}},"jetpack_sharing_enabled":true,"_links":{"self":[{"href":"https:\/\/eschringen.de\/wordpress\/wp-json\/wp\/v2\/pages\/204","targetHints":{"allow":["GET"]}}],"collection":[{"href":"https:\/\/eschringen.de\/wordpress\/wp-json\/wp\/v2\/pages"}],"about":[{"href":"https:\/\/eschringen.de\/wordpress\/wp-json\/wp\/v2\/types\/page"}],"author":[{"embeddable":true,"href":"https:\/\/eschringen.de\/wordpress\/wp-json\/wp\/v2\/users\/1"}],"replies":[{"embeddable":true,"href":"https:\/\/eschringen.de\/wordpress\/wp-json\/wp\/v2\/comments?post=204"}],"version-history":[{"count":4,"href":"https:\/\/eschringen.de\/wordpress\/wp-json\/wp\/v2\/pages\/204\/revisions"}],"predecessor-version":[{"id":3696,"href":"https:\/\/eschringen.de\/wordpress\/wp-json\/wp\/v2\/pages\/204\/revisions\/3696"}],"up":[{"embeddable":true,"href":"https:\/\/eschringen.de\/wordpress\/wp-json\/wp\/v2\/pages\/197"}],"wp:attachment":[{"href":"https:\/\/eschringen.de\/wordpress\/wp-json\/wp\/v2\/media?parent=204"}],"curies":[{"name":"wp","href":"https:\/\/api.w.org\/{rel}","templated":true}]}}