{"id":189,"date":"2017-02-03T13:38:37","date_gmt":"2017-02-03T12:38:37","guid":{"rendered":"http:\/\/eschringen.de\/wordpress\/?page_id=189"},"modified":"2022-08-20T08:45:42","modified_gmt":"2022-08-20T06:45:42","slug":"route-1","status":"publish","type":"page","link":"https:\/\/eschringen.de\/wordpress\/der-ort\/rundgaenge\/route-1\/","title":{"rendered":"Route 1"},"content":{"rendered":"\n<p><strong>Route 1 &#8211;&nbsp;<span style=\"color: #0000ff;\">Auf in den \u00dcberwald<\/span><\/strong><\/p>\n\n\n\n<p>Ausgangspunkt dieser Wanderung ist das Gasthaus <a href=\"http:\/\/www.eschringen.de\/cms\/front_content.php?idcatart=332&amp;lang=1\">&#8222;<\/a><a href=\"http:\/\/eschringen.de\/wordpress\/der-ort\/sehenswertes\/gasthaus-zur-post\/\">Zur Post<\/a><a href=\"http:\/\/www.eschringen.de\/cms\/front_content.php?idcatart=332&amp;lang=1\">&#8222;<\/a> in der Hauptstra\u00dfe. Wir gehen nach rechts in die Gr\u00e4finthaler Stra\u00dfe bis zur Gastst\u00e4tte &#8222;Bawette Peter&#8220;, passieren dann das wohl \u00e4lteste, um 1800 erstellte <a href=\"http:\/\/eschringen.de\/wordpress\/der-ort\/sehenswertes\/wegekreuze\/\">Eschringer Wegekreuz<\/a> und folgen der Stra\u00dfe weiter hinauf. An einem weiteren Wegekreuz, das 1901 errichtet wurde, biegen wir rechts ein und &#8222;erklimmen&#8220; im wahrsten Sinne des Wortes den &#8222;Griewebersch&#8220; (so im Volksmund benannt nach den &#8222;Griewe&#8220;, einem Abfallprodukt beim Kalkbrennen, das vom unterhalb gelegenen ehemaligen Kalkofen hier urspr\u00fcnglich abgelagert wurde). Es geht recht steil hoch \u00fcber Kopfsteinpflaster. Die meisten H\u00e4user wurden hier erst nach dem 2. Weltkrieg erbaut. Gegen Ende der Gr\u00e4finthaler Stra\u00dfe f\u00e4llt linkerhand ein inzwischen wei\u00df-blau gestaltetes Giebelhaus auf, an dem kurioserweise ein Flachbau &#8222;klebt&#8220;. Es handelt sich hierbei um das 1925 erbaute &#8222;Bachmanns Haus&#8220;. Hier wohnte mit seiner Familie, ganz bewusst &#8222;weit weg vom Schuss&#8220;, der letzte Eschringer Postillion Georg Bachmann, der sp\u00e4ter als Seiler im ganzen Bliesgau bekannt wurde.<\/p>\n\n\n\n<iframe loading=\"lazy\" src=\"https:\/\/www.google.com\/maps\/d\/embed?mid=1Kztg7MKXxEbWsS6GohUNukfFXUKLQkxF\" width=\"800\" height=\"600\"><\/iframe>\n\n\n\n<p>Am B\u00e4rentrisch-Brunnen m\u00fcndet die Gr\u00e4finthaler Stra\u00dfe in den Gr\u00e4finthaler Weg, der &#8211; wie der Name vermuten l\u00e4sst &#8211; zum Kloster Gr\u00e4finthal f\u00fchrt und bis heute auch als Wallfahrtsweg genutzt wird. Der Brunnen wurde von Norbert Adt auf Initiative des Vogelschutzbundes (aus dem der Naturschutzbund\/NABU hervorgegangen ist) errichtet. Hier befindet sich auch eine Ruhebank mit Infotafeln.<\/p>\n\n\n<div class=\"wp-block-image\">\n<figure class=\"alignleft size-full\"><img data-recalc-dims=\"1\" loading=\"lazy\" decoding=\"async\" width=\"295\" height=\"350\" src=\"https:\/\/i0.wp.com\/eschringen.de\/wordpress\/wp-content\/uploads\/2022\/08\/Baerentrisch-1.jpg?resize=295%2C350&#038;ssl=1\" alt=\"\" class=\"wp-image-3555\" srcset=\"https:\/\/i0.wp.com\/eschringen.de\/wordpress\/wp-content\/uploads\/2022\/08\/Baerentrisch-1.jpg?w=295&amp;ssl=1 295w, https:\/\/i0.wp.com\/eschringen.de\/wordpress\/wp-content\/uploads\/2022\/08\/Baerentrisch-1.jpg?resize=253%2C300&amp;ssl=1 253w\" sizes=\"auto, (max-width: 295px) 100vw, 295px\" \/><figcaption>B\u00e4rentrisch-Brunnen<\/figcaption><\/figure>\n<\/div>\n\n\n<p>Am alten Wasserbeh\u00e4lter (von 1922) vorbei marschieren wir weiter die H\u00f6he hinauf; die Wiesen linkerhand trugen einst den merkw\u00fcrdigen Flurnamen &#8222;Am toten Hund&#8220;. Am Waldrand m\u00fcndet ein Weg links ein, der in den 1970er Jahren erst angelegt worden war. Auf einem kleinen aufgesch\u00fctteten Vorsprung wurde 2002\/2003 das Eschringer Grenzsteinmonument errichtet (mit zwei translozierten und einem Originalgrenzstein). Hier verl\u00e4uft bis heute die Grenze zwischen dem Stadtverband Saarbr\u00fccken und dem Saarpfalz-Kreis. Bis zum Eintreffen der Franz\u00f6sischen Revolution 1792 grenzten hier auch das F\u00fcrstentum Nassau-Saarbr\u00fccken und die Reichsherrschaft Blieskastel\/von der Leyen aneinander.<\/p>\n\n\n<div class=\"wp-block-image\">\n<figure class=\"alignright size-full\"><img data-recalc-dims=\"1\" loading=\"lazy\" decoding=\"async\" width=\"300\" height=\"203\" src=\"https:\/\/i0.wp.com\/eschringen.de\/wordpress\/wp-content\/uploads\/2022\/08\/panorama.jpg?resize=300%2C203&#038;ssl=1\" alt=\"\" class=\"wp-image-3602\"\/><figcaption>Blick auf Eschringen (im Hintergrund der Gebberg)<\/figcaption><\/figure>\n<\/div>\n\n\n<p>Wir setzen die Wanderung geradeaus fort, nutzen eventuell eine Ruhebank f\u00fcr eine Verschnaufpause (herrlicher Blick auf Eschringen), passieren dann ein rechts in einer Hecke stehendes, alpenl\u00e4ndisch gestaltetes Wegekreuz und erreichen schlie\u00dflich den Umsetzer des Saarl\u00e4ndischen Rundfunks (daneben eine weitere Ruhebank).<br>Hinter der Schranke betreten wir endlich einen leicht(er) ansteigenden Waldweg, der fast parallel zur Gemarkungsgrenze Bliesransbach\/Kleinblittersdorf\/ Eschringen verl\u00e4uft. Hier befand sich einst auch die ehemalige Landesgrenze zwischen den K\u00f6nigreichen Bayern und Preu\u00dfen. Wenn man auf mittlerer H\u00f6he den Waldweg verl\u00e4sst und nach links an den Waldrand schreitet, kann man noch alte Grenzsteine aus Granit und Sandstein entdecken.<\/p>\n\n\n\n<p>In der Winter- und Vorfr\u00fchlingszeit hat man von hier aus auch einen sch\u00f6nen Blick auf Eschringen. Der Waldweg f\u00e4llt schlie\u00dflich wieder ab und kreuzt den ehemaligen Fuhrweg nach Bliesransbach; wenige Meter links biegt dann der Weg zur &#8222;Lothringer Spitz&#8220; und zum Hartungshof ein. Wir passieren hingegen die Schranke und schauen auf Eschringen, vor allem auf die Schule und den Sportplatz.<\/p>\n\n\n<div class=\"wp-block-image\">\n<figure class=\"alignleft size-full\"><img data-recalc-dims=\"1\" loading=\"lazy\" decoding=\"async\" width=\"350\" height=\"310\" src=\"https:\/\/i0.wp.com\/eschringen.de\/wordpress\/wp-content\/uploads\/2022\/08\/Willerbrunnen-1.jpg?resize=350%2C310&#038;ssl=1\" alt=\"\" class=\"wp-image-3631\" srcset=\"https:\/\/i0.wp.com\/eschringen.de\/wordpress\/wp-content\/uploads\/2022\/08\/Willerbrunnen-1.jpg?w=350&amp;ssl=1 350w, https:\/\/i0.wp.com\/eschringen.de\/wordpress\/wp-content\/uploads\/2022\/08\/Willerbrunnen-1.jpg?resize=300%2C266&amp;ssl=1 300w\" sizes=\"auto, (max-width: 350px) 100vw, 350px\" \/><figcaption>Einweihung des Willerbrunnen am 1. Mai 1998<\/figcaption><\/figure>\n<\/div>\n\n\n<p>Wir gehen links am ehemaligen, mit markanten B\u00e4umen und Str\u00e4uchern zugewachsenen Wasserspeicher vorbei und blicken auf eine Fl\u00e4che, auf der sich einst eine r\u00f6mische &#8222;<a href=\"http:\/\/eschringen.de\/wordpress\/geschichte\/zeittafel\/die-roemer-in-eschringen\/\">villa rustica<\/a>&#8220; befand. Von diesem r\u00f6mischen Bauernhof hat sich nichts mehr erhalten; bisweilen findet man im Fr\u00fchjahr Scherben gro\u00dfer Flachziegel. Die spektakul\u00e4reren Funde sind im Museum f\u00fcr Vor- und Fr\u00fchgeschichte deponiert. Immerhin erinnert der vom Musikverein &#8222;Lyra&#8220; 1998 neu errichtete &#8222;Willerbrunnen&#8220; an diesen alten Flurnamen. Auch der Sportplatz des TUS Eschringen liegt teilweise auf dem Gel\u00e4nde des ehemaligen r\u00f6mischen Gutshofes.<\/p>\n\n\n<div class=\"wp-block-image\">\n<figure class=\"alignright size-full\"><img data-recalc-dims=\"1\" loading=\"lazy\" decoding=\"async\" width=\"300\" height=\"186\" src=\"https:\/\/i0.wp.com\/eschringen.de\/wordpress\/wp-content\/uploads\/2022\/08\/schule1.jpg?resize=300%2C186&#038;ssl=1\" alt=\"\" class=\"wp-image-3625\"\/><figcaption>Die ehemalige Grundschule<\/figcaption><\/figure>\n<\/div>\n\n\n<p>Durchaus imposant wirkt die Fassade des 1952-54 errichteten Schulgeb\u00e4udes. Das Gel\u00e4nde wird eingerahmt von einem kleinen Biotop und diversen Pflanzenbeeten. Rechts vom Schulhaus (die Schule wurde im Juni 2005 im Rahmen der landesweiten Schulschlie\u00dfungen vom Kultusministerium aufgel\u00f6st) war Anfang der 1970er Jahre die Sport- und Kulturhalle errichtet worden, die f\u00fcr sportliche Aktivit\u00e4ten und Gro\u00dfveranstaltungen genutzt wird.<\/p>\n\n\n\n<p>Es geht nun sehr steil den Bu\u00dfberg hinunter. Links passieren wir ein weiteres, zur\u00fcckversetztes Wegekreuz vor dem Anwesen Philippi, rechts den in den 1920er Jahren angelegten Friedhof. Das Bild beherrscht nun eindeutig die zwischen den Jahren 1928 und 1930 erbaute katholische <a href=\"http:\/\/eschringen.de\/wordpress\/der-ort\/sehenswertes\/pfarrkirche\/\">Pfarrkirche St. Laurentius<\/a> mit ihrem charakteristischen Zwiebelturm.<\/p>\n\n\n<div class=\"wp-block-image\">\n<figure class=\"alignleft size-full\"><img data-recalc-dims=\"1\" loading=\"lazy\" decoding=\"async\" width=\"201\" height=\"300\" src=\"https:\/\/i0.wp.com\/eschringen.de\/wordpress\/wp-content\/uploads\/2022\/08\/pfaffeneck.jpg?resize=201%2C300&#038;ssl=1\" alt=\"\" class=\"wp-image-3603\"\/><figcaption>&#8222;Die Bach&#8220;<\/figcaption><\/figure>\n<\/div>\n\n\n<p>Wir gehen \u00fcber den Weg und die Treppen am Portal vorbei \u00fcber eine h\u00fcbsche Wiese mit Obstb\u00e4umen, eine weitere Treppe herunter in die <a href=\"http:\/\/eschringen.de\/wordpress\/die-menschen\/steckbriefe\/karl-leidinger\/\">Karl-Leidinger-Stra\u00dfe<\/a> (benannt nach dem aus Eschringen stammenden, in Chile wirkenden Missionar und Kirchenmusiker). Die ehemalige \u00dcberdorfstra\u00dfe weist noch einige interessante Fassaden von Bauernh\u00e4usern auf. Wir gehen schlie\u00dflich linkerhand einen kleinen Gang hindurch zur &#8222;Bach&#8220; &#8211; links befindet sich der Festplatz im Pfaffeneck. An der (in den 1930er Jahren begradigten) Bach entlang bis zur Br\u00fccke, dann links in die Gr\u00e4finthaler Stra\u00dfe, und wir sind wieder beim Gasthaus &#8222;Zur Post&#8220;.<\/p>\n\n\n\n<p><strong>L\u00e4nge:<\/strong> ca. 3,5 km<br><strong>Dauer:<\/strong> ca. 1 Stunde<br><strong>H\u00f6henlage:<\/strong> 240 &#8211; 350 m<\/p>\n\n\n\n<p><strong>Bemerkung:<\/strong> festes Schuhwerk ist &#8211; je nach Witterung &#8211; sinnvoll, vor allem auf dem Waldweg<br><span style=\"color: #ff0000;\"><br><strong>NEU! &#8211; GPS-Daten:<\/strong><\/span>&nbsp;<a href=\"http:\/\/www.eschringen.de\/wordpress\/wp-content\/GPS\/Route_1.gpx\">Route 1<\/a><\/p>\n","protected":false},"excerpt":{"rendered":"<p>Route 1 &#8211;&nbsp;Auf in den \u00dcberwald Ausgangspunkt dieser Wanderung ist das Gasthaus &#8222;Zur Post&#8222; in der Hauptstra\u00dfe. Wir gehen nach rechts in die Gr\u00e4finthaler Stra\u00dfe bis zur Gastst\u00e4tte &#8222;Bawette Peter&#8220;, passieren dann das wohl \u00e4lteste, um 1800 erstellte Eschringer Wegekreuz und folgen der Stra\u00dfe weiter hinauf. An einem weiteren Wegekreuz, das 1901 errichtet wurde, biegen &#8230; <a title=\"Route 1\" class=\"read-more\" href=\"https:\/\/eschringen.de\/wordpress\/der-ort\/rundgaenge\/route-1\/\" aria-label=\"Mehr Informationen \u00fcber Route 1\">Weiterlesen &#8230;<\/a><\/p>\n","protected":false},"author":1,"featured_media":0,"parent":119,"menu_order":1,"comment_status":"closed","ping_status":"closed","template":"","meta":{"ngg_post_thumbnail":0,"footnotes":""},"class_list":["post-189","page","type-page","status-publish"],"yoast_head":"<!-- This site is optimized with the Yoast SEO plugin v27.4 - https:\/\/yoast.com\/product\/yoast-seo-wordpress\/ -->\n<title>Route 1 - Auf in den \u00dcberwald - Rundg\u00e4nge Eschringen<\/title>\n<meta name=\"robots\" content=\"index, follow, max-snippet:-1, max-image-preview:large, max-video-preview:-1\" \/>\n<link rel=\"canonical\" href=\"https:\/\/eschringen.de\/wordpress\/der-ort\/rundgaenge\/route-1\/\" \/>\n<meta property=\"og:locale\" content=\"de_DE\" \/>\n<meta property=\"og:type\" content=\"article\" \/>\n<meta property=\"og:title\" content=\"Route 1 - Auf in den \u00dcberwald - Rundg\u00e4nge Eschringen\" \/>\n<meta property=\"og:description\" content=\"Route 1 &#8211;&nbsp;Auf in den \u00dcberwald Ausgangspunkt dieser Wanderung ist das Gasthaus &#8222;Zur Post&#8222; in der Hauptstra\u00dfe. Wir gehen nach rechts in die Gr\u00e4finthaler Stra\u00dfe bis zur Gastst\u00e4tte &#8222;Bawette Peter&#8220;, passieren dann das wohl \u00e4lteste, um 1800 erstellte Eschringer Wegekreuz und folgen der Stra\u00dfe weiter hinauf. An einem weiteren Wegekreuz, das 1901 errichtet wurde, biegen ... Weiterlesen ...\" \/>\n<meta property=\"og:url\" content=\"https:\/\/eschringen.de\/wordpress\/der-ort\/rundgaenge\/route-1\/\" \/>\n<meta property=\"og:site_name\" content=\"Eschringen\" \/>\n<meta property=\"article:modified_time\" content=\"2022-08-20T06:45:42+00:00\" \/>\n<meta property=\"og:image\" content=\"https:\/\/eschringen.de\/wordpress\/wp-content\/uploads\/2022\/08\/Baerentrisch-1.jpg\" \/>\n<meta name=\"twitter:card\" content=\"summary_large_image\" \/>\n<meta name=\"twitter:label1\" content=\"Gesch\u00e4tzte Lesezeit\" \/>\n\t<meta name=\"twitter:data1\" content=\"6\u00a0Minuten\" \/>\n<script type=\"application\/ld+json\" class=\"yoast-schema-graph\">{\"@context\":\"https:\\\/\\\/schema.org\",\"@graph\":[{\"@type\":\"WebPage\",\"@id\":\"https:\\\/\\\/eschringen.de\\\/wordpress\\\/der-ort\\\/rundgaenge\\\/route-1\\\/\",\"url\":\"https:\\\/\\\/eschringen.de\\\/wordpress\\\/der-ort\\\/rundgaenge\\\/route-1\\\/\",\"name\":\"Route 1 - Auf in den \u00dcberwald - Rundg\u00e4nge Eschringen\",\"isPartOf\":{\"@id\":\"https:\\\/\\\/eschringen.de\\\/wordpress\\\/#website\"},\"primaryImageOfPage\":{\"@id\":\"https:\\\/\\\/eschringen.de\\\/wordpress\\\/der-ort\\\/rundgaenge\\\/route-1\\\/#primaryimage\"},\"image\":{\"@id\":\"https:\\\/\\\/eschringen.de\\\/wordpress\\\/der-ort\\\/rundgaenge\\\/route-1\\\/#primaryimage\"},\"thumbnailUrl\":\"https:\\\/\\\/eschringen.de\\\/wordpress\\\/wp-content\\\/uploads\\\/2022\\\/08\\\/Baerentrisch-1.jpg\",\"datePublished\":\"2017-02-03T12:38:37+00:00\",\"dateModified\":\"2022-08-20T06:45:42+00:00\",\"breadcrumb\":{\"@id\":\"https:\\\/\\\/eschringen.de\\\/wordpress\\\/der-ort\\\/rundgaenge\\\/route-1\\\/#breadcrumb\"},\"inLanguage\":\"de\",\"potentialAction\":[{\"@type\":\"ReadAction\",\"target\":[\"https:\\\/\\\/eschringen.de\\\/wordpress\\\/der-ort\\\/rundgaenge\\\/route-1\\\/\"]}]},{\"@type\":\"ImageObject\",\"inLanguage\":\"de\",\"@id\":\"https:\\\/\\\/eschringen.de\\\/wordpress\\\/der-ort\\\/rundgaenge\\\/route-1\\\/#primaryimage\",\"url\":\"https:\\\/\\\/i0.wp.com\\\/eschringen.de\\\/wordpress\\\/wp-content\\\/uploads\\\/2022\\\/08\\\/Baerentrisch-1.jpg?fit=295%2C350&ssl=1\",\"contentUrl\":\"https:\\\/\\\/i0.wp.com\\\/eschringen.de\\\/wordpress\\\/wp-content\\\/uploads\\\/2022\\\/08\\\/Baerentrisch-1.jpg?fit=295%2C350&ssl=1\",\"width\":295,\"height\":350},{\"@type\":\"BreadcrumbList\",\"@id\":\"https:\\\/\\\/eschringen.de\\\/wordpress\\\/der-ort\\\/rundgaenge\\\/route-1\\\/#breadcrumb\",\"itemListElement\":[{\"@type\":\"ListItem\",\"position\":1,\"name\":\"Startseite\",\"item\":\"https:\\\/\\\/eschringen.de\\\/wordpress\\\/\"},{\"@type\":\"ListItem\",\"position\":2,\"name\":\"Der Ort\",\"item\":\"https:\\\/\\\/eschringen.de\\\/wordpress\\\/der-ort\\\/\"},{\"@type\":\"ListItem\",\"position\":3,\"name\":\"Rundg\u00e4nge\",\"item\":\"https:\\\/\\\/eschringen.de\\\/wordpress\\\/der-ort\\\/rundgaenge\\\/\"},{\"@type\":\"ListItem\",\"position\":4,\"name\":\"Route 1\"}]},{\"@type\":\"WebSite\",\"@id\":\"https:\\\/\\\/eschringen.de\\\/wordpress\\\/#website\",\"url\":\"https:\\\/\\\/eschringen.de\\\/wordpress\\\/\",\"name\":\"Eschringen\",\"description\":\"\",\"publisher\":{\"@id\":\"https:\\\/\\\/eschringen.de\\\/wordpress\\\/#organization\"},\"potentialAction\":[{\"@type\":\"SearchAction\",\"target\":{\"@type\":\"EntryPoint\",\"urlTemplate\":\"https:\\\/\\\/eschringen.de\\\/wordpress\\\/?s={search_term_string}\"},\"query-input\":{\"@type\":\"PropertyValueSpecification\",\"valueRequired\":true,\"valueName\":\"search_term_string\"}}],\"inLanguage\":\"de\"},{\"@type\":\"Organization\",\"@id\":\"https:\\\/\\\/eschringen.de\\\/wordpress\\\/#organization\",\"name\":\"Eschringen\",\"url\":\"https:\\\/\\\/eschringen.de\\\/wordpress\\\/\",\"logo\":{\"@type\":\"ImageObject\",\"inLanguage\":\"de\",\"@id\":\"https:\\\/\\\/eschringen.de\\\/wordpress\\\/#\\\/schema\\\/logo\\\/image\\\/\",\"url\":\"https:\\\/\\\/eschringen.de\\\/wordpress\\\/wp-content\\\/uploads\\\/2017\\\/03\\\/2017_kw15.jpg\",\"contentUrl\":\"https:\\\/\\\/eschringen.de\\\/wordpress\\\/wp-content\\\/uploads\\\/2017\\\/03\\\/2017_kw15.jpg\",\"width\":784,\"height\":447,\"caption\":\"Eschringen\"},\"image\":{\"@id\":\"https:\\\/\\\/eschringen.de\\\/wordpress\\\/#\\\/schema\\\/logo\\\/image\\\/\"}}]}<\/script>\n<!-- \/ Yoast SEO plugin. -->","yoast_head_json":{"title":"Route 1 - Auf in den \u00dcberwald - Rundg\u00e4nge Eschringen","robots":{"index":"index","follow":"follow","max-snippet":"max-snippet:-1","max-image-preview":"max-image-preview:large","max-video-preview":"max-video-preview:-1"},"canonical":"https:\/\/eschringen.de\/wordpress\/der-ort\/rundgaenge\/route-1\/","og_locale":"de_DE","og_type":"article","og_title":"Route 1 - Auf in den \u00dcberwald - Rundg\u00e4nge Eschringen","og_description":"Route 1 &#8211;&nbsp;Auf in den \u00dcberwald Ausgangspunkt dieser Wanderung ist das Gasthaus &#8222;Zur Post&#8222; in der Hauptstra\u00dfe. Wir gehen nach rechts in die Gr\u00e4finthaler Stra\u00dfe bis zur Gastst\u00e4tte &#8222;Bawette Peter&#8220;, passieren dann das wohl \u00e4lteste, um 1800 erstellte Eschringer Wegekreuz und folgen der Stra\u00dfe weiter hinauf. An einem weiteren Wegekreuz, das 1901 errichtet wurde, biegen ... Weiterlesen ...","og_url":"https:\/\/eschringen.de\/wordpress\/der-ort\/rundgaenge\/route-1\/","og_site_name":"Eschringen","article_modified_time":"2022-08-20T06:45:42+00:00","og_image":[{"url":"https:\/\/eschringen.de\/wordpress\/wp-content\/uploads\/2022\/08\/Baerentrisch-1.jpg","type":"","width":"","height":""}],"twitter_card":"summary_large_image","twitter_misc":{"Gesch\u00e4tzte Lesezeit":"6\u00a0Minuten"},"schema":{"@context":"https:\/\/schema.org","@graph":[{"@type":"WebPage","@id":"https:\/\/eschringen.de\/wordpress\/der-ort\/rundgaenge\/route-1\/","url":"https:\/\/eschringen.de\/wordpress\/der-ort\/rundgaenge\/route-1\/","name":"Route 1 - Auf in den \u00dcberwald - Rundg\u00e4nge Eschringen","isPartOf":{"@id":"https:\/\/eschringen.de\/wordpress\/#website"},"primaryImageOfPage":{"@id":"https:\/\/eschringen.de\/wordpress\/der-ort\/rundgaenge\/route-1\/#primaryimage"},"image":{"@id":"https:\/\/eschringen.de\/wordpress\/der-ort\/rundgaenge\/route-1\/#primaryimage"},"thumbnailUrl":"https:\/\/eschringen.de\/wordpress\/wp-content\/uploads\/2022\/08\/Baerentrisch-1.jpg","datePublished":"2017-02-03T12:38:37+00:00","dateModified":"2022-08-20T06:45:42+00:00","breadcrumb":{"@id":"https:\/\/eschringen.de\/wordpress\/der-ort\/rundgaenge\/route-1\/#breadcrumb"},"inLanguage":"de","potentialAction":[{"@type":"ReadAction","target":["https:\/\/eschringen.de\/wordpress\/der-ort\/rundgaenge\/route-1\/"]}]},{"@type":"ImageObject","inLanguage":"de","@id":"https:\/\/eschringen.de\/wordpress\/der-ort\/rundgaenge\/route-1\/#primaryimage","url":"https:\/\/i0.wp.com\/eschringen.de\/wordpress\/wp-content\/uploads\/2022\/08\/Baerentrisch-1.jpg?fit=295%2C350&ssl=1","contentUrl":"https:\/\/i0.wp.com\/eschringen.de\/wordpress\/wp-content\/uploads\/2022\/08\/Baerentrisch-1.jpg?fit=295%2C350&ssl=1","width":295,"height":350},{"@type":"BreadcrumbList","@id":"https:\/\/eschringen.de\/wordpress\/der-ort\/rundgaenge\/route-1\/#breadcrumb","itemListElement":[{"@type":"ListItem","position":1,"name":"Startseite","item":"https:\/\/eschringen.de\/wordpress\/"},{"@type":"ListItem","position":2,"name":"Der Ort","item":"https:\/\/eschringen.de\/wordpress\/der-ort\/"},{"@type":"ListItem","position":3,"name":"Rundg\u00e4nge","item":"https:\/\/eschringen.de\/wordpress\/der-ort\/rundgaenge\/"},{"@type":"ListItem","position":4,"name":"Route 1"}]},{"@type":"WebSite","@id":"https:\/\/eschringen.de\/wordpress\/#website","url":"https:\/\/eschringen.de\/wordpress\/","name":"Eschringen","description":"","publisher":{"@id":"https:\/\/eschringen.de\/wordpress\/#organization"},"potentialAction":[{"@type":"SearchAction","target":{"@type":"EntryPoint","urlTemplate":"https:\/\/eschringen.de\/wordpress\/?s={search_term_string}"},"query-input":{"@type":"PropertyValueSpecification","valueRequired":true,"valueName":"search_term_string"}}],"inLanguage":"de"},{"@type":"Organization","@id":"https:\/\/eschringen.de\/wordpress\/#organization","name":"Eschringen","url":"https:\/\/eschringen.de\/wordpress\/","logo":{"@type":"ImageObject","inLanguage":"de","@id":"https:\/\/eschringen.de\/wordpress\/#\/schema\/logo\/image\/","url":"https:\/\/eschringen.de\/wordpress\/wp-content\/uploads\/2017\/03\/2017_kw15.jpg","contentUrl":"https:\/\/eschringen.de\/wordpress\/wp-content\/uploads\/2017\/03\/2017_kw15.jpg","width":784,"height":447,"caption":"Eschringen"},"image":{"@id":"https:\/\/eschringen.de\/wordpress\/#\/schema\/logo\/image\/"}}]}},"jetpack_sharing_enabled":true,"_links":{"self":[{"href":"https:\/\/eschringen.de\/wordpress\/wp-json\/wp\/v2\/pages\/189","targetHints":{"allow":["GET"]}}],"collection":[{"href":"https:\/\/eschringen.de\/wordpress\/wp-json\/wp\/v2\/pages"}],"about":[{"href":"https:\/\/eschringen.de\/wordpress\/wp-json\/wp\/v2\/types\/page"}],"author":[{"embeddable":true,"href":"https:\/\/eschringen.de\/wordpress\/wp-json\/wp\/v2\/users\/1"}],"replies":[{"embeddable":true,"href":"https:\/\/eschringen.de\/wordpress\/wp-json\/wp\/v2\/comments?post=189"}],"version-history":[{"count":9,"href":"https:\/\/eschringen.de\/wordpress\/wp-json\/wp\/v2\/pages\/189\/revisions"}],"predecessor-version":[{"id":3650,"href":"https:\/\/eschringen.de\/wordpress\/wp-json\/wp\/v2\/pages\/189\/revisions\/3650"}],"up":[{"embeddable":true,"href":"https:\/\/eschringen.de\/wordpress\/wp-json\/wp\/v2\/pages\/119"}],"wp:attachment":[{"href":"https:\/\/eschringen.de\/wordpress\/wp-json\/wp\/v2\/media?parent=189"}],"curies":[{"name":"wp","href":"https:\/\/api.w.org\/{rel}","templated":true}]}}