{"id":177,"date":"2017-02-02T19:18:37","date_gmt":"2017-02-02T18:18:37","guid":{"rendered":"http:\/\/eschringen.de\/wordpress\/?page_id=177"},"modified":"2022-08-20T08:41:58","modified_gmt":"2022-08-20T06:41:58","slug":"route-3","status":"publish","type":"page","link":"https:\/\/eschringen.de\/wordpress\/der-ort\/rundgaenge\/route-3\/","title":{"rendered":"Route 3"},"content":{"rendered":"\n<p><strong>Route 3 &#8211; <span style=\"color: #0000ff;\">Auf zum Ponsheimer Hof<\/span><\/strong><\/p>\n\n\n\n<p>Wir beginnen unsere Wanderung am Gasthaus &#8222;Bawette Peter&#8220;, passieren das alte, efeubewachsene <a href=\"http:\/\/eschringen.de\/wordpress\/der-ort\/sehenswertes\/wegekreuze\/\">Wegekreuz<\/a> und marschieren die Gr\u00e4finthaler Stra\u00dfe hinauf. An einem zweiten Wegekreuz, wo Gr\u00e4finthaler Stra\u00dfe und Ponsheimer Stra\u00dfe aufeinandertreffen, gehen wir weiter geradeaus. Wir verlassen nun &#8211; ohne es zu bemerken &#8211; die Kreisgrenze und betreten Ormesheimer Bann. Das gro\u00dfe Mehrfamilienhaus rechterhand und das dahinterliegende neue Wohnhaus (ehemals Halle der Firma Kessler) befinden sich schon auf Mandelbacher Gemarkung. Ein altes Zeugnis dieser Grenze (sie trennte einst das F\u00fcrstentum Nassau-Saarbr\u00fccken und die Reichsherrschaft Blieskastel\/von der Leyen) ist hinter einer Garage versteckt: ein l\u00e4dierter Grenzstein aus dem Jahre 1768.<\/p>\n\n\n\n<iframe loading=\"lazy\" src=\"https:\/\/www.google.com\/maps\/d\/embed?mid=148VqNFQXVh1HP8qVKld9FV6mOTS3NGGj\" width=\"800\" height=\"600\"><\/iframe>\n\n\n<div class=\"wp-block-image\">\n<figure class=\"alignleft size-full\"><img data-recalc-dims=\"1\" loading=\"lazy\" decoding=\"async\" width=\"300\" height=\"202\" src=\"https:\/\/i0.wp.com\/eschringen.de\/wordpress\/wp-content\/uploads\/2022\/08\/frankpons-1.jpg?resize=300%2C202&#038;ssl=1\" alt=\"\" class=\"wp-image-3571\"\/><figcaption>Ort des ehemaligen fr\u00e4nkischen Gr\u00e4berfeldes am Puhschbach<\/figcaption><\/figure>\n<\/div>\n\n\n<p>Wir gehen nun den Ponsheimer Weg &#8211; nebenbei ein alter Fuhrweg, der nach Bebelsheim f\u00fchrte &#8211; entlang. Links blicken wir in das h\u00fcbsche und enge Tal des Puhschbachs (so der mundartlich korrekte Name des auf amtlichen Karten f\u00e4lschlicherweise als &#8222;Buschbach&#8220; verzeichneten Flie\u00dfgew\u00e4ssers). Die schmale Stra\u00dfe \u00fcberquert schlie\u00dflich auf mittlerem Wege den Puhschbach. Wenn wir nach links zur Anh\u00f6he schauen, k\u00f6nnen wir nur noch eine Wiese mit Buschwerk und ein paar kleinen B\u00e4umen erkennen. Hier befand sich ein Gr\u00e4berfeld aus der Frankenzeit, das 1962\/63 erforscht und abger\u00e4umt wurde. Links und rechts der Stra\u00dfe befinden sich Pferdekoppeln. Ginge man die Stra\u00dfe weiter geradeaus, w\u00fcrde man in den Koppelwald bzw. an den Zaun der M\u00fclldeponie gelangen.<\/p>\n\n\n<div class=\"wp-block-image\">\n<figure class=\"alignright size-full\"><img data-recalc-dims=\"1\" loading=\"lazy\" decoding=\"async\" width=\"250\" height=\"156\" src=\"https:\/\/i0.wp.com\/eschringen.de\/wordpress\/wp-content\/uploads\/2022\/08\/ponsheimer_hof.jpg?resize=250%2C156&#038;ssl=1\" alt=\"\" class=\"wp-image-3604\"\/><figcaption>Der Ponsheimer Hof<\/figcaption><\/figure>\n<\/div>\n\n\n<p>Wir machen, falls erw\u00fcnscht, einen Abstecher zum <a href=\"http:\/\/www.ponsheimer-hof.de\/\" target=\"_blank\" rel=\"noopener noreferrer\">Ponsheimer Hof<\/a>, biegen somit rechts ein. Vor den Geb\u00e4uden des Pferdehofes steht eine gro\u00dfe, alte Kastanie, die als Naturdenkmal ausgewiesen ist. Der Ponsheimer Hof ist das einzige \u00dcberbleibsel des ehemaligen Dorfes Ponsheim, das schon fr\u00fch als dauerhafte Siedlung untergegangen ist.<br>Wer inzwischen schon durstig und\/oder hungrig geworden ist, kann in der kleinen Wirtschaft gerne einkehren.<\/p>\n\n\n\n<p>Es bieten sich nun zwei Wegstrecken zur Fortsetzung der Wanderung an: eine k\u00fcrzere und eine etwas l\u00e4ngere. Wer die l\u00e4ngere gehen m\u00f6chte, lese an sp\u00e4terer Stelle weiter.<\/p>\n\n\n<div class=\"wp-block-image\">\n<figure class=\"alignleft size-full\"><img data-recalc-dims=\"1\" loading=\"lazy\" decoding=\"async\" width=\"183\" height=\"300\" src=\"https:\/\/i0.wp.com\/eschringen.de\/wordpress\/wp-content\/uploads\/2022\/08\/kreuzpons-1.jpg?resize=183%2C300&#038;ssl=1\" alt=\"\" class=\"wp-image-3593\"\/><figcaption>Wegekreuz an der Ecke Ponsheimer\/Gr\u00e4finthaler Stra\u00dfe<\/figcaption><\/figure>\n<\/div>\n\n<div class=\"wp-block-image\">\n<figure class=\"alignleft size-full\"><img data-recalc-dims=\"1\" loading=\"lazy\" decoding=\"async\" width=\"172\" height=\"300\" src=\"https:\/\/i0.wp.com\/eschringen.de\/wordpress\/wp-content\/uploads\/2022\/08\/kreuzponsneu-1.jpg?resize=172%2C300&#038;ssl=1\" alt=\"\" class=\"wp-image-3594\"\/><figcaption>links alter Zustand, rechts nach der Restaurierung 2004<\/figcaption><\/figure>\n<\/div>\n\n\n<p>Wir gehen mitten durch das Hofgel\u00e4nde, an gro\u00dfen Heu- und Strohballen und diversen Ger\u00e4tschaften vorbei. Nun steigen wir rechterhand, an zwei Brunnen, den steilen und schlecht ausgebauten Weg hoch. Durch den massiven Pferdeberitt sind so manche Wege in einem bemitleidenswerten Zustand. Oben am Waldrand biegen wir rechts ein und gehen nun einen Teil des Grenzsteinlehrpfades, entlang der Kreisgrenze zwischen Stadtverband Saarbr\u00fccken und Saarpfalz-Kreis. Dieser Pfad, von dem wir aus gut zum Ponsheimer Hof schauen k\u00f6nnen, m\u00fcndet bald in den Gr\u00e4fintahler Weg ein; hier soll demn\u00e4chst ein Grenzsteinmonument entstehen. Wir biegen nach rechts ab und wandern nach Eschringen zur\u00fcck. Wir passieren den B\u00e4rentrisch-Brunnen und marschieren den &#8222;Griewebersch&#8220; hinunter. Am Wegekreuz Ecke Gr\u00e4finthaler Stra\u00dfe\/Ponsheimer Stra\u00dfe schlie\u00dft sich die (kleine) Rundwanderung).<\/p>\n\n\n\n<p><strong><u>(l\u00e4ngerer) Alternativweg:<br><\/u><\/strong>Hinter den St\u00e4llen laufen wir den Weg hoch zu den Reitpl\u00e4tzen und begeben uns rechterhand in Richtung Sauerackerwald. Der zum Teil gepflasterte Weg f\u00fchrte einst nach Bebelsheim und Zweibr\u00fccken. Rechterhand sehen wir eine gro\u00dfe Weide, die sogenannte &#8222;Panzerwiese&#8220;. Hier fuhren im M\u00e4rz 1945 amerikanische Panzer, von Bliesransbach kommend, die H\u00fcgel hinunter Richtung Gassenm\u00fchle\/Ensheim\/Westwall.<br>Wir sto\u00dfen nun auf einen Stacheldrahtzaun; links steht ein Grenzstein aus Granit (ehemals bayerisch-preu\u00dfische Grenze). Hier verl\u00e4uft neuerdings, am Zaun entlang, ein Pferdeweg, den wir hinaufgehen. Am Ende angelangt treffen wir auf den Gr\u00e4finthaler Weg und den 1999 wieder gesetzten <a href=\"http:\/\/eschringen.de\/wordpress\/geschichte\/archiv\/21-22-10-99-restaurierter-grenzstein-feierlich-neu-gesetzt\/\">Dreib\u00e4nner-Grenzstein<\/a> von 1768. Hier sto\u00dfen bis heute die Gemarkungen von Bliesransbach (Kleinblittersdorf), Ormesheim (Mandelbachtal) und Eschringen (Saarbr\u00fccken) aufeinander. Die Ruhebank l\u00e4dt sicher zu einer kleinen Pause ein. Bei sch\u00f6nem Wetter hat man von hier aus eine gute Sicht nach Ensheim.<\/p>\n\n\n\n<iframe loading=\"lazy\" src=\"https:\/\/www.google.com\/maps\/d\/embed?mid=1vaL-twBgbDVnqYPjp6p2lPgPg1RVlH09\" width=\"800\" height=\"600\"><\/iframe>\n\n\n<div class=\"wp-block-image\">\n<figure class=\"alignright size-full\"><img data-recalc-dims=\"1\" loading=\"lazy\" decoding=\"async\" width=\"300\" height=\"201\" src=\"https:\/\/i0.wp.com\/eschringen.de\/wordpress\/wp-content\/uploads\/2022\/08\/grfinthalweg.jpg?resize=300%2C201&#038;ssl=1\" alt=\"\" class=\"wp-image-3583\"\/><figcaption>Blick auf Eschringen vom Gr\u00e4finthaler Weg aus<\/figcaption><\/figure>\n<\/div>\n\n\n<p>Wir passieren die Schranke und marschieren durch das Ponsheimer Gel\u00f6ch den Gr\u00e4finthaler Weg nach Eschringen zur\u00fcck (rot-wei\u00df gekennzeichnet: Teil des Saarland-Rundwanderweges). Nach einer weiteren Schranke verlassen wir den Wald und haben bald einen herrlichen Blick auf Eschringen. Rechts geht es dann steil auf asphaltierter Stra\u00dfe hinunter, am B\u00e4rentrisch-Brunnen vorbei bis zum Wegekreuz Ecke Gr\u00e4finthaler Stra\u00dfe\/Ponsheimer Stra\u00dfe, wo sich die (gro\u00dfe) Rundwanderung schlie\u00dft.<\/p>\n\n\n\n<h6 class=\"wp-block-heading\"><strong>Literaturhinweis:<\/strong> Becker, Bernhard\/Mayer, Alfred\/Strahl, Erwin: 700 Jahre Ponsheimer Hof. Ormesheim 1991.<\/h6>\n\n\n\n<p><strong>L\u00e4nge:<\/strong> ca. 3,5 bzw. 4,5 km<br><strong>Dauer:<\/strong> ca. 1 &#8211; 1 1\/2 Stunden<br><strong>H\u00f6henlage:<\/strong> 240 &#8211; 330 m<\/p>\n\n\n\n<p><strong>Bemerkung:<\/strong> festes Schuhwerk ist &#8211; je nach Witterung &#8211; sinnvoll, vor allem auf dem Waldweg.<\/p>\n\n\n\n<p><span style=\"color: #ff0000;\"><strong>NEU! &#8211; GPS-Daten:<\/strong><\/span>&nbsp;<a href=\"http:\/\/www.eschringen.de\/wordpress\/wp-content\/GPS\/Route_3_kurz.gpx\">Route 3 (kurz)<\/a><strong> oder<\/strong> <a href=\"http:\/\/www.eschringen.de\/wordpress\/wp-content\/GPS\/Route_3_lang.gpx\">Route 3 (lang)<\/a><\/p>\n","protected":false},"excerpt":{"rendered":"<p>Route 3 &#8211; Auf zum Ponsheimer Hof Wir beginnen unsere Wanderung am Gasthaus &#8222;Bawette Peter&#8220;, passieren das alte, efeubewachsene Wegekreuz und marschieren die Gr\u00e4finthaler Stra\u00dfe hinauf. An einem zweiten Wegekreuz, wo Gr\u00e4finthaler Stra\u00dfe und Ponsheimer Stra\u00dfe aufeinandertreffen, gehen wir weiter geradeaus. Wir verlassen nun &#8211; ohne es zu bemerken &#8211; die Kreisgrenze und betreten Ormesheimer &#8230; <a title=\"Route 3\" class=\"read-more\" href=\"https:\/\/eschringen.de\/wordpress\/der-ort\/rundgaenge\/route-3\/\" aria-label=\"Mehr Informationen \u00fcber Route 3\">Weiterlesen &#8230;<\/a><\/p>\n","protected":false},"author":1,"featured_media":0,"parent":119,"menu_order":3,"comment_status":"closed","ping_status":"closed","template":"","meta":{"ngg_post_thumbnail":0,"footnotes":""},"class_list":["post-177","page","type-page","status-publish"],"yoast_head":"<!-- This site is optimized with the Yoast SEO plugin v27.3 - https:\/\/yoast.com\/product\/yoast-seo-wordpress\/ -->\n<title>Route 3 - Auf zum Ponsheimer Hof - Rundg\u00e4nge Eschringen<\/title>\n<meta name=\"robots\" content=\"index, follow, max-snippet:-1, max-image-preview:large, max-video-preview:-1\" \/>\n<link rel=\"canonical\" href=\"https:\/\/eschringen.de\/wordpress\/der-ort\/rundgaenge\/route-3\/\" \/>\n<meta property=\"og:locale\" content=\"de_DE\" \/>\n<meta property=\"og:type\" content=\"article\" \/>\n<meta property=\"og:title\" content=\"Route 3 - Auf zum Ponsheimer Hof - Rundg\u00e4nge Eschringen\" \/>\n<meta property=\"og:description\" content=\"Route 3 &#8211; Auf zum Ponsheimer Hof Wir beginnen unsere Wanderung am Gasthaus &#8222;Bawette Peter&#8220;, passieren das alte, efeubewachsene Wegekreuz und marschieren die Gr\u00e4finthaler Stra\u00dfe hinauf. An einem zweiten Wegekreuz, wo Gr\u00e4finthaler Stra\u00dfe und Ponsheimer Stra\u00dfe aufeinandertreffen, gehen wir weiter geradeaus. Wir verlassen nun &#8211; ohne es zu bemerken &#8211; die Kreisgrenze und betreten Ormesheimer ... Weiterlesen ...\" \/>\n<meta property=\"og:url\" content=\"https:\/\/eschringen.de\/wordpress\/der-ort\/rundgaenge\/route-3\/\" \/>\n<meta property=\"og:site_name\" content=\"Eschringen\" \/>\n<meta property=\"article:modified_time\" content=\"2022-08-20T06:41:58+00:00\" \/>\n<meta property=\"og:image\" content=\"https:\/\/eschringen.de\/wordpress\/wp-content\/uploads\/2022\/08\/frankpons-1.jpg\" \/>\n<meta name=\"twitter:card\" content=\"summary_large_image\" \/>\n<meta name=\"twitter:label1\" content=\"Gesch\u00e4tzte Lesezeit\" \/>\n\t<meta name=\"twitter:data1\" content=\"5\u00a0Minuten\" \/>\n<script type=\"application\/ld+json\" class=\"yoast-schema-graph\">{\"@context\":\"https:\\\/\\\/schema.org\",\"@graph\":[{\"@type\":\"WebPage\",\"@id\":\"https:\\\/\\\/eschringen.de\\\/wordpress\\\/der-ort\\\/rundgaenge\\\/route-3\\\/\",\"url\":\"https:\\\/\\\/eschringen.de\\\/wordpress\\\/der-ort\\\/rundgaenge\\\/route-3\\\/\",\"name\":\"Route 3 - Auf zum Ponsheimer Hof - Rundg\u00e4nge Eschringen\",\"isPartOf\":{\"@id\":\"https:\\\/\\\/eschringen.de\\\/wordpress\\\/#website\"},\"primaryImageOfPage\":{\"@id\":\"https:\\\/\\\/eschringen.de\\\/wordpress\\\/der-ort\\\/rundgaenge\\\/route-3\\\/#primaryimage\"},\"image\":{\"@id\":\"https:\\\/\\\/eschringen.de\\\/wordpress\\\/der-ort\\\/rundgaenge\\\/route-3\\\/#primaryimage\"},\"thumbnailUrl\":\"https:\\\/\\\/eschringen.de\\\/wordpress\\\/wp-content\\\/uploads\\\/2022\\\/08\\\/frankpons-1.jpg\",\"datePublished\":\"2017-02-02T18:18:37+00:00\",\"dateModified\":\"2022-08-20T06:41:58+00:00\",\"breadcrumb\":{\"@id\":\"https:\\\/\\\/eschringen.de\\\/wordpress\\\/der-ort\\\/rundgaenge\\\/route-3\\\/#breadcrumb\"},\"inLanguage\":\"de\",\"potentialAction\":[{\"@type\":\"ReadAction\",\"target\":[\"https:\\\/\\\/eschringen.de\\\/wordpress\\\/der-ort\\\/rundgaenge\\\/route-3\\\/\"]}]},{\"@type\":\"ImageObject\",\"inLanguage\":\"de\",\"@id\":\"https:\\\/\\\/eschringen.de\\\/wordpress\\\/der-ort\\\/rundgaenge\\\/route-3\\\/#primaryimage\",\"url\":\"https:\\\/\\\/i0.wp.com\\\/eschringen.de\\\/wordpress\\\/wp-content\\\/uploads\\\/2022\\\/08\\\/frankpons-1.jpg?fit=300%2C202&ssl=1\",\"contentUrl\":\"https:\\\/\\\/i0.wp.com\\\/eschringen.de\\\/wordpress\\\/wp-content\\\/uploads\\\/2022\\\/08\\\/frankpons-1.jpg?fit=300%2C202&ssl=1\",\"width\":300,\"height\":202},{\"@type\":\"BreadcrumbList\",\"@id\":\"https:\\\/\\\/eschringen.de\\\/wordpress\\\/der-ort\\\/rundgaenge\\\/route-3\\\/#breadcrumb\",\"itemListElement\":[{\"@type\":\"ListItem\",\"position\":1,\"name\":\"Startseite\",\"item\":\"https:\\\/\\\/eschringen.de\\\/wordpress\\\/\"},{\"@type\":\"ListItem\",\"position\":2,\"name\":\"Der Ort\",\"item\":\"https:\\\/\\\/eschringen.de\\\/wordpress\\\/der-ort\\\/\"},{\"@type\":\"ListItem\",\"position\":3,\"name\":\"Rundg\u00e4nge\",\"item\":\"https:\\\/\\\/eschringen.de\\\/wordpress\\\/der-ort\\\/rundgaenge\\\/\"},{\"@type\":\"ListItem\",\"position\":4,\"name\":\"Route 3\"}]},{\"@type\":\"WebSite\",\"@id\":\"https:\\\/\\\/eschringen.de\\\/wordpress\\\/#website\",\"url\":\"https:\\\/\\\/eschringen.de\\\/wordpress\\\/\",\"name\":\"Eschringen\",\"description\":\"\",\"publisher\":{\"@id\":\"https:\\\/\\\/eschringen.de\\\/wordpress\\\/#organization\"},\"potentialAction\":[{\"@type\":\"SearchAction\",\"target\":{\"@type\":\"EntryPoint\",\"urlTemplate\":\"https:\\\/\\\/eschringen.de\\\/wordpress\\\/?s={search_term_string}\"},\"query-input\":{\"@type\":\"PropertyValueSpecification\",\"valueRequired\":true,\"valueName\":\"search_term_string\"}}],\"inLanguage\":\"de\"},{\"@type\":\"Organization\",\"@id\":\"https:\\\/\\\/eschringen.de\\\/wordpress\\\/#organization\",\"name\":\"Eschringen\",\"url\":\"https:\\\/\\\/eschringen.de\\\/wordpress\\\/\",\"logo\":{\"@type\":\"ImageObject\",\"inLanguage\":\"de\",\"@id\":\"https:\\\/\\\/eschringen.de\\\/wordpress\\\/#\\\/schema\\\/logo\\\/image\\\/\",\"url\":\"https:\\\/\\\/eschringen.de\\\/wordpress\\\/wp-content\\\/uploads\\\/2017\\\/03\\\/2017_kw15.jpg\",\"contentUrl\":\"https:\\\/\\\/eschringen.de\\\/wordpress\\\/wp-content\\\/uploads\\\/2017\\\/03\\\/2017_kw15.jpg\",\"width\":784,\"height\":447,\"caption\":\"Eschringen\"},\"image\":{\"@id\":\"https:\\\/\\\/eschringen.de\\\/wordpress\\\/#\\\/schema\\\/logo\\\/image\\\/\"}}]}<\/script>\n<!-- \/ Yoast SEO plugin. -->","yoast_head_json":{"title":"Route 3 - Auf zum Ponsheimer Hof - Rundg\u00e4nge Eschringen","robots":{"index":"index","follow":"follow","max-snippet":"max-snippet:-1","max-image-preview":"max-image-preview:large","max-video-preview":"max-video-preview:-1"},"canonical":"https:\/\/eschringen.de\/wordpress\/der-ort\/rundgaenge\/route-3\/","og_locale":"de_DE","og_type":"article","og_title":"Route 3 - Auf zum Ponsheimer Hof - Rundg\u00e4nge Eschringen","og_description":"Route 3 &#8211; Auf zum Ponsheimer Hof Wir beginnen unsere Wanderung am Gasthaus &#8222;Bawette Peter&#8220;, passieren das alte, efeubewachsene Wegekreuz und marschieren die Gr\u00e4finthaler Stra\u00dfe hinauf. An einem zweiten Wegekreuz, wo Gr\u00e4finthaler Stra\u00dfe und Ponsheimer Stra\u00dfe aufeinandertreffen, gehen wir weiter geradeaus. Wir verlassen nun &#8211; ohne es zu bemerken &#8211; die Kreisgrenze und betreten Ormesheimer ... Weiterlesen ...","og_url":"https:\/\/eschringen.de\/wordpress\/der-ort\/rundgaenge\/route-3\/","og_site_name":"Eschringen","article_modified_time":"2022-08-20T06:41:58+00:00","og_image":[{"url":"https:\/\/eschringen.de\/wordpress\/wp-content\/uploads\/2022\/08\/frankpons-1.jpg","type":"","width":"","height":""}],"twitter_card":"summary_large_image","twitter_misc":{"Gesch\u00e4tzte Lesezeit":"5\u00a0Minuten"},"schema":{"@context":"https:\/\/schema.org","@graph":[{"@type":"WebPage","@id":"https:\/\/eschringen.de\/wordpress\/der-ort\/rundgaenge\/route-3\/","url":"https:\/\/eschringen.de\/wordpress\/der-ort\/rundgaenge\/route-3\/","name":"Route 3 - Auf zum Ponsheimer Hof - Rundg\u00e4nge Eschringen","isPartOf":{"@id":"https:\/\/eschringen.de\/wordpress\/#website"},"primaryImageOfPage":{"@id":"https:\/\/eschringen.de\/wordpress\/der-ort\/rundgaenge\/route-3\/#primaryimage"},"image":{"@id":"https:\/\/eschringen.de\/wordpress\/der-ort\/rundgaenge\/route-3\/#primaryimage"},"thumbnailUrl":"https:\/\/eschringen.de\/wordpress\/wp-content\/uploads\/2022\/08\/frankpons-1.jpg","datePublished":"2017-02-02T18:18:37+00:00","dateModified":"2022-08-20T06:41:58+00:00","breadcrumb":{"@id":"https:\/\/eschringen.de\/wordpress\/der-ort\/rundgaenge\/route-3\/#breadcrumb"},"inLanguage":"de","potentialAction":[{"@type":"ReadAction","target":["https:\/\/eschringen.de\/wordpress\/der-ort\/rundgaenge\/route-3\/"]}]},{"@type":"ImageObject","inLanguage":"de","@id":"https:\/\/eschringen.de\/wordpress\/der-ort\/rundgaenge\/route-3\/#primaryimage","url":"https:\/\/i0.wp.com\/eschringen.de\/wordpress\/wp-content\/uploads\/2022\/08\/frankpons-1.jpg?fit=300%2C202&ssl=1","contentUrl":"https:\/\/i0.wp.com\/eschringen.de\/wordpress\/wp-content\/uploads\/2022\/08\/frankpons-1.jpg?fit=300%2C202&ssl=1","width":300,"height":202},{"@type":"BreadcrumbList","@id":"https:\/\/eschringen.de\/wordpress\/der-ort\/rundgaenge\/route-3\/#breadcrumb","itemListElement":[{"@type":"ListItem","position":1,"name":"Startseite","item":"https:\/\/eschringen.de\/wordpress\/"},{"@type":"ListItem","position":2,"name":"Der Ort","item":"https:\/\/eschringen.de\/wordpress\/der-ort\/"},{"@type":"ListItem","position":3,"name":"Rundg\u00e4nge","item":"https:\/\/eschringen.de\/wordpress\/der-ort\/rundgaenge\/"},{"@type":"ListItem","position":4,"name":"Route 3"}]},{"@type":"WebSite","@id":"https:\/\/eschringen.de\/wordpress\/#website","url":"https:\/\/eschringen.de\/wordpress\/","name":"Eschringen","description":"","publisher":{"@id":"https:\/\/eschringen.de\/wordpress\/#organization"},"potentialAction":[{"@type":"SearchAction","target":{"@type":"EntryPoint","urlTemplate":"https:\/\/eschringen.de\/wordpress\/?s={search_term_string}"},"query-input":{"@type":"PropertyValueSpecification","valueRequired":true,"valueName":"search_term_string"}}],"inLanguage":"de"},{"@type":"Organization","@id":"https:\/\/eschringen.de\/wordpress\/#organization","name":"Eschringen","url":"https:\/\/eschringen.de\/wordpress\/","logo":{"@type":"ImageObject","inLanguage":"de","@id":"https:\/\/eschringen.de\/wordpress\/#\/schema\/logo\/image\/","url":"https:\/\/eschringen.de\/wordpress\/wp-content\/uploads\/2017\/03\/2017_kw15.jpg","contentUrl":"https:\/\/eschringen.de\/wordpress\/wp-content\/uploads\/2017\/03\/2017_kw15.jpg","width":784,"height":447,"caption":"Eschringen"},"image":{"@id":"https:\/\/eschringen.de\/wordpress\/#\/schema\/logo\/image\/"}}]}},"jetpack_sharing_enabled":true,"_links":{"self":[{"href":"https:\/\/eschringen.de\/wordpress\/wp-json\/wp\/v2\/pages\/177","targetHints":{"allow":["GET"]}}],"collection":[{"href":"https:\/\/eschringen.de\/wordpress\/wp-json\/wp\/v2\/pages"}],"about":[{"href":"https:\/\/eschringen.de\/wordpress\/wp-json\/wp\/v2\/types\/page"}],"author":[{"embeddable":true,"href":"https:\/\/eschringen.de\/wordpress\/wp-json\/wp\/v2\/users\/1"}],"replies":[{"embeddable":true,"href":"https:\/\/eschringen.de\/wordpress\/wp-json\/wp\/v2\/comments?post=177"}],"version-history":[{"count":12,"href":"https:\/\/eschringen.de\/wordpress\/wp-json\/wp\/v2\/pages\/177\/revisions"}],"predecessor-version":[{"id":3646,"href":"https:\/\/eschringen.de\/wordpress\/wp-json\/wp\/v2\/pages\/177\/revisions\/3646"}],"up":[{"embeddable":true,"href":"https:\/\/eschringen.de\/wordpress\/wp-json\/wp\/v2\/pages\/119"}],"wp:attachment":[{"href":"https:\/\/eschringen.de\/wordpress\/wp-json\/wp\/v2\/media?parent=177"}],"curies":[{"name":"wp","href":"https:\/\/api.w.org\/{rel}","templated":true}]}}