{"id":174,"date":"2017-02-02T19:17:44","date_gmt":"2017-02-02T18:17:44","guid":{"rendered":"http:\/\/eschringen.de\/wordpress\/?page_id=174"},"modified":"2022-08-20T08:39:50","modified_gmt":"2022-08-20T06:39:50","slug":"route-4","status":"publish","type":"page","link":"https:\/\/eschringen.de\/wordpress\/der-ort\/rundgaenge\/route-4\/","title":{"rendered":"Route 4"},"content":{"rendered":"\n<p><strong>Route 4 &#8211; <span style=\"color: #0000ff;\">Auf zum Br\u00fcck&#8217;l<\/span><\/strong><\/p>\n\n\n\n<p>Ausgangspunkt unserer Wanderung ist die Pizzeria &#8222;Bel Paese&#8220; in der Hauptstra\u00dfe. Wir gehen Richtung Ortsausgang, passieren eine H\u00e4userfront mit einigen alten T\u00fcrst\u00fcrzen aus der Mitte des 19. Jahrhunderts und \u00fcberqueren am Gasthaus &#8222;Zur Post&#8220; die Gr\u00e4finthalerstra\u00dfe. Nat\u00fcrlich haben wir schon den sagenumwobenen <a href=\"http:\/\/eschringen.de\/wordpress\/der-ort\/sehenswertes\/laurentiusbrunnen\/\">Laurentiusbrunnen<\/a> entdeckt, der 1997 wieder zug\u00e4nglich, neu gefasst und mit einer Brunnenfigur des ortsans\u00e4ssigen Steinmetzmeisters Josef Meiser aus franz\u00f6sischem Kalkstein ausgestattet wurde.<\/p>\n\n\n\n<p>Wir gehen die Gr\u00e4finthaler Stra\u00dfe entlang, \u00fcberqueren den Eschringer Bach, passieren das Ger\u00e4tehaus der Freiwilligen Feuerwehr und wenden uns am \u00e4ltesten Wegekreuz, gegen\u00fcber dem Gasthaus &#8222;Bawette Peter&#8220; nach links.<\/p>\n\n\n\n<iframe loading=\"lazy\" src=\"https:\/\/www.google.com\/maps\/d\/embed?mid=1KiZBIIMZWseVoGdHB3l8aAVvx-Fjxt-d\" width=\"800\" height=\"600\"><\/iframe>\n\n\n<div class=\"wp-block-image\">\n<figure class=\"alignleft size-full\"><img data-recalc-dims=\"1\" loading=\"lazy\" decoding=\"async\" width=\"295\" height=\"197\" src=\"https:\/\/i0.wp.com\/eschringen.de\/wordpress\/wp-content\/uploads\/2022\/08\/bawette.jpg?resize=295%2C197&#038;ssl=1\" alt=\"\" class=\"wp-image-3557\"\/><figcaption>Gasthaus &#8222;Bawette Peter&#8220;<\/figcaption><\/figure>\n<\/div>\n\n\n<p>An einem zweiten Wegekreuz, wo Gr\u00e4finthaler Stra\u00dfe und Ponsheimer Stra\u00dfe aufeinander-treffen, gehen wir weiter geradeaus. Wir verlassen nun &#8211; ohne es zu wissen &#8211; die Kreisgrenze und betreten Ormesheimer Bann. Das gro\u00dfe Mehrfamilienhaus rechterhand und das dahinterliegende neue Wohnhaus (ehemals Halle der Firma Kessler) befinden sich schon auf Mandelbacher Gemarkung. Ein altes Zeugnis dieser Grenze (trennte einst das F\u00fcrstentum Nassau-Saarbr\u00fccken und die Reichsherrschaft Blieskastel\/von der Leyen) ist hinter einer Garage versteckt: ein l\u00e4dierter Grenzstein aus dem Jahre 1768.<\/p>\n\n\n<div class=\"wp-block-image\">\n<figure class=\"alignright size-full\"><img data-recalc-dims=\"1\" loading=\"lazy\" decoding=\"async\" width=\"300\" height=\"202\" src=\"https:\/\/i0.wp.com\/eschringen.de\/wordpress\/wp-content\/uploads\/2022\/08\/frankpons-1.jpg?resize=300%2C202&#038;ssl=1\" alt=\"\" class=\"wp-image-3571\"\/><figcaption>Ort des ehemaligen fr\u00e4nkischen Gr\u00e4berfeldes am Puhschbach<\/figcaption><\/figure>\n<\/div>\n\n\n<p>Wir gehen nun den Ponsheimer Weg &#8211; nebenbei ein alter Fuhrweg, der nach Bebelsheim f\u00fchrte &#8211; entlang. Links blicken wir in das h\u00fcbsche und enge Tal des Puhschbachs (so der mundartlich korrekte Name des auf amtlichen Karten f\u00e4lschlicherweise &#8222;Buschbach&#8220; verzeichneten Flie\u00dfgew\u00e4ssers). Die schmale Stra\u00dfe \u00fcberquert schlie\u00dflich auf mittlerem Wege den Puhschbach. Wenn wir nach links zur Anh\u00f6he schauen, k\u00f6nnen wir nur noch eine Wiese mit Buschwerk und ein paar kleinen B\u00e4umen erkennen. Hier befand sich ein Gr\u00e4berfeld aus der Frankenzeit, das in den 1960er Jahren erforscht und abger\u00e4umt wurde.<\/p>\n\n\n<div class=\"wp-block-image\">\n<figure class=\"alignleft size-full\"><img data-recalc-dims=\"1\" loading=\"lazy\" decoding=\"async\" width=\"300\" height=\"187\" src=\"https:\/\/i0.wp.com\/eschringen.de\/wordpress\/wp-content\/uploads\/2022\/08\/koppelberg.jpg?resize=300%2C187&#038;ssl=1\" alt=\"\" class=\"wp-image-3589\"\/><figcaption>Blick auf den Koppelwald<\/figcaption><\/figure>\n<\/div>\n\n\n<p>Links und rechts der Stra\u00dfe befinden sich Pferdekoppeln. Ginge man die Stra\u00dfe weiter geradeaus, w\u00fcrde man in den Koppelwald bzw. an den Zaun der M\u00fclldeponie gelangen. Wir wenden uns an der Kreuzung nach links (rechts ginge es zum Ponsheimer Hof) und haben schon bald einen sch\u00f6nen Blick auf Ensheim und seine St. Peter-Kirche. Rechts erhebt sich der Koppelberg (360 m hoch) mit dem Koppelwald und der davor liegenden Flur &#8222;Scharfeck&#8220;.<\/p>\n\n\n\n<p>Wenn wir genau hinschauen, erkennen wir eine &#8222;schiefe Ebene&#8220;, einen Abhang, auf dem einst Loren mit Kalk gef\u00fcllt zu einer Umladestation gegen\u00fcber der Gassenm\u00fchle fuhren. Denn im Koppelwald befand sich eine gro\u00dfe Kalkgrube. Der Kalk wurde vor allem in der Halberger H\u00fctte ben\u00f6tigt und mit der G\u00fcterstra\u00dfenbahn nach Brebach bef\u00f6rdert.<\/p>\n\n\n\n<p>Wir passieren nun eine Grenzhecke (darin verborgen alte Grenzsteine aus der F\u00fcrstenzeit) und gehen nun den steilen Hang hinunter. Links befindet sich das sog. &#8222;Klingelrech&#8220;; Wiesen und G\u00e4rten s\u00e4umen hier den Eschringer Bach. Wir folgen der Stra\u00dfe und gelangen zu einer Mini-Siedlung, &#8222;Br\u00fcck&#8217;l&#8220; genannt (zu Ensheim geh\u00f6rig). Schon in jahrhundertealten Dokumenten ist bezeugt, das sich hier, an der Dreiecksgrenze zwischen Ormesheim, Ensheim und Eschringen eine Br\u00fccke bzw. ein Steg \u00fcber den Bach befand. Mitten im Bach m\u00fcsste auch ein Dreib\u00e4nnergrenzstein gestanden haben, doch ist dieser verlorengegangen.<\/p>\n\n\n\n<p>Um zum alten &#8222;Br\u00fcck&#8217;l&#8220;-Haus zu gelangen, k\u00f6nnen wir, wenn der Wildwuchs nicht zu hinderlich ist, auch \u00fcber die alte Br\u00fccke mit sch\u00f6nen Eisengel\u00e4ndern gehen. Hier m\u00fcndet auch der (Ensheimer) Aubach in den Saarbach. Wir gehen nun am Stra\u00dfenrand der L 107 Richtung Eschringen. Schade, dass hier bisher kein kombinierter Fu\u00dfg\u00e4nger-\/Fahrradweg eingerichtet wurde. Wiederum passieren wir unbewusst die alte Ensheimer\/Eschringer Gemarkungsgrenze; auf der gegen\u00fcberliegenden Stra\u00dfenseite w\u00e4re ein Grenzstein zwischen Str\u00e4uchern zu entdecken.<\/p>\n\n\n<div class=\"wp-block-image\">\n<figure class=\"alignleft size-full\"><img data-recalc-dims=\"1\" loading=\"lazy\" decoding=\"async\" width=\"300\" height=\"200\" src=\"https:\/\/i0.wp.com\/eschringen.de\/wordpress\/wp-content\/uploads\/2022\/08\/bauernhaus-1.jpg?resize=300%2C200&#038;ssl=1\" alt=\"\" class=\"wp-image-3556\"\/><figcaption>das ehemalige M\u00fchlen-Bauernhaus (ca. 1936)<\/figcaption><\/figure>\n<\/div>\n\n\n<p>Rechterhand erhebt sich der M\u00fchlenberg, an dessen Fu\u00df sich einst ein altes Bauernhaus befand. Es wurde 1942 abgebrochen, um eine Stra\u00dfenerweiterung, vor allem wegen der Stra\u00dfenbahn nach Ensheim, zu erm\u00f6glichen. Wir blicken nun auf das <a href=\"http:\/\/eschringen.de\/wordpress\/der-ort\/sehenswertes\/das-muehlenensemble\/\">Eschringer M\u00fchlenensemble<\/a>, im Hintergrund erhebt sich die St. Laurentiuskirche.<\/p>\n\n\n\n<p>Am ersten M\u00fchlengeb\u00e4ude biegen wir kurz nach links ein und entdecken an der rechten Ecke einen alten T\u00fcrsturz mit der Jahreszahl 1706 und den Namen des damaligen M\u00fchlenbesitzers (Christmann Baur). Das Wohngeb\u00e4ude wurde 1883 erbaut. Auf den obersten Sandsteinquadern stehen eingemei\u00dfelt die Namen der Erbauer (links: Peter Wolter, rechts: Magdalena Franz). Von hier aus blicken wir auf den gegen\u00fcberliegenden Schneidersberg. Neben der Bushaltestelle erkennen wir einen zugemauerten Eingang. Dieser f\u00fchrte w\u00e4hrend des 2. Weltkrieges in einen Luftschutzbunker.<\/p>\n\n\n\n<p>Von der M\u00fchle aus kehren wir, am Laurentiusbrunnen vorbei (wenn wir dort keine Rast machen) wollen, zum Ausgangspunkt zur\u00fcck.<\/p>\n\n\n\n<p><strong>L\u00e4nge:<\/strong> ca. 3 km<br><strong>Dauer:<\/strong> 1 &#8211; 1 1\/2 St.<br><strong>H\u00f6henlage:<\/strong> 240 &#8211; 280 m<br><strong>Bemerkung:<\/strong> normales Schuhwerk ausreichend<\/p>\n\n\n\n<p><span style=\"color: #ff0000;\"><strong>NEU! &#8211; GPS-Daten:<\/strong><\/span>&nbsp;<a href=\"http:\/\/www.eschringen.de\/wordpress\/wp-content\/GPS\/Route_4.gpx\">Route 4<\/a><\/p>\n","protected":false},"excerpt":{"rendered":"<p>Route 4 &#8211; Auf zum Br\u00fcck&#8217;l Ausgangspunkt unserer Wanderung ist die Pizzeria &#8222;Bel Paese&#8220; in der Hauptstra\u00dfe. Wir gehen Richtung Ortsausgang, passieren eine H\u00e4userfront mit einigen alten T\u00fcrst\u00fcrzen aus der Mitte des 19. Jahrhunderts und \u00fcberqueren am Gasthaus &#8222;Zur Post&#8220; die Gr\u00e4finthalerstra\u00dfe. Nat\u00fcrlich haben wir schon den sagenumwobenen Laurentiusbrunnen entdeckt, der 1997 wieder zug\u00e4nglich, neu &#8230; <a title=\"Route 4\" class=\"read-more\" href=\"https:\/\/eschringen.de\/wordpress\/der-ort\/rundgaenge\/route-4\/\" aria-label=\"Mehr Informationen \u00fcber Route 4\">Weiterlesen &#8230;<\/a><\/p>\n","protected":false},"author":1,"featured_media":0,"parent":119,"menu_order":4,"comment_status":"closed","ping_status":"closed","template":"","meta":{"ngg_post_thumbnail":0,"footnotes":""},"class_list":["post-174","page","type-page","status-publish"],"yoast_head":"<!-- This site is optimized with the Yoast SEO plugin v27.3 - https:\/\/yoast.com\/product\/yoast-seo-wordpress\/ -->\n<title>Route 4 - Auf zum Br\u00fcck&#039;l - Rundg\u00e4nge Eschringen<\/title>\n<meta name=\"robots\" content=\"index, follow, max-snippet:-1, max-image-preview:large, max-video-preview:-1\" \/>\n<link rel=\"canonical\" href=\"https:\/\/eschringen.de\/wordpress\/der-ort\/rundgaenge\/route-4\/\" \/>\n<meta property=\"og:locale\" content=\"de_DE\" \/>\n<meta property=\"og:type\" content=\"article\" \/>\n<meta property=\"og:title\" content=\"Route 4 - Auf zum Br\u00fcck&#039;l - Rundg\u00e4nge Eschringen\" \/>\n<meta property=\"og:description\" content=\"Route 4 &#8211; Auf zum Br\u00fcck&#8217;l Ausgangspunkt unserer Wanderung ist die Pizzeria &#8222;Bel Paese&#8220; in der Hauptstra\u00dfe. Wir gehen Richtung Ortsausgang, passieren eine H\u00e4userfront mit einigen alten T\u00fcrst\u00fcrzen aus der Mitte des 19. Jahrhunderts und \u00fcberqueren am Gasthaus &#8222;Zur Post&#8220; die Gr\u00e4finthalerstra\u00dfe. Nat\u00fcrlich haben wir schon den sagenumwobenen Laurentiusbrunnen entdeckt, der 1997 wieder zug\u00e4nglich, neu ... Weiterlesen ...\" \/>\n<meta property=\"og:url\" content=\"https:\/\/eschringen.de\/wordpress\/der-ort\/rundgaenge\/route-4\/\" \/>\n<meta property=\"og:site_name\" content=\"Eschringen\" \/>\n<meta property=\"article:modified_time\" content=\"2022-08-20T06:39:50+00:00\" \/>\n<meta property=\"og:image\" content=\"https:\/\/eschringen.de\/wordpress\/wp-content\/uploads\/2022\/08\/bawette.jpg\" \/>\n<meta name=\"twitter:card\" content=\"summary_large_image\" \/>\n<meta name=\"twitter:label1\" content=\"Gesch\u00e4tzte Lesezeit\" \/>\n\t<meta name=\"twitter:data1\" content=\"5\u00a0Minuten\" \/>\n<script type=\"application\/ld+json\" class=\"yoast-schema-graph\">{\"@context\":\"https:\\\/\\\/schema.org\",\"@graph\":[{\"@type\":\"WebPage\",\"@id\":\"https:\\\/\\\/eschringen.de\\\/wordpress\\\/der-ort\\\/rundgaenge\\\/route-4\\\/\",\"url\":\"https:\\\/\\\/eschringen.de\\\/wordpress\\\/der-ort\\\/rundgaenge\\\/route-4\\\/\",\"name\":\"Route 4 - Auf zum Br\u00fcck'l - Rundg\u00e4nge Eschringen\",\"isPartOf\":{\"@id\":\"https:\\\/\\\/eschringen.de\\\/wordpress\\\/#website\"},\"primaryImageOfPage\":{\"@id\":\"https:\\\/\\\/eschringen.de\\\/wordpress\\\/der-ort\\\/rundgaenge\\\/route-4\\\/#primaryimage\"},\"image\":{\"@id\":\"https:\\\/\\\/eschringen.de\\\/wordpress\\\/der-ort\\\/rundgaenge\\\/route-4\\\/#primaryimage\"},\"thumbnailUrl\":\"https:\\\/\\\/eschringen.de\\\/wordpress\\\/wp-content\\\/uploads\\\/2022\\\/08\\\/bawette.jpg\",\"datePublished\":\"2017-02-02T18:17:44+00:00\",\"dateModified\":\"2022-08-20T06:39:50+00:00\",\"breadcrumb\":{\"@id\":\"https:\\\/\\\/eschringen.de\\\/wordpress\\\/der-ort\\\/rundgaenge\\\/route-4\\\/#breadcrumb\"},\"inLanguage\":\"de\",\"potentialAction\":[{\"@type\":\"ReadAction\",\"target\":[\"https:\\\/\\\/eschringen.de\\\/wordpress\\\/der-ort\\\/rundgaenge\\\/route-4\\\/\"]}]},{\"@type\":\"ImageObject\",\"inLanguage\":\"de\",\"@id\":\"https:\\\/\\\/eschringen.de\\\/wordpress\\\/der-ort\\\/rundgaenge\\\/route-4\\\/#primaryimage\",\"url\":\"https:\\\/\\\/i0.wp.com\\\/eschringen.de\\\/wordpress\\\/wp-content\\\/uploads\\\/2022\\\/08\\\/bawette.jpg?fit=295%2C197&ssl=1\",\"contentUrl\":\"https:\\\/\\\/i0.wp.com\\\/eschringen.de\\\/wordpress\\\/wp-content\\\/uploads\\\/2022\\\/08\\\/bawette.jpg?fit=295%2C197&ssl=1\",\"width\":295,\"height\":197},{\"@type\":\"BreadcrumbList\",\"@id\":\"https:\\\/\\\/eschringen.de\\\/wordpress\\\/der-ort\\\/rundgaenge\\\/route-4\\\/#breadcrumb\",\"itemListElement\":[{\"@type\":\"ListItem\",\"position\":1,\"name\":\"Startseite\",\"item\":\"https:\\\/\\\/eschringen.de\\\/wordpress\\\/\"},{\"@type\":\"ListItem\",\"position\":2,\"name\":\"Der Ort\",\"item\":\"https:\\\/\\\/eschringen.de\\\/wordpress\\\/der-ort\\\/\"},{\"@type\":\"ListItem\",\"position\":3,\"name\":\"Rundg\u00e4nge\",\"item\":\"https:\\\/\\\/eschringen.de\\\/wordpress\\\/der-ort\\\/rundgaenge\\\/\"},{\"@type\":\"ListItem\",\"position\":4,\"name\":\"Route 4\"}]},{\"@type\":\"WebSite\",\"@id\":\"https:\\\/\\\/eschringen.de\\\/wordpress\\\/#website\",\"url\":\"https:\\\/\\\/eschringen.de\\\/wordpress\\\/\",\"name\":\"Eschringen\",\"description\":\"\",\"publisher\":{\"@id\":\"https:\\\/\\\/eschringen.de\\\/wordpress\\\/#organization\"},\"potentialAction\":[{\"@type\":\"SearchAction\",\"target\":{\"@type\":\"EntryPoint\",\"urlTemplate\":\"https:\\\/\\\/eschringen.de\\\/wordpress\\\/?s={search_term_string}\"},\"query-input\":{\"@type\":\"PropertyValueSpecification\",\"valueRequired\":true,\"valueName\":\"search_term_string\"}}],\"inLanguage\":\"de\"},{\"@type\":\"Organization\",\"@id\":\"https:\\\/\\\/eschringen.de\\\/wordpress\\\/#organization\",\"name\":\"Eschringen\",\"url\":\"https:\\\/\\\/eschringen.de\\\/wordpress\\\/\",\"logo\":{\"@type\":\"ImageObject\",\"inLanguage\":\"de\",\"@id\":\"https:\\\/\\\/eschringen.de\\\/wordpress\\\/#\\\/schema\\\/logo\\\/image\\\/\",\"url\":\"https:\\\/\\\/eschringen.de\\\/wordpress\\\/wp-content\\\/uploads\\\/2017\\\/03\\\/2017_kw15.jpg\",\"contentUrl\":\"https:\\\/\\\/eschringen.de\\\/wordpress\\\/wp-content\\\/uploads\\\/2017\\\/03\\\/2017_kw15.jpg\",\"width\":784,\"height\":447,\"caption\":\"Eschringen\"},\"image\":{\"@id\":\"https:\\\/\\\/eschringen.de\\\/wordpress\\\/#\\\/schema\\\/logo\\\/image\\\/\"}}]}<\/script>\n<!-- \/ Yoast SEO plugin. -->","yoast_head_json":{"title":"Route 4 - Auf zum Br\u00fcck'l - Rundg\u00e4nge Eschringen","robots":{"index":"index","follow":"follow","max-snippet":"max-snippet:-1","max-image-preview":"max-image-preview:large","max-video-preview":"max-video-preview:-1"},"canonical":"https:\/\/eschringen.de\/wordpress\/der-ort\/rundgaenge\/route-4\/","og_locale":"de_DE","og_type":"article","og_title":"Route 4 - Auf zum Br\u00fcck'l - Rundg\u00e4nge Eschringen","og_description":"Route 4 &#8211; Auf zum Br\u00fcck&#8217;l Ausgangspunkt unserer Wanderung ist die Pizzeria &#8222;Bel Paese&#8220; in der Hauptstra\u00dfe. Wir gehen Richtung Ortsausgang, passieren eine H\u00e4userfront mit einigen alten T\u00fcrst\u00fcrzen aus der Mitte des 19. Jahrhunderts und \u00fcberqueren am Gasthaus &#8222;Zur Post&#8220; die Gr\u00e4finthalerstra\u00dfe. Nat\u00fcrlich haben wir schon den sagenumwobenen Laurentiusbrunnen entdeckt, der 1997 wieder zug\u00e4nglich, neu ... Weiterlesen ...","og_url":"https:\/\/eschringen.de\/wordpress\/der-ort\/rundgaenge\/route-4\/","og_site_name":"Eschringen","article_modified_time":"2022-08-20T06:39:50+00:00","og_image":[{"url":"https:\/\/eschringen.de\/wordpress\/wp-content\/uploads\/2022\/08\/bawette.jpg","type":"","width":"","height":""}],"twitter_card":"summary_large_image","twitter_misc":{"Gesch\u00e4tzte Lesezeit":"5\u00a0Minuten"},"schema":{"@context":"https:\/\/schema.org","@graph":[{"@type":"WebPage","@id":"https:\/\/eschringen.de\/wordpress\/der-ort\/rundgaenge\/route-4\/","url":"https:\/\/eschringen.de\/wordpress\/der-ort\/rundgaenge\/route-4\/","name":"Route 4 - Auf zum Br\u00fcck'l - Rundg\u00e4nge Eschringen","isPartOf":{"@id":"https:\/\/eschringen.de\/wordpress\/#website"},"primaryImageOfPage":{"@id":"https:\/\/eschringen.de\/wordpress\/der-ort\/rundgaenge\/route-4\/#primaryimage"},"image":{"@id":"https:\/\/eschringen.de\/wordpress\/der-ort\/rundgaenge\/route-4\/#primaryimage"},"thumbnailUrl":"https:\/\/eschringen.de\/wordpress\/wp-content\/uploads\/2022\/08\/bawette.jpg","datePublished":"2017-02-02T18:17:44+00:00","dateModified":"2022-08-20T06:39:50+00:00","breadcrumb":{"@id":"https:\/\/eschringen.de\/wordpress\/der-ort\/rundgaenge\/route-4\/#breadcrumb"},"inLanguage":"de","potentialAction":[{"@type":"ReadAction","target":["https:\/\/eschringen.de\/wordpress\/der-ort\/rundgaenge\/route-4\/"]}]},{"@type":"ImageObject","inLanguage":"de","@id":"https:\/\/eschringen.de\/wordpress\/der-ort\/rundgaenge\/route-4\/#primaryimage","url":"https:\/\/i0.wp.com\/eschringen.de\/wordpress\/wp-content\/uploads\/2022\/08\/bawette.jpg?fit=295%2C197&ssl=1","contentUrl":"https:\/\/i0.wp.com\/eschringen.de\/wordpress\/wp-content\/uploads\/2022\/08\/bawette.jpg?fit=295%2C197&ssl=1","width":295,"height":197},{"@type":"BreadcrumbList","@id":"https:\/\/eschringen.de\/wordpress\/der-ort\/rundgaenge\/route-4\/#breadcrumb","itemListElement":[{"@type":"ListItem","position":1,"name":"Startseite","item":"https:\/\/eschringen.de\/wordpress\/"},{"@type":"ListItem","position":2,"name":"Der Ort","item":"https:\/\/eschringen.de\/wordpress\/der-ort\/"},{"@type":"ListItem","position":3,"name":"Rundg\u00e4nge","item":"https:\/\/eschringen.de\/wordpress\/der-ort\/rundgaenge\/"},{"@type":"ListItem","position":4,"name":"Route 4"}]},{"@type":"WebSite","@id":"https:\/\/eschringen.de\/wordpress\/#website","url":"https:\/\/eschringen.de\/wordpress\/","name":"Eschringen","description":"","publisher":{"@id":"https:\/\/eschringen.de\/wordpress\/#organization"},"potentialAction":[{"@type":"SearchAction","target":{"@type":"EntryPoint","urlTemplate":"https:\/\/eschringen.de\/wordpress\/?s={search_term_string}"},"query-input":{"@type":"PropertyValueSpecification","valueRequired":true,"valueName":"search_term_string"}}],"inLanguage":"de"},{"@type":"Organization","@id":"https:\/\/eschringen.de\/wordpress\/#organization","name":"Eschringen","url":"https:\/\/eschringen.de\/wordpress\/","logo":{"@type":"ImageObject","inLanguage":"de","@id":"https:\/\/eschringen.de\/wordpress\/#\/schema\/logo\/image\/","url":"https:\/\/eschringen.de\/wordpress\/wp-content\/uploads\/2017\/03\/2017_kw15.jpg","contentUrl":"https:\/\/eschringen.de\/wordpress\/wp-content\/uploads\/2017\/03\/2017_kw15.jpg","width":784,"height":447,"caption":"Eschringen"},"image":{"@id":"https:\/\/eschringen.de\/wordpress\/#\/schema\/logo\/image\/"}}]}},"jetpack_sharing_enabled":true,"_links":{"self":[{"href":"https:\/\/eschringen.de\/wordpress\/wp-json\/wp\/v2\/pages\/174","targetHints":{"allow":["GET"]}}],"collection":[{"href":"https:\/\/eschringen.de\/wordpress\/wp-json\/wp\/v2\/pages"}],"about":[{"href":"https:\/\/eschringen.de\/wordpress\/wp-json\/wp\/v2\/types\/page"}],"author":[{"embeddable":true,"href":"https:\/\/eschringen.de\/wordpress\/wp-json\/wp\/v2\/users\/1"}],"replies":[{"embeddable":true,"href":"https:\/\/eschringen.de\/wordpress\/wp-json\/wp\/v2\/comments?post=174"}],"version-history":[{"count":6,"href":"https:\/\/eschringen.de\/wordpress\/wp-json\/wp\/v2\/pages\/174\/revisions"}],"predecessor-version":[{"id":3644,"href":"https:\/\/eschringen.de\/wordpress\/wp-json\/wp\/v2\/pages\/174\/revisions\/3644"}],"up":[{"embeddable":true,"href":"https:\/\/eschringen.de\/wordpress\/wp-json\/wp\/v2\/pages\/119"}],"wp:attachment":[{"href":"https:\/\/eschringen.de\/wordpress\/wp-json\/wp\/v2\/media?parent=174"}],"curies":[{"name":"wp","href":"https:\/\/api.w.org\/{rel}","templated":true}]}}