{"id":169,"date":"2017-02-02T14:04:06","date_gmt":"2017-02-02T13:04:06","guid":{"rendered":"http:\/\/eschringen.de\/wordpress\/?page_id=169"},"modified":"2022-08-20T08:38:15","modified_gmt":"2022-08-20T06:38:15","slug":"route-5","status":"publish","type":"page","link":"https:\/\/eschringen.de\/wordpress\/der-ort\/rundgaenge\/route-5\/","title":{"rendered":"Route 5"},"content":{"rendered":"\n<p><strong>Route 5 &#8211; <span style=\"color: #0000ff;\">Auf in die Dumpf<\/span><\/strong><\/p>\n\n\n<div class=\"wp-block-image\">\n<figure class=\"alignright size-full\"><a href=\"https:\/\/i0.wp.com\/eschringen.de\/wordpress\/wp-content\/uploads\/2022\/08\/route5gross.jpg?ssl=1\"><img data-recalc-dims=\"1\" loading=\"lazy\" decoding=\"async\" width=\"238\" height=\"300\" src=\"https:\/\/i0.wp.com\/eschringen.de\/wordpress\/wp-content\/uploads\/2022\/08\/route5klein.jpg?resize=238%2C300&#038;ssl=1\" alt=\"\" class=\"wp-image-3615\"\/><\/a><figcaption>Zum Vergr\u00f6\u00dfern bitte anklicken<\/figcaption><\/figure>\n<\/div>\n\n\n<p>Wir beginnen unseren Spaziergang vom ehemaligen Schulgeb\u00e4ude aus. Der Eingang befand sich \u00fcbrigens fr\u00fcher zur Talseite hin. Rechts gehen wir an einem kleinen Biotop die Bliesransbacher Stra\u00dfe (jetzt Andreas-Kremp-Stra\u00dfe) hinunter, passieren zuvor den wieder errichteten Willerbrunnen und biegen links, an einem etwas versteckt liegenden Wegekreuz vor dem Anwesen Philippi in die Stra\u00dfe &#8222;In der Dumpf&#8220; ein. Diese m\u00fcndet schlie\u00dflich in einen Feldwirtschaftsweg. Von einer Ruhebank aus hat man einen herrlichen Blick auf das Saarbachtal (oder Tal des Eschringer Baches), zur linken der Vierherrenwald, vorgelagert das Sch\u00f6pfchen, zur rechten das Dorf mit der R\u00fcckseite des Eschringer Hofes.<\/p>\n\n\n<div class=\"wp-block-image\">\n<figure class=\"alignleft size-full\"><img data-recalc-dims=\"1\" loading=\"lazy\" decoding=\"async\" width=\"218\" height=\"300\" src=\"https:\/\/i0.wp.com\/eschringen.de\/wordpress\/wp-content\/uploads\/2022\/08\/grenzsteinbp.jpg?resize=218%2C300&#038;ssl=1\" alt=\"\" class=\"wp-image-3579\"\/><figcaption>Grenzstein von 1842 an der alten bayrisch-preu\u00dfischen Grenze<\/figcaption><\/figure>\n<\/div>\n\n\n<p>Das Endst\u00fcck des Weges (gelb) f\u00fchrt fast gerade und parallel zum Tal zwischen \u00c4ckern und Wiesen zu einer baumumrahmten Senke. Dort sto\u00dfen wir auf die alte Gemarkungsgrenze zum Nachbardorf Fechingen, die von 1816 bis 1918 auch als Territorialgrenze zwischen dem K\u00f6nigreich Bayern und dem K\u00f6nigreich Preu\u00dfen fungierte. Sie wird zum einen noch deutlich durch einen links in einer Hecke stehenden Grenzstein mit den Initialen <strong>B<\/strong> und <strong>P<\/strong> und der Jahreszahl 1842, zum anderen durch eine sog. &#8222;nasse Grenze&#8220;, den &#8222;Leitzenbruch&#8220; genannten kleinen Zulauf zum Saarbach markiert.<\/p>\n\n\n\n<p>Wer die lange Rundwanderung \u00fcber Fechingen machen m\u00f6chte, setzt von hier aus seinen Weg fort (link zur langen West-Ost-Rundwanderung folgt!), wer nur einen Spaziergang eingeplant, muss hier wieder umkehren. Es sei denn, er und\/oder sie ist mit gutem und wasserabweisendem Schuhwerk ausgestattet. Dann kann man auch einen alternativen R\u00fcckweg einschlagen.<\/p>\n\n\n\n<p>Zun\u00e4chst geht es den alten Weg wieder zur\u00fcck, mit einer eventuellen Verschnaufpause auf einer Ruhebank, wovon man ebenfalls einen sch\u00f6nen Blick auf den Fechinger Gebberg und den Vierherrenwald hat. Auf mittlerer Strecke, rechterhand steht ein Strommast, erkennt man einen steil rechts nach oben f\u00fchrenden schmalen Fu\u00dfweg, der einen Hochstand passiert und schlie\u00dflich auf einer Wiese endet. Rechterhand verlief die ehemalige bayerisch-preu\u00dfische Grenze, symbolisiert durch einen wuchtigen Granitgrenzstein. Die dahinterliegende Fl\u00e4chen sind als Naturschutzgebiet ausgewiesen und sollten deshalb von uns nicht betreten werden. Die Anh\u00f6he zum \u00dcberwald hinauf f\u00fchrt zu einer Baumgruppe (Strecke gelb), die sich auf der Flur &#8222;An der Gro\u00dfbuch&#8220; befindet. Dort steht ein weiterer Grenzstein aus rotem Sandstein.<\/p>\n\n\n<div class=\"wp-block-image\">\n<figure class=\"alignright size-full\"><img data-recalc-dims=\"1\" loading=\"lazy\" decoding=\"async\" width=\"300\" height=\"199\" src=\"https:\/\/i0.wp.com\/eschringen.de\/wordpress\/wp-content\/uploads\/2022\/08\/dumpf2.jpg?resize=300%2C199&#038;ssl=1\" alt=\"\" class=\"wp-image-3568\"\/><figcaption>Blick auf Eschringen von der Dumpf aus<\/figcaption><\/figure>\n<\/div>\n\n\n<p>\u00dcber die Wiesen und diverse kleinere Feuchtgebiete mit entsprechender Vegetation gelangen wir auf einen Feldweg (rot), der uns zur\u00fcck zur Schule f\u00fchrt. Dabei passieren wir linkerhand eine gro\u00dfe Hecke, in der viele Bruchsteine liegen. Dort wird auch der alte r\u00f6mische Brunnen vermutet, der zur ehemaligen &#8222;<a href=\"http:\/\/eschringen.de\/wordpress\/geschichte\/zeittafel\/die-roemer-in-eschringen\/\">villa rustica<\/a>&#8220; geh\u00f6rte. Die Wiesen und vor allem \u00c4cker sind im Fr\u00fchjahr (nach dem Pfl\u00fcgen) bis heute mit Bruchst\u00fccken r\u00f6mischer Flach- und Hohlziegel \u00fcbers\u00e4t.<br>Am Sportplatz vorbei gelangen wir dann wieder zu unserem Ausgangspunkt, der Grundschule.<\/p>\n\n\n\n<p><strong>L\u00e4nge:<\/strong> ca. 2, 5 km<br><strong>Dauer:<\/strong> 1 St.<br><strong>H\u00f6henlage:<\/strong> 270 &#8211; 300 m<br><strong>Bemerkung:<\/strong> festes Schuhwerk ist &#8211; je nach Witterung &#8211; sinnvoll, beim Querfeldeingehen.<\/p>\n","protected":false},"excerpt":{"rendered":"<p>Route 5 &#8211; Auf in die Dumpf Wir beginnen unseren Spaziergang vom ehemaligen Schulgeb\u00e4ude aus. Der Eingang befand sich \u00fcbrigens fr\u00fcher zur Talseite hin. Rechts gehen wir an einem kleinen Biotop die Bliesransbacher Stra\u00dfe (jetzt Andreas-Kremp-Stra\u00dfe) hinunter, passieren zuvor den wieder errichteten Willerbrunnen und biegen links, an einem etwas versteckt liegenden Wegekreuz vor dem Anwesen &#8230; <a title=\"Route 5\" class=\"read-more\" href=\"https:\/\/eschringen.de\/wordpress\/der-ort\/rundgaenge\/route-5\/\" aria-label=\"Mehr Informationen \u00fcber Route 5\">Weiterlesen &#8230;<\/a><\/p>\n","protected":false},"author":1,"featured_media":0,"parent":119,"menu_order":5,"comment_status":"closed","ping_status":"closed","template":"","meta":{"ngg_post_thumbnail":0,"footnotes":""},"class_list":["post-169","page","type-page","status-publish"],"yoast_head":"<!-- This site is optimized with the Yoast SEO plugin v27.4 - https:\/\/yoast.com\/product\/yoast-seo-wordpress\/ -->\n<title>Route 5 - Auf in die Dumpf - Rundg\u00e4nge Eschringen<\/title>\n<meta name=\"robots\" content=\"index, follow, max-snippet:-1, max-image-preview:large, max-video-preview:-1\" \/>\n<link rel=\"canonical\" href=\"https:\/\/eschringen.de\/wordpress\/der-ort\/rundgaenge\/route-5\/\" \/>\n<meta property=\"og:locale\" content=\"de_DE\" \/>\n<meta property=\"og:type\" content=\"article\" \/>\n<meta property=\"og:title\" content=\"Route 5 - Auf in die Dumpf - Rundg\u00e4nge Eschringen\" \/>\n<meta property=\"og:description\" content=\"Route 5 &#8211; Auf in die Dumpf Wir beginnen unseren Spaziergang vom ehemaligen Schulgeb\u00e4ude aus. Der Eingang befand sich \u00fcbrigens fr\u00fcher zur Talseite hin. Rechts gehen wir an einem kleinen Biotop die Bliesransbacher Stra\u00dfe (jetzt Andreas-Kremp-Stra\u00dfe) hinunter, passieren zuvor den wieder errichteten Willerbrunnen und biegen links, an einem etwas versteckt liegenden Wegekreuz vor dem Anwesen ... Weiterlesen ...\" \/>\n<meta property=\"og:url\" content=\"https:\/\/eschringen.de\/wordpress\/der-ort\/rundgaenge\/route-5\/\" \/>\n<meta property=\"og:site_name\" content=\"Eschringen\" \/>\n<meta property=\"article:modified_time\" content=\"2022-08-20T06:38:15+00:00\" \/>\n<meta property=\"og:image\" content=\"https:\/\/eschringen.de\/wordpress\/wp-content\/uploads\/2022\/08\/route5klein.jpg\" \/>\n<meta name=\"twitter:card\" content=\"summary_large_image\" \/>\n<meta name=\"twitter:label1\" content=\"Gesch\u00e4tzte Lesezeit\" \/>\n\t<meta name=\"twitter:data1\" content=\"4\u00a0Minuten\" \/>\n<script type=\"application\/ld+json\" class=\"yoast-schema-graph\">{\"@context\":\"https:\\\/\\\/schema.org\",\"@graph\":[{\"@type\":\"WebPage\",\"@id\":\"https:\\\/\\\/eschringen.de\\\/wordpress\\\/der-ort\\\/rundgaenge\\\/route-5\\\/\",\"url\":\"https:\\\/\\\/eschringen.de\\\/wordpress\\\/der-ort\\\/rundgaenge\\\/route-5\\\/\",\"name\":\"Route 5 - Auf in die Dumpf - Rundg\u00e4nge Eschringen\",\"isPartOf\":{\"@id\":\"https:\\\/\\\/eschringen.de\\\/wordpress\\\/#website\"},\"primaryImageOfPage\":{\"@id\":\"https:\\\/\\\/eschringen.de\\\/wordpress\\\/der-ort\\\/rundgaenge\\\/route-5\\\/#primaryimage\"},\"image\":{\"@id\":\"https:\\\/\\\/eschringen.de\\\/wordpress\\\/der-ort\\\/rundgaenge\\\/route-5\\\/#primaryimage\"},\"thumbnailUrl\":\"https:\\\/\\\/eschringen.de\\\/wordpress\\\/wp-content\\\/uploads\\\/2022\\\/08\\\/route5klein.jpg\",\"datePublished\":\"2017-02-02T13:04:06+00:00\",\"dateModified\":\"2022-08-20T06:38:15+00:00\",\"breadcrumb\":{\"@id\":\"https:\\\/\\\/eschringen.de\\\/wordpress\\\/der-ort\\\/rundgaenge\\\/route-5\\\/#breadcrumb\"},\"inLanguage\":\"de\",\"potentialAction\":[{\"@type\":\"ReadAction\",\"target\":[\"https:\\\/\\\/eschringen.de\\\/wordpress\\\/der-ort\\\/rundgaenge\\\/route-5\\\/\"]}]},{\"@type\":\"ImageObject\",\"inLanguage\":\"de\",\"@id\":\"https:\\\/\\\/eschringen.de\\\/wordpress\\\/der-ort\\\/rundgaenge\\\/route-5\\\/#primaryimage\",\"url\":\"https:\\\/\\\/i0.wp.com\\\/eschringen.de\\\/wordpress\\\/wp-content\\\/uploads\\\/2022\\\/08\\\/route5klein.jpg?fit=238%2C300&ssl=1\",\"contentUrl\":\"https:\\\/\\\/i0.wp.com\\\/eschringen.de\\\/wordpress\\\/wp-content\\\/uploads\\\/2022\\\/08\\\/route5klein.jpg?fit=238%2C300&ssl=1\",\"width\":238,\"height\":300},{\"@type\":\"BreadcrumbList\",\"@id\":\"https:\\\/\\\/eschringen.de\\\/wordpress\\\/der-ort\\\/rundgaenge\\\/route-5\\\/#breadcrumb\",\"itemListElement\":[{\"@type\":\"ListItem\",\"position\":1,\"name\":\"Startseite\",\"item\":\"https:\\\/\\\/eschringen.de\\\/wordpress\\\/\"},{\"@type\":\"ListItem\",\"position\":2,\"name\":\"Der Ort\",\"item\":\"https:\\\/\\\/eschringen.de\\\/wordpress\\\/der-ort\\\/\"},{\"@type\":\"ListItem\",\"position\":3,\"name\":\"Rundg\u00e4nge\",\"item\":\"https:\\\/\\\/eschringen.de\\\/wordpress\\\/der-ort\\\/rundgaenge\\\/\"},{\"@type\":\"ListItem\",\"position\":4,\"name\":\"Route 5\"}]},{\"@type\":\"WebSite\",\"@id\":\"https:\\\/\\\/eschringen.de\\\/wordpress\\\/#website\",\"url\":\"https:\\\/\\\/eschringen.de\\\/wordpress\\\/\",\"name\":\"Eschringen\",\"description\":\"\",\"publisher\":{\"@id\":\"https:\\\/\\\/eschringen.de\\\/wordpress\\\/#organization\"},\"potentialAction\":[{\"@type\":\"SearchAction\",\"target\":{\"@type\":\"EntryPoint\",\"urlTemplate\":\"https:\\\/\\\/eschringen.de\\\/wordpress\\\/?s={search_term_string}\"},\"query-input\":{\"@type\":\"PropertyValueSpecification\",\"valueRequired\":true,\"valueName\":\"search_term_string\"}}],\"inLanguage\":\"de\"},{\"@type\":\"Organization\",\"@id\":\"https:\\\/\\\/eschringen.de\\\/wordpress\\\/#organization\",\"name\":\"Eschringen\",\"url\":\"https:\\\/\\\/eschringen.de\\\/wordpress\\\/\",\"logo\":{\"@type\":\"ImageObject\",\"inLanguage\":\"de\",\"@id\":\"https:\\\/\\\/eschringen.de\\\/wordpress\\\/#\\\/schema\\\/logo\\\/image\\\/\",\"url\":\"https:\\\/\\\/eschringen.de\\\/wordpress\\\/wp-content\\\/uploads\\\/2017\\\/03\\\/2017_kw15.jpg\",\"contentUrl\":\"https:\\\/\\\/eschringen.de\\\/wordpress\\\/wp-content\\\/uploads\\\/2017\\\/03\\\/2017_kw15.jpg\",\"width\":784,\"height\":447,\"caption\":\"Eschringen\"},\"image\":{\"@id\":\"https:\\\/\\\/eschringen.de\\\/wordpress\\\/#\\\/schema\\\/logo\\\/image\\\/\"}}]}<\/script>\n<!-- \/ Yoast SEO plugin. -->","yoast_head_json":{"title":"Route 5 - Auf in die Dumpf - Rundg\u00e4nge Eschringen","robots":{"index":"index","follow":"follow","max-snippet":"max-snippet:-1","max-image-preview":"max-image-preview:large","max-video-preview":"max-video-preview:-1"},"canonical":"https:\/\/eschringen.de\/wordpress\/der-ort\/rundgaenge\/route-5\/","og_locale":"de_DE","og_type":"article","og_title":"Route 5 - Auf in die Dumpf - Rundg\u00e4nge Eschringen","og_description":"Route 5 &#8211; Auf in die Dumpf Wir beginnen unseren Spaziergang vom ehemaligen Schulgeb\u00e4ude aus. Der Eingang befand sich \u00fcbrigens fr\u00fcher zur Talseite hin. Rechts gehen wir an einem kleinen Biotop die Bliesransbacher Stra\u00dfe (jetzt Andreas-Kremp-Stra\u00dfe) hinunter, passieren zuvor den wieder errichteten Willerbrunnen und biegen links, an einem etwas versteckt liegenden Wegekreuz vor dem Anwesen ... Weiterlesen ...","og_url":"https:\/\/eschringen.de\/wordpress\/der-ort\/rundgaenge\/route-5\/","og_site_name":"Eschringen","article_modified_time":"2022-08-20T06:38:15+00:00","og_image":[{"url":"https:\/\/eschringen.de\/wordpress\/wp-content\/uploads\/2022\/08\/route5klein.jpg","type":"","width":"","height":""}],"twitter_card":"summary_large_image","twitter_misc":{"Gesch\u00e4tzte Lesezeit":"4\u00a0Minuten"},"schema":{"@context":"https:\/\/schema.org","@graph":[{"@type":"WebPage","@id":"https:\/\/eschringen.de\/wordpress\/der-ort\/rundgaenge\/route-5\/","url":"https:\/\/eschringen.de\/wordpress\/der-ort\/rundgaenge\/route-5\/","name":"Route 5 - Auf in die Dumpf - Rundg\u00e4nge Eschringen","isPartOf":{"@id":"https:\/\/eschringen.de\/wordpress\/#website"},"primaryImageOfPage":{"@id":"https:\/\/eschringen.de\/wordpress\/der-ort\/rundgaenge\/route-5\/#primaryimage"},"image":{"@id":"https:\/\/eschringen.de\/wordpress\/der-ort\/rundgaenge\/route-5\/#primaryimage"},"thumbnailUrl":"https:\/\/eschringen.de\/wordpress\/wp-content\/uploads\/2022\/08\/route5klein.jpg","datePublished":"2017-02-02T13:04:06+00:00","dateModified":"2022-08-20T06:38:15+00:00","breadcrumb":{"@id":"https:\/\/eschringen.de\/wordpress\/der-ort\/rundgaenge\/route-5\/#breadcrumb"},"inLanguage":"de","potentialAction":[{"@type":"ReadAction","target":["https:\/\/eschringen.de\/wordpress\/der-ort\/rundgaenge\/route-5\/"]}]},{"@type":"ImageObject","inLanguage":"de","@id":"https:\/\/eschringen.de\/wordpress\/der-ort\/rundgaenge\/route-5\/#primaryimage","url":"https:\/\/i0.wp.com\/eschringen.de\/wordpress\/wp-content\/uploads\/2022\/08\/route5klein.jpg?fit=238%2C300&ssl=1","contentUrl":"https:\/\/i0.wp.com\/eschringen.de\/wordpress\/wp-content\/uploads\/2022\/08\/route5klein.jpg?fit=238%2C300&ssl=1","width":238,"height":300},{"@type":"BreadcrumbList","@id":"https:\/\/eschringen.de\/wordpress\/der-ort\/rundgaenge\/route-5\/#breadcrumb","itemListElement":[{"@type":"ListItem","position":1,"name":"Startseite","item":"https:\/\/eschringen.de\/wordpress\/"},{"@type":"ListItem","position":2,"name":"Der Ort","item":"https:\/\/eschringen.de\/wordpress\/der-ort\/"},{"@type":"ListItem","position":3,"name":"Rundg\u00e4nge","item":"https:\/\/eschringen.de\/wordpress\/der-ort\/rundgaenge\/"},{"@type":"ListItem","position":4,"name":"Route 5"}]},{"@type":"WebSite","@id":"https:\/\/eschringen.de\/wordpress\/#website","url":"https:\/\/eschringen.de\/wordpress\/","name":"Eschringen","description":"","publisher":{"@id":"https:\/\/eschringen.de\/wordpress\/#organization"},"potentialAction":[{"@type":"SearchAction","target":{"@type":"EntryPoint","urlTemplate":"https:\/\/eschringen.de\/wordpress\/?s={search_term_string}"},"query-input":{"@type":"PropertyValueSpecification","valueRequired":true,"valueName":"search_term_string"}}],"inLanguage":"de"},{"@type":"Organization","@id":"https:\/\/eschringen.de\/wordpress\/#organization","name":"Eschringen","url":"https:\/\/eschringen.de\/wordpress\/","logo":{"@type":"ImageObject","inLanguage":"de","@id":"https:\/\/eschringen.de\/wordpress\/#\/schema\/logo\/image\/","url":"https:\/\/eschringen.de\/wordpress\/wp-content\/uploads\/2017\/03\/2017_kw15.jpg","contentUrl":"https:\/\/eschringen.de\/wordpress\/wp-content\/uploads\/2017\/03\/2017_kw15.jpg","width":784,"height":447,"caption":"Eschringen"},"image":{"@id":"https:\/\/eschringen.de\/wordpress\/#\/schema\/logo\/image\/"}}]}},"jetpack_sharing_enabled":true,"_links":{"self":[{"href":"https:\/\/eschringen.de\/wordpress\/wp-json\/wp\/v2\/pages\/169","targetHints":{"allow":["GET"]}}],"collection":[{"href":"https:\/\/eschringen.de\/wordpress\/wp-json\/wp\/v2\/pages"}],"about":[{"href":"https:\/\/eschringen.de\/wordpress\/wp-json\/wp\/v2\/types\/page"}],"author":[{"embeddable":true,"href":"https:\/\/eschringen.de\/wordpress\/wp-json\/wp\/v2\/users\/1"}],"replies":[{"embeddable":true,"href":"https:\/\/eschringen.de\/wordpress\/wp-json\/wp\/v2\/comments?post=169"}],"version-history":[{"count":5,"href":"https:\/\/eschringen.de\/wordpress\/wp-json\/wp\/v2\/pages\/169\/revisions"}],"predecessor-version":[{"id":3642,"href":"https:\/\/eschringen.de\/wordpress\/wp-json\/wp\/v2\/pages\/169\/revisions\/3642"}],"up":[{"embeddable":true,"href":"https:\/\/eschringen.de\/wordpress\/wp-json\/wp\/v2\/pages\/119"}],"wp:attachment":[{"href":"https:\/\/eschringen.de\/wordpress\/wp-json\/wp\/v2\/media?parent=169"}],"curies":[{"name":"wp","href":"https:\/\/api.w.org\/{rel}","templated":true}]}}