{"id":1658,"date":"2017-11-30T14:02:36","date_gmt":"2017-11-30T13:02:36","guid":{"rendered":"http:\/\/eschringen.de\/wordpress\/?page_id=1658"},"modified":"2017-11-30T14:02:36","modified_gmt":"2017-11-30T13:02:36","slug":"1-oktober-2017-einweihung-kunstrasenplatz-tus-eschringen-1910-e-v","status":"publish","type":"page","link":"https:\/\/eschringen.de\/wordpress\/geschichte\/archiv\/1-oktober-2017-einweihung-kunstrasenplatz-tus-eschringen-1910-e-v\/","title":{"rendered":"1. Oktober 2017: Einweihung Kunstrasenplatz TuS Eschringen 1910 e. V."},"content":{"rendered":"<p><span style=\"font-size: large;\">Nach vielen Anstrengungen und M\u00fchen ist es dem TuS Eschringen gelungen, das Projekt \u201eKunstrasenplatz\u201c erfolgreich umzusetzen. Bereits im Vorfeld der offiziellen Einweihung fanden erste Spiele der TuS-Mannschaften statt, und auch die Juniorenebene der Damen des 1. FC Saarbr\u00fccken nutzt den Platz f\u00fcr ihr Training. Es wurde sogar zwei Spiele der B-Juniorinnen der Bundesliga auf diesem ausge\u00adtragen, welches f\u00fcr einen re\u00adgen Zuschauerandrang sorgte. So herrscht ein reger Trainings-und Spielbetrieb, und der Platz ist abends zumeist hell beleuchtet.<\/span><\/p>\n<p><span style=\"font-size: large;\">Um dem Projekt einen angemessenen Rahmen zu ge\u00adben und ein Dankesch\u00f6n f\u00fcr alle aktiv Be\u00adteiligten zu sagen, wurde nun der neue Platz am Sonntag, den 01.10.2017, gemeinsam mit ei\u00adnigen geladenen G\u00e4sten, feier\u00adlich eingeweiht.<\/span><\/p>\n<p><span style=\"font-size: large;\">Die musikalische Umrahmung besorgte der Musikverein \u201eLyra\u201c mit seinem Dirigenten J\u00fcrgen Nisius. TuS-Vorsitzender Alfred Boes begr\u00fc\u00dfte die Anwesenden, darunter auch G\u00e4ste, vor allem aus der lokalen und regionalen Politik. Diese sprachen ihre Gru\u00dfworte, w\u00fcrdigten das Engagement des TuS f\u00fcr sein ambitioniertes Projekt: Peter Strobel, Saarbr\u00fccker Stadtrat und CDU-Landtagsabgeordneter, Bezirksb\u00fcrgermeister Daniel Bollig und Arno Schmitt, Vorsitzender der AG Eschringer Vereine.<\/span><\/p>\nngg_shortcode_0_placeholder\n<p><span style=\"font-size: large;\">Um die Mittagszeit nahmen dann die Pfar\u00adrer Stephan Me\u00dfner und Pfarrer Wolfgang Glitt gemeinsam die Segnung des Platzes vor. Mit dieser Zeremonie erbat man Gottes Segen f\u00fcr den Platz und den Spielbetrieb.<\/span><\/p>\n<p><span style=\"font-size: large;\">Der Platz soll ein Treffpunkt f\u00fcr Eschringer B\u00fcr\u00adger und B\u00fcrgerinnen und jene der Nachbargemeinden sein, in der Hoffnung, dass es dort freundschaftliche und faire Spiele geben wird. (ab\/rs)<\/span><\/p>\n","protected":false},"excerpt":{"rendered":"<p>Nach vielen Anstrengungen und M\u00fchen ist es dem TuS Eschringen gelungen, das Projekt \u201eKunstrasenplatz\u201c erfolgreich umzusetzen. Bereits im Vorfeld der offiziellen Einweihung fanden erste Spiele der TuS-Mannschaften statt, und auch die Juniorenebene der Damen des 1. FC Saarbr\u00fccken nutzt den Platz f\u00fcr ihr Training. Es wurde sogar zwei Spiele der B-Juniorinnen der Bundesliga auf diesem &#8230; <a title=\"1. Oktober 2017: Einweihung Kunstrasenplatz TuS Eschringen 1910 e. V.\" class=\"read-more\" href=\"https:\/\/eschringen.de\/wordpress\/geschichte\/archiv\/1-oktober-2017-einweihung-kunstrasenplatz-tus-eschringen-1910-e-v\/\" aria-label=\"Mehr Informationen \u00fcber 1. Oktober 2017: Einweihung Kunstrasenplatz TuS Eschringen 1910 e. V.\">Weiterlesen &#8230;<\/a><\/p>\n","protected":false},"author":1,"featured_media":0,"parent":403,"menu_order":0,"comment_status":"closed","ping_status":"closed","template":"","meta":{"ngg_post_thumbnail":0,"footnotes":""},"class_list":["post-1658","page","type-page","status-publish"],"yoast_head":"<!-- This site is optimized with the Yoast SEO plugin v27.4 - https:\/\/yoast.com\/product\/yoast-seo-wordpress\/ -->\n<title>1. Oktober 2017: Einweihung Kunstrasenplatz TuS Eschringen 1910 e. V. - Eschringen<\/title>\n<meta name=\"robots\" content=\"index, follow, max-snippet:-1, max-image-preview:large, max-video-preview:-1\" \/>\n<link rel=\"canonical\" href=\"https:\/\/eschringen.de\/wordpress\/geschichte\/archiv\/1-oktober-2017-einweihung-kunstrasenplatz-tus-eschringen-1910-e-v\/\" \/>\n<meta property=\"og:locale\" content=\"de_DE\" \/>\n<meta property=\"og:type\" content=\"article\" \/>\n<meta property=\"og:title\" content=\"1. Oktober 2017: Einweihung Kunstrasenplatz TuS Eschringen 1910 e. V. - Eschringen\" \/>\n<meta property=\"og:description\" content=\"Nach vielen Anstrengungen und M\u00fchen ist es dem TuS Eschringen gelungen, das Projekt \u201eKunstrasenplatz\u201c erfolgreich umzusetzen. Bereits im Vorfeld der offiziellen Einweihung fanden erste Spiele der TuS-Mannschaften statt, und auch die Juniorenebene der Damen des 1. FC Saarbr\u00fccken nutzt den Platz f\u00fcr ihr Training. Es wurde sogar zwei Spiele der B-Juniorinnen der Bundesliga auf diesem ... Weiterlesen ...\" \/>\n<meta property=\"og:url\" content=\"https:\/\/eschringen.de\/wordpress\/geschichte\/archiv\/1-oktober-2017-einweihung-kunstrasenplatz-tus-eschringen-1910-e-v\/\" \/>\n<meta property=\"og:site_name\" content=\"Eschringen\" \/>\n<meta name=\"twitter:card\" content=\"summary_large_image\" \/>\n<meta name=\"twitter:label1\" content=\"Gesch\u00e4tzte Lesezeit\" \/>\n\t<meta name=\"twitter:data1\" content=\"2\u00a0Minuten\" \/>\n<script type=\"application\/ld+json\" class=\"yoast-schema-graph\">{\"@context\":\"https:\\\/\\\/schema.org\",\"@graph\":[{\"@type\":\"WebPage\",\"@id\":\"https:\\\/\\\/eschringen.de\\\/wordpress\\\/geschichte\\\/archiv\\\/1-oktober-2017-einweihung-kunstrasenplatz-tus-eschringen-1910-e-v\\\/\",\"url\":\"https:\\\/\\\/eschringen.de\\\/wordpress\\\/geschichte\\\/archiv\\\/1-oktober-2017-einweihung-kunstrasenplatz-tus-eschringen-1910-e-v\\\/\",\"name\":\"1. Oktober 2017: Einweihung Kunstrasenplatz TuS Eschringen 1910 e. V. - Eschringen\",\"isPartOf\":{\"@id\":\"https:\\\/\\\/eschringen.de\\\/wordpress\\\/#website\"},\"datePublished\":\"2017-11-30T13:02:36+00:00\",\"breadcrumb\":{\"@id\":\"https:\\\/\\\/eschringen.de\\\/wordpress\\\/geschichte\\\/archiv\\\/1-oktober-2017-einweihung-kunstrasenplatz-tus-eschringen-1910-e-v\\\/#breadcrumb\"},\"inLanguage\":\"de\",\"potentialAction\":[{\"@type\":\"ReadAction\",\"target\":[\"https:\\\/\\\/eschringen.de\\\/wordpress\\\/geschichte\\\/archiv\\\/1-oktober-2017-einweihung-kunstrasenplatz-tus-eschringen-1910-e-v\\\/\"]}]},{\"@type\":\"BreadcrumbList\",\"@id\":\"https:\\\/\\\/eschringen.de\\\/wordpress\\\/geschichte\\\/archiv\\\/1-oktober-2017-einweihung-kunstrasenplatz-tus-eschringen-1910-e-v\\\/#breadcrumb\",\"itemListElement\":[{\"@type\":\"ListItem\",\"position\":1,\"name\":\"Startseite\",\"item\":\"https:\\\/\\\/eschringen.de\\\/wordpress\\\/\"},{\"@type\":\"ListItem\",\"position\":2,\"name\":\"Geschichte\",\"item\":\"https:\\\/\\\/eschringen.de\\\/wordpress\\\/geschichte\\\/\"},{\"@type\":\"ListItem\",\"position\":3,\"name\":\"Archiv\",\"item\":\"https:\\\/\\\/eschringen.de\\\/wordpress\\\/geschichte\\\/archiv\\\/\"},{\"@type\":\"ListItem\",\"position\":4,\"name\":\"1. Oktober 2017: Einweihung Kunstrasenplatz TuS Eschringen 1910 e. V.\"}]},{\"@type\":\"WebSite\",\"@id\":\"https:\\\/\\\/eschringen.de\\\/wordpress\\\/#website\",\"url\":\"https:\\\/\\\/eschringen.de\\\/wordpress\\\/\",\"name\":\"Eschringen\",\"description\":\"\",\"publisher\":{\"@id\":\"https:\\\/\\\/eschringen.de\\\/wordpress\\\/#organization\"},\"potentialAction\":[{\"@type\":\"SearchAction\",\"target\":{\"@type\":\"EntryPoint\",\"urlTemplate\":\"https:\\\/\\\/eschringen.de\\\/wordpress\\\/?s={search_term_string}\"},\"query-input\":{\"@type\":\"PropertyValueSpecification\",\"valueRequired\":true,\"valueName\":\"search_term_string\"}}],\"inLanguage\":\"de\"},{\"@type\":\"Organization\",\"@id\":\"https:\\\/\\\/eschringen.de\\\/wordpress\\\/#organization\",\"name\":\"Eschringen\",\"url\":\"https:\\\/\\\/eschringen.de\\\/wordpress\\\/\",\"logo\":{\"@type\":\"ImageObject\",\"inLanguage\":\"de\",\"@id\":\"https:\\\/\\\/eschringen.de\\\/wordpress\\\/#\\\/schema\\\/logo\\\/image\\\/\",\"url\":\"https:\\\/\\\/eschringen.de\\\/wordpress\\\/wp-content\\\/uploads\\\/2017\\\/03\\\/2017_kw15.jpg\",\"contentUrl\":\"https:\\\/\\\/eschringen.de\\\/wordpress\\\/wp-content\\\/uploads\\\/2017\\\/03\\\/2017_kw15.jpg\",\"width\":784,\"height\":447,\"caption\":\"Eschringen\"},\"image\":{\"@id\":\"https:\\\/\\\/eschringen.de\\\/wordpress\\\/#\\\/schema\\\/logo\\\/image\\\/\"}}]}<\/script>\n<!-- \/ Yoast SEO plugin. -->","yoast_head_json":{"title":"1. Oktober 2017: Einweihung Kunstrasenplatz TuS Eschringen 1910 e. V. - Eschringen","robots":{"index":"index","follow":"follow","max-snippet":"max-snippet:-1","max-image-preview":"max-image-preview:large","max-video-preview":"max-video-preview:-1"},"canonical":"https:\/\/eschringen.de\/wordpress\/geschichte\/archiv\/1-oktober-2017-einweihung-kunstrasenplatz-tus-eschringen-1910-e-v\/","og_locale":"de_DE","og_type":"article","og_title":"1. Oktober 2017: Einweihung Kunstrasenplatz TuS Eschringen 1910 e. V. - Eschringen","og_description":"Nach vielen Anstrengungen und M\u00fchen ist es dem TuS Eschringen gelungen, das Projekt \u201eKunstrasenplatz\u201c erfolgreich umzusetzen. Bereits im Vorfeld der offiziellen Einweihung fanden erste Spiele der TuS-Mannschaften statt, und auch die Juniorenebene der Damen des 1. FC Saarbr\u00fccken nutzt den Platz f\u00fcr ihr Training. Es wurde sogar zwei Spiele der B-Juniorinnen der Bundesliga auf diesem ... Weiterlesen ...","og_url":"https:\/\/eschringen.de\/wordpress\/geschichte\/archiv\/1-oktober-2017-einweihung-kunstrasenplatz-tus-eschringen-1910-e-v\/","og_site_name":"Eschringen","twitter_card":"summary_large_image","twitter_misc":{"Gesch\u00e4tzte Lesezeit":"2\u00a0Minuten"},"schema":{"@context":"https:\/\/schema.org","@graph":[{"@type":"WebPage","@id":"https:\/\/eschringen.de\/wordpress\/geschichte\/archiv\/1-oktober-2017-einweihung-kunstrasenplatz-tus-eschringen-1910-e-v\/","url":"https:\/\/eschringen.de\/wordpress\/geschichte\/archiv\/1-oktober-2017-einweihung-kunstrasenplatz-tus-eschringen-1910-e-v\/","name":"1. Oktober 2017: Einweihung Kunstrasenplatz TuS Eschringen 1910 e. V. - Eschringen","isPartOf":{"@id":"https:\/\/eschringen.de\/wordpress\/#website"},"datePublished":"2017-11-30T13:02:36+00:00","breadcrumb":{"@id":"https:\/\/eschringen.de\/wordpress\/geschichte\/archiv\/1-oktober-2017-einweihung-kunstrasenplatz-tus-eschringen-1910-e-v\/#breadcrumb"},"inLanguage":"de","potentialAction":[{"@type":"ReadAction","target":["https:\/\/eschringen.de\/wordpress\/geschichte\/archiv\/1-oktober-2017-einweihung-kunstrasenplatz-tus-eschringen-1910-e-v\/"]}]},{"@type":"BreadcrumbList","@id":"https:\/\/eschringen.de\/wordpress\/geschichte\/archiv\/1-oktober-2017-einweihung-kunstrasenplatz-tus-eschringen-1910-e-v\/#breadcrumb","itemListElement":[{"@type":"ListItem","position":1,"name":"Startseite","item":"https:\/\/eschringen.de\/wordpress\/"},{"@type":"ListItem","position":2,"name":"Geschichte","item":"https:\/\/eschringen.de\/wordpress\/geschichte\/"},{"@type":"ListItem","position":3,"name":"Archiv","item":"https:\/\/eschringen.de\/wordpress\/geschichte\/archiv\/"},{"@type":"ListItem","position":4,"name":"1. Oktober 2017: Einweihung Kunstrasenplatz TuS Eschringen 1910 e. V."}]},{"@type":"WebSite","@id":"https:\/\/eschringen.de\/wordpress\/#website","url":"https:\/\/eschringen.de\/wordpress\/","name":"Eschringen","description":"","publisher":{"@id":"https:\/\/eschringen.de\/wordpress\/#organization"},"potentialAction":[{"@type":"SearchAction","target":{"@type":"EntryPoint","urlTemplate":"https:\/\/eschringen.de\/wordpress\/?s={search_term_string}"},"query-input":{"@type":"PropertyValueSpecification","valueRequired":true,"valueName":"search_term_string"}}],"inLanguage":"de"},{"@type":"Organization","@id":"https:\/\/eschringen.de\/wordpress\/#organization","name":"Eschringen","url":"https:\/\/eschringen.de\/wordpress\/","logo":{"@type":"ImageObject","inLanguage":"de","@id":"https:\/\/eschringen.de\/wordpress\/#\/schema\/logo\/image\/","url":"https:\/\/eschringen.de\/wordpress\/wp-content\/uploads\/2017\/03\/2017_kw15.jpg","contentUrl":"https:\/\/eschringen.de\/wordpress\/wp-content\/uploads\/2017\/03\/2017_kw15.jpg","width":784,"height":447,"caption":"Eschringen"},"image":{"@id":"https:\/\/eschringen.de\/wordpress\/#\/schema\/logo\/image\/"}}]}},"jetpack_sharing_enabled":true,"_links":{"self":[{"href":"https:\/\/eschringen.de\/wordpress\/wp-json\/wp\/v2\/pages\/1658","targetHints":{"allow":["GET"]}}],"collection":[{"href":"https:\/\/eschringen.de\/wordpress\/wp-json\/wp\/v2\/pages"}],"about":[{"href":"https:\/\/eschringen.de\/wordpress\/wp-json\/wp\/v2\/types\/page"}],"author":[{"embeddable":true,"href":"https:\/\/eschringen.de\/wordpress\/wp-json\/wp\/v2\/users\/1"}],"replies":[{"embeddable":true,"href":"https:\/\/eschringen.de\/wordpress\/wp-json\/wp\/v2\/comments?post=1658"}],"version-history":[{"count":1,"href":"https:\/\/eschringen.de\/wordpress\/wp-json\/wp\/v2\/pages\/1658\/revisions"}],"predecessor-version":[{"id":1659,"href":"https:\/\/eschringen.de\/wordpress\/wp-json\/wp\/v2\/pages\/1658\/revisions\/1659"}],"up":[{"embeddable":true,"href":"https:\/\/eschringen.de\/wordpress\/wp-json\/wp\/v2\/pages\/403"}],"wp:attachment":[{"href":"https:\/\/eschringen.de\/wordpress\/wp-json\/wp\/v2\/media?parent=1658"}],"curies":[{"name":"wp","href":"https:\/\/api.w.org\/{rel}","templated":true}]}}