{"id":156,"date":"2017-02-02T13:39:31","date_gmt":"2017-02-02T12:39:31","guid":{"rendered":"http:\/\/eschringen.de\/wordpress\/?page_id=156"},"modified":"2022-08-30T08:58:20","modified_gmt":"2022-08-30T06:58:20","slug":"route-7","status":"publish","type":"page","link":"https:\/\/eschringen.de\/wordpress\/der-ort\/rundgaenge\/route-7\/","title":{"rendered":"Route 7"},"content":{"rendered":"\n<p><strong>Route 7 &#8211; <span style=\"color: #0000ff;\">&#8222;Der Eschringer Grenzsteinlehrpfad&#8220;<\/span><\/strong><\/p>\n\n\n\n<p>Der Eschringer Grenzsteinlehrpfad will \u201evor Ort\u201c \u00fcber die ehemaligen Herrschaftsverh\u00e4ltnisse und den Verlauf alter bzw. noch g\u00fcltiger Grenzen informieren. Entlang des Lehrpfades sind an B\u00e4umen kleine Hinweisschilder zum jeweiligen Standort der oft versteckten Grenzsteine angebracht. Wenn Sie sich nun f\u00fcr diesen Grenzsteinweg entscheiden, sollten Sie \u00fcber gutes, der Witterung entsprechend wasserabweisendes Schuhwerk verf\u00fcgen. Durch massiven Pferdeberitt sind einige Feuchtstellen unter Umst\u00e4nden ausgetrampelt.<\/p>\n\n\n\n<p>Ausgangspunkt dieser Wanderung ist das Wegedreieck am B\u00e4rentrisch-Brunnen, wo die Gr\u00e4finthaler Stra\u00dfe in den Gr\u00e4finthaler Weg m\u00fcndet. Wie der Name vermuten l\u00e4sst, f\u00fchrt dieser alte Wallfahrtsweg (jetzt Teilstrecke des Saarland-Rundwanderweg\/Bliesgauschleife mit dem Zeichen rot-wei\u00df) zum Kloster Gr\u00e4finthal. Am alten Wasserbeh\u00e4lter (von 1922) vorbei marschieren wir die H\u00f6he hinauf; die Wiesen hier am Fu\u00dfe des \u00dcberwalds trugen einst den merkw\u00fcrdigen Flurnamen &#8222;Am toten Hund&#8220;. Am Waldrand m\u00fcndet nun ein etwa 600 m langer Parallelweg linkerhand ein, der Sie am Ende wieder auf den urspr\u00fcnglichen Wanderweg (gr\u00fcn) f\u00fchren wird.<\/p>\n\n\n\n<iframe loading=\"lazy\" src=\"https:\/\/www.google.com\/maps\/d\/embed?mid=1lA0_62_VJjcqvtIjHYCs7CHCGLXVqeTE\" width=\"800\" height=\"600\"><\/iframe>\n\n\n\n<p>Entlang diesem, in den 1970er Jahren angelegten Weg, verl\u00e4uft eine alte Grenze, die heute noch G\u00fcltigkeit hat und seit der Gebietsreform von 1974 den Stadtverband Saarbr\u00fccken vom Saarpfalz-Kreis trennt. \u00dcber viele Jahrhunderte hinweg schied diese Grenze die B\u00e4nne von Eschringen und Ormesheim, und da beide D\u00f6rfer unterschiedlichen Herrschaften geh\u00f6rten, verlief hier auch lange Zeit eine Territorialgrenze. Vom Sp\u00e4tmittelalter an hatte Eschringen den Status eines Vierherrendorfes (Deutscher Orden, Grafschaft Nassau-Saarbr\u00fccken, Blieskastel\/von der Leyen, Kloster Gr\u00e4finthal), wogegen Ormesheim zuerst &#8222;nur&#8220; Bestandteil des kurtrierischen Amtes Blieskastel war, dann aber im Jahre 1660 von den Herren von der Leyen durch Kauf erworben wurde.<\/p>\n\n\n<div class=\"wp-block-image\">\n<figure class=\"alignleft size-full\"><img data-recalc-dims=\"1\" loading=\"lazy\" decoding=\"async\" width=\"235\" height=\"300\" src=\"https:\/\/i0.wp.com\/eschringen.de\/wordpress\/wp-content\/uploads\/2022\/08\/GrenzsteinIll-1.jpg?resize=235%2C300&#038;ssl=1\" alt=\"\" class=\"wp-image-3580\"\/><figcaption>Der Grenzstein Nr. 55<\/figcaption><\/figure>\n<\/div>\n\n\n<p>An besagter Ecke wurde in den Jahren 2002-2003 ein <a href=\"http:\/\/eschringen.de\/wordpress\/geschichte\/archiv\/23-05-03-einweihung-des-eschringer-grenzsteinlehrpfades\/\">Grenzsteinportal<\/a> erstellt, das den Eschringer Grenzsteinlehrpfad er\u00f6ffnet. Genau am Eckpunkt unseres Grenz(stein)wegs steht ein besch\u00e4digter Stein aus dem Jahre <strong>1768<\/strong> mit der Nr. <strong>55<\/strong> (sowie einer weiteren, j\u00fcngeren Zahl: <strong>28<\/strong>), der abgebrochen war und im April 2003 wieder aufgesetzt wurde.<\/p>\n\n\n\n<p>Im gegen\u00fcberliegenden, im Sommer 2002 errichteten Monument sind zwei sog. \u201dtranslozierte\u201d Grenzsteine, die nicht mehr an ihren urspr\u00fcnglichen Standorten stehen, mit Natursteinen aufgemauert. Beide standen einst auf Ackerfl\u00e4chen, wurden vermutlich von Traktoren umgefahren und brachen entzwei. Der eine Bannstein aus grauem Sandstein stammt aus dem Jahre 1791 und grenzte das Vierherrendorf Eschringen (<strong>E<\/strong>) vom zum Kloster Wadgassen (<strong>W<\/strong>) geh\u00f6rigen Nachbardorf Ensheim (<strong>E<\/strong>) ab. Die laufende Nummer <strong>11<\/strong> ist schon stark verwittert. Von der Jahreszahl ist nur noch die <strong>79<\/strong> erkennbar; die Einsen links und rechts sind abgeschlagen. Der andere Grenzstein aus rotem Sandstein wurde <strong>1892<\/strong> gesetzt und trennte nicht nur die B\u00e4nne der D\u00f6rfer Eschringen und Fechingen, sondern auch die K\u00f6nigreiche Bayern (<strong>KB<\/strong>) und Preu\u00dfen (<strong>KP<\/strong>) voneinander.<\/p>\n\n\n<div class=\"wp-block-image\">\n<figure class=\"alignright size-full\"><img data-recalc-dims=\"1\" loading=\"lazy\" decoding=\"async\" width=\"395\" height=\"256\" src=\"https:\/\/i0.wp.com\/eschringen.de\/wordpress\/wp-content\/uploads\/2022\/08\/grenzport.jpg?resize=395%2C256&#038;ssl=1\" alt=\"\" class=\"wp-image-3577\" srcset=\"https:\/\/i0.wp.com\/eschringen.de\/wordpress\/wp-content\/uploads\/2022\/08\/grenzport.jpg?w=395&amp;ssl=1 395w, https:\/\/i0.wp.com\/eschringen.de\/wordpress\/wp-content\/uploads\/2022\/08\/grenzport.jpg?resize=300%2C194&amp;ssl=1 300w\" sizes=\"auto, (max-width: 395px) 100vw, 395px\" \/><figcaption>Das Grenzportal am \u00dcberwald<\/figcaption><\/figure>\n<\/div>\n\n\n<p>Die bayerisch-preu\u00dfische Landesgrenze existierte von 1816 bis 1918 (bzw. 1935). Wenn Sie dem Grenzsteinweg nun ins &#8222;Ponsheimer Gel\u00f6ch&#8220; folgen, k\u00f6nnen Sie mehrere, sehr unterschiedliche Grenzsteintypen entdecken: Wappengrenzsteine, einfache Eckgrenzsteine und sog. &#8222;L\u00e4ufer&#8220;, die auf gerader Linie gesetzt wurden, Steine ganz ohne Ziffern und Zeichen, Steine mit glattem und runden &#8222;Kopf&#8220; und leider auch besch\u00e4digte Grenzsteine, bei denen Initialen, Hoheitszeichen und Ziffern nur bedingt noch zu erkennen sind. Die verschiedenen Nummerierungen sind unterschiedlich alt und gegenl\u00e4ufig: Die aufsteigende (50er Reihe) bezieht sich auf die gro\u00dfangelegte Grenzsteinsetzung von <strong>1768<\/strong>.<\/p>\n\n\n<div class=\"wp-block-image\">\n<figure class=\"alignleft size-full\"><img data-recalc-dims=\"1\" loading=\"lazy\" decoding=\"async\" width=\"395\" height=\"237\" src=\"https:\/\/i0.wp.com\/eschringen.de\/wordpress\/wp-content\/uploads\/2022\/08\/grenzkarte-1.jpg?resize=395%2C237&#038;ssl=1\" alt=\"\" class=\"wp-image-3576\" srcset=\"https:\/\/i0.wp.com\/eschringen.de\/wordpress\/wp-content\/uploads\/2022\/08\/grenzkarte-1.jpg?w=395&amp;ssl=1 395w, https:\/\/i0.wp.com\/eschringen.de\/wordpress\/wp-content\/uploads\/2022\/08\/grenzkarte-1.jpg?resize=300%2C180&amp;ssl=1 300w\" sizes=\"auto, (max-width: 395px) 100vw, 395px\" \/><figcaption>Grenzkarte 1768<\/figcaption><\/figure>\n<\/div>\n\n\n<p>Immer wieder gab es an dieser Grenze Streit und Zwischenf\u00e4lle. Wohl auch aus diesem Grunde wurde dann eben im Jahre <strong>1768<\/strong> die Hoheitsgrenze zwischen der F\u00fcrstlich Nassauischen Grafschaft Saarbr\u00fccken und der Gr\u00e4flich Leyischen Herrschaft Blieskastel neu ausgesteint. Leider existieren keine Vorg\u00e4ngersteine mehr. Die Mehrzahl der Grenzsteine wurde nunmehr in diesem Jahr gesetzt (siehe Ausschnitt des geometrischen Plans, erstellt durch die Feldmesser Knoerzer und Voydeville).<\/p>\n\n\n<div class=\"wp-block-image\">\n<figure class=\"alignright size-full\"><img data-recalc-dims=\"1\" loading=\"lazy\" decoding=\"async\" width=\"287\" height=\"447\" src=\"https:\/\/i0.wp.com\/eschringen.de\/wordpress\/wp-content\/uploads\/2022\/08\/grenzrund.jpg?resize=287%2C447&#038;ssl=1\" alt=\"\" class=\"wp-image-3578\" srcset=\"https:\/\/i0.wp.com\/eschringen.de\/wordpress\/wp-content\/uploads\/2022\/08\/grenzrund.jpg?w=287&amp;ssl=1 287w, https:\/\/i0.wp.com\/eschringen.de\/wordpress\/wp-content\/uploads\/2022\/08\/grenzrund.jpg?resize=193%2C300&amp;ssl=1 193w\" sizes=\"auto, (max-width: 287px) 100vw, 287px\" \/><figcaption>Der Grenzstein Nr. 68<\/figcaption><\/figure>\n<\/div>\n\n\n<p>Unweit der Stelle, an der der leicht ansteigende Waldweg wieder auf den Gr\u00e4finthaler Weg trifft, befindet sich direkt an einem Stacheldrahtzaun ein imposanter Sandstein mit abgerundetem Kopf. Er stammt auch aus der Serie von <strong>1768<\/strong>; wir erkennen die hierf\u00fcr \u00fcblichen Zeichen <strong>OR<\/strong> f\u00fcr Ormesheim und <strong>ES<\/strong> f\u00fcr Eschringen sowie das Leyen&#8217;sche Wappen und die Nassau-Saarbr\u00fcckische &#8222;Wolfsangel&#8220; (ein altes Forstzeichen, das h\u00e4ufig als hoheitliches Grenzzeichen, z. B. auch im Herzogtum Pfalz-Zweibr\u00fccken, Verwendung fand). Neben der Originalnummerierung <strong>58<\/strong> ist auch f\u00fcr die gegenl\u00e4ufige Z\u00e4hlung die erwartete <strong>34<\/strong> zu lesen. Rund 100 m weiter, linkerhand des Gr\u00e4finthaler Weges, schaut der Kopf eines offenbar eingesunkenen Zwischengrenzsteines heraus. Dieser L\u00e4ufer tr\u00e4gt lediglich als Nummerierung eine <strong>33<\/strong>.<\/p>\n\n\n\n<p>Unser Grenzsteinlehrpfad endet hinter der Schranke, wo sich nunmehr der im Oktober 1999 neugesetzte, restaurierte <a href=\"http:\/\/eschringen.de\/wordpress\/geschichte\/archiv\/21-22-10-99-restaurierter-grenzstein-feierlich-neu-gesetzt\/\">Dreib\u00e4nner<\/a> (mit der Nummer <strong>59<\/strong>) an seinem angestammten Standort befindet. H\u00f6chstwahrscheinlich war er im M\u00e4rz 1945 von amerikanischen Panzern um- bzw. angefahren geworden.<\/p>\n\n\n\n<figure class=\"wp-block-image size-large\"><a href=\"https:\/\/i0.wp.com\/eschringen.de\/wordpress\/wp-content\/uploads\/2022\/08\/Grenz_59.jpg?ssl=1\"><img data-recalc-dims=\"1\" loading=\"lazy\" decoding=\"async\" width=\"1024\" height=\"494\" src=\"https:\/\/i0.wp.com\/eschringen.de\/wordpress\/wp-content\/uploads\/2022\/08\/Grenz_59.jpg?resize=1024%2C494&#038;ssl=1\" alt=\"\" class=\"wp-image-3810\" srcset=\"https:\/\/i0.wp.com\/eschringen.de\/wordpress\/wp-content\/uploads\/2022\/08\/Grenz_59.jpg?resize=1024%2C494&amp;ssl=1 1024w, https:\/\/i0.wp.com\/eschringen.de\/wordpress\/wp-content\/uploads\/2022\/08\/Grenz_59.jpg?resize=300%2C145&amp;ssl=1 300w, https:\/\/i0.wp.com\/eschringen.de\/wordpress\/wp-content\/uploads\/2022\/08\/Grenz_59.jpg?resize=768%2C370&amp;ssl=1 768w, https:\/\/i0.wp.com\/eschringen.de\/wordpress\/wp-content\/uploads\/2022\/08\/Grenz_59.jpg?resize=1536%2C741&amp;ssl=1 1536w, https:\/\/i0.wp.com\/eschringen.de\/wordpress\/wp-content\/uploads\/2022\/08\/Grenz_59.jpg?resize=2048%2C987&amp;ssl=1 2048w\" sizes=\"auto, (max-width: 1024px) 100vw, 1024px\" \/><\/a><figcaption>Grenzstein 59 &#8211; August 2022<\/figcaption><\/figure>\n\n\n\n<p>Das Kopfst\u00fcck brach ab und fiel eine kleine B\u00f6schung hinunter. Viele Jahre nun galt der (etwa sechs Zentner schwere) Dreib\u00e4nner, auch &#8222;Ehrenstange&#8220; genannt, bis zur Wiederentdeckung 1996, als verschollen. Der Standort des Steines am Bliesransbacher Flurst\u00fcck \u201eAm Zollstock\u201c l\u00e4sst vermuten, dass sich hier, auf diesem alten Kulturweg, einst auch eine kleine Zollstation befand. Keine 50 m weiter westlich befindet sich \u00fcbrigens am Waldsaum (nach Bliesransbach hin) ein bayerisch-preu\u00dfischer Grenzstein aus dem Jahre <strong>1905<\/strong>.<\/p>\n\n\n<div class=\"wp-block-image\">\n<figure class=\"alignleft size-full\"><img data-recalc-dims=\"1\" loading=\"lazy\" decoding=\"async\" width=\"382\" height=\"321\" src=\"https:\/\/i0.wp.com\/eschringen.de\/wordpress\/wp-content\/uploads\/2022\/08\/grenzdrei.jpg?resize=382%2C321&#038;ssl=1\" alt=\"\" class=\"wp-image-3575\" srcset=\"https:\/\/i0.wp.com\/eschringen.de\/wordpress\/wp-content\/uploads\/2022\/08\/grenzdrei.jpg?w=382&amp;ssl=1 382w, https:\/\/i0.wp.com\/eschringen.de\/wordpress\/wp-content\/uploads\/2022\/08\/grenzdrei.jpg?resize=300%2C252&amp;ssl=1 300w\" sizes=\"auto, (max-width: 382px) 100vw, 382px\" \/><figcaption>Auf der Ruhebank am Dreib\u00e4nner<\/figcaption><\/figure>\n<\/div>\n\n\n<p>Nach einer Pause auf der Ruhebank mit Blick nach Ensheim, auf den Flughafen und das Saarbachtal gehen wir wieder zur\u00fcck, dieses Mal auf dem eigentlichen Gr\u00e4finthaler Weg durch den \u00dcberwald.<\/p>\n\n\n\n<p><strong>L\u00e4nge<\/strong>: ca. 3 km<br><strong>Dauer<\/strong>: ca. 1 Stunde<br><strong>H\u00f6henlage<\/strong>: 240 &#8211; 350 m<\/p>\n\n\n\n<p><span style=\"color: #ff0000;\"><strong>NEU! &#8211; GPS-Daten:<\/strong><\/span>&nbsp;<a href=\"http:\/\/www.eschringen.de\/wordpress\/wp-content\/GPS\/Route_7.gpx\">Route 7<\/a><\/p>\n\n\n\n<p><strong>Literaturhinweise:<\/strong> <a href=\"http:\/\/eschringen.de\/wordpress\/geschichte\/eschringer-hefte\/\">Der Eschringer Grenzsteinlehrpfad<\/a> \/ Roland Schmitt. Saarbr\u00fccken-Eschringen, 2003.<\/p>\n","protected":false},"excerpt":{"rendered":"<p>Route 7 &#8211; &#8222;Der Eschringer Grenzsteinlehrpfad&#8220; Der Eschringer Grenzsteinlehrpfad will \u201evor Ort\u201c \u00fcber die ehemaligen Herrschaftsverh\u00e4ltnisse und den Verlauf alter bzw. noch g\u00fcltiger Grenzen informieren. Entlang des Lehrpfades sind an B\u00e4umen kleine Hinweisschilder zum jeweiligen Standort der oft versteckten Grenzsteine angebracht. Wenn Sie sich nun f\u00fcr diesen Grenzsteinweg entscheiden, sollten Sie \u00fcber gutes, der Witterung &#8230; <a title=\"Route 7\" class=\"read-more\" href=\"https:\/\/eschringen.de\/wordpress\/der-ort\/rundgaenge\/route-7\/\" aria-label=\"Mehr Informationen \u00fcber Route 7\">Weiterlesen &#8230;<\/a><\/p>\n","protected":false},"author":1,"featured_media":0,"parent":119,"menu_order":7,"comment_status":"closed","ping_status":"closed","template":"","meta":{"ngg_post_thumbnail":0,"footnotes":""},"class_list":["post-156","page","type-page","status-publish"],"yoast_head":"<!-- This site is optimized with the Yoast SEO plugin v27.4 - https:\/\/yoast.com\/product\/yoast-seo-wordpress\/ -->\n<title>Route 7 - &quot;Der Eschringer Grenzsteinlehrpfad&quot; - Rundg\u00e4nge Eschringen<\/title>\n<meta name=\"robots\" content=\"index, follow, max-snippet:-1, max-image-preview:large, max-video-preview:-1\" \/>\n<link rel=\"canonical\" href=\"https:\/\/eschringen.de\/wordpress\/der-ort\/rundgaenge\/route-7\/\" \/>\n<meta property=\"og:locale\" content=\"de_DE\" \/>\n<meta property=\"og:type\" content=\"article\" \/>\n<meta property=\"og:title\" content=\"Route 7 - &quot;Der Eschringer Grenzsteinlehrpfad&quot; - Rundg\u00e4nge Eschringen\" \/>\n<meta property=\"og:description\" content=\"Route 7 &#8211; &#8222;Der Eschringer Grenzsteinlehrpfad&#8220; Der Eschringer Grenzsteinlehrpfad will \u201evor Ort\u201c \u00fcber die ehemaligen Herrschaftsverh\u00e4ltnisse und den Verlauf alter bzw. noch g\u00fcltiger Grenzen informieren. Entlang des Lehrpfades sind an B\u00e4umen kleine Hinweisschilder zum jeweiligen Standort der oft versteckten Grenzsteine angebracht. Wenn Sie sich nun f\u00fcr diesen Grenzsteinweg entscheiden, sollten Sie \u00fcber gutes, der Witterung ... Weiterlesen ...\" \/>\n<meta property=\"og:url\" content=\"https:\/\/eschringen.de\/wordpress\/der-ort\/rundgaenge\/route-7\/\" \/>\n<meta property=\"og:site_name\" content=\"Eschringen\" \/>\n<meta property=\"article:modified_time\" content=\"2022-08-30T06:58:20+00:00\" \/>\n<meta property=\"og:image\" content=\"https:\/\/eschringen.de\/wordpress\/wp-content\/uploads\/2022\/08\/GrenzsteinIll-1.jpg\" \/>\n<meta name=\"twitter:card\" content=\"summary_large_image\" \/>\n<meta name=\"twitter:label1\" content=\"Gesch\u00e4tzte Lesezeit\" \/>\n\t<meta name=\"twitter:data1\" content=\"7\u00a0Minuten\" \/>\n<script type=\"application\/ld+json\" class=\"yoast-schema-graph\">{\"@context\":\"https:\\\/\\\/schema.org\",\"@graph\":[{\"@type\":\"WebPage\",\"@id\":\"https:\\\/\\\/eschringen.de\\\/wordpress\\\/der-ort\\\/rundgaenge\\\/route-7\\\/\",\"url\":\"https:\\\/\\\/eschringen.de\\\/wordpress\\\/der-ort\\\/rundgaenge\\\/route-7\\\/\",\"name\":\"Route 7 - \\\"Der Eschringer Grenzsteinlehrpfad\\\" - Rundg\u00e4nge Eschringen\",\"isPartOf\":{\"@id\":\"https:\\\/\\\/eschringen.de\\\/wordpress\\\/#website\"},\"primaryImageOfPage\":{\"@id\":\"https:\\\/\\\/eschringen.de\\\/wordpress\\\/der-ort\\\/rundgaenge\\\/route-7\\\/#primaryimage\"},\"image\":{\"@id\":\"https:\\\/\\\/eschringen.de\\\/wordpress\\\/der-ort\\\/rundgaenge\\\/route-7\\\/#primaryimage\"},\"thumbnailUrl\":\"https:\\\/\\\/eschringen.de\\\/wordpress\\\/wp-content\\\/uploads\\\/2022\\\/08\\\/GrenzsteinIll-1.jpg\",\"datePublished\":\"2017-02-02T12:39:31+00:00\",\"dateModified\":\"2022-08-30T06:58:20+00:00\",\"breadcrumb\":{\"@id\":\"https:\\\/\\\/eschringen.de\\\/wordpress\\\/der-ort\\\/rundgaenge\\\/route-7\\\/#breadcrumb\"},\"inLanguage\":\"de\",\"potentialAction\":[{\"@type\":\"ReadAction\",\"target\":[\"https:\\\/\\\/eschringen.de\\\/wordpress\\\/der-ort\\\/rundgaenge\\\/route-7\\\/\"]}]},{\"@type\":\"ImageObject\",\"inLanguage\":\"de\",\"@id\":\"https:\\\/\\\/eschringen.de\\\/wordpress\\\/der-ort\\\/rundgaenge\\\/route-7\\\/#primaryimage\",\"url\":\"https:\\\/\\\/i0.wp.com\\\/eschringen.de\\\/wordpress\\\/wp-content\\\/uploads\\\/2022\\\/08\\\/GrenzsteinIll-1.jpg?fit=235%2C300&ssl=1\",\"contentUrl\":\"https:\\\/\\\/i0.wp.com\\\/eschringen.de\\\/wordpress\\\/wp-content\\\/uploads\\\/2022\\\/08\\\/GrenzsteinIll-1.jpg?fit=235%2C300&ssl=1\",\"width\":235,\"height\":300},{\"@type\":\"BreadcrumbList\",\"@id\":\"https:\\\/\\\/eschringen.de\\\/wordpress\\\/der-ort\\\/rundgaenge\\\/route-7\\\/#breadcrumb\",\"itemListElement\":[{\"@type\":\"ListItem\",\"position\":1,\"name\":\"Startseite\",\"item\":\"https:\\\/\\\/eschringen.de\\\/wordpress\\\/\"},{\"@type\":\"ListItem\",\"position\":2,\"name\":\"Der Ort\",\"item\":\"https:\\\/\\\/eschringen.de\\\/wordpress\\\/der-ort\\\/\"},{\"@type\":\"ListItem\",\"position\":3,\"name\":\"Rundg\u00e4nge\",\"item\":\"https:\\\/\\\/eschringen.de\\\/wordpress\\\/der-ort\\\/rundgaenge\\\/\"},{\"@type\":\"ListItem\",\"position\":4,\"name\":\"Route 7\"}]},{\"@type\":\"WebSite\",\"@id\":\"https:\\\/\\\/eschringen.de\\\/wordpress\\\/#website\",\"url\":\"https:\\\/\\\/eschringen.de\\\/wordpress\\\/\",\"name\":\"Eschringen\",\"description\":\"\",\"publisher\":{\"@id\":\"https:\\\/\\\/eschringen.de\\\/wordpress\\\/#organization\"},\"potentialAction\":[{\"@type\":\"SearchAction\",\"target\":{\"@type\":\"EntryPoint\",\"urlTemplate\":\"https:\\\/\\\/eschringen.de\\\/wordpress\\\/?s={search_term_string}\"},\"query-input\":{\"@type\":\"PropertyValueSpecification\",\"valueRequired\":true,\"valueName\":\"search_term_string\"}}],\"inLanguage\":\"de\"},{\"@type\":\"Organization\",\"@id\":\"https:\\\/\\\/eschringen.de\\\/wordpress\\\/#organization\",\"name\":\"Eschringen\",\"url\":\"https:\\\/\\\/eschringen.de\\\/wordpress\\\/\",\"logo\":{\"@type\":\"ImageObject\",\"inLanguage\":\"de\",\"@id\":\"https:\\\/\\\/eschringen.de\\\/wordpress\\\/#\\\/schema\\\/logo\\\/image\\\/\",\"url\":\"https:\\\/\\\/eschringen.de\\\/wordpress\\\/wp-content\\\/uploads\\\/2017\\\/03\\\/2017_kw15.jpg\",\"contentUrl\":\"https:\\\/\\\/eschringen.de\\\/wordpress\\\/wp-content\\\/uploads\\\/2017\\\/03\\\/2017_kw15.jpg\",\"width\":784,\"height\":447,\"caption\":\"Eschringen\"},\"image\":{\"@id\":\"https:\\\/\\\/eschringen.de\\\/wordpress\\\/#\\\/schema\\\/logo\\\/image\\\/\"}}]}<\/script>\n<!-- \/ Yoast SEO plugin. -->","yoast_head_json":{"title":"Route 7 - \"Der Eschringer Grenzsteinlehrpfad\" - Rundg\u00e4nge Eschringen","robots":{"index":"index","follow":"follow","max-snippet":"max-snippet:-1","max-image-preview":"max-image-preview:large","max-video-preview":"max-video-preview:-1"},"canonical":"https:\/\/eschringen.de\/wordpress\/der-ort\/rundgaenge\/route-7\/","og_locale":"de_DE","og_type":"article","og_title":"Route 7 - \"Der Eschringer Grenzsteinlehrpfad\" - Rundg\u00e4nge Eschringen","og_description":"Route 7 &#8211; &#8222;Der Eschringer Grenzsteinlehrpfad&#8220; Der Eschringer Grenzsteinlehrpfad will \u201evor Ort\u201c \u00fcber die ehemaligen Herrschaftsverh\u00e4ltnisse und den Verlauf alter bzw. noch g\u00fcltiger Grenzen informieren. Entlang des Lehrpfades sind an B\u00e4umen kleine Hinweisschilder zum jeweiligen Standort der oft versteckten Grenzsteine angebracht. Wenn Sie sich nun f\u00fcr diesen Grenzsteinweg entscheiden, sollten Sie \u00fcber gutes, der Witterung ... Weiterlesen ...","og_url":"https:\/\/eschringen.de\/wordpress\/der-ort\/rundgaenge\/route-7\/","og_site_name":"Eschringen","article_modified_time":"2022-08-30T06:58:20+00:00","og_image":[{"url":"https:\/\/eschringen.de\/wordpress\/wp-content\/uploads\/2022\/08\/GrenzsteinIll-1.jpg","type":"","width":"","height":""}],"twitter_card":"summary_large_image","twitter_misc":{"Gesch\u00e4tzte Lesezeit":"7\u00a0Minuten"},"schema":{"@context":"https:\/\/schema.org","@graph":[{"@type":"WebPage","@id":"https:\/\/eschringen.de\/wordpress\/der-ort\/rundgaenge\/route-7\/","url":"https:\/\/eschringen.de\/wordpress\/der-ort\/rundgaenge\/route-7\/","name":"Route 7 - \"Der Eschringer Grenzsteinlehrpfad\" - Rundg\u00e4nge Eschringen","isPartOf":{"@id":"https:\/\/eschringen.de\/wordpress\/#website"},"primaryImageOfPage":{"@id":"https:\/\/eschringen.de\/wordpress\/der-ort\/rundgaenge\/route-7\/#primaryimage"},"image":{"@id":"https:\/\/eschringen.de\/wordpress\/der-ort\/rundgaenge\/route-7\/#primaryimage"},"thumbnailUrl":"https:\/\/eschringen.de\/wordpress\/wp-content\/uploads\/2022\/08\/GrenzsteinIll-1.jpg","datePublished":"2017-02-02T12:39:31+00:00","dateModified":"2022-08-30T06:58:20+00:00","breadcrumb":{"@id":"https:\/\/eschringen.de\/wordpress\/der-ort\/rundgaenge\/route-7\/#breadcrumb"},"inLanguage":"de","potentialAction":[{"@type":"ReadAction","target":["https:\/\/eschringen.de\/wordpress\/der-ort\/rundgaenge\/route-7\/"]}]},{"@type":"ImageObject","inLanguage":"de","@id":"https:\/\/eschringen.de\/wordpress\/der-ort\/rundgaenge\/route-7\/#primaryimage","url":"https:\/\/i0.wp.com\/eschringen.de\/wordpress\/wp-content\/uploads\/2022\/08\/GrenzsteinIll-1.jpg?fit=235%2C300&ssl=1","contentUrl":"https:\/\/i0.wp.com\/eschringen.de\/wordpress\/wp-content\/uploads\/2022\/08\/GrenzsteinIll-1.jpg?fit=235%2C300&ssl=1","width":235,"height":300},{"@type":"BreadcrumbList","@id":"https:\/\/eschringen.de\/wordpress\/der-ort\/rundgaenge\/route-7\/#breadcrumb","itemListElement":[{"@type":"ListItem","position":1,"name":"Startseite","item":"https:\/\/eschringen.de\/wordpress\/"},{"@type":"ListItem","position":2,"name":"Der Ort","item":"https:\/\/eschringen.de\/wordpress\/der-ort\/"},{"@type":"ListItem","position":3,"name":"Rundg\u00e4nge","item":"https:\/\/eschringen.de\/wordpress\/der-ort\/rundgaenge\/"},{"@type":"ListItem","position":4,"name":"Route 7"}]},{"@type":"WebSite","@id":"https:\/\/eschringen.de\/wordpress\/#website","url":"https:\/\/eschringen.de\/wordpress\/","name":"Eschringen","description":"","publisher":{"@id":"https:\/\/eschringen.de\/wordpress\/#organization"},"potentialAction":[{"@type":"SearchAction","target":{"@type":"EntryPoint","urlTemplate":"https:\/\/eschringen.de\/wordpress\/?s={search_term_string}"},"query-input":{"@type":"PropertyValueSpecification","valueRequired":true,"valueName":"search_term_string"}}],"inLanguage":"de"},{"@type":"Organization","@id":"https:\/\/eschringen.de\/wordpress\/#organization","name":"Eschringen","url":"https:\/\/eschringen.de\/wordpress\/","logo":{"@type":"ImageObject","inLanguage":"de","@id":"https:\/\/eschringen.de\/wordpress\/#\/schema\/logo\/image\/","url":"https:\/\/eschringen.de\/wordpress\/wp-content\/uploads\/2017\/03\/2017_kw15.jpg","contentUrl":"https:\/\/eschringen.de\/wordpress\/wp-content\/uploads\/2017\/03\/2017_kw15.jpg","width":784,"height":447,"caption":"Eschringen"},"image":{"@id":"https:\/\/eschringen.de\/wordpress\/#\/schema\/logo\/image\/"}}]}},"jetpack_sharing_enabled":true,"_links":{"self":[{"href":"https:\/\/eschringen.de\/wordpress\/wp-json\/wp\/v2\/pages\/156","targetHints":{"allow":["GET"]}}],"collection":[{"href":"https:\/\/eschringen.de\/wordpress\/wp-json\/wp\/v2\/pages"}],"about":[{"href":"https:\/\/eschringen.de\/wordpress\/wp-json\/wp\/v2\/types\/page"}],"author":[{"embeddable":true,"href":"https:\/\/eschringen.de\/wordpress\/wp-json\/wp\/v2\/users\/1"}],"replies":[{"embeddable":true,"href":"https:\/\/eschringen.de\/wordpress\/wp-json\/wp\/v2\/comments?post=156"}],"version-history":[{"count":10,"href":"https:\/\/eschringen.de\/wordpress\/wp-json\/wp\/v2\/pages\/156\/revisions"}],"predecessor-version":[{"id":3814,"href":"https:\/\/eschringen.de\/wordpress\/wp-json\/wp\/v2\/pages\/156\/revisions\/3814"}],"up":[{"embeddable":true,"href":"https:\/\/eschringen.de\/wordpress\/wp-json\/wp\/v2\/pages\/119"}],"wp:attachment":[{"href":"https:\/\/eschringen.de\/wordpress\/wp-json\/wp\/v2\/media?parent=156"}],"curies":[{"name":"wp","href":"https:\/\/api.w.org\/{rel}","templated":true}]}}