{"id":1432,"date":"2017-06-29T23:03:26","date_gmt":"2017-06-29T21:03:26","guid":{"rendered":"http:\/\/eschringen.de\/wordpress\/?page_id=1432"},"modified":"2021-05-14T08:26:17","modified_gmt":"2021-05-14T06:26:17","slug":"roland-schmitt-bibliografie","status":"publish","type":"page","link":"https:\/\/eschringen.de\/wordpress\/impressum\/roland-schmitt-bibliografie\/","title":{"rendered":"Roland Schmitt &#8211; Bibliografie"},"content":{"rendered":"\n<h5 class=\"wp-block-heading\"><strong>Popul\u00e4re Musik<\/strong><\/h5>\n\n\n\n<p>\u201cWir sehn uns in Accra!\u201d: Afrika in der Welt der popul\u00e4ren Musik. In: IKA \u2013 Zeitschrift f\u00fcr Kulturaustausch. Nr. 32. November 1987. S. 30-31. (Bericht von der 4. IASPM-Konferenz in Accra\/Ghana)<\/p>\n\n\n\n<p>\u201eHighlife in Ghana\u201c: ein Gespr\u00e4ch mit John Collins zur ghanaischen Popmusik, ihren Problemen, ihren \u00dcberlebensperspektiven. In: IKA \u2013 Zeitschrift f\u00fcr Kulturaustausch. Nr. 34. Juni-Juli-August 1988. S. 24-25.<\/p>\n\n\n\n<p>Joe Cocker \/ Frank Laufenberg. Rastatt 1988. 156 S. (Recherche und Diskographie)<\/p>\n\n\n\n<p>\u201c\u2026der Teufel hol\u2019 Adel und Pfaffen!\u201d: Deutsche Lieder zur Zeit der Franz\u00f6sischen Revolution (T. 1-2). In: folk-MICHEL 1989. H. 4, S. 27-30; H. 5. S. 21-23.<\/p>\n\n\n\n<p>1789-1989: Musik, Geschichte, Demokratie. Internationale Musikkonferenz in Paris. In: folk-MICHEL 1989. H. 5. S. 29. (Bericht von der 5. IASPM-Konferenz in Paris)<\/p>\n\n\n\n<p>\u201eDie Rhythmen des Unterleibs\u201c: Klischees in der Pr\u00e4sentation afrikanischer (Pop-) Musik in deutschsprachigen Medien. In: B\u00e9to \u2013 unabh\u00e4ngiges afrikanisches Magazin f\u00fcr Kultur und Entwicklung. Nr. 8. 1989. S. 18-21.<\/p>\n\n\n\n<p>The French Revolution and its Effects on German Folksong (at that time). In: 1789 \u2013 1989 Musique, histoire, d\u00e9mocratie \/ Music, history, democracy Vol. 1. Colloque international \/ International Conference, organise par Vibrations et IASPM, Paris 17-20 juillet 1989. Paris 1992. S. 47-58.<\/p>\n\n\n\n<p>Pop-Archiv international \/ in Zusammenarbeit mit dem Saarl\u00e4ndischen Rundfunk. [Hrsg. Roland Schmitt]. Ravensburg 1990ff. (urspr\u00fcnglich nur Loseblattausgabe) www.munzinger.de<\/p>\n\n\n\n<p>Viel vibrations, aber kaum Programm. In: IKA \u2013 Zeitschrift f\u00fcr Kulturaustausch. Nr. 38. Januar 1990. S. 33-34. (Bericht von der 5. IASPM-Konferenz in Paris)<\/p>\n\n\n\n<p>Ronnie Lane \u2013 ein liebenswerter Au\u00dfenseiter. In: fm\/folk-michel, 4\/1990, S. 32-37 (mit Interview).<\/p>\n\n\n\n<p>Popul\u00e4re Musik und soziale Identit\u00e4t. In: folk-MICHEL 1991. H. 6. S. 31. (Bericht von der 6. IASPM-Konferenz in Gosen b. Berlin)<\/p>\n\n\n\n<p>\u201eAfrican Music \u2013 made in Germany\u201c: afrikanische MusikerInnen in der Bundesrepublik Deutschland \u2013 deutsche Produktionen afrikanischer Musik. In: Popular Music Perspectives III: The Sixth International Conference on Popular Musik Studies. Berlin, July 15 \u2013 20th 1991. \/ Ed.: IASPM. Berlin 1991. S. 113-123. Auch enthalten in: IKA \u2013 Zeitschrift f\u00fcr Kulturaustausch. Nr. 45. Mai 1992. S. 26-29.<\/p>\n\n\n\n<p>Sha-La-La-La-Lee Over Germany: The impact of the SMALL FACES on the German music scene. In: Ogdens. 1991.<\/p>\n\n\n\n<p>Happy Boys Happy: die Geschichte der Small Faces \/ m. Uli Twelker. Augsburg 1993. 245 S.<\/p>\n\n\n\n<p>Joe Cocker: die Story. \u201cFeelin\u2019 Alright\u201d nach \u201cWasted Years\u201d. T.1. u. T. 2. \/ m. Uli Twelker. In: Good Times, 13-14\/1994. S. 6-9, 34-44.<\/p>\n\n\n\n<p>Dem Brit-Blues eine Chance! Neue Rhythm &amp; Blues &amp; Folk-CDs aus dem United Kingdom. In: Schall &amp; Rauch, 2\/1995. S. 9.<\/p>\n\n\n\n<p>Ronnie Lane: ein kleines Gesicht mit z\u00e4hen Z\u00fcgen! In: Good Times, 2\/1996. S. 14.<\/p>\n\n\n\n<p>Der Schwund der kleinen Gesichter! Zum Tode von Ronnie Lane. In: Good Times, 4\/1997. S. 47.<\/p>\n\n\n\n<p>Happy Boys Happy! : a rock history of the Small Faces &amp; Humble Pie : featuring Steve Marriot, Ronnie Lane, Peter Frampton &amp; Rod Stewart \/ with Uli Twelker. London 1997.<\/p>\n\n\n\n<p>Great Big Sea: die \u201cFishermen\u2019s Friends\u201d aus Kanada. In: Folker! 1\/1998. S. 16-17.<\/p>\n\n\n\n<p>Chris Jagger\u2019s Atcha: von Lhasa\/Tibet nach Lewisham\/London. In: Folker! 3\/1998. S. 24-25.<\/p>\n\n\n\n<p>One World, One Vision in der Provinz: Udo Redlich &amp; TALKING EARTH TRUST. In: Folker! 6\/1998. S. 27.<\/p>\n\n\n\n<p>\u201eWenn Guinness singen k\u00f6nnte\u201c: Se\u00e1n Tyrrell &#8211; Der Melancholiker von der irischen Westk\u00fcste. In: Folker! 2\/2000. S. 28-30.<\/p>\n\n\n\n<p>Marcel Adam: Grenz(land)erfahrungen. In: Folker! 5\/2001. S. 31-32.<\/p>\n\n\n\n<p>Unkraut vergeht nicht! Henry McCullough: Irischer S\u00e4nger, Songwriter und Saitenspezi. In: Folker! 5\/2001. S. 51-52.<\/p>\n\n\n\n<p>The Small Faces, the Faces, Peter Frampton, Rod Stewart, Ronnie Lane, Steve Marriott, Humble Pie &amp; other stories \/ with Uli Twelker. London 2002. (2., aktualisierte und erweiterte Fassung von \u201cHappy Boys Happy\u201d)<\/p>\n\n\n\n<p>Der ganze Stolz der Korsen: I Muvrini &#8211; (Musikalische) Kinder der Regionalismusbewegung. In: Folker! 4\/2003. S. 18-20.<\/p>\n\n\n\n<p>Men They Couldn\u2019t Hang: einfach nicht totzukriegen! In: Folker! 5\/2003. S. 16-18.<\/p>\n\n\n\n<p>Die Musikszene Korsikas. In: Folker! 3\/2004. S. 30-33.<\/p>\n\n\n\n<p>Michael Weston King: Der \u201cGood Son\u201d kann\u2019s auch alleine. In: Folker! 5\/2004. S. 68-69.<\/p>\n\n\n\n<p>\u201eTwo step toute la nuit\u201c &#8211; Yannick Monot: Hans Dampf in Sachen Cajun &amp; Chanson. In: Folker! 6\/2007. S. 27-29.<\/p>\n\n\n\n<p>\u201c\u2026When The Music Flowed So Free\u2026\u201d: SWEENEY\u2019S MEN und die Entdeckung der Bouzouki \u2013 Aus der Fr\u00fchzeit des Irish Folk Revivals. In: irland journal XIX, 4\/2008. S. 54-57.<\/p>\n\n\n\n<p>Call It Something Nice. In: Wapping Wharf No. 29, May 2009, S. 26-27. (No. 9 in the series of SUPER FANS)<\/p>\n\n\n\n<p>Rockin\u2019 All Over Germany: The forgotten Humble Pie tour of 1974. In: Wapping Wharf No. 37, September 2013, S. 33-25.<\/p>\n\n\n\n<p>Flying Visit to the Heart of France: The Small Faces in provincial Provins. In: Wapping Wharf No. 39, May 2015, S. 33.<\/p>\n\n\n\n<p>Goldene Europa, Hallo Twen &amp; SR 1 Unplugged: Der Saarl\u00e4ndische Rundfunk als Popkultur-Botschafter. Eine Fotoausstellung im Rahmen des Festivals \u201ePictures of Pop \u2013 Fotografie in der Popkultur\u201c \/ Kuratiert von Roland Schmitt u. Peter Meyer.<br>Saarbr\u00fccken: SR, 2019. 104 S. m. zahlr. Abb.<\/p>\n\n\n\n<p>Liedermacher<br><a href=\"https:\/\/literaturland-saar.de\/themen\/liedermacher\/song-szene-saar\/\">https:\/\/literaturland-saar.de\/themen\/liedermacher\/song-szene-saar\/<\/a><br><a href=\"https:\/\/literaturland-saar.de\/themen\/liedermacher\/liedermacher\/\">https:\/\/literaturland-saar.de\/themen\/liedermacher\/liedermacher\/<\/a><\/p>\n\n\n\n<h5 class=\"wp-block-heading\"><strong>Bibliothek<\/strong><\/h5>\n\n\n\n<p>Der verunsicherte Mann: M\u00e4nnerherrschaft und M\u00e4nneremanzipation. In: Buch und Bibliothek, 34. Jg., 1982. Heft 5. S. 433-443. (Literaturbericht)<\/p>\n\n\n\n<p>Pop \u2013 Rock \u2013 Folk \u2013 Blues \u2013 Jazz: Periodika der popul\u00e4ren Musik. In: Buch und Bibliothek, 35. Jg., 1983. Heft 10. S. 781-785.<\/p>\n\n\n\n<p>\u201eLet The Music Keep Our Spirits High\u201c: Pop- und Rockmusik im Buch. In: Buch und Bibliothek, 38. Jg., 1986. Heft 5. S. 476-488. (Literaturbericht)<\/p>\n\n\n\n<p>Pop &amp; Rock und \u00d6ffentliche Bibliothek: Anregungen zur \u00d6ffentlichkeitsarbeit mit zeitgen\u00f6ssischer Popularmusik. In: Buch und Bibliothek, 38. Jg., 1986. Heft 2. S. 144-149.<\/p>\n\n\n\n<p>\u201eHelps me find Hemingway, helps me find Genet\u2026\u201c: Buch und Bibliothek(are) in der popul\u00e4ren Musik. In: Buch und Bibliothek, 48. Jg., 1996. Heft 1. S. 48-53<\/p>\n\n\n\n<p>Heyne-B\u00fccher \u2013 Groschenhefte mit milit\u00e4rhistorischem Hintergrund.<br>In: \u201eHitlerwelle\u201c. KriBi \/ Kritische Bibliothek (Diskussionsorgan der Bibliothekarlehrinstitute) Nr. 5, Stuttgart Februar 1978, S. 18.<\/p>\n\n\n\n<h5 class=\"wp-block-heading\"><strong>Geschichte<\/strong><\/h5>\n\n\n\n<p>Heyne-B\u00fccher \/ Groschenhefte mit milit\u00e4rhistorischem Hintergrund. In: \u201eHitlerwelle\u201c \u2013 KriBi (Kritische Bibliothek \u2013 Diskussionsorgan der Bibliothekarlehrinstitute), Februar 1978, Nr. 5. S. 18.<\/p>\n\n\n\n<p>Zur Lage der deutschen Arbeiter im 19. Jahrhundert: Text und Bilder einer Tonbildschau, die zum Vorf\u00fchren ausgeliehen werden kann \/ mit Peter Gutheinz und Josef Kurz. In: Demokratie- und Arbeitergeschichte. Geschichtsschreibung, Medienkritik, Unterrichtsmaterialien. Jahrbuch 1 \/ Hrsg. von der Franz-Mehring-Gesellschaft. Stuttgart 1980. S. 140-155.<\/p>\n\n\n\n<p>Regionalismus im heutigen Frankreich am Beispiel Okzitaniens: Zielsetzung und Aktionen, dargestellt anhand von Quellen aus den regionalistischen Bewegungen. Stuttgart 1980. 41 S. (Diplom-Arbeit)<\/p>\n\n\n\n<p>Grenzsteine : Zur Geschichte, Typologie und Bewahrung von historischen Grenzzeichen aus Stein \/ Unter Mitarbeit von Yannick und Yasmina Schmitt. Mandelbachtal-Heckendalheim 2003. 120 S.<\/p>\n\n\n\n<h5 class=\"wp-block-heading\"><strong>Regionalgeschichte<\/strong><\/h5>\n\n\n\n<p>Eschringen: Geschichtswerkstatt beleuchtet Ortshistorie. In: Der Stadtverband : Info-Magazin des Stadtverbandes Saarbr\u00fccken. &#8211; 1996, 4, S. 12-13.<\/p>\n\n\n\n<p>Stumme Zeitzeugen, die dennoch erz\u00e4hlen: Grenzsteine und Wegekreuze in und um Eschringen \/ Roland Schmitt (Hrsg.). Mit Beitr. von Heinrich Moog\u2026 Saarbr\u00fccken-Eschringen, 1997. 108 S.: Ill. (Eschringer Hefte ; 2)<\/p>\n\n\n\n<p>Von B\u00e4chen und Brunnen, von Quellen und Teichen : Beitr\u00e4ge zu den Gew\u00e4ssern Eschringens sowie zur Geschichte der Trinkwasserversorgung \/ von Frank Baur &#8230; Roland Schmitt (Hrsg.). Saarbr\u00fccken-Eschringen, 1998. 72 S.: zahlr. Ill., Kt. (Eschringer Hefte ; 3,1)<\/p>\n\n\n\n<p>Sch\u00fctzens- und erhaltenswert: Historische Grenzsteine. In: Zeitrisse : Mitteilungen zur regionalen Kultur und Geschichte. &#8211; 2000, 1, S. 7-9<\/p>\n\n\n\n<p>&#8222;Keiner wu\u00dfte, wie es weitergehen sollte&#8220; : die Eschringer Kriegsjahre 1939 &#8211; 1945: Aufzeichnungen und Gespr\u00e4chsprotokolle von Zeitzeugen \/ hrsg. von Roland Schmitt. Mit Beitr\u00e4gen von Heinrich Moog &#8230; Saarbr\u00fccken-Eschringen: Geschichtswerkstatt Eschringen, VHS Halberg, 2000. 77 S.: Ill. (Eschringer Hefte ; 4)<\/p>\n\n\n\n<p>Der Eschringer Grenzsteinlehrpfad \/ [Geschichtswerkstatt Eschringen\/VHS Halberg in Zusammenarbeit mit der AG Eschringer Vereine e.V. Verantw. f\u00fcr den Inhalt: Roland Schmitt]. [Eschringen] : Geschichtswerkstatt Eschringen, 2003. 15 S.: Ill.<\/p>\n\n\n\n<p>Moog, Heinrich\/Schmitt, Roland: Eschringen im Wandel der Zeiten. Eine kleine Ortsgeschichte \u2013 nicht nur f\u00fcr junge Leser. Saarbr\u00fccken-Eschringen : Geschichtswerkstatt Eschringen, VHS Halberg, 2004. 50 S.: Ill. (Eschringer Hefte ; 5)<\/p>\n\n\n\n<p>&#8222;&#8230; nacher Gr\u00e4ffenthal zu Unser lieben Frauen Altar &#8230;&#8220;: der Wallfahrts- und Wanderweg vom Saarbr\u00fccker Stadtteil Eschringen zum Kloster Gr\u00e4finthal \/ Ursula Kaiser. Unter Mitarb. von Roland Schmitt.<br>Saarbr\u00fccken-Eschringen, 2006. 42 S. : Ill. (Eschringer Hefte ; 6)<\/p>\n\n\n\n<p>Der Halberg: vom Mythen- zum Medienberg. In: Geschichte und Geschichten des Senders an der Saar \u2013 50 Jahre Saarl\u00e4ndischer Rundfunk \/ Hrsg. von Fritz Raff und Axel Buchholz. Freiburg 2007. S. 412-419.<\/p>\n\n\n\n<p><a href=\"https:\/\/www.sr.de\/sr\/home\/der_sr\/kommunikation\/aktuell\/20210503_pm_fundestueck_mai_100.html\">https:\/\/www.sr.de\/sr\/home\/der_sr\/kommunikation\/aktuell\/20210503_pm_fundestueck_mai_100.html<\/a><br><a href=\"https:\/\/www.ardmediathek.de\/video\/wanderweg-historischer-halberg\/sr-fernsehen\/Y3JpZDovL3NyLW9ubGluZS5kZS9XSU1TXzEwMjU0Ng\/\">https:\/\/www.ardmediathek.de\/video\/wanderweg-historischer-halberg\/sr-fernsehen\/Y3JpZDovL3NyLW9ubGluZS5kZS9XSU1TXzEwMjU0Ng\/<\/a><\/p>\n\n\n\n<p>Wandern und Spazieren in und um Eschringen herum : Routenvorschl\u00e4ge und Informationen f\u00fcr Kultur- und Naturfreunde \/ Roland Schmitt. Mit Beitr. von Ursula Kaiser u. J\u00fcrgen Blum. Saarbr\u00fccken-Eschringen, 2007 58 S.: Ill., Kt. (Eschringer Hefte ; Sonderheft)<\/p>\n\n\n\n<p>Ein Archipel der Reben: In fr\u00fcheren Jahrhunderten wurde an vielen Stellen des Saarlandes Wein angebaut, zum Beispiel im Saar-Blies-Winkel. In: Saar-Geschichten: Magazin zur regionalen Kultur und Geschichte . \u2013 Alsweiler. 2008, 3, S. 2-9.<\/p>\n\n\n\n<p>St. Laurentiuskapelle Eschringen: Festschrift; Renovierung 2006 &#8211; 2008 \/ [Texte: Roland Schmitt; Andreas W\u00fclfing; Hartmut Kimmling]. Saarbr\u00fccken-Eschringen: Pfarrgemeinde St. Laurentius, 2008. 30 S.: Ill.<\/p>\n\n\n\n<p>Zur Geschichte des Weinbaus im Bliesgau und an der oberen Saar. T. 1 u. T. 2\/ Roland Schmitt In: Die Eul&#8216; : Kleinblittersdorfer Hefte zu Geschichte und Gegenwart, 3 (2009), 5, S. 19-23; 6, S. 26-33.<\/p>\n\n\n\n<p>Eschringer H\u00e4user und Geb\u00e4ude im Wandel der Zeiten \/ Roland Schmitt (Hrsg.). Mit Beitr. von Heinrich Moog\u2026<br>Saarbr\u00fccken-Eschringen, 2011. 89 S. : Ill. (Eschringer Hefte : Spezial)<\/p>\n\n\n\n<p>Zur Geschichte der Rimlinger Barockalt\u00e4re und ihrem Verbleib. In Saarpfalz \u2013 Bl\u00e4tter f\u00fcr Geschichte und Volkskunde Nr. 110, 3\/2011, S. 55- 59.<\/p>\n\n\n\n<p>Zur Geschichte des Weinbaus in Saarbr\u00fccken und Umgebung: auf den Spuren einer vergessenen Tradition. In: Saarbr\u00fccken \u00e0 la carte: Die Geschichte der Genussregion Saarland \/ Hrsg. Hans-Christian Herrmann. Saarbr\u00fccken 2012. S. 254-275<\/p>\n\n\n\n<p>Von der Postkutsche zu Stra\u00dfenbahn und Omnibus: zur Verkehrs- und Postgeschichte Eschringens \/ Roland Schmitt. Unter Mitarb. von Albrecht Ke\u00dfler.<br>Saarbr\u00fccken-Eschringen, 2014. 66 S. : Ill. (Eschringer Hefte ; 8)<\/p>\n\n\n\n<p>Saarbr\u00fccken von A-Z \u2013 Ann\u00e4herungen an den Tagungsort der vfm-Fr\u00fchjahrstagung 2016 \/ Donata Gr\u00fcn und Roland Schmitt.<br>In: info 7, Heft 1, 2016. S. 37-46.<\/p>\n\n\n\n<p>\u201eKannten Sie Hildebrand?\u201c Auf Spurensuche nach dem SR-Chefgrafiker K. Lothar Hildebrand.<br>In: FUNDST\u00dcCKE aus 60 Jahren Saarl\u00e4ndischer Rundfunk. Geschichte(n), Leute, Erlebnisse \/ Hrsg.: Thomas Kleist und Axel Buchholz. Saarbr\u00fccken 2017. S. 351-360.<\/p>\n","protected":false},"excerpt":{"rendered":"<p>Popul\u00e4re Musik \u201cWir sehn uns in Accra!\u201d: Afrika in der Welt der popul\u00e4ren Musik. In: IKA \u2013 Zeitschrift f\u00fcr Kulturaustausch. Nr. 32. November 1987. S. 30-31. (Bericht von der 4. IASPM-Konferenz in Accra\/Ghana) \u201eHighlife in Ghana\u201c: ein Gespr\u00e4ch mit John Collins zur ghanaischen Popmusik, ihren Problemen, ihren \u00dcberlebensperspektiven. In: IKA \u2013 Zeitschrift f\u00fcr Kulturaustausch. Nr. &#8230; <a title=\"Roland Schmitt &#8211; Bibliografie\" class=\"read-more\" href=\"https:\/\/eschringen.de\/wordpress\/impressum\/roland-schmitt-bibliografie\/\" aria-label=\"Mehr Informationen \u00fcber Roland Schmitt &#8211; Bibliografie\">Weiterlesen &#8230;<\/a><\/p>\n","protected":false},"author":1,"featured_media":0,"parent":86,"menu_order":0,"comment_status":"closed","ping_status":"closed","template":"","meta":{"ngg_post_thumbnail":0,"footnotes":""},"class_list":["post-1432","page","type-page","status-publish"],"yoast_head":"<!-- This site is optimized with the Yoast SEO plugin v27.4 - https:\/\/yoast.com\/product\/yoast-seo-wordpress\/ -->\n<title>Roland Schmitt - Bibliografie - Eschringen<\/title>\n<meta name=\"robots\" content=\"index, follow, max-snippet:-1, max-image-preview:large, max-video-preview:-1\" \/>\n<link rel=\"canonical\" href=\"https:\/\/eschringen.de\/wordpress\/impressum\/roland-schmitt-bibliografie\/\" \/>\n<meta property=\"og:locale\" content=\"de_DE\" \/>\n<meta property=\"og:type\" content=\"article\" \/>\n<meta property=\"og:title\" content=\"Roland Schmitt - Bibliografie - Eschringen\" \/>\n<meta property=\"og:description\" content=\"Popul\u00e4re Musik \u201cWir sehn uns in Accra!\u201d: Afrika in der Welt der popul\u00e4ren Musik. In: IKA \u2013 Zeitschrift f\u00fcr Kulturaustausch. Nr. 32. November 1987. S. 30-31. (Bericht von der 4. IASPM-Konferenz in Accra\/Ghana) \u201eHighlife in Ghana\u201c: ein Gespr\u00e4ch mit John Collins zur ghanaischen Popmusik, ihren Problemen, ihren \u00dcberlebensperspektiven. In: IKA \u2013 Zeitschrift f\u00fcr Kulturaustausch. Nr. ... Weiterlesen ...\" \/>\n<meta property=\"og:url\" content=\"https:\/\/eschringen.de\/wordpress\/impressum\/roland-schmitt-bibliografie\/\" \/>\n<meta property=\"og:site_name\" content=\"Eschringen\" \/>\n<meta property=\"article:modified_time\" content=\"2021-05-14T06:26:17+00:00\" \/>\n<meta name=\"twitter:card\" content=\"summary_large_image\" \/>\n<meta name=\"twitter:label1\" content=\"Gesch\u00e4tzte Lesezeit\" \/>\n\t<meta name=\"twitter:data1\" content=\"7\u00a0Minuten\" \/>\n<script type=\"application\/ld+json\" class=\"yoast-schema-graph\">{\"@context\":\"https:\\\/\\\/schema.org\",\"@graph\":[{\"@type\":\"WebPage\",\"@id\":\"https:\\\/\\\/eschringen.de\\\/wordpress\\\/impressum\\\/roland-schmitt-bibliografie\\\/\",\"url\":\"https:\\\/\\\/eschringen.de\\\/wordpress\\\/impressum\\\/roland-schmitt-bibliografie\\\/\",\"name\":\"Roland Schmitt - Bibliografie - Eschringen\",\"isPartOf\":{\"@id\":\"https:\\\/\\\/eschringen.de\\\/wordpress\\\/#website\"},\"datePublished\":\"2017-06-29T21:03:26+00:00\",\"dateModified\":\"2021-05-14T06:26:17+00:00\",\"breadcrumb\":{\"@id\":\"https:\\\/\\\/eschringen.de\\\/wordpress\\\/impressum\\\/roland-schmitt-bibliografie\\\/#breadcrumb\"},\"inLanguage\":\"de\",\"potentialAction\":[{\"@type\":\"ReadAction\",\"target\":[\"https:\\\/\\\/eschringen.de\\\/wordpress\\\/impressum\\\/roland-schmitt-bibliografie\\\/\"]}]},{\"@type\":\"BreadcrumbList\",\"@id\":\"https:\\\/\\\/eschringen.de\\\/wordpress\\\/impressum\\\/roland-schmitt-bibliografie\\\/#breadcrumb\",\"itemListElement\":[{\"@type\":\"ListItem\",\"position\":1,\"name\":\"Startseite\",\"item\":\"https:\\\/\\\/eschringen.de\\\/wordpress\\\/\"},{\"@type\":\"ListItem\",\"position\":2,\"name\":\"Impressum\",\"item\":\"https:\\\/\\\/eschringen.de\\\/wordpress\\\/impressum\\\/\"},{\"@type\":\"ListItem\",\"position\":3,\"name\":\"Roland Schmitt &#8211; Bibliografie\"}]},{\"@type\":\"WebSite\",\"@id\":\"https:\\\/\\\/eschringen.de\\\/wordpress\\\/#website\",\"url\":\"https:\\\/\\\/eschringen.de\\\/wordpress\\\/\",\"name\":\"Eschringen\",\"description\":\"\",\"publisher\":{\"@id\":\"https:\\\/\\\/eschringen.de\\\/wordpress\\\/#organization\"},\"potentialAction\":[{\"@type\":\"SearchAction\",\"target\":{\"@type\":\"EntryPoint\",\"urlTemplate\":\"https:\\\/\\\/eschringen.de\\\/wordpress\\\/?s={search_term_string}\"},\"query-input\":{\"@type\":\"PropertyValueSpecification\",\"valueRequired\":true,\"valueName\":\"search_term_string\"}}],\"inLanguage\":\"de\"},{\"@type\":\"Organization\",\"@id\":\"https:\\\/\\\/eschringen.de\\\/wordpress\\\/#organization\",\"name\":\"Eschringen\",\"url\":\"https:\\\/\\\/eschringen.de\\\/wordpress\\\/\",\"logo\":{\"@type\":\"ImageObject\",\"inLanguage\":\"de\",\"@id\":\"https:\\\/\\\/eschringen.de\\\/wordpress\\\/#\\\/schema\\\/logo\\\/image\\\/\",\"url\":\"https:\\\/\\\/eschringen.de\\\/wordpress\\\/wp-content\\\/uploads\\\/2017\\\/03\\\/2017_kw15.jpg\",\"contentUrl\":\"https:\\\/\\\/eschringen.de\\\/wordpress\\\/wp-content\\\/uploads\\\/2017\\\/03\\\/2017_kw15.jpg\",\"width\":784,\"height\":447,\"caption\":\"Eschringen\"},\"image\":{\"@id\":\"https:\\\/\\\/eschringen.de\\\/wordpress\\\/#\\\/schema\\\/logo\\\/image\\\/\"}}]}<\/script>\n<!-- \/ Yoast SEO plugin. -->","yoast_head_json":{"title":"Roland Schmitt - Bibliografie - Eschringen","robots":{"index":"index","follow":"follow","max-snippet":"max-snippet:-1","max-image-preview":"max-image-preview:large","max-video-preview":"max-video-preview:-1"},"canonical":"https:\/\/eschringen.de\/wordpress\/impressum\/roland-schmitt-bibliografie\/","og_locale":"de_DE","og_type":"article","og_title":"Roland Schmitt - Bibliografie - Eschringen","og_description":"Popul\u00e4re Musik \u201cWir sehn uns in Accra!\u201d: Afrika in der Welt der popul\u00e4ren Musik. In: IKA \u2013 Zeitschrift f\u00fcr Kulturaustausch. Nr. 32. November 1987. S. 30-31. (Bericht von der 4. IASPM-Konferenz in Accra\/Ghana) \u201eHighlife in Ghana\u201c: ein Gespr\u00e4ch mit John Collins zur ghanaischen Popmusik, ihren Problemen, ihren \u00dcberlebensperspektiven. In: IKA \u2013 Zeitschrift f\u00fcr Kulturaustausch. Nr. ... Weiterlesen ...","og_url":"https:\/\/eschringen.de\/wordpress\/impressum\/roland-schmitt-bibliografie\/","og_site_name":"Eschringen","article_modified_time":"2021-05-14T06:26:17+00:00","twitter_card":"summary_large_image","twitter_misc":{"Gesch\u00e4tzte Lesezeit":"7\u00a0Minuten"},"schema":{"@context":"https:\/\/schema.org","@graph":[{"@type":"WebPage","@id":"https:\/\/eschringen.de\/wordpress\/impressum\/roland-schmitt-bibliografie\/","url":"https:\/\/eschringen.de\/wordpress\/impressum\/roland-schmitt-bibliografie\/","name":"Roland Schmitt - Bibliografie - Eschringen","isPartOf":{"@id":"https:\/\/eschringen.de\/wordpress\/#website"},"datePublished":"2017-06-29T21:03:26+00:00","dateModified":"2021-05-14T06:26:17+00:00","breadcrumb":{"@id":"https:\/\/eschringen.de\/wordpress\/impressum\/roland-schmitt-bibliografie\/#breadcrumb"},"inLanguage":"de","potentialAction":[{"@type":"ReadAction","target":["https:\/\/eschringen.de\/wordpress\/impressum\/roland-schmitt-bibliografie\/"]}]},{"@type":"BreadcrumbList","@id":"https:\/\/eschringen.de\/wordpress\/impressum\/roland-schmitt-bibliografie\/#breadcrumb","itemListElement":[{"@type":"ListItem","position":1,"name":"Startseite","item":"https:\/\/eschringen.de\/wordpress\/"},{"@type":"ListItem","position":2,"name":"Impressum","item":"https:\/\/eschringen.de\/wordpress\/impressum\/"},{"@type":"ListItem","position":3,"name":"Roland Schmitt &#8211; Bibliografie"}]},{"@type":"WebSite","@id":"https:\/\/eschringen.de\/wordpress\/#website","url":"https:\/\/eschringen.de\/wordpress\/","name":"Eschringen","description":"","publisher":{"@id":"https:\/\/eschringen.de\/wordpress\/#organization"},"potentialAction":[{"@type":"SearchAction","target":{"@type":"EntryPoint","urlTemplate":"https:\/\/eschringen.de\/wordpress\/?s={search_term_string}"},"query-input":{"@type":"PropertyValueSpecification","valueRequired":true,"valueName":"search_term_string"}}],"inLanguage":"de"},{"@type":"Organization","@id":"https:\/\/eschringen.de\/wordpress\/#organization","name":"Eschringen","url":"https:\/\/eschringen.de\/wordpress\/","logo":{"@type":"ImageObject","inLanguage":"de","@id":"https:\/\/eschringen.de\/wordpress\/#\/schema\/logo\/image\/","url":"https:\/\/eschringen.de\/wordpress\/wp-content\/uploads\/2017\/03\/2017_kw15.jpg","contentUrl":"https:\/\/eschringen.de\/wordpress\/wp-content\/uploads\/2017\/03\/2017_kw15.jpg","width":784,"height":447,"caption":"Eschringen"},"image":{"@id":"https:\/\/eschringen.de\/wordpress\/#\/schema\/logo\/image\/"}}]}},"jetpack_sharing_enabled":true,"_links":{"self":[{"href":"https:\/\/eschringen.de\/wordpress\/wp-json\/wp\/v2\/pages\/1432","targetHints":{"allow":["GET"]}}],"collection":[{"href":"https:\/\/eschringen.de\/wordpress\/wp-json\/wp\/v2\/pages"}],"about":[{"href":"https:\/\/eschringen.de\/wordpress\/wp-json\/wp\/v2\/types\/page"}],"author":[{"embeddable":true,"href":"https:\/\/eschringen.de\/wordpress\/wp-json\/wp\/v2\/users\/1"}],"replies":[{"embeddable":true,"href":"https:\/\/eschringen.de\/wordpress\/wp-json\/wp\/v2\/comments?post=1432"}],"version-history":[{"count":4,"href":"https:\/\/eschringen.de\/wordpress\/wp-json\/wp\/v2\/pages\/1432\/revisions"}],"predecessor-version":[{"id":3147,"href":"https:\/\/eschringen.de\/wordpress\/wp-json\/wp\/v2\/pages\/1432\/revisions\/3147"}],"up":[{"embeddable":true,"href":"https:\/\/eschringen.de\/wordpress\/wp-json\/wp\/v2\/pages\/86"}],"wp:attachment":[{"href":"https:\/\/eschringen.de\/wordpress\/wp-json\/wp\/v2\/media?parent=1432"}],"curies":[{"name":"wp","href":"https:\/\/api.w.org\/{rel}","templated":true}]}}