{"id":121,"date":"2017-02-01T00:03:56","date_gmt":"2017-01-31T23:03:56","guid":{"rendered":"http:\/\/eschringen.de\/wordpress\/?page_id=121"},"modified":"2022-08-20T10:10:03","modified_gmt":"2022-08-20T08:10:03","slug":"sehenswertes","status":"publish","type":"page","link":"https:\/\/eschringen.de\/wordpress\/der-ort\/sehenswertes\/","title":{"rendered":"Sehenswertes"},"content":{"rendered":"\n<p>Der Ort, genauer dieser Stadtteil im \u00e4u\u00dfersten S\u00fcdosten Saarbr\u00fcckens, befindet sich schon mehr als nur an der Pforte des Bliesgau. Der saarl\u00e4ndische Schriftsteller Manfred R\u00f6mbell hat in &#8222;Stadt und Land&#8220;, einem Bildband \u00fcber den Stadtverband Saarbr\u00fccken, diese Gegend sehr trefflich beschrieben: &#8220; Hier liegen die D\u00f6rfer noch weit auseinander, r\u00fccken sich nicht auf die Pelle, lassen Luft und Land zwischen sich. Da gibt es Ruhe und Klarheit zwischen den Obstb\u00e4umen und den Wiesen hin\u00fcber nach Eschringen, im st\u00e4ndigen Wechsel zwischen der Weite der freien Landschaft und der Geschlossenheit der Waldgruppen, der Waldeinsprengsel&#8230; &#8222;<\/p>\n\n\n<div class=\"wp-block-image\">\n<figure class=\"aligncenter size-full\"><img data-recalc-dims=\"1\" loading=\"lazy\" decoding=\"async\" width=\"631\" height=\"448\" src=\"https:\/\/i0.wp.com\/eschringen.de\/wordpress\/wp-content\/uploads\/2022\/08\/uebersicht.gif?resize=631%2C448&#038;ssl=1\" alt=\"\" class=\"wp-image-3626\"\/><figcaption>(weitere Infos durch Anklicken der Textlinks)<\/figcaption><\/figure>\n<\/div>\n\n\n<map name=\"map0\"> \n<area title=\"Wegekreuz\" coords=\"566,306,615,373\" shape=\"rect\" href=\"http:\/\/eschringen.de\/wordpress\/der-ort\/sehenswertes\/wegekreuze\/\">\n \n<area title=\"Gasthaus Zur Post\" coords=\"555,187,621,239\" shape=\"rect\" href=\"http:\/\/eschringen.de\/wordpress\/der-ort\/sehenswertes\/gasthaus-zur-post\/\">\n \n<area title=\"Laurentiusbrunnen\" coords=\"561,115,615,180\" shape=\"rect\" href=\"http:\/\/eschringen.de\/wordpress\/der-ort\/sehenswertes\/laurentiusbrunnen\/\">\n \n<area title=\"M\u00fchlenensemble\" coords=\"329,30,395,80\" shape=\"rect\" href=\"http:\/\/eschringen.de\/wordpress\/der-ort\/sehenswertes\/das-muehlenensemble\/\">\n \n<area title=\"Pfarrkirche\" coords=\"10,287,76,338\" shape=\"rect\" href=\"http:\/\/eschringen.de\/wordpress\/der-ort\/sehenswertes\/pfarrkirche\/\">\n \n<area title=\"Altes Schulhaus\" coords=\"10,200,62,267\" shape=\"rect\" href=\"http:\/\/eschringen.de\/wordpress\/der-ort\/sehenswertes\/altes-schulhaus\/\">\n \n<area title=\"Eschringer Hof\" coords=\"173,30,240,80\" shape=\"rect\" href=\"http:\/\/eschringen.de\/wordpress\/der-ort\/sehenswertes\/eschringer-hof\/\">\n \n<area title=\"Laurentiuskapelle\" coords=\"254,30,322,80\" shape=\"rect\" href=\"http:\/\/eschringen.de\/wordpress\/der-ort\/sehenswertes\/st-laurentiuskapelle\/\">\n<\/map>\n\n\n\n<p>Noch bis in die 70er Jahre hinein war Eschringen ein stark landwirtschaftlich gepr\u00e4gtes Dorf, wo sich nur wenig Industrie &#8211; und Handwerksbetriebe angesiedelt hatten. Inzwischen hat auch der letzte Landwirt aufgegeben, doch dank einer noch halbwegs funktionierenden d\u00f6rflichen Infrastruktur avancierte Eschringen zu einem bevorzugten Wohngebiet der Landeshauptstadt. Mit herausragenden Sehensw\u00fcrdigkeiten mag Eschringen zwar nicht gl\u00e4nzen k\u00f6nnen, doch strahlt der Ortskern beiderseits des Saarbaches, vor allem das &#8222;\u00dcberdorf&#8220;, dank einiger alter ( Arbeiter-) Bauernh\u00e4user noch diesen l\u00e4ndlichen Charme aus.<\/p>\n\n\n\n<p>Und auf einem kleinen Rundgang durch das Dorf l\u00e4sst sich doch das eine oder andere Interessante entdecken:<\/p>\n\n\n\n<p>Als Ausgangspunkt empfiehlt sich das Ende des 19. Jahrhunderts erbaute <a href=\"http:\/\/eschringen.de\/wordpress\/der-ort\/sehenswertes\/gasthaus-zur-post\/\">Gasthaus &#8222;Zur Post&#8220; (1)<\/a> mit seiner Heimatstube (&#8222;Posthalterstube&#8220;). Von dort blicken wir auf den sagenumwobenen, 1997 neuerrichteten <a href=\"http:\/\/eschringen.de\/wordpress\/der-ort\/sehenswertes\/laurentiusbrunnen\/\">Laurentiusbrunnen (2)<\/a>. Hinter ihm befinden sich die Geb\u00e4ude der <a href=\"http:\/\/eschringen.de\/wordpress\/der-ort\/sehenswertes\/das-muehlenensemble\/\">ehemaligen (Deutschordens-) M\u00fchle (3)<\/a>. Auf dem Weg ins &#8222;\u00dcberdorf&#8220; passieren wir ein <a href=\"http:\/\/eschringen.de\/wordpress\/der-ort\/sehenswertes\/wegekreuze\/\">Wegekreuz (4)<\/a> aus dem fr\u00fchen 19. Jahrhundert, biegen dann in die Karl Leidinger Str., wo wir bereits auf die 1928 &#8211; 30 erbaute katholische <a href=\"http:\/\/eschringen.de\/wordpress\/der-ort\/sehenswertes\/pfarrkirche\/\">Pfarrkirche St. Laurentius (5)<\/a> mit dem charak-teristischen Zwiebelturm blicken. An der Einm\u00fcndung in die Andreas-Kremp-Stra\u00dfe passieren wir linkerhand das 1963 errichtete Gefallenen-Ehrenmal, rechterhand das 1898 erbaute <a href=\"http:\/\/eschringen.de\/wordpress\/der-ort\/sehenswertes\/altes-schulhaus\/\">&#8222;alte Schulhaus ( 6)&#8220;<\/a> ( zeitweise Rathaus, heute Kindergarten).<\/p>\n\n\n\n<p>Wir gehen nun zur\u00fcck in die Hauptstra\u00dfe.<\/p>\n\n\n\n<p>Richtung Ortsausgang Saarbr\u00fccken befinden sich zum einem auf der linken Seite der Mitte des 19. Jahrhunderts von der Saarbr\u00fccker Brauerfamilie Bruch erstellte <a href=\"http:\/\/eschringen.de\/wordpress\/der-ort\/sehenswertes\/eschringer-hof\/\">Eschringer Hof (7)<\/a>, zum anderen weiter auf der rechten Seite das ehemalige, 1911\/13 errichtete Stra\u00dfenbahndepot. Auf dem Weg zur\u00fcck zum Ausgangspunkt machen wir halt am \u00e4ltesten Geb\u00e4ude Eschringens, der <a href=\"http:\/\/eschringen.de\/wordpress\/der-ort\/sehenswertes\/st-laurentiuskapelle\/\">St. Laurentiuskapelle (8)<\/a>. Dieses vermutlich aus dem 13. Jahrhundert stammende sp\u00e4tromanische Kirchlein (1716 renoviert) beherbergt sehenswerte Barockalt\u00e4re und Heiligenfiguren.<\/p>\n\n\n\n<p>Wo man einkehren kann:<\/p>\n\n\n\n<ul class=\"wp-block-list\"><li>Pizzeria &#8222;Bel Paese&#8220;, Hauptstr. 15, Tel. 06893 &#8211; 70640\/41<\/li><li><a href=\"http:\/\/www.ponsheimer-hof.de\/\" target=\"_blank\" rel=\"noopener\">Gasthaus &#8222;Ponsheimer Hof&#8220;<\/a>, Tel. 06893 &#8211; 2305<\/li><\/ul>\n\n\n\n<p>Text : Roland Schmitt<\/p>\n","protected":false},"excerpt":{"rendered":"<p>Der Ort, genauer dieser Stadtteil im \u00e4u\u00dfersten S\u00fcdosten Saarbr\u00fcckens, befindet sich schon mehr als nur an der Pforte des Bliesgau. Der saarl\u00e4ndische Schriftsteller Manfred R\u00f6mbell hat in &#8222;Stadt und Land&#8220;, einem Bildband \u00fcber den Stadtverband Saarbr\u00fccken, diese Gegend sehr trefflich beschrieben: &#8220; Hier liegen die D\u00f6rfer noch weit auseinander, r\u00fccken sich nicht auf die Pelle, &#8230; <a title=\"Sehenswertes\" class=\"read-more\" href=\"https:\/\/eschringen.de\/wordpress\/der-ort\/sehenswertes\/\" aria-label=\"Mehr Informationen \u00fcber Sehenswertes\">Weiterlesen &#8230;<\/a><\/p>\n","protected":false},"author":1,"featured_media":0,"parent":31,"menu_order":4,"comment_status":"closed","ping_status":"closed","template":"","meta":{"ngg_post_thumbnail":0,"footnotes":""},"class_list":["post-121","page","type-page","status-publish"],"yoast_head":"<!-- This site is optimized with the Yoast SEO plugin v27.4 - https:\/\/yoast.com\/product\/yoast-seo-wordpress\/ -->\n<title>Sehenswertes - Eschringen<\/title>\n<meta name=\"robots\" content=\"index, follow, max-snippet:-1, max-image-preview:large, max-video-preview:-1\" \/>\n<link rel=\"canonical\" href=\"https:\/\/eschringen.de\/wordpress\/der-ort\/sehenswertes\/\" \/>\n<meta property=\"og:locale\" content=\"de_DE\" \/>\n<meta property=\"og:type\" content=\"article\" \/>\n<meta property=\"og:title\" content=\"Sehenswertes - Eschringen\" \/>\n<meta property=\"og:description\" content=\"Der Ort, genauer dieser Stadtteil im \u00e4u\u00dfersten S\u00fcdosten Saarbr\u00fcckens, befindet sich schon mehr als nur an der Pforte des Bliesgau. Der saarl\u00e4ndische Schriftsteller Manfred R\u00f6mbell hat in &#8222;Stadt und Land&#8220;, einem Bildband \u00fcber den Stadtverband Saarbr\u00fccken, diese Gegend sehr trefflich beschrieben: &#8220; Hier liegen die D\u00f6rfer noch weit auseinander, r\u00fccken sich nicht auf die Pelle, ... Weiterlesen ...\" \/>\n<meta property=\"og:url\" content=\"https:\/\/eschringen.de\/wordpress\/der-ort\/sehenswertes\/\" \/>\n<meta property=\"og:site_name\" content=\"Eschringen\" \/>\n<meta property=\"article:modified_time\" content=\"2022-08-20T08:10:03+00:00\" \/>\n<meta property=\"og:image\" content=\"https:\/\/eschringen.de\/wordpress\/wp-content\/uploads\/2022\/08\/uebersicht.gif\" \/>\n<meta name=\"twitter:card\" content=\"summary_large_image\" \/>\n<meta name=\"twitter:label1\" content=\"Gesch\u00e4tzte Lesezeit\" \/>\n\t<meta name=\"twitter:data1\" content=\"3\u00a0Minuten\" \/>\n<script type=\"application\/ld+json\" class=\"yoast-schema-graph\">{\"@context\":\"https:\\\/\\\/schema.org\",\"@graph\":[{\"@type\":\"WebPage\",\"@id\":\"https:\\\/\\\/eschringen.de\\\/wordpress\\\/der-ort\\\/sehenswertes\\\/\",\"url\":\"https:\\\/\\\/eschringen.de\\\/wordpress\\\/der-ort\\\/sehenswertes\\\/\",\"name\":\"Sehenswertes - Eschringen\",\"isPartOf\":{\"@id\":\"https:\\\/\\\/eschringen.de\\\/wordpress\\\/#website\"},\"primaryImageOfPage\":{\"@id\":\"https:\\\/\\\/eschringen.de\\\/wordpress\\\/der-ort\\\/sehenswertes\\\/#primaryimage\"},\"image\":{\"@id\":\"https:\\\/\\\/eschringen.de\\\/wordpress\\\/der-ort\\\/sehenswertes\\\/#primaryimage\"},\"thumbnailUrl\":\"https:\\\/\\\/eschringen.de\\\/wordpress\\\/wp-content\\\/uploads\\\/2022\\\/08\\\/uebersicht.gif\",\"datePublished\":\"2017-01-31T23:03:56+00:00\",\"dateModified\":\"2022-08-20T08:10:03+00:00\",\"breadcrumb\":{\"@id\":\"https:\\\/\\\/eschringen.de\\\/wordpress\\\/der-ort\\\/sehenswertes\\\/#breadcrumb\"},\"inLanguage\":\"de\",\"potentialAction\":[{\"@type\":\"ReadAction\",\"target\":[\"https:\\\/\\\/eschringen.de\\\/wordpress\\\/der-ort\\\/sehenswertes\\\/\"]}]},{\"@type\":\"ImageObject\",\"inLanguage\":\"de\",\"@id\":\"https:\\\/\\\/eschringen.de\\\/wordpress\\\/der-ort\\\/sehenswertes\\\/#primaryimage\",\"url\":\"https:\\\/\\\/i0.wp.com\\\/eschringen.de\\\/wordpress\\\/wp-content\\\/uploads\\\/2022\\\/08\\\/uebersicht.gif?fit=631%2C448&ssl=1\",\"contentUrl\":\"https:\\\/\\\/i0.wp.com\\\/eschringen.de\\\/wordpress\\\/wp-content\\\/uploads\\\/2022\\\/08\\\/uebersicht.gif?fit=631%2C448&ssl=1\",\"width\":631,\"height\":448},{\"@type\":\"BreadcrumbList\",\"@id\":\"https:\\\/\\\/eschringen.de\\\/wordpress\\\/der-ort\\\/sehenswertes\\\/#breadcrumb\",\"itemListElement\":[{\"@type\":\"ListItem\",\"position\":1,\"name\":\"Startseite\",\"item\":\"https:\\\/\\\/eschringen.de\\\/wordpress\\\/\"},{\"@type\":\"ListItem\",\"position\":2,\"name\":\"Der Ort\",\"item\":\"https:\\\/\\\/eschringen.de\\\/wordpress\\\/der-ort\\\/\"},{\"@type\":\"ListItem\",\"position\":3,\"name\":\"Sehenswertes\"}]},{\"@type\":\"WebSite\",\"@id\":\"https:\\\/\\\/eschringen.de\\\/wordpress\\\/#website\",\"url\":\"https:\\\/\\\/eschringen.de\\\/wordpress\\\/\",\"name\":\"Eschringen\",\"description\":\"\",\"publisher\":{\"@id\":\"https:\\\/\\\/eschringen.de\\\/wordpress\\\/#organization\"},\"potentialAction\":[{\"@type\":\"SearchAction\",\"target\":{\"@type\":\"EntryPoint\",\"urlTemplate\":\"https:\\\/\\\/eschringen.de\\\/wordpress\\\/?s={search_term_string}\"},\"query-input\":{\"@type\":\"PropertyValueSpecification\",\"valueRequired\":true,\"valueName\":\"search_term_string\"}}],\"inLanguage\":\"de\"},{\"@type\":\"Organization\",\"@id\":\"https:\\\/\\\/eschringen.de\\\/wordpress\\\/#organization\",\"name\":\"Eschringen\",\"url\":\"https:\\\/\\\/eschringen.de\\\/wordpress\\\/\",\"logo\":{\"@type\":\"ImageObject\",\"inLanguage\":\"de\",\"@id\":\"https:\\\/\\\/eschringen.de\\\/wordpress\\\/#\\\/schema\\\/logo\\\/image\\\/\",\"url\":\"https:\\\/\\\/eschringen.de\\\/wordpress\\\/wp-content\\\/uploads\\\/2017\\\/03\\\/2017_kw15.jpg\",\"contentUrl\":\"https:\\\/\\\/eschringen.de\\\/wordpress\\\/wp-content\\\/uploads\\\/2017\\\/03\\\/2017_kw15.jpg\",\"width\":784,\"height\":447,\"caption\":\"Eschringen\"},\"image\":{\"@id\":\"https:\\\/\\\/eschringen.de\\\/wordpress\\\/#\\\/schema\\\/logo\\\/image\\\/\"}}]}<\/script>\n<!-- \/ Yoast SEO plugin. -->","yoast_head_json":{"title":"Sehenswertes - Eschringen","robots":{"index":"index","follow":"follow","max-snippet":"max-snippet:-1","max-image-preview":"max-image-preview:large","max-video-preview":"max-video-preview:-1"},"canonical":"https:\/\/eschringen.de\/wordpress\/der-ort\/sehenswertes\/","og_locale":"de_DE","og_type":"article","og_title":"Sehenswertes - Eschringen","og_description":"Der Ort, genauer dieser Stadtteil im \u00e4u\u00dfersten S\u00fcdosten Saarbr\u00fcckens, befindet sich schon mehr als nur an der Pforte des Bliesgau. Der saarl\u00e4ndische Schriftsteller Manfred R\u00f6mbell hat in &#8222;Stadt und Land&#8220;, einem Bildband \u00fcber den Stadtverband Saarbr\u00fccken, diese Gegend sehr trefflich beschrieben: &#8220; Hier liegen die D\u00f6rfer noch weit auseinander, r\u00fccken sich nicht auf die Pelle, ... Weiterlesen ...","og_url":"https:\/\/eschringen.de\/wordpress\/der-ort\/sehenswertes\/","og_site_name":"Eschringen","article_modified_time":"2022-08-20T08:10:03+00:00","og_image":[{"url":"https:\/\/eschringen.de\/wordpress\/wp-content\/uploads\/2022\/08\/uebersicht.gif","type":"","width":"","height":""}],"twitter_card":"summary_large_image","twitter_misc":{"Gesch\u00e4tzte Lesezeit":"3\u00a0Minuten"},"schema":{"@context":"https:\/\/schema.org","@graph":[{"@type":"WebPage","@id":"https:\/\/eschringen.de\/wordpress\/der-ort\/sehenswertes\/","url":"https:\/\/eschringen.de\/wordpress\/der-ort\/sehenswertes\/","name":"Sehenswertes - Eschringen","isPartOf":{"@id":"https:\/\/eschringen.de\/wordpress\/#website"},"primaryImageOfPage":{"@id":"https:\/\/eschringen.de\/wordpress\/der-ort\/sehenswertes\/#primaryimage"},"image":{"@id":"https:\/\/eschringen.de\/wordpress\/der-ort\/sehenswertes\/#primaryimage"},"thumbnailUrl":"https:\/\/eschringen.de\/wordpress\/wp-content\/uploads\/2022\/08\/uebersicht.gif","datePublished":"2017-01-31T23:03:56+00:00","dateModified":"2022-08-20T08:10:03+00:00","breadcrumb":{"@id":"https:\/\/eschringen.de\/wordpress\/der-ort\/sehenswertes\/#breadcrumb"},"inLanguage":"de","potentialAction":[{"@type":"ReadAction","target":["https:\/\/eschringen.de\/wordpress\/der-ort\/sehenswertes\/"]}]},{"@type":"ImageObject","inLanguage":"de","@id":"https:\/\/eschringen.de\/wordpress\/der-ort\/sehenswertes\/#primaryimage","url":"https:\/\/i0.wp.com\/eschringen.de\/wordpress\/wp-content\/uploads\/2022\/08\/uebersicht.gif?fit=631%2C448&ssl=1","contentUrl":"https:\/\/i0.wp.com\/eschringen.de\/wordpress\/wp-content\/uploads\/2022\/08\/uebersicht.gif?fit=631%2C448&ssl=1","width":631,"height":448},{"@type":"BreadcrumbList","@id":"https:\/\/eschringen.de\/wordpress\/der-ort\/sehenswertes\/#breadcrumb","itemListElement":[{"@type":"ListItem","position":1,"name":"Startseite","item":"https:\/\/eschringen.de\/wordpress\/"},{"@type":"ListItem","position":2,"name":"Der Ort","item":"https:\/\/eschringen.de\/wordpress\/der-ort\/"},{"@type":"ListItem","position":3,"name":"Sehenswertes"}]},{"@type":"WebSite","@id":"https:\/\/eschringen.de\/wordpress\/#website","url":"https:\/\/eschringen.de\/wordpress\/","name":"Eschringen","description":"","publisher":{"@id":"https:\/\/eschringen.de\/wordpress\/#organization"},"potentialAction":[{"@type":"SearchAction","target":{"@type":"EntryPoint","urlTemplate":"https:\/\/eschringen.de\/wordpress\/?s={search_term_string}"},"query-input":{"@type":"PropertyValueSpecification","valueRequired":true,"valueName":"search_term_string"}}],"inLanguage":"de"},{"@type":"Organization","@id":"https:\/\/eschringen.de\/wordpress\/#organization","name":"Eschringen","url":"https:\/\/eschringen.de\/wordpress\/","logo":{"@type":"ImageObject","inLanguage":"de","@id":"https:\/\/eschringen.de\/wordpress\/#\/schema\/logo\/image\/","url":"https:\/\/eschringen.de\/wordpress\/wp-content\/uploads\/2017\/03\/2017_kw15.jpg","contentUrl":"https:\/\/eschringen.de\/wordpress\/wp-content\/uploads\/2017\/03\/2017_kw15.jpg","width":784,"height":447,"caption":"Eschringen"},"image":{"@id":"https:\/\/eschringen.de\/wordpress\/#\/schema\/logo\/image\/"}}]}},"jetpack_sharing_enabled":true,"_links":{"self":[{"href":"https:\/\/eschringen.de\/wordpress\/wp-json\/wp\/v2\/pages\/121","targetHints":{"allow":["GET"]}}],"collection":[{"href":"https:\/\/eschringen.de\/wordpress\/wp-json\/wp\/v2\/pages"}],"about":[{"href":"https:\/\/eschringen.de\/wordpress\/wp-json\/wp\/v2\/types\/page"}],"author":[{"embeddable":true,"href":"https:\/\/eschringen.de\/wordpress\/wp-json\/wp\/v2\/users\/1"}],"replies":[{"embeddable":true,"href":"https:\/\/eschringen.de\/wordpress\/wp-json\/wp\/v2\/comments?post=121"}],"version-history":[{"count":11,"href":"https:\/\/eschringen.de\/wordpress\/wp-json\/wp\/v2\/pages\/121\/revisions"}],"predecessor-version":[{"id":3718,"href":"https:\/\/eschringen.de\/wordpress\/wp-json\/wp\/v2\/pages\/121\/revisions\/3718"}],"up":[{"embeddable":true,"href":"https:\/\/eschringen.de\/wordpress\/wp-json\/wp\/v2\/pages\/31"}],"wp:attachment":[{"href":"https:\/\/eschringen.de\/wordpress\/wp-json\/wp\/v2\/media?parent=121"}],"curies":[{"name":"wp","href":"https:\/\/api.w.org\/{rel}","templated":true}]}}