{"id":119,"date":"2017-02-01T00:03:16","date_gmt":"2017-01-31T23:03:16","guid":{"rendered":"http:\/\/eschringen.de\/wordpress\/?page_id=119"},"modified":"2020-12-02T20:07:08","modified_gmt":"2020-12-02T19:07:08","slug":"rundgaenge","status":"publish","type":"page","link":"https:\/\/eschringen.de\/wordpress\/der-ort\/rundgaenge\/","title":{"rendered":"Rundg\u00e4nge"},"content":{"rendered":"\n<p><span style=\"color: #0000ff;\"><strong>Unsere Routenvorschl\u00e4ge:<\/strong><\/span><\/p>\n\n\n\n<p><strong>Route 1 &#8211;<\/strong> <a href=\"http:\/\/eschringen.de\/wordpress\/der-ort\/rundgaenge\/route-1\/\">Auf in den \u00dcberwald<\/a><\/p>\n\n\n\n<p><strong>Route 2 &#8211;<\/strong> <a href=\"http:\/\/eschringen.de\/wordpress\/der-ort\/rundgaenge\/route-2\/\">Auf in die Sitters<\/a><\/p>\n\n\n\n<p><strong>Route 3 &#8211;<\/strong> <a href=\"http:\/\/eschringen.de\/wordpress\/der-ort\/rundgaenge\/route-3\/\">Auf zum Ponsheimer Hof<\/a><\/p>\n\n\n\n<p><strong>Route 4 &#8211;<\/strong> <a href=\"http:\/\/eschringen.de\/wordpress\/der-ort\/rundgaenge\/route-4\/\">Auf zum Br\u00fcck&#8217;l<\/a><\/p>\n\n\n\n<p><strong>Route 5 &#8211;<\/strong> <a href=\"http:\/\/eschringen.de\/wordpress\/der-ort\/rundgaenge\/route-5\/\">Auf in die Dumpf<\/a><\/p>\n\n\n\n<p><strong>Route 6 &#8211;<\/strong> <a href=\"http:\/\/eschringen.de\/wordpress\/der-ort\/rundgaenge\/route-6\/\">Auf zu den \u201ePreu\u00dfen\u201c: einmal Fechingen und zur\u00fcck<\/a><\/p>\n\n\n\n<p><strong>Route 7 &#8211;<\/strong> <a href=\"http:\/\/eschringen.de\/wordpress\/der-ort\/rundgaenge\/route-7\/\">&#8222;Der Eschringer Grenzsteinlehrpfad&#8220;<\/a><\/p>\n\n\n\n<p><strong>Route 8 &#8211;<\/strong> <a href=\"http:\/\/eschringen.de\/wordpress\/der-ort\/rundgaenge\/route-8\/\">Auf zum Hartungshof und zur\u00fcck<\/a><\/p>\n\n\n\n<p><strong>Route 9 &#8211;<\/strong> <a href=\"http:\/\/eschringen.de\/wordpress\/der-ort\/rundgaenge\/route-9\/\">Auf zum Hunackerhof und zur\u00fcck<\/a><\/p>\n\n\n\n<iframe loading=\"lazy\" src=\"https:\/\/www.google.com\/maps\/d\/embed?mid=1lSmOc3OATbeAjI48SmzVwW5CmdjNG5Rq\" width=\"800\" height=\"600\"><\/iframe>\n\n\n\n<p>Zu den meisten Routen sind GPS-Daten hinterlegt.<\/p>\n","protected":false},"excerpt":{"rendered":"<p>Unsere Routenvorschl\u00e4ge: Route 1 &#8211; Auf in den \u00dcberwald Route 2 &#8211; Auf in die Sitters Route 3 &#8211; Auf zum Ponsheimer Hof Route 4 &#8211; Auf zum Br\u00fcck&#8217;l Route 5 &#8211; Auf in die Dumpf Route 6 &#8211; Auf zu den \u201ePreu\u00dfen\u201c: einmal Fechingen und zur\u00fcck Route 7 &#8211; &#8222;Der Eschringer Grenzsteinlehrpfad&#8220; Route 8 &#8230; <a title=\"Rundg\u00e4nge\" class=\"read-more\" href=\"https:\/\/eschringen.de\/wordpress\/der-ort\/rundgaenge\/\" aria-label=\"Mehr Informationen \u00fcber Rundg\u00e4nge\">Weiterlesen &#8230;<\/a><\/p>\n","protected":false},"author":1,"featured_media":0,"parent":31,"menu_order":3,"comment_status":"closed","ping_status":"closed","template":"","meta":{"ngg_post_thumbnail":0,"footnotes":""},"class_list":["post-119","page","type-page","status-publish"],"yoast_head":"<!-- This site is optimized with the Yoast SEO plugin v27.5 - https:\/\/yoast.com\/product\/yoast-seo-wordpress\/ -->\n<title>Rundg\u00e4nge - Eschringen<\/title>\n<meta name=\"robots\" content=\"index, follow, max-snippet:-1, max-image-preview:large, max-video-preview:-1\" \/>\n<link rel=\"canonical\" href=\"https:\/\/eschringen.de\/wordpress\/der-ort\/rundgaenge\/\" \/>\n<meta property=\"og:locale\" content=\"de_DE\" \/>\n<meta property=\"og:type\" content=\"article\" \/>\n<meta property=\"og:title\" content=\"Rundg\u00e4nge - Eschringen\" \/>\n<meta property=\"og:description\" content=\"Unsere Routenvorschl\u00e4ge: Route 1 &#8211; Auf in den \u00dcberwald Route 2 &#8211; Auf in die Sitters Route 3 &#8211; Auf zum Ponsheimer Hof Route 4 &#8211; Auf zum Br\u00fcck&#8217;l Route 5 &#8211; Auf in die Dumpf Route 6 &#8211; Auf zu den \u201ePreu\u00dfen\u201c: einmal Fechingen und zur\u00fcck Route 7 &#8211; &#8222;Der Eschringer Grenzsteinlehrpfad&#8220; Route 8 ... Weiterlesen ...\" \/>\n<meta property=\"og:url\" content=\"https:\/\/eschringen.de\/wordpress\/der-ort\/rundgaenge\/\" \/>\n<meta property=\"og:site_name\" content=\"Eschringen\" \/>\n<meta property=\"article:modified_time\" content=\"2020-12-02T19:07:08+00:00\" \/>\n<meta name=\"twitter:card\" content=\"summary_large_image\" \/>\n<script type=\"application\/ld+json\" class=\"yoast-schema-graph\">{\"@context\":\"https:\\\/\\\/schema.org\",\"@graph\":[{\"@type\":\"WebPage\",\"@id\":\"https:\\\/\\\/eschringen.de\\\/wordpress\\\/der-ort\\\/rundgaenge\\\/\",\"url\":\"https:\\\/\\\/eschringen.de\\\/wordpress\\\/der-ort\\\/rundgaenge\\\/\",\"name\":\"Rundg\u00e4nge - Eschringen\",\"isPartOf\":{\"@id\":\"https:\\\/\\\/eschringen.de\\\/wordpress\\\/#website\"},\"datePublished\":\"2017-01-31T23:03:16+00:00\",\"dateModified\":\"2020-12-02T19:07:08+00:00\",\"breadcrumb\":{\"@id\":\"https:\\\/\\\/eschringen.de\\\/wordpress\\\/der-ort\\\/rundgaenge\\\/#breadcrumb\"},\"inLanguage\":\"de\",\"potentialAction\":[{\"@type\":\"ReadAction\",\"target\":[\"https:\\\/\\\/eschringen.de\\\/wordpress\\\/der-ort\\\/rundgaenge\\\/\"]}]},{\"@type\":\"BreadcrumbList\",\"@id\":\"https:\\\/\\\/eschringen.de\\\/wordpress\\\/der-ort\\\/rundgaenge\\\/#breadcrumb\",\"itemListElement\":[{\"@type\":\"ListItem\",\"position\":1,\"name\":\"Startseite\",\"item\":\"https:\\\/\\\/eschringen.de\\\/wordpress\\\/\"},{\"@type\":\"ListItem\",\"position\":2,\"name\":\"Der Ort\",\"item\":\"https:\\\/\\\/eschringen.de\\\/wordpress\\\/der-ort\\\/\"},{\"@type\":\"ListItem\",\"position\":3,\"name\":\"Rundg\u00e4nge\"}]},{\"@type\":\"WebSite\",\"@id\":\"https:\\\/\\\/eschringen.de\\\/wordpress\\\/#website\",\"url\":\"https:\\\/\\\/eschringen.de\\\/wordpress\\\/\",\"name\":\"Eschringen\",\"description\":\"\",\"publisher\":{\"@id\":\"https:\\\/\\\/eschringen.de\\\/wordpress\\\/#organization\"},\"potentialAction\":[{\"@type\":\"SearchAction\",\"target\":{\"@type\":\"EntryPoint\",\"urlTemplate\":\"https:\\\/\\\/eschringen.de\\\/wordpress\\\/?s={search_term_string}\"},\"query-input\":{\"@type\":\"PropertyValueSpecification\",\"valueRequired\":true,\"valueName\":\"search_term_string\"}}],\"inLanguage\":\"de\"},{\"@type\":\"Organization\",\"@id\":\"https:\\\/\\\/eschringen.de\\\/wordpress\\\/#organization\",\"name\":\"Eschringen\",\"url\":\"https:\\\/\\\/eschringen.de\\\/wordpress\\\/\",\"logo\":{\"@type\":\"ImageObject\",\"inLanguage\":\"de\",\"@id\":\"https:\\\/\\\/eschringen.de\\\/wordpress\\\/#\\\/schema\\\/logo\\\/image\\\/\",\"url\":\"https:\\\/\\\/eschringen.de\\\/wordpress\\\/wp-content\\\/uploads\\\/2017\\\/03\\\/2017_kw15.jpg\",\"contentUrl\":\"https:\\\/\\\/eschringen.de\\\/wordpress\\\/wp-content\\\/uploads\\\/2017\\\/03\\\/2017_kw15.jpg\",\"width\":784,\"height\":447,\"caption\":\"Eschringen\"},\"image\":{\"@id\":\"https:\\\/\\\/eschringen.de\\\/wordpress\\\/#\\\/schema\\\/logo\\\/image\\\/\"}}]}<\/script>\n<!-- \/ Yoast SEO plugin. -->","yoast_head_json":{"title":"Rundg\u00e4nge - Eschringen","robots":{"index":"index","follow":"follow","max-snippet":"max-snippet:-1","max-image-preview":"max-image-preview:large","max-video-preview":"max-video-preview:-1"},"canonical":"https:\/\/eschringen.de\/wordpress\/der-ort\/rundgaenge\/","og_locale":"de_DE","og_type":"article","og_title":"Rundg\u00e4nge - Eschringen","og_description":"Unsere Routenvorschl\u00e4ge: Route 1 &#8211; Auf in den \u00dcberwald Route 2 &#8211; Auf in die Sitters Route 3 &#8211; Auf zum Ponsheimer Hof Route 4 &#8211; Auf zum Br\u00fcck&#8217;l Route 5 &#8211; Auf in die Dumpf Route 6 &#8211; Auf zu den \u201ePreu\u00dfen\u201c: einmal Fechingen und zur\u00fcck Route 7 &#8211; &#8222;Der Eschringer Grenzsteinlehrpfad&#8220; Route 8 ... Weiterlesen ...","og_url":"https:\/\/eschringen.de\/wordpress\/der-ort\/rundgaenge\/","og_site_name":"Eschringen","article_modified_time":"2020-12-02T19:07:08+00:00","twitter_card":"summary_large_image","schema":{"@context":"https:\/\/schema.org","@graph":[{"@type":"WebPage","@id":"https:\/\/eschringen.de\/wordpress\/der-ort\/rundgaenge\/","url":"https:\/\/eschringen.de\/wordpress\/der-ort\/rundgaenge\/","name":"Rundg\u00e4nge - Eschringen","isPartOf":{"@id":"https:\/\/eschringen.de\/wordpress\/#website"},"datePublished":"2017-01-31T23:03:16+00:00","dateModified":"2020-12-02T19:07:08+00:00","breadcrumb":{"@id":"https:\/\/eschringen.de\/wordpress\/der-ort\/rundgaenge\/#breadcrumb"},"inLanguage":"de","potentialAction":[{"@type":"ReadAction","target":["https:\/\/eschringen.de\/wordpress\/der-ort\/rundgaenge\/"]}]},{"@type":"BreadcrumbList","@id":"https:\/\/eschringen.de\/wordpress\/der-ort\/rundgaenge\/#breadcrumb","itemListElement":[{"@type":"ListItem","position":1,"name":"Startseite","item":"https:\/\/eschringen.de\/wordpress\/"},{"@type":"ListItem","position":2,"name":"Der Ort","item":"https:\/\/eschringen.de\/wordpress\/der-ort\/"},{"@type":"ListItem","position":3,"name":"Rundg\u00e4nge"}]},{"@type":"WebSite","@id":"https:\/\/eschringen.de\/wordpress\/#website","url":"https:\/\/eschringen.de\/wordpress\/","name":"Eschringen","description":"","publisher":{"@id":"https:\/\/eschringen.de\/wordpress\/#organization"},"potentialAction":[{"@type":"SearchAction","target":{"@type":"EntryPoint","urlTemplate":"https:\/\/eschringen.de\/wordpress\/?s={search_term_string}"},"query-input":{"@type":"PropertyValueSpecification","valueRequired":true,"valueName":"search_term_string"}}],"inLanguage":"de"},{"@type":"Organization","@id":"https:\/\/eschringen.de\/wordpress\/#organization","name":"Eschringen","url":"https:\/\/eschringen.de\/wordpress\/","logo":{"@type":"ImageObject","inLanguage":"de","@id":"https:\/\/eschringen.de\/wordpress\/#\/schema\/logo\/image\/","url":"https:\/\/eschringen.de\/wordpress\/wp-content\/uploads\/2017\/03\/2017_kw15.jpg","contentUrl":"https:\/\/eschringen.de\/wordpress\/wp-content\/uploads\/2017\/03\/2017_kw15.jpg","width":784,"height":447,"caption":"Eschringen"},"image":{"@id":"https:\/\/eschringen.de\/wordpress\/#\/schema\/logo\/image\/"}}]}},"jetpack_sharing_enabled":true,"_links":{"self":[{"href":"https:\/\/eschringen.de\/wordpress\/wp-json\/wp\/v2\/pages\/119","targetHints":{"allow":["GET"]}}],"collection":[{"href":"https:\/\/eschringen.de\/wordpress\/wp-json\/wp\/v2\/pages"}],"about":[{"href":"https:\/\/eschringen.de\/wordpress\/wp-json\/wp\/v2\/types\/page"}],"author":[{"embeddable":true,"href":"https:\/\/eschringen.de\/wordpress\/wp-json\/wp\/v2\/users\/1"}],"replies":[{"embeddable":true,"href":"https:\/\/eschringen.de\/wordpress\/wp-json\/wp\/v2\/comments?post=119"}],"version-history":[{"count":7,"href":"https:\/\/eschringen.de\/wordpress\/wp-json\/wp\/v2\/pages\/119\/revisions"}],"predecessor-version":[{"id":3052,"href":"https:\/\/eschringen.de\/wordpress\/wp-json\/wp\/v2\/pages\/119\/revisions\/3052"}],"up":[{"embeddable":true,"href":"https:\/\/eschringen.de\/wordpress\/wp-json\/wp\/v2\/pages\/31"}],"wp:attachment":[{"href":"https:\/\/eschringen.de\/wordpress\/wp-json\/wp\/v2\/media?parent=119"}],"curies":[{"name":"wp","href":"https:\/\/api.w.org\/{rel}","templated":true}]}}