{"id":117,"date":"2017-02-01T00:02:23","date_gmt":"2017-01-31T23:02:23","guid":{"rendered":"http:\/\/eschringen.de\/wordpress\/?page_id=117"},"modified":"2025-01-04T21:51:54","modified_gmt":"2025-01-04T20:51:54","slug":"oeffentliche-einrichtungen","status":"publish","type":"page","link":"https:\/\/eschringen.de\/wordpress\/der-ort\/oeffentliche-einrichtungen\/","title":{"rendered":"\u00d6ffentliche Einrichtungen"},"content":{"rendered":"<p><strong><span style=\"color: #0000ff;\">Sport- und Kulturhalle<\/span><br \/>\n<\/strong>Sport- und Mehrzweckhalle &#8211; (neben der ehemaligen Grundschule) &#8211; Gr\u00f6\u00dfe: 18 x 33 m &#8211; Tel. 06893-<strong>3826<\/strong><\/p>\n<p><strong><span style=\"color: #0000ff;\">Dorfgemeinschaftshaus<\/span><br \/>\n<\/strong>Andreas-Kremp-Str. 31 (ehemalige Grundschule) &#8211; Raummiete anfragen unter <strong>Tel<\/strong>. 06893-<strong>6553 <\/strong>oder <strong>Mail<\/strong> an<strong> info(at)eschringen.de <\/strong>oder<strong> WhatsApp<\/strong> an <strong><a href=\"https:\/\/wa.me\/4968936553\">068936553<\/a><\/strong><\/p>\n<p><span style=\"color: #0000ff;\"><strong>Festplatz<\/strong><\/span><br \/>\n&#8222;Im Pfaffeneck&#8220; &#8211; (mit Toilettenh\u00e4uschen)<\/p>\n<p><strong><span style=\"color: #0000ff;\">Veranstaltungss\u00e4le:<\/span><br \/>\n<\/strong>Sport- und Kulturhalle<\/p>\n<p><span style=\"color: #0000ff;\"><strong>Sportplatz<\/strong><\/span><br \/>\n(Kunstrasenplatz; Gr\u00f6\u00dfe 70 x 100 m) &#8211; Andreas-Kremp-Str. 33<\/p>\n<p><span style=\"color: #0000ff;\"><strong>Kinderspielplatz<\/strong><\/span><br \/>\n&#8222;Im Pfaffeneck&#8220;<\/p>\n<p><strong><span style=\"color: #0000ff;\">Katholische Kirchengemeinde<\/span><br \/>\n<\/strong>Pfarramt Ensheim, Kirchenstra\u00dfe 4, 66131 Saarbr\u00fccken &#8211; Telefon: 06893 &#8211; <strong>22 37<br \/>\n<\/strong>Telefax: 06893 &#8211; <strong>70 514<\/strong>, E-Mail: <a href=\"mailto:Pfarramt.Ensheim@Bistum-Speyer.de\">Pfarramt.Ensheim@Bistum-Speyer.de<\/a><\/p>\n<p><strong><span style=\"color: #0000ff;\">Evangelische Kirchengemeinde<\/span><br \/>\n<\/strong>Pfarrhaus Ensheim: Haupstra\u00dfe 64a &#8211; Tel. 06893-<strong>2380<\/strong><\/p>\n<p><strong><span style=\"color: #0000ff;\">Neuapostolische Kirchengemeinde<\/span><br \/>\n<\/strong>Betsaal auf dem &#8222;Rosenberg&#8220;<\/p>\n<p><span style=\"color: #0000ff;\"><strong>zust\u00e4ndige st\u00e4dtische Beh\u00f6rden:<\/strong><\/span><\/p>\n<p><strong>Bauhof<\/strong><br \/>\nBezirk Halberg &#8211; Kurt-Schumacher-Str. &#8211; Tel. 0681-905-4406<\/p>\n<p><strong>B\u00fcrgeramt Halberg<\/strong><br \/>\nRathaus Brebach &#8211; Tel. 0681-905-4444<\/p>\n<p><strong>Friedhof<\/strong><br \/>\nmit Einsegnungshalle &#8211; Tel. 06893-<strong>1648<\/strong><\/p>\n<p><span style=\"color: #0000ff;\"><strong>sonstige Serviceeinrichtungen:<\/strong><\/span><\/p>\n<p><strong>Altglascontainer<br \/>\n<\/strong>Ecke Hauptstrasse\/In der Kimmbach &#8211; sowie Ecke Ensheimer Stra\u00dfe\/Am Rebenberg<\/p>\n","protected":false},"excerpt":{"rendered":"<p>Sport- und Kulturhalle Sport- und Mehrzweckhalle &#8211; (neben der ehemaligen Grundschule) &#8211; Gr\u00f6\u00dfe: 18 x 33 m &#8211; Tel. 06893-3826 Dorfgemeinschaftshaus Andreas-Kremp-Str. 31 (ehemalige Grundschule) &#8211; Raummiete anfragen unter Tel. 06893-6553 oder Mail an info(at)eschringen.de oder WhatsApp an 068936553 Festplatz &#8222;Im Pfaffeneck&#8220; &#8211; (mit Toilettenh\u00e4uschen) Veranstaltungss\u00e4le: Sport- und Kulturhalle Sportplatz (Kunstrasenplatz; Gr\u00f6\u00dfe 70 x 100 &#8230; <a title=\"\u00d6ffentliche Einrichtungen\" class=\"read-more\" href=\"https:\/\/eschringen.de\/wordpress\/der-ort\/oeffentliche-einrichtungen\/\" aria-label=\"Mehr Informationen \u00fcber \u00d6ffentliche Einrichtungen\">Weiterlesen &#8230;<\/a><\/p>\n","protected":false},"author":1,"featured_media":0,"parent":31,"menu_order":2,"comment_status":"closed","ping_status":"closed","template":"","meta":{"ngg_post_thumbnail":0,"footnotes":""},"class_list":["post-117","page","type-page","status-publish"],"yoast_head":"<!-- This site is optimized with the Yoast SEO plugin v27.4 - https:\/\/yoast.com\/product\/yoast-seo-wordpress\/ -->\n<title>\u00d6ffentliche Einrichtungen - Eschringen<\/title>\n<meta name=\"robots\" content=\"index, follow, max-snippet:-1, max-image-preview:large, max-video-preview:-1\" \/>\n<link rel=\"canonical\" href=\"https:\/\/eschringen.de\/wordpress\/der-ort\/oeffentliche-einrichtungen\/\" \/>\n<meta property=\"og:locale\" content=\"de_DE\" \/>\n<meta property=\"og:type\" content=\"article\" \/>\n<meta property=\"og:title\" content=\"\u00d6ffentliche Einrichtungen - Eschringen\" \/>\n<meta property=\"og:description\" content=\"Sport- und Kulturhalle Sport- und Mehrzweckhalle &#8211; (neben der ehemaligen Grundschule) &#8211; Gr\u00f6\u00dfe: 18 x 33 m &#8211; Tel. 06893-3826 Dorfgemeinschaftshaus Andreas-Kremp-Str. 31 (ehemalige Grundschule) &#8211; Raummiete anfragen unter Tel. 06893-6553 oder Mail an info(at)eschringen.de oder WhatsApp an 068936553 Festplatz &#8222;Im Pfaffeneck&#8220; &#8211; (mit Toilettenh\u00e4uschen) Veranstaltungss\u00e4le: Sport- und Kulturhalle Sportplatz (Kunstrasenplatz; Gr\u00f6\u00dfe 70 x 100 ... Weiterlesen ...\" \/>\n<meta property=\"og:url\" content=\"https:\/\/eschringen.de\/wordpress\/der-ort\/oeffentliche-einrichtungen\/\" \/>\n<meta property=\"og:site_name\" content=\"Eschringen\" \/>\n<meta property=\"article:modified_time\" content=\"2025-01-04T20:51:54+00:00\" \/>\n<meta name=\"twitter:card\" content=\"summary_large_image\" \/>\n<meta name=\"twitter:label1\" content=\"Gesch\u00e4tzte Lesezeit\" \/>\n\t<meta name=\"twitter:data1\" content=\"1\u00a0Minute\" \/>\n<script type=\"application\/ld+json\" class=\"yoast-schema-graph\">{\"@context\":\"https:\\\/\\\/schema.org\",\"@graph\":[{\"@type\":\"WebPage\",\"@id\":\"https:\\\/\\\/eschringen.de\\\/wordpress\\\/der-ort\\\/oeffentliche-einrichtungen\\\/\",\"url\":\"https:\\\/\\\/eschringen.de\\\/wordpress\\\/der-ort\\\/oeffentliche-einrichtungen\\\/\",\"name\":\"\u00d6ffentliche Einrichtungen - Eschringen\",\"isPartOf\":{\"@id\":\"https:\\\/\\\/eschringen.de\\\/wordpress\\\/#website\"},\"datePublished\":\"2017-01-31T23:02:23+00:00\",\"dateModified\":\"2025-01-04T20:51:54+00:00\",\"breadcrumb\":{\"@id\":\"https:\\\/\\\/eschringen.de\\\/wordpress\\\/der-ort\\\/oeffentliche-einrichtungen\\\/#breadcrumb\"},\"inLanguage\":\"de\",\"potentialAction\":[{\"@type\":\"ReadAction\",\"target\":[\"https:\\\/\\\/eschringen.de\\\/wordpress\\\/der-ort\\\/oeffentliche-einrichtungen\\\/\"]}]},{\"@type\":\"BreadcrumbList\",\"@id\":\"https:\\\/\\\/eschringen.de\\\/wordpress\\\/der-ort\\\/oeffentliche-einrichtungen\\\/#breadcrumb\",\"itemListElement\":[{\"@type\":\"ListItem\",\"position\":1,\"name\":\"Startseite\",\"item\":\"https:\\\/\\\/eschringen.de\\\/wordpress\\\/\"},{\"@type\":\"ListItem\",\"position\":2,\"name\":\"Der Ort\",\"item\":\"https:\\\/\\\/eschringen.de\\\/wordpress\\\/der-ort\\\/\"},{\"@type\":\"ListItem\",\"position\":3,\"name\":\"\u00d6ffentliche Einrichtungen\"}]},{\"@type\":\"WebSite\",\"@id\":\"https:\\\/\\\/eschringen.de\\\/wordpress\\\/#website\",\"url\":\"https:\\\/\\\/eschringen.de\\\/wordpress\\\/\",\"name\":\"Eschringen\",\"description\":\"\",\"publisher\":{\"@id\":\"https:\\\/\\\/eschringen.de\\\/wordpress\\\/#organization\"},\"potentialAction\":[{\"@type\":\"SearchAction\",\"target\":{\"@type\":\"EntryPoint\",\"urlTemplate\":\"https:\\\/\\\/eschringen.de\\\/wordpress\\\/?s={search_term_string}\"},\"query-input\":{\"@type\":\"PropertyValueSpecification\",\"valueRequired\":true,\"valueName\":\"search_term_string\"}}],\"inLanguage\":\"de\"},{\"@type\":\"Organization\",\"@id\":\"https:\\\/\\\/eschringen.de\\\/wordpress\\\/#organization\",\"name\":\"Eschringen\",\"url\":\"https:\\\/\\\/eschringen.de\\\/wordpress\\\/\",\"logo\":{\"@type\":\"ImageObject\",\"inLanguage\":\"de\",\"@id\":\"https:\\\/\\\/eschringen.de\\\/wordpress\\\/#\\\/schema\\\/logo\\\/image\\\/\",\"url\":\"https:\\\/\\\/eschringen.de\\\/wordpress\\\/wp-content\\\/uploads\\\/2017\\\/03\\\/2017_kw15.jpg\",\"contentUrl\":\"https:\\\/\\\/eschringen.de\\\/wordpress\\\/wp-content\\\/uploads\\\/2017\\\/03\\\/2017_kw15.jpg\",\"width\":784,\"height\":447,\"caption\":\"Eschringen\"},\"image\":{\"@id\":\"https:\\\/\\\/eschringen.de\\\/wordpress\\\/#\\\/schema\\\/logo\\\/image\\\/\"}}]}<\/script>\n<!-- \/ Yoast SEO plugin. -->","yoast_head_json":{"title":"\u00d6ffentliche Einrichtungen - Eschringen","robots":{"index":"index","follow":"follow","max-snippet":"max-snippet:-1","max-image-preview":"max-image-preview:large","max-video-preview":"max-video-preview:-1"},"canonical":"https:\/\/eschringen.de\/wordpress\/der-ort\/oeffentliche-einrichtungen\/","og_locale":"de_DE","og_type":"article","og_title":"\u00d6ffentliche Einrichtungen - Eschringen","og_description":"Sport- und Kulturhalle Sport- und Mehrzweckhalle &#8211; (neben der ehemaligen Grundschule) &#8211; Gr\u00f6\u00dfe: 18 x 33 m &#8211; Tel. 06893-3826 Dorfgemeinschaftshaus Andreas-Kremp-Str. 31 (ehemalige Grundschule) &#8211; Raummiete anfragen unter Tel. 06893-6553 oder Mail an info(at)eschringen.de oder WhatsApp an 068936553 Festplatz &#8222;Im Pfaffeneck&#8220; &#8211; (mit Toilettenh\u00e4uschen) Veranstaltungss\u00e4le: Sport- und Kulturhalle Sportplatz (Kunstrasenplatz; Gr\u00f6\u00dfe 70 x 100 ... Weiterlesen ...","og_url":"https:\/\/eschringen.de\/wordpress\/der-ort\/oeffentliche-einrichtungen\/","og_site_name":"Eschringen","article_modified_time":"2025-01-04T20:51:54+00:00","twitter_card":"summary_large_image","twitter_misc":{"Gesch\u00e4tzte Lesezeit":"1\u00a0Minute"},"schema":{"@context":"https:\/\/schema.org","@graph":[{"@type":"WebPage","@id":"https:\/\/eschringen.de\/wordpress\/der-ort\/oeffentliche-einrichtungen\/","url":"https:\/\/eschringen.de\/wordpress\/der-ort\/oeffentliche-einrichtungen\/","name":"\u00d6ffentliche Einrichtungen - Eschringen","isPartOf":{"@id":"https:\/\/eschringen.de\/wordpress\/#website"},"datePublished":"2017-01-31T23:02:23+00:00","dateModified":"2025-01-04T20:51:54+00:00","breadcrumb":{"@id":"https:\/\/eschringen.de\/wordpress\/der-ort\/oeffentliche-einrichtungen\/#breadcrumb"},"inLanguage":"de","potentialAction":[{"@type":"ReadAction","target":["https:\/\/eschringen.de\/wordpress\/der-ort\/oeffentliche-einrichtungen\/"]}]},{"@type":"BreadcrumbList","@id":"https:\/\/eschringen.de\/wordpress\/der-ort\/oeffentliche-einrichtungen\/#breadcrumb","itemListElement":[{"@type":"ListItem","position":1,"name":"Startseite","item":"https:\/\/eschringen.de\/wordpress\/"},{"@type":"ListItem","position":2,"name":"Der Ort","item":"https:\/\/eschringen.de\/wordpress\/der-ort\/"},{"@type":"ListItem","position":3,"name":"\u00d6ffentliche Einrichtungen"}]},{"@type":"WebSite","@id":"https:\/\/eschringen.de\/wordpress\/#website","url":"https:\/\/eschringen.de\/wordpress\/","name":"Eschringen","description":"","publisher":{"@id":"https:\/\/eschringen.de\/wordpress\/#organization"},"potentialAction":[{"@type":"SearchAction","target":{"@type":"EntryPoint","urlTemplate":"https:\/\/eschringen.de\/wordpress\/?s={search_term_string}"},"query-input":{"@type":"PropertyValueSpecification","valueRequired":true,"valueName":"search_term_string"}}],"inLanguage":"de"},{"@type":"Organization","@id":"https:\/\/eschringen.de\/wordpress\/#organization","name":"Eschringen","url":"https:\/\/eschringen.de\/wordpress\/","logo":{"@type":"ImageObject","inLanguage":"de","@id":"https:\/\/eschringen.de\/wordpress\/#\/schema\/logo\/image\/","url":"https:\/\/eschringen.de\/wordpress\/wp-content\/uploads\/2017\/03\/2017_kw15.jpg","contentUrl":"https:\/\/eschringen.de\/wordpress\/wp-content\/uploads\/2017\/03\/2017_kw15.jpg","width":784,"height":447,"caption":"Eschringen"},"image":{"@id":"https:\/\/eschringen.de\/wordpress\/#\/schema\/logo\/image\/"}}]}},"jetpack_sharing_enabled":true,"_links":{"self":[{"href":"https:\/\/eschringen.de\/wordpress\/wp-json\/wp\/v2\/pages\/117","targetHints":{"allow":["GET"]}}],"collection":[{"href":"https:\/\/eschringen.de\/wordpress\/wp-json\/wp\/v2\/pages"}],"about":[{"href":"https:\/\/eschringen.de\/wordpress\/wp-json\/wp\/v2\/types\/page"}],"author":[{"embeddable":true,"href":"https:\/\/eschringen.de\/wordpress\/wp-json\/wp\/v2\/users\/1"}],"replies":[{"embeddable":true,"href":"https:\/\/eschringen.de\/wordpress\/wp-json\/wp\/v2\/comments?post=117"}],"version-history":[{"count":9,"href":"https:\/\/eschringen.de\/wordpress\/wp-json\/wp\/v2\/pages\/117\/revisions"}],"predecessor-version":[{"id":5064,"href":"https:\/\/eschringen.de\/wordpress\/wp-json\/wp\/v2\/pages\/117\/revisions\/5064"}],"up":[{"embeddable":true,"href":"https:\/\/eschringen.de\/wordpress\/wp-json\/wp\/v2\/pages\/31"}],"wp:attachment":[{"href":"https:\/\/eschringen.de\/wordpress\/wp-json\/wp\/v2\/media?parent=117"}],"curies":[{"name":"wp","href":"https:\/\/api.w.org\/{rel}","templated":true}]}}