{"id":111,"date":"2017-01-31T23:52:15","date_gmt":"2017-01-31T22:52:15","guid":{"rendered":"http:\/\/eschringen.de\/wordpress\/?page_id=111"},"modified":"2017-02-23T23:33:44","modified_gmt":"2017-02-23T22:33:44","slug":"infrastruktur","status":"publish","type":"page","link":"https:\/\/eschringen.de\/wordpress\/der-ort\/infrastruktur\/","title":{"rendered":"Infrastruktur"},"content":{"rendered":"<p><strong><span style=\"color: #0000ff;\">\u00c4rztliche Versorgung<\/span><\/strong><\/p>\n<p align=\"left\">Praxisgemeinschaft Ensheim &#8211; Im Hofgarten 2a &#8211; Tel. 06893-<strong>1212<\/strong><\/p>\n<p><span style=\"color: #0000ff;\"><strong>Grundschule<\/strong><\/span><\/p>\n<p align=\"left\">Grundschule Saarbr\u00fccken-Wickersberg &#8211; Marktweg 19a &#8211; 66131 Ensheim &#8211; Tel. 06893-<strong>2536<\/strong><\/p>\n<p align=\"left\"><span style=\"color: #0000ff;\"><strong>Kindergarten<\/strong><\/span><\/p>\n<p align=\"left\">Kindertagesst\u00e4tte Wickersberg &#8211; Marktweg 19b &#8211; 66131 Ensheim<\/p>\n<p><span style=\"color: #0000ff;\"><strong>Einzelhandel, Betriebe, Geldinstitute<\/strong><\/span><\/p>\n<p align=\"left\">Vorbemerkung:<\/p>\n<p>Die wirtschaftliche Infrastruktur (produzierendes Gewerbe, Handel und Dienstleistungen) hat leider in den letzten Jahren und Jahrzehnten schwere Einschnitte hinnehmen m\u00fcssen: Von der breiten Palette an Gesch\u00e4ften, Betrieben und sonstigen Einrichtungen, wie sie noch bis in die 1980er Jahre bestand, ist nicht mehr viel \u00fcbrig geblieben. Die Postfiliale schloss 1998, der letzte Landwirt gab 1996 auf, ein &#8222;Supermarkt&#8220; existiert seit Jahren nicht mehr, an die letzte Tankstelle erinnert sich kaum noch jemand. Vieles hat sich eben in die Stadt bzw. auf die &#8222;gr\u00fcne Wiese&#8220; verlagert oder musste schlicht aufgegeben werden.<\/p>\n<p align=\"left\">Gl\u00fccklicherweise sind noch einige wichtige L\u00e4den und Einrichtungen in der Hauptstra\u00dfe geblieben.<\/p>\n<p><span style=\"color: #0000ff;\"><strong>Wo man einkehren kann:<\/strong><\/span><\/p>\n<ul>\n<li>Pizzeria &#8222;Bel Paese&#8220;, Hauptstr. 15, Tel. 06893 &#8211; 70640\/41<\/li>\n<li>Gasthaus &#8222;<a href=\"http:\/\/www.ponsheimer-hof.de\/\" target=\"_blank\">Ponsheimer Hof&#8220;<\/a>, Tel. 06893 &#8211; 2305<\/li>\n<li>Anadolu Kebap 2, Hauptstr. 33, Tel. 06893 &#8211; 9494607<\/li>\n<\/ul>\n<p><span style=\"color: #0000ff;\"><strong>Wo man \u00fcbernachten kann:<\/strong><\/span><\/p>\n<ul>\n<li>Gasthaus &#8222;Bawette Peter&#8220;, Gr\u00e4finthaler Str. 10, E-Mail: <a href=\"mailto:info@bawette-peter.de\">info@bawette-peter.de<\/a> Internet: <a href=\"http:\/\/www.bawette-peter.de\" target=\"_blank\">www.bawette-peter.de<\/a><\/li>\n<\/ul>\n","protected":false},"excerpt":{"rendered":"<p>\u00c4rztliche Versorgung Praxisgemeinschaft Ensheim &#8211; Im Hofgarten 2a &#8211; Tel. 06893-1212 Grundschule Grundschule Saarbr\u00fccken-Wickersberg &#8211; Marktweg 19a &#8211; 66131 Ensheim &#8211; Tel. 06893-2536 Kindergarten Kindertagesst\u00e4tte Wickersberg &#8211; Marktweg 19b &#8211; 66131 Ensheim Einzelhandel, Betriebe, Geldinstitute Vorbemerkung: Die wirtschaftliche Infrastruktur (produzierendes Gewerbe, Handel und Dienstleistungen) hat leider in den letzten Jahren und Jahrzehnten schwere Einschnitte hinnehmen &#8230; <a title=\"Infrastruktur\" class=\"read-more\" href=\"https:\/\/eschringen.de\/wordpress\/der-ort\/infrastruktur\/\" aria-label=\"Mehr Informationen \u00fcber Infrastruktur\">Weiterlesen &#8230;<\/a><\/p>\n","protected":false},"author":1,"featured_media":0,"parent":31,"menu_order":1,"comment_status":"closed","ping_status":"closed","template":"","meta":{"ngg_post_thumbnail":0,"footnotes":""},"class_list":["post-111","page","type-page","status-publish"],"yoast_head":"<!-- This site is optimized with the Yoast SEO plugin v27.4 - https:\/\/yoast.com\/product\/yoast-seo-wordpress\/ -->\n<title>Infrastruktur - Eschringen<\/title>\n<meta name=\"robots\" content=\"index, follow, max-snippet:-1, max-image-preview:large, max-video-preview:-1\" \/>\n<link rel=\"canonical\" href=\"https:\/\/eschringen.de\/wordpress\/der-ort\/infrastruktur\/\" \/>\n<meta property=\"og:locale\" content=\"de_DE\" \/>\n<meta property=\"og:type\" content=\"article\" \/>\n<meta property=\"og:title\" content=\"Infrastruktur - Eschringen\" \/>\n<meta property=\"og:description\" content=\"\u00c4rztliche Versorgung Praxisgemeinschaft Ensheim &#8211; Im Hofgarten 2a &#8211; Tel. 06893-1212 Grundschule Grundschule Saarbr\u00fccken-Wickersberg &#8211; Marktweg 19a &#8211; 66131 Ensheim &#8211; Tel. 06893-2536 Kindergarten Kindertagesst\u00e4tte Wickersberg &#8211; Marktweg 19b &#8211; 66131 Ensheim Einzelhandel, Betriebe, Geldinstitute Vorbemerkung: Die wirtschaftliche Infrastruktur (produzierendes Gewerbe, Handel und Dienstleistungen) hat leider in den letzten Jahren und Jahrzehnten schwere Einschnitte hinnehmen ... Weiterlesen ...\" \/>\n<meta property=\"og:url\" content=\"https:\/\/eschringen.de\/wordpress\/der-ort\/infrastruktur\/\" \/>\n<meta property=\"og:site_name\" content=\"Eschringen\" \/>\n<meta property=\"article:modified_time\" content=\"2017-02-23T22:33:44+00:00\" \/>\n<meta name=\"twitter:card\" content=\"summary_large_image\" \/>\n<meta name=\"twitter:label1\" content=\"Gesch\u00e4tzte Lesezeit\" \/>\n\t<meta name=\"twitter:data1\" content=\"1\u00a0Minute\" \/>\n<script type=\"application\/ld+json\" class=\"yoast-schema-graph\">{\"@context\":\"https:\\\/\\\/schema.org\",\"@graph\":[{\"@type\":\"WebPage\",\"@id\":\"https:\\\/\\\/eschringen.de\\\/wordpress\\\/der-ort\\\/infrastruktur\\\/\",\"url\":\"https:\\\/\\\/eschringen.de\\\/wordpress\\\/der-ort\\\/infrastruktur\\\/\",\"name\":\"Infrastruktur - Eschringen\",\"isPartOf\":{\"@id\":\"https:\\\/\\\/eschringen.de\\\/wordpress\\\/#website\"},\"datePublished\":\"2017-01-31T22:52:15+00:00\",\"dateModified\":\"2017-02-23T22:33:44+00:00\",\"breadcrumb\":{\"@id\":\"https:\\\/\\\/eschringen.de\\\/wordpress\\\/der-ort\\\/infrastruktur\\\/#breadcrumb\"},\"inLanguage\":\"de\",\"potentialAction\":[{\"@type\":\"ReadAction\",\"target\":[\"https:\\\/\\\/eschringen.de\\\/wordpress\\\/der-ort\\\/infrastruktur\\\/\"]}]},{\"@type\":\"BreadcrumbList\",\"@id\":\"https:\\\/\\\/eschringen.de\\\/wordpress\\\/der-ort\\\/infrastruktur\\\/#breadcrumb\",\"itemListElement\":[{\"@type\":\"ListItem\",\"position\":1,\"name\":\"Startseite\",\"item\":\"https:\\\/\\\/eschringen.de\\\/wordpress\\\/\"},{\"@type\":\"ListItem\",\"position\":2,\"name\":\"Der Ort\",\"item\":\"https:\\\/\\\/eschringen.de\\\/wordpress\\\/der-ort\\\/\"},{\"@type\":\"ListItem\",\"position\":3,\"name\":\"Infrastruktur\"}]},{\"@type\":\"WebSite\",\"@id\":\"https:\\\/\\\/eschringen.de\\\/wordpress\\\/#website\",\"url\":\"https:\\\/\\\/eschringen.de\\\/wordpress\\\/\",\"name\":\"Eschringen\",\"description\":\"\",\"publisher\":{\"@id\":\"https:\\\/\\\/eschringen.de\\\/wordpress\\\/#organization\"},\"potentialAction\":[{\"@type\":\"SearchAction\",\"target\":{\"@type\":\"EntryPoint\",\"urlTemplate\":\"https:\\\/\\\/eschringen.de\\\/wordpress\\\/?s={search_term_string}\"},\"query-input\":{\"@type\":\"PropertyValueSpecification\",\"valueRequired\":true,\"valueName\":\"search_term_string\"}}],\"inLanguage\":\"de\"},{\"@type\":\"Organization\",\"@id\":\"https:\\\/\\\/eschringen.de\\\/wordpress\\\/#organization\",\"name\":\"Eschringen\",\"url\":\"https:\\\/\\\/eschringen.de\\\/wordpress\\\/\",\"logo\":{\"@type\":\"ImageObject\",\"inLanguage\":\"de\",\"@id\":\"https:\\\/\\\/eschringen.de\\\/wordpress\\\/#\\\/schema\\\/logo\\\/image\\\/\",\"url\":\"https:\\\/\\\/eschringen.de\\\/wordpress\\\/wp-content\\\/uploads\\\/2017\\\/03\\\/2017_kw15.jpg\",\"contentUrl\":\"https:\\\/\\\/eschringen.de\\\/wordpress\\\/wp-content\\\/uploads\\\/2017\\\/03\\\/2017_kw15.jpg\",\"width\":784,\"height\":447,\"caption\":\"Eschringen\"},\"image\":{\"@id\":\"https:\\\/\\\/eschringen.de\\\/wordpress\\\/#\\\/schema\\\/logo\\\/image\\\/\"}}]}<\/script>\n<!-- \/ Yoast SEO plugin. -->","yoast_head_json":{"title":"Infrastruktur - Eschringen","robots":{"index":"index","follow":"follow","max-snippet":"max-snippet:-1","max-image-preview":"max-image-preview:large","max-video-preview":"max-video-preview:-1"},"canonical":"https:\/\/eschringen.de\/wordpress\/der-ort\/infrastruktur\/","og_locale":"de_DE","og_type":"article","og_title":"Infrastruktur - Eschringen","og_description":"\u00c4rztliche Versorgung Praxisgemeinschaft Ensheim &#8211; Im Hofgarten 2a &#8211; Tel. 06893-1212 Grundschule Grundschule Saarbr\u00fccken-Wickersberg &#8211; Marktweg 19a &#8211; 66131 Ensheim &#8211; Tel. 06893-2536 Kindergarten Kindertagesst\u00e4tte Wickersberg &#8211; Marktweg 19b &#8211; 66131 Ensheim Einzelhandel, Betriebe, Geldinstitute Vorbemerkung: Die wirtschaftliche Infrastruktur (produzierendes Gewerbe, Handel und Dienstleistungen) hat leider in den letzten Jahren und Jahrzehnten schwere Einschnitte hinnehmen ... Weiterlesen ...","og_url":"https:\/\/eschringen.de\/wordpress\/der-ort\/infrastruktur\/","og_site_name":"Eschringen","article_modified_time":"2017-02-23T22:33:44+00:00","twitter_card":"summary_large_image","twitter_misc":{"Gesch\u00e4tzte Lesezeit":"1\u00a0Minute"},"schema":{"@context":"https:\/\/schema.org","@graph":[{"@type":"WebPage","@id":"https:\/\/eschringen.de\/wordpress\/der-ort\/infrastruktur\/","url":"https:\/\/eschringen.de\/wordpress\/der-ort\/infrastruktur\/","name":"Infrastruktur - Eschringen","isPartOf":{"@id":"https:\/\/eschringen.de\/wordpress\/#website"},"datePublished":"2017-01-31T22:52:15+00:00","dateModified":"2017-02-23T22:33:44+00:00","breadcrumb":{"@id":"https:\/\/eschringen.de\/wordpress\/der-ort\/infrastruktur\/#breadcrumb"},"inLanguage":"de","potentialAction":[{"@type":"ReadAction","target":["https:\/\/eschringen.de\/wordpress\/der-ort\/infrastruktur\/"]}]},{"@type":"BreadcrumbList","@id":"https:\/\/eschringen.de\/wordpress\/der-ort\/infrastruktur\/#breadcrumb","itemListElement":[{"@type":"ListItem","position":1,"name":"Startseite","item":"https:\/\/eschringen.de\/wordpress\/"},{"@type":"ListItem","position":2,"name":"Der Ort","item":"https:\/\/eschringen.de\/wordpress\/der-ort\/"},{"@type":"ListItem","position":3,"name":"Infrastruktur"}]},{"@type":"WebSite","@id":"https:\/\/eschringen.de\/wordpress\/#website","url":"https:\/\/eschringen.de\/wordpress\/","name":"Eschringen","description":"","publisher":{"@id":"https:\/\/eschringen.de\/wordpress\/#organization"},"potentialAction":[{"@type":"SearchAction","target":{"@type":"EntryPoint","urlTemplate":"https:\/\/eschringen.de\/wordpress\/?s={search_term_string}"},"query-input":{"@type":"PropertyValueSpecification","valueRequired":true,"valueName":"search_term_string"}}],"inLanguage":"de"},{"@type":"Organization","@id":"https:\/\/eschringen.de\/wordpress\/#organization","name":"Eschringen","url":"https:\/\/eschringen.de\/wordpress\/","logo":{"@type":"ImageObject","inLanguage":"de","@id":"https:\/\/eschringen.de\/wordpress\/#\/schema\/logo\/image\/","url":"https:\/\/eschringen.de\/wordpress\/wp-content\/uploads\/2017\/03\/2017_kw15.jpg","contentUrl":"https:\/\/eschringen.de\/wordpress\/wp-content\/uploads\/2017\/03\/2017_kw15.jpg","width":784,"height":447,"caption":"Eschringen"},"image":{"@id":"https:\/\/eschringen.de\/wordpress\/#\/schema\/logo\/image\/"}}]}},"jetpack_sharing_enabled":true,"_links":{"self":[{"href":"https:\/\/eschringen.de\/wordpress\/wp-json\/wp\/v2\/pages\/111","targetHints":{"allow":["GET"]}}],"collection":[{"href":"https:\/\/eschringen.de\/wordpress\/wp-json\/wp\/v2\/pages"}],"about":[{"href":"https:\/\/eschringen.de\/wordpress\/wp-json\/wp\/v2\/types\/page"}],"author":[{"embeddable":true,"href":"https:\/\/eschringen.de\/wordpress\/wp-json\/wp\/v2\/users\/1"}],"replies":[{"embeddable":true,"href":"https:\/\/eschringen.de\/wordpress\/wp-json\/wp\/v2\/comments?post=111"}],"version-history":[{"count":6,"href":"https:\/\/eschringen.de\/wordpress\/wp-json\/wp\/v2\/pages\/111\/revisions"}],"predecessor-version":[{"id":1018,"href":"https:\/\/eschringen.de\/wordpress\/wp-json\/wp\/v2\/pages\/111\/revisions\/1018"}],"up":[{"embeddable":true,"href":"https:\/\/eschringen.de\/wordpress\/wp-json\/wp\/v2\/pages\/31"}],"wp:attachment":[{"href":"https:\/\/eschringen.de\/wordpress\/wp-json\/wp\/v2\/media?parent=111"}],"curies":[{"name":"wp","href":"https:\/\/api.w.org\/{rel}","templated":true}]}}