{"id":1068,"date":"2017-02-24T14:03:53","date_gmt":"2017-02-24T13:03:53","guid":{"rendered":"http:\/\/eschringen.de\/wordpress\/?page_id=1068"},"modified":"2022-08-31T09:05:15","modified_gmt":"2022-08-31T07:05:15","slug":"08-05-98-geschichtswerkstatt-auf-spurensuche-nach-st-arnual","status":"publish","type":"page","link":"https:\/\/eschringen.de\/wordpress\/geschichte\/archiv\/08-05-98-geschichtswerkstatt-auf-spurensuche-nach-st-arnual\/","title":{"rendered":"08.05.1998 &#8211; Geschichtswerkstatt auf Spurensuche nach St. Arnual"},"content":{"rendered":"\n<p>Am 8. Mai 1999 begab sich die Eschringer Geschichtswerkstatt zum zweiten Mal auf eine Exkursion nach Saarbr\u00fccken. Diesmal hatte man als Zielort St. Arnual auserkoren. Als historische Verbindungslinie diente die Tatsache, da\u00df das Stift St. Arnual im Hochmittelalter Grundherr in Eschringen gewesen war. Die Besuchergruppe, die sich neben Mitgliedern der Geschichtswerkstatt auch aus interessierten G\u00e4sten aus Eschringen, Fechingen und Ormesheim zusammensetzte, wurde an der Stiftskirche in St. Arnual von Herrn Dr. Friedhelm Kron-Klees in Empfang genommen. Die erste Station der F\u00fchrung war das Gel\u00e4nde hinter der Kirche, von wo aus Dr. Kron-Klees die besondere Lage des Standortes erkl\u00e4rte. In unmittelbarer N\u00e4he kreuzten sich wichtige R\u00f6merstra\u00dfen. Unterhalb des gut zu sehenden Halberges befand sich bis zum 5. Jahrhundert ein &#8222;vicus&#8220;, eine gallo-r\u00f6mische Siedlung mit einem (allerdings nicht mehr fertiggestellten) Kastell und die legend\u00e4re R\u00f6merbr\u00fccke \u00fcber die (alte) Saar. Dr. Kron-Klees skizzierte anschaulich die st\u00fcrmischen Jahrhunderte der V\u00f6lkerwanderung bis zur fr\u00e4nkischen Landnahme (einschlie\u00dflich der Missionierung des Saarraumes). Aus dem ehemaligen Dorf Merkingen wurde schlie\u00dflich St. Arnual, so benannt nach dem Bischof von Metz, der hier eine Klerikergemeinschaft gegr\u00fcndet hatte (1046 erstmals urkundlich erw\u00e4hnt). Bevor man sich in die Stiftskirche begab, zeigte Dr. Kron-Klees der Besuchergruppe noch z. T. rund 200 Jahre alte Grabs\u00e4ulen, die erst vor wenigen Jahren entdeckt worden waren.<\/p>\n\n\n\n<p>In der Kirche selbst lie\u00df der Referent die Baugeschichte Revue passieren, veranschaulichte anhand von Pl\u00e4nen die imposanten Ver\u00e4nderungen des Sakralbaues von einem kleinen merowingischen Gotteshaus zu einer imposanten gotischen Kirche. Insgesamt sechs Bau- bzw. Umbauphasen sind erkannt worden. Dr. Kron-Klees belie\u00df es jedoch nicht bei einer trockenen Beschreibung der Baugeschichte, sondern erz\u00e4hlte vielmehr von den Ereignissen, die im Laufe der Jahrhunderte die Stiftskirche und seine sie bev\u00f6lkernden Menschen ber\u00fchrten. Im Jahre 1147 musste hier ein Kreuzfahrerheer bewirtet werden, und im 14. Jahrhundert zog die Pest ihre Todesspur auch nach St. Arnual. Eine unvorhergesehene, daf\u00fcr angenehme Unterbrechung der F\u00fchrung verursachte eine Besuchergruppe aus Bonn. Es handelte sich dabei um einen Chor, der schlie\u00dflich ein Lied anstimmte und damit die ausgezeichnete Raumakustik eindrucksvoll unter Beweis stellte.<\/p>\n\n\n\n<p>Zum Ausklang bestaunte die Besuchergruppe noch den sp\u00e4tgotischen Taufstein, die Grabtumba der Elisabeth von Lothringen sowie die Grabdenkm\u00e4ler der Grafen von Saarbr\u00fccken. Den Abschluss dieser spannenden wie lehrreichen Exkursion bildete ein gem\u00fctliches Beisammensein im Gasthaus &#8222;Unter der Linde&#8220; am Daarler Marktplatz. Die Teilnehmer fragten denn auch, wohin die n\u00e4chste Spurensuche f\u00fchren werde. Ein dritter Teil, so der Leiter der Geschichtswerkstatt, Roland Schmitt, sei auf alle F\u00e4lle geplant.<\/p>\n","protected":false},"excerpt":{"rendered":"<p>Am 8. Mai 1999 begab sich die Eschringer Geschichtswerkstatt zum zweiten Mal auf eine Exkursion nach Saarbr\u00fccken. Diesmal hatte man als Zielort St. Arnual auserkoren. Als historische Verbindungslinie diente die Tatsache, da\u00df das Stift St. Arnual im Hochmittelalter Grundherr in Eschringen gewesen war. Die Besuchergruppe, die sich neben Mitgliedern der Geschichtswerkstatt auch aus interessierten G\u00e4sten &#8230; <a title=\"08.05.1998 &#8211; Geschichtswerkstatt auf Spurensuche nach St. Arnual\" class=\"read-more\" href=\"https:\/\/eschringen.de\/wordpress\/geschichte\/archiv\/08-05-98-geschichtswerkstatt-auf-spurensuche-nach-st-arnual\/\" aria-label=\"Mehr Informationen \u00fcber 08.05.1998 &#8211; Geschichtswerkstatt auf Spurensuche nach St. Arnual\">Weiterlesen &#8230;<\/a><\/p>\n","protected":false},"author":1,"featured_media":0,"parent":403,"menu_order":82,"comment_status":"closed","ping_status":"closed","template":"","meta":{"ngg_post_thumbnail":0,"footnotes":""},"class_list":["post-1068","page","type-page","status-publish"],"yoast_head":"<!-- This site is optimized with the Yoast SEO plugin v27.4 - https:\/\/yoast.com\/product\/yoast-seo-wordpress\/ -->\n<title>08.05.1998 - Geschichtswerkstatt auf Spurensuche nach St. Arnual - Eschringen<\/title>\n<meta name=\"robots\" content=\"index, follow, max-snippet:-1, max-image-preview:large, max-video-preview:-1\" \/>\n<link rel=\"canonical\" href=\"https:\/\/eschringen.de\/wordpress\/geschichte\/archiv\/08-05-98-geschichtswerkstatt-auf-spurensuche-nach-st-arnual\/\" \/>\n<meta property=\"og:locale\" content=\"de_DE\" \/>\n<meta property=\"og:type\" content=\"article\" \/>\n<meta property=\"og:title\" content=\"08.05.1998 - Geschichtswerkstatt auf Spurensuche nach St. Arnual - Eschringen\" \/>\n<meta property=\"og:description\" content=\"Am 8. Mai 1999 begab sich die Eschringer Geschichtswerkstatt zum zweiten Mal auf eine Exkursion nach Saarbr\u00fccken. Diesmal hatte man als Zielort St. Arnual auserkoren. Als historische Verbindungslinie diente die Tatsache, da\u00df das Stift St. Arnual im Hochmittelalter Grundherr in Eschringen gewesen war. Die Besuchergruppe, die sich neben Mitgliedern der Geschichtswerkstatt auch aus interessierten G\u00e4sten ... Weiterlesen ...\" \/>\n<meta property=\"og:url\" content=\"https:\/\/eschringen.de\/wordpress\/geschichte\/archiv\/08-05-98-geschichtswerkstatt-auf-spurensuche-nach-st-arnual\/\" \/>\n<meta property=\"og:site_name\" content=\"Eschringen\" \/>\n<meta property=\"article:modified_time\" content=\"2022-08-31T07:05:15+00:00\" \/>\n<meta name=\"twitter:card\" content=\"summary_large_image\" \/>\n<meta name=\"twitter:label1\" content=\"Gesch\u00e4tzte Lesezeit\" \/>\n\t<meta name=\"twitter:data1\" content=\"3\u00a0Minuten\" \/>\n<script type=\"application\/ld+json\" class=\"yoast-schema-graph\">{\"@context\":\"https:\\\/\\\/schema.org\",\"@graph\":[{\"@type\":\"WebPage\",\"@id\":\"https:\\\/\\\/eschringen.de\\\/wordpress\\\/geschichte\\\/archiv\\\/08-05-98-geschichtswerkstatt-auf-spurensuche-nach-st-arnual\\\/\",\"url\":\"https:\\\/\\\/eschringen.de\\\/wordpress\\\/geschichte\\\/archiv\\\/08-05-98-geschichtswerkstatt-auf-spurensuche-nach-st-arnual\\\/\",\"name\":\"08.05.1998 - Geschichtswerkstatt auf Spurensuche nach St. Arnual - Eschringen\",\"isPartOf\":{\"@id\":\"https:\\\/\\\/eschringen.de\\\/wordpress\\\/#website\"},\"datePublished\":\"2017-02-24T13:03:53+00:00\",\"dateModified\":\"2022-08-31T07:05:15+00:00\",\"breadcrumb\":{\"@id\":\"https:\\\/\\\/eschringen.de\\\/wordpress\\\/geschichte\\\/archiv\\\/08-05-98-geschichtswerkstatt-auf-spurensuche-nach-st-arnual\\\/#breadcrumb\"},\"inLanguage\":\"de\",\"potentialAction\":[{\"@type\":\"ReadAction\",\"target\":[\"https:\\\/\\\/eschringen.de\\\/wordpress\\\/geschichte\\\/archiv\\\/08-05-98-geschichtswerkstatt-auf-spurensuche-nach-st-arnual\\\/\"]}]},{\"@type\":\"BreadcrumbList\",\"@id\":\"https:\\\/\\\/eschringen.de\\\/wordpress\\\/geschichte\\\/archiv\\\/08-05-98-geschichtswerkstatt-auf-spurensuche-nach-st-arnual\\\/#breadcrumb\",\"itemListElement\":[{\"@type\":\"ListItem\",\"position\":1,\"name\":\"Startseite\",\"item\":\"https:\\\/\\\/eschringen.de\\\/wordpress\\\/\"},{\"@type\":\"ListItem\",\"position\":2,\"name\":\"Geschichte\",\"item\":\"https:\\\/\\\/eschringen.de\\\/wordpress\\\/geschichte\\\/\"},{\"@type\":\"ListItem\",\"position\":3,\"name\":\"Archiv\",\"item\":\"https:\\\/\\\/eschringen.de\\\/wordpress\\\/geschichte\\\/archiv\\\/\"},{\"@type\":\"ListItem\",\"position\":4,\"name\":\"08.05.1998 &#8211; Geschichtswerkstatt auf Spurensuche nach St. Arnual\"}]},{\"@type\":\"WebSite\",\"@id\":\"https:\\\/\\\/eschringen.de\\\/wordpress\\\/#website\",\"url\":\"https:\\\/\\\/eschringen.de\\\/wordpress\\\/\",\"name\":\"Eschringen\",\"description\":\"\",\"publisher\":{\"@id\":\"https:\\\/\\\/eschringen.de\\\/wordpress\\\/#organization\"},\"potentialAction\":[{\"@type\":\"SearchAction\",\"target\":{\"@type\":\"EntryPoint\",\"urlTemplate\":\"https:\\\/\\\/eschringen.de\\\/wordpress\\\/?s={search_term_string}\"},\"query-input\":{\"@type\":\"PropertyValueSpecification\",\"valueRequired\":true,\"valueName\":\"search_term_string\"}}],\"inLanguage\":\"de\"},{\"@type\":\"Organization\",\"@id\":\"https:\\\/\\\/eschringen.de\\\/wordpress\\\/#organization\",\"name\":\"Eschringen\",\"url\":\"https:\\\/\\\/eschringen.de\\\/wordpress\\\/\",\"logo\":{\"@type\":\"ImageObject\",\"inLanguage\":\"de\",\"@id\":\"https:\\\/\\\/eschringen.de\\\/wordpress\\\/#\\\/schema\\\/logo\\\/image\\\/\",\"url\":\"https:\\\/\\\/eschringen.de\\\/wordpress\\\/wp-content\\\/uploads\\\/2017\\\/03\\\/2017_kw15.jpg\",\"contentUrl\":\"https:\\\/\\\/eschringen.de\\\/wordpress\\\/wp-content\\\/uploads\\\/2017\\\/03\\\/2017_kw15.jpg\",\"width\":784,\"height\":447,\"caption\":\"Eschringen\"},\"image\":{\"@id\":\"https:\\\/\\\/eschringen.de\\\/wordpress\\\/#\\\/schema\\\/logo\\\/image\\\/\"}}]}<\/script>\n<!-- \/ Yoast SEO plugin. -->","yoast_head_json":{"title":"08.05.1998 - Geschichtswerkstatt auf Spurensuche nach St. Arnual - Eschringen","robots":{"index":"index","follow":"follow","max-snippet":"max-snippet:-1","max-image-preview":"max-image-preview:large","max-video-preview":"max-video-preview:-1"},"canonical":"https:\/\/eschringen.de\/wordpress\/geschichte\/archiv\/08-05-98-geschichtswerkstatt-auf-spurensuche-nach-st-arnual\/","og_locale":"de_DE","og_type":"article","og_title":"08.05.1998 - Geschichtswerkstatt auf Spurensuche nach St. Arnual - Eschringen","og_description":"Am 8. Mai 1999 begab sich die Eschringer Geschichtswerkstatt zum zweiten Mal auf eine Exkursion nach Saarbr\u00fccken. Diesmal hatte man als Zielort St. Arnual auserkoren. Als historische Verbindungslinie diente die Tatsache, da\u00df das Stift St. Arnual im Hochmittelalter Grundherr in Eschringen gewesen war. Die Besuchergruppe, die sich neben Mitgliedern der Geschichtswerkstatt auch aus interessierten G\u00e4sten ... Weiterlesen ...","og_url":"https:\/\/eschringen.de\/wordpress\/geschichte\/archiv\/08-05-98-geschichtswerkstatt-auf-spurensuche-nach-st-arnual\/","og_site_name":"Eschringen","article_modified_time":"2022-08-31T07:05:15+00:00","twitter_card":"summary_large_image","twitter_misc":{"Gesch\u00e4tzte Lesezeit":"3\u00a0Minuten"},"schema":{"@context":"https:\/\/schema.org","@graph":[{"@type":"WebPage","@id":"https:\/\/eschringen.de\/wordpress\/geschichte\/archiv\/08-05-98-geschichtswerkstatt-auf-spurensuche-nach-st-arnual\/","url":"https:\/\/eschringen.de\/wordpress\/geschichte\/archiv\/08-05-98-geschichtswerkstatt-auf-spurensuche-nach-st-arnual\/","name":"08.05.1998 - Geschichtswerkstatt auf Spurensuche nach St. Arnual - Eschringen","isPartOf":{"@id":"https:\/\/eschringen.de\/wordpress\/#website"},"datePublished":"2017-02-24T13:03:53+00:00","dateModified":"2022-08-31T07:05:15+00:00","breadcrumb":{"@id":"https:\/\/eschringen.de\/wordpress\/geschichte\/archiv\/08-05-98-geschichtswerkstatt-auf-spurensuche-nach-st-arnual\/#breadcrumb"},"inLanguage":"de","potentialAction":[{"@type":"ReadAction","target":["https:\/\/eschringen.de\/wordpress\/geschichte\/archiv\/08-05-98-geschichtswerkstatt-auf-spurensuche-nach-st-arnual\/"]}]},{"@type":"BreadcrumbList","@id":"https:\/\/eschringen.de\/wordpress\/geschichte\/archiv\/08-05-98-geschichtswerkstatt-auf-spurensuche-nach-st-arnual\/#breadcrumb","itemListElement":[{"@type":"ListItem","position":1,"name":"Startseite","item":"https:\/\/eschringen.de\/wordpress\/"},{"@type":"ListItem","position":2,"name":"Geschichte","item":"https:\/\/eschringen.de\/wordpress\/geschichte\/"},{"@type":"ListItem","position":3,"name":"Archiv","item":"https:\/\/eschringen.de\/wordpress\/geschichte\/archiv\/"},{"@type":"ListItem","position":4,"name":"08.05.1998 &#8211; Geschichtswerkstatt auf Spurensuche nach St. Arnual"}]},{"@type":"WebSite","@id":"https:\/\/eschringen.de\/wordpress\/#website","url":"https:\/\/eschringen.de\/wordpress\/","name":"Eschringen","description":"","publisher":{"@id":"https:\/\/eschringen.de\/wordpress\/#organization"},"potentialAction":[{"@type":"SearchAction","target":{"@type":"EntryPoint","urlTemplate":"https:\/\/eschringen.de\/wordpress\/?s={search_term_string}"},"query-input":{"@type":"PropertyValueSpecification","valueRequired":true,"valueName":"search_term_string"}}],"inLanguage":"de"},{"@type":"Organization","@id":"https:\/\/eschringen.de\/wordpress\/#organization","name":"Eschringen","url":"https:\/\/eschringen.de\/wordpress\/","logo":{"@type":"ImageObject","inLanguage":"de","@id":"https:\/\/eschringen.de\/wordpress\/#\/schema\/logo\/image\/","url":"https:\/\/eschringen.de\/wordpress\/wp-content\/uploads\/2017\/03\/2017_kw15.jpg","contentUrl":"https:\/\/eschringen.de\/wordpress\/wp-content\/uploads\/2017\/03\/2017_kw15.jpg","width":784,"height":447,"caption":"Eschringen"},"image":{"@id":"https:\/\/eschringen.de\/wordpress\/#\/schema\/logo\/image\/"}}]}},"jetpack_sharing_enabled":true,"_links":{"self":[{"href":"https:\/\/eschringen.de\/wordpress\/wp-json\/wp\/v2\/pages\/1068","targetHints":{"allow":["GET"]}}],"collection":[{"href":"https:\/\/eschringen.de\/wordpress\/wp-json\/wp\/v2\/pages"}],"about":[{"href":"https:\/\/eschringen.de\/wordpress\/wp-json\/wp\/v2\/types\/page"}],"author":[{"embeddable":true,"href":"https:\/\/eschringen.de\/wordpress\/wp-json\/wp\/v2\/users\/1"}],"replies":[{"embeddable":true,"href":"https:\/\/eschringen.de\/wordpress\/wp-json\/wp\/v2\/comments?post=1068"}],"version-history":[{"count":2,"href":"https:\/\/eschringen.de\/wordpress\/wp-json\/wp\/v2\/pages\/1068\/revisions"}],"predecessor-version":[{"id":3945,"href":"https:\/\/eschringen.de\/wordpress\/wp-json\/wp\/v2\/pages\/1068\/revisions\/3945"}],"up":[{"embeddable":true,"href":"https:\/\/eschringen.de\/wordpress\/wp-json\/wp\/v2\/pages\/403"}],"wp:attachment":[{"href":"https:\/\/eschringen.de\/wordpress\/wp-json\/wp\/v2\/media?parent=1068"}],"curies":[{"name":"wp","href":"https:\/\/api.w.org\/{rel}","templated":true}]}}