{"id":1066,"date":"2017-02-24T14:02:28","date_gmt":"2017-02-24T13:02:28","guid":{"rendered":"http:\/\/eschringen.de\/wordpress\/?page_id=1066"},"modified":"2022-08-31T09:05:03","modified_gmt":"2022-08-31T07:05:03","slug":"20-05-98-auf-spurensuche-in-saarbruecken-exkursion-der-geschichtswerkstatt","status":"publish","type":"page","link":"https:\/\/eschringen.de\/wordpress\/geschichte\/archiv\/20-05-98-auf-spurensuche-in-saarbruecken-exkursion-der-geschichtswerkstatt\/","title":{"rendered":"20.05.1998 &#8211; Auf Spurensuche in Saarbr\u00fccken: Exkursion der Geschichtswerkstatt"},"content":{"rendered":"\n<p>Unter dem Motto &#8222;Auf Spurensuche nach Saarbr\u00fccken&#8220; machten sich Mitglieder und interessierte G\u00e4ste der Eschringer Geschichtswerkstatt am 20. Mai 1998 per Privat-PKW auf den Weg in die Landeshauptstadt. Die erste Station f\u00fchrte sie in die Scheidter Stra\u00dfe zur Brauerei Bruch, wo sie von Braumeister Romeike in Empfang genommen wurden. Eine direkte Beziehung zwischen dem rund 300 Jahre alten Familienunternehmen (nebenbei das \u00e4lteste im Saarland!) und Eschringen ergibt sich durch den &#8222;Eschringer Hof&#8220;, der im 19. Jahrhundert im Besitz der Brauerei Bruch war und seither die guten Kontakte zwischen der Gemeinde bzw. dem Stadtteil einerseits und der Saarbr\u00fccker Brauerei andererseits etablieren half. Braumeister Romeike f\u00fchrte durch alle R\u00e4ume und Kellergew\u00f6lbe, zeigte z. B. die Maischebeh\u00e4lter oder die Flaschenf\u00fcll- und Reinigungsanlage. Nach fachkundigen Besichtigung entspannte man sich in gem\u00fctlicher Runde zu einer Imbisspause im &#8222;Braust\u00fcbchen&#8220;. Dort gab es weiterhin Gelegenheit zum Nachfragen (wo kommt z. B. der Name f\u00fcr das &#8222;Zwickel&#8220;-Bier her? und zum Austausch von Informationen. Christine Guth konnte u. a. einen 100 Jahre alten Brief vorlegen, der die Kontakte zwischen der Brauerei Bruch und ihrer Familie im Hinblick auf den &#8222;Eschringer Hof&#8220; dokumentiert. Gut gest\u00e4rkt setzten die Eschringer ihre Exkursion fort und steuerten die ehrw\u00fcrdige Deutschherrenkapelle<b>&nbsp;<\/b>in Alt-Saarbr\u00fccken an. Dort wurden sie von Diplom-Soziologin Sabine Wetzel begr\u00fc\u00dft, die die Gruppe sogleich in das inzwischen zu einem kulturellen Veranstaltungsort umfunktionierten Kirchenschiff f\u00fchrte. Als Einstieg in die Geschichte der Saarbr\u00fccker Deutschordenskommende zeigte sie eine interessante Tonbildschau und erl\u00e4uterte schlie\u00dflich eine kleine, aber durchaus sehenswerte Ausstellung zur Gesamtgeschichte des Deutschen Ordens und seiner Verbindung zu Saarbr\u00fccken. Die fr\u00fchgotische Kapelle war um 1240 im Auftrag von Graf Simon III. erbaut worden und war Teil der ehemaligen Ordensburg. Heinrich Moog verwies auf die \u00fcber f\u00fcnf Jahrhunderte w\u00e4hrende Beziehung zwischen Eschringen und dem &#8222;Deutschen Haus&#8220;. Die Saarbr\u00fccker Kommende war bis zu Franz\u00f6sischen Revolution einer der (vier) Grundherren Eschringens.<\/p>\n\n\n\n<p>Beim Rundgang \u00fcber das Gel\u00e4nde konnte man eine (neuzeitliche) Gedenktafel sehen, die auch den letzten Komtur Johann Ludwig von Enscheringen erw\u00e4hnt. Der stammte bekanntlich aus Escherange, dem lothringischen Partnerdorf Eschringens. Eine Fortsetzung der &#8222;Saarbr\u00fccker Spurensuche&#8220; ist f\u00fcr das n\u00e4chste Jahr geplant; Zielpunkte sind dann die Stiftskirche in St. Arnual und der Halberg in Brebach.<\/p>\n","protected":false},"excerpt":{"rendered":"<p>Unter dem Motto &#8222;Auf Spurensuche nach Saarbr\u00fccken&#8220; machten sich Mitglieder und interessierte G\u00e4ste der Eschringer Geschichtswerkstatt am 20. Mai 1998 per Privat-PKW auf den Weg in die Landeshauptstadt. Die erste Station f\u00fchrte sie in die Scheidter Stra\u00dfe zur Brauerei Bruch, wo sie von Braumeister Romeike in Empfang genommen wurden. Eine direkte Beziehung zwischen dem rund &#8230; <a title=\"20.05.1998 &#8211; Auf Spurensuche in Saarbr\u00fccken: Exkursion der Geschichtswerkstatt\" class=\"read-more\" href=\"https:\/\/eschringen.de\/wordpress\/geschichte\/archiv\/20-05-98-auf-spurensuche-in-saarbruecken-exkursion-der-geschichtswerkstatt\/\" aria-label=\"Mehr Informationen \u00fcber 20.05.1998 &#8211; Auf Spurensuche in Saarbr\u00fccken: Exkursion der Geschichtswerkstatt\">Weiterlesen &#8230;<\/a><\/p>\n","protected":false},"author":1,"featured_media":0,"parent":403,"menu_order":81,"comment_status":"closed","ping_status":"closed","template":"","meta":{"ngg_post_thumbnail":0,"footnotes":""},"class_list":["post-1066","page","type-page","status-publish"],"yoast_head":"<!-- This site is optimized with the Yoast SEO plugin v27.4 - https:\/\/yoast.com\/product\/yoast-seo-wordpress\/ -->\n<title>20.05.1998 - Auf Spurensuche in Saarbr\u00fccken: Exkursion der Geschichtswerkstatt - Eschringen<\/title>\n<meta name=\"robots\" content=\"index, follow, max-snippet:-1, max-image-preview:large, max-video-preview:-1\" \/>\n<link rel=\"canonical\" href=\"https:\/\/eschringen.de\/wordpress\/geschichte\/archiv\/20-05-98-auf-spurensuche-in-saarbruecken-exkursion-der-geschichtswerkstatt\/\" \/>\n<meta property=\"og:locale\" content=\"de_DE\" \/>\n<meta property=\"og:type\" content=\"article\" \/>\n<meta property=\"og:title\" content=\"20.05.1998 - Auf Spurensuche in Saarbr\u00fccken: Exkursion der Geschichtswerkstatt - Eschringen\" \/>\n<meta property=\"og:description\" content=\"Unter dem Motto &#8222;Auf Spurensuche nach Saarbr\u00fccken&#8220; machten sich Mitglieder und interessierte G\u00e4ste der Eschringer Geschichtswerkstatt am 20. Mai 1998 per Privat-PKW auf den Weg in die Landeshauptstadt. Die erste Station f\u00fchrte sie in die Scheidter Stra\u00dfe zur Brauerei Bruch, wo sie von Braumeister Romeike in Empfang genommen wurden. Eine direkte Beziehung zwischen dem rund ... Weiterlesen ...\" \/>\n<meta property=\"og:url\" content=\"https:\/\/eschringen.de\/wordpress\/geschichte\/archiv\/20-05-98-auf-spurensuche-in-saarbruecken-exkursion-der-geschichtswerkstatt\/\" \/>\n<meta property=\"og:site_name\" content=\"Eschringen\" \/>\n<meta property=\"article:modified_time\" content=\"2022-08-31T07:05:03+00:00\" \/>\n<meta name=\"twitter:card\" content=\"summary_large_image\" \/>\n<meta name=\"twitter:label1\" content=\"Gesch\u00e4tzte Lesezeit\" \/>\n\t<meta name=\"twitter:data1\" content=\"2\u00a0Minuten\" \/>\n<script type=\"application\/ld+json\" class=\"yoast-schema-graph\">{\"@context\":\"https:\\\/\\\/schema.org\",\"@graph\":[{\"@type\":\"WebPage\",\"@id\":\"https:\\\/\\\/eschringen.de\\\/wordpress\\\/geschichte\\\/archiv\\\/20-05-98-auf-spurensuche-in-saarbruecken-exkursion-der-geschichtswerkstatt\\\/\",\"url\":\"https:\\\/\\\/eschringen.de\\\/wordpress\\\/geschichte\\\/archiv\\\/20-05-98-auf-spurensuche-in-saarbruecken-exkursion-der-geschichtswerkstatt\\\/\",\"name\":\"20.05.1998 - Auf Spurensuche in Saarbr\u00fccken: Exkursion der Geschichtswerkstatt - Eschringen\",\"isPartOf\":{\"@id\":\"https:\\\/\\\/eschringen.de\\\/wordpress\\\/#website\"},\"datePublished\":\"2017-02-24T13:02:28+00:00\",\"dateModified\":\"2022-08-31T07:05:03+00:00\",\"breadcrumb\":{\"@id\":\"https:\\\/\\\/eschringen.de\\\/wordpress\\\/geschichte\\\/archiv\\\/20-05-98-auf-spurensuche-in-saarbruecken-exkursion-der-geschichtswerkstatt\\\/#breadcrumb\"},\"inLanguage\":\"de\",\"potentialAction\":[{\"@type\":\"ReadAction\",\"target\":[\"https:\\\/\\\/eschringen.de\\\/wordpress\\\/geschichte\\\/archiv\\\/20-05-98-auf-spurensuche-in-saarbruecken-exkursion-der-geschichtswerkstatt\\\/\"]}]},{\"@type\":\"BreadcrumbList\",\"@id\":\"https:\\\/\\\/eschringen.de\\\/wordpress\\\/geschichte\\\/archiv\\\/20-05-98-auf-spurensuche-in-saarbruecken-exkursion-der-geschichtswerkstatt\\\/#breadcrumb\",\"itemListElement\":[{\"@type\":\"ListItem\",\"position\":1,\"name\":\"Startseite\",\"item\":\"https:\\\/\\\/eschringen.de\\\/wordpress\\\/\"},{\"@type\":\"ListItem\",\"position\":2,\"name\":\"Geschichte\",\"item\":\"https:\\\/\\\/eschringen.de\\\/wordpress\\\/geschichte\\\/\"},{\"@type\":\"ListItem\",\"position\":3,\"name\":\"Archiv\",\"item\":\"https:\\\/\\\/eschringen.de\\\/wordpress\\\/geschichte\\\/archiv\\\/\"},{\"@type\":\"ListItem\",\"position\":4,\"name\":\"20.05.1998 &#8211; Auf Spurensuche in Saarbr\u00fccken: Exkursion der Geschichtswerkstatt\"}]},{\"@type\":\"WebSite\",\"@id\":\"https:\\\/\\\/eschringen.de\\\/wordpress\\\/#website\",\"url\":\"https:\\\/\\\/eschringen.de\\\/wordpress\\\/\",\"name\":\"Eschringen\",\"description\":\"\",\"publisher\":{\"@id\":\"https:\\\/\\\/eschringen.de\\\/wordpress\\\/#organization\"},\"potentialAction\":[{\"@type\":\"SearchAction\",\"target\":{\"@type\":\"EntryPoint\",\"urlTemplate\":\"https:\\\/\\\/eschringen.de\\\/wordpress\\\/?s={search_term_string}\"},\"query-input\":{\"@type\":\"PropertyValueSpecification\",\"valueRequired\":true,\"valueName\":\"search_term_string\"}}],\"inLanguage\":\"de\"},{\"@type\":\"Organization\",\"@id\":\"https:\\\/\\\/eschringen.de\\\/wordpress\\\/#organization\",\"name\":\"Eschringen\",\"url\":\"https:\\\/\\\/eschringen.de\\\/wordpress\\\/\",\"logo\":{\"@type\":\"ImageObject\",\"inLanguage\":\"de\",\"@id\":\"https:\\\/\\\/eschringen.de\\\/wordpress\\\/#\\\/schema\\\/logo\\\/image\\\/\",\"url\":\"https:\\\/\\\/eschringen.de\\\/wordpress\\\/wp-content\\\/uploads\\\/2017\\\/03\\\/2017_kw15.jpg\",\"contentUrl\":\"https:\\\/\\\/eschringen.de\\\/wordpress\\\/wp-content\\\/uploads\\\/2017\\\/03\\\/2017_kw15.jpg\",\"width\":784,\"height\":447,\"caption\":\"Eschringen\"},\"image\":{\"@id\":\"https:\\\/\\\/eschringen.de\\\/wordpress\\\/#\\\/schema\\\/logo\\\/image\\\/\"}}]}<\/script>\n<!-- \/ Yoast SEO plugin. -->","yoast_head_json":{"title":"20.05.1998 - Auf Spurensuche in Saarbr\u00fccken: Exkursion der Geschichtswerkstatt - Eschringen","robots":{"index":"index","follow":"follow","max-snippet":"max-snippet:-1","max-image-preview":"max-image-preview:large","max-video-preview":"max-video-preview:-1"},"canonical":"https:\/\/eschringen.de\/wordpress\/geschichte\/archiv\/20-05-98-auf-spurensuche-in-saarbruecken-exkursion-der-geschichtswerkstatt\/","og_locale":"de_DE","og_type":"article","og_title":"20.05.1998 - Auf Spurensuche in Saarbr\u00fccken: Exkursion der Geschichtswerkstatt - Eschringen","og_description":"Unter dem Motto &#8222;Auf Spurensuche nach Saarbr\u00fccken&#8220; machten sich Mitglieder und interessierte G\u00e4ste der Eschringer Geschichtswerkstatt am 20. Mai 1998 per Privat-PKW auf den Weg in die Landeshauptstadt. Die erste Station f\u00fchrte sie in die Scheidter Stra\u00dfe zur Brauerei Bruch, wo sie von Braumeister Romeike in Empfang genommen wurden. Eine direkte Beziehung zwischen dem rund ... Weiterlesen ...","og_url":"https:\/\/eschringen.de\/wordpress\/geschichte\/archiv\/20-05-98-auf-spurensuche-in-saarbruecken-exkursion-der-geschichtswerkstatt\/","og_site_name":"Eschringen","article_modified_time":"2022-08-31T07:05:03+00:00","twitter_card":"summary_large_image","twitter_misc":{"Gesch\u00e4tzte Lesezeit":"2\u00a0Minuten"},"schema":{"@context":"https:\/\/schema.org","@graph":[{"@type":"WebPage","@id":"https:\/\/eschringen.de\/wordpress\/geschichte\/archiv\/20-05-98-auf-spurensuche-in-saarbruecken-exkursion-der-geschichtswerkstatt\/","url":"https:\/\/eschringen.de\/wordpress\/geschichte\/archiv\/20-05-98-auf-spurensuche-in-saarbruecken-exkursion-der-geschichtswerkstatt\/","name":"20.05.1998 - Auf Spurensuche in Saarbr\u00fccken: Exkursion der Geschichtswerkstatt - Eschringen","isPartOf":{"@id":"https:\/\/eschringen.de\/wordpress\/#website"},"datePublished":"2017-02-24T13:02:28+00:00","dateModified":"2022-08-31T07:05:03+00:00","breadcrumb":{"@id":"https:\/\/eschringen.de\/wordpress\/geschichte\/archiv\/20-05-98-auf-spurensuche-in-saarbruecken-exkursion-der-geschichtswerkstatt\/#breadcrumb"},"inLanguage":"de","potentialAction":[{"@type":"ReadAction","target":["https:\/\/eschringen.de\/wordpress\/geschichte\/archiv\/20-05-98-auf-spurensuche-in-saarbruecken-exkursion-der-geschichtswerkstatt\/"]}]},{"@type":"BreadcrumbList","@id":"https:\/\/eschringen.de\/wordpress\/geschichte\/archiv\/20-05-98-auf-spurensuche-in-saarbruecken-exkursion-der-geschichtswerkstatt\/#breadcrumb","itemListElement":[{"@type":"ListItem","position":1,"name":"Startseite","item":"https:\/\/eschringen.de\/wordpress\/"},{"@type":"ListItem","position":2,"name":"Geschichte","item":"https:\/\/eschringen.de\/wordpress\/geschichte\/"},{"@type":"ListItem","position":3,"name":"Archiv","item":"https:\/\/eschringen.de\/wordpress\/geschichte\/archiv\/"},{"@type":"ListItem","position":4,"name":"20.05.1998 &#8211; Auf Spurensuche in Saarbr\u00fccken: Exkursion der Geschichtswerkstatt"}]},{"@type":"WebSite","@id":"https:\/\/eschringen.de\/wordpress\/#website","url":"https:\/\/eschringen.de\/wordpress\/","name":"Eschringen","description":"","publisher":{"@id":"https:\/\/eschringen.de\/wordpress\/#organization"},"potentialAction":[{"@type":"SearchAction","target":{"@type":"EntryPoint","urlTemplate":"https:\/\/eschringen.de\/wordpress\/?s={search_term_string}"},"query-input":{"@type":"PropertyValueSpecification","valueRequired":true,"valueName":"search_term_string"}}],"inLanguage":"de"},{"@type":"Organization","@id":"https:\/\/eschringen.de\/wordpress\/#organization","name":"Eschringen","url":"https:\/\/eschringen.de\/wordpress\/","logo":{"@type":"ImageObject","inLanguage":"de","@id":"https:\/\/eschringen.de\/wordpress\/#\/schema\/logo\/image\/","url":"https:\/\/eschringen.de\/wordpress\/wp-content\/uploads\/2017\/03\/2017_kw15.jpg","contentUrl":"https:\/\/eschringen.de\/wordpress\/wp-content\/uploads\/2017\/03\/2017_kw15.jpg","width":784,"height":447,"caption":"Eschringen"},"image":{"@id":"https:\/\/eschringen.de\/wordpress\/#\/schema\/logo\/image\/"}}]}},"jetpack_sharing_enabled":true,"_links":{"self":[{"href":"https:\/\/eschringen.de\/wordpress\/wp-json\/wp\/v2\/pages\/1066","targetHints":{"allow":["GET"]}}],"collection":[{"href":"https:\/\/eschringen.de\/wordpress\/wp-json\/wp\/v2\/pages"}],"about":[{"href":"https:\/\/eschringen.de\/wordpress\/wp-json\/wp\/v2\/types\/page"}],"author":[{"embeddable":true,"href":"https:\/\/eschringen.de\/wordpress\/wp-json\/wp\/v2\/users\/1"}],"replies":[{"embeddable":true,"href":"https:\/\/eschringen.de\/wordpress\/wp-json\/wp\/v2\/comments?post=1066"}],"version-history":[{"count":3,"href":"https:\/\/eschringen.de\/wordpress\/wp-json\/wp\/v2\/pages\/1066\/revisions"}],"predecessor-version":[{"id":3944,"href":"https:\/\/eschringen.de\/wordpress\/wp-json\/wp\/v2\/pages\/1066\/revisions\/3944"}],"up":[{"embeddable":true,"href":"https:\/\/eschringen.de\/wordpress\/wp-json\/wp\/v2\/pages\/403"}],"wp:attachment":[{"href":"https:\/\/eschringen.de\/wordpress\/wp-json\/wp\/v2\/media?parent=1066"}],"curies":[{"name":"wp","href":"https:\/\/api.w.org\/{rel}","templated":true}]}}