{"id":1063,"date":"2017-02-24T13:59:29","date_gmt":"2017-02-24T12:59:29","guid":{"rendered":"http:\/\/eschringen.de\/wordpress\/?page_id=1063"},"modified":"2022-08-31T09:04:45","modified_gmt":"2022-08-31T07:04:45","slug":"02-05-99-ausstellungseroeffnung-napoleon-auf-schritt-und-tritt","status":"publish","type":"page","link":"https:\/\/eschringen.de\/wordpress\/geschichte\/archiv\/02-05-99-ausstellungseroeffnung-napoleon-auf-schritt-und-tritt\/","title":{"rendered":"02.05.1999 &#8211; Ausstellungser\u00f6ffnung &#8222;Napoleon auf Schritt und Tritt&#8220;"},"content":{"rendered":"\n<h5 class=\"wp-block-heading\">Im Feuerwehrger\u00e4tehaus Eschringen<\/h5>\n\n\n\n<p>Sie werden sich zurecht fragen, weshalb wir diese kleine Ausstellung hier in Eschringen und dann im Ger\u00e4tehaus der Feuerwehr durchf\u00fchren. Dazu m\u00f6chte ich einige Worte, quasi als eine Art Einf\u00fchrung, an Sie richten.<\/p>\n\n\n\n<p>Nun, das <i><b>Ph\u00e4nomen &#8222;Napoleon&#8220;<\/b><\/i> fasziniert viele Menschen, und u. a. eben auch mich und meinen Sohn. Die letzten Jahre sind wir beide immer wieder irgendwie auf den &#8222;Kaiser der Franzosen&#8220; aus Korsika gesto\u00dfen, und die gro\u00dfe <b>Napoleon-Ausstellung in Speyer<\/b> im vergangenen Jahr brachte uns auf die Idee, die Sachen, die wir so \u00fcber die Jahre hin gesammelt hatten, einmal einer kleinen \u00d6ffentlichkeit zu pr\u00e4sentieren. Besondere Sch\u00e4tze werden Sie nicht entdecken k\u00f6nnen, sondern eben allt\u00e4gliche Dinge, die mit Napoleon und seiner Zeit in Verbindung zu bringen sind.<\/p>\n\n\n\n<p>Und was haben <b>Eschringen<\/b> und die <b>Feuerwehr<\/b> mit <b>Napoleon<\/b> zu tun? Auf den ersten Blick wird man sagen, diese Zusammenh\u00e4nge sind ja alle ziemlich konstruiert, und das stimmt wohl auch, aber man kann diese Verbindungen durchaus ziehen. Eigentlich wollten wir diese Ausstellung im benachbarten Gasthaus &#8220; Zur Post&#8220;, dem &#8211; wenn man so will &#8211; Vereinslokal der Eschringer Geschichtswerkstatt machen. Doch dies ging aus terminlichen Gr\u00fcnden nicht. Und dann kam meinem Sohn in den Sinn, man k\u00f6nne es doch bei der Jugendfeuerwehr machen, denn die fahren im Sommer nach Spanien, und diese Reise ist nicht ganz billig. Mit der Ausstellung lie\u00dfe sich vielleicht ein wenig Geld noch in die Reisekasse bringen.<\/p>\n\n\n\n<p>Deshalb sind wir also hier bei der <b>Eschringer Feuerwehr<\/b>, der wir zum einen auch f\u00fcr die Bereitstellung der R\u00e4ume, zum anderen f\u00fcr die Zusammenarbeit danken. Denn es gibt auch aktuelle, von der Jugendfeuerwehr in monatelanger Kleinarbeit gebastelte, aktuelle Dioramen zu bewundern.<\/p>\n\n\n\n<p>Nochmals zur\u00fcck zu Napoleon, zu Eschringen und der Feuerwehr.<\/p>\n\n\n\n<p>In der Tat gibt es da gemeinsame Verbindungslinien, wenn man nur genau hinschaut. Der bislang <b>\u00e4lteste geometrische Plan Eschringens<\/b> stammt aus dem Jahre <b>1804<\/b>, also dem Jahr der Kaiserkr\u00f6nung Napoleons, und wurde im Auftrag der franz\u00f6sischen Gebietsverwaltung erstellt. In dieser Zeit stand ja die hiesige Bev\u00f6lkerung den Errungenschaften (Freiheit, Gleichheit, Br\u00fcderlichkeit) und Nachwirkungen der franz\u00f6sischen Revolution durchweg positiv gegen\u00fcber, was sich allerdings mit den Jahren und der Macht- und Expansionspolitik Napoleons \u00e4ndern sollte. Den die von ihm angezettelten Kriege erforderten die Rekrutierung von immer mehr jungen Soldaten, und die wurden auch in unserer Gegend gezogen. Dokumente hierzu gibt es z. B. in unseren Nachbargemeinden Bliesransbach und Ensheim. Weitere, andere Spuren f\u00fchren z. B. auch zur <b>Halberger H\u00fctte<\/b> (Napoleon pers\u00f6nlich genehmigte 1808 den Eigent\u00fcmern, den Gebr\u00fcder Coulaux, die Erweiterung des damaligen Hammerwerks) oder nach <b>Ormesheim<\/b> (in der N\u00e4he des Neuhofs soll sich einst ein <b>optischer Telegraph<\/b> der unvollendeten Linie Metz-Landau befunden haben), von <b>Blieskastel <\/b>(<b>&#8222;Schlangenbunnen&#8220;<\/b>) oder <b>Saarlouis<\/b> (von dort stammte Marschall <b>Michel Ney<\/b>, &#8222;der treueste der Treuen&#8220; unter den Gefolgsleuten Napoleons) ganz abgesehen. Und noch heute passieren wir bisweilen die<b> Kaiserstra\u00dfe<\/b>, in Saarbr\u00fccken, in Schafbr\u00fccke, in Scheidt, in St. Ingbert, in Homburg, und diese Stra\u00dfennamen beziehen sich eben nicht auf deutsche Kaiser, sondern auf Napoleon, der <b>1806-11<\/b> eine gro\u00dfe Heerstra\u00dfe von Paris nach Mainz hat anlegen lassen. Dann haben wir noch das <b>BGB<\/b>, das b\u00fcrgerliche Gesetzbuch, das &#8211; wenn man so will &#8211; aus dem sog. <b>&#8222;Code civil&#8220;<\/b> oder <b>&#8222;Code Napoleon&#8220;<\/b> hervorgegangen ist. Noch deutlicher werden diese Spuren in den <b>linksrheinischen Dialekten<\/b>, also auch in den saarl\u00e4ndischen; Beispiele sind auch Ihnen gel\u00e4ufig; dieser starke Einfluss des Franz\u00f6sischen l\u00e4sst sich f\u00fcr die Zeit von <b>1797 bis<\/b> <b>1815<\/b>, also die Napoleonische Zeit, nachweisen. Die pr\u00e4gende Gestalt Napoleons hat im 19. Jahrhundert zu unz\u00e4hligen Sagen, Geschichten, Anekdoten und Liedern gef\u00fchrt, die z. B. von Karl Lohmeyer gesammelt worden, aber kaum mehr bekannt sind. Gleichwohl, immer wieder begegnen wir da Napoleon.<\/p>\n\n\n\n<p>Und die <b>Feuerwehr<\/b>? Auch zur ihr lassen sich Bez\u00fcge herstellen. Denn Napoleon legte gro\u00dfen Wert auf effektiven Brandschutz (so gut das seinerzeit zu organisieren war) und sorgte vor allem f\u00fcr den Ausbau des <b>Pariser Feuerwehrcorps<\/b>, das 1811 von drei Kompanien zu einem Bataillon aufgestockt wurde. Einer seiner Gener\u00e4le, <b>Georges Mouton<\/b> aus (dem von uns aus nicht weit entfernten) Phalsboug gilt als <b>Weiterentwickler des Spritzenwagens<\/b>, wenngleich er sp\u00e4ter auch dessen M\u00f6glichkeiten zur Bek\u00e4mpfung von Demonstranten (per <b>Wasserwerfer<\/b>!) nutzte.<\/p>\n\n\n\n<p>Was die <b>Zinnfiguren<\/b> betrifft, so stellen viele dieser traditionsreichen Modelle nicht nur Soldaten aus napoleonischer Zeit dar, sie wurden auch von Napoleon und seinem Stab zu strategischen &#8222;Sandkastenspielen&#8220; verwendet.<\/p>\n\n\n\n<p>Bemerkenswert bleibt, angesichts des h\u00e4ufigen Gebrauchs seines Konterfeis, seines charakteristischen Hutes oder einfach nur seines Namens &#8211; bei welchen Produkten auch immer -, da\u00df eine solch <b>umstrittene Figur<\/b> wie Napoleon \u00fcberhaupt als Werbepers\u00f6nlichkeit in Betracht kam bzw. noch kommt. Hatte er denn nicht die Ideale der Revolution verraten, statt dessen eine aufgeblasene, durch Vetternwirtschaft gekennzeichnete Willk\u00fcrherrschaft errichtet und &#8211; was noch schwerer wiegt &#8211; unz\u00e4hlige Kriege angezettelt und dabei Hunderttausende Menschen in den Tod gef\u00fchrt? In Frankreich wird er trotzdem bis heute verehrt, und auch anderswo &#8211; selbst beim Erzfeind, den Engl\u00e4ndern, gesteht man ihm &#8211; bei aller Kritik &#8211; eine gewisse Gr\u00f6\u00dfe zu, wohl auch integres und faires Verhalten gegen\u00fcber seinen Gegnern. Und man scheint seine Vision eines geeinten Europa (allerdings unter der F\u00fchrung Frankreichs!) als anstrebbares Ziel zu w\u00fcrdigen k\u00f6nnen. Licht und Schatten halten sich bei Napoleon offenbar die Waage; er eignet sich eben nicht zur D\u00e4monisierung, wie bei Stalin oder Hitler geschehen.<\/p>\n\n\n\n<p>(Roland Schmitt)<\/p>\n","protected":false},"excerpt":{"rendered":"<p>Im Feuerwehrger\u00e4tehaus Eschringen Sie werden sich zurecht fragen, weshalb wir diese kleine Ausstellung hier in Eschringen und dann im Ger\u00e4tehaus der Feuerwehr durchf\u00fchren. Dazu m\u00f6chte ich einige Worte, quasi als eine Art Einf\u00fchrung, an Sie richten. Nun, das Ph\u00e4nomen &#8222;Napoleon&#8220; fasziniert viele Menschen, und u. a. eben auch mich und meinen Sohn. Die letzten Jahre &#8230; <a title=\"02.05.1999 &#8211; Ausstellungser\u00f6ffnung &#8222;Napoleon auf Schritt und Tritt&#8220;\" class=\"read-more\" href=\"https:\/\/eschringen.de\/wordpress\/geschichte\/archiv\/02-05-99-ausstellungseroeffnung-napoleon-auf-schritt-und-tritt\/\" aria-label=\"Mehr Informationen \u00fcber 02.05.1999 &#8211; Ausstellungser\u00f6ffnung &#8222;Napoleon auf Schritt und Tritt&#8220;\">Weiterlesen &#8230;<\/a><\/p>\n","protected":false},"author":1,"featured_media":0,"parent":403,"menu_order":80,"comment_status":"closed","ping_status":"closed","template":"","meta":{"ngg_post_thumbnail":0,"footnotes":""},"class_list":["post-1063","page","type-page","status-publish"],"yoast_head":"<!-- This site is optimized with the Yoast SEO plugin v27.3 - https:\/\/yoast.com\/product\/yoast-seo-wordpress\/ -->\n<title>02.05.1999 - Ausstellungser\u00f6ffnung &quot;Napoleon auf Schritt und Tritt&quot; - Eschringen<\/title>\n<meta name=\"robots\" content=\"index, follow, max-snippet:-1, max-image-preview:large, max-video-preview:-1\" \/>\n<link rel=\"canonical\" href=\"https:\/\/eschringen.de\/wordpress\/geschichte\/archiv\/02-05-99-ausstellungseroeffnung-napoleon-auf-schritt-und-tritt\/\" \/>\n<meta property=\"og:locale\" content=\"de_DE\" \/>\n<meta property=\"og:type\" content=\"article\" \/>\n<meta property=\"og:title\" content=\"02.05.1999 - Ausstellungser\u00f6ffnung &quot;Napoleon auf Schritt und Tritt&quot; - Eschringen\" \/>\n<meta property=\"og:description\" content=\"Im Feuerwehrger\u00e4tehaus Eschringen Sie werden sich zurecht fragen, weshalb wir diese kleine Ausstellung hier in Eschringen und dann im Ger\u00e4tehaus der Feuerwehr durchf\u00fchren. Dazu m\u00f6chte ich einige Worte, quasi als eine Art Einf\u00fchrung, an Sie richten. Nun, das Ph\u00e4nomen &#8222;Napoleon&#8220; fasziniert viele Menschen, und u. a. eben auch mich und meinen Sohn. Die letzten Jahre ... Weiterlesen ...\" \/>\n<meta property=\"og:url\" content=\"https:\/\/eschringen.de\/wordpress\/geschichte\/archiv\/02-05-99-ausstellungseroeffnung-napoleon-auf-schritt-und-tritt\/\" \/>\n<meta property=\"og:site_name\" content=\"Eschringen\" \/>\n<meta property=\"article:modified_time\" content=\"2022-08-31T07:04:45+00:00\" \/>\n<meta name=\"twitter:card\" content=\"summary_large_image\" \/>\n<meta name=\"twitter:label1\" content=\"Gesch\u00e4tzte Lesezeit\" \/>\n\t<meta name=\"twitter:data1\" content=\"5\u00a0Minuten\" \/>\n<script type=\"application\/ld+json\" class=\"yoast-schema-graph\">{\"@context\":\"https:\\\/\\\/schema.org\",\"@graph\":[{\"@type\":\"WebPage\",\"@id\":\"https:\\\/\\\/eschringen.de\\\/wordpress\\\/geschichte\\\/archiv\\\/02-05-99-ausstellungseroeffnung-napoleon-auf-schritt-und-tritt\\\/\",\"url\":\"https:\\\/\\\/eschringen.de\\\/wordpress\\\/geschichte\\\/archiv\\\/02-05-99-ausstellungseroeffnung-napoleon-auf-schritt-und-tritt\\\/\",\"name\":\"02.05.1999 - Ausstellungser\u00f6ffnung \\\"Napoleon auf Schritt und Tritt\\\" - Eschringen\",\"isPartOf\":{\"@id\":\"https:\\\/\\\/eschringen.de\\\/wordpress\\\/#website\"},\"datePublished\":\"2017-02-24T12:59:29+00:00\",\"dateModified\":\"2022-08-31T07:04:45+00:00\",\"breadcrumb\":{\"@id\":\"https:\\\/\\\/eschringen.de\\\/wordpress\\\/geschichte\\\/archiv\\\/02-05-99-ausstellungseroeffnung-napoleon-auf-schritt-und-tritt\\\/#breadcrumb\"},\"inLanguage\":\"de\",\"potentialAction\":[{\"@type\":\"ReadAction\",\"target\":[\"https:\\\/\\\/eschringen.de\\\/wordpress\\\/geschichte\\\/archiv\\\/02-05-99-ausstellungseroeffnung-napoleon-auf-schritt-und-tritt\\\/\"]}]},{\"@type\":\"BreadcrumbList\",\"@id\":\"https:\\\/\\\/eschringen.de\\\/wordpress\\\/geschichte\\\/archiv\\\/02-05-99-ausstellungseroeffnung-napoleon-auf-schritt-und-tritt\\\/#breadcrumb\",\"itemListElement\":[{\"@type\":\"ListItem\",\"position\":1,\"name\":\"Startseite\",\"item\":\"https:\\\/\\\/eschringen.de\\\/wordpress\\\/\"},{\"@type\":\"ListItem\",\"position\":2,\"name\":\"Geschichte\",\"item\":\"https:\\\/\\\/eschringen.de\\\/wordpress\\\/geschichte\\\/\"},{\"@type\":\"ListItem\",\"position\":3,\"name\":\"Archiv\",\"item\":\"https:\\\/\\\/eschringen.de\\\/wordpress\\\/geschichte\\\/archiv\\\/\"},{\"@type\":\"ListItem\",\"position\":4,\"name\":\"02.05.1999 &#8211; Ausstellungser\u00f6ffnung &#8222;Napoleon auf Schritt und Tritt&#8220;\"}]},{\"@type\":\"WebSite\",\"@id\":\"https:\\\/\\\/eschringen.de\\\/wordpress\\\/#website\",\"url\":\"https:\\\/\\\/eschringen.de\\\/wordpress\\\/\",\"name\":\"Eschringen\",\"description\":\"\",\"publisher\":{\"@id\":\"https:\\\/\\\/eschringen.de\\\/wordpress\\\/#organization\"},\"potentialAction\":[{\"@type\":\"SearchAction\",\"target\":{\"@type\":\"EntryPoint\",\"urlTemplate\":\"https:\\\/\\\/eschringen.de\\\/wordpress\\\/?s={search_term_string}\"},\"query-input\":{\"@type\":\"PropertyValueSpecification\",\"valueRequired\":true,\"valueName\":\"search_term_string\"}}],\"inLanguage\":\"de\"},{\"@type\":\"Organization\",\"@id\":\"https:\\\/\\\/eschringen.de\\\/wordpress\\\/#organization\",\"name\":\"Eschringen\",\"url\":\"https:\\\/\\\/eschringen.de\\\/wordpress\\\/\",\"logo\":{\"@type\":\"ImageObject\",\"inLanguage\":\"de\",\"@id\":\"https:\\\/\\\/eschringen.de\\\/wordpress\\\/#\\\/schema\\\/logo\\\/image\\\/\",\"url\":\"https:\\\/\\\/eschringen.de\\\/wordpress\\\/wp-content\\\/uploads\\\/2017\\\/03\\\/2017_kw15.jpg\",\"contentUrl\":\"https:\\\/\\\/eschringen.de\\\/wordpress\\\/wp-content\\\/uploads\\\/2017\\\/03\\\/2017_kw15.jpg\",\"width\":784,\"height\":447,\"caption\":\"Eschringen\"},\"image\":{\"@id\":\"https:\\\/\\\/eschringen.de\\\/wordpress\\\/#\\\/schema\\\/logo\\\/image\\\/\"}}]}<\/script>\n<!-- \/ Yoast SEO plugin. -->","yoast_head_json":{"title":"02.05.1999 - Ausstellungser\u00f6ffnung \"Napoleon auf Schritt und Tritt\" - Eschringen","robots":{"index":"index","follow":"follow","max-snippet":"max-snippet:-1","max-image-preview":"max-image-preview:large","max-video-preview":"max-video-preview:-1"},"canonical":"https:\/\/eschringen.de\/wordpress\/geschichte\/archiv\/02-05-99-ausstellungseroeffnung-napoleon-auf-schritt-und-tritt\/","og_locale":"de_DE","og_type":"article","og_title":"02.05.1999 - Ausstellungser\u00f6ffnung \"Napoleon auf Schritt und Tritt\" - Eschringen","og_description":"Im Feuerwehrger\u00e4tehaus Eschringen Sie werden sich zurecht fragen, weshalb wir diese kleine Ausstellung hier in Eschringen und dann im Ger\u00e4tehaus der Feuerwehr durchf\u00fchren. Dazu m\u00f6chte ich einige Worte, quasi als eine Art Einf\u00fchrung, an Sie richten. Nun, das Ph\u00e4nomen &#8222;Napoleon&#8220; fasziniert viele Menschen, und u. a. eben auch mich und meinen Sohn. Die letzten Jahre ... Weiterlesen ...","og_url":"https:\/\/eschringen.de\/wordpress\/geschichte\/archiv\/02-05-99-ausstellungseroeffnung-napoleon-auf-schritt-und-tritt\/","og_site_name":"Eschringen","article_modified_time":"2022-08-31T07:04:45+00:00","twitter_card":"summary_large_image","twitter_misc":{"Gesch\u00e4tzte Lesezeit":"5\u00a0Minuten"},"schema":{"@context":"https:\/\/schema.org","@graph":[{"@type":"WebPage","@id":"https:\/\/eschringen.de\/wordpress\/geschichte\/archiv\/02-05-99-ausstellungseroeffnung-napoleon-auf-schritt-und-tritt\/","url":"https:\/\/eschringen.de\/wordpress\/geschichte\/archiv\/02-05-99-ausstellungseroeffnung-napoleon-auf-schritt-und-tritt\/","name":"02.05.1999 - Ausstellungser\u00f6ffnung \"Napoleon auf Schritt und Tritt\" - Eschringen","isPartOf":{"@id":"https:\/\/eschringen.de\/wordpress\/#website"},"datePublished":"2017-02-24T12:59:29+00:00","dateModified":"2022-08-31T07:04:45+00:00","breadcrumb":{"@id":"https:\/\/eschringen.de\/wordpress\/geschichte\/archiv\/02-05-99-ausstellungseroeffnung-napoleon-auf-schritt-und-tritt\/#breadcrumb"},"inLanguage":"de","potentialAction":[{"@type":"ReadAction","target":["https:\/\/eschringen.de\/wordpress\/geschichte\/archiv\/02-05-99-ausstellungseroeffnung-napoleon-auf-schritt-und-tritt\/"]}]},{"@type":"BreadcrumbList","@id":"https:\/\/eschringen.de\/wordpress\/geschichte\/archiv\/02-05-99-ausstellungseroeffnung-napoleon-auf-schritt-und-tritt\/#breadcrumb","itemListElement":[{"@type":"ListItem","position":1,"name":"Startseite","item":"https:\/\/eschringen.de\/wordpress\/"},{"@type":"ListItem","position":2,"name":"Geschichte","item":"https:\/\/eschringen.de\/wordpress\/geschichte\/"},{"@type":"ListItem","position":3,"name":"Archiv","item":"https:\/\/eschringen.de\/wordpress\/geschichte\/archiv\/"},{"@type":"ListItem","position":4,"name":"02.05.1999 &#8211; Ausstellungser\u00f6ffnung &#8222;Napoleon auf Schritt und Tritt&#8220;"}]},{"@type":"WebSite","@id":"https:\/\/eschringen.de\/wordpress\/#website","url":"https:\/\/eschringen.de\/wordpress\/","name":"Eschringen","description":"","publisher":{"@id":"https:\/\/eschringen.de\/wordpress\/#organization"},"potentialAction":[{"@type":"SearchAction","target":{"@type":"EntryPoint","urlTemplate":"https:\/\/eschringen.de\/wordpress\/?s={search_term_string}"},"query-input":{"@type":"PropertyValueSpecification","valueRequired":true,"valueName":"search_term_string"}}],"inLanguage":"de"},{"@type":"Organization","@id":"https:\/\/eschringen.de\/wordpress\/#organization","name":"Eschringen","url":"https:\/\/eschringen.de\/wordpress\/","logo":{"@type":"ImageObject","inLanguage":"de","@id":"https:\/\/eschringen.de\/wordpress\/#\/schema\/logo\/image\/","url":"https:\/\/eschringen.de\/wordpress\/wp-content\/uploads\/2017\/03\/2017_kw15.jpg","contentUrl":"https:\/\/eschringen.de\/wordpress\/wp-content\/uploads\/2017\/03\/2017_kw15.jpg","width":784,"height":447,"caption":"Eschringen"},"image":{"@id":"https:\/\/eschringen.de\/wordpress\/#\/schema\/logo\/image\/"}}]}},"jetpack_sharing_enabled":true,"_links":{"self":[{"href":"https:\/\/eschringen.de\/wordpress\/wp-json\/wp\/v2\/pages\/1063","targetHints":{"allow":["GET"]}}],"collection":[{"href":"https:\/\/eschringen.de\/wordpress\/wp-json\/wp\/v2\/pages"}],"about":[{"href":"https:\/\/eschringen.de\/wordpress\/wp-json\/wp\/v2\/types\/page"}],"author":[{"embeddable":true,"href":"https:\/\/eschringen.de\/wordpress\/wp-json\/wp\/v2\/users\/1"}],"replies":[{"embeddable":true,"href":"https:\/\/eschringen.de\/wordpress\/wp-json\/wp\/v2\/comments?post=1063"}],"version-history":[{"count":2,"href":"https:\/\/eschringen.de\/wordpress\/wp-json\/wp\/v2\/pages\/1063\/revisions"}],"predecessor-version":[{"id":3943,"href":"https:\/\/eschringen.de\/wordpress\/wp-json\/wp\/v2\/pages\/1063\/revisions\/3943"}],"up":[{"embeddable":true,"href":"https:\/\/eschringen.de\/wordpress\/wp-json\/wp\/v2\/pages\/403"}],"wp:attachment":[{"href":"https:\/\/eschringen.de\/wordpress\/wp-json\/wp\/v2\/media?parent=1063"}],"curies":[{"name":"wp","href":"https:\/\/api.w.org\/{rel}","templated":true}]}}