{"id":1060,"date":"2017-02-24T13:56:45","date_gmt":"2017-02-24T12:56:45","guid":{"rendered":"http:\/\/eschringen.de\/wordpress\/?page_id=1060"},"modified":"2022-08-31T09:04:21","modified_gmt":"2022-08-31T07:04:21","slug":"31-05-99-bauernhaeuser-im-bliesgau","status":"publish","type":"page","link":"https:\/\/eschringen.de\/wordpress\/geschichte\/archiv\/31-05-99-bauernhaeuser-im-bliesgau\/","title":{"rendered":"31.05.1999 &#8211; Bauernh\u00e4user im Bliesgau"},"content":{"rendered":"\n<p>Zu einem Diavortrag mit Dr. Bernhard Becker, verantwortlich im Saar-Pfalz-Kreis f\u00fcr die Belange der Heimatforschung und der Denkmalpflege, hatte die Eschringer Geschichtswerkstatt am 31. Mai 1999 in das Gasthaus &#8222;Zur Post&#8220; geladen. Und es kamen, vor allem aus den Nachbargemeinden, zahlreiche interessierte Besucher. Dr. Becker skizzierte eingangs den Niedergang der Landwirtschaft in unserer Gegend. Die fortschreitende Industrialisierung seit Mitte des 19. Jahrhunderts, auch an der Saar, habe besonders in stadtnahen Bereichen den Charakter zahlreicher Bauernh\u00e4user nachhaltig ver\u00e4ndert. Die landwirtschaftlichen Betriebe seien aus der Dorfmitte verschwunden und existierten allenfalls noch als sog. &#8222;Aussiedlerh\u00f6fe&#8220;.<\/p>\n\n\n\n<p>In einem historischen Abriss ging er schlie\u00dflich auf die verschiedenen Bauernhaustypen ein. Die urspr\u00fcnglichen Streuhofanlagen h\u00e4tten sich als nicht ideal erwiesen, folglich entwickelten sich seit Ende des 17. Jahrhunderts sog. &#8222;Einh\u00e4user&#8220;, wo alle Lebensfunktionen (Wohnbereich, Stall, Scheune) unter einem Dach angesiedelt waren. Im Bliesgau dominierte das variable &#8222;s\u00fcdwestdeutsche Quereinhaus&#8220;. Der Wirtschaftstrakt sei hierbei stets gr\u00f6\u00dfer als der Wohnbereich gewesen. Noch bis in die Mitte des vergangenen Jahrhunderts habe es strohgedeckte D\u00e4cher gegeben. Keller kannte man anfangs nicht; und sp\u00e4ter seien sie nur von au\u00dfen zug\u00e4nglich gewesen. Neben dem Quereinhaus habe es vor allem im ehemaligen Herrschaftsbereich von Pfalz-Zweibr\u00fccken auch Geh\u00f6fte gegeben, die vornehmlich von Mennoniten bewirtschaftet worden w\u00e4ren (auch der &#8222;Eschringer Hof&#8220; habe eine \u00e4hnliche Vergangenheit). Bauernh\u00e4user des lothringischen Typs g\u00e4be es vornehmlich im Saargau; einige wenige im grenznahen Bereich um Kleinblittersdorf.<\/p>\n\n\n\n<p>Durch die Industrialisierung h\u00e4tten sich schlie\u00dflich die Lebensgrundlagen der Menschen ver\u00e4ndert. Die M\u00e4nner seien als Lohnarbeiter auf die Grube oder die H\u00fctte, ohne aber die Landwirtschaft v\u00f6llig aufzugeben. Aus dieser ver\u00e4nderten Lage heraus sei das sog. &#8222;Arbeiterbauernhaus&#8220; entstanden mit einem entsprechend gr\u00f6\u00dferen Wohntrakt. Als Besonderheit erw\u00e4hnte er die sog. &#8222;Erbh\u00f6fe&#8220;, die ab 1933 von den nationalsozialistischen Machthabern als &#8222;Modellbauten&#8220; errichtet worden seien. Diese H\u00f6fe durften nicht geteilt werden, sondern wurden vom \u00e4ltesten Sohn \u00fcbernommen. Architektonisch seien u. a. die steilen D\u00e4cher und die Dachgauben charakteristisch.<\/p>\n\n\n\n<p>Am Beispiel zahlreicher Dias erl\u00e4uterte Dr. Becker die Besonderheiten und typischen Merkmale hiesiger Bauernh\u00e4user. Nicht nur aus Orten des Saar-Pfalz-Kreises, sondern auch aus Fechingen, Ensheim und Eschringen konnte er dabei Beispiele noch existierender Bauernh\u00e4user zeigen. Allerdings h\u00e4tten sich sich die meisten (auch \u00e4u\u00dferlich) sehr gewandelt. Im einzelnen stellte er dann Dach, Fassade, Fenster, T\u00fcren, Tore, Treppen usw. vor. Typisch m\u00fcssten eigentlich als Ziegel &#8211; nach dem Verschwinden des feuergef\u00e4hrlichen Strohs &#8211; die roten Biberschw\u00e4nze seien, doch tr\u00e4fe man diese immer seltener an. Seit rund 100 Jahren habe der Doppelfalzziegel in der Saargegend Einzug gehalten. Imposante Haust\u00fcren, T\u00fcrst\u00fcrze und Gew\u00e4nder h\u00e4tten als Sch\u00f6nheitsideal gedient und den Wohlstand des Eigent\u00fcmers dokumentieren sollen. Zum Abschluss des anschaulichen und interessanten Vortrages erw\u00e4hnte Dr. Becker noch die (finanziellen) M\u00f6glichkeiten, die das Land b\u00f6te, um Bauernh\u00e4user fachgerecht restaurieren zu lassen. Im Einzelfall g\u00e4be es F\u00f6rderungsmittel bis zu DM 40.000.- Bevor man drauflos renoviere, solle man sich informieren, um gravierende Fehler zu vermeiden. Es entspann sich anschlie\u00dfend noch eine rege Diskussion, wobei z. B. gefragt wurde, weshalb es im Saarland so wenig Fachwerkh\u00e4user g\u00e4be. Dr. Becker erkl\u00e4rte dies mit der Holzknappheit, die die Industrialisierung und der damit einhergehende erh\u00f6hte Holzbedarf bedingte. Der Leiter der Geschichtswerkstatt, Roland Schmitt, sprach dem Referenten zum Abschluss seinen Dank aus und erw\u00e4hnte mit Nachdruck, da\u00df der Inhalt dieses Vortrages gewiss auch in das geplante Themenheft &#8222;H\u00e4user und Geb\u00e4ude in Eschringen&#8220; flie\u00dfen werde.<\/p>\n","protected":false},"excerpt":{"rendered":"<p>Zu einem Diavortrag mit Dr. Bernhard Becker, verantwortlich im Saar-Pfalz-Kreis f\u00fcr die Belange der Heimatforschung und der Denkmalpflege, hatte die Eschringer Geschichtswerkstatt am 31. Mai 1999 in das Gasthaus &#8222;Zur Post&#8220; geladen. Und es kamen, vor allem aus den Nachbargemeinden, zahlreiche interessierte Besucher. Dr. Becker skizzierte eingangs den Niedergang der Landwirtschaft in unserer Gegend. Die &#8230; <a title=\"31.05.1999 &#8211; Bauernh\u00e4user im Bliesgau\" class=\"read-more\" href=\"https:\/\/eschringen.de\/wordpress\/geschichte\/archiv\/31-05-99-bauernhaeuser-im-bliesgau\/\" aria-label=\"Mehr Informationen \u00fcber 31.05.1999 &#8211; Bauernh\u00e4user im Bliesgau\">Weiterlesen &#8230;<\/a><\/p>\n","protected":false},"author":1,"featured_media":0,"parent":403,"menu_order":79,"comment_status":"closed","ping_status":"closed","template":"","meta":{"ngg_post_thumbnail":0,"footnotes":""},"class_list":["post-1060","page","type-page","status-publish"],"yoast_head":"<!-- This site is optimized with the Yoast SEO plugin v27.3 - https:\/\/yoast.com\/product\/yoast-seo-wordpress\/ -->\n<title>31.05.1999 - Bauernh\u00e4user im Bliesgau - Eschringen<\/title>\n<meta name=\"robots\" content=\"index, follow, max-snippet:-1, max-image-preview:large, max-video-preview:-1\" \/>\n<link rel=\"canonical\" href=\"https:\/\/eschringen.de\/wordpress\/geschichte\/archiv\/31-05-99-bauernhaeuser-im-bliesgau\/\" \/>\n<meta property=\"og:locale\" content=\"de_DE\" \/>\n<meta property=\"og:type\" content=\"article\" \/>\n<meta property=\"og:title\" content=\"31.05.1999 - Bauernh\u00e4user im Bliesgau - Eschringen\" \/>\n<meta property=\"og:description\" content=\"Zu einem Diavortrag mit Dr. Bernhard Becker, verantwortlich im Saar-Pfalz-Kreis f\u00fcr die Belange der Heimatforschung und der Denkmalpflege, hatte die Eschringer Geschichtswerkstatt am 31. Mai 1999 in das Gasthaus &#8222;Zur Post&#8220; geladen. Und es kamen, vor allem aus den Nachbargemeinden, zahlreiche interessierte Besucher. Dr. Becker skizzierte eingangs den Niedergang der Landwirtschaft in unserer Gegend. Die ... Weiterlesen ...\" \/>\n<meta property=\"og:url\" content=\"https:\/\/eschringen.de\/wordpress\/geschichte\/archiv\/31-05-99-bauernhaeuser-im-bliesgau\/\" \/>\n<meta property=\"og:site_name\" content=\"Eschringen\" \/>\n<meta property=\"article:modified_time\" content=\"2022-08-31T07:04:21+00:00\" \/>\n<meta name=\"twitter:card\" content=\"summary_large_image\" \/>\n<meta name=\"twitter:label1\" content=\"Gesch\u00e4tzte Lesezeit\" \/>\n\t<meta name=\"twitter:data1\" content=\"3\u00a0Minuten\" \/>\n<script type=\"application\/ld+json\" class=\"yoast-schema-graph\">{\"@context\":\"https:\\\/\\\/schema.org\",\"@graph\":[{\"@type\":\"WebPage\",\"@id\":\"https:\\\/\\\/eschringen.de\\\/wordpress\\\/geschichte\\\/archiv\\\/31-05-99-bauernhaeuser-im-bliesgau\\\/\",\"url\":\"https:\\\/\\\/eschringen.de\\\/wordpress\\\/geschichte\\\/archiv\\\/31-05-99-bauernhaeuser-im-bliesgau\\\/\",\"name\":\"31.05.1999 - Bauernh\u00e4user im Bliesgau - Eschringen\",\"isPartOf\":{\"@id\":\"https:\\\/\\\/eschringen.de\\\/wordpress\\\/#website\"},\"datePublished\":\"2017-02-24T12:56:45+00:00\",\"dateModified\":\"2022-08-31T07:04:21+00:00\",\"breadcrumb\":{\"@id\":\"https:\\\/\\\/eschringen.de\\\/wordpress\\\/geschichte\\\/archiv\\\/31-05-99-bauernhaeuser-im-bliesgau\\\/#breadcrumb\"},\"inLanguage\":\"de\",\"potentialAction\":[{\"@type\":\"ReadAction\",\"target\":[\"https:\\\/\\\/eschringen.de\\\/wordpress\\\/geschichte\\\/archiv\\\/31-05-99-bauernhaeuser-im-bliesgau\\\/\"]}]},{\"@type\":\"BreadcrumbList\",\"@id\":\"https:\\\/\\\/eschringen.de\\\/wordpress\\\/geschichte\\\/archiv\\\/31-05-99-bauernhaeuser-im-bliesgau\\\/#breadcrumb\",\"itemListElement\":[{\"@type\":\"ListItem\",\"position\":1,\"name\":\"Startseite\",\"item\":\"https:\\\/\\\/eschringen.de\\\/wordpress\\\/\"},{\"@type\":\"ListItem\",\"position\":2,\"name\":\"Geschichte\",\"item\":\"https:\\\/\\\/eschringen.de\\\/wordpress\\\/geschichte\\\/\"},{\"@type\":\"ListItem\",\"position\":3,\"name\":\"Archiv\",\"item\":\"https:\\\/\\\/eschringen.de\\\/wordpress\\\/geschichte\\\/archiv\\\/\"},{\"@type\":\"ListItem\",\"position\":4,\"name\":\"31.05.1999 &#8211; Bauernh\u00e4user im Bliesgau\"}]},{\"@type\":\"WebSite\",\"@id\":\"https:\\\/\\\/eschringen.de\\\/wordpress\\\/#website\",\"url\":\"https:\\\/\\\/eschringen.de\\\/wordpress\\\/\",\"name\":\"Eschringen\",\"description\":\"\",\"publisher\":{\"@id\":\"https:\\\/\\\/eschringen.de\\\/wordpress\\\/#organization\"},\"potentialAction\":[{\"@type\":\"SearchAction\",\"target\":{\"@type\":\"EntryPoint\",\"urlTemplate\":\"https:\\\/\\\/eschringen.de\\\/wordpress\\\/?s={search_term_string}\"},\"query-input\":{\"@type\":\"PropertyValueSpecification\",\"valueRequired\":true,\"valueName\":\"search_term_string\"}}],\"inLanguage\":\"de\"},{\"@type\":\"Organization\",\"@id\":\"https:\\\/\\\/eschringen.de\\\/wordpress\\\/#organization\",\"name\":\"Eschringen\",\"url\":\"https:\\\/\\\/eschringen.de\\\/wordpress\\\/\",\"logo\":{\"@type\":\"ImageObject\",\"inLanguage\":\"de\",\"@id\":\"https:\\\/\\\/eschringen.de\\\/wordpress\\\/#\\\/schema\\\/logo\\\/image\\\/\",\"url\":\"https:\\\/\\\/eschringen.de\\\/wordpress\\\/wp-content\\\/uploads\\\/2017\\\/03\\\/2017_kw15.jpg\",\"contentUrl\":\"https:\\\/\\\/eschringen.de\\\/wordpress\\\/wp-content\\\/uploads\\\/2017\\\/03\\\/2017_kw15.jpg\",\"width\":784,\"height\":447,\"caption\":\"Eschringen\"},\"image\":{\"@id\":\"https:\\\/\\\/eschringen.de\\\/wordpress\\\/#\\\/schema\\\/logo\\\/image\\\/\"}}]}<\/script>\n<!-- \/ Yoast SEO plugin. -->","yoast_head_json":{"title":"31.05.1999 - Bauernh\u00e4user im Bliesgau - Eschringen","robots":{"index":"index","follow":"follow","max-snippet":"max-snippet:-1","max-image-preview":"max-image-preview:large","max-video-preview":"max-video-preview:-1"},"canonical":"https:\/\/eschringen.de\/wordpress\/geschichte\/archiv\/31-05-99-bauernhaeuser-im-bliesgau\/","og_locale":"de_DE","og_type":"article","og_title":"31.05.1999 - Bauernh\u00e4user im Bliesgau - Eschringen","og_description":"Zu einem Diavortrag mit Dr. Bernhard Becker, verantwortlich im Saar-Pfalz-Kreis f\u00fcr die Belange der Heimatforschung und der Denkmalpflege, hatte die Eschringer Geschichtswerkstatt am 31. Mai 1999 in das Gasthaus &#8222;Zur Post&#8220; geladen. Und es kamen, vor allem aus den Nachbargemeinden, zahlreiche interessierte Besucher. Dr. Becker skizzierte eingangs den Niedergang der Landwirtschaft in unserer Gegend. Die ... Weiterlesen ...","og_url":"https:\/\/eschringen.de\/wordpress\/geschichte\/archiv\/31-05-99-bauernhaeuser-im-bliesgau\/","og_site_name":"Eschringen","article_modified_time":"2022-08-31T07:04:21+00:00","twitter_card":"summary_large_image","twitter_misc":{"Gesch\u00e4tzte Lesezeit":"3\u00a0Minuten"},"schema":{"@context":"https:\/\/schema.org","@graph":[{"@type":"WebPage","@id":"https:\/\/eschringen.de\/wordpress\/geschichte\/archiv\/31-05-99-bauernhaeuser-im-bliesgau\/","url":"https:\/\/eschringen.de\/wordpress\/geschichte\/archiv\/31-05-99-bauernhaeuser-im-bliesgau\/","name":"31.05.1999 - Bauernh\u00e4user im Bliesgau - Eschringen","isPartOf":{"@id":"https:\/\/eschringen.de\/wordpress\/#website"},"datePublished":"2017-02-24T12:56:45+00:00","dateModified":"2022-08-31T07:04:21+00:00","breadcrumb":{"@id":"https:\/\/eschringen.de\/wordpress\/geschichte\/archiv\/31-05-99-bauernhaeuser-im-bliesgau\/#breadcrumb"},"inLanguage":"de","potentialAction":[{"@type":"ReadAction","target":["https:\/\/eschringen.de\/wordpress\/geschichte\/archiv\/31-05-99-bauernhaeuser-im-bliesgau\/"]}]},{"@type":"BreadcrumbList","@id":"https:\/\/eschringen.de\/wordpress\/geschichte\/archiv\/31-05-99-bauernhaeuser-im-bliesgau\/#breadcrumb","itemListElement":[{"@type":"ListItem","position":1,"name":"Startseite","item":"https:\/\/eschringen.de\/wordpress\/"},{"@type":"ListItem","position":2,"name":"Geschichte","item":"https:\/\/eschringen.de\/wordpress\/geschichte\/"},{"@type":"ListItem","position":3,"name":"Archiv","item":"https:\/\/eschringen.de\/wordpress\/geschichte\/archiv\/"},{"@type":"ListItem","position":4,"name":"31.05.1999 &#8211; Bauernh\u00e4user im Bliesgau"}]},{"@type":"WebSite","@id":"https:\/\/eschringen.de\/wordpress\/#website","url":"https:\/\/eschringen.de\/wordpress\/","name":"Eschringen","description":"","publisher":{"@id":"https:\/\/eschringen.de\/wordpress\/#organization"},"potentialAction":[{"@type":"SearchAction","target":{"@type":"EntryPoint","urlTemplate":"https:\/\/eschringen.de\/wordpress\/?s={search_term_string}"},"query-input":{"@type":"PropertyValueSpecification","valueRequired":true,"valueName":"search_term_string"}}],"inLanguage":"de"},{"@type":"Organization","@id":"https:\/\/eschringen.de\/wordpress\/#organization","name":"Eschringen","url":"https:\/\/eschringen.de\/wordpress\/","logo":{"@type":"ImageObject","inLanguage":"de","@id":"https:\/\/eschringen.de\/wordpress\/#\/schema\/logo\/image\/","url":"https:\/\/eschringen.de\/wordpress\/wp-content\/uploads\/2017\/03\/2017_kw15.jpg","contentUrl":"https:\/\/eschringen.de\/wordpress\/wp-content\/uploads\/2017\/03\/2017_kw15.jpg","width":784,"height":447,"caption":"Eschringen"},"image":{"@id":"https:\/\/eschringen.de\/wordpress\/#\/schema\/logo\/image\/"}}]}},"jetpack_sharing_enabled":true,"_links":{"self":[{"href":"https:\/\/eschringen.de\/wordpress\/wp-json\/wp\/v2\/pages\/1060","targetHints":{"allow":["GET"]}}],"collection":[{"href":"https:\/\/eschringen.de\/wordpress\/wp-json\/wp\/v2\/pages"}],"about":[{"href":"https:\/\/eschringen.de\/wordpress\/wp-json\/wp\/v2\/types\/page"}],"author":[{"embeddable":true,"href":"https:\/\/eschringen.de\/wordpress\/wp-json\/wp\/v2\/users\/1"}],"replies":[{"embeddable":true,"href":"https:\/\/eschringen.de\/wordpress\/wp-json\/wp\/v2\/comments?post=1060"}],"version-history":[{"count":2,"href":"https:\/\/eschringen.de\/wordpress\/wp-json\/wp\/v2\/pages\/1060\/revisions"}],"predecessor-version":[{"id":3942,"href":"https:\/\/eschringen.de\/wordpress\/wp-json\/wp\/v2\/pages\/1060\/revisions\/3942"}],"up":[{"embeddable":true,"href":"https:\/\/eschringen.de\/wordpress\/wp-json\/wp\/v2\/pages\/403"}],"wp:attachment":[{"href":"https:\/\/eschringen.de\/wordpress\/wp-json\/wp\/v2\/media?parent=1060"}],"curies":[{"name":"wp","href":"https:\/\/api.w.org\/{rel}","templated":true}]}}