{"id":1056,"date":"2017-02-24T13:51:34","date_gmt":"2017-02-24T12:51:34","guid":{"rendered":"http:\/\/eschringen.de\/wordpress\/?page_id=1056"},"modified":"2022-08-31T09:03:25","modified_gmt":"2022-08-31T07:03:25","slug":"11-08-99-totale-sonnenfinsternis-ueber-eschringen","status":"publish","type":"page","link":"https:\/\/eschringen.de\/wordpress\/geschichte\/archiv\/11-08-99-totale-sonnenfinsternis-ueber-eschringen\/","title":{"rendered":"11.08.1999 &#8211; Totale Sonnenfinsternis \u00fcber Eschringen"},"content":{"rendered":"\n<h5 class=\"wp-block-heading\"><strong>ein Erlebnisbericht von Roland Schmitt<\/strong><\/h5>\n\n\n<div class=\"wp-block-image\">\n<figure class=\"alignright\"><img data-recalc-dims=\"1\" loading=\"lazy\" decoding=\"async\" width=\"300\" height=\"210\" src=\"https:\/\/i0.wp.com\/eschringen.de\/wordpress\/wp-content\/uploads\/2022\/08\/sofi.jpg?resize=300%2C210&#038;ssl=1\" alt=\"\" class=\"wp-image-3897\"\/><\/figure>\n<\/div>\n\n\n<p>Wohl dem, der jenseits von oder unmittelbar an der alten preu\u00dfisch-bayerischen Landesgrenze einen Standort gesucht hatte, um das Jahrhundertschauspiel am Himmel verfolgen zu k\u00f6nnen! Viele Eschringer, aber auch aus fern und nah Angereiste, zogen am Mittwoch, den 11. August 1999, am sp\u00e4ten Vormittag, vor allem auf die (n\u00f6rdlichen) H\u00f6henz\u00fcge, also von der Sitters aus Richtung Wickersberg, oder von der Ortsmitte Richtung Westen, nach Fechingen zu, auf den Gebberg &#8211; wie wir (meine Frau Christa, unsere Kinder Yasmina und Yannick sowie unsere Besucherinnen Rita und Susanne) eben. In der Tat bot dieser geschichtstr\u00e4chtige Ort (einst der Galgenberg Fechingens) einen hervorragenden Blick nicht nur gen Himmel, sondern auch auf das Saarbachtal und den H\u00f6henzug vom \u00dcberwald bis zum Birzberg. Es hatten sich auch schon etliche Schaulustige (ca. 80-100) eingefunden, nicht nur Einheimische, sondern auch Interessierte aus der ganzen Republik: aus Wiesbaden, M\u00fcnster, Freiburg und Berlin (wie u. a. die Nummernschilder mancher Autos verrieten). Das Wetter hatte sich den ganzen Vormittag \u00fcber schon als sehr unbest\u00e4ndig, vor allem sehr verhangen gezeigt. Also keine besonders guten Aussichten f\u00fcr eine klare Sicht der Dinge.<\/p>\n\n\n<div class=\"wp-block-image\">\n<figure class=\"alignleft\"><img data-recalc-dims=\"1\" loading=\"lazy\" decoding=\"async\" width=\"300\" height=\"198\" src=\"https:\/\/i0.wp.com\/eschringen.de\/wordpress\/wp-content\/uploads\/2022\/08\/sofi2.jpg?resize=300%2C198&#038;ssl=1\" alt=\"\" class=\"wp-image-3898\"\/><figcaption>Eschringen &#8211; Sonnenfinsternis 1999<\/figcaption><\/figure>\n<\/div>\n\n\n<p>Um die Mittagszeit jedoch begann es sich von Westen her aufzuklaren, zur gro\u00dfen Freude der Anwesenden. Und in der Tat konnte man bereits beobachten, wie sich der Mond &#8222;langsam&#8220;, aber stetig, vor die Sonne schob. Die Menschen auf dem Gebberg waren guter Dinge, hatten nicht nur die notwendigen Spezialbrillen, sondern auch Proviant und Getr\u00e4nke mitgebracht. Man war sich einig, ein beeindruckendes Schauspiel am Himmel zu beobachten. Gleichwohl zogen derweil be\u00e4ngstigenderweise von Westen schwere, dunkle Regenwolken herbei. W\u00fcrde die Zeit noch reichen, die totale Sonnenfinsternis ohne st\u00f6rende Wolken beobachten zu k\u00f6nnen? Diese bange Frage stellten sich viele. Etwa um 12.27 Uhr zeigte sich am Himmel nur noch eine kleine Sichel, die weiter abnahm und schlie\u00dflich ganz verschwand. Erste Wolkenfelder hatten inzwischen den Blick leicht getr\u00fcbt, doch Sekunden sp\u00e4ter konnte man tats\u00e4chlich die Totalit\u00e4t und die Korona bewundern, manch Sternenkundiger auch Venus (linkerhand der Sonne) und Merkur (rechterhand der Sonne). Just in diesem ergreifenden Augenblick &#8211; alles um einen herum hatte sich atemberaubend verdunkelt &#8211; ert\u00f6nte ein m\u00e4chtiger Donner, und man konnte sich gut vorstellen, dass Menschen in fr\u00fcheren Epochen sehr wohl massive \u00c4ngste und sogar Weltuntergangsstimmungen entwickelten. Dann wurde es pl\u00f6tzlich wieder heller, vor allem die Wiesen unterhalb des \u00dcberwaldes schienen &#8222;gr\u00fcn&#8220; aufzuleuchten. Leider konnte man aber die Aufhellungsphase nicht mehr beobachten, denn nun setzte ein gewaltiger Regenschauer ein, der alle Menschen rund um den Gebberg fl\u00fcchten lie\u00df. Total durchn\u00e4sst kamen wir schlie\u00dflich, nachdem wir wieder &#8222;Eschringer Boden&#8220; im Erlenhain unter den F\u00fc\u00dfen hatten, an unserem Auto an. Wir waren uns alle einig, dass wir Augenzeugen eines absolut seltenen Ereignisses geworden waren &#8211; ein sch\u00f6nes, fast stolzes Gef\u00fchl. Yannick fand allerdings den Platzregen fast genauso &#8222;cool&#8220; wie die eigentliche Sonnenfinsternis.<\/p>\n","protected":false},"excerpt":{"rendered":"<p>ein Erlebnisbericht von Roland Schmitt Wohl dem, der jenseits von oder unmittelbar an der alten preu\u00dfisch-bayerischen Landesgrenze einen Standort gesucht hatte, um das Jahrhundertschauspiel am Himmel verfolgen zu k\u00f6nnen! Viele Eschringer, aber auch aus fern und nah Angereiste, zogen am Mittwoch, den 11. August 1999, am sp\u00e4ten Vormittag, vor allem auf die (n\u00f6rdlichen) H\u00f6henz\u00fcge, also &#8230; <a title=\"11.08.1999 &#8211; Totale Sonnenfinsternis \u00fcber Eschringen\" class=\"read-more\" href=\"https:\/\/eschringen.de\/wordpress\/geschichte\/archiv\/11-08-99-totale-sonnenfinsternis-ueber-eschringen\/\" aria-label=\"Mehr Informationen \u00fcber 11.08.1999 &#8211; Totale Sonnenfinsternis \u00fcber Eschringen\">Weiterlesen &#8230;<\/a><\/p>\n","protected":false},"author":1,"featured_media":0,"parent":403,"menu_order":77,"comment_status":"closed","ping_status":"closed","template":"","meta":{"ngg_post_thumbnail":0,"footnotes":""},"class_list":["post-1056","page","type-page","status-publish"],"yoast_head":"<!-- This site is optimized with the Yoast SEO plugin v27.3 - https:\/\/yoast.com\/product\/yoast-seo-wordpress\/ -->\n<title>11.08.1999 - Totale Sonnenfinsternis \u00fcber Eschringen - Eschringen<\/title>\n<meta name=\"robots\" content=\"index, follow, max-snippet:-1, max-image-preview:large, max-video-preview:-1\" \/>\n<link rel=\"canonical\" href=\"https:\/\/eschringen.de\/wordpress\/geschichte\/archiv\/11-08-99-totale-sonnenfinsternis-ueber-eschringen\/\" \/>\n<meta property=\"og:locale\" content=\"de_DE\" \/>\n<meta property=\"og:type\" content=\"article\" \/>\n<meta property=\"og:title\" content=\"11.08.1999 - Totale Sonnenfinsternis \u00fcber Eschringen - Eschringen\" \/>\n<meta property=\"og:description\" content=\"ein Erlebnisbericht von Roland Schmitt Wohl dem, der jenseits von oder unmittelbar an der alten preu\u00dfisch-bayerischen Landesgrenze einen Standort gesucht hatte, um das Jahrhundertschauspiel am Himmel verfolgen zu k\u00f6nnen! Viele Eschringer, aber auch aus fern und nah Angereiste, zogen am Mittwoch, den 11. August 1999, am sp\u00e4ten Vormittag, vor allem auf die (n\u00f6rdlichen) H\u00f6henz\u00fcge, also ... Weiterlesen ...\" \/>\n<meta property=\"og:url\" content=\"https:\/\/eschringen.de\/wordpress\/geschichte\/archiv\/11-08-99-totale-sonnenfinsternis-ueber-eschringen\/\" \/>\n<meta property=\"og:site_name\" content=\"Eschringen\" \/>\n<meta property=\"article:modified_time\" content=\"2022-08-31T07:03:25+00:00\" \/>\n<meta property=\"og:image\" content=\"https:\/\/eschringen.de\/wordpress\/wp-content\/uploads\/2022\/08\/sofi.jpg\" \/>\n<meta name=\"twitter:card\" content=\"summary_large_image\" \/>\n<meta name=\"twitter:label1\" content=\"Gesch\u00e4tzte Lesezeit\" \/>\n\t<meta name=\"twitter:data1\" content=\"3\u00a0Minuten\" \/>\n<script type=\"application\/ld+json\" class=\"yoast-schema-graph\">{\"@context\":\"https:\\\/\\\/schema.org\",\"@graph\":[{\"@type\":\"WebPage\",\"@id\":\"https:\\\/\\\/eschringen.de\\\/wordpress\\\/geschichte\\\/archiv\\\/11-08-99-totale-sonnenfinsternis-ueber-eschringen\\\/\",\"url\":\"https:\\\/\\\/eschringen.de\\\/wordpress\\\/geschichte\\\/archiv\\\/11-08-99-totale-sonnenfinsternis-ueber-eschringen\\\/\",\"name\":\"11.08.1999 - Totale Sonnenfinsternis \u00fcber Eschringen - Eschringen\",\"isPartOf\":{\"@id\":\"https:\\\/\\\/eschringen.de\\\/wordpress\\\/#website\"},\"primaryImageOfPage\":{\"@id\":\"https:\\\/\\\/eschringen.de\\\/wordpress\\\/geschichte\\\/archiv\\\/11-08-99-totale-sonnenfinsternis-ueber-eschringen\\\/#primaryimage\"},\"image\":{\"@id\":\"https:\\\/\\\/eschringen.de\\\/wordpress\\\/geschichte\\\/archiv\\\/11-08-99-totale-sonnenfinsternis-ueber-eschringen\\\/#primaryimage\"},\"thumbnailUrl\":\"https:\\\/\\\/eschringen.de\\\/wordpress\\\/wp-content\\\/uploads\\\/2022\\\/08\\\/sofi.jpg\",\"datePublished\":\"2017-02-24T12:51:34+00:00\",\"dateModified\":\"2022-08-31T07:03:25+00:00\",\"breadcrumb\":{\"@id\":\"https:\\\/\\\/eschringen.de\\\/wordpress\\\/geschichte\\\/archiv\\\/11-08-99-totale-sonnenfinsternis-ueber-eschringen\\\/#breadcrumb\"},\"inLanguage\":\"de\",\"potentialAction\":[{\"@type\":\"ReadAction\",\"target\":[\"https:\\\/\\\/eschringen.de\\\/wordpress\\\/geschichte\\\/archiv\\\/11-08-99-totale-sonnenfinsternis-ueber-eschringen\\\/\"]}]},{\"@type\":\"ImageObject\",\"inLanguage\":\"de\",\"@id\":\"https:\\\/\\\/eschringen.de\\\/wordpress\\\/geschichte\\\/archiv\\\/11-08-99-totale-sonnenfinsternis-ueber-eschringen\\\/#primaryimage\",\"url\":\"https:\\\/\\\/i0.wp.com\\\/eschringen.de\\\/wordpress\\\/wp-content\\\/uploads\\\/2022\\\/08\\\/sofi.jpg?fit=300%2C210&ssl=1\",\"contentUrl\":\"https:\\\/\\\/i0.wp.com\\\/eschringen.de\\\/wordpress\\\/wp-content\\\/uploads\\\/2022\\\/08\\\/sofi.jpg?fit=300%2C210&ssl=1\",\"width\":300,\"height\":210},{\"@type\":\"BreadcrumbList\",\"@id\":\"https:\\\/\\\/eschringen.de\\\/wordpress\\\/geschichte\\\/archiv\\\/11-08-99-totale-sonnenfinsternis-ueber-eschringen\\\/#breadcrumb\",\"itemListElement\":[{\"@type\":\"ListItem\",\"position\":1,\"name\":\"Startseite\",\"item\":\"https:\\\/\\\/eschringen.de\\\/wordpress\\\/\"},{\"@type\":\"ListItem\",\"position\":2,\"name\":\"Geschichte\",\"item\":\"https:\\\/\\\/eschringen.de\\\/wordpress\\\/geschichte\\\/\"},{\"@type\":\"ListItem\",\"position\":3,\"name\":\"Archiv\",\"item\":\"https:\\\/\\\/eschringen.de\\\/wordpress\\\/geschichte\\\/archiv\\\/\"},{\"@type\":\"ListItem\",\"position\":4,\"name\":\"11.08.1999 &#8211; Totale Sonnenfinsternis \u00fcber Eschringen\"}]},{\"@type\":\"WebSite\",\"@id\":\"https:\\\/\\\/eschringen.de\\\/wordpress\\\/#website\",\"url\":\"https:\\\/\\\/eschringen.de\\\/wordpress\\\/\",\"name\":\"Eschringen\",\"description\":\"\",\"publisher\":{\"@id\":\"https:\\\/\\\/eschringen.de\\\/wordpress\\\/#organization\"},\"potentialAction\":[{\"@type\":\"SearchAction\",\"target\":{\"@type\":\"EntryPoint\",\"urlTemplate\":\"https:\\\/\\\/eschringen.de\\\/wordpress\\\/?s={search_term_string}\"},\"query-input\":{\"@type\":\"PropertyValueSpecification\",\"valueRequired\":true,\"valueName\":\"search_term_string\"}}],\"inLanguage\":\"de\"},{\"@type\":\"Organization\",\"@id\":\"https:\\\/\\\/eschringen.de\\\/wordpress\\\/#organization\",\"name\":\"Eschringen\",\"url\":\"https:\\\/\\\/eschringen.de\\\/wordpress\\\/\",\"logo\":{\"@type\":\"ImageObject\",\"inLanguage\":\"de\",\"@id\":\"https:\\\/\\\/eschringen.de\\\/wordpress\\\/#\\\/schema\\\/logo\\\/image\\\/\",\"url\":\"https:\\\/\\\/eschringen.de\\\/wordpress\\\/wp-content\\\/uploads\\\/2017\\\/03\\\/2017_kw15.jpg\",\"contentUrl\":\"https:\\\/\\\/eschringen.de\\\/wordpress\\\/wp-content\\\/uploads\\\/2017\\\/03\\\/2017_kw15.jpg\",\"width\":784,\"height\":447,\"caption\":\"Eschringen\"},\"image\":{\"@id\":\"https:\\\/\\\/eschringen.de\\\/wordpress\\\/#\\\/schema\\\/logo\\\/image\\\/\"}}]}<\/script>\n<!-- \/ Yoast SEO plugin. -->","yoast_head_json":{"title":"11.08.1999 - Totale Sonnenfinsternis \u00fcber Eschringen - Eschringen","robots":{"index":"index","follow":"follow","max-snippet":"max-snippet:-1","max-image-preview":"max-image-preview:large","max-video-preview":"max-video-preview:-1"},"canonical":"https:\/\/eschringen.de\/wordpress\/geschichte\/archiv\/11-08-99-totale-sonnenfinsternis-ueber-eschringen\/","og_locale":"de_DE","og_type":"article","og_title":"11.08.1999 - Totale Sonnenfinsternis \u00fcber Eschringen - Eschringen","og_description":"ein Erlebnisbericht von Roland Schmitt Wohl dem, der jenseits von oder unmittelbar an der alten preu\u00dfisch-bayerischen Landesgrenze einen Standort gesucht hatte, um das Jahrhundertschauspiel am Himmel verfolgen zu k\u00f6nnen! Viele Eschringer, aber auch aus fern und nah Angereiste, zogen am Mittwoch, den 11. August 1999, am sp\u00e4ten Vormittag, vor allem auf die (n\u00f6rdlichen) H\u00f6henz\u00fcge, also ... Weiterlesen ...","og_url":"https:\/\/eschringen.de\/wordpress\/geschichte\/archiv\/11-08-99-totale-sonnenfinsternis-ueber-eschringen\/","og_site_name":"Eschringen","article_modified_time":"2022-08-31T07:03:25+00:00","og_image":[{"url":"https:\/\/eschringen.de\/wordpress\/wp-content\/uploads\/2022\/08\/sofi.jpg","type":"","width":"","height":""}],"twitter_card":"summary_large_image","twitter_misc":{"Gesch\u00e4tzte Lesezeit":"3\u00a0Minuten"},"schema":{"@context":"https:\/\/schema.org","@graph":[{"@type":"WebPage","@id":"https:\/\/eschringen.de\/wordpress\/geschichte\/archiv\/11-08-99-totale-sonnenfinsternis-ueber-eschringen\/","url":"https:\/\/eschringen.de\/wordpress\/geschichte\/archiv\/11-08-99-totale-sonnenfinsternis-ueber-eschringen\/","name":"11.08.1999 - Totale Sonnenfinsternis \u00fcber Eschringen - Eschringen","isPartOf":{"@id":"https:\/\/eschringen.de\/wordpress\/#website"},"primaryImageOfPage":{"@id":"https:\/\/eschringen.de\/wordpress\/geschichte\/archiv\/11-08-99-totale-sonnenfinsternis-ueber-eschringen\/#primaryimage"},"image":{"@id":"https:\/\/eschringen.de\/wordpress\/geschichte\/archiv\/11-08-99-totale-sonnenfinsternis-ueber-eschringen\/#primaryimage"},"thumbnailUrl":"https:\/\/eschringen.de\/wordpress\/wp-content\/uploads\/2022\/08\/sofi.jpg","datePublished":"2017-02-24T12:51:34+00:00","dateModified":"2022-08-31T07:03:25+00:00","breadcrumb":{"@id":"https:\/\/eschringen.de\/wordpress\/geschichte\/archiv\/11-08-99-totale-sonnenfinsternis-ueber-eschringen\/#breadcrumb"},"inLanguage":"de","potentialAction":[{"@type":"ReadAction","target":["https:\/\/eschringen.de\/wordpress\/geschichte\/archiv\/11-08-99-totale-sonnenfinsternis-ueber-eschringen\/"]}]},{"@type":"ImageObject","inLanguage":"de","@id":"https:\/\/eschringen.de\/wordpress\/geschichte\/archiv\/11-08-99-totale-sonnenfinsternis-ueber-eschringen\/#primaryimage","url":"https:\/\/i0.wp.com\/eschringen.de\/wordpress\/wp-content\/uploads\/2022\/08\/sofi.jpg?fit=300%2C210&ssl=1","contentUrl":"https:\/\/i0.wp.com\/eschringen.de\/wordpress\/wp-content\/uploads\/2022\/08\/sofi.jpg?fit=300%2C210&ssl=1","width":300,"height":210},{"@type":"BreadcrumbList","@id":"https:\/\/eschringen.de\/wordpress\/geschichte\/archiv\/11-08-99-totale-sonnenfinsternis-ueber-eschringen\/#breadcrumb","itemListElement":[{"@type":"ListItem","position":1,"name":"Startseite","item":"https:\/\/eschringen.de\/wordpress\/"},{"@type":"ListItem","position":2,"name":"Geschichte","item":"https:\/\/eschringen.de\/wordpress\/geschichte\/"},{"@type":"ListItem","position":3,"name":"Archiv","item":"https:\/\/eschringen.de\/wordpress\/geschichte\/archiv\/"},{"@type":"ListItem","position":4,"name":"11.08.1999 &#8211; Totale Sonnenfinsternis \u00fcber Eschringen"}]},{"@type":"WebSite","@id":"https:\/\/eschringen.de\/wordpress\/#website","url":"https:\/\/eschringen.de\/wordpress\/","name":"Eschringen","description":"","publisher":{"@id":"https:\/\/eschringen.de\/wordpress\/#organization"},"potentialAction":[{"@type":"SearchAction","target":{"@type":"EntryPoint","urlTemplate":"https:\/\/eschringen.de\/wordpress\/?s={search_term_string}"},"query-input":{"@type":"PropertyValueSpecification","valueRequired":true,"valueName":"search_term_string"}}],"inLanguage":"de"},{"@type":"Organization","@id":"https:\/\/eschringen.de\/wordpress\/#organization","name":"Eschringen","url":"https:\/\/eschringen.de\/wordpress\/","logo":{"@type":"ImageObject","inLanguage":"de","@id":"https:\/\/eschringen.de\/wordpress\/#\/schema\/logo\/image\/","url":"https:\/\/eschringen.de\/wordpress\/wp-content\/uploads\/2017\/03\/2017_kw15.jpg","contentUrl":"https:\/\/eschringen.de\/wordpress\/wp-content\/uploads\/2017\/03\/2017_kw15.jpg","width":784,"height":447,"caption":"Eschringen"},"image":{"@id":"https:\/\/eschringen.de\/wordpress\/#\/schema\/logo\/image\/"}}]}},"jetpack_sharing_enabled":true,"_links":{"self":[{"href":"https:\/\/eschringen.de\/wordpress\/wp-json\/wp\/v2\/pages\/1056","targetHints":{"allow":["GET"]}}],"collection":[{"href":"https:\/\/eschringen.de\/wordpress\/wp-json\/wp\/v2\/pages"}],"about":[{"href":"https:\/\/eschringen.de\/wordpress\/wp-json\/wp\/v2\/types\/page"}],"author":[{"embeddable":true,"href":"https:\/\/eschringen.de\/wordpress\/wp-json\/wp\/v2\/users\/1"}],"replies":[{"embeddable":true,"href":"https:\/\/eschringen.de\/wordpress\/wp-json\/wp\/v2\/comments?post=1056"}],"version-history":[{"count":3,"href":"https:\/\/eschringen.de\/wordpress\/wp-json\/wp\/v2\/pages\/1056\/revisions"}],"predecessor-version":[{"id":3940,"href":"https:\/\/eschringen.de\/wordpress\/wp-json\/wp\/v2\/pages\/1056\/revisions\/3940"}],"up":[{"embeddable":true,"href":"https:\/\/eschringen.de\/wordpress\/wp-json\/wp\/v2\/pages\/403"}],"wp:attachment":[{"href":"https:\/\/eschringen.de\/wordpress\/wp-json\/wp\/v2\/media?parent=1056"}],"curies":[{"name":"wp","href":"https:\/\/api.w.org\/{rel}","templated":true}]}}